{"id":991,"date":"2024-07-03T05:57:39","date_gmt":"2024-07-02T22:57:39","guid":{"rendered":"https:\/\/omanivietnam.com\/?post_type=product&#038;p=991"},"modified":"2024-07-28T21:12:03","modified_gmt":"2024-07-28T14:12:03","slug":"aventics-5420935270","status":"publish","type":"product","link":"https:\/\/sipin.com.vn\/index.php\/product\/aventics-5420935270\/","title":{"rendered":"AVENTICS 5420935270"},"content":{"rendered":"<p>AVENTICS 30880 P\/N: 5420935270 AC110V<\/p>\n<ul class=\"product_info\">\n<li>Van \u0111i\u1ec7n t\u1eeb AVENTICS c\u00f3 thi\u1ebft k\u1ebf tr\u1ecdng l\u01b0\u1ee3ng nh\u1eb9, ti\u1ebft ki\u1ec7m kh\u00f4ng gian, v\u1edbi thi\u1ebft k\u1ebf polyme gi\u00fap ch\u1ed1ng \u0103n m\u00f2n .<br \/>\n-L\u01b0u l\u01b0\u1ee3ng cao, l\u00ean \u0111\u1ebfn 0,85 Cv<br \/>\n-Th\u1eddi gian ph\u1ea3n h\u1ed3i ng\u1eafn<br \/>\n-K\u1ebft n\u1ed1i \u0111u\u00f4i th\u00f4ng th\u01b0\u1eddng \u0111\u1ec3 k\u1ebft h\u1ee3p van v\u00e0 ph\u1ee5 ki\u1ec7n<br \/>\n-\u0110\u01b0\u1eddng d\u1eabn kh\u00ed \u0111\u1ea9y v\u00e0o ti\u1ec7n l\u1ee3i, t\u00edch h\u1ee3p<br \/>\n-Ti\u00eau th\u1ee5 \u0111i\u1ec7n n\u0103ng th\u1ea5p<\/li>\n<\/ul>\n<p><strong>H\u00e3ng s\u1ea3n xu\u1ea5t : AVENTICS ( \u0110\u1ee9c )<\/strong><\/p>\n<p><strong>Th\u00f4ng s\u1ed1 k\u1ef9 thu\u1eadt :<\/strong><\/p>\n<p>Dung sai \u0111i\u1ec7n \u00e1p DC \u00b1 10%<\/p>\n<p>60 Hz AC &#8211; 10% + 15%<\/p>\n<p>50 Hz AC &#8211; 15% + 10%<\/p>\n<p>Ti\u00eau th\u1ee5 \u0111i\u1ec7n n\u0103ng khi kh\u00f4ng c\u00f3 \u0111\u00e8n LED :\u00a0 \u00a0 1.6 W<\/p>\n<p>24 V DC with LED-indic.\u00a0 \u00a0 \u00a0 \u00a0 \u00a0 \u00a0 \u00a0 :\u00a0 \u00a0 \u00a01.7 W<\/p>\n<p>Ngu\u1ed3n \u0111i\u1ec7n kh\u1edfi \u0111\u1ed9ng\u00a0 \u00a0 \u00a0 \u00a0 \u00a0 \u00a0 \u00a0 \u00a0 \u00a0 \u00a0 \u00a0 \u00a0 \u00a0 \u00a0 \u00a0 : 220 V AC 50\/60 Hz 3.1 \/ 2.7 VA<\/p>\n<p>Ngu\u1ed3n \u0111i\u1ec7n gi\u1eef\u00a0 \u00a0 \u00a0 \u00a0 \u00a0 \u00a0 \u00a0 \u00a0 \u00a0 \u00a0 \u00a0 \u00a0 \u00a0 \u00a0 \u00a0 \u00a0 \u00a0 \u00a0 \u00a0 \u00a0 : 220 V AC 50\/60 Hz 2,2 \/ 1,9 VA<\/p>\n<p>Insulation class\u00a0 \u00a0 \u00a0 \u00a0 \u00a0 \u00a0 \u00a0 \u00a0 \u00a0 \u00a0 \u00a0 \u00a0 \u00a0 \u00a0 \u00a0 \u00a0 \u00a0 \u00a0 \u00a0 \u00a0 : B to VDE 0580<\/p>\n<p>Protection with el. connector\u00a0 \u00a0 \u00a0 \u00a0 \u00a0 \u00a0 \u00a0 \u00a0 \u00a0 \u00a0:\u00a0IP 65 \u0111\u1ebfn IEC 529 (DIN VDE 0470) (NEMA 4)<\/p>\n<p>Duty cycle\u00a0 \u00a0 \u00a0 \u00a0 \u00a0 \u00a0 \u00a0 \u00a0 \u00a0 \u00a0 \u00a0 \u00a0 \u00a0 \u00a0 \u00a0 \u00a0 \u00a0 \u00a0 \u00a0 \u00a0 \u00a0 \u00a0 \u00a0 \u00a0 : 100 %<br \/>\nSwitching times\u00a0 \u00a0 \u00a0 \u00a0 \u00a0 \u00a0 \u00a0 \u00a0 \u00a0 \u00a0 \u00a0 \u00a0 \u00a0 \u00a0 \u00a0 \u00a0 \u00a0 \u00a0 \u00a0 \u00a0:\u00a0tF fill 18 ms<\/p>\n<p>tE exhaust 16 ms<\/p>\n<p>&nbsp;<\/p>\n<p>Model List van\u00a0AVENTICS\u00a05420930220,\u00a00820056101,\u00a00820056501,\u00a00820056052,\u00a00820038126,\u00a00820037907<\/p>\n<p>&nbsp;<\/p>\n<p>\u0110\u1ea1i l\u00fd AVENTICS vietnam, AVENTICS viet nam, AVENTICS vietnam distributor, Ph\u00e2n ph\u1ed1i AVENTICS t\u1ea1i vi\u1ec7t nam<\/p>\n<p>\u0110\u1ea1i l\u00fd AVENTICS vietnam, AVENTICS viet nam, AVENTICS vietnam distributor, Ph\u00e2n ph\u1ed1i AVENTICS t\u1ea1i vi\u1ec7t nam<\/p>\n<p>\u0110\u1ea1i l\u00fd AVENTICS vietnam, AVENTICS viet nam, AVENTICS vietnam distributor, Ph\u00e2n ph\u1ed1i AVENTICS t\u1ea1i vi\u1ec7t nam<\/p>\n<p>\u0110\u1ea1i l\u00fd AVENTICS vietnam, AVENTICS viet nam, AVENTICS vietnam distributor, Ph\u00e2n ph\u1ed1i AVENTICS t\u1ea1i vi\u1ec7t nam<\/p>\n<p>\u0110\u1ea1i l\u00fd AVENTICS vietnam, AVENTICS viet nam, AVENTICS vietnam distributor, Ph\u00e2n ph\u1ed1i AVENTICS t\u1ea1i vi\u1ec7t nam<\/p>\n","protected":false},"excerpt":{"rendered":"<p>AVENTICS 30880 P\/N: 5420935270 AC110V Van \u0111i\u1ec7n t\u1eeb AVENTICS c\u00f3 thi\u1ebft k\u1ebf tr\u1ecdng l\u01b0\u1ee3ng nh\u1eb9, ti\u1ebft ki\u1ec7m kh\u00f4ng gian, v\u1edbi thi\u1ebft k\u1ebf polyme gi\u00fap ch\u1ed1ng \u0103n m\u00f2n . -L\u01b0u l\u01b0\u1ee3ng cao, l\u00ean \u0111\u1ebfn 0,85 Cv -Th\u1eddi gian ph\u1ea3n h\u1ed3i ng\u1eafn -K\u1ebft n\u1ed1i \u0111u\u00f4i th\u00f4ng th\u01b0\u1eddng \u0111\u1ec3 k\u1ebft h\u1ee3p van v\u00e0&hellip; <\/p>\n","protected":false},"featured_media":992,"comment_status":"open","ping_status":"closed","template":"","meta":{"om_disable_all_campaigns":false,"_monsterinsights_skip_tracking":false,"_monsterinsights_sitenote_active":false,"_monsterinsights_sitenote_note":"","_monsterinsights_sitenote_category":0},"product_cat":[15],"product_tag":[264,265,102],"class_list":{"0":"post-991","1":"product","2":"type-product","3":"status-publish","4":"has-post-thumbnail","6":"product_cat-apex","7":"product_tag-aventics-viet-nam","8":"product_tag-dai-ly-aventics-viet-nam","9":"product_tag-van-khi-nen","11":"first","12":"instock","13":"shipping-taxable","14":"product-type-simple"},"aioseo_notices":[],"yoast_head":"<!-- This site is optimized with the Yoast SEO plugin v22.8 - https:\/\/yoast.com\/wordpress\/plugins\/seo\/ -->\n<title>AVENTICS 5420935270 - OMANI VI\u1ec6T NAM<\/title>\n<meta name=\"robots\" content=\"index, follow, max-snippet:-1, max-image-preview:large, max-video-preview:-1\" \/>\n<link rel=\"canonical\" href=\"https:\/\/sipin.com.vn\/index.php\/product\/aventics-5420935270\/\" \/>\n<meta property=\"og:locale\" content=\"vi_VN\" \/>\n<meta property=\"og:type\" content=\"article\" \/>\n<meta property=\"og:title\" content=\"AVENTICS 5420935270 - OMANI VI\u1ec6T NAM\" \/>\n<meta property=\"og:description\" content=\"AVENTICS 30880 P\/N: 5420935270 AC110V Van \u0111i\u1ec7n t\u1eeb AVENTICS c\u00f3 thi\u1ebft k\u1ebf tr\u1ecdng l\u01b0\u1ee3ng nh\u1eb9, ti\u1ebft ki\u1ec7m kh\u00f4ng gian, v\u1edbi thi\u1ebft k\u1ebf polyme gi\u00fap ch\u1ed1ng \u0103n m\u00f2n . -L\u01b0u l\u01b0\u1ee3ng cao, l\u00ean \u0111\u1ebfn 0,85 Cv -Th\u1eddi gian ph\u1ea3n h\u1ed3i ng\u1eafn -K\u1ebft n\u1ed1i \u0111u\u00f4i th\u00f4ng th\u01b0\u1eddng \u0111\u1ec3 k\u1ebft h\u1ee3p van v\u00e0&hellip;\" \/>\n<meta property=\"og:url\" content=\"https:\/\/sipin.com.vn\/index.php\/product\/aventics-5420935270\/\" \/>\n<meta property=\"og:site_name\" content=\"OMANI VI\u1ec6T NAM\" \/>\n<meta property=\"article:modified_time\" content=\"2024-07-28T14:12:03+00:00\" \/>\n<meta property=\"og:image\" content=\"https:\/\/sipin.com.vn\/wp-content\/uploads\/2024\/07\/screenshot_1719958890.png\" \/>\n\t<meta property=\"og:image:width\" content=\"539\" \/>\n\t<meta property=\"og:image:height\" content=\"596\" \/>\n\t<meta property=\"og:image:type\" content=\"image\/png\" \/>\n<meta name=\"twitter:card\" content=\"summary_large_image\" \/>\n<meta name=\"twitter:label1\" content=\"\u01af\u1edbc t\u00ednh th\u1eddi gian \u0111\u1ecdc\" \/>\n\t<meta name=\"twitter:data1\" content=\"2 ph\u00fat\" \/>\n<script type=\"application\/ld+json\" class=\"yoast-schema-graph\">{\"@context\":\"https:\/\/schema.org\",\"@graph\":[{\"@type\":\"WebPage\",\"@id\":\"https:\/\/sipin.com.vn\/index.php\/product\/aventics-5420935270\/\",\"url\":\"https:\/\/sipin.com.vn\/index.php\/product\/aventics-5420935270\/\",\"name\":\"AVENTICS 5420935270 - OMANI VI\u1ec6T NAM\",\"isPartOf\":{\"@id\":\"https:\/\/sipin.com.vn\/#website\"},\"primaryImageOfPage\":{\"@id\":\"https:\/\/sipin.com.vn\/index.php\/product\/aventics-5420935270\/#primaryimage\"},\"image\":{\"@id\":\"https:\/\/sipin.com.vn\/index.php\/product\/aventics-5420935270\/#primaryimage\"},\"thumbnailUrl\":\"https:\/\/sipin.com.vn\/wp-content\/uploads\/2024\/07\/screenshot_1719958890.png\",\"datePublished\":\"2024-07-02T22:57:39+00:00\",\"dateModified\":\"2024-07-28T14:12:03+00:00\",\"breadcrumb\":{\"@id\":\"https:\/\/sipin.com.vn\/index.php\/product\/aventics-5420935270\/#breadcrumb\"},\"inLanguage\":\"vi\",\"potentialAction\":[{\"@type\":\"ReadAction\",\"target\":[\"https:\/\/sipin.com.vn\/index.php\/product\/aventics-5420935270\/\"]}]},{\"@type\":\"ImageObject\",\"inLanguage\":\"vi\",\"@id\":\"https:\/\/sipin.com.vn\/index.php\/product\/aventics-5420935270\/#primaryimage\",\"url\":\"https:\/\/sipin.com.vn\/wp-content\/uploads\/2024\/07\/screenshot_1719958890.png\",\"contentUrl\":\"https:\/\/sipin.com.vn\/wp-content\/uploads\/2024\/07\/screenshot_1719958890.png\",\"width\":539,\"height\":596},{\"@type\":\"BreadcrumbList\",\"@id\":\"https:\/\/sipin.com.vn\/index.php\/product\/aventics-5420935270\/#breadcrumb\",\"itemListElement\":[{\"@type\":\"ListItem\",\"position\":1,\"name\":\"Home\",\"item\":\"https:\/\/sipin.com.vn\/\"},{\"@type\":\"ListItem\",\"position\":2,\"name\":\"S\u1ea2N PH\u1ea8M\",\"item\":\"https:\/\/sipin.com.vn\/index.php\/cua-hang\/\"},{\"@type\":\"ListItem\",\"position\":3,\"name\":\"AVENTICS 5420935270\"}]},{\"@type\":\"WebSite\",\"@id\":\"https:\/\/sipin.com.vn\/#website\",\"url\":\"https:\/\/sipin.com.vn\/\",\"name\":\"OMANI VI\u1ec6T NAM\",\"description\":\"Nh\u00e0 ph\u00e2n ph\u1ed1i thi\u1ebft b\u1ecb kh\u00ed n\u00e9n v\u00e0 thi\u1ebft b\u1ecb t\u1ef1 \u0111\u1ed9ng h\u00f3a trong c\u00f4ng nghi\u1ec7p\",\"publisher\":{\"@id\":\"https:\/\/sipin.com.vn\/#\/schema\/person\/0ad398a980dc3fd696111c2c5c8fa897\"},\"potentialAction\":[{\"@type\":\"SearchAction\",\"target\":{\"@type\":\"EntryPoint\",\"urlTemplate\":\"https:\/\/sipin.com.vn\/?s={search_term_string}\"},\"query-input\":\"required name=search_term_string\"}],\"inLanguage\":\"vi\"},{\"@type\":[\"Person\",\"Organization\"],\"@id\":\"https:\/\/sipin.com.vn\/#\/schema\/person\/0ad398a980dc3fd696111c2c5c8fa897\",\"name\":\"Nguy\u1ec5n V\u0103n Kh\u00e1nh\",\"image\":{\"@type\":\"ImageObject\",\"inLanguage\":\"vi\",\"@id\":\"https:\/\/sipin.com.vn\/#\/schema\/person\/image\/\",\"url\":\"https:\/\/sipin.com.vn\/wp-content\/uploads\/2024\/06\/logo-1024x1024.png\",\"contentUrl\":\"https:\/\/sipin.com.vn\/wp-content\/uploads\/2024\/06\/logo-1024x1024.png\",\"width\":1024,\"height\":1024,\"caption\":\"Nguy\u1ec5n V\u0103n Kh\u00e1nh\"},\"logo\":{\"@id\":\"https:\/\/sipin.com.vn\/#\/schema\/person\/image\/\"},\"sameAs\":[\"https:\/\/sipin.com.vn\"]}]}<\/script>\n<!-- \/ Yoast SEO plugin. -->","yoast_head_json":{"title":"AVENTICS 5420935270 - OMANI VI\u1ec6T NAM","robots":{"index":"index","follow":"follow","max-snippet":"max-snippet:-1","max-image-preview":"max-image-preview:large","max-video-preview":"max-video-preview:-1"},"canonical":"https:\/\/sipin.com.vn\/index.php\/product\/aventics-5420935270\/","og_locale":"vi_VN","og_type":"article","og_title":"AVENTICS 5420935270 - OMANI VI\u1ec6T NAM","og_description":"AVENTICS 30880 P\/N: 5420935270 AC110V Van \u0111i\u1ec7n t\u1eeb AVENTICS c\u00f3 thi\u1ebft k\u1ebf tr\u1ecdng l\u01b0\u1ee3ng nh\u1eb9, ti\u1ebft ki\u1ec7m kh\u00f4ng gian, v\u1edbi thi\u1ebft k\u1ebf polyme gi\u00fap ch\u1ed1ng \u0103n m\u00f2n . -L\u01b0u l\u01b0\u1ee3ng cao, l\u00ean \u0111\u1ebfn 0,85 Cv -Th\u1eddi gian ph\u1ea3n h\u1ed3i ng\u1eafn -K\u1ebft n\u1ed1i \u0111u\u00f4i th\u00f4ng th\u01b0\u1eddng \u0111\u1ec3 k\u1ebft h\u1ee3p van v\u00e0&hellip;","og_url":"https:\/\/sipin.com.vn\/index.php\/product\/aventics-5420935270\/","og_site_name":"OMANI VI\u1ec6T NAM","article_modified_time":"2024-07-28T14:12:03+00:00","og_image":[{"width":539,"height":596,"url":"https:\/\/sipin.com.vn\/wp-content\/uploads\/2024\/07\/screenshot_1719958890.png","type":"image\/png"}],"twitter_card":"summary_large_image","twitter_misc":{"\u01af\u1edbc t\u00ednh th\u1eddi gian \u0111\u1ecdc":"2 ph\u00fat"},"schema":{"@context":"https:\/\/schema.org","@graph":[{"@type":"WebPage","@id":"https:\/\/sipin.com.vn\/index.php\/product\/aventics-5420935270\/","url":"https:\/\/sipin.com.vn\/index.php\/product\/aventics-5420935270\/","name":"AVENTICS 5420935270 - OMANI VI\u1ec6T NAM","isPartOf":{"@id":"https:\/\/sipin.com.vn\/#website"},"primaryImageOfPage":{"@id":"https:\/\/sipin.com.vn\/index.php\/product\/aventics-5420935270\/#primaryimage"},"image":{"@id":"https:\/\/sipin.com.vn\/index.php\/product\/aventics-5420935270\/#primaryimage"},"thumbnailUrl":"https:\/\/sipin.com.vn\/wp-content\/uploads\/2024\/07\/screenshot_1719958890.png","datePublished":"2024-07-02T22:57:39+00:00","dateModified":"2024-07-28T14:12:03+00:00","breadcrumb":{"@id":"https:\/\/sipin.com.vn\/index.php\/product\/aventics-5420935270\/#breadcrumb"},"inLanguage":"vi","potentialAction":[{"@type":"ReadAction","target":["https:\/\/sipin.com.vn\/index.php\/product\/aventics-5420935270\/"]}]},{"@type":"ImageObject","inLanguage":"vi","@id":"https:\/\/sipin.com.vn\/index.php\/product\/aventics-5420935270\/#primaryimage","url":"https:\/\/sipin.com.vn\/wp-content\/uploads\/2024\/07\/screenshot_1719958890.png","contentUrl":"https:\/\/sipin.com.vn\/wp-content\/uploads\/2024\/07\/screenshot_1719958890.png","width":539,"height":596},{"@type":"BreadcrumbList","@id":"https:\/\/sipin.com.vn\/index.php\/product\/aventics-5420935270\/#breadcrumb","itemListElement":[{"@type":"ListItem","position":1,"name":"Home","item":"https:\/\/sipin.com.vn\/"},{"@type":"ListItem","position":2,"name":"S\u1ea2N PH\u1ea8M","item":"https:\/\/sipin.com.vn\/index.php\/cua-hang\/"},{"@type":"ListItem","position":3,"name":"AVENTICS 5420935270"}]},{"@type":"WebSite","@id":"https:\/\/sipin.com.vn\/#website","url":"https:\/\/sipin.com.vn\/","name":"OMANI VI\u1ec6T NAM","description":"Nh\u00e0 ph\u00e2n ph\u1ed1i thi\u1ebft b\u1ecb kh\u00ed n\u00e9n v\u00e0 thi\u1ebft b\u1ecb t\u1ef1 \u0111\u1ed9ng h\u00f3a trong c\u00f4ng nghi\u1ec7p","publisher":{"@id":"https:\/\/sipin.com.vn\/#\/schema\/person\/0ad398a980dc3fd696111c2c5c8fa897"},"potentialAction":[{"@type":"SearchAction","target":{"@type":"EntryPoint","urlTemplate":"https:\/\/sipin.com.vn\/?s={search_term_string}"},"query-input":"required name=search_term_string"}],"inLanguage":"vi"},{"@type":["Person","Organization"],"@id":"https:\/\/sipin.com.vn\/#\/schema\/person\/0ad398a980dc3fd696111c2c5c8fa897","name":"Nguy\u1ec5n V\u0103n Kh\u00e1nh","image":{"@type":"ImageObject","inLanguage":"vi","@id":"https:\/\/sipin.com.vn\/#\/schema\/person\/image\/","url":"https:\/\/sipin.com.vn\/wp-content\/uploads\/2024\/06\/logo-1024x1024.png","contentUrl":"https:\/\/sipin.com.vn\/wp-content\/uploads\/2024\/06\/logo-1024x1024.png","width":1024,"height":1024,"caption":"Nguy\u1ec5n V\u0103n Kh\u00e1nh"},"logo":{"@id":"https:\/\/sipin.com.vn\/#\/schema\/person\/image\/"},"sameAs":["https:\/\/sipin.com.vn"]}]}},"_links":{"self":[{"href":"https:\/\/sipin.com.vn\/index.php\/wp-json\/wp\/v2\/product\/991","targetHints":{"allow":["GET"]}}],"collection":[{"href":"https:\/\/sipin.com.vn\/index.php\/wp-json\/wp\/v2\/product"}],"about":[{"href":"https:\/\/sipin.com.vn\/index.php\/wp-json\/wp\/v2\/types\/product"}],"replies":[{"embeddable":true,"href":"https:\/\/sipin.com.vn\/index.php\/wp-json\/wp\/v2\/comments?post=991"}],"wp:featuredmedia":[{"embeddable":true,"href":"https:\/\/sipin.com.vn\/index.php\/wp-json\/wp\/v2\/media\/992"}],"wp:attachment":[{"href":"https:\/\/sipin.com.vn\/index.php\/wp-json\/wp\/v2\/media?parent=991"}],"wp:term":[{"taxonomy":"product_cat","embeddable":true,"href":"https:\/\/sipin.com.vn\/index.php\/wp-json\/wp\/v2\/product_cat?post=991"},{"taxonomy":"product_tag","embeddable":true,"href":"https:\/\/sipin.com.vn\/index.php\/wp-json\/wp\/v2\/product_tag?post=991"}],"curies":[{"name":"wp","href":"https:\/\/api.w.org\/{rel}","templated":true}]}}