{"id":981,"date":"2024-07-02T04:33:31","date_gmt":"2024-07-01T21:33:31","guid":{"rendered":"https:\/\/omanivietnam.com\/?post_type=product&#038;p=981"},"modified":"2024-07-28T21:09:36","modified_gmt":"2024-07-28T14:09:36","slug":"beckhoff-bk3120","status":"publish","type":"product","link":"https:\/\/sipin.com.vn\/index.php\/product\/beckhoff-bk3120\/","title":{"rendered":"BECKHOFF BK3120"},"content":{"rendered":"<p>BECKHOFF BK3120<\/p>\n<p>BK3120 | PROFIBUS Economy plus Bus Coupler<\/p>\n<p class=\"Copy_text_without_indent\">The Economy plus version extends the existing Profibus Bus Coupler series BK3xx0. The K-bus extension technology allows the connection of up to 255 spatially distributed Bus Terminals to one Bus Coupler. The BK3120 has been designed to accommodate automation requirements. The PROFIBUS protocols omit FMS operation in order to be able to transfer more user data in DP mode, which for this Bus Coupler type can be 128 byte inputs and 128 byte outputs. The BK3120 incorporates the PROFIBUS DP V1 services. These services allow direct access to the Bus Coupler register and the complex Bus Terminals in order, for example, to change the parameterization or to set\/correct limit values for analog Bus Terminals.<\/p>\n<p class=\"Copy_text\">Baud rates of up to 12\u00a0Mbaud are automatically recognized by the Bus Coupler, allowing the transmission speed to be adapted to meet the needs of the particular technical process.<\/p>\n<table class=\"product-table\">\n<tbody>\n<tr>\n<td>Number of Bus Terminals<\/td>\n<td>64 (255 with K-bus extension)<\/td>\n<\/tr>\n<tr>\n<td>Max. number of bytes fieldbus<\/td>\n<td>128 byte input and 128 byte output<\/td>\n<\/tr>\n<tr>\n<td>Data transfer rates<\/td>\n<td>automatic detection up to 12 Mbaud<\/td>\n<\/tr>\n<tr>\n<td>Bus interface<\/td>\n<td>1 x D-sub 9-pin socket with shielding<\/td>\n<\/tr>\n<tr>\n<td>Data transfer medium<\/td>\n<td>shielded copper cable, 2 x 0.25 mm\u00b2<\/td>\n<\/tr>\n<tr>\n<td>Power supply<\/td>\n<td>24 V DC (-15%\/+20%)<\/td>\n<\/tr>\n<tr>\n<td>Input current<\/td>\n<td>70 mA + (total K-bus current)\/4, 500\u00a0mA max.<\/td>\n<\/tr>\n<tr>\n<td>Current supply K-bus<\/td>\n<td>1750 mA<\/td>\n<\/tr>\n<tr>\n<td>Power contacts<\/td>\n<td>max. 24 V DC\/max. 10 A<\/td>\n<\/tr>\n<tr>\n<td>Electrical isolation<\/td>\n<td>500 V (power contact\/supply voltage\/fieldbus)<\/td>\n<\/tr>\n<tr>\n<td>Weight<\/td>\n<td>approx. 170 g<\/td>\n<\/tr>\n<tr>\n<td>Operating\/storage temperature<\/td>\n<td>-25\u2026+60\u00b0C\/-40\u2026+85\u00b0C<\/td>\n<\/tr>\n<tr>\n<td>Relative humidity<\/td>\n<td>95%, no condensation<\/td>\n<\/tr>\n<tr>\n<td>Vibration\/shock resistance<\/td>\n<td>conforms to EN 60068-2-6\/EN 60068-2-27<\/td>\n<\/tr>\n<tr>\n<td>EMC immunity\/emission<\/td>\n<td>conforms to EN 61000-6-2\/EN 61000-6-4<\/td>\n<\/tr>\n<tr>\n<td>Protect. rating\/installation pos.<\/td>\n<td>IP20\/variable<\/td>\n<\/tr>\n<tr>\n<td>Approvals\/markings<\/td>\n<td>CE, UL, ATEX, IECEx, DNV GL, cFMus<\/td>\n<\/tr>\n<tr>\n<td>Ex marking<\/td>\n<td>ATEX: II 3 G Ex ec IIC T4 Gc<br \/>\nIECEx: Ex ec IIC T4 Gc<\/td>\n<\/tr>\n<\/tbody>\n<\/table>\n<p>&nbsp;<\/p>\n<div class=\"table-rwd\">\n<table class=\"product-table\">\n<thead>\n<tr>\n<th>Housing data<\/th>\n<th>BKxxxx, BCxxxx<\/th>\n<\/tr>\n<\/thead>\n<tbody>\n<tr>\n<td>Design form<\/td>\n<td>compact terminal housing with signal LEDs<\/td>\n<\/tr>\n<tr>\n<td>Material<\/td>\n<td>polycarbonate<\/td>\n<\/tr>\n<tr>\n<td>Dimensions (W x H x D)<\/td>\n<td>51 mm x 100 mm x 69 mm<\/td>\n<\/tr>\n<tr>\n<td>Installation<\/td>\n<td>on 35 mm DIN rail, conforming to EN 60715 with lock<\/td>\n<\/tr>\n<tr>\n<td>Side by side mounting by means of<\/td>\n<td>double slot and key connection<\/td>\n<\/tr>\n<tr>\n<td>Marking<\/td>\n<td>labeling of the BZxxx series<\/td>\n<\/tr>\n<tr>\n<td>Wiring<\/td>\n<td>solid conductor (s), flexible conductor (st) and ferrule (f): spring actuation by screwdriver<\/td>\n<\/tr>\n<tr>\n<td>Connection cross-section<\/td>\n<td>s*: 0.08\u20262.5\u00a0mm\u00b2,<br \/>\nst*: 0.08\u20262.5\u00a0mm\u00b2,<br \/>\nf*: 0.14\u20261.5\u00a0mm\u00b2<\/td>\n<\/tr>\n<tr>\n<td>Stripping length<\/td>\n<td>8\u20269 mm<\/td>\n<\/tr>\n<tr>\n<td>Current load power contacts<\/td>\n<td>I<sub>max<\/sub>: 10 A<\/td>\n<\/tr>\n<\/tbody>\n<\/table>\n<\/div>\n<div class=\"block-content block-context block-footnote\">\n<div class=\"text\">\n<p>*s: solid wire; st: stranded wire; f: with ferrule<\/p>\n<\/div>\n<p>\u0110\u1ea1i l\u00fd BECKHOFF vietnam, BECKHOFF viet nam, BECKHOFF vietnam distributor, Ph\u00e2n ph\u1ed1i BECKHOFF t\u1ea1i vi\u1ec7t nam<\/p>\n<p>\u0110\u1ea1i l\u00fd BECKHOFF vietnam, BECKHOFF viet nam, BECKHOFF vietnam distributor, Ph\u00e2n ph\u1ed1i BECKHOFF t\u1ea1i vi\u1ec7t nam<\/p>\n<p>\u0110\u1ea1i l\u00fd BECKHOFF vietnam, BECKHOFF viet nam, BECKHOFF vietnam distributor, Ph\u00e2n ph\u1ed1i BECKHOFF t\u1ea1i vi\u1ec7t nam<\/p>\n<p>\u0110\u1ea1i l\u00fd BECKHOFF vietnam, BECKHOFF viet nam, BECKHOFF vietnam distributor, Ph\u00e2n ph\u1ed1i BECKHOFF t\u1ea1i vi\u1ec7t nam<\/p>\n<p>\u0110\u1ea1i l\u00fd BECKHOFF vietnam, BECKHOFF viet nam, BECKHOFF vietnam distributor, Ph\u00e2n ph\u1ed1i BECKHOFF t\u1ea1i vi\u1ec7t nam<\/p>\n<\/div>\n","protected":false},"excerpt":{"rendered":"<p>BECKHOFF BK3120 BK3120 | PROFIBUS Economy plus Bus Coupler The Economy plus version extends the existing Profibus Bus Coupler series BK3xx0. The K-bus extension technology allows the connection of up to 255 spatially distributed Bus Terminals to one Bus Coupler. The BK3120 has been designed to accommodate automation requirements. The&hellip; <\/p>\n","protected":false},"featured_media":982,"comment_status":"open","ping_status":"closed","template":"","meta":{"om_disable_all_campaigns":false,"_monsterinsights_skip_tracking":false,"_monsterinsights_sitenote_active":false,"_monsterinsights_sitenote_note":"","_monsterinsights_sitenote_category":0},"product_cat":[15],"product_tag":[262,263,159],"class_list":{"0":"post-981","1":"product","2":"type-product","3":"status-publish","4":"has-post-thumbnail","6":"product_cat-apex","7":"product_tag-beckhoff-viet-nam","8":"product_tag-dai-ly-beckhoff-viet-nam","9":"product_tag-mo-dun","11":"first","12":"instock","13":"shipping-taxable","14":"product-type-simple"},"aioseo_notices":[],"yoast_head":"<!-- This site is optimized with the Yoast SEO plugin v22.8 - https:\/\/yoast.com\/wordpress\/plugins\/seo\/ -->\n<title>BECKHOFF BK3120 - OMANI VI\u1ec6T NAM<\/title>\n<meta name=\"robots\" content=\"index, follow, max-snippet:-1, max-image-preview:large, max-video-preview:-1\" \/>\n<link rel=\"canonical\" href=\"https:\/\/sipin.com.vn\/index.php\/product\/beckhoff-bk3120\/\" \/>\n<meta property=\"og:locale\" content=\"vi_VN\" \/>\n<meta property=\"og:type\" content=\"article\" \/>\n<meta property=\"og:title\" content=\"BECKHOFF BK3120 - OMANI VI\u1ec6T NAM\" \/>\n<meta property=\"og:description\" content=\"BECKHOFF BK3120 BK3120 | PROFIBUS Economy plus Bus Coupler The Economy plus version extends the existing Profibus Bus Coupler series BK3xx0. The K-bus extension technology allows the connection of up to 255 spatially distributed Bus Terminals to one Bus Coupler. The BK3120 has been designed to accommodate automation requirements. The&hellip;\" \/>\n<meta property=\"og:url\" content=\"https:\/\/sipin.com.vn\/index.php\/product\/beckhoff-bk3120\/\" \/>\n<meta property=\"og:site_name\" content=\"OMANI VI\u1ec6T NAM\" \/>\n<meta property=\"article:modified_time\" content=\"2024-07-28T14:09:36+00:00\" \/>\n<meta property=\"og:image\" content=\"https:\/\/sipin.com.vn\/wp-content\/uploads\/2024\/07\/BK3120.png\" \/>\n\t<meta property=\"og:image:width\" content=\"637\" \/>\n\t<meta property=\"og:image:height\" content=\"472\" \/>\n\t<meta property=\"og:image:type\" content=\"image\/png\" \/>\n<meta name=\"twitter:card\" content=\"summary_large_image\" \/>\n<meta name=\"twitter:label1\" content=\"\u01af\u1edbc t\u00ednh th\u1eddi gian \u0111\u1ecdc\" \/>\n\t<meta name=\"twitter:data1\" content=\"3 ph\u00fat\" \/>\n<script type=\"application\/ld+json\" class=\"yoast-schema-graph\">{\"@context\":\"https:\/\/schema.org\",\"@graph\":[{\"@type\":\"WebPage\",\"@id\":\"https:\/\/sipin.com.vn\/index.php\/product\/beckhoff-bk3120\/\",\"url\":\"https:\/\/sipin.com.vn\/index.php\/product\/beckhoff-bk3120\/\",\"name\":\"BECKHOFF BK3120 - OMANI VI\u1ec6T NAM\",\"isPartOf\":{\"@id\":\"https:\/\/sipin.com.vn\/#website\"},\"primaryImageOfPage\":{\"@id\":\"https:\/\/sipin.com.vn\/index.php\/product\/beckhoff-bk3120\/#primaryimage\"},\"image\":{\"@id\":\"https:\/\/sipin.com.vn\/index.php\/product\/beckhoff-bk3120\/#primaryimage\"},\"thumbnailUrl\":\"https:\/\/sipin.com.vn\/wp-content\/uploads\/2024\/07\/BK3120.png\",\"datePublished\":\"2024-07-01T21:33:31+00:00\",\"dateModified\":\"2024-07-28T14:09:36+00:00\",\"breadcrumb\":{\"@id\":\"https:\/\/sipin.com.vn\/index.php\/product\/beckhoff-bk3120\/#breadcrumb\"},\"inLanguage\":\"vi\",\"potentialAction\":[{\"@type\":\"ReadAction\",\"target\":[\"https:\/\/sipin.com.vn\/index.php\/product\/beckhoff-bk3120\/\"]}]},{\"@type\":\"ImageObject\",\"inLanguage\":\"vi\",\"@id\":\"https:\/\/sipin.com.vn\/index.php\/product\/beckhoff-bk3120\/#primaryimage\",\"url\":\"https:\/\/sipin.com.vn\/wp-content\/uploads\/2024\/07\/BK3120.png\",\"contentUrl\":\"https:\/\/sipin.com.vn\/wp-content\/uploads\/2024\/07\/BK3120.png\",\"width\":637,\"height\":472},{\"@type\":\"BreadcrumbList\",\"@id\":\"https:\/\/sipin.com.vn\/index.php\/product\/beckhoff-bk3120\/#breadcrumb\",\"itemListElement\":[{\"@type\":\"ListItem\",\"position\":1,\"name\":\"Home\",\"item\":\"https:\/\/sipin.com.vn\/\"},{\"@type\":\"ListItem\",\"position\":2,\"name\":\"S\u1ea2N PH\u1ea8M\",\"item\":\"https:\/\/sipin.com.vn\/index.php\/cua-hang\/\"},{\"@type\":\"ListItem\",\"position\":3,\"name\":\"BECKHOFF BK3120\"}]},{\"@type\":\"WebSite\",\"@id\":\"https:\/\/sipin.com.vn\/#website\",\"url\":\"https:\/\/sipin.com.vn\/\",\"name\":\"OMANI VI\u1ec6T NAM\",\"description\":\"Nh\u00e0 ph\u00e2n ph\u1ed1i thi\u1ebft b\u1ecb kh\u00ed n\u00e9n v\u00e0 thi\u1ebft b\u1ecb t\u1ef1 \u0111\u1ed9ng h\u00f3a trong c\u00f4ng nghi\u1ec7p\",\"publisher\":{\"@id\":\"https:\/\/sipin.com.vn\/#\/schema\/person\/0ad398a980dc3fd696111c2c5c8fa897\"},\"potentialAction\":[{\"@type\":\"SearchAction\",\"target\":{\"@type\":\"EntryPoint\",\"urlTemplate\":\"https:\/\/sipin.com.vn\/?s={search_term_string}\"},\"query-input\":\"required name=search_term_string\"}],\"inLanguage\":\"vi\"},{\"@type\":[\"Person\",\"Organization\"],\"@id\":\"https:\/\/sipin.com.vn\/#\/schema\/person\/0ad398a980dc3fd696111c2c5c8fa897\",\"name\":\"Nguy\u1ec5n V\u0103n Kh\u00e1nh\",\"image\":{\"@type\":\"ImageObject\",\"inLanguage\":\"vi\",\"@id\":\"https:\/\/sipin.com.vn\/#\/schema\/person\/image\/\",\"url\":\"https:\/\/sipin.com.vn\/wp-content\/uploads\/2024\/06\/logo-1024x1024.png\",\"contentUrl\":\"https:\/\/sipin.com.vn\/wp-content\/uploads\/2024\/06\/logo-1024x1024.png\",\"width\":1024,\"height\":1024,\"caption\":\"Nguy\u1ec5n V\u0103n Kh\u00e1nh\"},\"logo\":{\"@id\":\"https:\/\/sipin.com.vn\/#\/schema\/person\/image\/\"},\"sameAs\":[\"https:\/\/sipin.com.vn\"]}]}<\/script>\n<!-- \/ Yoast SEO plugin. -->","yoast_head_json":{"title":"BECKHOFF BK3120 - OMANI VI\u1ec6T NAM","robots":{"index":"index","follow":"follow","max-snippet":"max-snippet:-1","max-image-preview":"max-image-preview:large","max-video-preview":"max-video-preview:-1"},"canonical":"https:\/\/sipin.com.vn\/index.php\/product\/beckhoff-bk3120\/","og_locale":"vi_VN","og_type":"article","og_title":"BECKHOFF BK3120 - OMANI VI\u1ec6T NAM","og_description":"BECKHOFF BK3120 BK3120 | PROFIBUS Economy plus Bus Coupler The Economy plus version extends the existing Profibus Bus Coupler series BK3xx0. The K-bus extension technology allows the connection of up to 255 spatially distributed Bus Terminals to one Bus Coupler. The BK3120 has been designed to accommodate automation requirements. The&hellip;","og_url":"https:\/\/sipin.com.vn\/index.php\/product\/beckhoff-bk3120\/","og_site_name":"OMANI VI\u1ec6T NAM","article_modified_time":"2024-07-28T14:09:36+00:00","og_image":[{"width":637,"height":472,"url":"https:\/\/sipin.com.vn\/wp-content\/uploads\/2024\/07\/BK3120.png","type":"image\/png"}],"twitter_card":"summary_large_image","twitter_misc":{"\u01af\u1edbc t\u00ednh th\u1eddi gian \u0111\u1ecdc":"3 ph\u00fat"},"schema":{"@context":"https:\/\/schema.org","@graph":[{"@type":"WebPage","@id":"https:\/\/sipin.com.vn\/index.php\/product\/beckhoff-bk3120\/","url":"https:\/\/sipin.com.vn\/index.php\/product\/beckhoff-bk3120\/","name":"BECKHOFF BK3120 - OMANI VI\u1ec6T NAM","isPartOf":{"@id":"https:\/\/sipin.com.vn\/#website"},"primaryImageOfPage":{"@id":"https:\/\/sipin.com.vn\/index.php\/product\/beckhoff-bk3120\/#primaryimage"},"image":{"@id":"https:\/\/sipin.com.vn\/index.php\/product\/beckhoff-bk3120\/#primaryimage"},"thumbnailUrl":"https:\/\/sipin.com.vn\/wp-content\/uploads\/2024\/07\/BK3120.png","datePublished":"2024-07-01T21:33:31+00:00","dateModified":"2024-07-28T14:09:36+00:00","breadcrumb":{"@id":"https:\/\/sipin.com.vn\/index.php\/product\/beckhoff-bk3120\/#breadcrumb"},"inLanguage":"vi","potentialAction":[{"@type":"ReadAction","target":["https:\/\/sipin.com.vn\/index.php\/product\/beckhoff-bk3120\/"]}]},{"@type":"ImageObject","inLanguage":"vi","@id":"https:\/\/sipin.com.vn\/index.php\/product\/beckhoff-bk3120\/#primaryimage","url":"https:\/\/sipin.com.vn\/wp-content\/uploads\/2024\/07\/BK3120.png","contentUrl":"https:\/\/sipin.com.vn\/wp-content\/uploads\/2024\/07\/BK3120.png","width":637,"height":472},{"@type":"BreadcrumbList","@id":"https:\/\/sipin.com.vn\/index.php\/product\/beckhoff-bk3120\/#breadcrumb","itemListElement":[{"@type":"ListItem","position":1,"name":"Home","item":"https:\/\/sipin.com.vn\/"},{"@type":"ListItem","position":2,"name":"S\u1ea2N PH\u1ea8M","item":"https:\/\/sipin.com.vn\/index.php\/cua-hang\/"},{"@type":"ListItem","position":3,"name":"BECKHOFF BK3120"}]},{"@type":"WebSite","@id":"https:\/\/sipin.com.vn\/#website","url":"https:\/\/sipin.com.vn\/","name":"OMANI VI\u1ec6T NAM","description":"Nh\u00e0 ph\u00e2n ph\u1ed1i thi\u1ebft b\u1ecb kh\u00ed n\u00e9n v\u00e0 thi\u1ebft b\u1ecb t\u1ef1 \u0111\u1ed9ng h\u00f3a trong c\u00f4ng nghi\u1ec7p","publisher":{"@id":"https:\/\/sipin.com.vn\/#\/schema\/person\/0ad398a980dc3fd696111c2c5c8fa897"},"potentialAction":[{"@type":"SearchAction","target":{"@type":"EntryPoint","urlTemplate":"https:\/\/sipin.com.vn\/?s={search_term_string}"},"query-input":"required name=search_term_string"}],"inLanguage":"vi"},{"@type":["Person","Organization"],"@id":"https:\/\/sipin.com.vn\/#\/schema\/person\/0ad398a980dc3fd696111c2c5c8fa897","name":"Nguy\u1ec5n V\u0103n Kh\u00e1nh","image":{"@type":"ImageObject","inLanguage":"vi","@id":"https:\/\/sipin.com.vn\/#\/schema\/person\/image\/","url":"https:\/\/sipin.com.vn\/wp-content\/uploads\/2024\/06\/logo-1024x1024.png","contentUrl":"https:\/\/sipin.com.vn\/wp-content\/uploads\/2024\/06\/logo-1024x1024.png","width":1024,"height":1024,"caption":"Nguy\u1ec5n V\u0103n Kh\u00e1nh"},"logo":{"@id":"https:\/\/sipin.com.vn\/#\/schema\/person\/image\/"},"sameAs":["https:\/\/sipin.com.vn"]}]}},"_links":{"self":[{"href":"https:\/\/sipin.com.vn\/index.php\/wp-json\/wp\/v2\/product\/981","targetHints":{"allow":["GET"]}}],"collection":[{"href":"https:\/\/sipin.com.vn\/index.php\/wp-json\/wp\/v2\/product"}],"about":[{"href":"https:\/\/sipin.com.vn\/index.php\/wp-json\/wp\/v2\/types\/product"}],"replies":[{"embeddable":true,"href":"https:\/\/sipin.com.vn\/index.php\/wp-json\/wp\/v2\/comments?post=981"}],"wp:featuredmedia":[{"embeddable":true,"href":"https:\/\/sipin.com.vn\/index.php\/wp-json\/wp\/v2\/media\/982"}],"wp:attachment":[{"href":"https:\/\/sipin.com.vn\/index.php\/wp-json\/wp\/v2\/media?parent=981"}],"wp:term":[{"taxonomy":"product_cat","embeddable":true,"href":"https:\/\/sipin.com.vn\/index.php\/wp-json\/wp\/v2\/product_cat?post=981"},{"taxonomy":"product_tag","embeddable":true,"href":"https:\/\/sipin.com.vn\/index.php\/wp-json\/wp\/v2\/product_tag?post=981"}],"curies":[{"name":"wp","href":"https:\/\/api.w.org\/{rel}","templated":true}]}}