{"id":975,"date":"2024-06-30T15:42:33","date_gmt":"2024-06-30T08:42:33","guid":{"rendered":"https:\/\/omanivietnam.com\/?post_type=product&#038;p=975"},"modified":"2024-06-30T15:43:03","modified_gmt":"2024-06-30T08:43:03","slug":"itoh-denki-pm486fe-60-544-d-024-p2","status":"publish","type":"product","link":"https:\/\/sipin.com.vn\/index.php\/product\/itoh-denki-pm486fe-60-544-d-024-p2\/","title":{"rendered":"ITOH DENKI PM486FE-60-544-D-024-P2"},"content":{"rendered":"<p>ITOH DENKI PM486FE-60-544-D-024-P2<\/p>\n<p><b>ITOH Power Moller<\/b><br \/>\n<b>Model : PM605BP-15-200-3-200<\/b><\/p>\n<p><b>PM : Power Moller<\/b><\/p>\n<p><b>605 : Outside Diameter (60.5 mm)<\/b><\/p>\n<p><b>BP : High Power Three Phase<\/b><\/p>\n<p><b>15 : Speed Code (Nominal Speed)<\/b><\/p>\n<p><b>200 : Nominal Tube Length<\/b><\/p>\n<p><b>3 : 3-Phase<\/b><\/p>\n<p><b>200 : Voltage (200V)<br \/>\n<\/b><br \/>\n\u2013 Outside Diameter : 60.5 mm<br \/>\n\u2013 Voltage : 3-Phase\u00a0\u00a0200V\u00a0\u00a050\/60 Hz<\/p>\n<p>\u2013 Peripheral Velocity : 20.0\/24.1 m\/min\u00a0\u00a0(50\/60Hz)<\/p>\n<p>\u2013 Tangential Force : 83.4\/66.8 N\u00a0\u00a0(50\/60Hz)<br \/>\n\u2013 Starting Torque : 2.52\/2.02 Nm\u00a0\u00a0(50\/60Hz)<\/p>\n<p>\u2013 No-Load Current : 0.11\/0\/09 A\u00a0\u00a0(50\/60Hz)<br \/>\n\u2013 Starting Current : 0.32\/0.31 A\u00a0\u00a0(50\/60Hz)<br \/>\n\u2013 Input Power : 30.5\/28.5 W\u00a0\u00a0(50\/60Hz)<\/p>\n<p>\u2013 Output Power : 15.2\/14.5 W\u00a0\u00a0(50\/60Hz)<\/p>\n<p>\u2013 Tube Length : 500 mm<br \/>\n\u2013 Weight : 3.8 kg<\/p>\n<p>\u2013 Mounting Hardware : A-200 Terminal Bracket<\/p>\n<p><strong>ITOH DENKI PM605BP-15-300-3-200<\/strong><\/p>\n<div><b>PM : Power Moller<\/b><\/div>\n<div><b>605 : Outside Diameter (60.5 mm)<\/b><\/div>\n<div><b>BP : High Power Three Phase<\/b><\/div>\n<div><b>30 : Speed Code (Nominal Speed)<\/b><\/div>\n<div><b>300 : Nominal Tube Length<\/b><\/div>\n<div><b>3 : 3-Phase<\/b><\/div>\n<div><b>200 : Voltage (200V)<br \/>\n<\/b><br \/>\n\u2013 Outside Diameter : 60.5 mm<br \/>\n\u2013 Voltage : 3-Phase\u00a0200V\u00a050\/60 Hz<\/div>\n<div>\u00a0\u2013 Peripheral Velocity : 38.2\/46.0 m\/min \u00a0(50\/60Hz)<\/div>\n<div>\u00a0\u2013 Tangential Force : 46.6\/37.3 N \u00a0(50\/60Hz)<br \/>\n\u2013 Starting Torque : 1.41\/1.13 Nm \u00a0(50\/60Hz)<\/div>\n<div>\u00a0\u2013 No-Load Current : 0.11\/0\/09 A \u00a0(50\/60Hz)<br \/>\n\u2013 Starting Current : 0.32\/0.31 A \u00a0(50\/60Hz)<br \/>\n\u2013 Input Power : 30.5\/28.5 W \u00a0(50\/60Hz)<\/div>\n<div>\u00a0\u2013 Output Power : 15.2\/14.5 W \u00a0(50\/60Hz)<\/div>\n<div>\u00a0\u2013 Tube Length : 300 mm<br \/>\n\u2013 Weight : 2.9 kg<\/div>\n<div>\u00a0\u2013 Mounting Hardware : A-200 Terminal Bracket<\/div>\n<div><\/div>\n<div>C\u00e1c d\u00f2ng \u0111ang cung c\u1ea5p:<\/div>\n<div><\/div>\n<p>PM500FE-17-590-D-024-JD<\/p>\n<p>PM570AS-5-300-3-220-BR-NR700A<\/p>\n<p>ARI-57-300-NR700A<\/p>\n<p>PM486BS-40-488-3-200<\/p>\n<p>PM486BS-20-488-3-200-BR-P2<\/p>\n<p>PM486BS-40-488-3-200-P2<\/p>\n<p>PM486BS-40-688-3-200-BR-P2<\/p>\n<p>PM486BS-20-488-3-200-BR-P2<\/p>\n<p>PM486BS-40-488-3-200<\/p>\n<p>PM486BS-40-488-3-200-P2<\/p>\n<p>PM500FE-17-590-D-024-JD<\/p>\n<p>PM570AS-5-300-3-220-BR-NR700A<\/p>\n<p>ARI-57-300-NR700A<\/p>\n<p>PM500FE-17-590-D-024-JD<\/p>\n<p>M500FE-17-590-D-024<\/p>\n<p>PM486BS-40-388-3-200-P2<\/p>\n<p>PM486BS-40-488-3-200<\/p>\n<p>TF10 L1630 W19<\/p>\n<p>PM486FE-60-788-D-024<\/p>\n<p>PM486BS-40-488-3-200<\/p>\n<p>PM486BS-40-488-3-200-P2<\/p>\n<p>PM570AS-15-590-3-200<\/p>\n<p>PM427AS-30-500-3-200<\/p>\n<p>PM486BS-40-688-3-200-BR-P2<\/p>\n<p>PM486BS-40-488-3-200<\/p>\n<p>PM486BS-40-488-3-200-P2<\/p>\n<p>PM570AS-15-590-3-200<\/p>\n<p>PM427AS-30-500-3-200<\/p>\n<p>PM486BS-40-688-3-200-BR-P2<\/p>\n<p>ARI-48-600-JH-VG<\/p>\n<p>PM486FE-60-602-D-024-BR-VG<\/p>\n<p>ARI-48-500-JH-VG<\/p>\n<p>PM486FE-60-502-D-024-BR-VG<\/p>\n<p>PM486BS-40-488-3-200<\/p>\n<p>PM486BS-40-488-3-200-P2<\/p>\n<p>PM486FE-60-602-D-024-BR-VG<\/p>\n<p>ARI-48-500-JH-VG<\/p>\n<p>PM486FE-60-502-D-024-BR-VG<\/p>\n<p>PM486BS-40-488-3-200<\/p>\n<p>PM486BS-40-488-3-200-P2<\/p>\n<p>PM570AS-5-300-3-220-BR-NR-700A<\/p>\n<p>ARI-57-300-NR700A<\/p>\n<p>\u0110\u1ea1i l\u00fd ITOH DENKI vietnam, ITOH DENKI viet nam, ITOH DENKI vietnam distributor, Ph\u00e2n ph\u1ed1i ITOH DENKI t\u1ea1i vi\u1ec7t nam<\/p>\n<p>\u0110\u1ea1i l\u00fd ITOH DENKI vietnam, ITOH DENKI viet nam, ITOH DENKI vietnam distributor, Ph\u00e2n ph\u1ed1i ITOH DENKI t\u1ea1i vi\u1ec7t nam<\/p>\n<p>\u0110\u1ea1i l\u00fd ITOH DENKI vietnam, ITOH DENKI viet nam, ITOH DENKI vietnam distributor, Ph\u00e2n ph\u1ed1i ITOH DENKI t\u1ea1i vi\u1ec7t nam<\/p>\n<p>\u0110\u1ea1i l\u00fd ITOH DENKI vietnam, ITOH DENKI viet nam, ITOH DENKI vietnam distributor, Ph\u00e2n ph\u1ed1i ITOH DENKI t\u1ea1i vi\u1ec7t nam<\/p>\n<p>\u0110\u1ea1i l\u00fd ITOH DENKI vietnam, ITOH DENKI viet nam, ITOH DENKI vietnam distributor, Ph\u00e2n ph\u1ed1i ITOH DENKI t\u1ea1i vi\u1ec7t nam<\/p>\n","protected":false},"excerpt":{"rendered":"<p>ITOH DENKI PM486FE-60-544-D-024-P2 ITOH Power Moller Model : PM605BP-15-200-3-200 PM : Power Moller 605 : Outside Diameter (60.5 mm) BP : High Power Three Phase 15 : Speed Code (Nominal Speed) 200 : Nominal Tube Length 3 : 3-Phase 200 : Voltage (200V) \u2013 Outside Diameter : 60.5 mm \u2013&hellip; <\/p>\n","protected":false},"featured_media":976,"comment_status":"open","ping_status":"closed","template":"","meta":{"om_disable_all_campaigns":false,"_monsterinsights_skip_tracking":false,"_monsterinsights_sitenote_active":false,"_monsterinsights_sitenote_note":"","_monsterinsights_sitenote_category":0},"product_cat":[15],"product_tag":[256,255,120,254],"class_list":{"0":"post-975","1":"product","2":"type-product","3":"status-publish","4":"has-post-thumbnail","6":"product_cat-apex","7":"product_tag-con-lan","8":"product_tag-dai-ly-itoh-denki-viet-nam","9":"product_tag-dong-co","10":"product_tag-itoh-denki-viet-nam","12":"first","13":"instock","14":"shipping-taxable","15":"product-type-simple"},"aioseo_notices":[],"yoast_head":"<!-- This site is optimized with the Yoast SEO plugin v22.8 - https:\/\/yoast.com\/wordpress\/plugins\/seo\/ -->\n<title>ITOH DENKI PM486FE-60-544-D-024-P2 - OMANI VI\u1ec6T NAM<\/title>\n<meta name=\"robots\" content=\"index, follow, max-snippet:-1, max-image-preview:large, max-video-preview:-1\" \/>\n<link rel=\"canonical\" href=\"https:\/\/sipin.com.vn\/index.php\/product\/itoh-denki-pm486fe-60-544-d-024-p2\/\" \/>\n<meta property=\"og:locale\" content=\"vi_VN\" \/>\n<meta property=\"og:type\" content=\"article\" \/>\n<meta property=\"og:title\" content=\"ITOH DENKI PM486FE-60-544-D-024-P2 - OMANI VI\u1ec6T NAM\" \/>\n<meta property=\"og:description\" content=\"ITOH DENKI PM486FE-60-544-D-024-P2 ITOH Power Moller Model : PM605BP-15-200-3-200 PM : Power Moller 605 : Outside Diameter (60.5 mm) BP : High Power Three Phase 15 : Speed Code (Nominal Speed) 200 : Nominal Tube Length 3 : 3-Phase 200 : Voltage (200V) \u2013 Outside Diameter : 60.5 mm \u2013&hellip;\" \/>\n<meta property=\"og:url\" content=\"https:\/\/sipin.com.vn\/index.php\/product\/itoh-denki-pm486fe-60-544-d-024-p2\/\" \/>\n<meta property=\"og:site_name\" content=\"OMANI VI\u1ec6T NAM\" \/>\n<meta property=\"article:modified_time\" content=\"2024-06-30T08:43:03+00:00\" \/>\n<meta property=\"og:image\" content=\"https:\/\/sipin.com.vn\/wp-content\/uploads\/2024\/06\/PM486FE-60-544-D-024-P2.png\" \/>\n\t<meta property=\"og:image:width\" content=\"538\" \/>\n\t<meta property=\"og:image:height\" content=\"443\" \/>\n\t<meta property=\"og:image:type\" content=\"image\/png\" \/>\n<meta name=\"twitter:card\" content=\"summary_large_image\" \/>\n<meta name=\"twitter:label1\" content=\"\u01af\u1edbc t\u00ednh th\u1eddi gian \u0111\u1ecdc\" \/>\n\t<meta name=\"twitter:data1\" content=\"2 ph\u00fat\" \/>\n<script type=\"application\/ld+json\" class=\"yoast-schema-graph\">{\"@context\":\"https:\/\/schema.org\",\"@graph\":[{\"@type\":\"WebPage\",\"@id\":\"https:\/\/sipin.com.vn\/index.php\/product\/itoh-denki-pm486fe-60-544-d-024-p2\/\",\"url\":\"https:\/\/sipin.com.vn\/index.php\/product\/itoh-denki-pm486fe-60-544-d-024-p2\/\",\"name\":\"ITOH DENKI PM486FE-60-544-D-024-P2 - OMANI VI\u1ec6T NAM\",\"isPartOf\":{\"@id\":\"https:\/\/sipin.com.vn\/#website\"},\"primaryImageOfPage\":{\"@id\":\"https:\/\/sipin.com.vn\/index.php\/product\/itoh-denki-pm486fe-60-544-d-024-p2\/#primaryimage\"},\"image\":{\"@id\":\"https:\/\/sipin.com.vn\/index.php\/product\/itoh-denki-pm486fe-60-544-d-024-p2\/#primaryimage\"},\"thumbnailUrl\":\"https:\/\/sipin.com.vn\/wp-content\/uploads\/2024\/06\/PM486FE-60-544-D-024-P2.png\",\"datePublished\":\"2024-06-30T08:42:33+00:00\",\"dateModified\":\"2024-06-30T08:43:03+00:00\",\"breadcrumb\":{\"@id\":\"https:\/\/sipin.com.vn\/index.php\/product\/itoh-denki-pm486fe-60-544-d-024-p2\/#breadcrumb\"},\"inLanguage\":\"vi\",\"potentialAction\":[{\"@type\":\"ReadAction\",\"target\":[\"https:\/\/sipin.com.vn\/index.php\/product\/itoh-denki-pm486fe-60-544-d-024-p2\/\"]}]},{\"@type\":\"ImageObject\",\"inLanguage\":\"vi\",\"@id\":\"https:\/\/sipin.com.vn\/index.php\/product\/itoh-denki-pm486fe-60-544-d-024-p2\/#primaryimage\",\"url\":\"https:\/\/sipin.com.vn\/wp-content\/uploads\/2024\/06\/PM486FE-60-544-D-024-P2.png\",\"contentUrl\":\"https:\/\/sipin.com.vn\/wp-content\/uploads\/2024\/06\/PM486FE-60-544-D-024-P2.png\",\"width\":538,\"height\":443},{\"@type\":\"BreadcrumbList\",\"@id\":\"https:\/\/sipin.com.vn\/index.php\/product\/itoh-denki-pm486fe-60-544-d-024-p2\/#breadcrumb\",\"itemListElement\":[{\"@type\":\"ListItem\",\"position\":1,\"name\":\"Home\",\"item\":\"https:\/\/sipin.com.vn\/\"},{\"@type\":\"ListItem\",\"position\":2,\"name\":\"S\u1ea2N PH\u1ea8M\",\"item\":\"https:\/\/sipin.com.vn\/index.php\/cua-hang\/\"},{\"@type\":\"ListItem\",\"position\":3,\"name\":\"ITOH DENKI PM486FE-60-544-D-024-P2\"}]},{\"@type\":\"WebSite\",\"@id\":\"https:\/\/sipin.com.vn\/#website\",\"url\":\"https:\/\/sipin.com.vn\/\",\"name\":\"OMANI VI\u1ec6T NAM\",\"description\":\"Nh\u00e0 ph\u00e2n ph\u1ed1i thi\u1ebft b\u1ecb kh\u00ed n\u00e9n v\u00e0 thi\u1ebft b\u1ecb t\u1ef1 \u0111\u1ed9ng h\u00f3a trong c\u00f4ng nghi\u1ec7p\",\"publisher\":{\"@id\":\"https:\/\/sipin.com.vn\/#\/schema\/person\/0ad398a980dc3fd696111c2c5c8fa897\"},\"potentialAction\":[{\"@type\":\"SearchAction\",\"target\":{\"@type\":\"EntryPoint\",\"urlTemplate\":\"https:\/\/sipin.com.vn\/?s={search_term_string}\"},\"query-input\":\"required name=search_term_string\"}],\"inLanguage\":\"vi\"},{\"@type\":[\"Person\",\"Organization\"],\"@id\":\"https:\/\/sipin.com.vn\/#\/schema\/person\/0ad398a980dc3fd696111c2c5c8fa897\",\"name\":\"Nguy\u1ec5n V\u0103n Kh\u00e1nh\",\"image\":{\"@type\":\"ImageObject\",\"inLanguage\":\"vi\",\"@id\":\"https:\/\/sipin.com.vn\/#\/schema\/person\/image\/\",\"url\":\"https:\/\/sipin.com.vn\/wp-content\/uploads\/2024\/06\/logo-1024x1024.png\",\"contentUrl\":\"https:\/\/sipin.com.vn\/wp-content\/uploads\/2024\/06\/logo-1024x1024.png\",\"width\":1024,\"height\":1024,\"caption\":\"Nguy\u1ec5n V\u0103n Kh\u00e1nh\"},\"logo\":{\"@id\":\"https:\/\/sipin.com.vn\/#\/schema\/person\/image\/\"},\"sameAs\":[\"https:\/\/sipin.com.vn\"]}]}<\/script>\n<!-- \/ Yoast SEO plugin. -->","yoast_head_json":{"title":"ITOH DENKI PM486FE-60-544-D-024-P2 - OMANI VI\u1ec6T NAM","robots":{"index":"index","follow":"follow","max-snippet":"max-snippet:-1","max-image-preview":"max-image-preview:large","max-video-preview":"max-video-preview:-1"},"canonical":"https:\/\/sipin.com.vn\/index.php\/product\/itoh-denki-pm486fe-60-544-d-024-p2\/","og_locale":"vi_VN","og_type":"article","og_title":"ITOH DENKI PM486FE-60-544-D-024-P2 - OMANI VI\u1ec6T NAM","og_description":"ITOH DENKI PM486FE-60-544-D-024-P2 ITOH Power Moller Model : PM605BP-15-200-3-200 PM : Power Moller 605 : Outside Diameter (60.5 mm) BP : High Power Three Phase 15 : Speed Code (Nominal Speed) 200 : Nominal Tube Length 3 : 3-Phase 200 : Voltage (200V) \u2013 Outside Diameter : 60.5 mm \u2013&hellip;","og_url":"https:\/\/sipin.com.vn\/index.php\/product\/itoh-denki-pm486fe-60-544-d-024-p2\/","og_site_name":"OMANI VI\u1ec6T NAM","article_modified_time":"2024-06-30T08:43:03+00:00","og_image":[{"width":538,"height":443,"url":"https:\/\/sipin.com.vn\/wp-content\/uploads\/2024\/06\/PM486FE-60-544-D-024-P2.png","type":"image\/png"}],"twitter_card":"summary_large_image","twitter_misc":{"\u01af\u1edbc t\u00ednh th\u1eddi gian \u0111\u1ecdc":"2 ph\u00fat"},"schema":{"@context":"https:\/\/schema.org","@graph":[{"@type":"WebPage","@id":"https:\/\/sipin.com.vn\/index.php\/product\/itoh-denki-pm486fe-60-544-d-024-p2\/","url":"https:\/\/sipin.com.vn\/index.php\/product\/itoh-denki-pm486fe-60-544-d-024-p2\/","name":"ITOH DENKI PM486FE-60-544-D-024-P2 - OMANI VI\u1ec6T NAM","isPartOf":{"@id":"https:\/\/sipin.com.vn\/#website"},"primaryImageOfPage":{"@id":"https:\/\/sipin.com.vn\/index.php\/product\/itoh-denki-pm486fe-60-544-d-024-p2\/#primaryimage"},"image":{"@id":"https:\/\/sipin.com.vn\/index.php\/product\/itoh-denki-pm486fe-60-544-d-024-p2\/#primaryimage"},"thumbnailUrl":"https:\/\/sipin.com.vn\/wp-content\/uploads\/2024\/06\/PM486FE-60-544-D-024-P2.png","datePublished":"2024-06-30T08:42:33+00:00","dateModified":"2024-06-30T08:43:03+00:00","breadcrumb":{"@id":"https:\/\/sipin.com.vn\/index.php\/product\/itoh-denki-pm486fe-60-544-d-024-p2\/#breadcrumb"},"inLanguage":"vi","potentialAction":[{"@type":"ReadAction","target":["https:\/\/sipin.com.vn\/index.php\/product\/itoh-denki-pm486fe-60-544-d-024-p2\/"]}]},{"@type":"ImageObject","inLanguage":"vi","@id":"https:\/\/sipin.com.vn\/index.php\/product\/itoh-denki-pm486fe-60-544-d-024-p2\/#primaryimage","url":"https:\/\/sipin.com.vn\/wp-content\/uploads\/2024\/06\/PM486FE-60-544-D-024-P2.png","contentUrl":"https:\/\/sipin.com.vn\/wp-content\/uploads\/2024\/06\/PM486FE-60-544-D-024-P2.png","width":538,"height":443},{"@type":"BreadcrumbList","@id":"https:\/\/sipin.com.vn\/index.php\/product\/itoh-denki-pm486fe-60-544-d-024-p2\/#breadcrumb","itemListElement":[{"@type":"ListItem","position":1,"name":"Home","item":"https:\/\/sipin.com.vn\/"},{"@type":"ListItem","position":2,"name":"S\u1ea2N PH\u1ea8M","item":"https:\/\/sipin.com.vn\/index.php\/cua-hang\/"},{"@type":"ListItem","position":3,"name":"ITOH DENKI PM486FE-60-544-D-024-P2"}]},{"@type":"WebSite","@id":"https:\/\/sipin.com.vn\/#website","url":"https:\/\/sipin.com.vn\/","name":"OMANI VI\u1ec6T NAM","description":"Nh\u00e0 ph\u00e2n ph\u1ed1i thi\u1ebft b\u1ecb kh\u00ed n\u00e9n v\u00e0 thi\u1ebft b\u1ecb t\u1ef1 \u0111\u1ed9ng h\u00f3a trong c\u00f4ng nghi\u1ec7p","publisher":{"@id":"https:\/\/sipin.com.vn\/#\/schema\/person\/0ad398a980dc3fd696111c2c5c8fa897"},"potentialAction":[{"@type":"SearchAction","target":{"@type":"EntryPoint","urlTemplate":"https:\/\/sipin.com.vn\/?s={search_term_string}"},"query-input":"required name=search_term_string"}],"inLanguage":"vi"},{"@type":["Person","Organization"],"@id":"https:\/\/sipin.com.vn\/#\/schema\/person\/0ad398a980dc3fd696111c2c5c8fa897","name":"Nguy\u1ec5n V\u0103n Kh\u00e1nh","image":{"@type":"ImageObject","inLanguage":"vi","@id":"https:\/\/sipin.com.vn\/#\/schema\/person\/image\/","url":"https:\/\/sipin.com.vn\/wp-content\/uploads\/2024\/06\/logo-1024x1024.png","contentUrl":"https:\/\/sipin.com.vn\/wp-content\/uploads\/2024\/06\/logo-1024x1024.png","width":1024,"height":1024,"caption":"Nguy\u1ec5n V\u0103n Kh\u00e1nh"},"logo":{"@id":"https:\/\/sipin.com.vn\/#\/schema\/person\/image\/"},"sameAs":["https:\/\/sipin.com.vn"]}]}},"_links":{"self":[{"href":"https:\/\/sipin.com.vn\/index.php\/wp-json\/wp\/v2\/product\/975","targetHints":{"allow":["GET"]}}],"collection":[{"href":"https:\/\/sipin.com.vn\/index.php\/wp-json\/wp\/v2\/product"}],"about":[{"href":"https:\/\/sipin.com.vn\/index.php\/wp-json\/wp\/v2\/types\/product"}],"replies":[{"embeddable":true,"href":"https:\/\/sipin.com.vn\/index.php\/wp-json\/wp\/v2\/comments?post=975"}],"wp:featuredmedia":[{"embeddable":true,"href":"https:\/\/sipin.com.vn\/index.php\/wp-json\/wp\/v2\/media\/976"}],"wp:attachment":[{"href":"https:\/\/sipin.com.vn\/index.php\/wp-json\/wp\/v2\/media?parent=975"}],"wp:term":[{"taxonomy":"product_cat","embeddable":true,"href":"https:\/\/sipin.com.vn\/index.php\/wp-json\/wp\/v2\/product_cat?post=975"},{"taxonomy":"product_tag","embeddable":true,"href":"https:\/\/sipin.com.vn\/index.php\/wp-json\/wp\/v2\/product_tag?post=975"}],"curies":[{"name":"wp","href":"https:\/\/api.w.org\/{rel}","templated":true}]}}