{"id":951,"date":"2024-06-30T05:17:18","date_gmt":"2024-06-29T22:17:18","guid":{"rendered":"https:\/\/omanivietnam.com\/?post_type=product&#038;p=951"},"modified":"2024-06-30T05:17:18","modified_gmt":"2024-06-29T22:17:18","slug":"itoh-denki-pm570as-10-1000-3-460","status":"publish","type":"product","link":"https:\/\/sipin.com.vn\/index.php\/product\/itoh-denki-pm570as-10-1000-3-460\/","title":{"rendered":"ITOH DENKI PM570AS-10-1000-3-460"},"content":{"rendered":"<p>ITOH DENKI PM570AS-10-1000-3-460<\/p>\n<p class=\"partno\">PM570AS-10-250-3-200-NR-BR<\/p>\n<p class=\"indIKd GW0XC cS4Vcb-pGL6qe-fwJd0c\">PM570AS-4-429-3-220<\/p>\n<h4>Gi\u1edbi thi\u1ec7u<\/h4>\n<p>PM570AS-20-400-3-200-UR630A Power Moller Itoh Denki hi\u1ec7n \u0111ang ph\u00e2n ph\u1ed1i r\u1ed9ng r\u00e3i t\u1ea1i th\u1ecb tr\u01b0\u1eddng Vi\u1ec7t Nam.<\/p>\n<p>Thi\u1ebft b\u1ecb hi\u1ec7n \u0111ang \u0111\u01b0\u1ee3c s\u1eed d\u1ee5ng trong c\u00e1c l\u0129nh v\u1ef1c: Th\u1ef1c ph\u1ea9m, \u0110i\u1ec7n l\u1ef1c, D\u1ea7u Kh\u00ed, N\u0103ng l\u01b0\u1ee3ng m\u1eb7t tr\u1eddi, D\u1ec7t May, S\u1ee3i, Nh\u1ef1a, Th\u1ee7y Tinh, Gi\u1ea5y, B\u00e0o B\u00ec,\u2026<\/p>\n<p>&nbsp;<\/p>\n<p>Power Moller<br \/>\nPM570AS-20-400-3-200-UR630A<br \/>\n\u2013 57mm diameter steel pipe with 63mm diameter Urethane rubber full face lagging<br \/>\n\u2013 Nominal speed; 20m\/min<br \/>\n\u2013 Tube length; 400mm<br \/>\n\u2013 Motor cable; 50mm<br \/>\n\u2013 D-shaped shaft for both sides<br \/>\n\u2013 3 phase 200V AC operated<br \/>\n\u2013 wl Mounting bracket<\/p>\n<table width=\"278\">\n<tbody>\n<tr>\n<td width=\"211\">Power Moller<br \/>\nPM570AS-20-400-3-200-UR630A<br \/>\n\u2013 57mm diameter steel pipe with 63mm diameter Urethane rubber full face lagging<br \/>\n\u2013 Nominal speed; 20m\/min<br \/>\n\u2013 Tube length; 400mm<br \/>\n\u2013 Motor cable; 50mm<br \/>\n\u2013 D-shaped shaft for both sides<br \/>\n\u2013 3 phase 200V AC operated<br \/>\n\u2013 wl Mounting bracket<\/td>\n<td width=\"67\">\u00a0ITOH DENKI<\/td>\n<\/tr>\n<tr>\n<td width=\"211\">Power Moller<br \/>\nPM570AS-20-300-3-220-BR<br \/>\n\u2013 57mm diameter steel pipe<br \/>\n\u2013 Nominal speed; 20m\/min<br \/>\n\u2013 Tube length; 300mm<br \/>\n\u2013 Motor cable; 50mm<br \/>\n\u2013 D-shaped shaft for both sides<br \/>\n\u2013 3 phase 220V AC operated<br \/>\n\u2013 wl Brake function<br \/>\n\u2013 wl Mounting bracket<\/td>\n<td width=\"67\">\u00a0ITOH DENKI<\/td>\n<\/tr>\n<\/tbody>\n<\/table>\n<p>&nbsp;<\/p>\n<table width=\"278\">\n<tbody>\n<tr>\n<td width=\"211\">Power Moller<br \/>\nPM570AS-20-300-3-220<br \/>\n\u2013 57mm diameter steel pipe<br \/>\n\u2013 Nominal speed; 20m\/min<br \/>\n\u2013 Tube length; 300mm<br \/>\n\u2013 Motor cable; 50mm<br \/>\n\u2013 D-shaped shaft for both sides<br \/>\n\u2013 3 phase 220V AC operated<br \/>\n\u2013 wl Mounting bracket<\/td>\n<td width=\"67\">\u00a0ITOH DENKI<\/td>\n<\/tr>\n<tr>\n<td width=\"211\">Power Moller<br \/>\nPM570AS-20-700-3-220-BR<br \/>\n\u2013 57mm diameter steel pipe<br \/>\n\u2013 Nominal speed; 20m\/min<br \/>\n\u2013 Tube length; 700mm<br \/>\n\u2013 Motor cable; 50mm<br \/>\n\u2013 D-shaped shaft for both sides<br \/>\n\u2013 3 phase 220V AC operated<br \/>\n\u2013 wl Brake function<br \/>\n\u2013 wl Mounting bracket<\/td>\n<td width=\"67\">\u00a0ITOH DENKI<\/td>\n<\/tr>\n<tr>\n<td width=\"211\">Power Moller<br \/>\nPM570AS-20-700-3-220<br \/>\n\u2013 57mm diameter steel pipe<br \/>\n\u2013 Nominal speed; 20m\/min<br \/>\n\u2013 Tube length; 700mm<br \/>\n\u2013 Motor cable; 50mm<br \/>\n\u2013 D-shaped shaft for both sides<br \/>\n\u2013 3 phase 220V AC operated<br \/>\n\u2013 wl Mounting bracket<\/td>\n<td width=\"67\">\u00a0ITOH DENKI<\/td>\n<\/tr>\n<tr>\n<td width=\"211\">Power Moller<br \/>\nPM570AS-20-1000-3-220-BR<br \/>\n\u2013 57mm diameter steel pipe<br \/>\n\u2013 Nominal speed; 20m\/min<br \/>\n\u2013 Tube length; 1 OOOmm<br \/>\n\u2013 Motor cable; 50mm<br \/>\n\u2013 D-shaped shaft for both sides<br \/>\n\u2013 3 phase 220V AC operated<br \/>\n\u2013 w\/ Brake function<br \/>\n\u2013 wl Mounting bracket<strong>PM570AS-20-400-3-200-UR630A<\/strong><\/td>\n<td width=\"67\">\u00a0ITOH DENKI<\/td>\n<\/tr>\n<\/tbody>\n<\/table>\n<p>&nbsp;<\/p>\n<table width=\"278\">\n<tbody>\n<tr>\n<td width=\"211\">Power Moller<br \/>\nPM570AS-20-1000-3-220<br \/>\n\u2013 57mm diameter steel pipe<br \/>\n\u2013 Nominal speed; 20m\/min<br \/>\n\u2013 Tube length; 1 OOOmm<br \/>\n\u2013 Motor cable; 50mm<br \/>\n\u2013 D-shaped shaft for both sides<br \/>\n\u2013 3 phase 220V AC operated<br \/>\n\u2013 w\/ Mounting bracket<\/td>\n<td width=\"67\">\u00a0ITOH DENKI<\/td>\n<\/tr>\n<tr>\n<td width=\"211\">Power Moller<br \/>\nPM570BP-20-1000-3-220-BR<br \/>\n\u2013 57mm diameter steel pipe<br \/>\n\u2013 Nominal speed; 20m\/min<br \/>\n\u2013 Tube length; 1000mm<br \/>\n\u2013 Motor cable; 50mm<br \/>\n\u2013 D-shaped shaft for both sides<br \/>\n\u2013 3 phase 220V AC operated<br \/>\n\u2013 w\/ Brake function<br \/>\n\u2013 w\/ Mounting bracket<\/td>\n<td width=\"67\">\u00a0ITOH DENKI<\/td>\n<\/tr>\n<\/tbody>\n<\/table>\n<p>&nbsp;<\/p>\n<p>\u0110\u1ea1i l\u00fd ITOH DENKI vietnam, ITOH DENKI viet nam, ITOH DENKI vietnam distributor, Ph\u00e2n ph\u1ed1i ITOH DENKI t\u1ea1i vi\u1ec7t nam<\/p>\n<p>\u0110\u1ea1i l\u00fd ITOH DENKI vietnam, ITOH DENKI viet nam, ITOH DENKI vietnam distributor, Ph\u00e2n ph\u1ed1i ITOH DENKI t\u1ea1i vi\u1ec7t nam<\/p>\n<p>\u0110\u1ea1i l\u00fd ITOH DENKI vietnam, ITOH DENKI viet nam, ITOH DENKI vietnam distributor, Ph\u00e2n ph\u1ed1i ITOH DENKI t\u1ea1i vi\u1ec7t nam<\/p>\n<p>\u0110\u1ea1i l\u00fd ITOH DENKI vietnam, ITOH DENKI viet nam, ITOH DENKI vietnam distributor, Ph\u00e2n ph\u1ed1i ITOH DENKI t\u1ea1i vi\u1ec7t nam<\/p>\n<p>\u0110\u1ea1i l\u00fd ITOH DENKI vietnam, ITOH DENKI viet nam, ITOH DENKI vietnam distributor, Ph\u00e2n ph\u1ed1i ITOH DENKI t\u1ea1i vi\u1ec7t nam<\/p>\n","protected":false},"excerpt":{"rendered":"<p>ITOH DENKI PM570AS-10-1000-3-460 PM570AS-10-250-3-200-NR-BR PM570AS-4-429-3-220 Gi\u1edbi thi\u1ec7u PM570AS-20-400-3-200-UR630A Power Moller Itoh Denki hi\u1ec7n \u0111ang ph\u00e2n ph\u1ed1i r\u1ed9ng r\u00e3i t\u1ea1i th\u1ecb tr\u01b0\u1eddng Vi\u1ec7t Nam. Thi\u1ebft b\u1ecb hi\u1ec7n \u0111ang \u0111\u01b0\u1ee3c s\u1eed d\u1ee5ng trong c\u00e1c l\u0129nh v\u1ef1c: Th\u1ef1c ph\u1ea9m, \u0110i\u1ec7n l\u1ef1c, D\u1ea7u Kh\u00ed, N\u0103ng l\u01b0\u1ee3ng m\u1eb7t tr\u1eddi, D\u1ec7t May, S\u1ee3i, Nh\u1ef1a, Th\u1ee7y Tinh,&hellip; <\/p>\n","protected":false},"featured_media":952,"comment_status":"open","ping_status":"closed","template":"","meta":{"om_disable_all_campaigns":false,"_monsterinsights_skip_tracking":false,"_monsterinsights_sitenote_active":false,"_monsterinsights_sitenote_note":"","_monsterinsights_sitenote_category":0},"product_cat":[15],"product_tag":[256,255,120,254],"class_list":{"0":"post-951","1":"product","2":"type-product","3":"status-publish","4":"has-post-thumbnail","6":"product_cat-apex","7":"product_tag-con-lan","8":"product_tag-dai-ly-itoh-denki-viet-nam","9":"product_tag-dong-co","10":"product_tag-itoh-denki-viet-nam","12":"first","13":"instock","14":"shipping-taxable","15":"product-type-simple"},"aioseo_notices":[],"yoast_head":"<!-- This site is optimized with the Yoast SEO plugin v22.8 - https:\/\/yoast.com\/wordpress\/plugins\/seo\/ -->\n<title>ITOH DENKI PM570AS-10-1000-3-460 - OMANI VI\u1ec6T NAM<\/title>\n<meta name=\"description\" content=\"Itoh Denki PM570AS-10-1000-3-460 POWER ROLLER\" \/>\n<meta name=\"robots\" content=\"index, follow, max-snippet:-1, max-image-preview:large, max-video-preview:-1\" \/>\n<link rel=\"canonical\" href=\"https:\/\/sipin.com.vn\/index.php\/product\/itoh-denki-pm570as-10-1000-3-460\/\" \/>\n<meta property=\"og:locale\" content=\"vi_VN\" \/>\n<meta property=\"og:type\" content=\"article\" \/>\n<meta property=\"og:title\" content=\"ITOH DENKI PM570AS-10-1000-3-460 - OMANI VI\u1ec6T NAM\" \/>\n<meta property=\"og:description\" content=\"Itoh Denki PM570AS-10-1000-3-460 POWER ROLLER\" \/>\n<meta property=\"og:url\" content=\"https:\/\/sipin.com.vn\/index.php\/product\/itoh-denki-pm570as-10-1000-3-460\/\" \/>\n<meta property=\"og:site_name\" content=\"OMANI VI\u1ec6T NAM\" \/>\n<meta property=\"og:image\" content=\"https:\/\/sipin.com.vn\/wp-content\/uploads\/2024\/06\/PM570AS-10-1000-3-460.png\" \/>\n\t<meta property=\"og:image:width\" content=\"591\" \/>\n\t<meta property=\"og:image:height\" content=\"541\" \/>\n\t<meta property=\"og:image:type\" content=\"image\/png\" \/>\n<meta name=\"twitter:card\" content=\"summary_large_image\" \/>\n<meta name=\"twitter:label1\" content=\"\u01af\u1edbc t\u00ednh th\u1eddi gian \u0111\u1ecdc\" \/>\n\t<meta name=\"twitter:data1\" content=\"3 ph\u00fat\" \/>\n<script type=\"application\/ld+json\" class=\"yoast-schema-graph\">{\"@context\":\"https:\/\/schema.org\",\"@graph\":[{\"@type\":\"WebPage\",\"@id\":\"https:\/\/sipin.com.vn\/index.php\/product\/itoh-denki-pm570as-10-1000-3-460\/\",\"url\":\"https:\/\/sipin.com.vn\/index.php\/product\/itoh-denki-pm570as-10-1000-3-460\/\",\"name\":\"ITOH DENKI PM570AS-10-1000-3-460 - OMANI VI\u1ec6T NAM\",\"isPartOf\":{\"@id\":\"https:\/\/sipin.com.vn\/#website\"},\"primaryImageOfPage\":{\"@id\":\"https:\/\/sipin.com.vn\/index.php\/product\/itoh-denki-pm570as-10-1000-3-460\/#primaryimage\"},\"image\":{\"@id\":\"https:\/\/sipin.com.vn\/index.php\/product\/itoh-denki-pm570as-10-1000-3-460\/#primaryimage\"},\"thumbnailUrl\":\"https:\/\/sipin.com.vn\/wp-content\/uploads\/2024\/06\/PM570AS-10-1000-3-460.png\",\"datePublished\":\"2024-06-29T22:17:18+00:00\",\"dateModified\":\"2024-06-29T22:17:18+00:00\",\"description\":\"Itoh Denki PM570AS-10-1000-3-460 POWER ROLLER\",\"breadcrumb\":{\"@id\":\"https:\/\/sipin.com.vn\/index.php\/product\/itoh-denki-pm570as-10-1000-3-460\/#breadcrumb\"},\"inLanguage\":\"vi\",\"potentialAction\":[{\"@type\":\"ReadAction\",\"target\":[\"https:\/\/sipin.com.vn\/index.php\/product\/itoh-denki-pm570as-10-1000-3-460\/\"]}]},{\"@type\":\"ImageObject\",\"inLanguage\":\"vi\",\"@id\":\"https:\/\/sipin.com.vn\/index.php\/product\/itoh-denki-pm570as-10-1000-3-460\/#primaryimage\",\"url\":\"https:\/\/sipin.com.vn\/wp-content\/uploads\/2024\/06\/PM570AS-10-1000-3-460.png\",\"contentUrl\":\"https:\/\/sipin.com.vn\/wp-content\/uploads\/2024\/06\/PM570AS-10-1000-3-460.png\",\"width\":591,\"height\":541},{\"@type\":\"BreadcrumbList\",\"@id\":\"https:\/\/sipin.com.vn\/index.php\/product\/itoh-denki-pm570as-10-1000-3-460\/#breadcrumb\",\"itemListElement\":[{\"@type\":\"ListItem\",\"position\":1,\"name\":\"Home\",\"item\":\"https:\/\/sipin.com.vn\/\"},{\"@type\":\"ListItem\",\"position\":2,\"name\":\"S\u1ea2N PH\u1ea8M\",\"item\":\"https:\/\/sipin.com.vn\/index.php\/cua-hang\/\"},{\"@type\":\"ListItem\",\"position\":3,\"name\":\"ITOH DENKI PM570AS-10-1000-3-460\"}]},{\"@type\":\"WebSite\",\"@id\":\"https:\/\/sipin.com.vn\/#website\",\"url\":\"https:\/\/sipin.com.vn\/\",\"name\":\"OMANI VI\u1ec6T NAM\",\"description\":\"Nh\u00e0 ph\u00e2n ph\u1ed1i thi\u1ebft b\u1ecb kh\u00ed n\u00e9n v\u00e0 thi\u1ebft b\u1ecb t\u1ef1 \u0111\u1ed9ng h\u00f3a trong c\u00f4ng nghi\u1ec7p\",\"publisher\":{\"@id\":\"https:\/\/sipin.com.vn\/#\/schema\/person\/0ad398a980dc3fd696111c2c5c8fa897\"},\"potentialAction\":[{\"@type\":\"SearchAction\",\"target\":{\"@type\":\"EntryPoint\",\"urlTemplate\":\"https:\/\/sipin.com.vn\/?s={search_term_string}\"},\"query-input\":\"required name=search_term_string\"}],\"inLanguage\":\"vi\"},{\"@type\":[\"Person\",\"Organization\"],\"@id\":\"https:\/\/sipin.com.vn\/#\/schema\/person\/0ad398a980dc3fd696111c2c5c8fa897\",\"name\":\"Nguy\u1ec5n V\u0103n Kh\u00e1nh\",\"image\":{\"@type\":\"ImageObject\",\"inLanguage\":\"vi\",\"@id\":\"https:\/\/sipin.com.vn\/#\/schema\/person\/image\/\",\"url\":\"https:\/\/sipin.com.vn\/wp-content\/uploads\/2024\/06\/logo-1024x1024.png\",\"contentUrl\":\"https:\/\/sipin.com.vn\/wp-content\/uploads\/2024\/06\/logo-1024x1024.png\",\"width\":1024,\"height\":1024,\"caption\":\"Nguy\u1ec5n V\u0103n Kh\u00e1nh\"},\"logo\":{\"@id\":\"https:\/\/sipin.com.vn\/#\/schema\/person\/image\/\"},\"sameAs\":[\"https:\/\/sipin.com.vn\"]}]}<\/script>\n<!-- \/ Yoast SEO plugin. -->","yoast_head_json":{"title":"ITOH DENKI PM570AS-10-1000-3-460 - OMANI VI\u1ec6T NAM","description":"Itoh Denki PM570AS-10-1000-3-460 POWER ROLLER","robots":{"index":"index","follow":"follow","max-snippet":"max-snippet:-1","max-image-preview":"max-image-preview:large","max-video-preview":"max-video-preview:-1"},"canonical":"https:\/\/sipin.com.vn\/index.php\/product\/itoh-denki-pm570as-10-1000-3-460\/","og_locale":"vi_VN","og_type":"article","og_title":"ITOH DENKI PM570AS-10-1000-3-460 - OMANI VI\u1ec6T NAM","og_description":"Itoh Denki PM570AS-10-1000-3-460 POWER ROLLER","og_url":"https:\/\/sipin.com.vn\/index.php\/product\/itoh-denki-pm570as-10-1000-3-460\/","og_site_name":"OMANI VI\u1ec6T NAM","og_image":[{"width":591,"height":541,"url":"https:\/\/sipin.com.vn\/wp-content\/uploads\/2024\/06\/PM570AS-10-1000-3-460.png","type":"image\/png"}],"twitter_card":"summary_large_image","twitter_misc":{"\u01af\u1edbc t\u00ednh th\u1eddi gian \u0111\u1ecdc":"3 ph\u00fat"},"schema":{"@context":"https:\/\/schema.org","@graph":[{"@type":"WebPage","@id":"https:\/\/sipin.com.vn\/index.php\/product\/itoh-denki-pm570as-10-1000-3-460\/","url":"https:\/\/sipin.com.vn\/index.php\/product\/itoh-denki-pm570as-10-1000-3-460\/","name":"ITOH DENKI PM570AS-10-1000-3-460 - OMANI VI\u1ec6T NAM","isPartOf":{"@id":"https:\/\/sipin.com.vn\/#website"},"primaryImageOfPage":{"@id":"https:\/\/sipin.com.vn\/index.php\/product\/itoh-denki-pm570as-10-1000-3-460\/#primaryimage"},"image":{"@id":"https:\/\/sipin.com.vn\/index.php\/product\/itoh-denki-pm570as-10-1000-3-460\/#primaryimage"},"thumbnailUrl":"https:\/\/sipin.com.vn\/wp-content\/uploads\/2024\/06\/PM570AS-10-1000-3-460.png","datePublished":"2024-06-29T22:17:18+00:00","dateModified":"2024-06-29T22:17:18+00:00","description":"Itoh Denki PM570AS-10-1000-3-460 POWER ROLLER","breadcrumb":{"@id":"https:\/\/sipin.com.vn\/index.php\/product\/itoh-denki-pm570as-10-1000-3-460\/#breadcrumb"},"inLanguage":"vi","potentialAction":[{"@type":"ReadAction","target":["https:\/\/sipin.com.vn\/index.php\/product\/itoh-denki-pm570as-10-1000-3-460\/"]}]},{"@type":"ImageObject","inLanguage":"vi","@id":"https:\/\/sipin.com.vn\/index.php\/product\/itoh-denki-pm570as-10-1000-3-460\/#primaryimage","url":"https:\/\/sipin.com.vn\/wp-content\/uploads\/2024\/06\/PM570AS-10-1000-3-460.png","contentUrl":"https:\/\/sipin.com.vn\/wp-content\/uploads\/2024\/06\/PM570AS-10-1000-3-460.png","width":591,"height":541},{"@type":"BreadcrumbList","@id":"https:\/\/sipin.com.vn\/index.php\/product\/itoh-denki-pm570as-10-1000-3-460\/#breadcrumb","itemListElement":[{"@type":"ListItem","position":1,"name":"Home","item":"https:\/\/sipin.com.vn\/"},{"@type":"ListItem","position":2,"name":"S\u1ea2N PH\u1ea8M","item":"https:\/\/sipin.com.vn\/index.php\/cua-hang\/"},{"@type":"ListItem","position":3,"name":"ITOH DENKI PM570AS-10-1000-3-460"}]},{"@type":"WebSite","@id":"https:\/\/sipin.com.vn\/#website","url":"https:\/\/sipin.com.vn\/","name":"OMANI VI\u1ec6T NAM","description":"Nh\u00e0 ph\u00e2n ph\u1ed1i thi\u1ebft b\u1ecb kh\u00ed n\u00e9n v\u00e0 thi\u1ebft b\u1ecb t\u1ef1 \u0111\u1ed9ng h\u00f3a trong c\u00f4ng nghi\u1ec7p","publisher":{"@id":"https:\/\/sipin.com.vn\/#\/schema\/person\/0ad398a980dc3fd696111c2c5c8fa897"},"potentialAction":[{"@type":"SearchAction","target":{"@type":"EntryPoint","urlTemplate":"https:\/\/sipin.com.vn\/?s={search_term_string}"},"query-input":"required name=search_term_string"}],"inLanguage":"vi"},{"@type":["Person","Organization"],"@id":"https:\/\/sipin.com.vn\/#\/schema\/person\/0ad398a980dc3fd696111c2c5c8fa897","name":"Nguy\u1ec5n V\u0103n Kh\u00e1nh","image":{"@type":"ImageObject","inLanguage":"vi","@id":"https:\/\/sipin.com.vn\/#\/schema\/person\/image\/","url":"https:\/\/sipin.com.vn\/wp-content\/uploads\/2024\/06\/logo-1024x1024.png","contentUrl":"https:\/\/sipin.com.vn\/wp-content\/uploads\/2024\/06\/logo-1024x1024.png","width":1024,"height":1024,"caption":"Nguy\u1ec5n V\u0103n Kh\u00e1nh"},"logo":{"@id":"https:\/\/sipin.com.vn\/#\/schema\/person\/image\/"},"sameAs":["https:\/\/sipin.com.vn"]}]}},"_links":{"self":[{"href":"https:\/\/sipin.com.vn\/index.php\/wp-json\/wp\/v2\/product\/951","targetHints":{"allow":["GET"]}}],"collection":[{"href":"https:\/\/sipin.com.vn\/index.php\/wp-json\/wp\/v2\/product"}],"about":[{"href":"https:\/\/sipin.com.vn\/index.php\/wp-json\/wp\/v2\/types\/product"}],"replies":[{"embeddable":true,"href":"https:\/\/sipin.com.vn\/index.php\/wp-json\/wp\/v2\/comments?post=951"}],"wp:featuredmedia":[{"embeddable":true,"href":"https:\/\/sipin.com.vn\/index.php\/wp-json\/wp\/v2\/media\/952"}],"wp:attachment":[{"href":"https:\/\/sipin.com.vn\/index.php\/wp-json\/wp\/v2\/media?parent=951"}],"wp:term":[{"taxonomy":"product_cat","embeddable":true,"href":"https:\/\/sipin.com.vn\/index.php\/wp-json\/wp\/v2\/product_cat?post=951"},{"taxonomy":"product_tag","embeddable":true,"href":"https:\/\/sipin.com.vn\/index.php\/wp-json\/wp\/v2\/product_tag?post=951"}],"curies":[{"name":"wp","href":"https:\/\/api.w.org\/{rel}","templated":true}]}}