{"id":949,"date":"2024-06-30T05:06:25","date_gmt":"2024-06-29T22:06:25","guid":{"rendered":"https:\/\/omanivietnam.com\/?post_type=product&#038;p=949"},"modified":"2024-06-30T05:06:25","modified_gmt":"2024-06-29T22:06:25","slug":"itoh-denki-pm500bs-30-300-3-220","status":"publish","type":"product","link":"https:\/\/sipin.com.vn\/index.php\/product\/itoh-denki-pm500bs-30-300-3-220\/","title":{"rendered":"ITOH DENKI PM500BS-30-300-3-220"},"content":{"rendered":"<p>ITOH DENKI PM500BS-30-300-3-220<\/p>\n<p class=\"item-title rt-heading rt-mb-0x\"><span class=\"rt-align-middle rt-font-weight-semi-bold\">ITOH DENKI PM500FE-30-300-D-02<\/span><\/p>\n<p><span class=\"rt-align-middle rt-font-weight-semi-bold\">ITOH DENKI PM500FE-30-300-D-024-JD<\/span><\/p>\n<p>PM500BS-5-300-3-220-CR570A<\/p>\n<p>PM500BS-15-660-3-220-P2<\/p>\n<p class=\"indIKd GW0XC cS4Vcb-pGL6qe-fwJd0c\">PM500BS-20-1000-3-220<\/p>\n<p>Power Moller<br \/>\nPM570AS-20-300-3-220<br \/>\n\u2013 57mm diameter steel pipe<br \/>\n\u2013 Nominal speed; 20m\/min<br \/>\n\u2013 Tube length; 300mm<br \/>\n\u2013 Motor cable; 50mm<br \/>\n\u2013 D-shaped shaft for both sides<br \/>\n\u2013 3 phase 220V AC operated<br \/>\n\u2013 wl<br \/>\nMounting bracket<\/p>\n<h3><span>T\u00ednh n\u0103ng s\u1ea3n ph\u1ea9m<\/span><\/h3>\n<div class=\"clm02\">\n<p><span>Lo\u1ea1i \u0111a n\u0103ng c\u00f3 kh\u1ea3 n\u0103ng ho\u1ea1t \u0111\u1ed9ng li\u00ean t\u1ee5c v\u00e0 kh\u00f4ng li\u00ean t\u1ee5c.<\/span><br \/>\n<span>Th\u1eddi gian t\u1ed1i thi\u1ec3u cho ho\u1ea1t \u0111\u1ed9ng gi\u00e1n \u0111o\u1ea1n l\u00e0 3 gi\u00e2y B\u1eacT v\u00e0 2 gi\u00e2y T\u1eaeT.<\/span><br \/>\n<span>N\u1ebfu n\u00f3 kh\u00f3a l\u00e2u h\u01a1n 10 gi\u00e2y, vui l\u00f2ng ch\u1ecdn \u0111\u1ed9ng c\u01a1 \u1eafc quy (BU).\u00a0<\/span><\/p>\n<\/div>\n<h3><span>Th\u00f4ng s\u1ed1 s\u1ea3n ph\u1ea9m<\/span><\/h3>\n<div class=\"clm03\">\n<table class=\"ta01\">\n<tbody>\n<tr>\n<th><span>Lo\u1ea1i \u0111\u1ed9ng c\u01a1<\/span><\/th>\n<td><span>\u0111\u1ed9ng c\u01a1 ti\u00eau chu\u1ea9n<\/span><\/td>\n<\/tr>\n<tr>\n<th><span>\u0111\u01b0\u1eddng k\u00ednh \u1ed1ng<\/span><\/th>\n<td><span>\u03c650<\/span><\/td>\n<\/tr>\n<tr>\n<th><span>\u0111\u1ed9 d\u00e0y c\u1ee7a t\u01b0\u1eddng<\/span><\/th>\n<td><span>t1.4<\/span><\/td>\n<\/tr>\n<tr>\n<th><span>Ngu\u1ed3n c\u1ea5p<\/span><\/th>\n<td><span>3 pha 200V, 1 pha 100V<\/span><\/td>\n<\/tr>\n<tr>\n<th><span>v\u1eadt li\u1ec7u \u1ed1ng<\/span><\/th>\n<td><span>STKM12<\/span><\/td>\n<\/tr>\n<tr>\n<th><span>x\u1eed l\u00fd b\u1ec1 m\u1eb7t<\/span><\/th>\n<td><span>X\u1eed l\u00fd cromat h\u00f3a tr\u1ecb ba<\/span><\/td>\n<\/tr>\n<\/tbody>\n<\/table>\n<\/div>\n<p><img decoding=\"async\" src=\"https:\/\/cdn.komachine.com\/media\/product\/eunhyunind_4015_yewyrj.jpg\" \/><\/p>\n<p>&nbsp;<\/p>\n<p><img decoding=\"async\" src=\"https:\/\/cdn.komachine.com\/media\/product-desc\/eunhyunind_4015_akoabg.jpg\" alt=\"(\uc8fc)\uc740\ud604\uc0b0\uc5c5 \uc911\ud558\uc911\uc6a9 \ub864\ub7ec PM500\uc2dc\ub9ac\uc988 PM500BS\" \/><\/p>\n<p>&nbsp;<\/p>\n<p>\u0110\u1ea1i l\u00fd ITOH DENKI vietnam, ITOH DENKI viet nam, ITOH DENKI vietnam distributor, Ph\u00e2n ph\u1ed1i ITOH DENKI t\u1ea1i vi\u1ec7t nam<\/p>\n<p>\u0110\u1ea1i l\u00fd ITOH DENKI vietnam, ITOH DENKI viet nam, ITOH DENKI vietnam distributor, Ph\u00e2n ph\u1ed1i ITOH DENKI t\u1ea1i vi\u1ec7t nam<\/p>\n<p>\u0110\u1ea1i l\u00fd ITOH DENKI vietnam, ITOH DENKI viet nam, ITOH DENKI vietnam distributor, Ph\u00e2n ph\u1ed1i ITOH DENKI t\u1ea1i vi\u1ec7t nam<\/p>\n<p>\u0110\u1ea1i l\u00fd ITOH DENKI vietnam, ITOH DENKI viet nam, ITOH DENKI vietnam distributor, Ph\u00e2n ph\u1ed1i ITOH DENKI t\u1ea1i vi\u1ec7t nam<\/p>\n<p>\u0110\u1ea1i l\u00fd ITOH DENKI vietnam, ITOH DENKI viet nam, ITOH DENKI vietnam distributor, Ph\u00e2n ph\u1ed1i ITOH DENKI t\u1ea1i vi\u1ec7t nam<\/p>\n","protected":false},"excerpt":{"rendered":"<p>ITOH DENKI PM500BS-30-300-3-220 ITOH DENKI PM500FE-30-300-D-02 ITOH DENKI PM500FE-30-300-D-024-JD PM500BS-5-300-3-220-CR570A PM500BS-15-660-3-220-P2 PM500BS-20-1000-3-220 Power Moller PM570AS-20-300-3-220 \u2013 57mm diameter steel pipe \u2013 Nominal speed; 20m\/min \u2013 Tube length; 300mm \u2013 Motor cable; 50mm \u2013 D-shaped shaft for both sides \u2013 3 phase 220V AC operated \u2013 wl Mounting bracket T\u00ednh n\u0103ng&hellip; <\/p>\n","protected":false},"featured_media":950,"comment_status":"open","ping_status":"closed","template":"","meta":{"om_disable_all_campaigns":false,"_monsterinsights_skip_tracking":false,"_monsterinsights_sitenote_active":false,"_monsterinsights_sitenote_note":"","_monsterinsights_sitenote_category":0},"product_cat":[15],"product_tag":[256,255,120,254],"class_list":{"0":"post-949","1":"product","2":"type-product","3":"status-publish","4":"has-post-thumbnail","6":"product_cat-apex","7":"product_tag-con-lan","8":"product_tag-dai-ly-itoh-denki-viet-nam","9":"product_tag-dong-co","10":"product_tag-itoh-denki-viet-nam","12":"first","13":"instock","14":"shipping-taxable","15":"product-type-simple"},"aioseo_notices":[],"yoast_head":"<!-- This site is optimized with the Yoast SEO plugin v22.8 - https:\/\/yoast.com\/wordpress\/plugins\/seo\/ -->\n<title>ITOH DENKI PM500BS-30-300-3-220 - OMANI VI\u1ec6T NAM<\/title>\n<meta name=\"description\" content=\"Power Moller ITOH DENKI PM500BS-30-300-3-220 Conveyor\" \/>\n<meta name=\"robots\" content=\"index, follow, max-snippet:-1, max-image-preview:large, max-video-preview:-1\" \/>\n<link rel=\"canonical\" href=\"https:\/\/sipin.com.vn\/index.php\/product\/itoh-denki-pm500bs-30-300-3-220\/\" \/>\n<meta property=\"og:locale\" content=\"vi_VN\" \/>\n<meta property=\"og:type\" content=\"article\" \/>\n<meta property=\"og:title\" content=\"ITOH DENKI PM500BS-30-300-3-220 - OMANI VI\u1ec6T NAM\" \/>\n<meta property=\"og:description\" content=\"Power Moller ITOH DENKI PM500BS-30-300-3-220 Conveyor\" \/>\n<meta property=\"og:url\" content=\"https:\/\/sipin.com.vn\/index.php\/product\/itoh-denki-pm500bs-30-300-3-220\/\" \/>\n<meta property=\"og:site_name\" content=\"OMANI VI\u1ec6T NAM\" \/>\n<meta property=\"og:image\" content=\"https:\/\/sipin.com.vn\/wp-content\/uploads\/2024\/06\/PM500BS-30-300-3-220.png\" \/>\n\t<meta property=\"og:image:width\" content=\"688\" \/>\n\t<meta property=\"og:image:height\" content=\"403\" \/>\n\t<meta property=\"og:image:type\" content=\"image\/png\" \/>\n<meta name=\"twitter:card\" content=\"summary_large_image\" \/>\n<meta name=\"twitter:label1\" content=\"\u01af\u1edbc t\u00ednh th\u1eddi gian \u0111\u1ecdc\" \/>\n\t<meta name=\"twitter:data1\" content=\"2 ph\u00fat\" \/>\n<script type=\"application\/ld+json\" class=\"yoast-schema-graph\">{\"@context\":\"https:\/\/schema.org\",\"@graph\":[{\"@type\":\"WebPage\",\"@id\":\"https:\/\/sipin.com.vn\/index.php\/product\/itoh-denki-pm500bs-30-300-3-220\/\",\"url\":\"https:\/\/sipin.com.vn\/index.php\/product\/itoh-denki-pm500bs-30-300-3-220\/\",\"name\":\"ITOH DENKI PM500BS-30-300-3-220 - OMANI VI\u1ec6T NAM\",\"isPartOf\":{\"@id\":\"https:\/\/sipin.com.vn\/#website\"},\"primaryImageOfPage\":{\"@id\":\"https:\/\/sipin.com.vn\/index.php\/product\/itoh-denki-pm500bs-30-300-3-220\/#primaryimage\"},\"image\":{\"@id\":\"https:\/\/sipin.com.vn\/index.php\/product\/itoh-denki-pm500bs-30-300-3-220\/#primaryimage\"},\"thumbnailUrl\":\"https:\/\/sipin.com.vn\/wp-content\/uploads\/2024\/06\/PM500BS-30-300-3-220.png\",\"datePublished\":\"2024-06-29T22:06:25+00:00\",\"dateModified\":\"2024-06-29T22:06:25+00:00\",\"description\":\"Power Moller ITOH DENKI PM500BS-30-300-3-220 Conveyor\",\"breadcrumb\":{\"@id\":\"https:\/\/sipin.com.vn\/index.php\/product\/itoh-denki-pm500bs-30-300-3-220\/#breadcrumb\"},\"inLanguage\":\"vi\",\"potentialAction\":[{\"@type\":\"ReadAction\",\"target\":[\"https:\/\/sipin.com.vn\/index.php\/product\/itoh-denki-pm500bs-30-300-3-220\/\"]}]},{\"@type\":\"ImageObject\",\"inLanguage\":\"vi\",\"@id\":\"https:\/\/sipin.com.vn\/index.php\/product\/itoh-denki-pm500bs-30-300-3-220\/#primaryimage\",\"url\":\"https:\/\/sipin.com.vn\/wp-content\/uploads\/2024\/06\/PM500BS-30-300-3-220.png\",\"contentUrl\":\"https:\/\/sipin.com.vn\/wp-content\/uploads\/2024\/06\/PM500BS-30-300-3-220.png\",\"width\":688,\"height\":403},{\"@type\":\"BreadcrumbList\",\"@id\":\"https:\/\/sipin.com.vn\/index.php\/product\/itoh-denki-pm500bs-30-300-3-220\/#breadcrumb\",\"itemListElement\":[{\"@type\":\"ListItem\",\"position\":1,\"name\":\"Home\",\"item\":\"https:\/\/sipin.com.vn\/\"},{\"@type\":\"ListItem\",\"position\":2,\"name\":\"S\u1ea2N PH\u1ea8M\",\"item\":\"https:\/\/sipin.com.vn\/index.php\/cua-hang\/\"},{\"@type\":\"ListItem\",\"position\":3,\"name\":\"ITOH DENKI PM500BS-30-300-3-220\"}]},{\"@type\":\"WebSite\",\"@id\":\"https:\/\/sipin.com.vn\/#website\",\"url\":\"https:\/\/sipin.com.vn\/\",\"name\":\"OMANI VI\u1ec6T NAM\",\"description\":\"Nh\u00e0 ph\u00e2n ph\u1ed1i thi\u1ebft b\u1ecb kh\u00ed n\u00e9n v\u00e0 thi\u1ebft b\u1ecb t\u1ef1 \u0111\u1ed9ng h\u00f3a trong c\u00f4ng nghi\u1ec7p\",\"publisher\":{\"@id\":\"https:\/\/sipin.com.vn\/#\/schema\/person\/0ad398a980dc3fd696111c2c5c8fa897\"},\"potentialAction\":[{\"@type\":\"SearchAction\",\"target\":{\"@type\":\"EntryPoint\",\"urlTemplate\":\"https:\/\/sipin.com.vn\/?s={search_term_string}\"},\"query-input\":\"required name=search_term_string\"}],\"inLanguage\":\"vi\"},{\"@type\":[\"Person\",\"Organization\"],\"@id\":\"https:\/\/sipin.com.vn\/#\/schema\/person\/0ad398a980dc3fd696111c2c5c8fa897\",\"name\":\"Nguy\u1ec5n V\u0103n Kh\u00e1nh\",\"image\":{\"@type\":\"ImageObject\",\"inLanguage\":\"vi\",\"@id\":\"https:\/\/sipin.com.vn\/#\/schema\/person\/image\/\",\"url\":\"https:\/\/sipin.com.vn\/wp-content\/uploads\/2024\/06\/logo-1024x1024.png\",\"contentUrl\":\"https:\/\/sipin.com.vn\/wp-content\/uploads\/2024\/06\/logo-1024x1024.png\",\"width\":1024,\"height\":1024,\"caption\":\"Nguy\u1ec5n V\u0103n Kh\u00e1nh\"},\"logo\":{\"@id\":\"https:\/\/sipin.com.vn\/#\/schema\/person\/image\/\"},\"sameAs\":[\"https:\/\/sipin.com.vn\"]}]}<\/script>\n<!-- \/ Yoast SEO plugin. -->","yoast_head_json":{"title":"ITOH DENKI PM500BS-30-300-3-220 - OMANI VI\u1ec6T NAM","description":"Power Moller ITOH DENKI PM500BS-30-300-3-220 Conveyor","robots":{"index":"index","follow":"follow","max-snippet":"max-snippet:-1","max-image-preview":"max-image-preview:large","max-video-preview":"max-video-preview:-1"},"canonical":"https:\/\/sipin.com.vn\/index.php\/product\/itoh-denki-pm500bs-30-300-3-220\/","og_locale":"vi_VN","og_type":"article","og_title":"ITOH DENKI PM500BS-30-300-3-220 - OMANI VI\u1ec6T NAM","og_description":"Power Moller ITOH DENKI PM500BS-30-300-3-220 Conveyor","og_url":"https:\/\/sipin.com.vn\/index.php\/product\/itoh-denki-pm500bs-30-300-3-220\/","og_site_name":"OMANI VI\u1ec6T NAM","og_image":[{"width":688,"height":403,"url":"https:\/\/sipin.com.vn\/wp-content\/uploads\/2024\/06\/PM500BS-30-300-3-220.png","type":"image\/png"}],"twitter_card":"summary_large_image","twitter_misc":{"\u01af\u1edbc t\u00ednh th\u1eddi gian \u0111\u1ecdc":"2 ph\u00fat"},"schema":{"@context":"https:\/\/schema.org","@graph":[{"@type":"WebPage","@id":"https:\/\/sipin.com.vn\/index.php\/product\/itoh-denki-pm500bs-30-300-3-220\/","url":"https:\/\/sipin.com.vn\/index.php\/product\/itoh-denki-pm500bs-30-300-3-220\/","name":"ITOH DENKI PM500BS-30-300-3-220 - OMANI VI\u1ec6T NAM","isPartOf":{"@id":"https:\/\/sipin.com.vn\/#website"},"primaryImageOfPage":{"@id":"https:\/\/sipin.com.vn\/index.php\/product\/itoh-denki-pm500bs-30-300-3-220\/#primaryimage"},"image":{"@id":"https:\/\/sipin.com.vn\/index.php\/product\/itoh-denki-pm500bs-30-300-3-220\/#primaryimage"},"thumbnailUrl":"https:\/\/sipin.com.vn\/wp-content\/uploads\/2024\/06\/PM500BS-30-300-3-220.png","datePublished":"2024-06-29T22:06:25+00:00","dateModified":"2024-06-29T22:06:25+00:00","description":"Power Moller ITOH DENKI PM500BS-30-300-3-220 Conveyor","breadcrumb":{"@id":"https:\/\/sipin.com.vn\/index.php\/product\/itoh-denki-pm500bs-30-300-3-220\/#breadcrumb"},"inLanguage":"vi","potentialAction":[{"@type":"ReadAction","target":["https:\/\/sipin.com.vn\/index.php\/product\/itoh-denki-pm500bs-30-300-3-220\/"]}]},{"@type":"ImageObject","inLanguage":"vi","@id":"https:\/\/sipin.com.vn\/index.php\/product\/itoh-denki-pm500bs-30-300-3-220\/#primaryimage","url":"https:\/\/sipin.com.vn\/wp-content\/uploads\/2024\/06\/PM500BS-30-300-3-220.png","contentUrl":"https:\/\/sipin.com.vn\/wp-content\/uploads\/2024\/06\/PM500BS-30-300-3-220.png","width":688,"height":403},{"@type":"BreadcrumbList","@id":"https:\/\/sipin.com.vn\/index.php\/product\/itoh-denki-pm500bs-30-300-3-220\/#breadcrumb","itemListElement":[{"@type":"ListItem","position":1,"name":"Home","item":"https:\/\/sipin.com.vn\/"},{"@type":"ListItem","position":2,"name":"S\u1ea2N PH\u1ea8M","item":"https:\/\/sipin.com.vn\/index.php\/cua-hang\/"},{"@type":"ListItem","position":3,"name":"ITOH DENKI PM500BS-30-300-3-220"}]},{"@type":"WebSite","@id":"https:\/\/sipin.com.vn\/#website","url":"https:\/\/sipin.com.vn\/","name":"OMANI VI\u1ec6T NAM","description":"Nh\u00e0 ph\u00e2n ph\u1ed1i thi\u1ebft b\u1ecb kh\u00ed n\u00e9n v\u00e0 thi\u1ebft b\u1ecb t\u1ef1 \u0111\u1ed9ng h\u00f3a trong c\u00f4ng nghi\u1ec7p","publisher":{"@id":"https:\/\/sipin.com.vn\/#\/schema\/person\/0ad398a980dc3fd696111c2c5c8fa897"},"potentialAction":[{"@type":"SearchAction","target":{"@type":"EntryPoint","urlTemplate":"https:\/\/sipin.com.vn\/?s={search_term_string}"},"query-input":"required name=search_term_string"}],"inLanguage":"vi"},{"@type":["Person","Organization"],"@id":"https:\/\/sipin.com.vn\/#\/schema\/person\/0ad398a980dc3fd696111c2c5c8fa897","name":"Nguy\u1ec5n V\u0103n Kh\u00e1nh","image":{"@type":"ImageObject","inLanguage":"vi","@id":"https:\/\/sipin.com.vn\/#\/schema\/person\/image\/","url":"https:\/\/sipin.com.vn\/wp-content\/uploads\/2024\/06\/logo-1024x1024.png","contentUrl":"https:\/\/sipin.com.vn\/wp-content\/uploads\/2024\/06\/logo-1024x1024.png","width":1024,"height":1024,"caption":"Nguy\u1ec5n V\u0103n Kh\u00e1nh"},"logo":{"@id":"https:\/\/sipin.com.vn\/#\/schema\/person\/image\/"},"sameAs":["https:\/\/sipin.com.vn"]}]}},"_links":{"self":[{"href":"https:\/\/sipin.com.vn\/index.php\/wp-json\/wp\/v2\/product\/949","targetHints":{"allow":["GET"]}}],"collection":[{"href":"https:\/\/sipin.com.vn\/index.php\/wp-json\/wp\/v2\/product"}],"about":[{"href":"https:\/\/sipin.com.vn\/index.php\/wp-json\/wp\/v2\/types\/product"}],"replies":[{"embeddable":true,"href":"https:\/\/sipin.com.vn\/index.php\/wp-json\/wp\/v2\/comments?post=949"}],"wp:featuredmedia":[{"embeddable":true,"href":"https:\/\/sipin.com.vn\/index.php\/wp-json\/wp\/v2\/media\/950"}],"wp:attachment":[{"href":"https:\/\/sipin.com.vn\/index.php\/wp-json\/wp\/v2\/media?parent=949"}],"wp:term":[{"taxonomy":"product_cat","embeddable":true,"href":"https:\/\/sipin.com.vn\/index.php\/wp-json\/wp\/v2\/product_cat?post=949"},{"taxonomy":"product_tag","embeddable":true,"href":"https:\/\/sipin.com.vn\/index.php\/wp-json\/wp\/v2\/product_tag?post=949"}],"curies":[{"name":"wp","href":"https:\/\/api.w.org\/{rel}","templated":true}]}}