{"id":946,"date":"2024-06-29T22:39:52","date_gmt":"2024-06-29T15:39:52","guid":{"rendered":"https:\/\/omanivietnam.com\/?post_type=product&#038;p=946"},"modified":"2024-06-29T22:39:52","modified_gmt":"2024-06-29T15:39:52","slug":"itoh-denki-pm486bs-20-366-1-115-jh-p2","status":"publish","type":"product","link":"https:\/\/sipin.com.vn\/index.php\/product\/itoh-denki-pm486bs-20-366-1-115-jh-p2\/","title":{"rendered":"ITOH DENKI PM486BS-20-366-1-115-JH-P2"},"content":{"rendered":"<p>ITOH DENKI PM486BS-20-366-1-115-JH-P2<\/p>\n<p class=\"LC20lb MBeuO DKV0Md\">PM486BS-15-500-1-100<\/p>\n<p class=\"LC20lb MBeuO DKV0Md\">PM486BS-40-388-3-200-BR-P2<\/p>\n<p class=\"LC20lb MBeuO DKV0Md\">ITOH DENKI Power Moller PM486BS-15-600-1-115-DR<\/p>\n<p class=\"m-h1\">AC Roller for Medium and Light Loads, \u00f848.6 (PM486BS-15-500-1-100)<\/p>\n<table class=\"m-listTable\" summary=\"Price, Spec., etc.\">\n<tbody>\n<tr>\n<th>Long Roller Type<\/th>\n<td>With Motor<\/td>\n<th>Type<\/th>\n<td>Long Roller<\/td>\n<\/tr>\n<tr>\n<th>Outer Dia. D(\u00d8)<\/th>\n<td>48.6<\/td>\n<th>Roller Material<\/th>\n<td>[Steel] STKM12<\/td>\n<\/tr>\n<tr>\n<th>Shaft Type<\/th>\n<td>Shaft<\/td>\n<th>Bearing<\/th>\n<td>No<\/td>\n<\/tr>\n<tr>\n<th>Width W(mm)<\/th>\n<td>500<\/td>\n<th>Drive<\/th>\n<td>Standard<\/td>\n<\/tr>\n<tr>\n<th>Surface Treatment<\/th>\n<td>[Chromate] Trivalent Chromate<\/td>\n<th>Properties<\/th>\n<td>Standard<\/td>\n<\/tr>\n<tr>\n<th>Power Supply<\/th>\n<td>Single-phase100V<\/td>\n<th>Lining<\/th>\n<td>No<\/td>\n<\/tr>\n<\/tbody>\n<\/table>\n<p>&nbsp;<\/p>\n<p>&nbsp;<\/p>\n<h3 class=\"m-h3\"><span data-lang=\"ENG\">Basic Information<\/span><\/h3>\n<table class=\"m-listTable\" summary=\"Basic Information\">\n<colgroup>\n<col width=\"14.5%\" \/>\n<col width=\"18.8%\" \/>\n<col width=\"14.5%\" \/>\n<col width=\"18.8%\" \/>\n<col width=\"14.5%\" \/>\n<col width=\"18.8%\" \/><\/colgroup>\n<tbody>\n<tr>\n<th>Long Roller Type<\/th>\n<td>with motor<\/td>\n<th>Type<\/th>\n<td><a class=\"m-linkSEO\" href=\"https:\/\/vn.misumi-ec.com\/vona2\/mech\/M1100000000\/M1105000000\/M1105020000\/?CategorySpec=00000196328%3a%3aa\" target=\"_blank\" rel=\"noopener\">Long Roller<\/a><\/td>\n<th>Outer Dia. D(\u00d8)<\/th>\n<td>48.6<\/td>\n<\/tr>\n<tr>\n<th>Roller Material<\/th>\n<td><\/td>\n<th>Shaft Type<\/th>\n<td><a class=\"m-linkSEO\" href=\"https:\/\/vn.misumi-ec.com\/vona2\/mech\/M1100000000\/M1105000000\/M1105020000\/?CategorySpec=00000196254%3a%3ab\" target=\"_blank\" rel=\"noopener\">Shaft<\/a><\/td>\n<th>Bearing<\/th>\n<td>No<\/td>\n<\/tr>\n<tr>\n<th>Width W(mm)<\/th>\n<td>500<\/td>\n<th>Drive<\/th>\n<td>Standard<\/td>\n<th>Surface Treatment<\/th>\n<td><\/td>\n<\/tr>\n<tr>\n<th>Properties<\/th>\n<td>Standard<\/td>\n<th>Power Supply<\/th>\n<td><a class=\"m-linkSEO\" href=\"https:\/\/vn.misumi-ec.com\/vona2\/mech\/M1100000000\/M1105000000\/M1105020000\/?CategorySpec=00000196333%3a%3aa\" target=\"_blank\" rel=\"noopener\">Single-phase100V<\/a><\/td>\n<th>Lining<\/th>\n<td>No<\/td>\n<\/tr>\n<tr>\n<th>Load (Reference)(N)<\/th>\n<td>980 or Less<\/td>\n<th>Motor Type<\/th>\n<td>Standard Motor<\/td>\n<th>Nominal Peripheral Speed(m\/min)<\/th>\n<td>15<\/td>\n<\/tr>\n<\/tbody>\n<\/table>\n<p>&nbsp;<\/p>\n<table width=\"419\">\n<tbody>\n<tr>\n<td><strong>MODEL<\/strong><\/td>\n<td><strong>ITOH DENKI<\/strong><\/td>\n<\/tr>\n<tr>\n<td>CB-016N6<\/td>\n<td>ITOH DENKI<\/td>\n<\/tr>\n<tr>\n<td>ARI-48-200-JH-VP<\/td>\n<td>ITOH DENKI<\/td>\n<\/tr>\n<tr>\n<td>ARI-48-200-JH-VP<\/td>\n<td>ITOH DENKI<\/td>\n<\/tr>\n<tr>\n<td>PM500FE-17-590-D-024-JD<\/td>\n<td>ITOH DENKI<\/td>\n<\/tr>\n<tr>\n<td>PM500FE-17-990-D-024-JD<\/td>\n<td>ITOH DENKI<\/td>\n<\/tr>\n<tr>\n<td>PM500FE-17-550-D-024-JD<\/td>\n<td>ITOH DENKI<\/td>\n<\/tr>\n<tr>\n<td>CB-016N6<\/td>\n<td>ITOH DENKI<\/td>\n<\/tr>\n<tr>\n<td>PM500FE-17-550-D-024-JD<\/td>\n<td>ITOH DENKI<\/td>\n<\/tr>\n<tr>\n<td>PM380AS-5-700-3-200-BR-PS<\/td>\n<td>ITOH DENKI<\/td>\n<\/tr>\n<tr>\n<td>TF10 L1630 W19<\/td>\n<td>ITOH DENKI<\/td>\n<\/tr>\n<tr>\n<td>3PJ-336<\/td>\n<td>ITOH DENKI<\/td>\n<\/tr>\n<tr>\n<td>F-RAT-S1-PU<\/td>\n<td>ITOH DENKI<\/td>\n<\/tr>\n<tr>\n<td>M6\u00d730<\/td>\n<td>ITOH DENKI<\/td>\n<\/tr>\n<tr>\n<td>M6<\/td>\n<td>ITOH DENKI<\/td>\n<\/tr>\n<tr>\n<td>ARI-50-674-JH-VG<\/td>\n<td>ITOH DENKI<\/td>\n<\/tr>\n<tr>\n<td>\u00a0CB-016N6<\/td>\n<td>ITOH DENKI<\/td>\n<\/tr>\n<tr>\n<td>PM500FE-60-674-D-024-JW-C150-VG<\/td>\n<td>ITOH DENKI<\/td>\n<\/tr>\n<tr>\n<td>PM500FE-60-592-D-024-JG-C150<\/td>\n<td>ITOH DENKI<\/td>\n<\/tr>\n<tr>\n<td>PM500FE-60-292-D-024-JG-C150<\/td>\n<td>ITOH DENKI<\/td>\n<\/tr>\n<tr>\n<td>PM500FE-60-492-D-024-JG-C150<\/td>\n<td>ITOH DENKI<\/td>\n<\/tr>\n<tr>\n<td>PM500FE-60-392-D-024-JG-C150<\/td>\n<td>ITOH DENKI<\/td>\n<\/tr>\n<tr>\n<td>PM500FE-60-277-D-024-JG-C150<\/td>\n<td>ITOH DENKI<\/td>\n<\/tr>\n<tr>\n<td>PM380AS-10-480-3-220-C100<\/td>\n<td>ITOH DENKI<\/td>\n<\/tr>\n<tr>\n<td>PM570AS-5-500-3-200-BW<\/td>\n<td>ITOH DENKI<\/td>\n<\/tr>\n<tr>\n<td>C300-NR700A<\/td>\n<td>ITOH DENKI<\/td>\n<\/tr>\n<tr>\n<td>PM500FE-60-937-D-024-JD-P2<\/td>\n<td>ITOH DENKI<\/td>\n<\/tr>\n<tr>\n<td>F-RAT-S300-60P-B-S1-OS<\/td>\n<td>ITOH DENKI<\/td>\n<\/tr>\n<tr>\n<td>F-RAT-S300-60-P-B-S1<\/td>\n<td>ITOH DENKI<\/td>\n<\/tr>\n<tr>\n<td>PM486BS-40-488-3-200<\/td>\n<td>ITOH DENKI<\/td>\n<\/tr>\n<tr>\n<td>PM486BS-40-488-3-200-P2<\/td>\n<td>ITOH DENKI<\/td>\n<\/tr>\n<tr>\n<td>PM486BS-50-388-3-200-P2<\/td>\n<td>ITOH DENKI<\/td>\n<\/tr>\n<tr>\n<td>PM486BS-50-388-3-200<\/td>\n<td>ITOH DENKI<\/td>\n<\/tr>\n<tr>\n<td>PM486BS-50-688-3-200-P2<\/td>\n<td>ITOH DENKI<\/td>\n<\/tr>\n<tr>\n<td>PM486BS-50-688-3-200<\/td>\n<td>ITOH DENKI<\/td>\n<\/tr>\n<tr>\n<td>PM486FE-60-788-D-024<\/td>\n<td>ITOH DENKI<\/td>\n<\/tr>\n<tr>\n<td>PM500FE-60-292-D-024-JG-C150<\/td>\n<td>ITOH DENKI<\/td>\n<\/tr>\n<tr>\n<td>TF10 L1630 W19<\/td>\n<td>ITOH DENKI<\/td>\n<\/tr>\n<tr>\n<td>PM486FE-60-588-D-024-P2<\/td>\n<td>ITOH DENKI<\/td>\n<\/tr>\n<tr>\n<td>PM486FE-60-488-D-024<\/td>\n<td>ITOH DENKI<\/td>\n<\/tr>\n<tr>\n<td>CFTG-27-F\u3000\u5e4530mm\u3000\u30d9\u30eb\u30c8\u95774516<\/td>\n<td>ITOH DENKI<\/td>\n<\/tr>\n<tr>\n<td>CFTG-27-F\u3000\u5e4530mm\u3000\u30d9\u30eb\u30c8\u95776890<\/td>\n<td>ITOH DENKI<\/td>\n<\/tr>\n<tr>\n<td>CFTG-27-F\u3000\u5e4530mm\u3000\u30d9\u30eb\u30c8\u95772702<\/td>\n<td>ITOH DENKI<\/td>\n<\/tr>\n<tr>\n<td>PM500FE-17-590-D-024-JD<\/td>\n<td>ITOH DENKI<\/td>\n<\/tr>\n<tr>\n<td>PM486BS-40-488-3-200<\/td>\n<td>ITOH DENKI<\/td>\n<\/tr>\n<tr>\n<td>PM486BS-40-488-3-200-P2<\/td>\n<td>ITOH DENKI<\/td>\n<\/tr>\n<tr>\n<td>IDR-48-360-JH-VG<\/td>\n<td>ITOH DENKI<\/td>\n<\/tr>\n<tr>\n<td>IDR-48-560-JH-VG<\/td>\n<td>ITOH DENKI<\/td>\n<\/tr>\n<tr>\n<td>TF10 L1630 W19<\/td>\n<td>ITOH DENKI<\/td>\n<\/tr>\n<tr>\n<td>IDR-48-360-JH-VG<\/td>\n<td>ITOH DENKI<\/td>\n<\/tr>\n<tr>\n<td>IDR-48-560-JH-VG<\/td>\n<td>ITOH DENKI<\/td>\n<\/tr>\n<tr>\n<td>ARI-48-360-JH-VG<\/td>\n<td>ITOH DENKI<\/td>\n<\/tr>\n<tr>\n<td>ARI- 48-560-JH-VG<\/td>\n<td>ITOH DENKI<\/td>\n<\/tr>\n<tr>\n<td>LM486BS-10-500-3-200-UR546A<\/td>\n<td>ITOH DENKI<\/td>\n<\/tr>\n<tr>\n<td>PM500FE-20-560-D-024-JD-VP<\/td>\n<td>ITOH DENKI<\/td>\n<\/tr>\n<\/tbody>\n<\/table>\n<p>\u0110\u1ea1i l\u00fd ITOH DENKI vietnam, ITOH DENKI viet nam, ITOH DENKI vietnam distributor, Ph\u00e2n ph\u1ed1i ITOH DENKI t\u1ea1i vi\u1ec7t nam<\/p>\n<p>\u0110\u1ea1i l\u00fd ITOH DENKI vietnam, ITOH DENKI viet nam, ITOH DENKI vietnam distributor, Ph\u00e2n ph\u1ed1i ITOH DENKI t\u1ea1i vi\u1ec7t nam<\/p>\n<p>\u0110\u1ea1i l\u00fd ITOH DENKI vietnam, ITOH DENKI viet nam, ITOH DENKI vietnam distributor, Ph\u00e2n ph\u1ed1i ITOH DENKI t\u1ea1i vi\u1ec7t nam<\/p>\n<p>\u0110\u1ea1i l\u00fd ITOH DENKI vietnam, ITOH DENKI viet nam, ITOH DENKI vietnam distributor, Ph\u00e2n ph\u1ed1i ITOH DENKI t\u1ea1i vi\u1ec7t nam<\/p>\n<p>\u0110\u1ea1i l\u00fd ITOH DENKI vietnam, ITOH DENKI viet nam, ITOH DENKI vietnam distributor, Ph\u00e2n ph\u1ed1i ITOH DENKI t\u1ea1i vi\u1ec7t nam<\/p>\n","protected":false},"excerpt":{"rendered":"<p>ITOH DENKI PM486BS-20-366-1-115-JH-P2 PM486BS-15-500-1-100 PM486BS-40-388-3-200-BR-P2 ITOH DENKI Power Moller PM486BS-15-600-1-115-DR AC Roller for Medium and Light Loads, \u00f848.6 (PM486BS-15-500-1-100) Long Roller Type With Motor Type Long Roller Outer Dia. D(\u00d8) 48.6 Roller Material [Steel] STKM12 Shaft Type Shaft Bearing No Width W(mm) 500 Drive Standard Surface Treatment [Chromate] Trivalent Chromate&hellip; <\/p>\n","protected":false},"featured_media":947,"comment_status":"open","ping_status":"closed","template":"","meta":{"om_disable_all_campaigns":false,"_monsterinsights_skip_tracking":false,"_monsterinsights_sitenote_active":false,"_monsterinsights_sitenote_note":"","_monsterinsights_sitenote_category":0},"product_cat":[15],"product_tag":[256,255,120,254],"class_list":{"0":"post-946","1":"product","2":"type-product","3":"status-publish","4":"has-post-thumbnail","6":"product_cat-apex","7":"product_tag-con-lan","8":"product_tag-dai-ly-itoh-denki-viet-nam","9":"product_tag-dong-co","10":"product_tag-itoh-denki-viet-nam","12":"first","13":"instock","14":"shipping-taxable","15":"product-type-simple"},"aioseo_notices":[],"yoast_head":"<!-- This site is optimized with the Yoast SEO plugin v22.8 - https:\/\/yoast.com\/wordpress\/plugins\/seo\/ -->\n<title>ITOH DENKI PM486BS-20-366-1-115-JH-P2 - OMANI VI\u1ec6T NAM<\/title>\n<meta name=\"description\" content=\"ITOH DENKI MOTORIZED CONVEYOR ROLLER PM486BS-20-366-1-115-JH-P2\" \/>\n<meta name=\"robots\" content=\"index, follow, max-snippet:-1, max-image-preview:large, max-video-preview:-1\" \/>\n<link rel=\"canonical\" href=\"https:\/\/sipin.com.vn\/index.php\/product\/itoh-denki-pm486bs-20-366-1-115-jh-p2\/\" \/>\n<meta property=\"og:locale\" content=\"vi_VN\" \/>\n<meta property=\"og:type\" content=\"article\" \/>\n<meta property=\"og:title\" content=\"ITOH DENKI PM486BS-20-366-1-115-JH-P2 - OMANI VI\u1ec6T NAM\" \/>\n<meta property=\"og:description\" content=\"ITOH DENKI MOTORIZED CONVEYOR ROLLER PM486BS-20-366-1-115-JH-P2\" \/>\n<meta property=\"og:url\" content=\"https:\/\/sipin.com.vn\/index.php\/product\/itoh-denki-pm486bs-20-366-1-115-jh-p2\/\" \/>\n<meta property=\"og:site_name\" content=\"OMANI VI\u1ec6T NAM\" \/>\n<meta property=\"og:image\" content=\"https:\/\/sipin.com.vn\/wp-content\/uploads\/2024\/06\/PM486BS-20-366-1-115-JH-P2.png\" \/>\n\t<meta property=\"og:image:width\" content=\"468\" \/>\n\t<meta property=\"og:image:height\" content=\"493\" \/>\n\t<meta property=\"og:image:type\" content=\"image\/png\" \/>\n<meta name=\"twitter:card\" content=\"summary_large_image\" \/>\n<meta name=\"twitter:label1\" content=\"\u01af\u1edbc t\u00ednh th\u1eddi gian \u0111\u1ecdc\" \/>\n\t<meta name=\"twitter:data1\" content=\"3 ph\u00fat\" \/>\n<script type=\"application\/ld+json\" class=\"yoast-schema-graph\">{\"@context\":\"https:\/\/schema.org\",\"@graph\":[{\"@type\":\"WebPage\",\"@id\":\"https:\/\/sipin.com.vn\/index.php\/product\/itoh-denki-pm486bs-20-366-1-115-jh-p2\/\",\"url\":\"https:\/\/sipin.com.vn\/index.php\/product\/itoh-denki-pm486bs-20-366-1-115-jh-p2\/\",\"name\":\"ITOH DENKI PM486BS-20-366-1-115-JH-P2 - OMANI VI\u1ec6T NAM\",\"isPartOf\":{\"@id\":\"https:\/\/sipin.com.vn\/#website\"},\"primaryImageOfPage\":{\"@id\":\"https:\/\/sipin.com.vn\/index.php\/product\/itoh-denki-pm486bs-20-366-1-115-jh-p2\/#primaryimage\"},\"image\":{\"@id\":\"https:\/\/sipin.com.vn\/index.php\/product\/itoh-denki-pm486bs-20-366-1-115-jh-p2\/#primaryimage\"},\"thumbnailUrl\":\"https:\/\/sipin.com.vn\/wp-content\/uploads\/2024\/06\/PM486BS-20-366-1-115-JH-P2.png\",\"datePublished\":\"2024-06-29T15:39:52+00:00\",\"dateModified\":\"2024-06-29T15:39:52+00:00\",\"description\":\"ITOH DENKI MOTORIZED CONVEYOR ROLLER PM486BS-20-366-1-115-JH-P2\",\"breadcrumb\":{\"@id\":\"https:\/\/sipin.com.vn\/index.php\/product\/itoh-denki-pm486bs-20-366-1-115-jh-p2\/#breadcrumb\"},\"inLanguage\":\"vi\",\"potentialAction\":[{\"@type\":\"ReadAction\",\"target\":[\"https:\/\/sipin.com.vn\/index.php\/product\/itoh-denki-pm486bs-20-366-1-115-jh-p2\/\"]}]},{\"@type\":\"ImageObject\",\"inLanguage\":\"vi\",\"@id\":\"https:\/\/sipin.com.vn\/index.php\/product\/itoh-denki-pm486bs-20-366-1-115-jh-p2\/#primaryimage\",\"url\":\"https:\/\/sipin.com.vn\/wp-content\/uploads\/2024\/06\/PM486BS-20-366-1-115-JH-P2.png\",\"contentUrl\":\"https:\/\/sipin.com.vn\/wp-content\/uploads\/2024\/06\/PM486BS-20-366-1-115-JH-P2.png\",\"width\":468,\"height\":493},{\"@type\":\"BreadcrumbList\",\"@id\":\"https:\/\/sipin.com.vn\/index.php\/product\/itoh-denki-pm486bs-20-366-1-115-jh-p2\/#breadcrumb\",\"itemListElement\":[{\"@type\":\"ListItem\",\"position\":1,\"name\":\"Home\",\"item\":\"https:\/\/sipin.com.vn\/\"},{\"@type\":\"ListItem\",\"position\":2,\"name\":\"S\u1ea2N PH\u1ea8M\",\"item\":\"https:\/\/sipin.com.vn\/index.php\/cua-hang\/\"},{\"@type\":\"ListItem\",\"position\":3,\"name\":\"ITOH DENKI PM486BS-20-366-1-115-JH-P2\"}]},{\"@type\":\"WebSite\",\"@id\":\"https:\/\/sipin.com.vn\/#website\",\"url\":\"https:\/\/sipin.com.vn\/\",\"name\":\"OMANI VI\u1ec6T NAM\",\"description\":\"Nh\u00e0 ph\u00e2n ph\u1ed1i thi\u1ebft b\u1ecb kh\u00ed n\u00e9n v\u00e0 thi\u1ebft b\u1ecb t\u1ef1 \u0111\u1ed9ng h\u00f3a trong c\u00f4ng nghi\u1ec7p\",\"publisher\":{\"@id\":\"https:\/\/sipin.com.vn\/#\/schema\/person\/0ad398a980dc3fd696111c2c5c8fa897\"},\"potentialAction\":[{\"@type\":\"SearchAction\",\"target\":{\"@type\":\"EntryPoint\",\"urlTemplate\":\"https:\/\/sipin.com.vn\/?s={search_term_string}\"},\"query-input\":\"required name=search_term_string\"}],\"inLanguage\":\"vi\"},{\"@type\":[\"Person\",\"Organization\"],\"@id\":\"https:\/\/sipin.com.vn\/#\/schema\/person\/0ad398a980dc3fd696111c2c5c8fa897\",\"name\":\"Nguy\u1ec5n V\u0103n Kh\u00e1nh\",\"image\":{\"@type\":\"ImageObject\",\"inLanguage\":\"vi\",\"@id\":\"https:\/\/sipin.com.vn\/#\/schema\/person\/image\/\",\"url\":\"https:\/\/sipin.com.vn\/wp-content\/uploads\/2024\/06\/logo-1024x1024.png\",\"contentUrl\":\"https:\/\/sipin.com.vn\/wp-content\/uploads\/2024\/06\/logo-1024x1024.png\",\"width\":1024,\"height\":1024,\"caption\":\"Nguy\u1ec5n V\u0103n Kh\u00e1nh\"},\"logo\":{\"@id\":\"https:\/\/sipin.com.vn\/#\/schema\/person\/image\/\"},\"sameAs\":[\"https:\/\/sipin.com.vn\"]}]}<\/script>\n<!-- \/ Yoast SEO plugin. -->","yoast_head_json":{"title":"ITOH DENKI PM486BS-20-366-1-115-JH-P2 - OMANI VI\u1ec6T NAM","description":"ITOH DENKI MOTORIZED CONVEYOR ROLLER PM486BS-20-366-1-115-JH-P2","robots":{"index":"index","follow":"follow","max-snippet":"max-snippet:-1","max-image-preview":"max-image-preview:large","max-video-preview":"max-video-preview:-1"},"canonical":"https:\/\/sipin.com.vn\/index.php\/product\/itoh-denki-pm486bs-20-366-1-115-jh-p2\/","og_locale":"vi_VN","og_type":"article","og_title":"ITOH DENKI PM486BS-20-366-1-115-JH-P2 - OMANI VI\u1ec6T NAM","og_description":"ITOH DENKI MOTORIZED CONVEYOR ROLLER PM486BS-20-366-1-115-JH-P2","og_url":"https:\/\/sipin.com.vn\/index.php\/product\/itoh-denki-pm486bs-20-366-1-115-jh-p2\/","og_site_name":"OMANI VI\u1ec6T NAM","og_image":[{"width":468,"height":493,"url":"https:\/\/sipin.com.vn\/wp-content\/uploads\/2024\/06\/PM486BS-20-366-1-115-JH-P2.png","type":"image\/png"}],"twitter_card":"summary_large_image","twitter_misc":{"\u01af\u1edbc t\u00ednh th\u1eddi gian \u0111\u1ecdc":"3 ph\u00fat"},"schema":{"@context":"https:\/\/schema.org","@graph":[{"@type":"WebPage","@id":"https:\/\/sipin.com.vn\/index.php\/product\/itoh-denki-pm486bs-20-366-1-115-jh-p2\/","url":"https:\/\/sipin.com.vn\/index.php\/product\/itoh-denki-pm486bs-20-366-1-115-jh-p2\/","name":"ITOH DENKI PM486BS-20-366-1-115-JH-P2 - OMANI VI\u1ec6T NAM","isPartOf":{"@id":"https:\/\/sipin.com.vn\/#website"},"primaryImageOfPage":{"@id":"https:\/\/sipin.com.vn\/index.php\/product\/itoh-denki-pm486bs-20-366-1-115-jh-p2\/#primaryimage"},"image":{"@id":"https:\/\/sipin.com.vn\/index.php\/product\/itoh-denki-pm486bs-20-366-1-115-jh-p2\/#primaryimage"},"thumbnailUrl":"https:\/\/sipin.com.vn\/wp-content\/uploads\/2024\/06\/PM486BS-20-366-1-115-JH-P2.png","datePublished":"2024-06-29T15:39:52+00:00","dateModified":"2024-06-29T15:39:52+00:00","description":"ITOH DENKI MOTORIZED CONVEYOR ROLLER PM486BS-20-366-1-115-JH-P2","breadcrumb":{"@id":"https:\/\/sipin.com.vn\/index.php\/product\/itoh-denki-pm486bs-20-366-1-115-jh-p2\/#breadcrumb"},"inLanguage":"vi","potentialAction":[{"@type":"ReadAction","target":["https:\/\/sipin.com.vn\/index.php\/product\/itoh-denki-pm486bs-20-366-1-115-jh-p2\/"]}]},{"@type":"ImageObject","inLanguage":"vi","@id":"https:\/\/sipin.com.vn\/index.php\/product\/itoh-denki-pm486bs-20-366-1-115-jh-p2\/#primaryimage","url":"https:\/\/sipin.com.vn\/wp-content\/uploads\/2024\/06\/PM486BS-20-366-1-115-JH-P2.png","contentUrl":"https:\/\/sipin.com.vn\/wp-content\/uploads\/2024\/06\/PM486BS-20-366-1-115-JH-P2.png","width":468,"height":493},{"@type":"BreadcrumbList","@id":"https:\/\/sipin.com.vn\/index.php\/product\/itoh-denki-pm486bs-20-366-1-115-jh-p2\/#breadcrumb","itemListElement":[{"@type":"ListItem","position":1,"name":"Home","item":"https:\/\/sipin.com.vn\/"},{"@type":"ListItem","position":2,"name":"S\u1ea2N PH\u1ea8M","item":"https:\/\/sipin.com.vn\/index.php\/cua-hang\/"},{"@type":"ListItem","position":3,"name":"ITOH DENKI PM486BS-20-366-1-115-JH-P2"}]},{"@type":"WebSite","@id":"https:\/\/sipin.com.vn\/#website","url":"https:\/\/sipin.com.vn\/","name":"OMANI VI\u1ec6T NAM","description":"Nh\u00e0 ph\u00e2n ph\u1ed1i thi\u1ebft b\u1ecb kh\u00ed n\u00e9n v\u00e0 thi\u1ebft b\u1ecb t\u1ef1 \u0111\u1ed9ng h\u00f3a trong c\u00f4ng nghi\u1ec7p","publisher":{"@id":"https:\/\/sipin.com.vn\/#\/schema\/person\/0ad398a980dc3fd696111c2c5c8fa897"},"potentialAction":[{"@type":"SearchAction","target":{"@type":"EntryPoint","urlTemplate":"https:\/\/sipin.com.vn\/?s={search_term_string}"},"query-input":"required name=search_term_string"}],"inLanguage":"vi"},{"@type":["Person","Organization"],"@id":"https:\/\/sipin.com.vn\/#\/schema\/person\/0ad398a980dc3fd696111c2c5c8fa897","name":"Nguy\u1ec5n V\u0103n Kh\u00e1nh","image":{"@type":"ImageObject","inLanguage":"vi","@id":"https:\/\/sipin.com.vn\/#\/schema\/person\/image\/","url":"https:\/\/sipin.com.vn\/wp-content\/uploads\/2024\/06\/logo-1024x1024.png","contentUrl":"https:\/\/sipin.com.vn\/wp-content\/uploads\/2024\/06\/logo-1024x1024.png","width":1024,"height":1024,"caption":"Nguy\u1ec5n V\u0103n Kh\u00e1nh"},"logo":{"@id":"https:\/\/sipin.com.vn\/#\/schema\/person\/image\/"},"sameAs":["https:\/\/sipin.com.vn"]}]}},"_links":{"self":[{"href":"https:\/\/sipin.com.vn\/index.php\/wp-json\/wp\/v2\/product\/946","targetHints":{"allow":["GET"]}}],"collection":[{"href":"https:\/\/sipin.com.vn\/index.php\/wp-json\/wp\/v2\/product"}],"about":[{"href":"https:\/\/sipin.com.vn\/index.php\/wp-json\/wp\/v2\/types\/product"}],"replies":[{"embeddable":true,"href":"https:\/\/sipin.com.vn\/index.php\/wp-json\/wp\/v2\/comments?post=946"}],"wp:featuredmedia":[{"embeddable":true,"href":"https:\/\/sipin.com.vn\/index.php\/wp-json\/wp\/v2\/media\/947"}],"wp:attachment":[{"href":"https:\/\/sipin.com.vn\/index.php\/wp-json\/wp\/v2\/media?parent=946"}],"wp:term":[{"taxonomy":"product_cat","embeddable":true,"href":"https:\/\/sipin.com.vn\/index.php\/wp-json\/wp\/v2\/product_cat?post=946"},{"taxonomy":"product_tag","embeddable":true,"href":"https:\/\/sipin.com.vn\/index.php\/wp-json\/wp\/v2\/product_tag?post=946"}],"curies":[{"name":"wp","href":"https:\/\/api.w.org\/{rel}","templated":true}]}}