{"id":940,"date":"2024-06-29T21:44:53","date_gmt":"2024-06-29T14:44:53","guid":{"rendered":"https:\/\/omanivietnam.com\/?post_type=product&#038;p=940"},"modified":"2024-06-29T21:45:06","modified_gmt":"2024-06-29T14:45:06","slug":"itoh-denki-pm380as-15-500-3-220-br","status":"publish","type":"product","link":"https:\/\/sipin.com.vn\/index.php\/product\/itoh-denki-pm380as-15-500-3-220-br\/","title":{"rendered":"ITOH DENKI PM380AS-15-500-3-220-BR"},"content":{"rendered":"<p>ITOH DENKI PM380AS-15-500-3-220-BR<\/p>\n<p class=\"LC20lb MBeuO DKV0Md\">ITOH DENKI PM380AS-10-220-3-200<\/p>\n<p class=\"LC20lb MBeuO DKV0Md\">ITOH DENKI PM380AS-20-400-3-200-BR-NR420A<\/p>\n<p class=\"LC20lb MBeuO DKV0Md\">ITOH DENKI PM380AS-5-700-3-200-BR-PS<\/p>\n<p class=\"LC20lb MBeuO DKV0Md\">ITOH DENKI PM380AS-5-600-3-200-BR-PS<\/p>\n<p class=\"LC20lb MBeuO DKV0Md\">ITOH DENKI PM380AS-20-400-3-200-BR-JF-NR440<\/p>\n<div class=\"CCgQ5 vCa9Yd QfkTvb N8QANc Va3FIb EE3Upf\" role=\"heading\">ITOH DENKI PM380AS-15-200-3-230-DR<\/div>\n<div role=\"heading\"><\/div>\n<div role=\"heading\">\n<ul>\n<li><strong>M\u00e3 s\u1ea3n ph\u1ea9m:<\/strong>\u00a0PM380AS-5-700-3-200-BR-PS<\/li>\n<li><strong>Th\u01b0\u01a1ng hi\u1ec7u:<\/strong>\u00a0ITOH DENKI<\/li>\n<li><strong>Xu\u1ea5t x\u1ee9:<\/strong>\u00a0Nh\u1eadt B\u1ea3n<\/li>\n<li><strong>B\u1ea3o h\u00e0nh:<\/strong>\u00a012 th\u00e1ng<\/li>\n<\/ul>\n<p><strong>Th\u00f4ng s\u1ed1 con l\u0103n ITOH DENKI PM380AS-5-600-3-200<\/strong><\/p>\n<ul>\n<li>\u0110\u01b0\u1eddng k\u00ednh \u1ed1ng ngo\u00e0i (D): 38 (\u03c6)<\/li>\n<li>\u0110\u1ed9 r\u1ed9ng: 700 mm<\/li>\n<li>\u0110\u01b0\u1eddng k\u00ednh tr\u1ee5c : 12 \u03c6<\/li>\n<li>T\u1ed1c \u0111\u1ed9 l\u0103n: 5 (m\/ph\u00fat)<\/li>\n<li>Ngu\u1ed3n \u0111i\u1ec7n: 3 pha 200V, m\u1ed9t pha 100V<\/li>\n<\/ul>\n<p class=\"product-title product_title entry-title\">Con l\u0103n t\u1ea3i nh\u1eb9 PM380AS-5-600-3-200-BR-PS | ITOH DENKI<\/p>\n<ul>\n<li><strong>M\u00e3 s\u1ea3n ph\u1ea9m:<\/strong>\u00a0PM380AS-5-600-3-200-BR-PS<\/li>\n<li><strong>Th\u01b0\u01a1ng hi\u1ec7u:<\/strong>\u00a0ITOH DENKI<\/li>\n<li><strong>Xu\u1ea5t x\u1ee9:<\/strong>\u00a0Nh\u1eadt B\u1ea3n<\/li>\n<li><strong>B\u1ea3o h\u00e0nh:<\/strong>\u00a012 th\u00e1ng<\/li>\n<li><strong>T\u00ecnh tr\u1ea1ng:<\/strong>\u00a0M\u1edbi 100%<\/li>\n<\/ul>\n<p><strong>Th\u00f4ng s\u1ed1 con l\u0103n ITOH DENKI PM380AS-5-600-3-200<\/strong><\/p>\n<ul>\n<li>\u0110\u01b0\u1eddng k\u00ednh ngo\u00e0i: 38 \u03c6<\/li>\n<li>Chi\u1ec1u r\u1ed9ng: 600 (mm)<\/li>\n<li>\u0110\u1eebng k\u00ednh tr\u1ee5c: 12 \u03c6<\/li>\n<li>\u0110\u1ed9 d\u00e0y: 12 \u03c6<\/li>\n<li>T\u1ed1c \u0111\u1ed9: 5 m\/ph\u00fat<\/li>\n<li>Ngu\u1ed3n \u0111i\u1ec7n cung c\u1ea5p: 3 pha 200V, m\u1ed9t pha 100V<\/li>\n<li>Tr\u1ecdng l\u01b0\u1ee3ng: 900 (g)<\/li>\n<\/ul>\n<p>\u0110\u1ea1i l\u00fd ITOH DENKI vietnam, ITOH DENKI viet nam, ITOH DENKI vietnam distributor, Ph\u00e2n ph\u1ed1i ITOH DENKI t\u1ea1i vi\u1ec7t nam<\/p>\n<p>\u0110\u1ea1i l\u00fd ITOH DENKI vietnam, ITOH DENKI viet nam, ITOH DENKI vietnam distributor, Ph\u00e2n ph\u1ed1i ITOH DENKI t\u1ea1i vi\u1ec7t nam<\/p>\n<p>\u0110\u1ea1i l\u00fd ITOH DENKI vietnam, ITOH DENKI viet nam, ITOH DENKI vietnam distributor, Ph\u00e2n ph\u1ed1i ITOH DENKI t\u1ea1i vi\u1ec7t nam<\/p>\n<p>\u0110\u1ea1i l\u00fd ITOH DENKI vietnam, ITOH DENKI viet nam, ITOH DENKI vietnam distributor, Ph\u00e2n ph\u1ed1i ITOH DENKI t\u1ea1i vi\u1ec7t nam<\/p>\n<p>\u0110\u1ea1i l\u00fd ITOH DENKI vietnam, ITOH DENKI viet nam, ITOH DENKI vietnam distributor, Ph\u00e2n ph\u1ed1i ITOH DENKI t\u1ea1i vi\u1ec7t nam<\/p>\n<p>&nbsp;<\/p>\n<\/div>\n","protected":false},"excerpt":{"rendered":"<p>ITOH DENKI PM380AS-15-500-3-220-BR ITOH DENKI PM380AS-10-220-3-200 ITOH DENKI PM380AS-20-400-3-200-BR-NR420A ITOH DENKI PM380AS-5-700-3-200-BR-PS ITOH DENKI PM380AS-5-600-3-200-BR-PS ITOH DENKI PM380AS-20-400-3-200-BR-JF-NR440 ITOH DENKI PM380AS-15-200-3-230-DR M\u00e3 s\u1ea3n ph\u1ea9m:\u00a0PM380AS-5-700-3-200-BR-PS Th\u01b0\u01a1ng hi\u1ec7u:\u00a0ITOH DENKI Xu\u1ea5t x\u1ee9:\u00a0Nh\u1eadt B\u1ea3n B\u1ea3o h\u00e0nh:\u00a012 th\u00e1ng Th\u00f4ng s\u1ed1 con l\u0103n ITOH DENKI PM380AS-5-600-3-200 \u0110\u01b0\u1eddng k\u00ednh \u1ed1ng ngo\u00e0i (D): 38 (\u03c6) \u0110\u1ed9 r\u1ed9ng: 700&hellip; <\/p>\n","protected":false},"featured_media":941,"comment_status":"open","ping_status":"closed","template":"","meta":{"om_disable_all_campaigns":false,"_monsterinsights_skip_tracking":false,"_monsterinsights_sitenote_active":false,"_monsterinsights_sitenote_note":"","_monsterinsights_sitenote_category":0},"product_cat":[15],"product_tag":[256,255,120,254],"class_list":{"0":"post-940","1":"product","2":"type-product","3":"status-publish","4":"has-post-thumbnail","6":"product_cat-apex","7":"product_tag-con-lan","8":"product_tag-dai-ly-itoh-denki-viet-nam","9":"product_tag-dong-co","10":"product_tag-itoh-denki-viet-nam","12":"first","13":"instock","14":"shipping-taxable","15":"product-type-simple"},"aioseo_notices":[],"yoast_head":"<!-- This site is optimized with the Yoast SEO plugin v22.8 - https:\/\/yoast.com\/wordpress\/plugins\/seo\/ -->\n<title>ITOH DENKI PM380AS-15-500-3-220-BR - OMANI VI\u1ec6T NAM<\/title>\n<meta name=\"description\" content=\"Con l\u0103n t\u1ea3i nh\u1eb9 PM380AS-5-600-3-200-BR-PS | ITOH DENKI\" \/>\n<meta name=\"robots\" content=\"index, follow, max-snippet:-1, max-image-preview:large, max-video-preview:-1\" \/>\n<link rel=\"canonical\" href=\"https:\/\/sipin.com.vn\/index.php\/product\/itoh-denki-pm380as-15-500-3-220-br\/\" \/>\n<meta property=\"og:locale\" content=\"vi_VN\" \/>\n<meta property=\"og:type\" content=\"article\" \/>\n<meta property=\"og:title\" content=\"ITOH DENKI PM380AS-15-500-3-220-BR - OMANI VI\u1ec6T NAM\" \/>\n<meta property=\"og:description\" content=\"Con l\u0103n t\u1ea3i nh\u1eb9 PM380AS-5-600-3-200-BR-PS | ITOH DENKI\" \/>\n<meta property=\"og:url\" content=\"https:\/\/sipin.com.vn\/index.php\/product\/itoh-denki-pm380as-15-500-3-220-br\/\" \/>\n<meta property=\"og:site_name\" content=\"OMANI VI\u1ec6T NAM\" \/>\n<meta property=\"article:modified_time\" content=\"2024-06-29T14:45:06+00:00\" \/>\n<meta property=\"og:image\" content=\"https:\/\/sipin.com.vn\/wp-content\/uploads\/2024\/06\/PM380AS-15-500-3-220-BR.png\" \/>\n\t<meta property=\"og:image:width\" content=\"737\" \/>\n\t<meta property=\"og:image:height\" content=\"582\" \/>\n\t<meta property=\"og:image:type\" content=\"image\/png\" \/>\n<meta name=\"twitter:card\" content=\"summary_large_image\" \/>\n<meta name=\"twitter:label1\" content=\"\u01af\u1edbc t\u00ednh th\u1eddi gian \u0111\u1ecdc\" \/>\n\t<meta name=\"twitter:data1\" content=\"2 ph\u00fat\" \/>\n<script type=\"application\/ld+json\" class=\"yoast-schema-graph\">{\"@context\":\"https:\/\/schema.org\",\"@graph\":[{\"@type\":\"WebPage\",\"@id\":\"https:\/\/sipin.com.vn\/index.php\/product\/itoh-denki-pm380as-15-500-3-220-br\/\",\"url\":\"https:\/\/sipin.com.vn\/index.php\/product\/itoh-denki-pm380as-15-500-3-220-br\/\",\"name\":\"ITOH DENKI PM380AS-15-500-3-220-BR - OMANI VI\u1ec6T NAM\",\"isPartOf\":{\"@id\":\"https:\/\/sipin.com.vn\/#website\"},\"primaryImageOfPage\":{\"@id\":\"https:\/\/sipin.com.vn\/index.php\/product\/itoh-denki-pm380as-15-500-3-220-br\/#primaryimage\"},\"image\":{\"@id\":\"https:\/\/sipin.com.vn\/index.php\/product\/itoh-denki-pm380as-15-500-3-220-br\/#primaryimage\"},\"thumbnailUrl\":\"https:\/\/sipin.com.vn\/wp-content\/uploads\/2024\/06\/PM380AS-15-500-3-220-BR.png\",\"datePublished\":\"2024-06-29T14:44:53+00:00\",\"dateModified\":\"2024-06-29T14:45:06+00:00\",\"description\":\"Con l\u0103n t\u1ea3i nh\u1eb9 PM380AS-5-600-3-200-BR-PS | ITOH DENKI\",\"breadcrumb\":{\"@id\":\"https:\/\/sipin.com.vn\/index.php\/product\/itoh-denki-pm380as-15-500-3-220-br\/#breadcrumb\"},\"inLanguage\":\"vi\",\"potentialAction\":[{\"@type\":\"ReadAction\",\"target\":[\"https:\/\/sipin.com.vn\/index.php\/product\/itoh-denki-pm380as-15-500-3-220-br\/\"]}]},{\"@type\":\"ImageObject\",\"inLanguage\":\"vi\",\"@id\":\"https:\/\/sipin.com.vn\/index.php\/product\/itoh-denki-pm380as-15-500-3-220-br\/#primaryimage\",\"url\":\"https:\/\/sipin.com.vn\/wp-content\/uploads\/2024\/06\/PM380AS-15-500-3-220-BR.png\",\"contentUrl\":\"https:\/\/sipin.com.vn\/wp-content\/uploads\/2024\/06\/PM380AS-15-500-3-220-BR.png\",\"width\":737,\"height\":582},{\"@type\":\"BreadcrumbList\",\"@id\":\"https:\/\/sipin.com.vn\/index.php\/product\/itoh-denki-pm380as-15-500-3-220-br\/#breadcrumb\",\"itemListElement\":[{\"@type\":\"ListItem\",\"position\":1,\"name\":\"Home\",\"item\":\"https:\/\/sipin.com.vn\/\"},{\"@type\":\"ListItem\",\"position\":2,\"name\":\"S\u1ea2N PH\u1ea8M\",\"item\":\"https:\/\/sipin.com.vn\/index.php\/cua-hang\/\"},{\"@type\":\"ListItem\",\"position\":3,\"name\":\"ITOH DENKI PM380AS-15-500-3-220-BR\"}]},{\"@type\":\"WebSite\",\"@id\":\"https:\/\/sipin.com.vn\/#website\",\"url\":\"https:\/\/sipin.com.vn\/\",\"name\":\"OMANI VI\u1ec6T NAM\",\"description\":\"Nh\u00e0 ph\u00e2n ph\u1ed1i thi\u1ebft b\u1ecb kh\u00ed n\u00e9n v\u00e0 thi\u1ebft b\u1ecb t\u1ef1 \u0111\u1ed9ng h\u00f3a trong c\u00f4ng nghi\u1ec7p\",\"publisher\":{\"@id\":\"https:\/\/sipin.com.vn\/#\/schema\/person\/0ad398a980dc3fd696111c2c5c8fa897\"},\"potentialAction\":[{\"@type\":\"SearchAction\",\"target\":{\"@type\":\"EntryPoint\",\"urlTemplate\":\"https:\/\/sipin.com.vn\/?s={search_term_string}\"},\"query-input\":\"required name=search_term_string\"}],\"inLanguage\":\"vi\"},{\"@type\":[\"Person\",\"Organization\"],\"@id\":\"https:\/\/sipin.com.vn\/#\/schema\/person\/0ad398a980dc3fd696111c2c5c8fa897\",\"name\":\"Nguy\u1ec5n V\u0103n Kh\u00e1nh\",\"image\":{\"@type\":\"ImageObject\",\"inLanguage\":\"vi\",\"@id\":\"https:\/\/sipin.com.vn\/#\/schema\/person\/image\/\",\"url\":\"https:\/\/sipin.com.vn\/wp-content\/uploads\/2024\/06\/logo-1024x1024.png\",\"contentUrl\":\"https:\/\/sipin.com.vn\/wp-content\/uploads\/2024\/06\/logo-1024x1024.png\",\"width\":1024,\"height\":1024,\"caption\":\"Nguy\u1ec5n V\u0103n Kh\u00e1nh\"},\"logo\":{\"@id\":\"https:\/\/sipin.com.vn\/#\/schema\/person\/image\/\"},\"sameAs\":[\"https:\/\/sipin.com.vn\"]}]}<\/script>\n<!-- \/ Yoast SEO plugin. -->","yoast_head_json":{"title":"ITOH DENKI PM380AS-15-500-3-220-BR - OMANI VI\u1ec6T NAM","description":"Con l\u0103n t\u1ea3i nh\u1eb9 PM380AS-5-600-3-200-BR-PS | ITOH DENKI","robots":{"index":"index","follow":"follow","max-snippet":"max-snippet:-1","max-image-preview":"max-image-preview:large","max-video-preview":"max-video-preview:-1"},"canonical":"https:\/\/sipin.com.vn\/index.php\/product\/itoh-denki-pm380as-15-500-3-220-br\/","og_locale":"vi_VN","og_type":"article","og_title":"ITOH DENKI PM380AS-15-500-3-220-BR - OMANI VI\u1ec6T NAM","og_description":"Con l\u0103n t\u1ea3i nh\u1eb9 PM380AS-5-600-3-200-BR-PS | ITOH DENKI","og_url":"https:\/\/sipin.com.vn\/index.php\/product\/itoh-denki-pm380as-15-500-3-220-br\/","og_site_name":"OMANI VI\u1ec6T NAM","article_modified_time":"2024-06-29T14:45:06+00:00","og_image":[{"width":737,"height":582,"url":"https:\/\/sipin.com.vn\/wp-content\/uploads\/2024\/06\/PM380AS-15-500-3-220-BR.png","type":"image\/png"}],"twitter_card":"summary_large_image","twitter_misc":{"\u01af\u1edbc t\u00ednh th\u1eddi gian \u0111\u1ecdc":"2 ph\u00fat"},"schema":{"@context":"https:\/\/schema.org","@graph":[{"@type":"WebPage","@id":"https:\/\/sipin.com.vn\/index.php\/product\/itoh-denki-pm380as-15-500-3-220-br\/","url":"https:\/\/sipin.com.vn\/index.php\/product\/itoh-denki-pm380as-15-500-3-220-br\/","name":"ITOH DENKI PM380AS-15-500-3-220-BR - OMANI VI\u1ec6T NAM","isPartOf":{"@id":"https:\/\/sipin.com.vn\/#website"},"primaryImageOfPage":{"@id":"https:\/\/sipin.com.vn\/index.php\/product\/itoh-denki-pm380as-15-500-3-220-br\/#primaryimage"},"image":{"@id":"https:\/\/sipin.com.vn\/index.php\/product\/itoh-denki-pm380as-15-500-3-220-br\/#primaryimage"},"thumbnailUrl":"https:\/\/sipin.com.vn\/wp-content\/uploads\/2024\/06\/PM380AS-15-500-3-220-BR.png","datePublished":"2024-06-29T14:44:53+00:00","dateModified":"2024-06-29T14:45:06+00:00","description":"Con l\u0103n t\u1ea3i nh\u1eb9 PM380AS-5-600-3-200-BR-PS | ITOH DENKI","breadcrumb":{"@id":"https:\/\/sipin.com.vn\/index.php\/product\/itoh-denki-pm380as-15-500-3-220-br\/#breadcrumb"},"inLanguage":"vi","potentialAction":[{"@type":"ReadAction","target":["https:\/\/sipin.com.vn\/index.php\/product\/itoh-denki-pm380as-15-500-3-220-br\/"]}]},{"@type":"ImageObject","inLanguage":"vi","@id":"https:\/\/sipin.com.vn\/index.php\/product\/itoh-denki-pm380as-15-500-3-220-br\/#primaryimage","url":"https:\/\/sipin.com.vn\/wp-content\/uploads\/2024\/06\/PM380AS-15-500-3-220-BR.png","contentUrl":"https:\/\/sipin.com.vn\/wp-content\/uploads\/2024\/06\/PM380AS-15-500-3-220-BR.png","width":737,"height":582},{"@type":"BreadcrumbList","@id":"https:\/\/sipin.com.vn\/index.php\/product\/itoh-denki-pm380as-15-500-3-220-br\/#breadcrumb","itemListElement":[{"@type":"ListItem","position":1,"name":"Home","item":"https:\/\/sipin.com.vn\/"},{"@type":"ListItem","position":2,"name":"S\u1ea2N PH\u1ea8M","item":"https:\/\/sipin.com.vn\/index.php\/cua-hang\/"},{"@type":"ListItem","position":3,"name":"ITOH DENKI PM380AS-15-500-3-220-BR"}]},{"@type":"WebSite","@id":"https:\/\/sipin.com.vn\/#website","url":"https:\/\/sipin.com.vn\/","name":"OMANI VI\u1ec6T NAM","description":"Nh\u00e0 ph\u00e2n ph\u1ed1i thi\u1ebft b\u1ecb kh\u00ed n\u00e9n v\u00e0 thi\u1ebft b\u1ecb t\u1ef1 \u0111\u1ed9ng h\u00f3a trong c\u00f4ng nghi\u1ec7p","publisher":{"@id":"https:\/\/sipin.com.vn\/#\/schema\/person\/0ad398a980dc3fd696111c2c5c8fa897"},"potentialAction":[{"@type":"SearchAction","target":{"@type":"EntryPoint","urlTemplate":"https:\/\/sipin.com.vn\/?s={search_term_string}"},"query-input":"required name=search_term_string"}],"inLanguage":"vi"},{"@type":["Person","Organization"],"@id":"https:\/\/sipin.com.vn\/#\/schema\/person\/0ad398a980dc3fd696111c2c5c8fa897","name":"Nguy\u1ec5n V\u0103n Kh\u00e1nh","image":{"@type":"ImageObject","inLanguage":"vi","@id":"https:\/\/sipin.com.vn\/#\/schema\/person\/image\/","url":"https:\/\/sipin.com.vn\/wp-content\/uploads\/2024\/06\/logo-1024x1024.png","contentUrl":"https:\/\/sipin.com.vn\/wp-content\/uploads\/2024\/06\/logo-1024x1024.png","width":1024,"height":1024,"caption":"Nguy\u1ec5n V\u0103n Kh\u00e1nh"},"logo":{"@id":"https:\/\/sipin.com.vn\/#\/schema\/person\/image\/"},"sameAs":["https:\/\/sipin.com.vn"]}]}},"_links":{"self":[{"href":"https:\/\/sipin.com.vn\/index.php\/wp-json\/wp\/v2\/product\/940","targetHints":{"allow":["GET"]}}],"collection":[{"href":"https:\/\/sipin.com.vn\/index.php\/wp-json\/wp\/v2\/product"}],"about":[{"href":"https:\/\/sipin.com.vn\/index.php\/wp-json\/wp\/v2\/types\/product"}],"replies":[{"embeddable":true,"href":"https:\/\/sipin.com.vn\/index.php\/wp-json\/wp\/v2\/comments?post=940"}],"wp:featuredmedia":[{"embeddable":true,"href":"https:\/\/sipin.com.vn\/index.php\/wp-json\/wp\/v2\/media\/941"}],"wp:attachment":[{"href":"https:\/\/sipin.com.vn\/index.php\/wp-json\/wp\/v2\/media?parent=940"}],"wp:term":[{"taxonomy":"product_cat","embeddable":true,"href":"https:\/\/sipin.com.vn\/index.php\/wp-json\/wp\/v2\/product_cat?post=940"},{"taxonomy":"product_tag","embeddable":true,"href":"https:\/\/sipin.com.vn\/index.php\/wp-json\/wp\/v2\/product_tag?post=940"}],"curies":[{"name":"wp","href":"https:\/\/api.w.org\/{rel}","templated":true}]}}