{"id":934,"date":"2024-06-29T15:24:37","date_gmt":"2024-06-29T08:24:37","guid":{"rendered":"https:\/\/omanivietnam.com\/?post_type=product&#038;p=934"},"modified":"2024-07-28T21:14:09","modified_gmt":"2024-07-28T14:14:09","slug":"siemens-6sl3255-0aa00-4ca1","status":"publish","type":"product","link":"https:\/\/sipin.com.vn\/index.php\/product\/siemens-6sl3255-0aa00-4ca1\/","title":{"rendered":"SIEMENS 6SL3255-0AA00-4CA1"},"content":{"rendered":"<p>SIEMENS 6SL3255-0AA00-4CA1<\/p>\n<h2>Sinamics G120 BOP-2 6SL3255-0AA00-4CA1<\/h2>\n<h3>1. Gi\u1edbi thi\u1ec7u Sinamics control unit<\/h3>\n<ul>\n<li>Thi\u1ebft b\u1ecb \u0110i\u1ec1u khi\u1ec3n th\u1ef1c hi\u1ec7n c\u00e1c ch\u1ee9c n\u0103ng \u0111i\u1ec1u khi\u1ec3n v\u00f2ng k\u00edn cho b\u1ed9 chuy\u1ec3n \u0111\u1ed5i.<br \/>\nB\u1ed9 \u0111i\u1ec1u khi\u1ec3n CU230P-2 \u0111\u01b0\u1ee3c thi\u1ebft k\u1ebf cho c\u00e1c \u1ed5 \u0111\u0129a v\u1edbi c\u00e1c ch\u1ee9c n\u0103ng c\u00f4ng ngh\u1ec7 t\u00edch h\u1ee3p cho c\u00e1c \u1ee9ng d\u1ee5ng b\u01a1m, qu\u1ea1t v\u00e0 m\u00e1y n\u00e9n.<br \/>\nGiao di\u1ec7n I \/ O, giao di\u1ec7n fieldbus v\u00e0 c\u00e1c ch\u1ee9c n\u0103ng ph\u1ea7n m\u1ec1m b\u1ed5 sung h\u1ed7 tr\u1ee3 t\u1ed1i \u01b0u cho c\u00e1c \u1ee9ng d\u1ee5ng n\u00e0y. Vi\u1ec7c t\u00edch h\u1ee3p c\u00e1c ch\u1ee9c n\u0103ng c\u00f4ng ngh\u1ec7 l\u00e0 m\u1ed9t \u0111\u1eb7c \u0111i\u1ec3m kh\u00e1c bi\u1ec7t \u0111\u00e1ng k\u1ec3 v\u1edbi c\u00e1c Thi\u1ebft b\u1ecb \u0110i\u1ec1u khi\u1ec3n kh\u00e1c c\u1ee7a h\u1ecd b\u1ed9 chuy\u1ec3n \u0111\u1ed5i<br \/>\nThi\u1ebft b\u1ecb \u0111i\u1ec1u khi\u1ec3n CU230P-2 c\u00f3 th\u1ec3 \u0111\u01b0\u1ee3c v\u1eadn h\u00e0nh v\u1edbi c\u00e1c M\u00f4-\u0111un ngu\u1ed3n sau: PM240\u20112, PM250<\/li>\n<li>B\u1ed9 \u0111\u1ecbnh v\u1ecb c\u01a1 b\u1ea3n m\u00f4-\u0111un ch\u1ee9c n\u0103ng EPos. EPos b\u1ed9 \u0111\u1ecbnh v\u1ecb c\u01a1 b\u1ea3n c\u00f3 s\u1eb5n nh\u01b0 m\u1ed9t ch\u1ee9c n\u0103ng c\u00f4ng ngh\u1ec7 ti\u00eau chu\u1ea9n cho c\u00e1c Thi\u1ebft b\u1ecb \u0110i\u1ec1u khi\u1ec3n SINAMICS sau \u0111\u00e2y v\u00e0 c\u00f3 th\u1ec3 \u0111\u01b0\u1ee3c g\u1ecdi l\u00e0 m\u1ed9t m\u00f4-\u0111un ch\u1ee9c n\u0103ng c\u00f3 th\u1ec3 \u0111\u01b0\u1ee3c k\u00edch ho\u1ea1t b\u1ed5 sung.<br \/>\nB\u1ed9 \u0111i\u1ec1u khi\u1ec3n SINAMICS S120 CU310\u20112 v\u00e0 CU320\u20112<br \/>\nB\u1ed9 \u0111i\u1ec1u khi\u1ec3n SINAMICS S110 CU305<br \/>\nB\u1ed9 \u0111i\u1ec1u khi\u1ec3n SINAMICS G120 CU250S \u2011 2<br \/>\nThi\u1ebft b\u1ecb \u0111i\u1ec1u khi\u1ec3n SINAMICS G120D CU250D \u2011 2<\/li>\n<\/ul>\n<h3>2. Th\u00f4ng s\u1ed1 k\u1ef9 thu\u1eadt Sinamics G120 BOP-2 6SL3255-0AA00-4CA1<\/h3>\n<p>SINAMICS G120 BASIC OPERATOR PANEL (BOP-2)<br \/>\n<strong>Made in: Siemen Great Britain<\/strong><br \/>\n<strong>H\u00e0ng ch\u00ednh h\u00e3ng, m\u1edbi 100%, B\u1ea3o h\u00e0nh 12 th\u00e1ng<\/strong><\/p>\n<p>3. C\u00e1c Control unit, Bop v\u00e0 ph\u1ea7n m\u1ec1m cho Sinamics G120 BOP-2 6SL3255-0AA00-4CA1<\/p>\n<figure id=\"attachment_2794\" class=\"wp-caption alignright\" aria-describedby=\"caption-attachment-2794\"><figcaption id=\"caption-attachment-2794\" class=\"wp-caption-text\"><\/figcaption><\/figure>\n<p>SINAMICS G120 CU 230P-2 HVAC 6SL3243-0BB30-1HA3<br \/>\nSINAMICS G120 CU 230P-2 DP 6SL3243-0BB30-1PA3<br \/>\nSINAMICS G120 CU 230P-2 CAN 6SL3243-0BB30-1CA3<br \/>\nSINAMICS G120 CU 240B-2 6SL3244-0BB00-1BA1<br \/>\nSINAMICS G120 CU 240B-2 DP 6SL3244-0BB00-1PA1<br \/>\nSINAMICS G120 CU 240E-2 6SL3244-0BB12-1BA1<br \/>\nSINAMICS G120 CU 240E-2DP 6SL3244-0BB12-1PA1<br \/>\nSINAMICS G120 CU 250S-2 6SL3246-0BA22-1BA0<br \/>\nSINAMICS G120 CU 250S-2 DP 6SL3246-0BA22-1PA0<br \/>\nSINAMICS G120 CU 250S-2 PN 6SL3246-0BA22-1FA0<br \/>\nSINAMICS G120 CU 250S-2 CAN 6SL3246-0BA22-1CA0<br \/>\nSINAMICS G120 BOP-2 6SL3255-0AA00-4CA1<br \/>\nSINAMICS G120 BOP 6SL3255-0AA00-4BA1<br \/>\nSINAMICS G120 IOP 6SL3255-0AA00-4JA0<br \/>\nSINAMICS G120 G110\/G120 CONNECTION KIT 6SL3255-0AA00-2AA1<br \/>\nSINAMICS G120 B\u1ed8 K\u1ebeT N\u1ed0I M\u00c0N H\u00ccNH G120 RA C\u1eecA T\u1ee6 6SL3256-0AP00-0JA0<br \/>\nSINAMICS G120 B\u1ed8 K\u1ebeT N\u1ed0I G120 V\u1edaI PC 23M TH\u00d4NG QUA USB 6SL3255-0AA00-2CA0<\/p>\n<p>&nbsp;<\/p>\n<p>\u0110\u1ea1i l\u00fd SIEMENS vietnam, SIEMENS viet nam, SIEMENS vietnam distributor, Ph\u00e2n ph\u1ed1i SIEMENS t\u1ea1i vi\u1ec7t nam<\/p>\n<p>\u0110\u1ea1i l\u00fd SIEMENS vietnam, SIEMENS viet nam, SIEMENS vietnam distributor, Ph\u00e2n ph\u1ed1i SIEMENS t\u1ea1i vi\u1ec7t nam<\/p>\n<p>\u0110\u1ea1i l\u00fd SIEMENS vietnam, SIEMENS viet nam, SIEMENS vietnam distributor, Ph\u00e2n ph\u1ed1i SIEMENS t\u1ea1i vi\u1ec7t nam<\/p>\n<p>\u0110\u1ea1i l\u00fd SIEMENS vietnam, SIEMENS viet nam, SIEMENS vietnam distributor, Ph\u00e2n ph\u1ed1i SIEMENS t\u1ea1i vi\u1ec7t nam<\/p>\n<p>\u0110\u1ea1i l\u00fd SIEMENS vietnam, SIEMENS viet nam, SIEMENS vietnam distributor, Ph\u00e2n ph\u1ed1i SIEMENS t\u1ea1i vi\u1ec7t nam<\/p>\n","protected":false},"excerpt":{"rendered":"<p>SIEMENS 6SL3255-0AA00-4CA1 Sinamics G120 BOP-2 6SL3255-0AA00-4CA1 1. Gi\u1edbi thi\u1ec7u Sinamics control unit Thi\u1ebft b\u1ecb \u0110i\u1ec1u khi\u1ec3n th\u1ef1c hi\u1ec7n c\u00e1c ch\u1ee9c n\u0103ng \u0111i\u1ec1u khi\u1ec3n v\u00f2ng k\u00edn cho b\u1ed9 chuy\u1ec3n \u0111\u1ed5i. B\u1ed9 \u0111i\u1ec1u khi\u1ec3n CU230P-2 \u0111\u01b0\u1ee3c thi\u1ebft k\u1ebf cho c\u00e1c \u1ed5 \u0111\u0129a v\u1edbi c\u00e1c ch\u1ee9c n\u0103ng c\u00f4ng ngh\u1ec7 t\u00edch h\u1ee3p cho c\u00e1c&hellip; <\/p>\n","protected":false},"featured_media":935,"comment_status":"open","ping_status":"closed","template":"","meta":{"om_disable_all_campaigns":false,"_monsterinsights_skip_tracking":false,"_monsterinsights_sitenote_active":false,"_monsterinsights_sitenote_note":"","_monsterinsights_sitenote_category":0},"product_cat":[15],"product_tag":[252,212,251],"class_list":{"0":"post-934","1":"product","2":"type-product","3":"status-publish","4":"has-post-thumbnail","6":"product_cat-apex","7":"product_tag-dai-ly-siemens-viet-nam","8":"product_tag-man-hinh","9":"product_tag-siemens-viet-nam","11":"first","12":"instock","13":"shipping-taxable","14":"product-type-simple"},"aioseo_notices":[],"yoast_head":"<!-- This site is optimized with the Yoast SEO plugin v22.8 - https:\/\/yoast.com\/wordpress\/plugins\/seo\/ -->\n<title>SIEMENS 6SL3255-0AA00-4CA1 - OMANI VI\u1ec6T NAM<\/title>\n<meta name=\"robots\" content=\"index, follow, max-snippet:-1, max-image-preview:large, max-video-preview:-1\" \/>\n<link rel=\"canonical\" href=\"https:\/\/sipin.com.vn\/index.php\/product\/siemens-6sl3255-0aa00-4ca1\/\" \/>\n<meta property=\"og:locale\" content=\"vi_VN\" \/>\n<meta property=\"og:type\" content=\"article\" \/>\n<meta property=\"og:title\" content=\"SIEMENS 6SL3255-0AA00-4CA1 - OMANI VI\u1ec6T NAM\" \/>\n<meta property=\"og:description\" content=\"SIEMENS 6SL3255-0AA00-4CA1 Sinamics G120 BOP-2 6SL3255-0AA00-4CA1 1. Gi\u1edbi thi\u1ec7u Sinamics control unit Thi\u1ebft b\u1ecb \u0110i\u1ec1u khi\u1ec3n th\u1ef1c hi\u1ec7n c\u00e1c ch\u1ee9c n\u0103ng \u0111i\u1ec1u khi\u1ec3n v\u00f2ng k\u00edn cho b\u1ed9 chuy\u1ec3n \u0111\u1ed5i. B\u1ed9 \u0111i\u1ec1u khi\u1ec3n CU230P-2 \u0111\u01b0\u1ee3c thi\u1ebft k\u1ebf cho c\u00e1c \u1ed5 \u0111\u0129a v\u1edbi c\u00e1c ch\u1ee9c n\u0103ng c\u00f4ng ngh\u1ec7 t\u00edch h\u1ee3p cho c\u00e1c&hellip;\" \/>\n<meta property=\"og:url\" content=\"https:\/\/sipin.com.vn\/index.php\/product\/siemens-6sl3255-0aa00-4ca1\/\" \/>\n<meta property=\"og:site_name\" content=\"OMANI VI\u1ec6T NAM\" \/>\n<meta property=\"article:modified_time\" content=\"2024-07-28T14:14:09+00:00\" \/>\n<meta property=\"og:image\" content=\"https:\/\/sipin.com.vn\/wp-content\/uploads\/2024\/06\/6SL3255-0AA00-4CA1.png\" \/>\n\t<meta property=\"og:image:width\" content=\"384\" \/>\n\t<meta property=\"og:image:height\" content=\"495\" \/>\n\t<meta property=\"og:image:type\" content=\"image\/png\" \/>\n<meta name=\"twitter:card\" content=\"summary_large_image\" \/>\n<meta name=\"twitter:label1\" content=\"\u01af\u1edbc t\u00ednh th\u1eddi gian \u0111\u1ecdc\" \/>\n\t<meta name=\"twitter:data1\" content=\"3 ph\u00fat\" \/>\n<script type=\"application\/ld+json\" class=\"yoast-schema-graph\">{\"@context\":\"https:\/\/schema.org\",\"@graph\":[{\"@type\":\"WebPage\",\"@id\":\"https:\/\/sipin.com.vn\/index.php\/product\/siemens-6sl3255-0aa00-4ca1\/\",\"url\":\"https:\/\/sipin.com.vn\/index.php\/product\/siemens-6sl3255-0aa00-4ca1\/\",\"name\":\"SIEMENS 6SL3255-0AA00-4CA1 - OMANI VI\u1ec6T NAM\",\"isPartOf\":{\"@id\":\"https:\/\/sipin.com.vn\/#website\"},\"primaryImageOfPage\":{\"@id\":\"https:\/\/sipin.com.vn\/index.php\/product\/siemens-6sl3255-0aa00-4ca1\/#primaryimage\"},\"image\":{\"@id\":\"https:\/\/sipin.com.vn\/index.php\/product\/siemens-6sl3255-0aa00-4ca1\/#primaryimage\"},\"thumbnailUrl\":\"https:\/\/sipin.com.vn\/wp-content\/uploads\/2024\/06\/6SL3255-0AA00-4CA1.png\",\"datePublished\":\"2024-06-29T08:24:37+00:00\",\"dateModified\":\"2024-07-28T14:14:09+00:00\",\"breadcrumb\":{\"@id\":\"https:\/\/sipin.com.vn\/index.php\/product\/siemens-6sl3255-0aa00-4ca1\/#breadcrumb\"},\"inLanguage\":\"vi\",\"potentialAction\":[{\"@type\":\"ReadAction\",\"target\":[\"https:\/\/sipin.com.vn\/index.php\/product\/siemens-6sl3255-0aa00-4ca1\/\"]}]},{\"@type\":\"ImageObject\",\"inLanguage\":\"vi\",\"@id\":\"https:\/\/sipin.com.vn\/index.php\/product\/siemens-6sl3255-0aa00-4ca1\/#primaryimage\",\"url\":\"https:\/\/sipin.com.vn\/wp-content\/uploads\/2024\/06\/6SL3255-0AA00-4CA1.png\",\"contentUrl\":\"https:\/\/sipin.com.vn\/wp-content\/uploads\/2024\/06\/6SL3255-0AA00-4CA1.png\",\"width\":384,\"height\":495},{\"@type\":\"BreadcrumbList\",\"@id\":\"https:\/\/sipin.com.vn\/index.php\/product\/siemens-6sl3255-0aa00-4ca1\/#breadcrumb\",\"itemListElement\":[{\"@type\":\"ListItem\",\"position\":1,\"name\":\"Home\",\"item\":\"https:\/\/sipin.com.vn\/\"},{\"@type\":\"ListItem\",\"position\":2,\"name\":\"S\u1ea2N PH\u1ea8M\",\"item\":\"https:\/\/sipin.com.vn\/index.php\/cua-hang\/\"},{\"@type\":\"ListItem\",\"position\":3,\"name\":\"SIEMENS 6SL3255-0AA00-4CA1\"}]},{\"@type\":\"WebSite\",\"@id\":\"https:\/\/sipin.com.vn\/#website\",\"url\":\"https:\/\/sipin.com.vn\/\",\"name\":\"OMANI VI\u1ec6T NAM\",\"description\":\"Nh\u00e0 ph\u00e2n ph\u1ed1i thi\u1ebft b\u1ecb kh\u00ed n\u00e9n v\u00e0 thi\u1ebft b\u1ecb t\u1ef1 \u0111\u1ed9ng h\u00f3a trong c\u00f4ng nghi\u1ec7p\",\"publisher\":{\"@id\":\"https:\/\/sipin.com.vn\/#\/schema\/person\/0ad398a980dc3fd696111c2c5c8fa897\"},\"potentialAction\":[{\"@type\":\"SearchAction\",\"target\":{\"@type\":\"EntryPoint\",\"urlTemplate\":\"https:\/\/sipin.com.vn\/?s={search_term_string}\"},\"query-input\":\"required name=search_term_string\"}],\"inLanguage\":\"vi\"},{\"@type\":[\"Person\",\"Organization\"],\"@id\":\"https:\/\/sipin.com.vn\/#\/schema\/person\/0ad398a980dc3fd696111c2c5c8fa897\",\"name\":\"Nguy\u1ec5n V\u0103n Kh\u00e1nh\",\"image\":{\"@type\":\"ImageObject\",\"inLanguage\":\"vi\",\"@id\":\"https:\/\/sipin.com.vn\/#\/schema\/person\/image\/\",\"url\":\"https:\/\/sipin.com.vn\/wp-content\/uploads\/2024\/06\/logo-1024x1024.png\",\"contentUrl\":\"https:\/\/sipin.com.vn\/wp-content\/uploads\/2024\/06\/logo-1024x1024.png\",\"width\":1024,\"height\":1024,\"caption\":\"Nguy\u1ec5n V\u0103n Kh\u00e1nh\"},\"logo\":{\"@id\":\"https:\/\/sipin.com.vn\/#\/schema\/person\/image\/\"},\"sameAs\":[\"https:\/\/sipin.com.vn\"]}]}<\/script>\n<!-- \/ Yoast SEO plugin. -->","yoast_head_json":{"title":"SIEMENS 6SL3255-0AA00-4CA1 - OMANI VI\u1ec6T NAM","robots":{"index":"index","follow":"follow","max-snippet":"max-snippet:-1","max-image-preview":"max-image-preview:large","max-video-preview":"max-video-preview:-1"},"canonical":"https:\/\/sipin.com.vn\/index.php\/product\/siemens-6sl3255-0aa00-4ca1\/","og_locale":"vi_VN","og_type":"article","og_title":"SIEMENS 6SL3255-0AA00-4CA1 - OMANI VI\u1ec6T NAM","og_description":"SIEMENS 6SL3255-0AA00-4CA1 Sinamics G120 BOP-2 6SL3255-0AA00-4CA1 1. Gi\u1edbi thi\u1ec7u Sinamics control unit Thi\u1ebft b\u1ecb \u0110i\u1ec1u khi\u1ec3n th\u1ef1c hi\u1ec7n c\u00e1c ch\u1ee9c n\u0103ng \u0111i\u1ec1u khi\u1ec3n v\u00f2ng k\u00edn cho b\u1ed9 chuy\u1ec3n \u0111\u1ed5i. B\u1ed9 \u0111i\u1ec1u khi\u1ec3n CU230P-2 \u0111\u01b0\u1ee3c thi\u1ebft k\u1ebf cho c\u00e1c \u1ed5 \u0111\u0129a v\u1edbi c\u00e1c ch\u1ee9c n\u0103ng c\u00f4ng ngh\u1ec7 t\u00edch h\u1ee3p cho c\u00e1c&hellip;","og_url":"https:\/\/sipin.com.vn\/index.php\/product\/siemens-6sl3255-0aa00-4ca1\/","og_site_name":"OMANI VI\u1ec6T NAM","article_modified_time":"2024-07-28T14:14:09+00:00","og_image":[{"width":384,"height":495,"url":"https:\/\/sipin.com.vn\/wp-content\/uploads\/2024\/06\/6SL3255-0AA00-4CA1.png","type":"image\/png"}],"twitter_card":"summary_large_image","twitter_misc":{"\u01af\u1edbc t\u00ednh th\u1eddi gian \u0111\u1ecdc":"3 ph\u00fat"},"schema":{"@context":"https:\/\/schema.org","@graph":[{"@type":"WebPage","@id":"https:\/\/sipin.com.vn\/index.php\/product\/siemens-6sl3255-0aa00-4ca1\/","url":"https:\/\/sipin.com.vn\/index.php\/product\/siemens-6sl3255-0aa00-4ca1\/","name":"SIEMENS 6SL3255-0AA00-4CA1 - OMANI VI\u1ec6T NAM","isPartOf":{"@id":"https:\/\/sipin.com.vn\/#website"},"primaryImageOfPage":{"@id":"https:\/\/sipin.com.vn\/index.php\/product\/siemens-6sl3255-0aa00-4ca1\/#primaryimage"},"image":{"@id":"https:\/\/sipin.com.vn\/index.php\/product\/siemens-6sl3255-0aa00-4ca1\/#primaryimage"},"thumbnailUrl":"https:\/\/sipin.com.vn\/wp-content\/uploads\/2024\/06\/6SL3255-0AA00-4CA1.png","datePublished":"2024-06-29T08:24:37+00:00","dateModified":"2024-07-28T14:14:09+00:00","breadcrumb":{"@id":"https:\/\/sipin.com.vn\/index.php\/product\/siemens-6sl3255-0aa00-4ca1\/#breadcrumb"},"inLanguage":"vi","potentialAction":[{"@type":"ReadAction","target":["https:\/\/sipin.com.vn\/index.php\/product\/siemens-6sl3255-0aa00-4ca1\/"]}]},{"@type":"ImageObject","inLanguage":"vi","@id":"https:\/\/sipin.com.vn\/index.php\/product\/siemens-6sl3255-0aa00-4ca1\/#primaryimage","url":"https:\/\/sipin.com.vn\/wp-content\/uploads\/2024\/06\/6SL3255-0AA00-4CA1.png","contentUrl":"https:\/\/sipin.com.vn\/wp-content\/uploads\/2024\/06\/6SL3255-0AA00-4CA1.png","width":384,"height":495},{"@type":"BreadcrumbList","@id":"https:\/\/sipin.com.vn\/index.php\/product\/siemens-6sl3255-0aa00-4ca1\/#breadcrumb","itemListElement":[{"@type":"ListItem","position":1,"name":"Home","item":"https:\/\/sipin.com.vn\/"},{"@type":"ListItem","position":2,"name":"S\u1ea2N PH\u1ea8M","item":"https:\/\/sipin.com.vn\/index.php\/cua-hang\/"},{"@type":"ListItem","position":3,"name":"SIEMENS 6SL3255-0AA00-4CA1"}]},{"@type":"WebSite","@id":"https:\/\/sipin.com.vn\/#website","url":"https:\/\/sipin.com.vn\/","name":"OMANI VI\u1ec6T NAM","description":"Nh\u00e0 ph\u00e2n ph\u1ed1i thi\u1ebft b\u1ecb kh\u00ed n\u00e9n v\u00e0 thi\u1ebft b\u1ecb t\u1ef1 \u0111\u1ed9ng h\u00f3a trong c\u00f4ng nghi\u1ec7p","publisher":{"@id":"https:\/\/sipin.com.vn\/#\/schema\/person\/0ad398a980dc3fd696111c2c5c8fa897"},"potentialAction":[{"@type":"SearchAction","target":{"@type":"EntryPoint","urlTemplate":"https:\/\/sipin.com.vn\/?s={search_term_string}"},"query-input":"required name=search_term_string"}],"inLanguage":"vi"},{"@type":["Person","Organization"],"@id":"https:\/\/sipin.com.vn\/#\/schema\/person\/0ad398a980dc3fd696111c2c5c8fa897","name":"Nguy\u1ec5n V\u0103n Kh\u00e1nh","image":{"@type":"ImageObject","inLanguage":"vi","@id":"https:\/\/sipin.com.vn\/#\/schema\/person\/image\/","url":"https:\/\/sipin.com.vn\/wp-content\/uploads\/2024\/06\/logo-1024x1024.png","contentUrl":"https:\/\/sipin.com.vn\/wp-content\/uploads\/2024\/06\/logo-1024x1024.png","width":1024,"height":1024,"caption":"Nguy\u1ec5n V\u0103n Kh\u00e1nh"},"logo":{"@id":"https:\/\/sipin.com.vn\/#\/schema\/person\/image\/"},"sameAs":["https:\/\/sipin.com.vn"]}]}},"_links":{"self":[{"href":"https:\/\/sipin.com.vn\/index.php\/wp-json\/wp\/v2\/product\/934","targetHints":{"allow":["GET"]}}],"collection":[{"href":"https:\/\/sipin.com.vn\/index.php\/wp-json\/wp\/v2\/product"}],"about":[{"href":"https:\/\/sipin.com.vn\/index.php\/wp-json\/wp\/v2\/types\/product"}],"replies":[{"embeddable":true,"href":"https:\/\/sipin.com.vn\/index.php\/wp-json\/wp\/v2\/comments?post=934"}],"wp:featuredmedia":[{"embeddable":true,"href":"https:\/\/sipin.com.vn\/index.php\/wp-json\/wp\/v2\/media\/935"}],"wp:attachment":[{"href":"https:\/\/sipin.com.vn\/index.php\/wp-json\/wp\/v2\/media?parent=934"}],"wp:term":[{"taxonomy":"product_cat","embeddable":true,"href":"https:\/\/sipin.com.vn\/index.php\/wp-json\/wp\/v2\/product_cat?post=934"},{"taxonomy":"product_tag","embeddable":true,"href":"https:\/\/sipin.com.vn\/index.php\/wp-json\/wp\/v2\/product_tag?post=934"}],"curies":[{"name":"wp","href":"https:\/\/api.w.org\/{rel}","templated":true}]}}