{"id":922,"date":"2024-06-29T05:19:05","date_gmt":"2024-06-28T22:19:05","guid":{"rendered":"https:\/\/omanivietnam.com\/?post_type=product&#038;p=922"},"modified":"2025-01-24T10:14:06","modified_gmt":"2025-01-24T03:14:06","slug":"mitsubishi-fx2n-16ex-2","status":"publish","type":"product","link":"https:\/\/sipin.com.vn\/index.php\/product\/mitsubishi-fx2n-16ex-2\/","title":{"rendered":"MITSUBISHI FX2N-16EX"},"content":{"rendered":"<p>MITSUBISHI FX2N-16EX<\/p>\n<h1 style=\"margin: 0mm;margin-bottom: .0001pt;line-height: 150%\"><span style=\"line-height: 150%;font-family: Tahoma, sans-serif;font-size: 11pt\">Modun M\u1edf r\u1ed9ng PLC Mitsubishi \u00a0FX2N-16EX v\u1edbi 16\u00a0ng\u00f5 v\u00e0o VDC, c\u00f3 th\u1ec3 s\u1eed d\u1ee5ng cho c\u00e1c d\u00f2ng PLC Mitsubishi FX1N, FX2N, FX3U, FX3G<\/span><\/h1>\n<p>&nbsp;<\/p>\n<p style=\"margin: 0mm;margin-bottom: .0001pt;line-height: 150%\">M\u1ed9t s\u1ed1 modun cho d\u00f2ng PLC Mitsubishi FX series kh\u00e1c:<\/p>\n<p style=\"margin-bottom: .0001pt;line-height: 150%\">Modun M\u1edf r\u1ed9ng PLC Mitsubishi FX2N-2AD v\u1edbi 2 ng\u00f5 v\u00e0o Analoge<\/p>\n<p style=\"margin-bottom: .0001pt;line-height: 150%\">Modun M\u1edf r\u1ed9ng PLC Mitsubishi FX2N-4AD v\u1edbi 4 ng\u00f5 v\u00e0o Analoge<\/p>\n<p style=\"margin-bottom: .0001pt;line-height: 150%\">Modun M\u1edf r\u1ed9ng PLC Mitsubishi FX2N-4AD-TC v\u1edbi 4 ng\u00f5 v\u00e0o Analoge Thermo Couple<\/p>\n<p style=\"margin-bottom: .0001pt;line-height: 150%\">Modun M\u1edf r\u1ed9ng PLC Mitsubishi FX2N-4AD-PT v\u1edbi 4 ng\u00f5 v\u00e0o Analoge PT100<\/p>\n<p style=\"margin-bottom: .0001pt;line-height: 150%\">Modun M\u1edf r\u1ed9ng PLC Mitsubishi FX2N-2DA v\u1edbi 2 ng\u00f5 ra Analoge<\/p>\n<p style=\"margin-bottom: .0001pt;line-height: 150%\">Modun M\u1edf r\u1ed9ng PLC Mitsubishi FX2N-4DA v\u1edbi 4 ng\u00f5 ra Analoge<\/p>\n<p style=\"margin-bottom: .0001pt;text-align: justify;line-height: 150%\">Modun M\u1edf r\u1ed9ng PLC Mitsubishi FX2N-8EX, FX2N-ER, FX2N-8EYR, FX2N-16EX, FX2N-16ER, FX2N-16EYR, FX2N-16EYT, FX2N-32EYR, FX2N-32EYT, FX2N-32ER, FX2N-232-BD, FX2N-485-BD, FX2N-422-BD<\/p>\n<p><img decoding=\"async\" src=\"https:\/\/tudonghoatoancau.com\/wp-content\/uploads\/2021\/05\/ma_module_FX2N_IO-1024x415.gif\" \/><\/p>\n<p>&nbsp;<\/p>\n<div id=\"fa-com_plc:_digital_i\/o_module\" class=\"SectionHeadline_root__Lfp45 ProductDetail_headline__9b44G\">\n<h2 class=\"SectionHeadline_title__DDi5W\">FA-COM PLC: Digital I\/O Module<\/h2>\n<\/div>\n<div class=\"RichTextBlock_root__Bkb_j ProductDetail_data__iT__F\">\n<table class=\"ProductDetail_charTable__4UhGI\">\n<tbody>\n<tr>\n<th>Series<\/th>\n<td>MELSEC-F SERIES<\/td>\n<\/tr>\n<tr>\n<th>Type<\/th>\n<td>FX2N<\/td>\n<\/tr>\n<tr>\n<th>Occupied I\/O Points on PLC<\/th>\n<td>16<\/td>\n<\/tr>\n<tr>\n<th>Integrated Digital Inputs<\/th>\n<td>16<\/td>\n<\/tr>\n<\/tbody>\n<\/table>\n<\/div>\n<div id=\"product_dimensions_&amp;_weight\" class=\"SectionHeadline_root__Lfp45 ProductDetail_headline__9b44G\">\n<h2 class=\"SectionHeadline_title__DDi5W\">Product Dimensions &amp; Weight<\/h2>\n<\/div>\n<div class=\"RichTextBlock_root__Bkb_j ProductDetail_data__iT__F\">\n<table class=\"ProductDetail_charTable__4UhGI\">\n<tbody>\n<tr>\n<th>Width (mm)<\/th>\n<td>40<\/td>\n<\/tr>\n<tr>\n<th>Height (mm)<\/th>\n<td>90<\/td>\n<\/tr>\n<tr>\n<th>Depth (mm)<\/th>\n<td>87<\/td>\n<\/tr>\n<tr>\n<th>Weight (kg)<\/th>\n<td>0,179<\/td>\n<\/tr>\n<\/tbody>\n<\/table>\n<\/div>\n<div id=\"conformity\" class=\"SectionHeadline_root__Lfp45 ProductDetail_headline__9b44G\">\n<h2 class=\"SectionHeadline_title__DDi5W\">Conformity<\/h2>\n<\/div>\n<div class=\"RichTextBlock_root__Bkb_j ProductDetail_data__iT__F\">\n<table class=\"ProductDetail_charTable__4UhGI\">\n<tbody>\n<tr>\n<th>CE<\/th>\n<td>COMPLIANT<\/td>\n<\/tr>\n<tr>\n<th>UL\/cUL<\/th>\n<td>COMPLIANT<\/td>\n<\/tr>\n<tr>\n<th>EAC<\/th>\n<td>COMPLIANT<\/td>\n<\/tr>\n<tr>\n<th>Shipping Approvals<\/th>\n<td>ABS,BV,DNV GL,KR,LR,NK,RINA<\/td>\n<\/tr>\n<tr>\n<th>UKCA<\/th>\n<td>COMPLIANT<\/td>\n<\/tr>\n<\/tbody>\n<\/table>\n<\/div>\n<p>&nbsp;<\/p>\n<p>&nbsp;<\/p>\n<p>\u0110\u1ea1i l\u00fd MITSUBISHI vietnam, MITSUBISHI viet nam, MITSUBISHI vietnam distributor, Ph\u00e2n ph\u1ed1i MITSUBISHI t\u1ea1i vi\u1ec7t nam<\/p>\n<p>\u0110\u1ea1i l\u00fd MITSUBISHI vietnam, MITSUBISHI viet nam, MITSUBISHI vietnam distributor, Ph\u00e2n ph\u1ed1i MITSUBISHI t\u1ea1i vi\u1ec7t nam<\/p>\n<p>\u0110\u1ea1i l\u00fd MITSUBISHI vietnam, MITSUBISHI viet nam, MITSUBISHI vietnam distributor, Ph\u00e2n ph\u1ed1i MITSUBISHI t\u1ea1i vi\u1ec7t nam<\/p>\n<p>\u0110\u1ea1i l\u00fd MITSUBISHI vietnam, MITSUBISHI viet nam, MITSUBISHI vietnam distributor, Ph\u00e2n ph\u1ed1i MITSUBISHI t\u1ea1i vi\u1ec7t nam<\/p>\n<p>\u0110\u1ea1i l\u00fd MITSUBISHI vietnam, MITSUBISHI viet nam, MITSUBISHI vietnam distributor, Ph\u00e2n ph\u1ed1i MITSUBISHI t\u1ea1i vi\u1ec7t nam<\/p>\n","protected":false},"excerpt":{"rendered":"<p>MITSUBISHI FX2N-16EX Modun M\u1edf r\u1ed9ng PLC Mitsubishi \u00a0FX2N-16EX v\u1edbi 16\u00a0ng\u00f5 v\u00e0o VDC, c\u00f3 th\u1ec3 s\u1eed d\u1ee5ng cho c\u00e1c d\u00f2ng PLC Mitsubishi FX1N, FX2N, FX3U, FX3G &nbsp; M\u1ed9t s\u1ed1 modun cho d\u00f2ng PLC Mitsubishi FX series kh\u00e1c: Modun M\u1edf r\u1ed9ng PLC Mitsubishi FX2N-2AD v\u1edbi 2 ng\u00f5 v\u00e0o Analoge Modun M\u1edf r\u1ed9ng&hellip; <\/p>\n","protected":false},"featured_media":923,"comment_status":"open","ping_status":"closed","template":"","meta":{"om_disable_all_campaigns":false,"_monsterinsights_skip_tracking":false,"_monsterinsights_sitenote_active":false,"_monsterinsights_sitenote_note":"","_monsterinsights_sitenote_category":0},"product_cat":[15],"product_tag":[158,157,159],"class_list":{"0":"post-922","1":"product","2":"type-product","3":"status-publish","4":"has-post-thumbnail","6":"product_cat-apex","7":"product_tag-dai-ly-mitsubishi-viet-nam","8":"product_tag-mitsubishi-viet-nam","9":"product_tag-mo-dun","11":"first","12":"instock","13":"shipping-taxable","14":"product-type-simple"},"aioseo_notices":[],"yoast_head":"<!-- This site is optimized with the Yoast SEO plugin v22.8 - https:\/\/yoast.com\/wordpress\/plugins\/seo\/ -->\n<title>MITSUBISHI FX2N-16EX - OMANI VI\u1ec6T NAM<\/title>\n<meta name=\"description\" content=\"M\u00f4 \u0111un M\u1edf r\u1ed9ng PLC Mitsubishi FX2N-16EX v\u1edbi 16 ng\u00f5 v\u00e0o VDC , c\u00f3 th\u1ec3 s\u1eed d\u1ee5ng cho c\u00e1c d\u00f2ng PLC Mitsubishi FX1N, FX2N, FX3U, FX3G.\" \/>\n<meta name=\"robots\" content=\"index, follow, max-snippet:-1, max-image-preview:large, max-video-preview:-1\" \/>\n<link rel=\"canonical\" href=\"https:\/\/sipin.com.vn\/index.php\/product\/mitsubishi-fx2n-16ex-2\/\" \/>\n<meta property=\"og:locale\" content=\"vi_VN\" \/>\n<meta property=\"og:type\" content=\"article\" \/>\n<meta property=\"og:title\" content=\"MITSUBISHI FX2N-16EX - OMANI VI\u1ec6T NAM\" \/>\n<meta property=\"og:description\" content=\"M\u00f4 \u0111un M\u1edf r\u1ed9ng PLC Mitsubishi FX2N-16EX v\u1edbi 16 ng\u00f5 v\u00e0o VDC , c\u00f3 th\u1ec3 s\u1eed d\u1ee5ng cho c\u00e1c d\u00f2ng PLC Mitsubishi FX1N, FX2N, FX3U, FX3G.\" \/>\n<meta property=\"og:url\" content=\"https:\/\/sipin.com.vn\/index.php\/product\/mitsubishi-fx2n-16ex-2\/\" \/>\n<meta property=\"og:site_name\" content=\"OMANI VI\u1ec6T NAM\" \/>\n<meta property=\"article:modified_time\" content=\"2025-01-24T03:14:06+00:00\" \/>\n<meta property=\"og:image\" content=\"https:\/\/sipin.com.vn\/wp-content\/uploads\/2024\/06\/FX2N-16EX-1.png\" \/>\n\t<meta property=\"og:image:width\" content=\"1167\" \/>\n\t<meta property=\"og:image:height\" content=\"785\" \/>\n\t<meta property=\"og:image:type\" content=\"image\/png\" \/>\n<meta name=\"twitter:card\" content=\"summary_large_image\" \/>\n<meta name=\"twitter:label1\" content=\"\u01af\u1edbc t\u00ednh th\u1eddi gian \u0111\u1ecdc\" \/>\n\t<meta name=\"twitter:data1\" content=\"2 ph\u00fat\" \/>\n<script type=\"application\/ld+json\" class=\"yoast-schema-graph\">{\"@context\":\"https:\/\/schema.org\",\"@graph\":[{\"@type\":\"WebPage\",\"@id\":\"https:\/\/sipin.com.vn\/index.php\/product\/mitsubishi-fx2n-16ex-2\/\",\"url\":\"https:\/\/sipin.com.vn\/index.php\/product\/mitsubishi-fx2n-16ex-2\/\",\"name\":\"MITSUBISHI FX2N-16EX - OMANI VI\u1ec6T NAM\",\"isPartOf\":{\"@id\":\"https:\/\/sipin.com.vn\/#website\"},\"primaryImageOfPage\":{\"@id\":\"https:\/\/sipin.com.vn\/index.php\/product\/mitsubishi-fx2n-16ex-2\/#primaryimage\"},\"image\":{\"@id\":\"https:\/\/sipin.com.vn\/index.php\/product\/mitsubishi-fx2n-16ex-2\/#primaryimage\"},\"thumbnailUrl\":\"https:\/\/sipin.com.vn\/wp-content\/uploads\/2024\/06\/FX2N-16EX-1.png\",\"datePublished\":\"2024-06-28T22:19:05+00:00\",\"dateModified\":\"2025-01-24T03:14:06+00:00\",\"description\":\"M\u00f4 \u0111un M\u1edf r\u1ed9ng PLC Mitsubishi FX2N-16EX v\u1edbi 16 ng\u00f5 v\u00e0o VDC , c\u00f3 th\u1ec3 s\u1eed d\u1ee5ng cho c\u00e1c d\u00f2ng PLC Mitsubishi FX1N, FX2N, FX3U, FX3G.\",\"breadcrumb\":{\"@id\":\"https:\/\/sipin.com.vn\/index.php\/product\/mitsubishi-fx2n-16ex-2\/#breadcrumb\"},\"inLanguage\":\"vi\",\"potentialAction\":[{\"@type\":\"ReadAction\",\"target\":[\"https:\/\/sipin.com.vn\/index.php\/product\/mitsubishi-fx2n-16ex-2\/\"]}]},{\"@type\":\"ImageObject\",\"inLanguage\":\"vi\",\"@id\":\"https:\/\/sipin.com.vn\/index.php\/product\/mitsubishi-fx2n-16ex-2\/#primaryimage\",\"url\":\"https:\/\/sipin.com.vn\/wp-content\/uploads\/2024\/06\/FX2N-16EX-1.png\",\"contentUrl\":\"https:\/\/sipin.com.vn\/wp-content\/uploads\/2024\/06\/FX2N-16EX-1.png\",\"width\":1167,\"height\":785},{\"@type\":\"BreadcrumbList\",\"@id\":\"https:\/\/sipin.com.vn\/index.php\/product\/mitsubishi-fx2n-16ex-2\/#breadcrumb\",\"itemListElement\":[{\"@type\":\"ListItem\",\"position\":1,\"name\":\"Home\",\"item\":\"https:\/\/sipin.com.vn\/\"},{\"@type\":\"ListItem\",\"position\":2,\"name\":\"S\u1ea2N PH\u1ea8M\",\"item\":\"https:\/\/sipin.com.vn\/index.php\/cua-hang\/\"},{\"@type\":\"ListItem\",\"position\":3,\"name\":\"MITSUBISHI FX2N-16EX\"}]},{\"@type\":\"WebSite\",\"@id\":\"https:\/\/sipin.com.vn\/#website\",\"url\":\"https:\/\/sipin.com.vn\/\",\"name\":\"OMANI VI\u1ec6T NAM\",\"description\":\"Nh\u00e0 ph\u00e2n ph\u1ed1i thi\u1ebft b\u1ecb kh\u00ed n\u00e9n v\u00e0 thi\u1ebft b\u1ecb t\u1ef1 \u0111\u1ed9ng h\u00f3a trong c\u00f4ng nghi\u1ec7p\",\"publisher\":{\"@id\":\"https:\/\/sipin.com.vn\/#\/schema\/person\/0ad398a980dc3fd696111c2c5c8fa897\"},\"potentialAction\":[{\"@type\":\"SearchAction\",\"target\":{\"@type\":\"EntryPoint\",\"urlTemplate\":\"https:\/\/sipin.com.vn\/?s={search_term_string}\"},\"query-input\":\"required name=search_term_string\"}],\"inLanguage\":\"vi\"},{\"@type\":[\"Person\",\"Organization\"],\"@id\":\"https:\/\/sipin.com.vn\/#\/schema\/person\/0ad398a980dc3fd696111c2c5c8fa897\",\"name\":\"Nguy\u1ec5n V\u0103n Kh\u00e1nh\",\"image\":{\"@type\":\"ImageObject\",\"inLanguage\":\"vi\",\"@id\":\"https:\/\/sipin.com.vn\/#\/schema\/person\/image\/\",\"url\":\"https:\/\/sipin.com.vn\/wp-content\/uploads\/2024\/06\/logo-1024x1024.png\",\"contentUrl\":\"https:\/\/sipin.com.vn\/wp-content\/uploads\/2024\/06\/logo-1024x1024.png\",\"width\":1024,\"height\":1024,\"caption\":\"Nguy\u1ec5n V\u0103n Kh\u00e1nh\"},\"logo\":{\"@id\":\"https:\/\/sipin.com.vn\/#\/schema\/person\/image\/\"},\"sameAs\":[\"https:\/\/sipin.com.vn\"]}]}<\/script>\n<!-- \/ Yoast SEO plugin. -->","yoast_head_json":{"title":"MITSUBISHI FX2N-16EX - OMANI VI\u1ec6T NAM","description":"M\u00f4 \u0111un M\u1edf r\u1ed9ng PLC Mitsubishi FX2N-16EX v\u1edbi 16 ng\u00f5 v\u00e0o VDC , c\u00f3 th\u1ec3 s\u1eed d\u1ee5ng cho c\u00e1c d\u00f2ng PLC Mitsubishi FX1N, FX2N, FX3U, FX3G.","robots":{"index":"index","follow":"follow","max-snippet":"max-snippet:-1","max-image-preview":"max-image-preview:large","max-video-preview":"max-video-preview:-1"},"canonical":"https:\/\/sipin.com.vn\/index.php\/product\/mitsubishi-fx2n-16ex-2\/","og_locale":"vi_VN","og_type":"article","og_title":"MITSUBISHI FX2N-16EX - OMANI VI\u1ec6T NAM","og_description":"M\u00f4 \u0111un M\u1edf r\u1ed9ng PLC Mitsubishi FX2N-16EX v\u1edbi 16 ng\u00f5 v\u00e0o VDC , c\u00f3 th\u1ec3 s\u1eed d\u1ee5ng cho c\u00e1c d\u00f2ng PLC Mitsubishi FX1N, FX2N, FX3U, FX3G.","og_url":"https:\/\/sipin.com.vn\/index.php\/product\/mitsubishi-fx2n-16ex-2\/","og_site_name":"OMANI VI\u1ec6T NAM","article_modified_time":"2025-01-24T03:14:06+00:00","og_image":[{"width":1167,"height":785,"url":"https:\/\/sipin.com.vn\/wp-content\/uploads\/2024\/06\/FX2N-16EX-1.png","type":"image\/png"}],"twitter_card":"summary_large_image","twitter_misc":{"\u01af\u1edbc t\u00ednh th\u1eddi gian \u0111\u1ecdc":"2 ph\u00fat"},"schema":{"@context":"https:\/\/schema.org","@graph":[{"@type":"WebPage","@id":"https:\/\/sipin.com.vn\/index.php\/product\/mitsubishi-fx2n-16ex-2\/","url":"https:\/\/sipin.com.vn\/index.php\/product\/mitsubishi-fx2n-16ex-2\/","name":"MITSUBISHI FX2N-16EX - OMANI VI\u1ec6T NAM","isPartOf":{"@id":"https:\/\/sipin.com.vn\/#website"},"primaryImageOfPage":{"@id":"https:\/\/sipin.com.vn\/index.php\/product\/mitsubishi-fx2n-16ex-2\/#primaryimage"},"image":{"@id":"https:\/\/sipin.com.vn\/index.php\/product\/mitsubishi-fx2n-16ex-2\/#primaryimage"},"thumbnailUrl":"https:\/\/sipin.com.vn\/wp-content\/uploads\/2024\/06\/FX2N-16EX-1.png","datePublished":"2024-06-28T22:19:05+00:00","dateModified":"2025-01-24T03:14:06+00:00","description":"M\u00f4 \u0111un M\u1edf r\u1ed9ng PLC Mitsubishi FX2N-16EX v\u1edbi 16 ng\u00f5 v\u00e0o VDC , c\u00f3 th\u1ec3 s\u1eed d\u1ee5ng cho c\u00e1c d\u00f2ng PLC Mitsubishi FX1N, FX2N, FX3U, FX3G.","breadcrumb":{"@id":"https:\/\/sipin.com.vn\/index.php\/product\/mitsubishi-fx2n-16ex-2\/#breadcrumb"},"inLanguage":"vi","potentialAction":[{"@type":"ReadAction","target":["https:\/\/sipin.com.vn\/index.php\/product\/mitsubishi-fx2n-16ex-2\/"]}]},{"@type":"ImageObject","inLanguage":"vi","@id":"https:\/\/sipin.com.vn\/index.php\/product\/mitsubishi-fx2n-16ex-2\/#primaryimage","url":"https:\/\/sipin.com.vn\/wp-content\/uploads\/2024\/06\/FX2N-16EX-1.png","contentUrl":"https:\/\/sipin.com.vn\/wp-content\/uploads\/2024\/06\/FX2N-16EX-1.png","width":1167,"height":785},{"@type":"BreadcrumbList","@id":"https:\/\/sipin.com.vn\/index.php\/product\/mitsubishi-fx2n-16ex-2\/#breadcrumb","itemListElement":[{"@type":"ListItem","position":1,"name":"Home","item":"https:\/\/sipin.com.vn\/"},{"@type":"ListItem","position":2,"name":"S\u1ea2N PH\u1ea8M","item":"https:\/\/sipin.com.vn\/index.php\/cua-hang\/"},{"@type":"ListItem","position":3,"name":"MITSUBISHI FX2N-16EX"}]},{"@type":"WebSite","@id":"https:\/\/sipin.com.vn\/#website","url":"https:\/\/sipin.com.vn\/","name":"OMANI VI\u1ec6T NAM","description":"Nh\u00e0 ph\u00e2n ph\u1ed1i thi\u1ebft b\u1ecb kh\u00ed n\u00e9n v\u00e0 thi\u1ebft b\u1ecb t\u1ef1 \u0111\u1ed9ng h\u00f3a trong c\u00f4ng nghi\u1ec7p","publisher":{"@id":"https:\/\/sipin.com.vn\/#\/schema\/person\/0ad398a980dc3fd696111c2c5c8fa897"},"potentialAction":[{"@type":"SearchAction","target":{"@type":"EntryPoint","urlTemplate":"https:\/\/sipin.com.vn\/?s={search_term_string}"},"query-input":"required name=search_term_string"}],"inLanguage":"vi"},{"@type":["Person","Organization"],"@id":"https:\/\/sipin.com.vn\/#\/schema\/person\/0ad398a980dc3fd696111c2c5c8fa897","name":"Nguy\u1ec5n V\u0103n Kh\u00e1nh","image":{"@type":"ImageObject","inLanguage":"vi","@id":"https:\/\/sipin.com.vn\/#\/schema\/person\/image\/","url":"https:\/\/sipin.com.vn\/wp-content\/uploads\/2024\/06\/logo-1024x1024.png","contentUrl":"https:\/\/sipin.com.vn\/wp-content\/uploads\/2024\/06\/logo-1024x1024.png","width":1024,"height":1024,"caption":"Nguy\u1ec5n V\u0103n Kh\u00e1nh"},"logo":{"@id":"https:\/\/sipin.com.vn\/#\/schema\/person\/image\/"},"sameAs":["https:\/\/sipin.com.vn"]}]}},"_links":{"self":[{"href":"https:\/\/sipin.com.vn\/index.php\/wp-json\/wp\/v2\/product\/922","targetHints":{"allow":["GET"]}}],"collection":[{"href":"https:\/\/sipin.com.vn\/index.php\/wp-json\/wp\/v2\/product"}],"about":[{"href":"https:\/\/sipin.com.vn\/index.php\/wp-json\/wp\/v2\/types\/product"}],"replies":[{"embeddable":true,"href":"https:\/\/sipin.com.vn\/index.php\/wp-json\/wp\/v2\/comments?post=922"}],"wp:featuredmedia":[{"embeddable":true,"href":"https:\/\/sipin.com.vn\/index.php\/wp-json\/wp\/v2\/media\/923"}],"wp:attachment":[{"href":"https:\/\/sipin.com.vn\/index.php\/wp-json\/wp\/v2\/media?parent=922"}],"wp:term":[{"taxonomy":"product_cat","embeddable":true,"href":"https:\/\/sipin.com.vn\/index.php\/wp-json\/wp\/v2\/product_cat?post=922"},{"taxonomy":"product_tag","embeddable":true,"href":"https:\/\/sipin.com.vn\/index.php\/wp-json\/wp\/v2\/product_tag?post=922"}],"curies":[{"name":"wp","href":"https:\/\/api.w.org\/{rel}","templated":true}]}}