{"id":916,"date":"2024-06-28T22:52:29","date_gmt":"2024-06-28T15:52:29","guid":{"rendered":"https:\/\/omanivietnam.com\/?post_type=product&#038;p=916"},"modified":"2024-08-10T21:58:55","modified_gmt":"2024-08-10T14:58:55","slug":"weibo-wb3i414r01-s","status":"publish","type":"product","link":"https:\/\/sipin.com.vn\/index.php\/product\/weibo-wb3i414r01-s\/","title":{"rendered":"WEIBO WB3I414R01-S"},"content":{"rendered":"<p>WEIBO WB3I414R01-S<\/p>\n<p class=\"indIKd GW0XC cS4Vcb-pGL6qe-fwJd0c\">WEIBO WBI414S03\/WBI414S93\/I414S03\/WBI414S43\/WBI4<\/p>\n<p class=\"LC20lb MBeuO DKV0Md\">WEIBO WBV417S01\/V417S01\/WBV415S01\/V415S01<\/p>\n<p class=\"LC20lb MBeuO DKV0Md\">WEIBO WBV417S01\/V417S01\/WBV415S01\/V415S01\/WBV414aS1<\/p>\n<p>C\u1ea3m bi\u1ebfn b\u1ea3o v\u1ec7 d\u00f2ng WB l\u00e0 c\u00e1c m\u00f4-\u0111un c\u00e1ch ly \u0111\u01b0\u1ee3c thi\u1ebft k\u1ebf \u0111\u1eb7c bi\u1ec7t nh\u1eb1m cung c\u1ea5p cho ng\u01b0\u1eddi d\u00f9ng kh\u1ea3 n\u0103ng gi\u00e1m s\u00e1t th\u1eddi gian th\u1ef1c ch\u00ednh x\u00e1c v\u00e0 \u0111\u00e1ng tin c\u1eady h\u01a1n th\u00f4ng qua c\u00e1c thi\u1ebft k\u1ebf ch\u1ed1ng s\u00e9t v\u00e0 EMC n\u00e2ng cao. S\u1ea3n ph\u1ea9m c\u00f3 c\u00e1c \u0111\u1eb7c t\u00ednh nh\u01b0 \u0111\u1ed9 ch\u00ednh x\u00e1c cao, \u0111\u1ed9 c\u00e1ch ly cao, \u0111\u00e1p \u1ee9ng t\u1ea7n s\u1ed1 r\u1ed9ng, d\u1ea3i nhi\u1ec7t \u0111\u1ed9 r\u1ed9ng, \u0111\u1ed9 l\u1ec7ch nhi\u1ec7t \u0111\u1ed9 th\u1ea5p v\u00e0 m\u1ee9c ti\u00eau th\u1ee5 \u0111i\u1ec7n n\u0103ng th\u1ea5p. N\u00f3 ph\u00f9 h\u1ee3p \u0111\u1ec3 gi\u00e1m s\u00e1t th\u1eddi gian th\u1ef1c c\u00e1c thi\u1ebft b\u1ecb \u0111i\u1ec7n v\u00e0 thi\u1ebft b\u1ecb \u0111i\u1ec1u h\u00f2a kh\u00f4ng kh\u00ed trong c\u00e1c tr\u1ea1m v\u0103n ph\u00f2ng truy\u1ec1n th\u00f4ng. \u0111\u1ec3 \u0111\u1ea3m b\u1ea3o ho\u1ea1t \u0111\u1ed9ng \u0111\u00e1ng tin c\u1eady c\u1ee7a h\u1ec7 th\u1ed1ng vi\u1ec5n th\u00f4ng v\u00e0 \u0111i\u1ec1u khi\u1ec3n t\u00edn hi\u1ec7u t\u1ea1i ch\u1ed7, v.v.<\/p>\n<p><img decoding=\"async\" src=\"https:\/\/img76.gkzhan.com\/bb33f2c9b6dc3b8558b20a8adfa02ae9f2e8b54755ff1d7106de17d3b4eaf0d040f759fcc647931c.jpg\" \/><\/p>\n<p>&nbsp;<\/p>\n<p>\u0110\u1ea1i l\u00fd WEIBO vietnam, WEIBO viet nam, WEIBO vietnam distributor, Ph\u00e2n ph\u1ed1i WEIBO t\u1ea1i vi\u1ec7t nam<\/p>\n<p>\u0110\u1ea1i l\u00fd WEIBO vietnam, WEIBO viet nam, WEIBO vietnam distributor, Ph\u00e2n ph\u1ed1i WEIBO t\u1ea1i vi\u1ec7t nam<\/p>\n<p>\u0110\u1ea1i l\u00fd WEIBO vietnam, WEIBO viet nam, WEIBO vietnam distributor, Ph\u00e2n ph\u1ed1i WEIBO t\u1ea1i vi\u1ec7t nam<\/p>\n<p>\u0110\u1ea1i l\u00fd WEIBO vietnam, WEIBO viet nam, WEIBO vietnam distributor, Ph\u00e2n ph\u1ed1i WEIBO t\u1ea1i vi\u1ec7t nam<\/p>\n<p>\u0110\u1ea1i l\u00fd WEIBO vietnam, WEIBO viet nam, WEIBO vietnam distributor, Ph\u00e2n ph\u1ed1i WEIBO t\u1ea1i vi\u1ec7t nam<\/p>\n","protected":false},"excerpt":{"rendered":"<p>WEIBO WB3I414R01-S WEIBO WBI414S03\/WBI414S93\/I414S03\/WBI414S43\/WBI4 WEIBO WBV417S01\/V417S01\/WBV415S01\/V415S01 WEIBO WBV417S01\/V417S01\/WBV415S01\/V415S01\/WBV414aS1 C\u1ea3m bi\u1ebfn b\u1ea3o v\u1ec7 d\u00f2ng WB l\u00e0 c\u00e1c m\u00f4-\u0111un c\u00e1ch ly \u0111\u01b0\u1ee3c thi\u1ebft k\u1ebf \u0111\u1eb7c bi\u1ec7t nh\u1eb1m cung c\u1ea5p cho ng\u01b0\u1eddi d\u00f9ng kh\u1ea3 n\u0103ng gi\u00e1m s\u00e1t th\u1eddi gian th\u1ef1c ch\u00ednh x\u00e1c v\u00e0 \u0111\u00e1ng tin c\u1eady h\u01a1n th\u00f4ng qua c\u00e1c thi\u1ebft k\u1ebf ch\u1ed1ng&hellip; <\/p>\n","protected":false},"featured_media":917,"comment_status":"open","ping_status":"closed","template":"","meta":{"om_disable_all_campaigns":false,"_monsterinsights_skip_tracking":false,"_monsterinsights_sitenote_active":false,"_monsterinsights_sitenote_note":"","_monsterinsights_sitenote_category":0},"product_cat":[15],"product_tag":[221,242,159,241],"class_list":{"0":"post-916","1":"product","2":"type-product","3":"status-publish","4":"has-post-thumbnail","6":"product_cat-apex","7":"product_tag-bo-nguon","8":"product_tag-dai-ly-weibo-viet-nam","9":"product_tag-mo-dun","10":"product_tag-weibo-viet-nam","12":"first","13":"instock","14":"shipping-taxable","15":"product-type-simple"},"aioseo_notices":[],"yoast_head":"<!-- This site is optimized with the Yoast SEO plugin v22.8 - https:\/\/yoast.com\/wordpress\/plugins\/seo\/ -->\n<title>WEIBO WB3I414R01-S - OMANI VI\u1ec6T NAM<\/title>\n<meta name=\"robots\" content=\"index, follow, max-snippet:-1, max-image-preview:large, max-video-preview:-1\" \/>\n<link rel=\"canonical\" href=\"https:\/\/sipin.com.vn\/index.php\/product\/weibo-wb3i414r01-s\/\" \/>\n<meta property=\"og:locale\" content=\"vi_VN\" \/>\n<meta property=\"og:type\" content=\"article\" \/>\n<meta property=\"og:title\" content=\"WEIBO WB3I414R01-S - OMANI VI\u1ec6T NAM\" \/>\n<meta property=\"og:description\" content=\"WEIBO WB3I414R01-S WEIBO WBI414S03\/WBI414S93\/I414S03\/WBI414S43\/WBI4 WEIBO WBV417S01\/V417S01\/WBV415S01\/V415S01 WEIBO WBV417S01\/V417S01\/WBV415S01\/V415S01\/WBV414aS1 C\u1ea3m bi\u1ebfn b\u1ea3o v\u1ec7 d\u00f2ng WB l\u00e0 c\u00e1c m\u00f4-\u0111un c\u00e1ch ly \u0111\u01b0\u1ee3c thi\u1ebft k\u1ebf \u0111\u1eb7c bi\u1ec7t nh\u1eb1m cung c\u1ea5p cho ng\u01b0\u1eddi d\u00f9ng kh\u1ea3 n\u0103ng gi\u00e1m s\u00e1t th\u1eddi gian th\u1ef1c ch\u00ednh x\u00e1c v\u00e0 \u0111\u00e1ng tin c\u1eady h\u01a1n th\u00f4ng qua c\u00e1c thi\u1ebft k\u1ebf ch\u1ed1ng&hellip;\" \/>\n<meta property=\"og:url\" content=\"https:\/\/sipin.com.vn\/index.php\/product\/weibo-wb3i414r01-s\/\" \/>\n<meta property=\"og:site_name\" content=\"OMANI VI\u1ec6T NAM\" \/>\n<meta property=\"article:modified_time\" content=\"2024-08-10T14:58:55+00:00\" \/>\n<meta property=\"og:image\" content=\"https:\/\/sipin.com.vn\/wp-content\/uploads\/2024\/06\/WB3I414R01-S.png\" \/>\n\t<meta property=\"og:image:width\" content=\"524\" \/>\n\t<meta property=\"og:image:height\" content=\"462\" \/>\n\t<meta property=\"og:image:type\" content=\"image\/png\" \/>\n<meta name=\"twitter:card\" content=\"summary_large_image\" \/>\n<meta name=\"twitter:label1\" content=\"\u01af\u1edbc t\u00ednh th\u1eddi gian \u0111\u1ecdc\" \/>\n\t<meta name=\"twitter:data1\" content=\"2 ph\u00fat\" \/>\n<script type=\"application\/ld+json\" class=\"yoast-schema-graph\">{\"@context\":\"https:\/\/schema.org\",\"@graph\":[{\"@type\":\"WebPage\",\"@id\":\"https:\/\/sipin.com.vn\/index.php\/product\/weibo-wb3i414r01-s\/\",\"url\":\"https:\/\/sipin.com.vn\/index.php\/product\/weibo-wb3i414r01-s\/\",\"name\":\"WEIBO WB3I414R01-S - OMANI VI\u1ec6T NAM\",\"isPartOf\":{\"@id\":\"https:\/\/sipin.com.vn\/#website\"},\"primaryImageOfPage\":{\"@id\":\"https:\/\/sipin.com.vn\/index.php\/product\/weibo-wb3i414r01-s\/#primaryimage\"},\"image\":{\"@id\":\"https:\/\/sipin.com.vn\/index.php\/product\/weibo-wb3i414r01-s\/#primaryimage\"},\"thumbnailUrl\":\"https:\/\/sipin.com.vn\/wp-content\/uploads\/2024\/06\/WB3I414R01-S.png\",\"datePublished\":\"2024-06-28T15:52:29+00:00\",\"dateModified\":\"2024-08-10T14:58:55+00:00\",\"breadcrumb\":{\"@id\":\"https:\/\/sipin.com.vn\/index.php\/product\/weibo-wb3i414r01-s\/#breadcrumb\"},\"inLanguage\":\"vi\",\"potentialAction\":[{\"@type\":\"ReadAction\",\"target\":[\"https:\/\/sipin.com.vn\/index.php\/product\/weibo-wb3i414r01-s\/\"]}]},{\"@type\":\"ImageObject\",\"inLanguage\":\"vi\",\"@id\":\"https:\/\/sipin.com.vn\/index.php\/product\/weibo-wb3i414r01-s\/#primaryimage\",\"url\":\"https:\/\/sipin.com.vn\/wp-content\/uploads\/2024\/06\/WB3I414R01-S.png\",\"contentUrl\":\"https:\/\/sipin.com.vn\/wp-content\/uploads\/2024\/06\/WB3I414R01-S.png\",\"width\":524,\"height\":462},{\"@type\":\"BreadcrumbList\",\"@id\":\"https:\/\/sipin.com.vn\/index.php\/product\/weibo-wb3i414r01-s\/#breadcrumb\",\"itemListElement\":[{\"@type\":\"ListItem\",\"position\":1,\"name\":\"Home\",\"item\":\"https:\/\/sipin.com.vn\/\"},{\"@type\":\"ListItem\",\"position\":2,\"name\":\"S\u1ea2N PH\u1ea8M\",\"item\":\"https:\/\/sipin.com.vn\/index.php\/cua-hang\/\"},{\"@type\":\"ListItem\",\"position\":3,\"name\":\"WEIBO WB3I414R01-S\"}]},{\"@type\":\"WebSite\",\"@id\":\"https:\/\/sipin.com.vn\/#website\",\"url\":\"https:\/\/sipin.com.vn\/\",\"name\":\"OMANI VI\u1ec6T NAM\",\"description\":\"Nh\u00e0 ph\u00e2n ph\u1ed1i thi\u1ebft b\u1ecb kh\u00ed n\u00e9n v\u00e0 thi\u1ebft b\u1ecb t\u1ef1 \u0111\u1ed9ng h\u00f3a trong c\u00f4ng nghi\u1ec7p\",\"publisher\":{\"@id\":\"https:\/\/sipin.com.vn\/#\/schema\/person\/0ad398a980dc3fd696111c2c5c8fa897\"},\"potentialAction\":[{\"@type\":\"SearchAction\",\"target\":{\"@type\":\"EntryPoint\",\"urlTemplate\":\"https:\/\/sipin.com.vn\/?s={search_term_string}\"},\"query-input\":\"required name=search_term_string\"}],\"inLanguage\":\"vi\"},{\"@type\":[\"Person\",\"Organization\"],\"@id\":\"https:\/\/sipin.com.vn\/#\/schema\/person\/0ad398a980dc3fd696111c2c5c8fa897\",\"name\":\"Nguy\u1ec5n V\u0103n Kh\u00e1nh\",\"image\":{\"@type\":\"ImageObject\",\"inLanguage\":\"vi\",\"@id\":\"https:\/\/sipin.com.vn\/#\/schema\/person\/image\/\",\"url\":\"https:\/\/sipin.com.vn\/wp-content\/uploads\/2024\/06\/logo-1024x1024.png\",\"contentUrl\":\"https:\/\/sipin.com.vn\/wp-content\/uploads\/2024\/06\/logo-1024x1024.png\",\"width\":1024,\"height\":1024,\"caption\":\"Nguy\u1ec5n V\u0103n Kh\u00e1nh\"},\"logo\":{\"@id\":\"https:\/\/sipin.com.vn\/#\/schema\/person\/image\/\"},\"sameAs\":[\"https:\/\/sipin.com.vn\"]}]}<\/script>\n<!-- \/ Yoast SEO plugin. -->","yoast_head_json":{"title":"WEIBO WB3I414R01-S - OMANI VI\u1ec6T NAM","robots":{"index":"index","follow":"follow","max-snippet":"max-snippet:-1","max-image-preview":"max-image-preview:large","max-video-preview":"max-video-preview:-1"},"canonical":"https:\/\/sipin.com.vn\/index.php\/product\/weibo-wb3i414r01-s\/","og_locale":"vi_VN","og_type":"article","og_title":"WEIBO WB3I414R01-S - OMANI VI\u1ec6T NAM","og_description":"WEIBO WB3I414R01-S WEIBO WBI414S03\/WBI414S93\/I414S03\/WBI414S43\/WBI4 WEIBO WBV417S01\/V417S01\/WBV415S01\/V415S01 WEIBO WBV417S01\/V417S01\/WBV415S01\/V415S01\/WBV414aS1 C\u1ea3m bi\u1ebfn b\u1ea3o v\u1ec7 d\u00f2ng WB l\u00e0 c\u00e1c m\u00f4-\u0111un c\u00e1ch ly \u0111\u01b0\u1ee3c thi\u1ebft k\u1ebf \u0111\u1eb7c bi\u1ec7t nh\u1eb1m cung c\u1ea5p cho ng\u01b0\u1eddi d\u00f9ng kh\u1ea3 n\u0103ng gi\u00e1m s\u00e1t th\u1eddi gian th\u1ef1c ch\u00ednh x\u00e1c v\u00e0 \u0111\u00e1ng tin c\u1eady h\u01a1n th\u00f4ng qua c\u00e1c thi\u1ebft k\u1ebf ch\u1ed1ng&hellip;","og_url":"https:\/\/sipin.com.vn\/index.php\/product\/weibo-wb3i414r01-s\/","og_site_name":"OMANI VI\u1ec6T NAM","article_modified_time":"2024-08-10T14:58:55+00:00","og_image":[{"width":524,"height":462,"url":"https:\/\/sipin.com.vn\/wp-content\/uploads\/2024\/06\/WB3I414R01-S.png","type":"image\/png"}],"twitter_card":"summary_large_image","twitter_misc":{"\u01af\u1edbc t\u00ednh th\u1eddi gian \u0111\u1ecdc":"2 ph\u00fat"},"schema":{"@context":"https:\/\/schema.org","@graph":[{"@type":"WebPage","@id":"https:\/\/sipin.com.vn\/index.php\/product\/weibo-wb3i414r01-s\/","url":"https:\/\/sipin.com.vn\/index.php\/product\/weibo-wb3i414r01-s\/","name":"WEIBO WB3I414R01-S - OMANI VI\u1ec6T NAM","isPartOf":{"@id":"https:\/\/sipin.com.vn\/#website"},"primaryImageOfPage":{"@id":"https:\/\/sipin.com.vn\/index.php\/product\/weibo-wb3i414r01-s\/#primaryimage"},"image":{"@id":"https:\/\/sipin.com.vn\/index.php\/product\/weibo-wb3i414r01-s\/#primaryimage"},"thumbnailUrl":"https:\/\/sipin.com.vn\/wp-content\/uploads\/2024\/06\/WB3I414R01-S.png","datePublished":"2024-06-28T15:52:29+00:00","dateModified":"2024-08-10T14:58:55+00:00","breadcrumb":{"@id":"https:\/\/sipin.com.vn\/index.php\/product\/weibo-wb3i414r01-s\/#breadcrumb"},"inLanguage":"vi","potentialAction":[{"@type":"ReadAction","target":["https:\/\/sipin.com.vn\/index.php\/product\/weibo-wb3i414r01-s\/"]}]},{"@type":"ImageObject","inLanguage":"vi","@id":"https:\/\/sipin.com.vn\/index.php\/product\/weibo-wb3i414r01-s\/#primaryimage","url":"https:\/\/sipin.com.vn\/wp-content\/uploads\/2024\/06\/WB3I414R01-S.png","contentUrl":"https:\/\/sipin.com.vn\/wp-content\/uploads\/2024\/06\/WB3I414R01-S.png","width":524,"height":462},{"@type":"BreadcrumbList","@id":"https:\/\/sipin.com.vn\/index.php\/product\/weibo-wb3i414r01-s\/#breadcrumb","itemListElement":[{"@type":"ListItem","position":1,"name":"Home","item":"https:\/\/sipin.com.vn\/"},{"@type":"ListItem","position":2,"name":"S\u1ea2N PH\u1ea8M","item":"https:\/\/sipin.com.vn\/index.php\/cua-hang\/"},{"@type":"ListItem","position":3,"name":"WEIBO WB3I414R01-S"}]},{"@type":"WebSite","@id":"https:\/\/sipin.com.vn\/#website","url":"https:\/\/sipin.com.vn\/","name":"OMANI VI\u1ec6T NAM","description":"Nh\u00e0 ph\u00e2n ph\u1ed1i thi\u1ebft b\u1ecb kh\u00ed n\u00e9n v\u00e0 thi\u1ebft b\u1ecb t\u1ef1 \u0111\u1ed9ng h\u00f3a trong c\u00f4ng nghi\u1ec7p","publisher":{"@id":"https:\/\/sipin.com.vn\/#\/schema\/person\/0ad398a980dc3fd696111c2c5c8fa897"},"potentialAction":[{"@type":"SearchAction","target":{"@type":"EntryPoint","urlTemplate":"https:\/\/sipin.com.vn\/?s={search_term_string}"},"query-input":"required name=search_term_string"}],"inLanguage":"vi"},{"@type":["Person","Organization"],"@id":"https:\/\/sipin.com.vn\/#\/schema\/person\/0ad398a980dc3fd696111c2c5c8fa897","name":"Nguy\u1ec5n V\u0103n Kh\u00e1nh","image":{"@type":"ImageObject","inLanguage":"vi","@id":"https:\/\/sipin.com.vn\/#\/schema\/person\/image\/","url":"https:\/\/sipin.com.vn\/wp-content\/uploads\/2024\/06\/logo-1024x1024.png","contentUrl":"https:\/\/sipin.com.vn\/wp-content\/uploads\/2024\/06\/logo-1024x1024.png","width":1024,"height":1024,"caption":"Nguy\u1ec5n V\u0103n Kh\u00e1nh"},"logo":{"@id":"https:\/\/sipin.com.vn\/#\/schema\/person\/image\/"},"sameAs":["https:\/\/sipin.com.vn"]}]}},"_links":{"self":[{"href":"https:\/\/sipin.com.vn\/index.php\/wp-json\/wp\/v2\/product\/916","targetHints":{"allow":["GET"]}}],"collection":[{"href":"https:\/\/sipin.com.vn\/index.php\/wp-json\/wp\/v2\/product"}],"about":[{"href":"https:\/\/sipin.com.vn\/index.php\/wp-json\/wp\/v2\/types\/product"}],"replies":[{"embeddable":true,"href":"https:\/\/sipin.com.vn\/index.php\/wp-json\/wp\/v2\/comments?post=916"}],"wp:featuredmedia":[{"embeddable":true,"href":"https:\/\/sipin.com.vn\/index.php\/wp-json\/wp\/v2\/media\/917"}],"wp:attachment":[{"href":"https:\/\/sipin.com.vn\/index.php\/wp-json\/wp\/v2\/media?parent=916"}],"wp:term":[{"taxonomy":"product_cat","embeddable":true,"href":"https:\/\/sipin.com.vn\/index.php\/wp-json\/wp\/v2\/product_cat?post=916"},{"taxonomy":"product_tag","embeddable":true,"href":"https:\/\/sipin.com.vn\/index.php\/wp-json\/wp\/v2\/product_tag?post=916"}],"curies":[{"name":"wp","href":"https:\/\/api.w.org\/{rel}","templated":true}]}}