{"id":912,"date":"2024-06-28T22:22:06","date_gmt":"2024-06-28T15:22:06","guid":{"rendered":"https:\/\/omanivietnam.com\/?post_type=product&#038;p=912"},"modified":"2024-08-10T22:03:08","modified_gmt":"2024-08-10T15:03:08","slug":"sick-ime30-15bpozc0s","status":"publish","type":"product","link":"https:\/\/sipin.com.vn\/index.php\/product\/sick-ime30-15bpozc0s\/","title":{"rendered":"SICK IME30-15BPOZC0S"},"content":{"rendered":"<p>SICK IME30-15BPOZC0S 1041034<\/p>\n<div class=\"short-description\">IME30-15BPOZC0S Inductive proximity sensor IME-series advanced sn 15mm, flush, connector M12 DC 3-wire, PNP, NC<\/div>\n<div class=\"manufacturers\"><span class=\"label\">Manufacturer:<\/span><\/div>\n<div class=\"additional-details\">\n<div class=\"manufacturer-part-number\"><span class=\"label\">Manufacturer part number:<\/span>\u00a0<span id=\"mpn-49247\" class=\"value\">1041034<\/span><\/div>\n<div class=\"sku\"><span class=\"label\">SKU:<\/span>\u00a0<span id=\"sku-49247\" class=\"value\">85882<\/span><\/div>\n<\/div>\n<div class=\"weight\"><span class=\"label\">Weight(kg):<\/span>\u00a0<span id=\"weight-49247\" class=\"value\">0.1430<\/span><\/div>\n<div><\/div>\n<div>\n<ul>\n<li style=\"list-style-type: none\">\n<ul>\n<li>Size M30<\/li>\n<li>IP 67 enclosure rating<\/li>\n<li>Operating temperature from -25\u00b0 C to +75\u00b0 C<\/li>\n<\/ul>\n<\/li>\n<\/ul>\n<p>Your benefits<\/p>\n<ul>\n<li>Reduced machine downtime<\/li>\n<li>Reduced mechanical damage<\/li>\n<li>Fewer maintenance costs due to longer service life<\/li>\n<li>High resistance to shock and vibrations<\/li>\n<\/ul>\n<p>&nbsp;<\/p>\n<\/div>\n<table>\n<tbody>\n<tr>\n<td>Housing<\/td>\n<td>Cylindrical thread design<\/td>\n<\/tr>\n<tr>\n<td>Housing<\/td>\n<td>Standard design<\/td>\n<\/tr>\n<tr>\n<td>Thread size<\/td>\n<td>M30\u00a0x 1.5<\/td>\n<\/tr>\n<tr>\n<td>Diameter<\/td>\n<td>\u00d8\u00a030\u00a0mm<\/td>\n<\/tr>\n<tr>\n<td>Sensing range S<sub>n<\/sub><\/td>\n<td>15\u00a0mm<\/td>\n<\/tr>\n<tr>\n<td>Safe sensing range S<sub>a<\/sub><\/td>\n<td>12.15\u00a0mm<\/td>\n<\/tr>\n<tr>\n<td>Installation type<\/td>\n<td>Flush<\/td>\n<\/tr>\n<tr>\n<td>Switching frequency<\/td>\n<td>500\u00a0Hz<\/td>\n<\/tr>\n<tr>\n<td>Connection type<\/td>\n<td>Male connector M12, 4-pin<\/td>\n<\/tr>\n<tr>\n<td>Switching output<\/td>\n<td>PNP<\/td>\n<\/tr>\n<tr>\n<td>Output function<\/td>\n<td>NC<\/td>\n<\/tr>\n<tr>\n<td>Electrical wiring<\/td>\n<td>DC 3-wire<\/td>\n<\/tr>\n<tr>\n<td>Enclosure rating<\/td>\n<td>IP67\u00a0<sup>1)<\/sup><\/td>\n<\/tr>\n<tr>\n<td>Items supplied<\/td>\n<td>Mounting nut, brass, nickel-plated (2x)<\/td>\n<\/tr>\n<\/tbody>\n<\/table>\n<p>&nbsp;<\/p>\n<p><img decoding=\"async\" src=\"https:\/\/www.sick.com\/media\/pim\/1\/41\/241\/IM0020241.png\" alt=\"Connection type\" \/><\/p>\n<p>&nbsp;<\/p>\n<p><img decoding=\"async\" src=\"https:\/\/www.sick.com\/media\/pim\/1\/41\/841\/IM0008841.png\" alt=\"Connection diagram Cd-008\" \/><\/p>\n<p>&nbsp;<\/p>\n<p><img decoding=\"async\" src=\"https:\/\/www.sick.com\/media\/pim\/6\/86\/986\/IM0044986.png\" alt=\"Dimensional drawing IME30 Standard, connector, flush\" \/><\/p>\n<p>&nbsp;<\/p>\n<p>\u0110\u1ea1i l\u00fd SICK vietnam, SICK viet nam, SICK vietnam distributor, Ph\u00e2n ph\u1ed1i SICK t\u1ea1i vi\u1ec7t nam<\/p>\n<p>\u0110\u1ea1i l\u00fd SICK vietnam, SICK viet nam, SICK vietnam distributor, Ph\u00e2n ph\u1ed1i SICK t\u1ea1i vi\u1ec7t nam<\/p>\n<p>\u0110\u1ea1i l\u00fd SICK vietnam, SICK viet nam, SICK vietnam distributor, Ph\u00e2n ph\u1ed1i SICK t\u1ea1i vi\u1ec7t nam<\/p>\n<p>\u0110\u1ea1i l\u00fd SICK vietnam, SICK viet nam, SICK vietnam distributor, Ph\u00e2n ph\u1ed1i SICK t\u1ea1i vi\u1ec7t nam<\/p>\n<p>\u0110\u1ea1i l\u00fd SICK vietnam, SICK viet nam, SICK vietnam distributor, Ph\u00e2n ph\u1ed1i SICK t\u1ea1i vi\u1ec7t nam<\/p>\n<p>&nbsp;<\/p>\n","protected":false},"excerpt":{"rendered":"<p>SICK IME30-15BPOZC0S 1041034 IME30-15BPOZC0S Inductive proximity sensor IME-series advanced sn 15mm, flush, connector M12 DC 3-wire, PNP, NC Manufacturer: Manufacturer part number:\u00a01041034 SKU:\u00a085882 Weight(kg):\u00a00.1430 Size M30 IP 67 enclosure rating Operating temperature from -25\u00b0 C to +75\u00b0 C Your benefits Reduced machine downtime Reduced mechanical damage Fewer maintenance costs due&hellip; <\/p>\n","protected":false},"featured_media":913,"comment_status":"open","ping_status":"closed","template":"","meta":{"om_disable_all_campaigns":false,"_monsterinsights_skip_tracking":false,"_monsterinsights_sitenote_active":false,"_monsterinsights_sitenote_note":"","_monsterinsights_sitenote_category":0},"product_cat":[15],"product_tag":[88,89,90],"class_list":{"0":"post-912","1":"product","2":"type-product","3":"status-publish","4":"has-post-thumbnail","6":"product_cat-apex","7":"product_tag-cam-bien","8":"product_tag-dai-ly-sick-viet-nam","9":"product_tag-sick-viet-nam","11":"first","12":"instock","13":"shipping-taxable","14":"product-type-simple"},"aioseo_notices":[],"yoast_head":"<!-- This site is optimized with the Yoast SEO plugin v22.8 - https:\/\/yoast.com\/wordpress\/plugins\/seo\/ -->\n<title>SICK IME30-15BPOZC0S - OMANI VI\u1ec6T NAM<\/title>\n<meta name=\"description\" content=\"Sick IME30-15BPOZC0S (1041034), Inductive sensor M30\" \/>\n<meta name=\"robots\" content=\"index, follow, max-snippet:-1, max-image-preview:large, max-video-preview:-1\" \/>\n<link rel=\"canonical\" href=\"https:\/\/sipin.com.vn\/index.php\/product\/sick-ime30-15bpozc0s\/\" \/>\n<meta property=\"og:locale\" content=\"vi_VN\" \/>\n<meta property=\"og:type\" content=\"article\" \/>\n<meta property=\"og:title\" content=\"SICK IME30-15BPOZC0S - OMANI VI\u1ec6T NAM\" \/>\n<meta property=\"og:description\" content=\"Sick IME30-15BPOZC0S (1041034), Inductive sensor M30\" \/>\n<meta property=\"og:url\" content=\"https:\/\/sipin.com.vn\/index.php\/product\/sick-ime30-15bpozc0s\/\" \/>\n<meta property=\"og:site_name\" content=\"OMANI VI\u1ec6T NAM\" \/>\n<meta property=\"article:modified_time\" content=\"2024-08-10T15:03:08+00:00\" \/>\n<meta property=\"og:image\" content=\"https:\/\/sipin.com.vn\/wp-content\/uploads\/2024\/06\/IME30-15BPOZC0S.png\" \/>\n\t<meta property=\"og:image:width\" content=\"337\" \/>\n\t<meta property=\"og:image:height\" content=\"450\" \/>\n\t<meta property=\"og:image:type\" content=\"image\/png\" \/>\n<meta name=\"twitter:card\" content=\"summary_large_image\" \/>\n<meta name=\"twitter:label1\" content=\"\u01af\u1edbc t\u00ednh th\u1eddi gian \u0111\u1ecdc\" \/>\n\t<meta name=\"twitter:data1\" content=\"2 ph\u00fat\" \/>\n<script type=\"application\/ld+json\" class=\"yoast-schema-graph\">{\"@context\":\"https:\/\/schema.org\",\"@graph\":[{\"@type\":\"WebPage\",\"@id\":\"https:\/\/sipin.com.vn\/index.php\/product\/sick-ime30-15bpozc0s\/\",\"url\":\"https:\/\/sipin.com.vn\/index.php\/product\/sick-ime30-15bpozc0s\/\",\"name\":\"SICK IME30-15BPOZC0S - OMANI VI\u1ec6T NAM\",\"isPartOf\":{\"@id\":\"https:\/\/sipin.com.vn\/#website\"},\"primaryImageOfPage\":{\"@id\":\"https:\/\/sipin.com.vn\/index.php\/product\/sick-ime30-15bpozc0s\/#primaryimage\"},\"image\":{\"@id\":\"https:\/\/sipin.com.vn\/index.php\/product\/sick-ime30-15bpozc0s\/#primaryimage\"},\"thumbnailUrl\":\"https:\/\/sipin.com.vn\/wp-content\/uploads\/2024\/06\/IME30-15BPOZC0S.png\",\"datePublished\":\"2024-06-28T15:22:06+00:00\",\"dateModified\":\"2024-08-10T15:03:08+00:00\",\"description\":\"Sick IME30-15BPOZC0S (1041034), Inductive sensor M30\",\"breadcrumb\":{\"@id\":\"https:\/\/sipin.com.vn\/index.php\/product\/sick-ime30-15bpozc0s\/#breadcrumb\"},\"inLanguage\":\"vi\",\"potentialAction\":[{\"@type\":\"ReadAction\",\"target\":[\"https:\/\/sipin.com.vn\/index.php\/product\/sick-ime30-15bpozc0s\/\"]}]},{\"@type\":\"ImageObject\",\"inLanguage\":\"vi\",\"@id\":\"https:\/\/sipin.com.vn\/index.php\/product\/sick-ime30-15bpozc0s\/#primaryimage\",\"url\":\"https:\/\/sipin.com.vn\/wp-content\/uploads\/2024\/06\/IME30-15BPOZC0S.png\",\"contentUrl\":\"https:\/\/sipin.com.vn\/wp-content\/uploads\/2024\/06\/IME30-15BPOZC0S.png\",\"width\":337,\"height\":450},{\"@type\":\"BreadcrumbList\",\"@id\":\"https:\/\/sipin.com.vn\/index.php\/product\/sick-ime30-15bpozc0s\/#breadcrumb\",\"itemListElement\":[{\"@type\":\"ListItem\",\"position\":1,\"name\":\"Home\",\"item\":\"https:\/\/sipin.com.vn\/\"},{\"@type\":\"ListItem\",\"position\":2,\"name\":\"S\u1ea2N PH\u1ea8M\",\"item\":\"https:\/\/sipin.com.vn\/index.php\/cua-hang\/\"},{\"@type\":\"ListItem\",\"position\":3,\"name\":\"SICK IME30-15BPOZC0S\"}]},{\"@type\":\"WebSite\",\"@id\":\"https:\/\/sipin.com.vn\/#website\",\"url\":\"https:\/\/sipin.com.vn\/\",\"name\":\"OMANI VI\u1ec6T NAM\",\"description\":\"Nh\u00e0 ph\u00e2n ph\u1ed1i thi\u1ebft b\u1ecb kh\u00ed n\u00e9n v\u00e0 thi\u1ebft b\u1ecb t\u1ef1 \u0111\u1ed9ng h\u00f3a trong c\u00f4ng nghi\u1ec7p\",\"publisher\":{\"@id\":\"https:\/\/sipin.com.vn\/#\/schema\/person\/0ad398a980dc3fd696111c2c5c8fa897\"},\"potentialAction\":[{\"@type\":\"SearchAction\",\"target\":{\"@type\":\"EntryPoint\",\"urlTemplate\":\"https:\/\/sipin.com.vn\/?s={search_term_string}\"},\"query-input\":\"required name=search_term_string\"}],\"inLanguage\":\"vi\"},{\"@type\":[\"Person\",\"Organization\"],\"@id\":\"https:\/\/sipin.com.vn\/#\/schema\/person\/0ad398a980dc3fd696111c2c5c8fa897\",\"name\":\"Nguy\u1ec5n V\u0103n Kh\u00e1nh\",\"image\":{\"@type\":\"ImageObject\",\"inLanguage\":\"vi\",\"@id\":\"https:\/\/sipin.com.vn\/#\/schema\/person\/image\/\",\"url\":\"https:\/\/sipin.com.vn\/wp-content\/uploads\/2024\/06\/logo-1024x1024.png\",\"contentUrl\":\"https:\/\/sipin.com.vn\/wp-content\/uploads\/2024\/06\/logo-1024x1024.png\",\"width\":1024,\"height\":1024,\"caption\":\"Nguy\u1ec5n V\u0103n Kh\u00e1nh\"},\"logo\":{\"@id\":\"https:\/\/sipin.com.vn\/#\/schema\/person\/image\/\"},\"sameAs\":[\"https:\/\/sipin.com.vn\"]}]}<\/script>\n<!-- \/ Yoast SEO plugin. -->","yoast_head_json":{"title":"SICK IME30-15BPOZC0S - OMANI VI\u1ec6T NAM","description":"Sick IME30-15BPOZC0S (1041034), Inductive sensor M30","robots":{"index":"index","follow":"follow","max-snippet":"max-snippet:-1","max-image-preview":"max-image-preview:large","max-video-preview":"max-video-preview:-1"},"canonical":"https:\/\/sipin.com.vn\/index.php\/product\/sick-ime30-15bpozc0s\/","og_locale":"vi_VN","og_type":"article","og_title":"SICK IME30-15BPOZC0S - OMANI VI\u1ec6T NAM","og_description":"Sick IME30-15BPOZC0S (1041034), Inductive sensor M30","og_url":"https:\/\/sipin.com.vn\/index.php\/product\/sick-ime30-15bpozc0s\/","og_site_name":"OMANI VI\u1ec6T NAM","article_modified_time":"2024-08-10T15:03:08+00:00","og_image":[{"width":337,"height":450,"url":"https:\/\/sipin.com.vn\/wp-content\/uploads\/2024\/06\/IME30-15BPOZC0S.png","type":"image\/png"}],"twitter_card":"summary_large_image","twitter_misc":{"\u01af\u1edbc t\u00ednh th\u1eddi gian \u0111\u1ecdc":"2 ph\u00fat"},"schema":{"@context":"https:\/\/schema.org","@graph":[{"@type":"WebPage","@id":"https:\/\/sipin.com.vn\/index.php\/product\/sick-ime30-15bpozc0s\/","url":"https:\/\/sipin.com.vn\/index.php\/product\/sick-ime30-15bpozc0s\/","name":"SICK IME30-15BPOZC0S - OMANI VI\u1ec6T NAM","isPartOf":{"@id":"https:\/\/sipin.com.vn\/#website"},"primaryImageOfPage":{"@id":"https:\/\/sipin.com.vn\/index.php\/product\/sick-ime30-15bpozc0s\/#primaryimage"},"image":{"@id":"https:\/\/sipin.com.vn\/index.php\/product\/sick-ime30-15bpozc0s\/#primaryimage"},"thumbnailUrl":"https:\/\/sipin.com.vn\/wp-content\/uploads\/2024\/06\/IME30-15BPOZC0S.png","datePublished":"2024-06-28T15:22:06+00:00","dateModified":"2024-08-10T15:03:08+00:00","description":"Sick IME30-15BPOZC0S (1041034), Inductive sensor M30","breadcrumb":{"@id":"https:\/\/sipin.com.vn\/index.php\/product\/sick-ime30-15bpozc0s\/#breadcrumb"},"inLanguage":"vi","potentialAction":[{"@type":"ReadAction","target":["https:\/\/sipin.com.vn\/index.php\/product\/sick-ime30-15bpozc0s\/"]}]},{"@type":"ImageObject","inLanguage":"vi","@id":"https:\/\/sipin.com.vn\/index.php\/product\/sick-ime30-15bpozc0s\/#primaryimage","url":"https:\/\/sipin.com.vn\/wp-content\/uploads\/2024\/06\/IME30-15BPOZC0S.png","contentUrl":"https:\/\/sipin.com.vn\/wp-content\/uploads\/2024\/06\/IME30-15BPOZC0S.png","width":337,"height":450},{"@type":"BreadcrumbList","@id":"https:\/\/sipin.com.vn\/index.php\/product\/sick-ime30-15bpozc0s\/#breadcrumb","itemListElement":[{"@type":"ListItem","position":1,"name":"Home","item":"https:\/\/sipin.com.vn\/"},{"@type":"ListItem","position":2,"name":"S\u1ea2N PH\u1ea8M","item":"https:\/\/sipin.com.vn\/index.php\/cua-hang\/"},{"@type":"ListItem","position":3,"name":"SICK IME30-15BPOZC0S"}]},{"@type":"WebSite","@id":"https:\/\/sipin.com.vn\/#website","url":"https:\/\/sipin.com.vn\/","name":"OMANI VI\u1ec6T NAM","description":"Nh\u00e0 ph\u00e2n ph\u1ed1i thi\u1ebft b\u1ecb kh\u00ed n\u00e9n v\u00e0 thi\u1ebft b\u1ecb t\u1ef1 \u0111\u1ed9ng h\u00f3a trong c\u00f4ng nghi\u1ec7p","publisher":{"@id":"https:\/\/sipin.com.vn\/#\/schema\/person\/0ad398a980dc3fd696111c2c5c8fa897"},"potentialAction":[{"@type":"SearchAction","target":{"@type":"EntryPoint","urlTemplate":"https:\/\/sipin.com.vn\/?s={search_term_string}"},"query-input":"required name=search_term_string"}],"inLanguage":"vi"},{"@type":["Person","Organization"],"@id":"https:\/\/sipin.com.vn\/#\/schema\/person\/0ad398a980dc3fd696111c2c5c8fa897","name":"Nguy\u1ec5n V\u0103n Kh\u00e1nh","image":{"@type":"ImageObject","inLanguage":"vi","@id":"https:\/\/sipin.com.vn\/#\/schema\/person\/image\/","url":"https:\/\/sipin.com.vn\/wp-content\/uploads\/2024\/06\/logo-1024x1024.png","contentUrl":"https:\/\/sipin.com.vn\/wp-content\/uploads\/2024\/06\/logo-1024x1024.png","width":1024,"height":1024,"caption":"Nguy\u1ec5n V\u0103n Kh\u00e1nh"},"logo":{"@id":"https:\/\/sipin.com.vn\/#\/schema\/person\/image\/"},"sameAs":["https:\/\/sipin.com.vn"]}]}},"_links":{"self":[{"href":"https:\/\/sipin.com.vn\/index.php\/wp-json\/wp\/v2\/product\/912","targetHints":{"allow":["GET"]}}],"collection":[{"href":"https:\/\/sipin.com.vn\/index.php\/wp-json\/wp\/v2\/product"}],"about":[{"href":"https:\/\/sipin.com.vn\/index.php\/wp-json\/wp\/v2\/types\/product"}],"replies":[{"embeddable":true,"href":"https:\/\/sipin.com.vn\/index.php\/wp-json\/wp\/v2\/comments?post=912"}],"wp:featuredmedia":[{"embeddable":true,"href":"https:\/\/sipin.com.vn\/index.php\/wp-json\/wp\/v2\/media\/913"}],"wp:attachment":[{"href":"https:\/\/sipin.com.vn\/index.php\/wp-json\/wp\/v2\/media?parent=912"}],"wp:term":[{"taxonomy":"product_cat","embeddable":true,"href":"https:\/\/sipin.com.vn\/index.php\/wp-json\/wp\/v2\/product_cat?post=912"},{"taxonomy":"product_tag","embeddable":true,"href":"https:\/\/sipin.com.vn\/index.php\/wp-json\/wp\/v2\/product_tag?post=912"}],"curies":[{"name":"wp","href":"https:\/\/api.w.org\/{rel}","templated":true}]}}