{"id":910,"date":"2024-06-28T22:14:47","date_gmt":"2024-06-28T15:14:47","guid":{"rendered":"https:\/\/omanivietnam.com\/?post_type=product&#038;p=910"},"modified":"2024-08-10T22:03:48","modified_gmt":"2024-08-10T15:03:48","slug":"sick-dol-1204-w05m","status":"publish","type":"product","link":"https:\/\/sipin.com.vn\/index.php\/product\/sick-dol-1204-w05m\/","title":{"rendered":"SICK DOL-1204-W05M"},"content":{"rendered":"<p>SICK DOL-1204-W05M 6009867<\/p>\n<div class=\"short-description\">Cable receptacle DOL-1204-W05M M12, 4-pin, angled, 5m cable<\/div>\n<div class=\"manufacturers\"><span class=\"label\">Manufacturer:<\/span><\/div>\n<div class=\"additional-details\">\n<div class=\"manufacturer-part-number\"><span class=\"label\">Manufacturer part number:<\/span>\u00a0<span id=\"mpn-51333\" class=\"value\">6009867<\/span><\/div>\n<div class=\"sku\"><span class=\"label\">VS ID:<\/span>\u00a0<span id=\"sku-51333\" class=\"value\">88007<\/span><\/div>\n<\/div>\n<div class=\"weight\"><span class=\"label\">Weight(kg):<\/span>\u00a0<span id=\"weight-51333\" class=\"value\">0.1900<\/span><\/div>\n<div><\/div>\n<div>\n<table class=\"technicalinfo\">\n<tbody>\n<tr>\n<td class=\"labelgroup\" colspan=\"2\">Technical data<\/td>\n<\/tr>\n<tr>\n<td class=\"label\">Accessory family:<\/td>\n<td>Connecting cable (female connector-open)<\/td>\n<\/tr>\n<tr>\n<td class=\"label\">Connection type head A:<\/td>\n<td>Female connector, M12, 4-pin, angled<\/td>\n<\/tr>\n<tr>\n<td class=\"label\">Connection type head B:<\/td>\n<td>Cable<\/td>\n<\/tr>\n<tr>\n<td class=\"label\">Connection type:<\/td>\n<td>Open conductor heads<\/td>\n<\/tr>\n<tr>\n<td class=\"label\">Locking nut material:<\/td>\n<td>CuZn<\/td>\n<\/tr>\n<tr>\n<td class=\"label\">Cable diameter:<\/td>\n<td>\u00d8 6 mm<\/td>\n<\/tr>\n<tr>\n<td class=\"label\">Cable material:<\/td>\n<td>PVC<\/td>\n<\/tr>\n<tr>\n<td class=\"label\">Cable color:<\/td>\n<td>Orange<\/td>\n<\/tr>\n<tr>\n<td class=\"label\">Conductor cross-section:<\/td>\n<td>0.25 mm\u00b2<\/td>\n<\/tr>\n<tr>\n<td class=\"label\">Shielding:<\/td>\n<td>Unshielded<\/td>\n<\/tr>\n<tr>\n<td class=\"label\">Bending radius:<\/td>\n<td>&gt; 10 x cable diameter flexible use, &gt; 5 x cable diameter (stationary position)<\/td>\n<\/tr>\n<tr>\n<td class=\"label\">Tightening torque:<\/td>\n<td>0.5 Nm<\/td>\n<\/tr>\n<tr>\n<td class=\"label\">LED indicator:<\/td>\n<td>&#8211;<\/td>\n<\/tr>\n<tr>\n<td class=\"label\">Reference voltage:<\/td>\n<td>250 V<\/td>\n<\/tr>\n<tr>\n<td class=\"label\">Current loading:<\/td>\n<td>4 A<\/td>\n<\/tr>\n<tr>\n<td class=\"label\">Ambient operating temperature:<\/td>\n<td>-25 \u00b0C &#8230; 90 \u00b0C, male connector, -40 \u00b0C &#8230; 80 \u00b0C, cable, stationary position, -5 \u00b0C &#8230; 80 \u00b0C, cable, flexible use<\/td>\n<\/tr>\n<tr>\n<td class=\"label\">Enclosure rating:<\/td>\n<td>IP 67<\/td>\n<\/tr>\n<tr>\n<td class=\"label\">Connecting cable:<\/td>\n<td>5 m, 4-pole<\/td>\n<\/tr>\n<tr>\n<td class=\"label\">Housing material:<\/td>\n<td>TPU<\/td>\n<\/tr>\n<tr>\n<td class=\"label\">Housing color:<\/td>\n<td>Orange<\/td>\n<\/tr>\n<\/tbody>\n<\/table>\n<\/div>\n<p>\u0110\u1ea1i l\u00fd SICK vietnam, SICK viet nam, SICK vietnam distributor, Ph\u00e2n ph\u1ed1i SICK t\u1ea1i vi\u1ec7t nam<\/p>\n<p>\u0110\u1ea1i l\u00fd SICK vietnam, SICK viet nam, SICK vietnam distributor, Ph\u00e2n ph\u1ed1i SICK t\u1ea1i vi\u1ec7t nam<\/p>\n<p>\u0110\u1ea1i l\u00fd SICK vietnam, SICK viet nam, SICK vietnam distributor, Ph\u00e2n ph\u1ed1i SICK t\u1ea1i vi\u1ec7t nam<\/p>\n<p>\u0110\u1ea1i l\u00fd SICK vietnam, SICK viet nam, SICK vietnam distributor, Ph\u00e2n ph\u1ed1i SICK t\u1ea1i vi\u1ec7t nam<\/p>\n<p>\u0110\u1ea1i l\u00fd SICK vietnam, SICK viet nam, SICK vietnam distributor, Ph\u00e2n ph\u1ed1i SICK t\u1ea1i vi\u1ec7t nam<\/p>\n","protected":false},"excerpt":{"rendered":"<p>SICK DOL-1204-W05M 6009867 Cable receptacle DOL-1204-W05M M12, 4-pin, angled, 5m cable Manufacturer: Manufacturer part number:\u00a06009867 VS ID:\u00a088007 Weight(kg):\u00a00.1900 Technical data Accessory family: Connecting cable (female connector-open) Connection type head A: Female connector, M12, 4-pin, angled Connection type head B: Cable Connection type: Open conductor heads Locking nut material: CuZn Cable&hellip; <\/p>\n","protected":false},"featured_media":911,"comment_status":"open","ping_status":"closed","template":"","meta":{"om_disable_all_campaigns":false,"_monsterinsights_skip_tracking":false,"_monsterinsights_sitenote_active":false,"_monsterinsights_sitenote_note":"","_monsterinsights_sitenote_category":0},"product_cat":[15],"product_tag":[89,116,90],"class_list":{"0":"post-910","1":"product","2":"type-product","3":"status-publish","4":"has-post-thumbnail","6":"product_cat-apex","7":"product_tag-dai-ly-sick-viet-nam","8":"product_tag-day-cap","9":"product_tag-sick-viet-nam","11":"first","12":"instock","13":"shipping-taxable","14":"product-type-simple"},"aioseo_notices":[],"yoast_head":"<!-- This site is optimized with the Yoast SEO plugin v22.8 - https:\/\/yoast.com\/wordpress\/plugins\/seo\/ -->\n<title>SICK DOL-1204-W05M - OMANI VI\u1ec6T NAM<\/title>\n<meta name=\"description\" content=\"SICK DOL-1204-W05M Connecting cables, Connectors\" \/>\n<meta name=\"robots\" content=\"index, follow, max-snippet:-1, max-image-preview:large, max-video-preview:-1\" \/>\n<link rel=\"canonical\" href=\"https:\/\/sipin.com.vn\/index.php\/product\/sick-dol-1204-w05m\/\" \/>\n<meta property=\"og:locale\" content=\"vi_VN\" \/>\n<meta property=\"og:type\" content=\"article\" \/>\n<meta property=\"og:title\" content=\"SICK DOL-1204-W05M - OMANI VI\u1ec6T NAM\" \/>\n<meta property=\"og:description\" content=\"SICK DOL-1204-W05M Connecting cables, Connectors\" \/>\n<meta property=\"og:url\" content=\"https:\/\/sipin.com.vn\/index.php\/product\/sick-dol-1204-w05m\/\" \/>\n<meta property=\"og:site_name\" content=\"OMANI VI\u1ec6T NAM\" \/>\n<meta property=\"article:modified_time\" content=\"2024-08-10T15:03:48+00:00\" \/>\n<meta property=\"og:image\" content=\"https:\/\/sipin.com.vn\/wp-content\/uploads\/2024\/06\/DOL-1204-W05M.png\" \/>\n\t<meta property=\"og:image:width\" content=\"450\" \/>\n\t<meta property=\"og:image:height\" content=\"453\" \/>\n\t<meta property=\"og:image:type\" content=\"image\/png\" \/>\n<meta name=\"twitter:card\" content=\"summary_large_image\" \/>\n<meta name=\"twitter:label1\" content=\"\u01af\u1edbc t\u00ednh th\u1eddi gian \u0111\u1ecdc\" \/>\n\t<meta name=\"twitter:data1\" content=\"2 ph\u00fat\" \/>\n<script type=\"application\/ld+json\" class=\"yoast-schema-graph\">{\"@context\":\"https:\/\/schema.org\",\"@graph\":[{\"@type\":\"WebPage\",\"@id\":\"https:\/\/sipin.com.vn\/index.php\/product\/sick-dol-1204-w05m\/\",\"url\":\"https:\/\/sipin.com.vn\/index.php\/product\/sick-dol-1204-w05m\/\",\"name\":\"SICK DOL-1204-W05M - OMANI VI\u1ec6T NAM\",\"isPartOf\":{\"@id\":\"https:\/\/sipin.com.vn\/#website\"},\"primaryImageOfPage\":{\"@id\":\"https:\/\/sipin.com.vn\/index.php\/product\/sick-dol-1204-w05m\/#primaryimage\"},\"image\":{\"@id\":\"https:\/\/sipin.com.vn\/index.php\/product\/sick-dol-1204-w05m\/#primaryimage\"},\"thumbnailUrl\":\"https:\/\/sipin.com.vn\/wp-content\/uploads\/2024\/06\/DOL-1204-W05M.png\",\"datePublished\":\"2024-06-28T15:14:47+00:00\",\"dateModified\":\"2024-08-10T15:03:48+00:00\",\"description\":\"SICK DOL-1204-W05M Connecting cables, Connectors\",\"breadcrumb\":{\"@id\":\"https:\/\/sipin.com.vn\/index.php\/product\/sick-dol-1204-w05m\/#breadcrumb\"},\"inLanguage\":\"vi\",\"potentialAction\":[{\"@type\":\"ReadAction\",\"target\":[\"https:\/\/sipin.com.vn\/index.php\/product\/sick-dol-1204-w05m\/\"]}]},{\"@type\":\"ImageObject\",\"inLanguage\":\"vi\",\"@id\":\"https:\/\/sipin.com.vn\/index.php\/product\/sick-dol-1204-w05m\/#primaryimage\",\"url\":\"https:\/\/sipin.com.vn\/wp-content\/uploads\/2024\/06\/DOL-1204-W05M.png\",\"contentUrl\":\"https:\/\/sipin.com.vn\/wp-content\/uploads\/2024\/06\/DOL-1204-W05M.png\",\"width\":450,\"height\":453},{\"@type\":\"BreadcrumbList\",\"@id\":\"https:\/\/sipin.com.vn\/index.php\/product\/sick-dol-1204-w05m\/#breadcrumb\",\"itemListElement\":[{\"@type\":\"ListItem\",\"position\":1,\"name\":\"Home\",\"item\":\"https:\/\/sipin.com.vn\/\"},{\"@type\":\"ListItem\",\"position\":2,\"name\":\"S\u1ea2N PH\u1ea8M\",\"item\":\"https:\/\/sipin.com.vn\/index.php\/cua-hang\/\"},{\"@type\":\"ListItem\",\"position\":3,\"name\":\"SICK DOL-1204-W05M\"}]},{\"@type\":\"WebSite\",\"@id\":\"https:\/\/sipin.com.vn\/#website\",\"url\":\"https:\/\/sipin.com.vn\/\",\"name\":\"OMANI VI\u1ec6T NAM\",\"description\":\"Nh\u00e0 ph\u00e2n ph\u1ed1i thi\u1ebft b\u1ecb kh\u00ed n\u00e9n v\u00e0 thi\u1ebft b\u1ecb t\u1ef1 \u0111\u1ed9ng h\u00f3a trong c\u00f4ng nghi\u1ec7p\",\"publisher\":{\"@id\":\"https:\/\/sipin.com.vn\/#\/schema\/person\/0ad398a980dc3fd696111c2c5c8fa897\"},\"potentialAction\":[{\"@type\":\"SearchAction\",\"target\":{\"@type\":\"EntryPoint\",\"urlTemplate\":\"https:\/\/sipin.com.vn\/?s={search_term_string}\"},\"query-input\":\"required name=search_term_string\"}],\"inLanguage\":\"vi\"},{\"@type\":[\"Person\",\"Organization\"],\"@id\":\"https:\/\/sipin.com.vn\/#\/schema\/person\/0ad398a980dc3fd696111c2c5c8fa897\",\"name\":\"Nguy\u1ec5n V\u0103n Kh\u00e1nh\",\"image\":{\"@type\":\"ImageObject\",\"inLanguage\":\"vi\",\"@id\":\"https:\/\/sipin.com.vn\/#\/schema\/person\/image\/\",\"url\":\"https:\/\/sipin.com.vn\/wp-content\/uploads\/2024\/06\/logo-1024x1024.png\",\"contentUrl\":\"https:\/\/sipin.com.vn\/wp-content\/uploads\/2024\/06\/logo-1024x1024.png\",\"width\":1024,\"height\":1024,\"caption\":\"Nguy\u1ec5n V\u0103n Kh\u00e1nh\"},\"logo\":{\"@id\":\"https:\/\/sipin.com.vn\/#\/schema\/person\/image\/\"},\"sameAs\":[\"https:\/\/sipin.com.vn\"]}]}<\/script>\n<!-- \/ Yoast SEO plugin. -->","yoast_head_json":{"title":"SICK DOL-1204-W05M - OMANI VI\u1ec6T NAM","description":"SICK DOL-1204-W05M Connecting cables, Connectors","robots":{"index":"index","follow":"follow","max-snippet":"max-snippet:-1","max-image-preview":"max-image-preview:large","max-video-preview":"max-video-preview:-1"},"canonical":"https:\/\/sipin.com.vn\/index.php\/product\/sick-dol-1204-w05m\/","og_locale":"vi_VN","og_type":"article","og_title":"SICK DOL-1204-W05M - OMANI VI\u1ec6T NAM","og_description":"SICK DOL-1204-W05M Connecting cables, Connectors","og_url":"https:\/\/sipin.com.vn\/index.php\/product\/sick-dol-1204-w05m\/","og_site_name":"OMANI VI\u1ec6T NAM","article_modified_time":"2024-08-10T15:03:48+00:00","og_image":[{"width":450,"height":453,"url":"https:\/\/sipin.com.vn\/wp-content\/uploads\/2024\/06\/DOL-1204-W05M.png","type":"image\/png"}],"twitter_card":"summary_large_image","twitter_misc":{"\u01af\u1edbc t\u00ednh th\u1eddi gian \u0111\u1ecdc":"2 ph\u00fat"},"schema":{"@context":"https:\/\/schema.org","@graph":[{"@type":"WebPage","@id":"https:\/\/sipin.com.vn\/index.php\/product\/sick-dol-1204-w05m\/","url":"https:\/\/sipin.com.vn\/index.php\/product\/sick-dol-1204-w05m\/","name":"SICK DOL-1204-W05M - OMANI VI\u1ec6T NAM","isPartOf":{"@id":"https:\/\/sipin.com.vn\/#website"},"primaryImageOfPage":{"@id":"https:\/\/sipin.com.vn\/index.php\/product\/sick-dol-1204-w05m\/#primaryimage"},"image":{"@id":"https:\/\/sipin.com.vn\/index.php\/product\/sick-dol-1204-w05m\/#primaryimage"},"thumbnailUrl":"https:\/\/sipin.com.vn\/wp-content\/uploads\/2024\/06\/DOL-1204-W05M.png","datePublished":"2024-06-28T15:14:47+00:00","dateModified":"2024-08-10T15:03:48+00:00","description":"SICK DOL-1204-W05M Connecting cables, Connectors","breadcrumb":{"@id":"https:\/\/sipin.com.vn\/index.php\/product\/sick-dol-1204-w05m\/#breadcrumb"},"inLanguage":"vi","potentialAction":[{"@type":"ReadAction","target":["https:\/\/sipin.com.vn\/index.php\/product\/sick-dol-1204-w05m\/"]}]},{"@type":"ImageObject","inLanguage":"vi","@id":"https:\/\/sipin.com.vn\/index.php\/product\/sick-dol-1204-w05m\/#primaryimage","url":"https:\/\/sipin.com.vn\/wp-content\/uploads\/2024\/06\/DOL-1204-W05M.png","contentUrl":"https:\/\/sipin.com.vn\/wp-content\/uploads\/2024\/06\/DOL-1204-W05M.png","width":450,"height":453},{"@type":"BreadcrumbList","@id":"https:\/\/sipin.com.vn\/index.php\/product\/sick-dol-1204-w05m\/#breadcrumb","itemListElement":[{"@type":"ListItem","position":1,"name":"Home","item":"https:\/\/sipin.com.vn\/"},{"@type":"ListItem","position":2,"name":"S\u1ea2N PH\u1ea8M","item":"https:\/\/sipin.com.vn\/index.php\/cua-hang\/"},{"@type":"ListItem","position":3,"name":"SICK DOL-1204-W05M"}]},{"@type":"WebSite","@id":"https:\/\/sipin.com.vn\/#website","url":"https:\/\/sipin.com.vn\/","name":"OMANI VI\u1ec6T NAM","description":"Nh\u00e0 ph\u00e2n ph\u1ed1i thi\u1ebft b\u1ecb kh\u00ed n\u00e9n v\u00e0 thi\u1ebft b\u1ecb t\u1ef1 \u0111\u1ed9ng h\u00f3a trong c\u00f4ng nghi\u1ec7p","publisher":{"@id":"https:\/\/sipin.com.vn\/#\/schema\/person\/0ad398a980dc3fd696111c2c5c8fa897"},"potentialAction":[{"@type":"SearchAction","target":{"@type":"EntryPoint","urlTemplate":"https:\/\/sipin.com.vn\/?s={search_term_string}"},"query-input":"required name=search_term_string"}],"inLanguage":"vi"},{"@type":["Person","Organization"],"@id":"https:\/\/sipin.com.vn\/#\/schema\/person\/0ad398a980dc3fd696111c2c5c8fa897","name":"Nguy\u1ec5n V\u0103n Kh\u00e1nh","image":{"@type":"ImageObject","inLanguage":"vi","@id":"https:\/\/sipin.com.vn\/#\/schema\/person\/image\/","url":"https:\/\/sipin.com.vn\/wp-content\/uploads\/2024\/06\/logo-1024x1024.png","contentUrl":"https:\/\/sipin.com.vn\/wp-content\/uploads\/2024\/06\/logo-1024x1024.png","width":1024,"height":1024,"caption":"Nguy\u1ec5n V\u0103n Kh\u00e1nh"},"logo":{"@id":"https:\/\/sipin.com.vn\/#\/schema\/person\/image\/"},"sameAs":["https:\/\/sipin.com.vn"]}]}},"_links":{"self":[{"href":"https:\/\/sipin.com.vn\/index.php\/wp-json\/wp\/v2\/product\/910","targetHints":{"allow":["GET"]}}],"collection":[{"href":"https:\/\/sipin.com.vn\/index.php\/wp-json\/wp\/v2\/product"}],"about":[{"href":"https:\/\/sipin.com.vn\/index.php\/wp-json\/wp\/v2\/types\/product"}],"replies":[{"embeddable":true,"href":"https:\/\/sipin.com.vn\/index.php\/wp-json\/wp\/v2\/comments?post=910"}],"wp:featuredmedia":[{"embeddable":true,"href":"https:\/\/sipin.com.vn\/index.php\/wp-json\/wp\/v2\/media\/911"}],"wp:attachment":[{"href":"https:\/\/sipin.com.vn\/index.php\/wp-json\/wp\/v2\/media?parent=910"}],"wp:term":[{"taxonomy":"product_cat","embeddable":true,"href":"https:\/\/sipin.com.vn\/index.php\/wp-json\/wp\/v2\/product_cat?post=910"},{"taxonomy":"product_tag","embeddable":true,"href":"https:\/\/sipin.com.vn\/index.php\/wp-json\/wp\/v2\/product_tag?post=910"}],"curies":[{"name":"wp","href":"https:\/\/api.w.org\/{rel}","templated":true}]}}