{"id":886,"date":"2024-06-27T22:50:37","date_gmt":"2024-06-27T15:50:37","guid":{"rendered":"https:\/\/omanivietnam.com\/?post_type=product&#038;p=886"},"modified":"2024-08-16T22:07:35","modified_gmt":"2024-08-16T15:07:35","slug":"ckd-ssd-50-25-n","status":"publish","type":"product","link":"https:\/\/sipin.com.vn\/index.php\/product\/ckd-ssd-50-25-n\/","title":{"rendered":"CKD SSD-50-25-N"},"content":{"rendered":"<p>CKD SSD-50-25-N<\/p>\n<p class=\"m-h1\">Space Saving Type Super-Compact Cylinder SSD Series (SSD-50-25-N)<\/p>\n<p>&nbsp;<\/p>\n<p>[Features]<br \/>\n\u00b7Space-saving, square, and female thread are standard equipment: External mounting is possible with female threads attached to the end of the rod. In addition, the manufacturer has expanded the range of choices by preparing male threads.<br \/>\n\u00b7Inner diameter of all tubes. Can be equipped with an ultra-compact switch: Inner diameter of all tubes. It is possible to install ultra-compact non-contact and reed switches of all series (Heat-resistant type is excluded)<br \/>\n\u00b7Direct installation: Can be installed directly with a hex socket head cap screw. Furthermore, both through bolts and the screw-in method can be used for installation<\/p>\n<table class=\"m-listTable\" summary=\"Price, Spec., etc.\">\n<tbody>\n<tr>\n<th>Cylinder Operation Method<\/th>\n<td>Double Acting<\/td>\n<th>Rod Operation Method<\/th>\n<td>Single Rods<\/td>\n<\/tr>\n<tr>\n<th>Main Body Shape<\/th>\n<td>Block shape<\/td>\n<th>Cylinder I.D: D(\u00d8)<\/th>\n<td>50<\/td>\n<\/tr>\n<tr>\n<th>Stroke: L(mm)<\/th>\n<td>25<\/td>\n<th>Additional Function<\/th>\n<td>Standard<\/td>\n<\/tr>\n<tr>\n<th>Environment, Applications<\/th>\n<td>Standard<\/td>\n<th>Operating Temperature(\u00b0C)<\/th>\n<td>-10\uff5e60<\/td>\n<\/tr>\n<tr>\n<th>End Locking<\/th>\n<td>[Not Provided] No (Standard)<\/td>\n<th>Valves<\/th>\n<td>No<\/td>\n<\/tr>\n<tr>\n<th>Operating Pressure(MPa)<\/th>\n<td>0.1\uff5e1<\/td>\n<th>Rod Tip Specification<\/th>\n<td>N: Male thread<\/td>\n<\/tr>\n<tr class=\"VN_table-row\">\n<th>With or Without Switch<\/th>\n<td>&#8211;<\/td>\n<th>Protective structure level<\/th>\n<td>&#8211;<\/td>\n<\/tr>\n<tr class=\"VN_table-row\">\n<th>Cushion<\/th>\n<td>&#8211;<\/td>\n<th>Specifications<\/th>\n<td>1_SSD: Double acting, single rod type<\/td>\n<\/tr>\n<tr class=\"VN_table-row\">\n<th>Cushion<\/th>\n<td>No mark: NA<\/td>\n<th>Exterior Dimensions EE<\/th>\n<td>Standard: Steel (\u00f825 or less is standard stainless steel)<\/td>\n<\/tr>\n<tr class=\"VN_table-row\">\n<th>Option<\/th>\n<td>Standard product (No options)<\/td>\n<th>Magnet for switches<\/th>\n<td>No<\/td>\n<\/tr>\n<tr class=\"VN_table-row\">\n<th>Type of piping thread<\/th>\n<td>Rc thread<\/td>\n<th>Number of switches<\/th>\n<td>No<\/td>\n<\/tr>\n<tr class=\"VN_table-row\">\n<th>Knuckle<\/th>\n<td>&#8211;<\/td>\n<th>Piping Screw Type<\/th>\n<td>&#8211;<\/td>\n<\/tr>\n<tr class=\"VN_table-row\">\n<th>Rad Material<\/th>\n<td>&#8211;<\/td>\n<th>Rod Material (for Cylinder 2)<\/th>\n<td>&#8211;<\/td>\n<\/tr>\n<tr class=\"VN_table-row\">\n<th>Rod Tip<\/th>\n<td>&#8211;<\/td>\n<th>Support Bracket<\/th>\n<td>&#8211;<\/td>\n<\/tr>\n<\/tbody>\n<\/table>\n<p>&nbsp;<\/p>\n<p>\u0110\u1ea1i l\u00fd CKD vietnam, CKD viet nam, CKD vietnam distributor, Ph\u00e2n ph\u1ed1i CKD t\u1ea1i vi\u1ec7t nam<\/p>\n<p>\u0110\u1ea1i l\u00fd CKD vietnam, CKD viet nam, CKD vietnam distributor, Ph\u00e2n ph\u1ed1i CKD t\u1ea1i vi\u1ec7t nam<\/p>\n<p>\u0110\u1ea1i l\u00fd CKD vietnam, CKD viet nam, CKD vietnam distributor, Ph\u00e2n ph\u1ed1i CKD t\u1ea1i vi\u1ec7t nam<\/p>\n<p>\u0110\u1ea1i l\u00fd CKD vietnam, CKD viet nam, CKD vietnam distributor, Ph\u00e2n ph\u1ed1i CKD t\u1ea1i vi\u1ec7t nam<\/p>\n<p>\u0110\u1ea1i l\u00fd CKD vietnam, CKD viet nam, CKD vietnam distributor, Ph\u00e2n ph\u1ed1i CKD t\u1ea1i vi\u1ec7t nam<\/p>\n","protected":false},"excerpt":{"rendered":"<p>CKD SSD-50-25-N Space Saving Type Super-Compact Cylinder SSD Series (SSD-50-25-N) &nbsp; [Features] \u00b7Space-saving, square, and female thread are standard equipment: External mounting is possible with female threads attached to the end of the rod. In addition, the manufacturer has expanded the range of choices by preparing male threads. \u00b7Inner diameter&hellip; <\/p>\n","protected":false},"featured_media":887,"comment_status":"open","ping_status":"closed","template":"","meta":{"om_disable_all_campaigns":false,"_monsterinsights_skip_tracking":false,"_monsterinsights_sitenote_active":false,"_monsterinsights_sitenote_note":"","_monsterinsights_sitenote_category":0},"product_cat":[15],"product_tag":[100,101,98],"class_list":{"0":"post-886","1":"product","2":"type-product","3":"status-publish","4":"has-post-thumbnail","6":"product_cat-apex","7":"product_tag-ckd-viet-nam","8":"product_tag-dai-ly-ckd-viet-nam","9":"product_tag-xy-lanh-khi","11":"first","12":"instock","13":"shipping-taxable","14":"product-type-simple"},"aioseo_notices":[],"yoast_head":"<!-- This site is optimized with the Yoast SEO plugin v22.8 - https:\/\/yoast.com\/wordpress\/plugins\/seo\/ -->\n<title>CKD SSD-50-25-N - OMANI VI\u1ec6T NAM<\/title>\n<meta name=\"description\" content=\"Space Saving Type Super-Compact Cylinder SSD Series (SSD-50-25-N)\" \/>\n<meta name=\"robots\" content=\"index, follow, max-snippet:-1, max-image-preview:large, max-video-preview:-1\" \/>\n<link rel=\"canonical\" href=\"https:\/\/sipin.com.vn\/index.php\/product\/ckd-ssd-50-25-n\/\" \/>\n<meta property=\"og:locale\" content=\"vi_VN\" \/>\n<meta property=\"og:type\" content=\"article\" \/>\n<meta property=\"og:title\" content=\"CKD SSD-50-25-N - OMANI VI\u1ec6T NAM\" \/>\n<meta property=\"og:description\" content=\"Space Saving Type Super-Compact Cylinder SSD Series (SSD-50-25-N)\" \/>\n<meta property=\"og:url\" content=\"https:\/\/sipin.com.vn\/index.php\/product\/ckd-ssd-50-25-n\/\" \/>\n<meta property=\"og:site_name\" content=\"OMANI VI\u1ec6T NAM\" \/>\n<meta property=\"article:modified_time\" content=\"2024-08-16T15:07:35+00:00\" \/>\n<meta property=\"og:image\" content=\"https:\/\/sipin.com.vn\/wp-content\/uploads\/2024\/06\/SSD-50-25-N.png\" \/>\n\t<meta property=\"og:image:width\" content=\"371\" \/>\n\t<meta property=\"og:image:height\" content=\"365\" \/>\n\t<meta property=\"og:image:type\" content=\"image\/png\" \/>\n<meta name=\"twitter:card\" content=\"summary_large_image\" \/>\n<meta name=\"twitter:label1\" content=\"\u01af\u1edbc t\u00ednh th\u1eddi gian \u0111\u1ecdc\" \/>\n\t<meta name=\"twitter:data1\" content=\"2 ph\u00fat\" \/>\n<script type=\"application\/ld+json\" class=\"yoast-schema-graph\">{\"@context\":\"https:\/\/schema.org\",\"@graph\":[{\"@type\":\"WebPage\",\"@id\":\"https:\/\/sipin.com.vn\/index.php\/product\/ckd-ssd-50-25-n\/\",\"url\":\"https:\/\/sipin.com.vn\/index.php\/product\/ckd-ssd-50-25-n\/\",\"name\":\"CKD SSD-50-25-N - OMANI VI\u1ec6T NAM\",\"isPartOf\":{\"@id\":\"https:\/\/sipin.com.vn\/#website\"},\"primaryImageOfPage\":{\"@id\":\"https:\/\/sipin.com.vn\/index.php\/product\/ckd-ssd-50-25-n\/#primaryimage\"},\"image\":{\"@id\":\"https:\/\/sipin.com.vn\/index.php\/product\/ckd-ssd-50-25-n\/#primaryimage\"},\"thumbnailUrl\":\"https:\/\/sipin.com.vn\/wp-content\/uploads\/2024\/06\/SSD-50-25-N.png\",\"datePublished\":\"2024-06-27T15:50:37+00:00\",\"dateModified\":\"2024-08-16T15:07:35+00:00\",\"description\":\"Space Saving Type Super-Compact Cylinder SSD Series (SSD-50-25-N)\",\"breadcrumb\":{\"@id\":\"https:\/\/sipin.com.vn\/index.php\/product\/ckd-ssd-50-25-n\/#breadcrumb\"},\"inLanguage\":\"vi\",\"potentialAction\":[{\"@type\":\"ReadAction\",\"target\":[\"https:\/\/sipin.com.vn\/index.php\/product\/ckd-ssd-50-25-n\/\"]}]},{\"@type\":\"ImageObject\",\"inLanguage\":\"vi\",\"@id\":\"https:\/\/sipin.com.vn\/index.php\/product\/ckd-ssd-50-25-n\/#primaryimage\",\"url\":\"https:\/\/sipin.com.vn\/wp-content\/uploads\/2024\/06\/SSD-50-25-N.png\",\"contentUrl\":\"https:\/\/sipin.com.vn\/wp-content\/uploads\/2024\/06\/SSD-50-25-N.png\",\"width\":371,\"height\":365},{\"@type\":\"BreadcrumbList\",\"@id\":\"https:\/\/sipin.com.vn\/index.php\/product\/ckd-ssd-50-25-n\/#breadcrumb\",\"itemListElement\":[{\"@type\":\"ListItem\",\"position\":1,\"name\":\"Home\",\"item\":\"https:\/\/sipin.com.vn\/\"},{\"@type\":\"ListItem\",\"position\":2,\"name\":\"S\u1ea2N PH\u1ea8M\",\"item\":\"https:\/\/sipin.com.vn\/index.php\/cua-hang\/\"},{\"@type\":\"ListItem\",\"position\":3,\"name\":\"CKD SSD-50-25-N\"}]},{\"@type\":\"WebSite\",\"@id\":\"https:\/\/sipin.com.vn\/#website\",\"url\":\"https:\/\/sipin.com.vn\/\",\"name\":\"OMANI VI\u1ec6T NAM\",\"description\":\"Nh\u00e0 ph\u00e2n ph\u1ed1i thi\u1ebft b\u1ecb kh\u00ed n\u00e9n v\u00e0 thi\u1ebft b\u1ecb t\u1ef1 \u0111\u1ed9ng h\u00f3a trong c\u00f4ng nghi\u1ec7p\",\"publisher\":{\"@id\":\"https:\/\/sipin.com.vn\/#\/schema\/person\/0ad398a980dc3fd696111c2c5c8fa897\"},\"potentialAction\":[{\"@type\":\"SearchAction\",\"target\":{\"@type\":\"EntryPoint\",\"urlTemplate\":\"https:\/\/sipin.com.vn\/?s={search_term_string}\"},\"query-input\":\"required name=search_term_string\"}],\"inLanguage\":\"vi\"},{\"@type\":[\"Person\",\"Organization\"],\"@id\":\"https:\/\/sipin.com.vn\/#\/schema\/person\/0ad398a980dc3fd696111c2c5c8fa897\",\"name\":\"Nguy\u1ec5n V\u0103n Kh\u00e1nh\",\"image\":{\"@type\":\"ImageObject\",\"inLanguage\":\"vi\",\"@id\":\"https:\/\/sipin.com.vn\/#\/schema\/person\/image\/\",\"url\":\"https:\/\/sipin.com.vn\/wp-content\/uploads\/2024\/06\/logo-1024x1024.png\",\"contentUrl\":\"https:\/\/sipin.com.vn\/wp-content\/uploads\/2024\/06\/logo-1024x1024.png\",\"width\":1024,\"height\":1024,\"caption\":\"Nguy\u1ec5n V\u0103n Kh\u00e1nh\"},\"logo\":{\"@id\":\"https:\/\/sipin.com.vn\/#\/schema\/person\/image\/\"},\"sameAs\":[\"https:\/\/sipin.com.vn\"]}]}<\/script>\n<!-- \/ Yoast SEO plugin. -->","yoast_head_json":{"title":"CKD SSD-50-25-N - OMANI VI\u1ec6T NAM","description":"Space Saving Type Super-Compact Cylinder SSD Series (SSD-50-25-N)","robots":{"index":"index","follow":"follow","max-snippet":"max-snippet:-1","max-image-preview":"max-image-preview:large","max-video-preview":"max-video-preview:-1"},"canonical":"https:\/\/sipin.com.vn\/index.php\/product\/ckd-ssd-50-25-n\/","og_locale":"vi_VN","og_type":"article","og_title":"CKD SSD-50-25-N - OMANI VI\u1ec6T NAM","og_description":"Space Saving Type Super-Compact Cylinder SSD Series (SSD-50-25-N)","og_url":"https:\/\/sipin.com.vn\/index.php\/product\/ckd-ssd-50-25-n\/","og_site_name":"OMANI VI\u1ec6T NAM","article_modified_time":"2024-08-16T15:07:35+00:00","og_image":[{"width":371,"height":365,"url":"https:\/\/sipin.com.vn\/wp-content\/uploads\/2024\/06\/SSD-50-25-N.png","type":"image\/png"}],"twitter_card":"summary_large_image","twitter_misc":{"\u01af\u1edbc t\u00ednh th\u1eddi gian \u0111\u1ecdc":"2 ph\u00fat"},"schema":{"@context":"https:\/\/schema.org","@graph":[{"@type":"WebPage","@id":"https:\/\/sipin.com.vn\/index.php\/product\/ckd-ssd-50-25-n\/","url":"https:\/\/sipin.com.vn\/index.php\/product\/ckd-ssd-50-25-n\/","name":"CKD SSD-50-25-N - OMANI VI\u1ec6T NAM","isPartOf":{"@id":"https:\/\/sipin.com.vn\/#website"},"primaryImageOfPage":{"@id":"https:\/\/sipin.com.vn\/index.php\/product\/ckd-ssd-50-25-n\/#primaryimage"},"image":{"@id":"https:\/\/sipin.com.vn\/index.php\/product\/ckd-ssd-50-25-n\/#primaryimage"},"thumbnailUrl":"https:\/\/sipin.com.vn\/wp-content\/uploads\/2024\/06\/SSD-50-25-N.png","datePublished":"2024-06-27T15:50:37+00:00","dateModified":"2024-08-16T15:07:35+00:00","description":"Space Saving Type Super-Compact Cylinder SSD Series (SSD-50-25-N)","breadcrumb":{"@id":"https:\/\/sipin.com.vn\/index.php\/product\/ckd-ssd-50-25-n\/#breadcrumb"},"inLanguage":"vi","potentialAction":[{"@type":"ReadAction","target":["https:\/\/sipin.com.vn\/index.php\/product\/ckd-ssd-50-25-n\/"]}]},{"@type":"ImageObject","inLanguage":"vi","@id":"https:\/\/sipin.com.vn\/index.php\/product\/ckd-ssd-50-25-n\/#primaryimage","url":"https:\/\/sipin.com.vn\/wp-content\/uploads\/2024\/06\/SSD-50-25-N.png","contentUrl":"https:\/\/sipin.com.vn\/wp-content\/uploads\/2024\/06\/SSD-50-25-N.png","width":371,"height":365},{"@type":"BreadcrumbList","@id":"https:\/\/sipin.com.vn\/index.php\/product\/ckd-ssd-50-25-n\/#breadcrumb","itemListElement":[{"@type":"ListItem","position":1,"name":"Home","item":"https:\/\/sipin.com.vn\/"},{"@type":"ListItem","position":2,"name":"S\u1ea2N PH\u1ea8M","item":"https:\/\/sipin.com.vn\/index.php\/cua-hang\/"},{"@type":"ListItem","position":3,"name":"CKD SSD-50-25-N"}]},{"@type":"WebSite","@id":"https:\/\/sipin.com.vn\/#website","url":"https:\/\/sipin.com.vn\/","name":"OMANI VI\u1ec6T NAM","description":"Nh\u00e0 ph\u00e2n ph\u1ed1i thi\u1ebft b\u1ecb kh\u00ed n\u00e9n v\u00e0 thi\u1ebft b\u1ecb t\u1ef1 \u0111\u1ed9ng h\u00f3a trong c\u00f4ng nghi\u1ec7p","publisher":{"@id":"https:\/\/sipin.com.vn\/#\/schema\/person\/0ad398a980dc3fd696111c2c5c8fa897"},"potentialAction":[{"@type":"SearchAction","target":{"@type":"EntryPoint","urlTemplate":"https:\/\/sipin.com.vn\/?s={search_term_string}"},"query-input":"required name=search_term_string"}],"inLanguage":"vi"},{"@type":["Person","Organization"],"@id":"https:\/\/sipin.com.vn\/#\/schema\/person\/0ad398a980dc3fd696111c2c5c8fa897","name":"Nguy\u1ec5n V\u0103n Kh\u00e1nh","image":{"@type":"ImageObject","inLanguage":"vi","@id":"https:\/\/sipin.com.vn\/#\/schema\/person\/image\/","url":"https:\/\/sipin.com.vn\/wp-content\/uploads\/2024\/06\/logo-1024x1024.png","contentUrl":"https:\/\/sipin.com.vn\/wp-content\/uploads\/2024\/06\/logo-1024x1024.png","width":1024,"height":1024,"caption":"Nguy\u1ec5n V\u0103n Kh\u00e1nh"},"logo":{"@id":"https:\/\/sipin.com.vn\/#\/schema\/person\/image\/"},"sameAs":["https:\/\/sipin.com.vn"]}]}},"_links":{"self":[{"href":"https:\/\/sipin.com.vn\/index.php\/wp-json\/wp\/v2\/product\/886","targetHints":{"allow":["GET"]}}],"collection":[{"href":"https:\/\/sipin.com.vn\/index.php\/wp-json\/wp\/v2\/product"}],"about":[{"href":"https:\/\/sipin.com.vn\/index.php\/wp-json\/wp\/v2\/types\/product"}],"replies":[{"embeddable":true,"href":"https:\/\/sipin.com.vn\/index.php\/wp-json\/wp\/v2\/comments?post=886"}],"wp:featuredmedia":[{"embeddable":true,"href":"https:\/\/sipin.com.vn\/index.php\/wp-json\/wp\/v2\/media\/887"}],"wp:attachment":[{"href":"https:\/\/sipin.com.vn\/index.php\/wp-json\/wp\/v2\/media?parent=886"}],"wp:term":[{"taxonomy":"product_cat","embeddable":true,"href":"https:\/\/sipin.com.vn\/index.php\/wp-json\/wp\/v2\/product_cat?post=886"},{"taxonomy":"product_tag","embeddable":true,"href":"https:\/\/sipin.com.vn\/index.php\/wp-json\/wp\/v2\/product_tag?post=886"}],"curies":[{"name":"wp","href":"https:\/\/api.w.org\/{rel}","templated":true}]}}