{"id":884,"date":"2024-06-27T22:44:47","date_gmt":"2024-06-27T15:44:47","guid":{"rendered":"https:\/\/omanivietnam.com\/?post_type=product&#038;p=884"},"modified":"2024-08-16T22:06:54","modified_gmt":"2024-08-16T15:06:54","slug":"ckd-ssd-40-15","status":"publish","type":"product","link":"https:\/\/sipin.com.vn\/index.php\/product\/ckd-ssd-40-15\/","title":{"rendered":"CKD SSD-40-15"},"content":{"rendered":"<p>CKD SSD-40-15<\/p>\n<div class=\"m-h1Wrap m-adaptive-product__titleWrap\">\n<p class=\"m-h1 m-adaptive-product__title\">Air Cylinders (SSD-40-15)<\/p>\n<\/div>\n<p class=\"m-adaptive-product__subtitle\">Super Compact, Double Acting, Single Rod, SSD-P4 series<\/p>\n<div class=\"m-adaptive-product__partNumber\" data-complex-partnumber=\"\">\n<div class=\"m-adaptive-partNumber\"><span class=\"m-adaptive-partNumber__title\">Part Number:<\/span>\u00a0<span id=\"ProductCode\" class=\"m-adaptive-partNumber__code\" title=\"SSD-40-15-MNP4-LB2\">SSD-40-15<\/span><\/div>\n<div><\/div>\n<\/div>\n<div class=\"m-adaptive-product__description m-collapsed-text m-collapsed-text--collapsed\" data-maxheight=\"63\" data-controller=\"CollapsedText\">\n<p class=\"mc-text catch_copy\">This is a square, space saving cylinder that integrates the cylinder switch into the body for shorter total length. Perform adjustment so that a lateral load is not applied to the cylinder before use.<\/p>\n<p>\u2022 P4\uff1aThe use of copper, zinc, and nickel-based materials and electrolytic nickel plating is limited in the construction of the flow path part and sliding part.<\/p>\n<\/div>\n<table class=\"m-listTable m-listTable--adaptive\" style=\"height: 502px\" summary=\"Price, Spec., etc.\" width=\"696\">\n<tbody>\n<tr>\n<th>Cylinder Inner Diameter: D(\u03c6)<\/th>\n<td>40<\/td>\n<th>Stroke: L(mm)<\/th>\n<td>15<\/td>\n<\/tr>\n<tr>\n<th>Cylinder Operation Method<\/th>\n<td>Double Acting<\/td>\n<th>Rod Operation Method<\/th>\n<td>Single Rods<\/td>\n<\/tr>\n<tr>\n<th>Main Body Shape<\/th>\n<td>[Others] Compact<\/td>\n<th>Environment, Applications<\/th>\n<td>Standard \/ Non-use of Copper-zinc Material<\/td>\n<\/tr>\n<tr>\n<th>Operating Temperature(\u00b0C)<\/th>\n<td>-10\uff5e60<\/td>\n<th>Cushion<\/th>\n<td>Without<\/td>\n<\/tr>\n<tr>\n<th>With or Without Switch<\/th>\n<td>Without magnet for switch<\/td>\n<th>Switch Model<\/th>\n<td>Not Included<\/td>\n<\/tr>\n<tr>\n<th>Switch Qty<\/th>\n<td>None<\/td>\n<th>Option<\/th>\n<td>Rod end male thread, Piston rod material (stainless steel)<\/td>\n<\/tr>\n<tr class=\"VN_table-row\">\n<th>Mounting<\/th>\n<td>Axial foot (compact)<\/td>\n<th>Accessory<\/th>\n<td>None Included<\/td>\n<\/tr>\n<\/tbody>\n<\/table>\n<p>&nbsp;<\/p>\n<p><img decoding=\"async\" src=\"https:\/\/us.c.misumi-ec.com\/book\/CKD1_USA_M02\/900\/0008.jpg\" \/><\/p>\n<p>&nbsp;<\/p>\n<p>SSD\/SSD2-L-12-5-W1,<\/p>\n<p>SSD\/SSD2-L-12-10-W1,<\/p>\n<p>SSD\/SSD2-L-12-15-W1,<\/p>\n<p>SSD\/SSD2-L-12-20-W1,<\/p>\n<p>SSD\/SSD2-L-12-25-W1,<\/p>\n<p>SSD\/SSD2-L-12-30-W1,<\/p>\n<p>SSD\/SSD2-L-12-35-W1,<\/p>\n<p>SSD\/SSD2-L-12-40-W1,<\/p>\n<p>SSD\/SSD2-L-12-45-W1,<\/p>\n<p>SSD\/SSD2-L-12-50-W1,<\/p>\n<p>SSD\/SSD2-L-16-5-W1,<\/p>\n<p>SSD\/SSD2-L-16-10-W1,<\/p>\n<p>SSD\/SSD2-L-16-15-W1,<\/p>\n<p>SSD\/SSD2-L-16-20-W1,<\/p>\n<p>SSD\/SSD2-L-16-25-W1,<\/p>\n<p>SSD\/SSD2-L-16-30-W1,<\/p>\n<p>SSD\/SSD2-L-16-35-W1,<\/p>\n<p>SSD\/SSD2-L-16-40-W1,<\/p>\n<p>SSD\/SSD2-L-16-45-W1,<\/p>\n<p>SSD\/SSD2-L-16-50-W1,<\/p>\n<p>SSD\/SSD2-L-16-75-W1,<\/p>\n<p>SSD\/SSD2-L-16-100-W1,<\/p>\n<p>SSD\/SSD2-32-5-W1,<\/p>\n<p>SSD\/SSD2-32-10-W1,<\/p>\n<p>SSD\/SSD2-32-15-W1,<\/p>\n<p>SSD\/SSD2-32-20-W1,<\/p>\n<p>SSD\/SSD2-32-25-W1,<\/p>\n<p>SSD\/SSD2-32-30-W1,<\/p>\n<p>SSD2-32-40-W1,<\/p>\n<p>SSD2-32-50-W1,<\/p>\n<p>SSD\/SSD2-40-5-W1,<\/p>\n<p>SSD\/SSD2-40-10-W1,<\/p>\n<p>SSD\/SSD2-40-15-W1,<\/p>\n<p>SSD\/SSD2-40-20-W1,<\/p>\n<p>SSD\/SSD2-40-25-W1,<\/p>\n<p>SSD\/SSD2-40-30-W1,<\/p>\n<p>SSD2-40-50-W1,<\/p>\n<p>SSD\/SSD2-L-32-5-W1,<\/p>\n<p>SSD\/SSD2-L-32-10-W1,<\/p>\n<p>SSD\/SSD2-L-32-15-W1,<\/p>\n<p>SSD2-L-32-40-W1,<\/p>\n<p>SSD2-L-40-10,<\/p>\n<p>SSD2-L-40-15,<\/p>\n<p>SSD2-L-40-20,<\/p>\n<p>SSD2-L-40-25,<\/p>\n<p>SSD2-L-40-30,<\/p>\n<p>&nbsp;<\/p>\n<p>\u0110\u1ea1i l\u00fd CKD vietnam, CKD viet nam, CKD vietnam distributor, Ph\u00e2n ph\u1ed1i CKD t\u1ea1i vi\u1ec7t nam<\/p>\n<p>\u0110\u1ea1i l\u00fd CKD vietnam, CKD viet nam, CKD vietnam distributor, Ph\u00e2n ph\u1ed1i CKD t\u1ea1i vi\u1ec7t nam<\/p>\n<p>\u0110\u1ea1i l\u00fd CKD vietnam, CKD viet nam, CKD vietnam distributor, Ph\u00e2n ph\u1ed1i CKD t\u1ea1i vi\u1ec7t nam<\/p>\n<p>\u0110\u1ea1i l\u00fd CKD vietnam, CKD viet nam, CKD vietnam distributor, Ph\u00e2n ph\u1ed1i CKD t\u1ea1i vi\u1ec7t nam<\/p>\n<p>\u0110\u1ea1i l\u00fd CKD vietnam, CKD viet nam, CKD vietnam distributor, Ph\u00e2n ph\u1ed1i CKD t\u1ea1i vi\u1ec7t nam<\/p>\n","protected":false},"excerpt":{"rendered":"<p>CKD SSD-40-15 Air Cylinders (SSD-40-15) Super Compact, Double Acting, Single Rod, SSD-P4 series Part Number:\u00a0SSD-40-15 This is a square, space saving cylinder that integrates the cylinder switch into the body for shorter total length. Perform adjustment so that a lateral load is not applied to the cylinder before use. \u2022&hellip; <\/p>\n","protected":false},"featured_media":885,"comment_status":"open","ping_status":"closed","template":"","meta":{"om_disable_all_campaigns":false,"_monsterinsights_skip_tracking":false,"_monsterinsights_sitenote_active":false,"_monsterinsights_sitenote_note":"","_monsterinsights_sitenote_category":0},"product_cat":[15],"product_tag":[100,101,98],"class_list":{"0":"post-884","1":"product","2":"type-product","3":"status-publish","4":"has-post-thumbnail","6":"product_cat-apex","7":"product_tag-ckd-viet-nam","8":"product_tag-dai-ly-ckd-viet-nam","9":"product_tag-xy-lanh-khi","11":"first","12":"instock","13":"shipping-taxable","14":"product-type-simple"},"aioseo_notices":[],"yoast_head":"<!-- This site is optimized with the Yoast SEO plugin v22.8 - https:\/\/yoast.com\/wordpress\/plugins\/seo\/ -->\n<title>CKD SSD-40-15 - OMANI VI\u1ec6T NAM<\/title>\n<meta name=\"description\" content=\"Xy lanh kh\u00ed n\u00e9n CKD SSD-L-40-15-N\" \/>\n<meta name=\"robots\" content=\"index, follow, max-snippet:-1, max-image-preview:large, max-video-preview:-1\" \/>\n<link rel=\"canonical\" href=\"https:\/\/sipin.com.vn\/index.php\/product\/ckd-ssd-40-15\/\" \/>\n<meta property=\"og:locale\" content=\"vi_VN\" \/>\n<meta property=\"og:type\" content=\"article\" \/>\n<meta property=\"og:title\" content=\"CKD SSD-40-15 - OMANI VI\u1ec6T NAM\" \/>\n<meta property=\"og:description\" content=\"Xy lanh kh\u00ed n\u00e9n CKD SSD-L-40-15-N\" \/>\n<meta property=\"og:url\" content=\"https:\/\/sipin.com.vn\/index.php\/product\/ckd-ssd-40-15\/\" \/>\n<meta property=\"og:site_name\" content=\"OMANI VI\u1ec6T NAM\" \/>\n<meta property=\"article:modified_time\" content=\"2024-08-16T15:06:54+00:00\" \/>\n<meta property=\"og:image\" content=\"https:\/\/sipin.com.vn\/wp-content\/uploads\/2024\/06\/SSD-40-15.png\" \/>\n\t<meta property=\"og:image:width\" content=\"442\" \/>\n\t<meta property=\"og:image:height\" content=\"446\" \/>\n\t<meta property=\"og:image:type\" content=\"image\/png\" \/>\n<meta name=\"twitter:card\" content=\"summary_large_image\" \/>\n<meta name=\"twitter:label1\" content=\"\u01af\u1edbc t\u00ednh th\u1eddi gian \u0111\u1ecdc\" \/>\n\t<meta name=\"twitter:data1\" content=\"2 ph\u00fat\" \/>\n<script type=\"application\/ld+json\" class=\"yoast-schema-graph\">{\"@context\":\"https:\/\/schema.org\",\"@graph\":[{\"@type\":\"WebPage\",\"@id\":\"https:\/\/sipin.com.vn\/index.php\/product\/ckd-ssd-40-15\/\",\"url\":\"https:\/\/sipin.com.vn\/index.php\/product\/ckd-ssd-40-15\/\",\"name\":\"CKD SSD-40-15 - OMANI VI\u1ec6T NAM\",\"isPartOf\":{\"@id\":\"https:\/\/sipin.com.vn\/#website\"},\"primaryImageOfPage\":{\"@id\":\"https:\/\/sipin.com.vn\/index.php\/product\/ckd-ssd-40-15\/#primaryimage\"},\"image\":{\"@id\":\"https:\/\/sipin.com.vn\/index.php\/product\/ckd-ssd-40-15\/#primaryimage\"},\"thumbnailUrl\":\"https:\/\/sipin.com.vn\/wp-content\/uploads\/2024\/06\/SSD-40-15.png\",\"datePublished\":\"2024-06-27T15:44:47+00:00\",\"dateModified\":\"2024-08-16T15:06:54+00:00\",\"description\":\"Xy lanh kh\u00ed n\u00e9n CKD SSD-L-40-15-N\",\"breadcrumb\":{\"@id\":\"https:\/\/sipin.com.vn\/index.php\/product\/ckd-ssd-40-15\/#breadcrumb\"},\"inLanguage\":\"vi\",\"potentialAction\":[{\"@type\":\"ReadAction\",\"target\":[\"https:\/\/sipin.com.vn\/index.php\/product\/ckd-ssd-40-15\/\"]}]},{\"@type\":\"ImageObject\",\"inLanguage\":\"vi\",\"@id\":\"https:\/\/sipin.com.vn\/index.php\/product\/ckd-ssd-40-15\/#primaryimage\",\"url\":\"https:\/\/sipin.com.vn\/wp-content\/uploads\/2024\/06\/SSD-40-15.png\",\"contentUrl\":\"https:\/\/sipin.com.vn\/wp-content\/uploads\/2024\/06\/SSD-40-15.png\",\"width\":442,\"height\":446},{\"@type\":\"BreadcrumbList\",\"@id\":\"https:\/\/sipin.com.vn\/index.php\/product\/ckd-ssd-40-15\/#breadcrumb\",\"itemListElement\":[{\"@type\":\"ListItem\",\"position\":1,\"name\":\"Home\",\"item\":\"https:\/\/sipin.com.vn\/\"},{\"@type\":\"ListItem\",\"position\":2,\"name\":\"S\u1ea2N PH\u1ea8M\",\"item\":\"https:\/\/sipin.com.vn\/index.php\/cua-hang\/\"},{\"@type\":\"ListItem\",\"position\":3,\"name\":\"CKD SSD-40-15\"}]},{\"@type\":\"WebSite\",\"@id\":\"https:\/\/sipin.com.vn\/#website\",\"url\":\"https:\/\/sipin.com.vn\/\",\"name\":\"OMANI VI\u1ec6T NAM\",\"description\":\"Nh\u00e0 ph\u00e2n ph\u1ed1i thi\u1ebft b\u1ecb kh\u00ed n\u00e9n v\u00e0 thi\u1ebft b\u1ecb t\u1ef1 \u0111\u1ed9ng h\u00f3a trong c\u00f4ng nghi\u1ec7p\",\"publisher\":{\"@id\":\"https:\/\/sipin.com.vn\/#\/schema\/person\/0ad398a980dc3fd696111c2c5c8fa897\"},\"potentialAction\":[{\"@type\":\"SearchAction\",\"target\":{\"@type\":\"EntryPoint\",\"urlTemplate\":\"https:\/\/sipin.com.vn\/?s={search_term_string}\"},\"query-input\":\"required name=search_term_string\"}],\"inLanguage\":\"vi\"},{\"@type\":[\"Person\",\"Organization\"],\"@id\":\"https:\/\/sipin.com.vn\/#\/schema\/person\/0ad398a980dc3fd696111c2c5c8fa897\",\"name\":\"Nguy\u1ec5n V\u0103n Kh\u00e1nh\",\"image\":{\"@type\":\"ImageObject\",\"inLanguage\":\"vi\",\"@id\":\"https:\/\/sipin.com.vn\/#\/schema\/person\/image\/\",\"url\":\"https:\/\/sipin.com.vn\/wp-content\/uploads\/2024\/06\/logo-1024x1024.png\",\"contentUrl\":\"https:\/\/sipin.com.vn\/wp-content\/uploads\/2024\/06\/logo-1024x1024.png\",\"width\":1024,\"height\":1024,\"caption\":\"Nguy\u1ec5n V\u0103n Kh\u00e1nh\"},\"logo\":{\"@id\":\"https:\/\/sipin.com.vn\/#\/schema\/person\/image\/\"},\"sameAs\":[\"https:\/\/sipin.com.vn\"]}]}<\/script>\n<!-- \/ Yoast SEO plugin. -->","yoast_head_json":{"title":"CKD SSD-40-15 - OMANI VI\u1ec6T NAM","description":"Xy lanh kh\u00ed n\u00e9n CKD SSD-L-40-15-N","robots":{"index":"index","follow":"follow","max-snippet":"max-snippet:-1","max-image-preview":"max-image-preview:large","max-video-preview":"max-video-preview:-1"},"canonical":"https:\/\/sipin.com.vn\/index.php\/product\/ckd-ssd-40-15\/","og_locale":"vi_VN","og_type":"article","og_title":"CKD SSD-40-15 - OMANI VI\u1ec6T NAM","og_description":"Xy lanh kh\u00ed n\u00e9n CKD SSD-L-40-15-N","og_url":"https:\/\/sipin.com.vn\/index.php\/product\/ckd-ssd-40-15\/","og_site_name":"OMANI VI\u1ec6T NAM","article_modified_time":"2024-08-16T15:06:54+00:00","og_image":[{"width":442,"height":446,"url":"https:\/\/sipin.com.vn\/wp-content\/uploads\/2024\/06\/SSD-40-15.png","type":"image\/png"}],"twitter_card":"summary_large_image","twitter_misc":{"\u01af\u1edbc t\u00ednh th\u1eddi gian \u0111\u1ecdc":"2 ph\u00fat"},"schema":{"@context":"https:\/\/schema.org","@graph":[{"@type":"WebPage","@id":"https:\/\/sipin.com.vn\/index.php\/product\/ckd-ssd-40-15\/","url":"https:\/\/sipin.com.vn\/index.php\/product\/ckd-ssd-40-15\/","name":"CKD SSD-40-15 - OMANI VI\u1ec6T NAM","isPartOf":{"@id":"https:\/\/sipin.com.vn\/#website"},"primaryImageOfPage":{"@id":"https:\/\/sipin.com.vn\/index.php\/product\/ckd-ssd-40-15\/#primaryimage"},"image":{"@id":"https:\/\/sipin.com.vn\/index.php\/product\/ckd-ssd-40-15\/#primaryimage"},"thumbnailUrl":"https:\/\/sipin.com.vn\/wp-content\/uploads\/2024\/06\/SSD-40-15.png","datePublished":"2024-06-27T15:44:47+00:00","dateModified":"2024-08-16T15:06:54+00:00","description":"Xy lanh kh\u00ed n\u00e9n CKD SSD-L-40-15-N","breadcrumb":{"@id":"https:\/\/sipin.com.vn\/index.php\/product\/ckd-ssd-40-15\/#breadcrumb"},"inLanguage":"vi","potentialAction":[{"@type":"ReadAction","target":["https:\/\/sipin.com.vn\/index.php\/product\/ckd-ssd-40-15\/"]}]},{"@type":"ImageObject","inLanguage":"vi","@id":"https:\/\/sipin.com.vn\/index.php\/product\/ckd-ssd-40-15\/#primaryimage","url":"https:\/\/sipin.com.vn\/wp-content\/uploads\/2024\/06\/SSD-40-15.png","contentUrl":"https:\/\/sipin.com.vn\/wp-content\/uploads\/2024\/06\/SSD-40-15.png","width":442,"height":446},{"@type":"BreadcrumbList","@id":"https:\/\/sipin.com.vn\/index.php\/product\/ckd-ssd-40-15\/#breadcrumb","itemListElement":[{"@type":"ListItem","position":1,"name":"Home","item":"https:\/\/sipin.com.vn\/"},{"@type":"ListItem","position":2,"name":"S\u1ea2N PH\u1ea8M","item":"https:\/\/sipin.com.vn\/index.php\/cua-hang\/"},{"@type":"ListItem","position":3,"name":"CKD SSD-40-15"}]},{"@type":"WebSite","@id":"https:\/\/sipin.com.vn\/#website","url":"https:\/\/sipin.com.vn\/","name":"OMANI VI\u1ec6T NAM","description":"Nh\u00e0 ph\u00e2n ph\u1ed1i thi\u1ebft b\u1ecb kh\u00ed n\u00e9n v\u00e0 thi\u1ebft b\u1ecb t\u1ef1 \u0111\u1ed9ng h\u00f3a trong c\u00f4ng nghi\u1ec7p","publisher":{"@id":"https:\/\/sipin.com.vn\/#\/schema\/person\/0ad398a980dc3fd696111c2c5c8fa897"},"potentialAction":[{"@type":"SearchAction","target":{"@type":"EntryPoint","urlTemplate":"https:\/\/sipin.com.vn\/?s={search_term_string}"},"query-input":"required name=search_term_string"}],"inLanguage":"vi"},{"@type":["Person","Organization"],"@id":"https:\/\/sipin.com.vn\/#\/schema\/person\/0ad398a980dc3fd696111c2c5c8fa897","name":"Nguy\u1ec5n V\u0103n Kh\u00e1nh","image":{"@type":"ImageObject","inLanguage":"vi","@id":"https:\/\/sipin.com.vn\/#\/schema\/person\/image\/","url":"https:\/\/sipin.com.vn\/wp-content\/uploads\/2024\/06\/logo-1024x1024.png","contentUrl":"https:\/\/sipin.com.vn\/wp-content\/uploads\/2024\/06\/logo-1024x1024.png","width":1024,"height":1024,"caption":"Nguy\u1ec5n V\u0103n Kh\u00e1nh"},"logo":{"@id":"https:\/\/sipin.com.vn\/#\/schema\/person\/image\/"},"sameAs":["https:\/\/sipin.com.vn"]}]}},"_links":{"self":[{"href":"https:\/\/sipin.com.vn\/index.php\/wp-json\/wp\/v2\/product\/884","targetHints":{"allow":["GET"]}}],"collection":[{"href":"https:\/\/sipin.com.vn\/index.php\/wp-json\/wp\/v2\/product"}],"about":[{"href":"https:\/\/sipin.com.vn\/index.php\/wp-json\/wp\/v2\/types\/product"}],"replies":[{"embeddable":true,"href":"https:\/\/sipin.com.vn\/index.php\/wp-json\/wp\/v2\/comments?post=884"}],"wp:featuredmedia":[{"embeddable":true,"href":"https:\/\/sipin.com.vn\/index.php\/wp-json\/wp\/v2\/media\/885"}],"wp:attachment":[{"href":"https:\/\/sipin.com.vn\/index.php\/wp-json\/wp\/v2\/media?parent=884"}],"wp:term":[{"taxonomy":"product_cat","embeddable":true,"href":"https:\/\/sipin.com.vn\/index.php\/wp-json\/wp\/v2\/product_cat?post=884"},{"taxonomy":"product_tag","embeddable":true,"href":"https:\/\/sipin.com.vn\/index.php\/wp-json\/wp\/v2\/product_tag?post=884"}],"curies":[{"name":"wp","href":"https:\/\/api.w.org\/{rel}","templated":true}]}}