{"id":882,"date":"2024-06-27T21:51:59","date_gmt":"2024-06-27T14:51:59","guid":{"rendered":"https:\/\/omanivietnam.com\/?post_type=product&#038;p=882"},"modified":"2024-08-16T22:41:09","modified_gmt":"2024-08-16T15:41:09","slug":"sick-grte18s-p2442v","status":"publish","type":"product","link":"https:\/\/sipin.com.vn\/index.php\/product\/sick-grte18s-p2442v\/","title":{"rendered":"SICK GRTE18S-P2442V"},"content":{"rendered":"<p>SICK GRTE18S-P2442V<\/p>\n<p class=\"product-title product_title entry-title\">C\u1ea3m bi\u1ebfn GRTE18S-P2442V<\/p>\n<div class=\"tab-panels\">\n<p>Th\u00f4ng s\u1ed1 k\u1ef9 thu\u1eadt c\u1ea3m bi\u1ebfn ti\u1ec7m c\u1eadn Sick:Th\u00f4ng s\u1ed1 k\u1ef9 thu\u1eadt c\u01a1 kh\u00ed\/\u0111i\u1ec7n<\/p>\n<table>\n<tbody>\n<tr>\n<td>Nguy\u00ean l\u00fd c\u1ea3m bi\u1ebfn\/ph\u00e1t hi\u1ec7n<\/td>\n<td>Photoelectric proximity sensor, Energetic<\/td>\n<\/tr>\n<tr>\n<td>K\u00edch th\u01b0\u1edbc (W x H x D)<\/td>\n<td>18 mm x 18 mm x 38.1 mm<\/td>\n<\/tr>\n<tr>\n<td>Th\u00e2n design (light emission)<\/td>\n<td>Cylindrical<\/td>\n<\/tr>\n<tr>\n<td>Thread diameter (housing)<\/td>\n<td>M18 x 1<\/td>\n<\/tr>\n<tr>\n<td>Optical axis<\/td>\n<td>Axial<\/td>\n<\/tr>\n<tr>\n<td>Ph\u1ea1m vi \u0111o c\u1ea3m bi\u1ebfn max.<\/td>\n<td>5 mm \u2026 550 mm<\/td>\n<\/tr>\n<tr>\n<td>Ph\u1ea1m vi \u0111o c\u1ea3m bi\u1ebfn<\/td>\n<td>10 mm \u2026 400 mm<\/td>\n<\/tr>\n<tr>\n<td>Lo\u1ea1i \u00e1nh s\u00e1ng<\/td>\n<td>Visible red light<\/td>\n<\/tr>\n<tr>\n<td>Ngu\u1ed3n s\u00e1ng<\/td>\n<td>PinPoint LED<\/td>\n<\/tr>\n<tr>\n<td>K\u00edch th\u01b0\u1edbc \u0111i\u1ec3m s\u00e1ng (kho\u1ea3ng c\u00e1ch)<\/td>\n<td>\u00d8 9 mm (400 mm)<\/td>\n<\/tr>\n<tr>\n<td>Chi\u1ec1u d\u00e0i s\u00f3ng<\/td>\n<td>650 nm<\/td>\n<\/tr>\n<tr>\n<td>\u0110i\u1ec1u ch\u1ec9nh<\/td>\n<td>Potentiometer, 270\u00b0<\/td>\n<\/tr>\n<\/tbody>\n<\/table>\n<table>\n<tbody>\n<tr>\n<td>Ngu\u1ed3n \u0111i\u1ec7n<\/td>\n<td>10 V DC \u2026 30 V DC<\/td>\n<\/tr>\n<tr>\n<td>G\u1ee3n s\u00f3ng<\/td>\n<td>\u00b1 5 V<sub>pp<\/sub><\/td>\n<\/tr>\n<tr>\n<td>M\u1ee9c ti\u00eau th\u1ee5 hi\u1ec7n t\u1ea1i<\/td>\n<td>30 mA<\/td>\n<\/tr>\n<tr>\n<td>Chuy\u1ec3n \u0111\u1ed5i \u0111\u1ea7u ra<\/td>\n<td>PNP<\/td>\n<\/tr>\n<tr>\n<td>\u0110\u1ea7u ra<\/td>\n<td>Complementary<\/td>\n<\/tr>\n<tr>\n<td>Chuy\u1ec3n \u0111\u1ed5i ch\u1ebf \u0111\u1ed9<\/td>\n<td>Light\/dark switching<\/td>\n<\/tr>\n<tr>\n<td>D\u00f2ng \u0111i\u1ec7n \u0111\u1ea7u ra I<sub>max.<\/sub><\/td>\n<td>100 mA<\/td>\n<\/tr>\n<tr>\n<td>Th\u1eddi gian \u0111\u00e1p \u1ee9ng<\/td>\n<td>&lt; 1,000 \u00b5s<\/td>\n<\/tr>\n<tr>\n<td>Chuy\u1ec3n \u0111\u1ed5i th\u01b0\u1eddng xuy\u00ean<\/td>\n<td>500 Hz<\/td>\n<\/tr>\n<tr>\n<td>Ki\u1ec3u k\u1ebft n\u1ed1i<\/td>\n<td>Male connector M12, 4-pin<\/td>\n<\/tr>\n<tr>\n<td>B\u1ea3o v\u1ec7 m\u1ea1ch<\/td>\n<td>AB\u00a0<sup>7)<\/sup><\/p>\n<p>D\u00a0<sup>8)<\/sup><\/td>\n<\/tr>\n<tr>\n<td>Protection class<\/td>\n<td>III<\/td>\n<\/tr>\n<tr>\n<td>V\u1eadt li\u1ec7u th\u00e2n<\/td>\n<td>Metal, Nickel-plated brass and ABS<\/td>\n<\/tr>\n<tr>\n<td>V\u1eadt li\u1ec7u quang h\u1ecdc<\/td>\n<td>Plastic, PMMA<\/td>\n<\/tr>\n<tr>\n<td>\u0110\u00e1nh gi\u00e1 bao v\u00e2y<\/td>\n<td>IP67<\/td>\n<\/tr>\n<tr>\n<td>Items supplied<\/td>\n<td>Fastening nuts (2 x)<\/td>\n<\/tr>\n<tr>\n<td>EMC<\/td>\n<td>EN 60947-5-2<\/td>\n<\/tr>\n<tr>\n<td>Nhi\u1ec7t \u0111\u1ed9 m\u00f4i tr\u01b0\u1eddng xung quanh<\/td>\n<td>\u201325 \u00b0C \u2026 +55 \u00b0C\u00a0<sup>9)<\/sup><\/td>\n<\/tr>\n<tr>\n<td>Nhi\u1ec7t \u0111\u1ed9 b\u1ea3o qu\u1ea3n xung quanh<\/td>\n<td>\u201340 \u00b0C \u2026 +70 \u00b0C<\/td>\n<\/tr>\n<tr>\n<td>UL File No.<\/td>\n<td>NRKH.E348498 &amp; NRKH7.E348498<\/td>\n<\/tr>\n<\/tbody>\n<\/table>\n<\/div>\n<p>\u0110\u1ea1i l\u00fd SICK vietnam, SICK viet nam, SICK vietnam distributor, Ph\u00e2n ph\u1ed1i SICK t\u1ea1i vi\u1ec7t nam<\/p>\n<p>\u0110\u1ea1i l\u00fd SICK vietnam, SICK viet nam, SICK vietnam distributor, Ph\u00e2n ph\u1ed1i SICK t\u1ea1i vi\u1ec7t nam<\/p>\n<p>\u0110\u1ea1i l\u00fd SICK vietnam, SICK viet nam, SICK vietnam distributor, Ph\u00e2n ph\u1ed1i SICK t\u1ea1i vi\u1ec7t nam<\/p>\n<p>\u0110\u1ea1i l\u00fd SICK vietnam, SICK viet nam, SICK vietnam distributor, Ph\u00e2n ph\u1ed1i SICK t\u1ea1i vi\u1ec7t nam<\/p>\n<p>\u0110\u1ea1i l\u00fd SICK vietnam, SICK viet nam, SICK vietnam distributor, Ph\u00e2n ph\u1ed1i SICK t\u1ea1i vi\u1ec7t nam<\/p>\n","protected":false},"excerpt":{"rendered":"<p>SICK GRTE18S-P2442V C\u1ea3m bi\u1ebfn GRTE18S-P2442V Th\u00f4ng s\u1ed1 k\u1ef9 thu\u1eadt c\u1ea3m bi\u1ebfn ti\u1ec7m c\u1eadn Sick:Th\u00f4ng s\u1ed1 k\u1ef9 thu\u1eadt c\u01a1 kh\u00ed\/\u0111i\u1ec7n Nguy\u00ean l\u00fd c\u1ea3m bi\u1ebfn\/ph\u00e1t hi\u1ec7n Photoelectric proximity sensor, Energetic K\u00edch th\u01b0\u1edbc (W x H x D) 18 mm x 18 mm x 38.1 mm Th\u00e2n design (light emission) Cylindrical Thread diameter&hellip; <\/p>\n","protected":false},"featured_media":883,"comment_status":"open","ping_status":"closed","template":"","meta":{"om_disable_all_campaigns":false,"_monsterinsights_skip_tracking":false,"_monsterinsights_sitenote_active":false,"_monsterinsights_sitenote_note":"","_monsterinsights_sitenote_category":0},"product_cat":[15],"product_tag":[88,89,90],"class_list":{"0":"post-882","1":"product","2":"type-product","3":"status-publish","4":"has-post-thumbnail","6":"product_cat-apex","7":"product_tag-cam-bien","8":"product_tag-dai-ly-sick-viet-nam","9":"product_tag-sick-viet-nam","11":"first","12":"instock","13":"shipping-taxable","14":"product-type-simple"},"aioseo_notices":[],"yoast_head":"<!-- This site is optimized with the Yoast SEO plugin v22.8 - https:\/\/yoast.com\/wordpress\/plugins\/seo\/ -->\n<title>SICK GRTE18S-P2442V - OMANI VI\u1ec6T NAM<\/title>\n<meta name=\"description\" content=\"SICK GRTE18S-P2442V \u00b7 Photo Sensor, 550 mm, PNP, Energetic, Proximity, 10 to 30 VDC, 4 Pin M12 Connector, GR18 Series\" \/>\n<meta name=\"robots\" content=\"index, follow, max-snippet:-1, max-image-preview:large, max-video-preview:-1\" \/>\n<link rel=\"canonical\" href=\"https:\/\/sipin.com.vn\/index.php\/product\/sick-grte18s-p2442v\/\" \/>\n<meta property=\"og:locale\" content=\"vi_VN\" \/>\n<meta property=\"og:type\" content=\"article\" \/>\n<meta property=\"og:title\" content=\"SICK GRTE18S-P2442V - OMANI VI\u1ec6T NAM\" \/>\n<meta property=\"og:description\" content=\"SICK GRTE18S-P2442V \u00b7 Photo Sensor, 550 mm, PNP, Energetic, Proximity, 10 to 30 VDC, 4 Pin M12 Connector, GR18 Series\" \/>\n<meta property=\"og:url\" content=\"https:\/\/sipin.com.vn\/index.php\/product\/sick-grte18s-p2442v\/\" \/>\n<meta property=\"og:site_name\" content=\"OMANI VI\u1ec6T NAM\" \/>\n<meta property=\"article:modified_time\" content=\"2024-08-16T15:41:09+00:00\" \/>\n<meta property=\"og:image\" content=\"https:\/\/sipin.com.vn\/wp-content\/uploads\/2024\/06\/GRTE18S-P2442V.png\" \/>\n\t<meta property=\"og:image:width\" content=\"475\" \/>\n\t<meta property=\"og:image:height\" content=\"246\" \/>\n\t<meta property=\"og:image:type\" content=\"image\/png\" \/>\n<meta name=\"twitter:card\" content=\"summary_large_image\" \/>\n<meta name=\"twitter:label1\" content=\"\u01af\u1edbc t\u00ednh th\u1eddi gian \u0111\u1ecdc\" \/>\n\t<meta name=\"twitter:data1\" content=\"2 ph\u00fat\" \/>\n<script type=\"application\/ld+json\" class=\"yoast-schema-graph\">{\"@context\":\"https:\/\/schema.org\",\"@graph\":[{\"@type\":\"WebPage\",\"@id\":\"https:\/\/sipin.com.vn\/index.php\/product\/sick-grte18s-p2442v\/\",\"url\":\"https:\/\/sipin.com.vn\/index.php\/product\/sick-grte18s-p2442v\/\",\"name\":\"SICK GRTE18S-P2442V - OMANI VI\u1ec6T NAM\",\"isPartOf\":{\"@id\":\"https:\/\/sipin.com.vn\/#website\"},\"primaryImageOfPage\":{\"@id\":\"https:\/\/sipin.com.vn\/index.php\/product\/sick-grte18s-p2442v\/#primaryimage\"},\"image\":{\"@id\":\"https:\/\/sipin.com.vn\/index.php\/product\/sick-grte18s-p2442v\/#primaryimage\"},\"thumbnailUrl\":\"https:\/\/sipin.com.vn\/wp-content\/uploads\/2024\/06\/GRTE18S-P2442V.png\",\"datePublished\":\"2024-06-27T14:51:59+00:00\",\"dateModified\":\"2024-08-16T15:41:09+00:00\",\"description\":\"SICK GRTE18S-P2442V \u00b7 Photo Sensor, 550 mm, PNP, Energetic, Proximity, 10 to 30 VDC, 4 Pin M12 Connector, GR18 Series\",\"breadcrumb\":{\"@id\":\"https:\/\/sipin.com.vn\/index.php\/product\/sick-grte18s-p2442v\/#breadcrumb\"},\"inLanguage\":\"vi\",\"potentialAction\":[{\"@type\":\"ReadAction\",\"target\":[\"https:\/\/sipin.com.vn\/index.php\/product\/sick-grte18s-p2442v\/\"]}]},{\"@type\":\"ImageObject\",\"inLanguage\":\"vi\",\"@id\":\"https:\/\/sipin.com.vn\/index.php\/product\/sick-grte18s-p2442v\/#primaryimage\",\"url\":\"https:\/\/sipin.com.vn\/wp-content\/uploads\/2024\/06\/GRTE18S-P2442V.png\",\"contentUrl\":\"https:\/\/sipin.com.vn\/wp-content\/uploads\/2024\/06\/GRTE18S-P2442V.png\",\"width\":475,\"height\":246},{\"@type\":\"BreadcrumbList\",\"@id\":\"https:\/\/sipin.com.vn\/index.php\/product\/sick-grte18s-p2442v\/#breadcrumb\",\"itemListElement\":[{\"@type\":\"ListItem\",\"position\":1,\"name\":\"Home\",\"item\":\"https:\/\/sipin.com.vn\/\"},{\"@type\":\"ListItem\",\"position\":2,\"name\":\"S\u1ea2N PH\u1ea8M\",\"item\":\"https:\/\/sipin.com.vn\/index.php\/cua-hang\/\"},{\"@type\":\"ListItem\",\"position\":3,\"name\":\"SICK GRTE18S-P2442V\"}]},{\"@type\":\"WebSite\",\"@id\":\"https:\/\/sipin.com.vn\/#website\",\"url\":\"https:\/\/sipin.com.vn\/\",\"name\":\"OMANI VI\u1ec6T NAM\",\"description\":\"Nh\u00e0 ph\u00e2n ph\u1ed1i thi\u1ebft b\u1ecb kh\u00ed n\u00e9n v\u00e0 thi\u1ebft b\u1ecb t\u1ef1 \u0111\u1ed9ng h\u00f3a trong c\u00f4ng nghi\u1ec7p\",\"publisher\":{\"@id\":\"https:\/\/sipin.com.vn\/#\/schema\/person\/0ad398a980dc3fd696111c2c5c8fa897\"},\"potentialAction\":[{\"@type\":\"SearchAction\",\"target\":{\"@type\":\"EntryPoint\",\"urlTemplate\":\"https:\/\/sipin.com.vn\/?s={search_term_string}\"},\"query-input\":\"required name=search_term_string\"}],\"inLanguage\":\"vi\"},{\"@type\":[\"Person\",\"Organization\"],\"@id\":\"https:\/\/sipin.com.vn\/#\/schema\/person\/0ad398a980dc3fd696111c2c5c8fa897\",\"name\":\"Nguy\u1ec5n V\u0103n Kh\u00e1nh\",\"image\":{\"@type\":\"ImageObject\",\"inLanguage\":\"vi\",\"@id\":\"https:\/\/sipin.com.vn\/#\/schema\/person\/image\/\",\"url\":\"https:\/\/sipin.com.vn\/wp-content\/uploads\/2024\/06\/logo-1024x1024.png\",\"contentUrl\":\"https:\/\/sipin.com.vn\/wp-content\/uploads\/2024\/06\/logo-1024x1024.png\",\"width\":1024,\"height\":1024,\"caption\":\"Nguy\u1ec5n V\u0103n Kh\u00e1nh\"},\"logo\":{\"@id\":\"https:\/\/sipin.com.vn\/#\/schema\/person\/image\/\"},\"sameAs\":[\"https:\/\/sipin.com.vn\"]}]}<\/script>\n<!-- \/ Yoast SEO plugin. -->","yoast_head_json":{"title":"SICK GRTE18S-P2442V - OMANI VI\u1ec6T NAM","description":"SICK GRTE18S-P2442V \u00b7 Photo Sensor, 550 mm, PNP, Energetic, Proximity, 10 to 30 VDC, 4 Pin M12 Connector, GR18 Series","robots":{"index":"index","follow":"follow","max-snippet":"max-snippet:-1","max-image-preview":"max-image-preview:large","max-video-preview":"max-video-preview:-1"},"canonical":"https:\/\/sipin.com.vn\/index.php\/product\/sick-grte18s-p2442v\/","og_locale":"vi_VN","og_type":"article","og_title":"SICK GRTE18S-P2442V - OMANI VI\u1ec6T NAM","og_description":"SICK GRTE18S-P2442V \u00b7 Photo Sensor, 550 mm, PNP, Energetic, Proximity, 10 to 30 VDC, 4 Pin M12 Connector, GR18 Series","og_url":"https:\/\/sipin.com.vn\/index.php\/product\/sick-grte18s-p2442v\/","og_site_name":"OMANI VI\u1ec6T NAM","article_modified_time":"2024-08-16T15:41:09+00:00","og_image":[{"width":475,"height":246,"url":"https:\/\/sipin.com.vn\/wp-content\/uploads\/2024\/06\/GRTE18S-P2442V.png","type":"image\/png"}],"twitter_card":"summary_large_image","twitter_misc":{"\u01af\u1edbc t\u00ednh th\u1eddi gian \u0111\u1ecdc":"2 ph\u00fat"},"schema":{"@context":"https:\/\/schema.org","@graph":[{"@type":"WebPage","@id":"https:\/\/sipin.com.vn\/index.php\/product\/sick-grte18s-p2442v\/","url":"https:\/\/sipin.com.vn\/index.php\/product\/sick-grte18s-p2442v\/","name":"SICK GRTE18S-P2442V - OMANI VI\u1ec6T NAM","isPartOf":{"@id":"https:\/\/sipin.com.vn\/#website"},"primaryImageOfPage":{"@id":"https:\/\/sipin.com.vn\/index.php\/product\/sick-grte18s-p2442v\/#primaryimage"},"image":{"@id":"https:\/\/sipin.com.vn\/index.php\/product\/sick-grte18s-p2442v\/#primaryimage"},"thumbnailUrl":"https:\/\/sipin.com.vn\/wp-content\/uploads\/2024\/06\/GRTE18S-P2442V.png","datePublished":"2024-06-27T14:51:59+00:00","dateModified":"2024-08-16T15:41:09+00:00","description":"SICK GRTE18S-P2442V \u00b7 Photo Sensor, 550 mm, PNP, Energetic, Proximity, 10 to 30 VDC, 4 Pin M12 Connector, GR18 Series","breadcrumb":{"@id":"https:\/\/sipin.com.vn\/index.php\/product\/sick-grte18s-p2442v\/#breadcrumb"},"inLanguage":"vi","potentialAction":[{"@type":"ReadAction","target":["https:\/\/sipin.com.vn\/index.php\/product\/sick-grte18s-p2442v\/"]}]},{"@type":"ImageObject","inLanguage":"vi","@id":"https:\/\/sipin.com.vn\/index.php\/product\/sick-grte18s-p2442v\/#primaryimage","url":"https:\/\/sipin.com.vn\/wp-content\/uploads\/2024\/06\/GRTE18S-P2442V.png","contentUrl":"https:\/\/sipin.com.vn\/wp-content\/uploads\/2024\/06\/GRTE18S-P2442V.png","width":475,"height":246},{"@type":"BreadcrumbList","@id":"https:\/\/sipin.com.vn\/index.php\/product\/sick-grte18s-p2442v\/#breadcrumb","itemListElement":[{"@type":"ListItem","position":1,"name":"Home","item":"https:\/\/sipin.com.vn\/"},{"@type":"ListItem","position":2,"name":"S\u1ea2N PH\u1ea8M","item":"https:\/\/sipin.com.vn\/index.php\/cua-hang\/"},{"@type":"ListItem","position":3,"name":"SICK GRTE18S-P2442V"}]},{"@type":"WebSite","@id":"https:\/\/sipin.com.vn\/#website","url":"https:\/\/sipin.com.vn\/","name":"OMANI VI\u1ec6T NAM","description":"Nh\u00e0 ph\u00e2n ph\u1ed1i thi\u1ebft b\u1ecb kh\u00ed n\u00e9n v\u00e0 thi\u1ebft b\u1ecb t\u1ef1 \u0111\u1ed9ng h\u00f3a trong c\u00f4ng nghi\u1ec7p","publisher":{"@id":"https:\/\/sipin.com.vn\/#\/schema\/person\/0ad398a980dc3fd696111c2c5c8fa897"},"potentialAction":[{"@type":"SearchAction","target":{"@type":"EntryPoint","urlTemplate":"https:\/\/sipin.com.vn\/?s={search_term_string}"},"query-input":"required name=search_term_string"}],"inLanguage":"vi"},{"@type":["Person","Organization"],"@id":"https:\/\/sipin.com.vn\/#\/schema\/person\/0ad398a980dc3fd696111c2c5c8fa897","name":"Nguy\u1ec5n V\u0103n Kh\u00e1nh","image":{"@type":"ImageObject","inLanguage":"vi","@id":"https:\/\/sipin.com.vn\/#\/schema\/person\/image\/","url":"https:\/\/sipin.com.vn\/wp-content\/uploads\/2024\/06\/logo-1024x1024.png","contentUrl":"https:\/\/sipin.com.vn\/wp-content\/uploads\/2024\/06\/logo-1024x1024.png","width":1024,"height":1024,"caption":"Nguy\u1ec5n V\u0103n Kh\u00e1nh"},"logo":{"@id":"https:\/\/sipin.com.vn\/#\/schema\/person\/image\/"},"sameAs":["https:\/\/sipin.com.vn"]}]}},"_links":{"self":[{"href":"https:\/\/sipin.com.vn\/index.php\/wp-json\/wp\/v2\/product\/882","targetHints":{"allow":["GET"]}}],"collection":[{"href":"https:\/\/sipin.com.vn\/index.php\/wp-json\/wp\/v2\/product"}],"about":[{"href":"https:\/\/sipin.com.vn\/index.php\/wp-json\/wp\/v2\/types\/product"}],"replies":[{"embeddable":true,"href":"https:\/\/sipin.com.vn\/index.php\/wp-json\/wp\/v2\/comments?post=882"}],"wp:featuredmedia":[{"embeddable":true,"href":"https:\/\/sipin.com.vn\/index.php\/wp-json\/wp\/v2\/media\/883"}],"wp:attachment":[{"href":"https:\/\/sipin.com.vn\/index.php\/wp-json\/wp\/v2\/media?parent=882"}],"wp:term":[{"taxonomy":"product_cat","embeddable":true,"href":"https:\/\/sipin.com.vn\/index.php\/wp-json\/wp\/v2\/product_cat?post=882"},{"taxonomy":"product_tag","embeddable":true,"href":"https:\/\/sipin.com.vn\/index.php\/wp-json\/wp\/v2\/product_tag?post=882"}],"curies":[{"name":"wp","href":"https:\/\/api.w.org\/{rel}","templated":true}]}}