{"id":874,"date":"2024-06-27T08:32:16","date_gmt":"2024-06-27T01:32:16","guid":{"rendered":"https:\/\/omanivietnam.com\/?post_type=product&#038;p=874"},"modified":"2024-07-25T05:06:37","modified_gmt":"2024-07-24T22:06:37","slug":"smc-crb2bw30-180sz","status":"publish","type":"product","link":"https:\/\/sipin.com.vn\/index.php\/product\/smc-crb2bw30-180sz\/","title":{"rendered":"SMC CRB2BW30-180SZ"},"content":{"rendered":"<p>SMC CRB2BW30-180SZ<\/p>\n<p class=\"m-h1\">Rotary Actuator, Vane Type, CRB2 Series (CRB2BW30-180SZ)<\/p>\n<p>[Features]<br \/>\n\u00b7 Piping port parts are located on the flat section.<br \/>\n\u00b7 Many variations of shaft-end shape (6 types).<br \/>\n\u00b7 Works with the compact auto switch D-M9\u25a1 type.<\/p>\n<h3 class=\"m-h3\"><span data-lang=\"ENG\">Configured Specifications<\/span><\/h3>\n<table class=\"m-listTable\" summary=\"Price, Spec., etc.\">\n<colgroup>\n<col width=\"20%\" \/>\n<col width=\"30%\" \/>\n<col width=\"20%\" \/>\n<col width=\"30%\" \/><\/colgroup>\n<tbody>\n<tr>\n<th>Type<\/th>\n<td>Rotary Actuator Both Sides Shaft Outputs<\/td>\n<th>Main Body Shape<\/th>\n<td>Round Shape<\/td>\n<\/tr>\n<tr>\n<th>Oscillation Angle A<\/th>\n<td>[180\u00b0] 180\u00b0<\/td>\n<th>Torque(N\uff65m)<\/th>\n<td>3 ~ Less than 6<\/td>\n<\/tr>\n<tr>\n<th>Operation Method<\/th>\n<td>Single Vane<\/td>\n<th>Environment, Applications<\/th>\n<td>Standard<\/td>\n<\/tr>\n<tr>\n<th>Rigidity, Accuracy<\/th>\n<td>Standard<\/td>\n<th>Tube Nominal Dia.<\/th>\n<td>30<\/td>\n<\/tr>\n<tr>\n<th>Valves<\/th>\n<td>N\/A<\/td>\n<th>Allowable Kinetic Energy(J)<\/th>\n<td>0.01 to Less Than 0.1<\/td>\n<\/tr>\n<tr>\n<th>Allowable Kinetic Energy(J)<\/th>\n<td>0.02<\/td>\n<th>Operating Pressure Range(MPa)<\/th>\n<td>0.15\uff5e1.0<\/td>\n<\/tr>\n<tr class=\"VN_table-row\">\n<th>Connection port location<\/th>\n<td>Body side surface<\/td>\n<th>Switch<\/th>\n<td>None<\/td>\n<\/tr>\n<tr class=\"VN_table-row\">\n<th>Lead wire(m)<\/th>\n<td>None<\/td>\n<th>Number of switches<\/th>\n<td>None<\/td>\n<\/tr>\n<tr class=\"VN_table-row\">\n<th>Shaft pattern<\/th>\n<td>Long shaft: single flat \/ Short shaft: single flat<\/td>\n<th>Axial direction<\/th>\n<td>Standard<\/td>\n<\/tr>\n<tr class=\"VN_table-row\">\n<th>Made to order specifications<\/th>\n<td>None<\/td>\n<th>Lead wire electrical entry<\/th>\n<td>&#8211;<\/td>\n<\/tr>\n<tr class=\"VN_table-row\">\n<th>Mounting style<\/th>\n<td>Basic type<\/td>\n<th>Connector type<\/th>\n<td>None<\/td>\n<\/tr>\n<tr class=\"VN_table-row\">\n<th>Specifications<\/th>\n<td>Standard type<\/td>\n<th>&#8211;<\/th>\n<td>&#8211;<\/td>\n<\/tr>\n<\/tbody>\n<\/table>\n<p>&nbsp;<\/p>\n<p>&nbsp;<\/p>\n<p>\u0110\u1ea1i l\u00fd SMC vietnam, SMC viet nam, SMC vietnam distributor, Ph\u00e2n ph\u1ed1i SMC t\u1ea1i vi\u1ec7t nam<\/p>\n<p>\u0110\u1ea1i l\u00fd SMC vietnam, SMC viet nam, SMC vietnam distributor, Ph\u00e2n ph\u1ed1i SMC t\u1ea1i vi\u1ec7t nam<\/p>\n<p>\u0110\u1ea1i l\u00fd SMC vietnam, SMC viet nam, SMC vietnam distributor, Ph\u00e2n ph\u1ed1i SMC t\u1ea1i vi\u1ec7t nam<\/p>\n<p>\u0110\u1ea1i l\u00fd SMC vietnam, SMC viet nam, SMC vietnam distributor, Ph\u00e2n ph\u1ed1i SMC t\u1ea1i vi\u1ec7t nam<\/p>\n<p>\u0110\u1ea1i l\u00fd SMC vietnam, SMC viet nam, SMC vietnam distributor, Ph\u00e2n ph\u1ed1i SMC t\u1ea1i vi\u1ec7t nam<\/p>\n","protected":false},"excerpt":{"rendered":"<p>SMC CRB2BW30-180SZ Rotary Actuator, Vane Type, CRB2 Series (CRB2BW30-180SZ) [Features] \u00b7 Piping port parts are located on the flat section. \u00b7 Many variations of shaft-end shape (6 types). \u00b7 Works with the compact auto switch D-M9\u25a1 type. Configured Specifications Type Rotary Actuator Both Sides Shaft Outputs Main Body Shape Round&hellip; <\/p>\n","protected":false},"featured_media":875,"comment_status":"open","ping_status":"closed","template":"","meta":{"om_disable_all_campaigns":false,"_monsterinsights_skip_tracking":false,"_monsterinsights_sitenote_active":false,"_monsterinsights_sitenote_note":"","_monsterinsights_sitenote_category":0},"product_cat":[15],"product_tag":[93,92,98],"class_list":{"0":"post-874","1":"product","2":"type-product","3":"status-publish","4":"has-post-thumbnail","6":"product_cat-apex","7":"product_tag-dai-ly-smc-viet-nam","8":"product_tag-smc-viet-nam","9":"product_tag-xy-lanh-khi","11":"first","12":"instock","13":"shipping-taxable","14":"product-type-simple"},"aioseo_notices":[],"yoast_head":"<!-- This site is optimized with the Yoast SEO plugin v22.8 - https:\/\/yoast.com\/wordpress\/plugins\/seo\/ -->\n<title>SMC CRB2BW30-180SZ - OMANI VI\u1ec6T NAM<\/title>\n<meta name=\"description\" content=\"CRB2BW30-180SZ | Rotary Actuator, Vane Type, CRB2 Series\" \/>\n<meta name=\"robots\" content=\"index, follow, max-snippet:-1, max-image-preview:large, max-video-preview:-1\" \/>\n<link rel=\"canonical\" href=\"https:\/\/sipin.com.vn\/index.php\/product\/smc-crb2bw30-180sz\/\" \/>\n<meta property=\"og:locale\" content=\"vi_VN\" \/>\n<meta property=\"og:type\" content=\"article\" \/>\n<meta property=\"og:title\" content=\"SMC CRB2BW30-180SZ - OMANI VI\u1ec6T NAM\" \/>\n<meta property=\"og:description\" content=\"CRB2BW30-180SZ | Rotary Actuator, Vane Type, CRB2 Series\" \/>\n<meta property=\"og:url\" content=\"https:\/\/sipin.com.vn\/index.php\/product\/smc-crb2bw30-180sz\/\" \/>\n<meta property=\"og:site_name\" content=\"OMANI VI\u1ec6T NAM\" \/>\n<meta property=\"article:modified_time\" content=\"2024-07-24T22:06:37+00:00\" \/>\n<meta property=\"og:image\" content=\"https:\/\/sipin.com.vn\/wp-content\/uploads\/2024\/06\/CRB2BW30-180SZ.png\" \/>\n\t<meta property=\"og:image:width\" content=\"579\" \/>\n\t<meta property=\"og:image:height\" content=\"616\" \/>\n\t<meta property=\"og:image:type\" content=\"image\/png\" \/>\n<meta name=\"twitter:card\" content=\"summary_large_image\" \/>\n<meta name=\"twitter:label1\" content=\"\u01af\u1edbc t\u00ednh th\u1eddi gian \u0111\u1ecdc\" \/>\n\t<meta name=\"twitter:data1\" content=\"2 ph\u00fat\" \/>\n<script type=\"application\/ld+json\" class=\"yoast-schema-graph\">{\"@context\":\"https:\/\/schema.org\",\"@graph\":[{\"@type\":\"WebPage\",\"@id\":\"https:\/\/sipin.com.vn\/index.php\/product\/smc-crb2bw30-180sz\/\",\"url\":\"https:\/\/sipin.com.vn\/index.php\/product\/smc-crb2bw30-180sz\/\",\"name\":\"SMC CRB2BW30-180SZ - OMANI VI\u1ec6T NAM\",\"isPartOf\":{\"@id\":\"https:\/\/sipin.com.vn\/#website\"},\"primaryImageOfPage\":{\"@id\":\"https:\/\/sipin.com.vn\/index.php\/product\/smc-crb2bw30-180sz\/#primaryimage\"},\"image\":{\"@id\":\"https:\/\/sipin.com.vn\/index.php\/product\/smc-crb2bw30-180sz\/#primaryimage\"},\"thumbnailUrl\":\"https:\/\/sipin.com.vn\/wp-content\/uploads\/2024\/06\/CRB2BW30-180SZ.png\",\"datePublished\":\"2024-06-27T01:32:16+00:00\",\"dateModified\":\"2024-07-24T22:06:37+00:00\",\"description\":\"CRB2BW30-180SZ | Rotary Actuator, Vane Type, CRB2 Series\",\"breadcrumb\":{\"@id\":\"https:\/\/sipin.com.vn\/index.php\/product\/smc-crb2bw30-180sz\/#breadcrumb\"},\"inLanguage\":\"vi\",\"potentialAction\":[{\"@type\":\"ReadAction\",\"target\":[\"https:\/\/sipin.com.vn\/index.php\/product\/smc-crb2bw30-180sz\/\"]}]},{\"@type\":\"ImageObject\",\"inLanguage\":\"vi\",\"@id\":\"https:\/\/sipin.com.vn\/index.php\/product\/smc-crb2bw30-180sz\/#primaryimage\",\"url\":\"https:\/\/sipin.com.vn\/wp-content\/uploads\/2024\/06\/CRB2BW30-180SZ.png\",\"contentUrl\":\"https:\/\/sipin.com.vn\/wp-content\/uploads\/2024\/06\/CRB2BW30-180SZ.png\",\"width\":579,\"height\":616},{\"@type\":\"BreadcrumbList\",\"@id\":\"https:\/\/sipin.com.vn\/index.php\/product\/smc-crb2bw30-180sz\/#breadcrumb\",\"itemListElement\":[{\"@type\":\"ListItem\",\"position\":1,\"name\":\"Home\",\"item\":\"https:\/\/sipin.com.vn\/\"},{\"@type\":\"ListItem\",\"position\":2,\"name\":\"S\u1ea2N PH\u1ea8M\",\"item\":\"https:\/\/sipin.com.vn\/index.php\/cua-hang\/\"},{\"@type\":\"ListItem\",\"position\":3,\"name\":\"SMC CRB2BW30-180SZ\"}]},{\"@type\":\"WebSite\",\"@id\":\"https:\/\/sipin.com.vn\/#website\",\"url\":\"https:\/\/sipin.com.vn\/\",\"name\":\"OMANI VI\u1ec6T NAM\",\"description\":\"Nh\u00e0 ph\u00e2n ph\u1ed1i thi\u1ebft b\u1ecb kh\u00ed n\u00e9n v\u00e0 thi\u1ebft b\u1ecb t\u1ef1 \u0111\u1ed9ng h\u00f3a trong c\u00f4ng nghi\u1ec7p\",\"publisher\":{\"@id\":\"https:\/\/sipin.com.vn\/#\/schema\/person\/0ad398a980dc3fd696111c2c5c8fa897\"},\"potentialAction\":[{\"@type\":\"SearchAction\",\"target\":{\"@type\":\"EntryPoint\",\"urlTemplate\":\"https:\/\/sipin.com.vn\/?s={search_term_string}\"},\"query-input\":\"required name=search_term_string\"}],\"inLanguage\":\"vi\"},{\"@type\":[\"Person\",\"Organization\"],\"@id\":\"https:\/\/sipin.com.vn\/#\/schema\/person\/0ad398a980dc3fd696111c2c5c8fa897\",\"name\":\"Nguy\u1ec5n V\u0103n Kh\u00e1nh\",\"image\":{\"@type\":\"ImageObject\",\"inLanguage\":\"vi\",\"@id\":\"https:\/\/sipin.com.vn\/#\/schema\/person\/image\/\",\"url\":\"https:\/\/sipin.com.vn\/wp-content\/uploads\/2024\/06\/logo-1024x1024.png\",\"contentUrl\":\"https:\/\/sipin.com.vn\/wp-content\/uploads\/2024\/06\/logo-1024x1024.png\",\"width\":1024,\"height\":1024,\"caption\":\"Nguy\u1ec5n V\u0103n Kh\u00e1nh\"},\"logo\":{\"@id\":\"https:\/\/sipin.com.vn\/#\/schema\/person\/image\/\"},\"sameAs\":[\"https:\/\/sipin.com.vn\"]}]}<\/script>\n<!-- \/ Yoast SEO plugin. -->","yoast_head_json":{"title":"SMC CRB2BW30-180SZ - OMANI VI\u1ec6T NAM","description":"CRB2BW30-180SZ | Rotary Actuator, Vane Type, CRB2 Series","robots":{"index":"index","follow":"follow","max-snippet":"max-snippet:-1","max-image-preview":"max-image-preview:large","max-video-preview":"max-video-preview:-1"},"canonical":"https:\/\/sipin.com.vn\/index.php\/product\/smc-crb2bw30-180sz\/","og_locale":"vi_VN","og_type":"article","og_title":"SMC CRB2BW30-180SZ - OMANI VI\u1ec6T NAM","og_description":"CRB2BW30-180SZ | Rotary Actuator, Vane Type, CRB2 Series","og_url":"https:\/\/sipin.com.vn\/index.php\/product\/smc-crb2bw30-180sz\/","og_site_name":"OMANI VI\u1ec6T NAM","article_modified_time":"2024-07-24T22:06:37+00:00","og_image":[{"width":579,"height":616,"url":"https:\/\/sipin.com.vn\/wp-content\/uploads\/2024\/06\/CRB2BW30-180SZ.png","type":"image\/png"}],"twitter_card":"summary_large_image","twitter_misc":{"\u01af\u1edbc t\u00ednh th\u1eddi gian \u0111\u1ecdc":"2 ph\u00fat"},"schema":{"@context":"https:\/\/schema.org","@graph":[{"@type":"WebPage","@id":"https:\/\/sipin.com.vn\/index.php\/product\/smc-crb2bw30-180sz\/","url":"https:\/\/sipin.com.vn\/index.php\/product\/smc-crb2bw30-180sz\/","name":"SMC CRB2BW30-180SZ - OMANI VI\u1ec6T NAM","isPartOf":{"@id":"https:\/\/sipin.com.vn\/#website"},"primaryImageOfPage":{"@id":"https:\/\/sipin.com.vn\/index.php\/product\/smc-crb2bw30-180sz\/#primaryimage"},"image":{"@id":"https:\/\/sipin.com.vn\/index.php\/product\/smc-crb2bw30-180sz\/#primaryimage"},"thumbnailUrl":"https:\/\/sipin.com.vn\/wp-content\/uploads\/2024\/06\/CRB2BW30-180SZ.png","datePublished":"2024-06-27T01:32:16+00:00","dateModified":"2024-07-24T22:06:37+00:00","description":"CRB2BW30-180SZ | Rotary Actuator, Vane Type, CRB2 Series","breadcrumb":{"@id":"https:\/\/sipin.com.vn\/index.php\/product\/smc-crb2bw30-180sz\/#breadcrumb"},"inLanguage":"vi","potentialAction":[{"@type":"ReadAction","target":["https:\/\/sipin.com.vn\/index.php\/product\/smc-crb2bw30-180sz\/"]}]},{"@type":"ImageObject","inLanguage":"vi","@id":"https:\/\/sipin.com.vn\/index.php\/product\/smc-crb2bw30-180sz\/#primaryimage","url":"https:\/\/sipin.com.vn\/wp-content\/uploads\/2024\/06\/CRB2BW30-180SZ.png","contentUrl":"https:\/\/sipin.com.vn\/wp-content\/uploads\/2024\/06\/CRB2BW30-180SZ.png","width":579,"height":616},{"@type":"BreadcrumbList","@id":"https:\/\/sipin.com.vn\/index.php\/product\/smc-crb2bw30-180sz\/#breadcrumb","itemListElement":[{"@type":"ListItem","position":1,"name":"Home","item":"https:\/\/sipin.com.vn\/"},{"@type":"ListItem","position":2,"name":"S\u1ea2N PH\u1ea8M","item":"https:\/\/sipin.com.vn\/index.php\/cua-hang\/"},{"@type":"ListItem","position":3,"name":"SMC CRB2BW30-180SZ"}]},{"@type":"WebSite","@id":"https:\/\/sipin.com.vn\/#website","url":"https:\/\/sipin.com.vn\/","name":"OMANI VI\u1ec6T NAM","description":"Nh\u00e0 ph\u00e2n ph\u1ed1i thi\u1ebft b\u1ecb kh\u00ed n\u00e9n v\u00e0 thi\u1ebft b\u1ecb t\u1ef1 \u0111\u1ed9ng h\u00f3a trong c\u00f4ng nghi\u1ec7p","publisher":{"@id":"https:\/\/sipin.com.vn\/#\/schema\/person\/0ad398a980dc3fd696111c2c5c8fa897"},"potentialAction":[{"@type":"SearchAction","target":{"@type":"EntryPoint","urlTemplate":"https:\/\/sipin.com.vn\/?s={search_term_string}"},"query-input":"required name=search_term_string"}],"inLanguage":"vi"},{"@type":["Person","Organization"],"@id":"https:\/\/sipin.com.vn\/#\/schema\/person\/0ad398a980dc3fd696111c2c5c8fa897","name":"Nguy\u1ec5n V\u0103n Kh\u00e1nh","image":{"@type":"ImageObject","inLanguage":"vi","@id":"https:\/\/sipin.com.vn\/#\/schema\/person\/image\/","url":"https:\/\/sipin.com.vn\/wp-content\/uploads\/2024\/06\/logo-1024x1024.png","contentUrl":"https:\/\/sipin.com.vn\/wp-content\/uploads\/2024\/06\/logo-1024x1024.png","width":1024,"height":1024,"caption":"Nguy\u1ec5n V\u0103n Kh\u00e1nh"},"logo":{"@id":"https:\/\/sipin.com.vn\/#\/schema\/person\/image\/"},"sameAs":["https:\/\/sipin.com.vn"]}]}},"_links":{"self":[{"href":"https:\/\/sipin.com.vn\/index.php\/wp-json\/wp\/v2\/product\/874","targetHints":{"allow":["GET"]}}],"collection":[{"href":"https:\/\/sipin.com.vn\/index.php\/wp-json\/wp\/v2\/product"}],"about":[{"href":"https:\/\/sipin.com.vn\/index.php\/wp-json\/wp\/v2\/types\/product"}],"replies":[{"embeddable":true,"href":"https:\/\/sipin.com.vn\/index.php\/wp-json\/wp\/v2\/comments?post=874"}],"wp:featuredmedia":[{"embeddable":true,"href":"https:\/\/sipin.com.vn\/index.php\/wp-json\/wp\/v2\/media\/875"}],"wp:attachment":[{"href":"https:\/\/sipin.com.vn\/index.php\/wp-json\/wp\/v2\/media?parent=874"}],"wp:term":[{"taxonomy":"product_cat","embeddable":true,"href":"https:\/\/sipin.com.vn\/index.php\/wp-json\/wp\/v2\/product_cat?post=874"},{"taxonomy":"product_tag","embeddable":true,"href":"https:\/\/sipin.com.vn\/index.php\/wp-json\/wp\/v2\/product_tag?post=874"}],"curies":[{"name":"wp","href":"https:\/\/api.w.org\/{rel}","templated":true}]}}