{"id":858,"date":"2024-06-27T04:27:49","date_gmt":"2024-06-26T21:27:49","guid":{"rendered":"https:\/\/omanivietnam.com\/?post_type=product&#038;p=858"},"modified":"2025-03-16T19:54:15","modified_gmt":"2025-03-16T12:54:15","slug":"keyence-fu-35tz","status":"publish","type":"product","link":"https:\/\/sipin.com.vn\/index.php\/product\/keyence-fu-35tz\/","title":{"rendered":"KEYENCE FU-35TZ"},"content":{"rendered":"<p>KEYENCE FU-35TZ<\/p>\n<p>Thi\u1ebft b\u1ecb s\u1ee3i quang ph\u1ea3n x\u1ea1<\/p>\n<p class=\"prd-utility-heading-3 prd-utility-marginBottom-7\">Th\u00f4ng s\u1ed1 k\u1ef9 thu\u1eadt<\/p>\n<div class=\"prd-specsTable prd-utility-focusRing\" style=\"padding: 0px;margin: 0px;color: #484b4c;font-family: myriad-pro, helvetica, Arial, meiryo, sans-serif;font-size: 17px;font-style: normal;font-weight: 400;letter-spacing: normal;text-align: left;text-indent: 0px;text-transform: none;background-color: #fafafa\" data-controller=\"horizontal-scroll-state scroll-to-coord\" data-action=\"resize@window-&gt;horizontal-scroll-state#setOverflowing scroll-&gt;horizontal-scroll-state#setScrolled\" data-horizontal-scroll-state-target=\"container\" data-horizontal-scroll-state-overflowing-class=\"is-overflowing\" data-horizontal-scroll-state-has-scrolled-class=\"is-hasScrolled\" data-scroll-to-coord-target=\"container\">\n<div class=\"prd-utility-body-small\">\n<div class=\"specTable-block\">\n<table class=\"specTable-stibo-3282397\">\n<tbody>\n<tr class=\"specTable-row\">\n<td class=\"specTable-clm-0\" colspan=\"4\">M\u1eabu<\/td>\n<td class=\"specTable-clm-4\">FU-35TZ<\/td>\n<\/tr>\n<tr class=\"specTable-row\">\n<td class=\"specTable-clm-0\" colspan=\"4\">K\u00edch th\u01b0\u1edbc<\/td>\n<td class=\"specTable-clm-4\">M3<\/td>\n<\/tr>\n<tr class=\"specTable-row\">\n<td class=\"specTable-clm-0\" colspan=\"4\">S\u1eafp x\u1ebfp d\u00f2<\/td>\n<td class=\"specTable-clm-4\">\u0111\u1ed3ng tr\u1ee5c<\/td>\n<\/tr>\n<tr class=\"specTable-row\">\n<td class=\"specTable-clm-0\" colspan=\"4\">Chi\u1ec1u d\u00e0i b\u1ed9 thi\u1ebft b\u1ecb s\u1ee3i<\/td>\n<td class=\"specTable-clm-4\">1 m C\u00f3 kh\u1ea3 n\u0103ng c\u1eaft cao<\/td>\n<\/tr>\n<tr class=\"specTable-row\">\n<td class=\"specTable-clm-0\" colspan=\"4\">\u0110\u01b0\u1eddng k\u00ednh thi\u1ebft b\u1ecb s\u1ee3i quang<\/td>\n<td class=\"specTable-clm-4\">\u00f81.3\u00d72<\/td>\n<\/tr>\n<tr class=\"specTable-row\">\n<td class=\"specTable-clm-0\" colspan=\"4\">H\u00ecnh d\u1ea1ng<\/td>\n<td class=\"specTable-clm-4\">M\u1eabu d\u1ea1ng ren<\/td>\n<\/tr>\n<tr class=\"specTable-row\">\n<td class=\"specTable-clm-0\">Kh\u1ea3 n\u0103ng ch\u1ed1ng ch\u1ecbu v\u1edbi m\u00f4i tr\u01b0\u1eddng<\/td>\n<td class=\"specTable-clm-1\" colspan=\"3\">Nhi\u1ec7t \u0111\u1ed9 m\u00f4i tr\u01b0\u1eddng xung quanh<\/td>\n<td class=\"specTable-clm-4\">-40 \u0111\u1ebfn +50 \u00b0C<\/td>\n<\/tr>\n<tr class=\"specTable-row\">\n<td class=\"specTable-clm-0\" colspan=\"4\">Kh\u1ed1i l\u01b0\u1ee3ng<\/td>\n<td class=\"specTable-clm-4\">X\u1ea5p x\u1ec9 7 g<\/td>\n<\/tr>\n<\/tbody>\n<\/table>\n<\/div>\n<h2 class=\"title-product item_name\">C\u1ea3m bi\u1ebfn quang Keyence FU-35TZ<\/h2>\n<h3>1. C\u1ea3m bi\u1ebfn quang\u00a0FU-35TZ:<\/h3>\n<table class=\"specTable-stibo-3282397\">\n<tbody>\n<tr class=\"specTable-row\">\n<td class=\"specTable-clm-0\" colspan=\"4\">\n<div>M\u1eabu<\/div>\n<\/td>\n<td class=\"specTable-clm-4\">\n<div>FU-35TZ<\/div>\n<\/td>\n<\/tr>\n<tr class=\"specTable-row\">\n<td class=\"specTable-clm-0\" colspan=\"4\">\n<div>K\u00edch th\u01b0\u1edbc<\/div>\n<\/td>\n<td class=\"specTable-clm-4\">\n<div>M3<\/div>\n<\/td>\n<\/tr>\n<tr class=\"specTable-row\">\n<td class=\"specTable-clm-0\" colspan=\"4\">\n<div>S\u1eafp x\u1ebfp d\u00f2<\/div>\n<\/td>\n<td class=\"specTable-clm-4\">\n<div>\u0111\u1ed3ng tr\u1ee5c<\/div>\n<\/td>\n<\/tr>\n<tr class=\"specTable-row\">\n<td class=\"specTable-clm-0\" colspan=\"4\">\n<div>Chi\u1ec1u d\u00e0i b\u1ed9 thi\u1ebft b\u1ecb s\u1ee3i<\/div>\n<\/td>\n<td class=\"specTable-clm-4\">\n<div>1 m C\u00f3 kh\u1ea3 n\u0103ng c\u1eaft cao<\/div>\n<\/td>\n<\/tr>\n<tr class=\"specTable-row\">\n<td class=\"specTable-clm-0\" colspan=\"4\">\n<div>H\u00ecnh d\u1ea1ng<\/div>\n<\/td>\n<td class=\"specTable-clm-4\">\n<div>M\u1eabu d\u1ea1ng ren<\/div>\n<\/td>\n<\/tr>\n<tr class=\"specTable-row\">\n<td class=\"specTable-clm-0\">\n<div>Kh\u1ea3 n\u0103ng ch\u1ed1ng ch\u1ecbu v\u1edbi m\u00f4i tr\u01b0\u1eddng<\/div>\n<\/td>\n<td class=\"specTable-clm-1\" colspan=\"3\">\n<div>Nhi\u1ec7t \u0111\u1ed9 m\u00f4i tr\u01b0\u1eddng xung quanh<\/div>\n<\/td>\n<td class=\"specTable-clm-4\">\n<div>-40 \u0111\u1ebfn +50 \u00b0C<\/div>\n<\/td>\n<\/tr>\n<tr class=\"specTable-row\">\n<td class=\"specTable-clm-0\" colspan=\"4\">\n<div>Kh\u1ed1i l\u01b0\u1ee3ng<\/div>\n<\/td>\n<td class=\"specTable-clm-4\">\n<div>X\u1ea5p x\u1ec9 7 g<\/div>\n<\/td>\n<\/tr>\n<\/tbody>\n<\/table>\n<h3>2. C\u00e1c m\u00e3 h\u00e0ng t\u01b0\u01a1ng \u0111\u01b0\u01a1ng C\u1ea3m bi\u1ebfn quang\u00a0FU-35TZ:<\/h3>\n<table border=\"0\" cellspacing=\"0\" cellpadding=\"0\">\n<tbody>\n<tr>\n<td class=\"xl435\" height=\"19\">FU-10<\/td>\n<\/tr>\n<tr>\n<td class=\"xl435\" height=\"19\">FU-11<\/td>\n<\/tr>\n<tr>\n<td class=\"xl435\" height=\"19\">FU-12<\/td>\n<\/tr>\n<tr>\n<td class=\"xl435\" height=\"19\">FU-13<\/td>\n<\/tr>\n<tr>\n<td class=\"xl435\" height=\"19\">FU-15<\/td>\n<\/tr>\n<tr>\n<td class=\"xl435\" height=\"19\">FU-16<\/td>\n<\/tr>\n<tr>\n<td class=\"xl435\" height=\"19\">FU-16Z<\/td>\n<\/tr>\n<tr>\n<td class=\"xl435\" height=\"19\">FU-18<\/td>\n<\/tr>\n<tr>\n<td class=\"xl435\" height=\"19\">FU-18M<\/td>\n<\/tr>\n<tr>\n<td class=\"xl435\" height=\"19\">FU-20<\/td>\n<\/tr>\n<tr>\n<td class=\"xl435\" height=\"19\">FU-21X<\/td>\n<\/tr>\n<tr>\n<td class=\"xl435\" height=\"19\">FU-22X<\/td>\n<\/tr>\n<tr>\n<td class=\"xl435\" height=\"19\">FU-23X<\/td>\n<\/tr>\n<tr>\n<td class=\"xl435\" height=\"19\">FU-24X<\/td>\n<\/tr>\n<tr>\n<td class=\"xl435\" height=\"19\">FU-25<\/td>\n<\/tr>\n<tr>\n<td class=\"xl435\" height=\"19\">FU-31<\/td>\n<\/tr>\n<tr>\n<td class=\"xl435\" height=\"19\">FU-32<\/td>\n<\/tr>\n<tr>\n<td class=\"xl435\" height=\"19\">FU-33<\/td>\n<\/tr>\n<tr>\n<td class=\"xl435\" height=\"19\">FU-34<\/td>\n<\/tr>\n<tr>\n<td class=\"xl435\" height=\"19\">FU-35FA<\/td>\n<\/tr>\n<tr>\n<td class=\"xl435\" height=\"19\">FU-35FG<\/td>\n<\/tr>\n<tr>\n<td class=\"xl435\" height=\"19\">FU-35FZ<\/td>\n<\/tr>\n<tr>\n<td class=\"xl435\" height=\"19\">FU-35TG<\/td>\n<\/tr>\n<tr>\n<td class=\"xl435\" height=\"19\">FU-35TZ<\/td>\n<\/tr>\n<tr>\n<td class=\"xl435\" height=\"19\">FU-37<\/td>\n<\/tr>\n<tr>\n<td class=\"xl435\" height=\"19\">FU-38<\/td>\n<\/tr>\n<tr>\n<td class=\"xl435\" height=\"19\">FU-38H<\/td>\n<\/tr>\n<tr>\n<td class=\"xl435\" height=\"19\">FU-38K<\/td>\n<\/tr>\n<tr>\n<td class=\"xl435\" height=\"19\">FU-38L<\/td>\n<\/tr>\n<tr>\n<td class=\"xl435\" height=\"19\">FU-38LK<\/td>\n<\/tr>\n<tr>\n<td class=\"xl435\" height=\"19\">FU-38R<\/td>\n<\/tr>\n<tr>\n<td class=\"xl435\" height=\"19\">FU-38S<\/td>\n<\/tr>\n<tr>\n<td class=\"xl435\" height=\"19\">FU-38V<\/td>\n<\/tr>\n<tr>\n<td class=\"xl435\" height=\"19\">FU-40<\/td>\n<\/tr>\n<tr>\n<td class=\"xl435\" height=\"19\">FU-40G<\/td>\n<\/tr>\n<tr>\n<td class=\"xl435\" height=\"19\">FU-40S<\/td>\n<\/tr>\n<tr>\n<td class=\"xl435\" height=\"19\">FU-41TZ<\/td>\n<\/tr>\n<tr>\n<td class=\"xl435\" height=\"19\">FU-42<\/td>\n<\/tr>\n<tr>\n<td class=\"xl435\" height=\"19\">FU-42TZ<\/td>\n<\/tr>\n<tr>\n<td class=\"xl435\" height=\"19\">FU-43<\/td>\n<\/tr>\n<tr>\n<td class=\"xl435\" height=\"19\">FU-43TZ<\/td>\n<\/tr>\n<tr>\n<td class=\"xl435\" height=\"19\">FU-44TZ<\/td>\n<\/tr>\n<tr>\n<td class=\"xl435\" height=\"19\">FU-45X<\/td>\n<\/tr>\n<tr>\n<td class=\"xl435\" height=\"19\">FU-46<\/td>\n<\/tr>\n<tr>\n<td class=\"xl435\" height=\"19\">FU-47TZ<\/td>\n<\/tr>\n<tr>\n<td class=\"xl435\" height=\"19\">FU-48<\/td>\n<\/tr>\n<tr>\n<td class=\"xl435\" height=\"19\">FU-48U<\/td>\n<\/tr>\n<tr>\n<td class=\"xl435\" height=\"19\">FU-49U<\/td>\n<\/tr>\n<tr>\n<td class=\"xl435\" height=\"19\">FU-49X<\/td>\n<\/tr>\n<tr>\n<td class=\"xl435\" height=\"19\">FU-4F<\/td>\n<\/tr>\n<tr>\n<td class=\"xl435\" height=\"19\">FU-4FZ<\/td>\n<\/tr>\n<tr>\n<td class=\"xl435\" height=\"19\">FU-50<\/td>\n<\/tr>\n<tr>\n<td class=\"xl435\" height=\"19\">FU-51TZ<\/td>\n<\/tr>\n<tr>\n<td class=\"xl435\" height=\"19\">FU-52TZ<\/td>\n<\/tr>\n<tr>\n<td class=\"xl435\" height=\"19\">FU-53TZ<\/td>\n<\/tr>\n<tr>\n<td class=\"xl435\" height=\"19\">FU-54TZ<\/td>\n<\/tr>\n<tr>\n<td class=\"xl435\" height=\"19\">FU-55<\/td>\n<\/tr>\n<tr>\n<td class=\"xl435\" height=\"19\">FU-56<\/td>\n<\/tr>\n<tr>\n<td class=\"xl435\" height=\"19\">FU-56TZ<\/td>\n<\/tr>\n<tr>\n<td class=\"xl435\" height=\"19\">FU-57TE<\/td>\n<\/tr>\n<tr>\n<td class=\"xl435\" height=\"19\">FU-57TZ<\/td>\n<\/tr>\n<tr>\n<td class=\"xl435\" height=\"19\">FU-58<\/td>\n<\/tr>\n<tr>\n<td class=\"xl435\" height=\"19\">FU-58U<\/td>\n<\/tr>\n<tr>\n<td class=\"xl435\" height=\"19\">FU-59<\/td>\n<\/tr>\n<tr>\n<td class=\"xl435\" height=\"19\">FU-59U<\/td>\n<\/tr>\n<tr>\n<td class=\"xl435\" height=\"19\">FU-5F<\/td>\n<\/tr>\n<tr>\n<td class=\"xl435\" height=\"19\">FU-5FZ<\/td>\n<\/tr>\n<tr>\n<td class=\"xl435\" height=\"19\">FU-61<\/td>\n<\/tr>\n<tr>\n<td class=\"xl435\" height=\"19\">FU-61Z<\/td>\n<\/tr>\n<tr>\n<td class=\"xl435\" height=\"19\">FU-63<\/td>\n<\/tr>\n<tr>\n<td class=\"xl435\" height=\"19\">FU-63Z<\/td>\n<\/tr>\n<tr>\n<td class=\"xl435\" height=\"19\">FU-65X<\/td>\n<\/tr>\n<tr>\n<td class=\"xl435\" height=\"19\">FU-66<\/td>\n<\/tr>\n<tr>\n<td class=\"xl435\" height=\"19\">FU-66TZ<\/td>\n<\/tr>\n<tr>\n<td class=\"xl435\" height=\"19\">FU-66Z<\/td>\n<\/tr>\n<tr>\n<td class=\"xl435\" height=\"19\">FU-67<\/td>\n<\/tr>\n<tr>\n<td class=\"xl435\" height=\"19\">FU-67G<\/td>\n<\/tr>\n<tr>\n<td class=\"xl435\" height=\"19\">FU-67TG<\/td>\n<\/tr>\n<tr>\n<td class=\"xl435\" height=\"19\">FU-67TZ<\/td>\n<\/tr>\n<tr>\n<td class=\"xl435\" height=\"19\">FU-67V<\/td>\n<\/tr>\n<tr>\n<td class=\"xl435\" height=\"19\">FU-68<\/td>\n<\/tr>\n<tr>\n<td class=\"xl435\" height=\"19\">FU-69U<\/td>\n<\/tr>\n<tr>\n<td class=\"xl435\" height=\"19\">FU-69X<\/td>\n<\/tr>\n<tr>\n<td class=\"xl435\" height=\"19\">FU-6F<\/td>\n<\/tr>\n<tr>\n<td class=\"xl435\" height=\"19\">FU-70TU<\/td>\n<\/tr>\n<tr>\n<td class=\"xl435\" height=\"19\">FU-70TZ<\/td>\n<\/tr>\n<tr>\n<td class=\"xl435\" height=\"19\">FU-70U<\/td>\n<\/tr>\n<tr>\n<td class=\"xl435\" height=\"19\">FU-71<\/td>\n<\/tr>\n<tr>\n<td class=\"xl435\" height=\"19\">FU-71Z<\/td>\n<\/tr>\n<tr>\n<td class=\"xl435\" height=\"19\">FU-73<\/td>\n<\/tr>\n<tr>\n<td class=\"xl435\" height=\"19\">FU-75F<\/td>\n<\/tr>\n<tr>\n<td class=\"xl435\" height=\"19\">FU-76F<\/td>\n<\/tr>\n<tr>\n<td class=\"xl435\" height=\"19\">FU-77<\/td>\n<\/tr>\n<\/tbody>\n<\/table>\n<\/div>\n<\/div>\n<p>&nbsp;<\/p>\n<p>\u0110\u1ea1i l\u00fd KEYENCE vietnam, KEYENCE viet nam, KEYENCE vietnam distributor, Ph\u00e2n ph\u1ed1i KEYENCE t\u1ea1i vi\u1ec7t nam<\/p>\n<p>\u0110\u1ea1i l\u00fd KEYENCE vietnam, KEYENCE viet nam, KEYENCE vietnam distributor, Ph\u00e2n ph\u1ed1i KEYENCE t\u1ea1i vi\u1ec7t nam<\/p>\n<p>\u0110\u1ea1i l\u00fd KEYENCE vietnam, KEYENCE viet nam, KEYENCE vietnam distributor, Ph\u00e2n ph\u1ed1i KEYENCE t\u1ea1i vi\u1ec7t nam<\/p>\n<p>\u0110\u1ea1i l\u00fd KEYENCE vietnam, KEYENCE viet nam, KEYENCE vietnam distributor, Ph\u00e2n ph\u1ed1i KEYENCE t\u1ea1i vi\u1ec7t nam<\/p>\n<p>\u0110\u1ea1i l\u00fd KEYENCE vietnam, KEYENCE viet nam, KEYENCE vietnam distributor, Ph\u00e2n ph\u1ed1i KEYENCE t\u1ea1i vi\u1ec7t nam<\/p>\n","protected":false},"excerpt":{"rendered":"<p>KEYENCE FU-35TZ Thi\u1ebft b\u1ecb s\u1ee3i quang ph\u1ea3n x\u1ea1 Th\u00f4ng s\u1ed1 k\u1ef9 thu\u1eadt M\u1eabu FU-35TZ K\u00edch th\u01b0\u1edbc M3 S\u1eafp x\u1ebfp d\u00f2 \u0111\u1ed3ng tr\u1ee5c Chi\u1ec1u d\u00e0i b\u1ed9 thi\u1ebft b\u1ecb s\u1ee3i 1 m C\u00f3 kh\u1ea3 n\u0103ng c\u1eaft cao \u0110\u01b0\u1eddng k\u00ednh thi\u1ebft b\u1ecb s\u1ee3i quang \u00f81.3\u00d72 H\u00ecnh d\u1ea1ng M\u1eabu d\u1ea1ng ren Kh\u1ea3 n\u0103ng ch\u1ed1ng&hellip; <\/p>\n","protected":false},"featured_media":859,"comment_status":"open","ping_status":"closed","template":"","meta":{"om_disable_all_campaigns":false,"_monsterinsights_skip_tracking":false,"_monsterinsights_sitenote_active":false,"_monsterinsights_sitenote_note":"","_monsterinsights_sitenote_category":0},"product_cat":[15],"product_tag":[88,114,113],"class_list":{"0":"post-858","1":"product","2":"type-product","3":"status-publish","4":"has-post-thumbnail","6":"product_cat-apex","7":"product_tag-cam-bien","8":"product_tag-dai-ly-keyence-viet-nam","9":"product_tag-keyence-viet-nam","11":"first","12":"instock","13":"shipping-taxable","14":"product-type-simple"},"aioseo_notices":[],"yoast_head":"<!-- This site is optimized with the Yoast SEO plugin v22.8 - https:\/\/yoast.com\/wordpress\/plugins\/seo\/ -->\n<title>KEYENCE FU-35TZ - OMANI VI\u1ec6T NAM<\/title>\n<meta name=\"description\" content=\"KEYENCE FU-35TZ Reflective Fiber Unit\" \/>\n<meta name=\"robots\" content=\"index, follow, max-snippet:-1, max-image-preview:large, max-video-preview:-1\" \/>\n<link rel=\"canonical\" href=\"https:\/\/sipin.com.vn\/index.php\/product\/keyence-fu-35tz\/\" \/>\n<meta property=\"og:locale\" content=\"vi_VN\" \/>\n<meta property=\"og:type\" content=\"article\" \/>\n<meta property=\"og:title\" content=\"KEYENCE FU-35TZ - OMANI VI\u1ec6T NAM\" \/>\n<meta property=\"og:description\" content=\"KEYENCE FU-35TZ Reflective Fiber Unit\" \/>\n<meta property=\"og:url\" content=\"https:\/\/sipin.com.vn\/index.php\/product\/keyence-fu-35tz\/\" \/>\n<meta property=\"og:site_name\" content=\"OMANI VI\u1ec6T NAM\" \/>\n<meta property=\"article:modified_time\" content=\"2025-03-16T12:54:15+00:00\" \/>\n<meta property=\"og:image\" content=\"https:\/\/sipin.com.vn\/wp-content\/uploads\/2024\/06\/FU-35TZ.png\" \/>\n\t<meta property=\"og:image:width\" content=\"1133\" \/>\n\t<meta property=\"og:image:height\" content=\"826\" \/>\n\t<meta property=\"og:image:type\" content=\"image\/png\" \/>\n<meta name=\"twitter:card\" content=\"summary_large_image\" \/>\n<meta name=\"twitter:label1\" content=\"\u01af\u1edbc t\u00ednh th\u1eddi gian \u0111\u1ecdc\" \/>\n\t<meta name=\"twitter:data1\" content=\"2 ph\u00fat\" \/>\n<script type=\"application\/ld+json\" class=\"yoast-schema-graph\">{\"@context\":\"https:\/\/schema.org\",\"@graph\":[{\"@type\":\"WebPage\",\"@id\":\"https:\/\/sipin.com.vn\/index.php\/product\/keyence-fu-35tz\/\",\"url\":\"https:\/\/sipin.com.vn\/index.php\/product\/keyence-fu-35tz\/\",\"name\":\"KEYENCE FU-35TZ - OMANI VI\u1ec6T NAM\",\"isPartOf\":{\"@id\":\"https:\/\/sipin.com.vn\/#website\"},\"primaryImageOfPage\":{\"@id\":\"https:\/\/sipin.com.vn\/index.php\/product\/keyence-fu-35tz\/#primaryimage\"},\"image\":{\"@id\":\"https:\/\/sipin.com.vn\/index.php\/product\/keyence-fu-35tz\/#primaryimage\"},\"thumbnailUrl\":\"https:\/\/sipin.com.vn\/wp-content\/uploads\/2024\/06\/FU-35TZ.png\",\"datePublished\":\"2024-06-26T21:27:49+00:00\",\"dateModified\":\"2025-03-16T12:54:15+00:00\",\"description\":\"KEYENCE FU-35TZ Reflective Fiber Unit\",\"breadcrumb\":{\"@id\":\"https:\/\/sipin.com.vn\/index.php\/product\/keyence-fu-35tz\/#breadcrumb\"},\"inLanguage\":\"vi\",\"potentialAction\":[{\"@type\":\"ReadAction\",\"target\":[\"https:\/\/sipin.com.vn\/index.php\/product\/keyence-fu-35tz\/\"]}]},{\"@type\":\"ImageObject\",\"inLanguage\":\"vi\",\"@id\":\"https:\/\/sipin.com.vn\/index.php\/product\/keyence-fu-35tz\/#primaryimage\",\"url\":\"https:\/\/sipin.com.vn\/wp-content\/uploads\/2024\/06\/FU-35TZ.png\",\"contentUrl\":\"https:\/\/sipin.com.vn\/wp-content\/uploads\/2024\/06\/FU-35TZ.png\",\"width\":1133,\"height\":826},{\"@type\":\"BreadcrumbList\",\"@id\":\"https:\/\/sipin.com.vn\/index.php\/product\/keyence-fu-35tz\/#breadcrumb\",\"itemListElement\":[{\"@type\":\"ListItem\",\"position\":1,\"name\":\"Home\",\"item\":\"https:\/\/sipin.com.vn\/\"},{\"@type\":\"ListItem\",\"position\":2,\"name\":\"S\u1ea2N PH\u1ea8M\",\"item\":\"https:\/\/sipin.com.vn\/index.php\/cua-hang\/\"},{\"@type\":\"ListItem\",\"position\":3,\"name\":\"KEYENCE FU-35TZ\"}]},{\"@type\":\"WebSite\",\"@id\":\"https:\/\/sipin.com.vn\/#website\",\"url\":\"https:\/\/sipin.com.vn\/\",\"name\":\"OMANI VI\u1ec6T NAM\",\"description\":\"Nh\u00e0 ph\u00e2n ph\u1ed1i thi\u1ebft b\u1ecb kh\u00ed n\u00e9n v\u00e0 thi\u1ebft b\u1ecb t\u1ef1 \u0111\u1ed9ng h\u00f3a trong c\u00f4ng nghi\u1ec7p\",\"publisher\":{\"@id\":\"https:\/\/sipin.com.vn\/#\/schema\/person\/0ad398a980dc3fd696111c2c5c8fa897\"},\"potentialAction\":[{\"@type\":\"SearchAction\",\"target\":{\"@type\":\"EntryPoint\",\"urlTemplate\":\"https:\/\/sipin.com.vn\/?s={search_term_string}\"},\"query-input\":\"required name=search_term_string\"}],\"inLanguage\":\"vi\"},{\"@type\":[\"Person\",\"Organization\"],\"@id\":\"https:\/\/sipin.com.vn\/#\/schema\/person\/0ad398a980dc3fd696111c2c5c8fa897\",\"name\":\"Nguy\u1ec5n V\u0103n Kh\u00e1nh\",\"image\":{\"@type\":\"ImageObject\",\"inLanguage\":\"vi\",\"@id\":\"https:\/\/sipin.com.vn\/#\/schema\/person\/image\/\",\"url\":\"https:\/\/sipin.com.vn\/wp-content\/uploads\/2024\/06\/logo-1024x1024.png\",\"contentUrl\":\"https:\/\/sipin.com.vn\/wp-content\/uploads\/2024\/06\/logo-1024x1024.png\",\"width\":1024,\"height\":1024,\"caption\":\"Nguy\u1ec5n V\u0103n Kh\u00e1nh\"},\"logo\":{\"@id\":\"https:\/\/sipin.com.vn\/#\/schema\/person\/image\/\"},\"sameAs\":[\"https:\/\/sipin.com.vn\"]}]}<\/script>\n<!-- \/ Yoast SEO plugin. -->","yoast_head_json":{"title":"KEYENCE FU-35TZ - OMANI VI\u1ec6T NAM","description":"KEYENCE FU-35TZ Reflective Fiber Unit","robots":{"index":"index","follow":"follow","max-snippet":"max-snippet:-1","max-image-preview":"max-image-preview:large","max-video-preview":"max-video-preview:-1"},"canonical":"https:\/\/sipin.com.vn\/index.php\/product\/keyence-fu-35tz\/","og_locale":"vi_VN","og_type":"article","og_title":"KEYENCE FU-35TZ - OMANI VI\u1ec6T NAM","og_description":"KEYENCE FU-35TZ Reflective Fiber Unit","og_url":"https:\/\/sipin.com.vn\/index.php\/product\/keyence-fu-35tz\/","og_site_name":"OMANI VI\u1ec6T NAM","article_modified_time":"2025-03-16T12:54:15+00:00","og_image":[{"width":1133,"height":826,"url":"https:\/\/sipin.com.vn\/wp-content\/uploads\/2024\/06\/FU-35TZ.png","type":"image\/png"}],"twitter_card":"summary_large_image","twitter_misc":{"\u01af\u1edbc t\u00ednh th\u1eddi gian \u0111\u1ecdc":"2 ph\u00fat"},"schema":{"@context":"https:\/\/schema.org","@graph":[{"@type":"WebPage","@id":"https:\/\/sipin.com.vn\/index.php\/product\/keyence-fu-35tz\/","url":"https:\/\/sipin.com.vn\/index.php\/product\/keyence-fu-35tz\/","name":"KEYENCE FU-35TZ - OMANI VI\u1ec6T NAM","isPartOf":{"@id":"https:\/\/sipin.com.vn\/#website"},"primaryImageOfPage":{"@id":"https:\/\/sipin.com.vn\/index.php\/product\/keyence-fu-35tz\/#primaryimage"},"image":{"@id":"https:\/\/sipin.com.vn\/index.php\/product\/keyence-fu-35tz\/#primaryimage"},"thumbnailUrl":"https:\/\/sipin.com.vn\/wp-content\/uploads\/2024\/06\/FU-35TZ.png","datePublished":"2024-06-26T21:27:49+00:00","dateModified":"2025-03-16T12:54:15+00:00","description":"KEYENCE FU-35TZ Reflective Fiber Unit","breadcrumb":{"@id":"https:\/\/sipin.com.vn\/index.php\/product\/keyence-fu-35tz\/#breadcrumb"},"inLanguage":"vi","potentialAction":[{"@type":"ReadAction","target":["https:\/\/sipin.com.vn\/index.php\/product\/keyence-fu-35tz\/"]}]},{"@type":"ImageObject","inLanguage":"vi","@id":"https:\/\/sipin.com.vn\/index.php\/product\/keyence-fu-35tz\/#primaryimage","url":"https:\/\/sipin.com.vn\/wp-content\/uploads\/2024\/06\/FU-35TZ.png","contentUrl":"https:\/\/sipin.com.vn\/wp-content\/uploads\/2024\/06\/FU-35TZ.png","width":1133,"height":826},{"@type":"BreadcrumbList","@id":"https:\/\/sipin.com.vn\/index.php\/product\/keyence-fu-35tz\/#breadcrumb","itemListElement":[{"@type":"ListItem","position":1,"name":"Home","item":"https:\/\/sipin.com.vn\/"},{"@type":"ListItem","position":2,"name":"S\u1ea2N PH\u1ea8M","item":"https:\/\/sipin.com.vn\/index.php\/cua-hang\/"},{"@type":"ListItem","position":3,"name":"KEYENCE FU-35TZ"}]},{"@type":"WebSite","@id":"https:\/\/sipin.com.vn\/#website","url":"https:\/\/sipin.com.vn\/","name":"OMANI VI\u1ec6T NAM","description":"Nh\u00e0 ph\u00e2n ph\u1ed1i thi\u1ebft b\u1ecb kh\u00ed n\u00e9n v\u00e0 thi\u1ebft b\u1ecb t\u1ef1 \u0111\u1ed9ng h\u00f3a trong c\u00f4ng nghi\u1ec7p","publisher":{"@id":"https:\/\/sipin.com.vn\/#\/schema\/person\/0ad398a980dc3fd696111c2c5c8fa897"},"potentialAction":[{"@type":"SearchAction","target":{"@type":"EntryPoint","urlTemplate":"https:\/\/sipin.com.vn\/?s={search_term_string}"},"query-input":"required name=search_term_string"}],"inLanguage":"vi"},{"@type":["Person","Organization"],"@id":"https:\/\/sipin.com.vn\/#\/schema\/person\/0ad398a980dc3fd696111c2c5c8fa897","name":"Nguy\u1ec5n V\u0103n Kh\u00e1nh","image":{"@type":"ImageObject","inLanguage":"vi","@id":"https:\/\/sipin.com.vn\/#\/schema\/person\/image\/","url":"https:\/\/sipin.com.vn\/wp-content\/uploads\/2024\/06\/logo-1024x1024.png","contentUrl":"https:\/\/sipin.com.vn\/wp-content\/uploads\/2024\/06\/logo-1024x1024.png","width":1024,"height":1024,"caption":"Nguy\u1ec5n V\u0103n Kh\u00e1nh"},"logo":{"@id":"https:\/\/sipin.com.vn\/#\/schema\/person\/image\/"},"sameAs":["https:\/\/sipin.com.vn"]}]}},"_links":{"self":[{"href":"https:\/\/sipin.com.vn\/index.php\/wp-json\/wp\/v2\/product\/858","targetHints":{"allow":["GET"]}}],"collection":[{"href":"https:\/\/sipin.com.vn\/index.php\/wp-json\/wp\/v2\/product"}],"about":[{"href":"https:\/\/sipin.com.vn\/index.php\/wp-json\/wp\/v2\/types\/product"}],"replies":[{"embeddable":true,"href":"https:\/\/sipin.com.vn\/index.php\/wp-json\/wp\/v2\/comments?post=858"}],"wp:featuredmedia":[{"embeddable":true,"href":"https:\/\/sipin.com.vn\/index.php\/wp-json\/wp\/v2\/media\/859"}],"wp:attachment":[{"href":"https:\/\/sipin.com.vn\/index.php\/wp-json\/wp\/v2\/media?parent=858"}],"wp:term":[{"taxonomy":"product_cat","embeddable":true,"href":"https:\/\/sipin.com.vn\/index.php\/wp-json\/wp\/v2\/product_cat?post=858"},{"taxonomy":"product_tag","embeddable":true,"href":"https:\/\/sipin.com.vn\/index.php\/wp-json\/wp\/v2\/product_tag?post=858"}],"curies":[{"name":"wp","href":"https:\/\/api.w.org\/{rel}","templated":true}]}}