{"id":854,"date":"2024-06-26T21:35:59","date_gmt":"2024-06-26T14:35:59","guid":{"rendered":"https:\/\/omanivietnam.com\/?post_type=product&#038;p=854"},"modified":"2024-08-16T22:30:28","modified_gmt":"2024-08-16T15:30:28","slug":"proface-pfxgp4301tadw","status":"publish","type":"product","link":"https:\/\/sipin.com.vn\/index.php\/product\/proface-pfxgp4301tadw\/","title":{"rendered":"PROFACE PFXGP4301TADW"},"content":{"rendered":"<p>PROFACE PFXGP4301TADW<\/p>\n<p class=\"product-description\">The Pro-face PFXGP4301TADW is a touch panel HMI that features a 5.7-inch TFT color display with a resolution of 320 x 240 pixels (QVGA). The input voltage for this touchscreen HMI is 24VDC. It may also be identified by the Global Code GP-4301TW.<\/p>\n<div id=\"widget-product-specs\" class=\"widget widget-product-specs\" data-settings=\"{&quot;isEnabled&quot;:true,&quot;partNumber&quot;:&quot;PFXGP4301TADW&quot;,&quot;specs&quot;:{&quot;0&quot;:{&quot;spec&quot;:&quot;Software Version&quot;,&quot;stat&quot;:&quot;GP-Pro EX&quot;},&quot;1&quot;:{&quot;spec&quot;:&quot;Series&quot;,&quot;stat&quot;:&quot;GP4000 Series&quot;},&quot;2&quot;:{&quot;spec&quot;:&quot;Part\\\/Model Number&quot;,&quot;stat&quot;:&quot;PFXGP4301TADW&quot;},&quot;3&quot;:{&quot;spec&quot;:&quot;Manufacturer&quot;,&quot;stat&quot;:&quot;Pro-face&quot;},&quot;4&quot;:{&quot;spec&quot;:&quot;Input Voltage&quot;,&quot;stat&quot;:&quot;24VDC&quot;},&quot;5&quot;:{&quot;spec&quot;:&quot;Global Code&quot;,&quot;stat&quot;:&quot;GP-4301TW&quot;},&quot;6&quot;:{&quot;spec&quot;:&quot;Features&quot;,&quot;stat&quot;:&quot;RS-232C and RS-422\\\/RS-485&quot;},&quot;7&quot;:{&quot;spec&quot;:&quot;Display Type&quot;,&quot;stat&quot;:&quot;TFT Type Color LCD&quot;},&quot;8&quot;:{&quot;spec&quot;:&quot;Display Color&quot;,&quot;stat&quot;:&quot;Over 60,000 Colors&quot;},&quot;9&quot;:{&quot;spec&quot;:&quot;Country of Origin&quot;,&quot;stat&quot;:&quot;Designed in Japan, Made in Indonesia (or China)&quot;}}}\">\n<div class=\"content\">\n<p class=\"description-headings-2\">PFXGP4301TADW Technical Specifications<\/p>\n<table>\n<tbody>\n<tr>\n<td>Software Version<\/td>\n<td>GP-Pro EX<\/td>\n<\/tr>\n<tr>\n<td>Series<\/td>\n<td>GP4000 Series<\/td>\n<\/tr>\n<tr>\n<td>Part\/Model Number<\/td>\n<td>PFXGP4301TADW<\/td>\n<\/tr>\n<tr>\n<td>Manufacturer<\/td>\n<td>Pro-face<\/td>\n<\/tr>\n<tr>\n<td>Input Voltage<\/td>\n<td>24VDC<\/td>\n<\/tr>\n<tr>\n<td>Global Code<\/td>\n<td>GP-4301TW<\/td>\n<\/tr>\n<tr>\n<td>Features<\/td>\n<td>RS-232C and RS-422\/RS-485<\/td>\n<\/tr>\n<tr>\n<td>Display Type<\/td>\n<td>TFT Type Color LCD<\/td>\n<\/tr>\n<tr>\n<td>Display Color<\/td>\n<td>Over 60,000 Colors<\/td>\n<\/tr>\n<tr>\n<td>Country of Origin<\/td>\n<td>Designed in Japan, Made in Indonesia (or China)<\/td>\n<\/tr>\n<\/tbody>\n<\/table>\n<\/div>\n<\/div>\n<div id=\"widget-product-content\" class=\"widget widget-product-content\" data-settings=\"{&quot;isEnabled&quot;:true,&quot;partNumber&quot;:&quot;PFXGP4301TADW&quot;,&quot;content&quot;:&quot;\\u003Cp\\u003E\\u003Cstrong\\u003EThe PFXGP4301TADW is a GP-4000 series human-machine interface (HMI) from Pro-face\\u003C\\\/strong\\u003E. The PFXGP4301TADW is also denoted as GP-4031TW in certain Pro-face documentation.\\u003C\\\/p\\u003E\\r\\n\\r\\n\\u003Cp\\u003E\\u003Cstrong\\u003EThe PFXGP4301TADW is a 5.7 inch TFT Color LCD display with a screen resolution of 320 x 240 pixels (QVGA.)\\u003C\\\/strong\\u003E.The effective display area of this unit is 4.54 inches wide and 3.40 inches high. The associated analog resistive touch panel has a resolution of 1024 x 1024 with a lifetime touch service life of one million or more. The unit is backlit by a white LED and offers eight levels of brightness control adjustable through software. The display offers a palette of up to 65,536 colors.\\u0026nbsp;\\u003C\\\/p\\u003E\\r\\n\\r\\n\\u003Cp\\u003EThe PFXGP4301TADW unit can display multiple language fonts including English, Korean, Chinese, and Japanese. The standard font size can be expanded up to eight times width and height. \\u0026nbsp;\\u003C\\\/p\\u003E\\r\\n\\r\\n\\u003Cp\\u003EThe PFXGP4301TADW is built with 8 MB of application memory and 132 KB of additional logic program area. The unit also had 128 KB of SRAM and a rechargeable lithium battery for backup memory. \\u0026nbsp;\\u003C\\\/p\\u003E\\r\\n\\r\\n\\u003Cp\\u003EInterfaces on this unit include two serial COM ports, an Ethernet port, and two USB ports. The unit does not include an SD card slot.\\u0026nbsp;\\u003C\\\/p\\u003E\\r\\n\\r\\n\\u003Cp\\u003EThe PFXGP4301TADW has a rated input voltage of 24 VDC with an in-rush current of 30 A or less. The unit is designed for use in areas free from corrosive gases where the air temperature remains between 0 to 50 degrees Celsius in ambient humidity of 10 to 90%, non-condensing.\\u0026nbsp;\\u003C\\\/p\\u003E\\r\\n\\r\\n\\u003Cp\\u003EAdditional details about the PFXGP4301TADW HMI can be found through Pro-face data sheets, user guides, and manuals.\\u0026nbsp;\\u003Cbr \\\/\\u003E\\r\\n\\u0026nbsp;\\u003C\\\/p\\u003E&quot;}\">\n<div class=\"content product-page-description\">\n<h2 class=\"description-headings-2\">Product Description<\/h2>\n<p><strong>The PFXGP4301TADW is a GP-4000 series human-machine interface (HMI) from Pro-face<\/strong>. The PFXGP4301TADW is also denoted as GP-4031TW in certain Pro-face documentation.<\/p>\n<p><strong>The PFXGP4301TADW is a 5.7 inch TFT Color LCD display with a screen resolution of 320 x 240 pixels (QVGA.)<\/strong>.The effective display area of this unit is 4.54 inches wide and 3.40 inches high. The associated analog resistive touch panel has a resolution of 1024 x 1024 with a lifetime touch service life of one million or more. The unit is backlit by a white LED and offers eight levels of brightness control adjustable through software. The display offers a palette of up to 65,536 colors.<\/p>\n<p>The PFXGP4301TADW unit can display multiple language fonts including English, Korean, Chinese, and Japanese. The standard font size can be expanded up to eight times width and height.<\/p>\n<p>The PFXGP4301TADW is built with 8 MB of application memory and 132 KB of additional logic program area. The unit also had 128 KB of SRAM and a rechargeable lithium battery for backup memory.<\/p>\n<p>Interfaces on this unit include two serial COM ports, an Ethernet port, and two USB ports. The unit does not include an SD card slot.<\/p>\n<p>The PFXGP4301TADW has a rated input voltage of 24 VDC with an in-rush current of 30 A or less. The unit is designed for use in areas free from corrosive gases where the air temperature remains between 0 to 50 degrees Celsius in ambient humidity of 10 to 90%, non-condensing.<\/p>\n<p>Additional details about the PFXGP4301TADW HMI can be found through Pro-face data sheets, user guides, and manuals.<\/p>\n<p><img decoding=\"async\" src=\"https:\/\/daco.vn\/images\/san-pham\/Proface\/GP4000_Series\/GP-4300\/GP430xT.jpg\" alt=\"PFXGP4301TADW (GP-4301TADW) (GP4301TADW) \u2013 M\u00c0N H\u00ccNH C\u1ea2M \u1ee8NG HMI PROFACE 5.7 INCH, M\u00c0N H\u00ccNH M\u00c0U\" \/><\/p>\n<\/div>\n<h4><strong>1. \u0110\u1eb6C \u0110I\u1ec2M CHUNG HMI PROFACE GP4301TADW<\/strong><\/h4>\n<ul>\n<li><strong>M\u00e0n H\u00ecnh C\u1ea3m \u1ee8ng HMI Proface\u00a0<\/strong><strong>PFXGP4301TADW<\/strong>\u00a0c\u00f3 k\u00edch th\u01b0\u1edbc 5.7 inch, m\u00e0n h\u00ecnh m\u00e0u r\u00f5 n\u00e9t. \u0110\u01b0\u1ee3c s\u1eed d\u1ee5ng trong h\u1ea7u h\u1ebft c\u00e1c khu c\u00f4ng nghi\u1ec7p, nh\u00e0 m\u00e1y l\u1edbn tr\u00ean c\u1ea3 n\u01b0\u1edbc, \u0111\u1ea3m b\u1ea3o qu\u00e1 tr\u00ecnh v\u1eadn h\u00e0nh, s\u1ea3n xu\u1ea5t \u0111\u1ea1t hi\u1ec7u su\u1ea5t cao. Hi\u1ec3n th\u1ecb \u0111\u1ea7y \u0111\u1ee7 th\u00f4ng tin c\u1ea7n thi\u1ebft v\u00e0 ra l\u1ec7nh \u0111i\u1ec1u khi\u1ec3n m\u00e1y m\u00f3c th\u00f4ng qua PLC m\u1ed9t c\u00e1ch nhanh ch\u00f3ng v\u00e0 ch\u00ednh x\u00e1c.<\/li>\n<li>Thi\u1ebft b\u1ecb m\u00e0n hinh c\u1ea3m \u1ee9ng\u00a0<strong>HMI Proface GP4301TW<\/strong>\u00a0\u0111ang l\u00e0 s\u1ef1 l\u1ef1 ch\u1ecdn c\u1ee7a r\u1ea5t nhi\u1ec1u kh\u00e1ch h\u00e0ng, h\u1ed7 tr\u1ee3 c\u1ed5ng k\u1ebft n\u1ed1i\u00a0RS422\/485 t\u0103ng kh\u1ea3 n\u0103ng ch\u1ed1ng nhi\u1ec5u, ho\u1ea1t d\u1ed9ng b\u00ean b\u1ec9 trong c\u00e1c \u0111i\u1ec1u khi\u1ec7n th\u1eddi ti\u1ebft ph\u1ee9c t\u1ea1p, nh\u1ea5t l\u00e0 c\u00e1c ng\u00e0nh d\u1ea7u kh\u00ed, h\u00e0ng h\u1ea3i, t\u00e0u bi\u1ec3n, ng\u00e0nh \u0111\u01b0\u1eddng s\u1eaft\u2026<\/li>\n<\/ul>\n<h4><strong>2.\u00a0<\/strong><strong>TH\u00d4NG S\u1ed0 K\u1ef8 THU\u1eacT CH\u1ee8C N\u0102NG M\u00c0N H\u00ccNH C\u1ea2M \u1ee8NG HMI PROFACE\u00a0<\/strong><strong>GP-4301TADW,<\/strong>\u00a0<strong>5.7 INCH, M\u00c0N H\u00ccNH M\u00c0U<\/strong><\/h4>\n<table border=\"1\" width=\"100%\">\n<tbody>\n<tr>\n<td><em><strong>Ngu\u1ed3n cung c\u1ea5p<\/strong><\/em><\/td>\n<td><em>\u00a024VDC<\/em><\/td>\n<\/tr>\n<tr>\n<td><strong>Lo\u1ea1i LCD<\/strong><\/td>\n<td><em>\u00a0TFT m\u00e0u LCD<\/em><\/td>\n<\/tr>\n<tr>\n<td><strong>K\u00edch th\u01b0\u1edbc m\u00e0n h\u00ecnh<\/strong><\/td>\n<td>\u00a05.7\u2033<\/td>\n<\/tr>\n<tr>\n<td><strong>\u0110\u1ed9 ph\u00e2n gi\u1ea3i<\/strong><\/td>\n<td>\u00a0640 \u00d7 480 pixel (VAG)<\/td>\n<\/tr>\n<tr>\n<td><strong>M\u00e0u s\u1eafc hi\u1ec3n th\u1ecb<\/strong><\/td>\n<td><strong>65.536 M\u00e0u (Kh\u00f4ng nh\u1ea5p nh\u00e1y) \/ 16.384 M\u00e0u (Ch\u1edbp m\u1eaft)<\/strong><\/td>\n<\/tr>\n<tr>\n<td><strong>Lo\u1ea1i c\u1ea3m \u1ee9ng<\/strong><\/td>\n<td>Analog<\/td>\n<\/tr>\n<tr>\n<td><strong>B\u1ed9 nh\u1edb \u1ee9ng d\u1ee5ng \u00a0<\/strong><\/td>\n<td><strong>\u00a0FLASH EPROM 8 MB<\/strong><\/td>\n<\/tr>\n<tr>\n<td><strong>RAM<\/strong><\/td>\n<td><strong>\u00a0132kb SRAM<\/strong><\/td>\n<\/tr>\n<tr>\n<td><strong>COM1<\/strong><\/td>\n<td><strong>\u00a0D-Sub 9 pin RS232C<\/strong><\/td>\n<\/tr>\n<tr>\n<td><strong>COM2 \u00a0<\/strong><\/td>\n<td><strong>\u00a0D-Sub 9 pin RS422 \/ 485<\/strong><\/td>\n<\/tr>\n<tr>\n<td><strong>Ethernet<\/strong><\/td>\n<td><strong>\u00a0100BASE-T \/ 100BASE-TX<\/strong><\/td>\n<\/tr>\n<tr>\n<td><strong>USB<\/strong><\/td>\n<td><strong>\u00a0Lo\u1ea1i A, Lo\u1ea1i mini-B<\/strong><\/td>\n<\/tr>\n<tr>\n<td><strong>Th\u1ebb SD<\/strong><\/td>\n<td>\u00a0C\u00f3<\/td>\n<\/tr>\n<tr>\n<td><strong>Video<\/strong><\/td>\n<td>\u00a0Kh\u00f4ng<\/td>\n<\/tr>\n<tr>\n<td><strong>M\u1edf r\u1ed9ng m\u00f4-\u0111un<\/strong><\/td>\n<td>Kh\u00f4ng<\/td>\n<\/tr>\n<tr>\n<td><strong>Audio<\/strong><\/td>\n<td>\u00a0Kh\u00f4ng<\/td>\n<\/tr>\n<tr>\n<td><strong>C\u00e1p c\u00e0i \u0111\u1eb7t<\/strong><\/td>\n<td>\u00a0USB mini<\/td>\n<\/tr>\n<tr>\n<td><strong>Ph\u1ea7n m\u1ec1m c\u00e0i \u0111\u1eb7t<\/strong><\/td>\n<td><strong>\u00a0GP ProEX<\/strong><\/td>\n<\/tr>\n<tr>\n<td><strong>Ti\u00eau chu\u1ea9n<\/strong><\/td>\n<td><strong>CE, CSA, UL \u0111\u01b0\u1ee3c li\u1ec7t k\u00ea C1D2, RoHS, ABS, DNV, ATEX<\/strong><\/td>\n<\/tr>\n<\/tbody>\n<\/table>\n<\/div>\n<p>\u0110\u1ea1i l\u00fd PROFACE vietnam, PROFACE viet nam, PROFACE vietnam distributor, Ph\u00e2n ph\u1ed1i PROFACE t\u1ea1i vi\u1ec7t nam<\/p>\n<p>\u0110\u1ea1i l\u00fd PROFACE vietnam, PROFACE viet nam, PROFACE vietnam distributor, Ph\u00e2n ph\u1ed1i PROFACE t\u1ea1i vi\u1ec7t nam<\/p>\n<p>\u0110\u1ea1i l\u00fd PROFACE vietnam, PROFACE viet nam, PROFACE vietnam distributor, Ph\u00e2n ph\u1ed1i PROFACE t\u1ea1i vi\u1ec7t nam<\/p>\n<p>\u0110\u1ea1i l\u00fd PROFACE vietnam, PROFACE viet nam, PROFACE vietnam distributor, Ph\u00e2n ph\u1ed1i PROFACE t\u1ea1i vi\u1ec7t nam<\/p>\n<p>\u0110\u1ea1i l\u00fd PROFACE vietnam, PROFACE viet nam, PROFACE vietnam distributor, Ph\u00e2n ph\u1ed1i PROFACE t\u1ea1i vi\u1ec7t nam<\/p>\n","protected":false},"excerpt":{"rendered":"<p>PROFACE PFXGP4301TADW The Pro-face PFXGP4301TADW is a touch panel HMI that features a 5.7-inch TFT color display with a resolution of 320 x 240 pixels (QVGA). The input voltage for this touchscreen HMI is 24VDC. It may also be identified by the Global Code GP-4301TW. PFXGP4301TADW Technical Specifications Software Version&hellip; <\/p>\n","protected":false},"featured_media":855,"comment_status":"open","ping_status":"closed","template":"","meta":{"om_disable_all_campaigns":false,"_monsterinsights_skip_tracking":false,"_monsterinsights_sitenote_active":false,"_monsterinsights_sitenote_note":"","_monsterinsights_sitenote_category":0},"product_cat":[15],"product_tag":[233,212,232],"class_list":{"0":"post-854","1":"product","2":"type-product","3":"status-publish","4":"has-post-thumbnail","6":"product_cat-apex","7":"product_tag-dai-ly-proface-viet-nam","8":"product_tag-man-hinh","9":"product_tag-proface-viet-nam","11":"first","12":"instock","13":"shipping-taxable","14":"product-type-simple"},"aioseo_notices":[],"yoast_head":"<!-- This site is optimized with the Yoast SEO plugin v22.8 - https:\/\/yoast.com\/wordpress\/plugins\/seo\/ -->\n<title>PROFACE PFXGP4301TADW - OMANI VI\u1ec6T NAM<\/title>\n<meta name=\"description\" content=\"PFXGP4301TADW (GP-4301TADW) (GP4301TADW) \u2013 M\u00c0N H\u00ccNH C\u1ea2M \u1ee8NG HMI PROFACE 5.7 INCH, M\u00c0N H\u00ccNH M\u00c0U\" \/>\n<meta name=\"robots\" content=\"index, follow, max-snippet:-1, max-image-preview:large, max-video-preview:-1\" \/>\n<link rel=\"canonical\" href=\"https:\/\/sipin.com.vn\/index.php\/product\/proface-pfxgp4301tadw\/\" \/>\n<meta property=\"og:locale\" content=\"vi_VN\" \/>\n<meta property=\"og:type\" content=\"article\" \/>\n<meta property=\"og:title\" content=\"PROFACE PFXGP4301TADW - OMANI VI\u1ec6T NAM\" \/>\n<meta property=\"og:description\" content=\"PFXGP4301TADW (GP-4301TADW) (GP4301TADW) \u2013 M\u00c0N H\u00ccNH C\u1ea2M \u1ee8NG HMI PROFACE 5.7 INCH, M\u00c0N H\u00ccNH M\u00c0U\" \/>\n<meta property=\"og:url\" content=\"https:\/\/sipin.com.vn\/index.php\/product\/proface-pfxgp4301tadw\/\" \/>\n<meta property=\"og:site_name\" content=\"OMANI VI\u1ec6T NAM\" \/>\n<meta property=\"article:modified_time\" content=\"2024-08-16T15:30:28+00:00\" \/>\n<meta property=\"og:image\" content=\"https:\/\/sipin.com.vn\/wp-content\/uploads\/2024\/06\/PFXGP4301TADW.png\" \/>\n\t<meta property=\"og:image:width\" content=\"573\" \/>\n\t<meta property=\"og:image:height\" content=\"464\" \/>\n\t<meta property=\"og:image:type\" content=\"image\/png\" \/>\n<meta name=\"twitter:card\" content=\"summary_large_image\" \/>\n<meta name=\"twitter:label1\" content=\"\u01af\u1edbc t\u00ednh th\u1eddi gian \u0111\u1ecdc\" \/>\n\t<meta name=\"twitter:data1\" content=\"5 ph\u00fat\" \/>\n<script type=\"application\/ld+json\" class=\"yoast-schema-graph\">{\"@context\":\"https:\/\/schema.org\",\"@graph\":[{\"@type\":\"WebPage\",\"@id\":\"https:\/\/sipin.com.vn\/index.php\/product\/proface-pfxgp4301tadw\/\",\"url\":\"https:\/\/sipin.com.vn\/index.php\/product\/proface-pfxgp4301tadw\/\",\"name\":\"PROFACE PFXGP4301TADW - OMANI VI\u1ec6T NAM\",\"isPartOf\":{\"@id\":\"https:\/\/sipin.com.vn\/#website\"},\"primaryImageOfPage\":{\"@id\":\"https:\/\/sipin.com.vn\/index.php\/product\/proface-pfxgp4301tadw\/#primaryimage\"},\"image\":{\"@id\":\"https:\/\/sipin.com.vn\/index.php\/product\/proface-pfxgp4301tadw\/#primaryimage\"},\"thumbnailUrl\":\"https:\/\/sipin.com.vn\/wp-content\/uploads\/2024\/06\/PFXGP4301TADW.png\",\"datePublished\":\"2024-06-26T14:35:59+00:00\",\"dateModified\":\"2024-08-16T15:30:28+00:00\",\"description\":\"PFXGP4301TADW (GP-4301TADW) (GP4301TADW) \u2013 M\u00c0N H\u00ccNH C\u1ea2M \u1ee8NG HMI PROFACE 5.7 INCH, M\u00c0N H\u00ccNH M\u00c0U\",\"breadcrumb\":{\"@id\":\"https:\/\/sipin.com.vn\/index.php\/product\/proface-pfxgp4301tadw\/#breadcrumb\"},\"inLanguage\":\"vi\",\"potentialAction\":[{\"@type\":\"ReadAction\",\"target\":[\"https:\/\/sipin.com.vn\/index.php\/product\/proface-pfxgp4301tadw\/\"]}]},{\"@type\":\"ImageObject\",\"inLanguage\":\"vi\",\"@id\":\"https:\/\/sipin.com.vn\/index.php\/product\/proface-pfxgp4301tadw\/#primaryimage\",\"url\":\"https:\/\/sipin.com.vn\/wp-content\/uploads\/2024\/06\/PFXGP4301TADW.png\",\"contentUrl\":\"https:\/\/sipin.com.vn\/wp-content\/uploads\/2024\/06\/PFXGP4301TADW.png\",\"width\":573,\"height\":464},{\"@type\":\"BreadcrumbList\",\"@id\":\"https:\/\/sipin.com.vn\/index.php\/product\/proface-pfxgp4301tadw\/#breadcrumb\",\"itemListElement\":[{\"@type\":\"ListItem\",\"position\":1,\"name\":\"Home\",\"item\":\"https:\/\/sipin.com.vn\/\"},{\"@type\":\"ListItem\",\"position\":2,\"name\":\"S\u1ea2N PH\u1ea8M\",\"item\":\"https:\/\/sipin.com.vn\/index.php\/cua-hang\/\"},{\"@type\":\"ListItem\",\"position\":3,\"name\":\"PROFACE PFXGP4301TADW\"}]},{\"@type\":\"WebSite\",\"@id\":\"https:\/\/sipin.com.vn\/#website\",\"url\":\"https:\/\/sipin.com.vn\/\",\"name\":\"OMANI VI\u1ec6T NAM\",\"description\":\"Nh\u00e0 ph\u00e2n ph\u1ed1i thi\u1ebft b\u1ecb kh\u00ed n\u00e9n v\u00e0 thi\u1ebft b\u1ecb t\u1ef1 \u0111\u1ed9ng h\u00f3a trong c\u00f4ng nghi\u1ec7p\",\"publisher\":{\"@id\":\"https:\/\/sipin.com.vn\/#\/schema\/person\/0ad398a980dc3fd696111c2c5c8fa897\"},\"potentialAction\":[{\"@type\":\"SearchAction\",\"target\":{\"@type\":\"EntryPoint\",\"urlTemplate\":\"https:\/\/sipin.com.vn\/?s={search_term_string}\"},\"query-input\":\"required name=search_term_string\"}],\"inLanguage\":\"vi\"},{\"@type\":[\"Person\",\"Organization\"],\"@id\":\"https:\/\/sipin.com.vn\/#\/schema\/person\/0ad398a980dc3fd696111c2c5c8fa897\",\"name\":\"Nguy\u1ec5n V\u0103n Kh\u00e1nh\",\"image\":{\"@type\":\"ImageObject\",\"inLanguage\":\"vi\",\"@id\":\"https:\/\/sipin.com.vn\/#\/schema\/person\/image\/\",\"url\":\"https:\/\/sipin.com.vn\/wp-content\/uploads\/2024\/06\/logo-1024x1024.png\",\"contentUrl\":\"https:\/\/sipin.com.vn\/wp-content\/uploads\/2024\/06\/logo-1024x1024.png\",\"width\":1024,\"height\":1024,\"caption\":\"Nguy\u1ec5n V\u0103n Kh\u00e1nh\"},\"logo\":{\"@id\":\"https:\/\/sipin.com.vn\/#\/schema\/person\/image\/\"},\"sameAs\":[\"https:\/\/sipin.com.vn\"]}]}<\/script>\n<!-- \/ Yoast SEO plugin. -->","yoast_head_json":{"title":"PROFACE PFXGP4301TADW - OMANI VI\u1ec6T NAM","description":"PFXGP4301TADW (GP-4301TADW) (GP4301TADW) \u2013 M\u00c0N H\u00ccNH C\u1ea2M \u1ee8NG HMI PROFACE 5.7 INCH, M\u00c0N H\u00ccNH M\u00c0U","robots":{"index":"index","follow":"follow","max-snippet":"max-snippet:-1","max-image-preview":"max-image-preview:large","max-video-preview":"max-video-preview:-1"},"canonical":"https:\/\/sipin.com.vn\/index.php\/product\/proface-pfxgp4301tadw\/","og_locale":"vi_VN","og_type":"article","og_title":"PROFACE PFXGP4301TADW - OMANI VI\u1ec6T NAM","og_description":"PFXGP4301TADW (GP-4301TADW) (GP4301TADW) \u2013 M\u00c0N H\u00ccNH C\u1ea2M \u1ee8NG HMI PROFACE 5.7 INCH, M\u00c0N H\u00ccNH M\u00c0U","og_url":"https:\/\/sipin.com.vn\/index.php\/product\/proface-pfxgp4301tadw\/","og_site_name":"OMANI VI\u1ec6T NAM","article_modified_time":"2024-08-16T15:30:28+00:00","og_image":[{"width":573,"height":464,"url":"https:\/\/sipin.com.vn\/wp-content\/uploads\/2024\/06\/PFXGP4301TADW.png","type":"image\/png"}],"twitter_card":"summary_large_image","twitter_misc":{"\u01af\u1edbc t\u00ednh th\u1eddi gian \u0111\u1ecdc":"5 ph\u00fat"},"schema":{"@context":"https:\/\/schema.org","@graph":[{"@type":"WebPage","@id":"https:\/\/sipin.com.vn\/index.php\/product\/proface-pfxgp4301tadw\/","url":"https:\/\/sipin.com.vn\/index.php\/product\/proface-pfxgp4301tadw\/","name":"PROFACE PFXGP4301TADW - OMANI VI\u1ec6T NAM","isPartOf":{"@id":"https:\/\/sipin.com.vn\/#website"},"primaryImageOfPage":{"@id":"https:\/\/sipin.com.vn\/index.php\/product\/proface-pfxgp4301tadw\/#primaryimage"},"image":{"@id":"https:\/\/sipin.com.vn\/index.php\/product\/proface-pfxgp4301tadw\/#primaryimage"},"thumbnailUrl":"https:\/\/sipin.com.vn\/wp-content\/uploads\/2024\/06\/PFXGP4301TADW.png","datePublished":"2024-06-26T14:35:59+00:00","dateModified":"2024-08-16T15:30:28+00:00","description":"PFXGP4301TADW (GP-4301TADW) (GP4301TADW) \u2013 M\u00c0N H\u00ccNH C\u1ea2M \u1ee8NG HMI PROFACE 5.7 INCH, M\u00c0N H\u00ccNH M\u00c0U","breadcrumb":{"@id":"https:\/\/sipin.com.vn\/index.php\/product\/proface-pfxgp4301tadw\/#breadcrumb"},"inLanguage":"vi","potentialAction":[{"@type":"ReadAction","target":["https:\/\/sipin.com.vn\/index.php\/product\/proface-pfxgp4301tadw\/"]}]},{"@type":"ImageObject","inLanguage":"vi","@id":"https:\/\/sipin.com.vn\/index.php\/product\/proface-pfxgp4301tadw\/#primaryimage","url":"https:\/\/sipin.com.vn\/wp-content\/uploads\/2024\/06\/PFXGP4301TADW.png","contentUrl":"https:\/\/sipin.com.vn\/wp-content\/uploads\/2024\/06\/PFXGP4301TADW.png","width":573,"height":464},{"@type":"BreadcrumbList","@id":"https:\/\/sipin.com.vn\/index.php\/product\/proface-pfxgp4301tadw\/#breadcrumb","itemListElement":[{"@type":"ListItem","position":1,"name":"Home","item":"https:\/\/sipin.com.vn\/"},{"@type":"ListItem","position":2,"name":"S\u1ea2N PH\u1ea8M","item":"https:\/\/sipin.com.vn\/index.php\/cua-hang\/"},{"@type":"ListItem","position":3,"name":"PROFACE PFXGP4301TADW"}]},{"@type":"WebSite","@id":"https:\/\/sipin.com.vn\/#website","url":"https:\/\/sipin.com.vn\/","name":"OMANI VI\u1ec6T NAM","description":"Nh\u00e0 ph\u00e2n ph\u1ed1i thi\u1ebft b\u1ecb kh\u00ed n\u00e9n v\u00e0 thi\u1ebft b\u1ecb t\u1ef1 \u0111\u1ed9ng h\u00f3a trong c\u00f4ng nghi\u1ec7p","publisher":{"@id":"https:\/\/sipin.com.vn\/#\/schema\/person\/0ad398a980dc3fd696111c2c5c8fa897"},"potentialAction":[{"@type":"SearchAction","target":{"@type":"EntryPoint","urlTemplate":"https:\/\/sipin.com.vn\/?s={search_term_string}"},"query-input":"required name=search_term_string"}],"inLanguage":"vi"},{"@type":["Person","Organization"],"@id":"https:\/\/sipin.com.vn\/#\/schema\/person\/0ad398a980dc3fd696111c2c5c8fa897","name":"Nguy\u1ec5n V\u0103n Kh\u00e1nh","image":{"@type":"ImageObject","inLanguage":"vi","@id":"https:\/\/sipin.com.vn\/#\/schema\/person\/image\/","url":"https:\/\/sipin.com.vn\/wp-content\/uploads\/2024\/06\/logo-1024x1024.png","contentUrl":"https:\/\/sipin.com.vn\/wp-content\/uploads\/2024\/06\/logo-1024x1024.png","width":1024,"height":1024,"caption":"Nguy\u1ec5n V\u0103n Kh\u00e1nh"},"logo":{"@id":"https:\/\/sipin.com.vn\/#\/schema\/person\/image\/"},"sameAs":["https:\/\/sipin.com.vn"]}]}},"_links":{"self":[{"href":"https:\/\/sipin.com.vn\/index.php\/wp-json\/wp\/v2\/product\/854","targetHints":{"allow":["GET"]}}],"collection":[{"href":"https:\/\/sipin.com.vn\/index.php\/wp-json\/wp\/v2\/product"}],"about":[{"href":"https:\/\/sipin.com.vn\/index.php\/wp-json\/wp\/v2\/types\/product"}],"replies":[{"embeddable":true,"href":"https:\/\/sipin.com.vn\/index.php\/wp-json\/wp\/v2\/comments?post=854"}],"wp:featuredmedia":[{"embeddable":true,"href":"https:\/\/sipin.com.vn\/index.php\/wp-json\/wp\/v2\/media\/855"}],"wp:attachment":[{"href":"https:\/\/sipin.com.vn\/index.php\/wp-json\/wp\/v2\/media?parent=854"}],"wp:term":[{"taxonomy":"product_cat","embeddable":true,"href":"https:\/\/sipin.com.vn\/index.php\/wp-json\/wp\/v2\/product_cat?post=854"},{"taxonomy":"product_tag","embeddable":true,"href":"https:\/\/sipin.com.vn\/index.php\/wp-json\/wp\/v2\/product_tag?post=854"}],"curies":[{"name":"wp","href":"https:\/\/api.w.org\/{rel}","templated":true}]}}