{"id":845,"date":"2024-06-26T05:11:37","date_gmt":"2024-06-25T22:11:37","guid":{"rendered":"https:\/\/omanivietnam.com\/?post_type=product&#038;p=845"},"modified":"2024-08-25T06:05:57","modified_gmt":"2024-08-24T23:05:57","slug":"maxcess-se-31","status":"publish","type":"product","link":"https:\/\/sipin.com.vn\/index.php\/product\/maxcess-se-31\/","title":{"rendered":"MAXCESS SE-31"},"content":{"rendered":"<p>MAXCESS SE-31 P\/N 69767-002C<\/p>\n<p class=\"LC20lb MBeuO DKV0Md\">MAXCESS FIFE SE-37 \/ SE-31 \/ FIFE SIE44<\/p>\n<div>\n<p>C\u00e1c c\u1ea3m bi\u1ebfn SE-44 s\u1eed d\u1ee5ng s\u00f3ng si\u00eau \u00e2m \u0111\u1ec3 ph\u00e1t hi\u1ec7n c\u00e1c c\u1ea1nh web. Tr\u1ecdng l\u01b0\u1ee3ng c\u1ee7a n\u00f3 nh\u1eb9, k\u00edch th\u01b0\u1edbc nh\u1ecf, v\u00e0 s\u1ef1 v\u00f4 c\u1ea3m v\u1edbi \u00e1nh s\u00e1ng m\u00f4i tr\u01b0\u1eddng xung quanh l\u00e0m cho n\u00f3 l\u00fd t\u01b0\u1edfng cho h\u1ea7u h\u1ebft c\u00e1c \u1ee9ng d\u1ee5ng h\u01b0\u1edbng d\u1eabn web<\/p>\n<\/div>\n<div>\n<p>Fife SE-31 Th\u1ed1ng bi\u1ebfn si\u00eau \u00e2m<\/p>\n<\/div>\n<div>\n<p>SE-31-IS bi\u1ebfn si\u00eau \u00e2m \u0111\u01b0\u1ee3c thi\u1ebft k\u1ebf \u0111\u1eb7c bi\u1ec7t \u0111\u1ec3 th\u1ef1c hi\u1ec7n t\u1ea1i c\u00e1c \u0111\u1ecba \u0111i\u1ec3m nguy hi\u1ec3m, lo\u1ea1i I, Division 1, Nh\u00f3m C &amp; D. L\u00fd t\u01b0\u1edfng cho c\u00e1c h\u01b0\u1edbng d\u1eabn m\u00e0ng m\u1ecfng ho\u1eb7c r\u00f5 r\u00e0ng, c\u0169ng nh\u01b0 m\u1ea1ng nh\u1ec7n \u0111\u1ee5c nh\u1ea5t, b\u1ed9 c\u1ea3m bi\u1ebfn n\u00e0y l\u00e0 ho\u00e0n to\u00e0n \u0111\u01b0\u1ee3c ch\u1ee9ng nh\u1eadn theo UL , cUL (M\u1ef9 v\u00e0 Canada), v\u00e0 CENELEC (Ch\u00e2u \u00c2u)<\/p>\n<\/div>\n<div>\n<p>&nbsp;<\/p>\n<\/div>\n<div>\n<p>SE-37\u00a0 bi\u1ebfn si\u00eau \u00e2m<\/p>\n<\/div>\n<div>\n<p>Nhi\u1ec7t \u0111\u1ed9 \u1ed5n \u0111\u1ecbnh, c\u1ea3m bi\u1ebfn n\u00e0y l\u00e0 l\u00fd t\u01b0\u1edfng cho c\u00e1c h\u01b0\u1edbng d\u1eabn c\u1ea3 hai b\u1ed9 phim r\u00f5 r\u00e0ng v\u00e0 s\u00fac \u0111\u1ee5c nh\u1ea5t. B\u1edfi v\u00ec c\u00e1c SE-37 l\u00e0 kh\u00f4ng b\u1ecb \u1ea3nh h\u01b0\u1edfng b\u1edfi bi\u1ebfn \u0111\u1ed5i quang hay \u00e1nh s\u00e1ng m\u00f4i tr\u01b0\u1eddng xung quanh, n\u00f3 gi\u00fap lo\u1ea1i b\u1ecf s\u1ef1 c\u1ea7n thi\u1ebft cho nhi\u1ec1u c\u1ea3m bi\u1ebfn, k\u1ebft qu\u1ea3 trong th\u1eddi gian ch\u1ebft gi\u1ea3m v\u00e0 t\u0103ng n\u0103ng su\u1ea5t.<\/p>\n<\/div>\n<div>\n<p>Fife TruWide SE-45 bi\u1ebfn si\u00eau \u00e2m<\/p>\n<\/div>\n<div>\n<p>SE-44<\/p>\n<\/div>\n<div>\n<p>v\u1eadt li\u1ec7u \u0111\u00f2i h\u1ecfi, nhi\u1ec1u webs v\u00e0 bi\u1ebfn r\u1ed9ng web l\u00e0 d\u1ec5 d\u00e0ng \u0111\u1ec3 ki\u1ec3m so\u00e1t khi b\u1ea1n c\u00f3 c\u1ea3m bi\u1ebfn ph\u00f9 h\u1ee3p v\u1edbi c\u00f4ng vi\u1ec7c. Trong nhi\u1ec1u n\u0103m qua, Fife \u0111\u00e3 chuy\u1ec3n giao m\u1ed9t gia \u0111\u00ecnh \u0111\u1ea7y \u0111\u1ee7 b\u1ec1n, c\u1ea3m bi\u1ebfn \u0111\u00e1ng tin c\u1eady \u0111\u1ec3 duy tr\u00ec s\u1ef1 li\u00ean k\u1ebft web khi b\u1ea1n c\u1ea7n n\u00f3 nh\u1ea5t<\/p>\n<p><strong>MAXCESS MAGPOWR<\/strong><br \/>\n\u2013 MAGPOWR Tension Control<br \/>\n\u2013 MAGPOWR Cygnus Tension Control<br \/>\n\u2013 MAGPOWR TS Load Cells<br \/>\n\u2013 MAGPOWR Global Load Cells<br \/>\n\u2013 MAGPOWR CL Cantilevered Load Cells<br \/>\n\u2013 MAGPOWR TSU Under Pillow Block Load Cells<br \/>\n\u2013 MAGPOWR Low Tension Load Cells<br \/>\n\u2013 MAGPOWR Load Cell Amplifiers<br \/>\n\u2013 MAGPOWR Intrinsically Safe Load Cell Amplifier<br \/>\n\u2013 MAGPOWR Digital Tension Readout<br \/>\n\u2013 MAGPOWR Analog Tension Readout<br \/>\n\u2013 MAGPOWR Digital Tension Meter<br \/>\n\u2013 MAGPOWR TS Load Cells<\/p>\n<p>C\u00e1c s\u1ea3n ph\u1ea9m FIFE Viet Nam distributor<br \/>\nFIFE Guiding and Inspection<br \/>\n\u2013 Fife TruWide SE-45 Ultrasonic Sensor<br \/>\n\u2013 Fife SE-46 Digital Line Guide Sensor<br \/>\nC\u00e1c s\u1ea3n ph\u1ea9m TIDLAND Viet Nam distributor<br \/>\nTIDLAND Slitting and Winding<br \/>\n\u2013 Tidland GX Ultra Lightweight Air Shaft<br \/>\n\u2013 G890 External Element Shaft<\/p>\n<p>C\u00e1c s\u1ea3n ph\u1ea9m FIFE Viet Nam distributor<br \/>\n\u2013 FIFE Guiding and Inspection<br \/>\n\u2013 Fife TruWide SE-45 Ultrasonic Sensor<br \/>\n\u2013 Fife SE-46 Digital Line Guide Sensor<\/p>\n<p>C\u00e1c s\u1ea3n ph\u1ea9m TIDLAND Viet Nam distributor<br \/>\n\u2013 TIDLAND Slitting and Winding<br \/>\n\u2013 Tidland GX Ultra Lightweight Air Shaft<br \/>\n\u2013 G890 External Element Shaft<br \/>\n\u2013 GTSB1000M<br \/>\n\u2013 DSE-17-160<br \/>\n\u2013 DSE-17-300<br \/>\n\u2013 DSE-17-420<\/p>\n<p>Fife SE-11 Infrared Sensor<br \/>\nFife SE-22 Infrared Sensor<br \/>\nFife SE-23 Infrared Sensor<br \/>\nFife SE-30 Edge Averaging Sensor<br \/>\nFife SE-32 High Temperature Fiber Optic Sensor<br \/>\nFife SE-33 Carpet Tuft Fiber Optic Sensor<br \/>\nFife First*Edge SE-38 Digital Sensor<br \/>\nFife SE-42 Infrared Light Sensor<br \/>\nFife H3194-306-05 Eagle Eye<br \/>\nFife SE-31 Mini Ultrasonic Sensor<br \/>\nFife SE-31 Intrinsically Safe Ultrasonic Sensor<br \/>\nFife SE-37 Ultrasonic Sensor<br \/>\nFife SE-44 Ultrasonic Sensor<br \/>\nFife TruWide SE-45 Ultrasonic Sensor<br \/>\nFife SE-46C Digital Line Guide Sensor<br \/>\nFife DAC-005 Camera Sensor<br \/>\nFife SE-26 Line Guide Sensor<br \/>\nFife H3662 Line Scan Sensor<br \/>\nFife SE-15 Visible Light Sensor<br \/>\nSE-20 Wide GAP Sensor<\/p>\n<p>Fife SE-21A Transmitted Light Sensor<br \/>\nFife H3257 LED Light Source<br \/>\nFife DSS Digital Sensing System<br \/>\nFife H3218 Center-Guide Detector<br \/>\nFife SP-5, SP-11, SP-12 Pneumatic Sensor<br \/>\nFife SP-2317, SP-2633 Pneumatic Sensors<br \/>\nFife SP-13, SM-1760 Pneumatic Sensors<br \/>\nFife DAC-005 Camera Sensor<br \/>\nSE-20 Wide GAP Sensor<br \/>\nFife SE-15 Visible Light Sensor<br \/>\nFife SE-21A Transmitted Light Sensor<br \/>\nFife SE-31 Intrinsically Safe Ultrasonic Sensor<br \/>\nFife TruWide SE-45 Ultrasonic Sensor<br \/>\nFife DSE-17 Wide Band Infrared Sensor<br \/>\nFife DAC-005 Camera Sensor<br \/>\nFife Lazer*Wide SE-34 Infrared Sensor<br \/>\nFife SE-11 Infrared Sensor<br \/>\nFife SE-15 Visible Light Sensor<br \/>\nFife DSE-17 Wide Band Infrared Sensor<br \/>\nFife SE-22 Infrared Sensor<br \/>\nFife SE-23 Infrared Sensor<br \/>\nFife SE-31 Mini Ultrasonic Sensor<br \/>\nFife SE-31 Intrinsically Safe Ultrasonic Sensor<br \/>\nFife SE-32 High Temperature Fiber Optic Sensor<br \/>\nFife Lazer*Wide SE-34 Infrared Sensor<br \/>\nFife SE-37 Ultrasonic Sensor<br \/>\nFife SE-42 Infrared Light Sensor<br \/>\nFife TruWide SE-45 Ultrasonic Sensor<br \/>\nFIFE SE-44 M266337<\/p>\n<\/div>\n<p>\u0110\u1ea1i l\u00fd MAXCESS vietnam, MAXCESS viet nam, MAXCESS vietnam distributor, Ph\u00e2n ph\u1ed1i MAXCESS t\u1ea1i vi\u1ec7t nam<\/p>\n<p>\u0110\u1ea1i l\u00fd MAXCESS vietnam, MAXCESS viet nam, MAXCESS vietnam distributor, Ph\u00e2n ph\u1ed1i MAXCESS t\u1ea1i vi\u1ec7t nam<\/p>\n<p>\u0110\u1ea1i l\u00fd MAXCESS vietnam, MAXCESS viet nam, MAXCESS vietnam distributor, Ph\u00e2n ph\u1ed1i MAXCESS t\u1ea1i vi\u1ec7t nam<\/p>\n<p>\u0110\u1ea1i l\u00fd MAXCESS vietnam, MAXCESS viet nam, MAXCESS vietnam distributor, Ph\u00e2n ph\u1ed1i MAXCESS t\u1ea1i vi\u1ec7t nam<\/p>\n<p>\u0110\u1ea1i l\u00fd MAXCESS vietnam, MAXCESS viet nam, MAXCESS vietnam distributor, Ph\u00e2n ph\u1ed1i MAXCESS t\u1ea1i vi\u1ec7t nam<\/p>\n","protected":false},"excerpt":{"rendered":"<p>MAXCESS SE-31 P\/N 69767-002C MAXCESS FIFE SE-37 \/ SE-31 \/ FIFE SIE44 C\u00e1c c\u1ea3m bi\u1ebfn SE-44 s\u1eed d\u1ee5ng s\u00f3ng si\u00eau \u00e2m \u0111\u1ec3 ph\u00e1t hi\u1ec7n c\u00e1c c\u1ea1nh web. Tr\u1ecdng l\u01b0\u1ee3ng c\u1ee7a n\u00f3 nh\u1eb9, k\u00edch th\u01b0\u1edbc nh\u1ecf, v\u00e0 s\u1ef1 v\u00f4 c\u1ea3m v\u1edbi \u00e1nh s\u00e1ng m\u00f4i tr\u01b0\u1eddng xung quanh l\u00e0m cho n\u00f3 l\u00fd&hellip; <\/p>\n","protected":false},"featured_media":846,"comment_status":"open","ping_status":"closed","template":"","meta":{"om_disable_all_campaigns":false,"_monsterinsights_skip_tracking":false,"_monsterinsights_sitenote_active":false,"_monsterinsights_sitenote_note":"","_monsterinsights_sitenote_category":0},"product_cat":[15],"product_tag":[88,223,222],"class_list":{"0":"post-845","1":"product","2":"type-product","3":"status-publish","4":"has-post-thumbnail","6":"product_cat-apex","7":"product_tag-cam-bien","8":"product_tag-dai-ly-maxcess-viet-nam","9":"product_tag-maxcess-viet-nam","11":"first","12":"instock","13":"shipping-taxable","14":"product-type-simple"},"aioseo_notices":[],"yoast_head":"<!-- This site is optimized with the Yoast SEO plugin v22.8 - https:\/\/yoast.com\/wordpress\/plugins\/seo\/ -->\n<title>MAXCESS SE-31 - OMANI VI\u1ec6T NAM<\/title>\n<meta name=\"description\" content=\"MAXCESS FIFE SE-37 \/ SE-31 \/ Fife SE-44 C\u1ea3m bi\u1ebfn\" \/>\n<meta name=\"robots\" content=\"index, follow, max-snippet:-1, max-image-preview:large, max-video-preview:-1\" \/>\n<link rel=\"canonical\" href=\"https:\/\/sipin.com.vn\/index.php\/product\/maxcess-se-31\/\" \/>\n<meta property=\"og:locale\" content=\"vi_VN\" \/>\n<meta property=\"og:type\" content=\"article\" \/>\n<meta property=\"og:title\" content=\"MAXCESS SE-31 - OMANI VI\u1ec6T NAM\" \/>\n<meta property=\"og:description\" content=\"MAXCESS FIFE SE-37 \/ SE-31 \/ Fife SE-44 C\u1ea3m bi\u1ebfn\" \/>\n<meta property=\"og:url\" content=\"https:\/\/sipin.com.vn\/index.php\/product\/maxcess-se-31\/\" \/>\n<meta property=\"og:site_name\" content=\"OMANI VI\u1ec6T NAM\" \/>\n<meta property=\"article:modified_time\" content=\"2024-08-24T23:05:57+00:00\" \/>\n<meta property=\"og:image\" content=\"https:\/\/sipin.com.vn\/wp-content\/uploads\/2024\/06\/SE-31.png\" \/>\n\t<meta property=\"og:image:width\" content=\"833\" \/>\n\t<meta property=\"og:image:height\" content=\"801\" \/>\n\t<meta property=\"og:image:type\" content=\"image\/png\" \/>\n<meta name=\"twitter:card\" content=\"summary_large_image\" \/>\n<meta name=\"twitter:label1\" content=\"\u01af\u1edbc t\u00ednh th\u1eddi gian \u0111\u1ecdc\" \/>\n\t<meta name=\"twitter:data1\" content=\"5 ph\u00fat\" \/>\n<script type=\"application\/ld+json\" class=\"yoast-schema-graph\">{\"@context\":\"https:\/\/schema.org\",\"@graph\":[{\"@type\":\"WebPage\",\"@id\":\"https:\/\/sipin.com.vn\/index.php\/product\/maxcess-se-31\/\",\"url\":\"https:\/\/sipin.com.vn\/index.php\/product\/maxcess-se-31\/\",\"name\":\"MAXCESS SE-31 - OMANI VI\u1ec6T NAM\",\"isPartOf\":{\"@id\":\"https:\/\/sipin.com.vn\/#website\"},\"primaryImageOfPage\":{\"@id\":\"https:\/\/sipin.com.vn\/index.php\/product\/maxcess-se-31\/#primaryimage\"},\"image\":{\"@id\":\"https:\/\/sipin.com.vn\/index.php\/product\/maxcess-se-31\/#primaryimage\"},\"thumbnailUrl\":\"https:\/\/sipin.com.vn\/wp-content\/uploads\/2024\/06\/SE-31.png\",\"datePublished\":\"2024-06-25T22:11:37+00:00\",\"dateModified\":\"2024-08-24T23:05:57+00:00\",\"description\":\"MAXCESS FIFE SE-37 \/ SE-31 \/ Fife SE-44 C\u1ea3m bi\u1ebfn\",\"breadcrumb\":{\"@id\":\"https:\/\/sipin.com.vn\/index.php\/product\/maxcess-se-31\/#breadcrumb\"},\"inLanguage\":\"vi\",\"potentialAction\":[{\"@type\":\"ReadAction\",\"target\":[\"https:\/\/sipin.com.vn\/index.php\/product\/maxcess-se-31\/\"]}]},{\"@type\":\"ImageObject\",\"inLanguage\":\"vi\",\"@id\":\"https:\/\/sipin.com.vn\/index.php\/product\/maxcess-se-31\/#primaryimage\",\"url\":\"https:\/\/sipin.com.vn\/wp-content\/uploads\/2024\/06\/SE-31.png\",\"contentUrl\":\"https:\/\/sipin.com.vn\/wp-content\/uploads\/2024\/06\/SE-31.png\",\"width\":833,\"height\":801},{\"@type\":\"BreadcrumbList\",\"@id\":\"https:\/\/sipin.com.vn\/index.php\/product\/maxcess-se-31\/#breadcrumb\",\"itemListElement\":[{\"@type\":\"ListItem\",\"position\":1,\"name\":\"Home\",\"item\":\"https:\/\/sipin.com.vn\/\"},{\"@type\":\"ListItem\",\"position\":2,\"name\":\"S\u1ea2N PH\u1ea8M\",\"item\":\"https:\/\/sipin.com.vn\/index.php\/cua-hang\/\"},{\"@type\":\"ListItem\",\"position\":3,\"name\":\"MAXCESS SE-31\"}]},{\"@type\":\"WebSite\",\"@id\":\"https:\/\/sipin.com.vn\/#website\",\"url\":\"https:\/\/sipin.com.vn\/\",\"name\":\"OMANI VI\u1ec6T NAM\",\"description\":\"Nh\u00e0 ph\u00e2n ph\u1ed1i thi\u1ebft b\u1ecb kh\u00ed n\u00e9n v\u00e0 thi\u1ebft b\u1ecb t\u1ef1 \u0111\u1ed9ng h\u00f3a trong c\u00f4ng nghi\u1ec7p\",\"publisher\":{\"@id\":\"https:\/\/sipin.com.vn\/#\/schema\/person\/0ad398a980dc3fd696111c2c5c8fa897\"},\"potentialAction\":[{\"@type\":\"SearchAction\",\"target\":{\"@type\":\"EntryPoint\",\"urlTemplate\":\"https:\/\/sipin.com.vn\/?s={search_term_string}\"},\"query-input\":\"required name=search_term_string\"}],\"inLanguage\":\"vi\"},{\"@type\":[\"Person\",\"Organization\"],\"@id\":\"https:\/\/sipin.com.vn\/#\/schema\/person\/0ad398a980dc3fd696111c2c5c8fa897\",\"name\":\"Nguy\u1ec5n V\u0103n Kh\u00e1nh\",\"image\":{\"@type\":\"ImageObject\",\"inLanguage\":\"vi\",\"@id\":\"https:\/\/sipin.com.vn\/#\/schema\/person\/image\/\",\"url\":\"https:\/\/sipin.com.vn\/wp-content\/uploads\/2024\/06\/logo-1024x1024.png\",\"contentUrl\":\"https:\/\/sipin.com.vn\/wp-content\/uploads\/2024\/06\/logo-1024x1024.png\",\"width\":1024,\"height\":1024,\"caption\":\"Nguy\u1ec5n V\u0103n Kh\u00e1nh\"},\"logo\":{\"@id\":\"https:\/\/sipin.com.vn\/#\/schema\/person\/image\/\"},\"sameAs\":[\"https:\/\/sipin.com.vn\"]}]}<\/script>\n<!-- \/ Yoast SEO plugin. -->","yoast_head_json":{"title":"MAXCESS SE-31 - OMANI VI\u1ec6T NAM","description":"MAXCESS FIFE SE-37 \/ SE-31 \/ Fife SE-44 C\u1ea3m bi\u1ebfn","robots":{"index":"index","follow":"follow","max-snippet":"max-snippet:-1","max-image-preview":"max-image-preview:large","max-video-preview":"max-video-preview:-1"},"canonical":"https:\/\/sipin.com.vn\/index.php\/product\/maxcess-se-31\/","og_locale":"vi_VN","og_type":"article","og_title":"MAXCESS SE-31 - OMANI VI\u1ec6T NAM","og_description":"MAXCESS FIFE SE-37 \/ SE-31 \/ Fife SE-44 C\u1ea3m bi\u1ebfn","og_url":"https:\/\/sipin.com.vn\/index.php\/product\/maxcess-se-31\/","og_site_name":"OMANI VI\u1ec6T NAM","article_modified_time":"2024-08-24T23:05:57+00:00","og_image":[{"width":833,"height":801,"url":"https:\/\/sipin.com.vn\/wp-content\/uploads\/2024\/06\/SE-31.png","type":"image\/png"}],"twitter_card":"summary_large_image","twitter_misc":{"\u01af\u1edbc t\u00ednh th\u1eddi gian \u0111\u1ecdc":"5 ph\u00fat"},"schema":{"@context":"https:\/\/schema.org","@graph":[{"@type":"WebPage","@id":"https:\/\/sipin.com.vn\/index.php\/product\/maxcess-se-31\/","url":"https:\/\/sipin.com.vn\/index.php\/product\/maxcess-se-31\/","name":"MAXCESS SE-31 - OMANI VI\u1ec6T NAM","isPartOf":{"@id":"https:\/\/sipin.com.vn\/#website"},"primaryImageOfPage":{"@id":"https:\/\/sipin.com.vn\/index.php\/product\/maxcess-se-31\/#primaryimage"},"image":{"@id":"https:\/\/sipin.com.vn\/index.php\/product\/maxcess-se-31\/#primaryimage"},"thumbnailUrl":"https:\/\/sipin.com.vn\/wp-content\/uploads\/2024\/06\/SE-31.png","datePublished":"2024-06-25T22:11:37+00:00","dateModified":"2024-08-24T23:05:57+00:00","description":"MAXCESS FIFE SE-37 \/ SE-31 \/ Fife SE-44 C\u1ea3m bi\u1ebfn","breadcrumb":{"@id":"https:\/\/sipin.com.vn\/index.php\/product\/maxcess-se-31\/#breadcrumb"},"inLanguage":"vi","potentialAction":[{"@type":"ReadAction","target":["https:\/\/sipin.com.vn\/index.php\/product\/maxcess-se-31\/"]}]},{"@type":"ImageObject","inLanguage":"vi","@id":"https:\/\/sipin.com.vn\/index.php\/product\/maxcess-se-31\/#primaryimage","url":"https:\/\/sipin.com.vn\/wp-content\/uploads\/2024\/06\/SE-31.png","contentUrl":"https:\/\/sipin.com.vn\/wp-content\/uploads\/2024\/06\/SE-31.png","width":833,"height":801},{"@type":"BreadcrumbList","@id":"https:\/\/sipin.com.vn\/index.php\/product\/maxcess-se-31\/#breadcrumb","itemListElement":[{"@type":"ListItem","position":1,"name":"Home","item":"https:\/\/sipin.com.vn\/"},{"@type":"ListItem","position":2,"name":"S\u1ea2N PH\u1ea8M","item":"https:\/\/sipin.com.vn\/index.php\/cua-hang\/"},{"@type":"ListItem","position":3,"name":"MAXCESS SE-31"}]},{"@type":"WebSite","@id":"https:\/\/sipin.com.vn\/#website","url":"https:\/\/sipin.com.vn\/","name":"OMANI VI\u1ec6T NAM","description":"Nh\u00e0 ph\u00e2n ph\u1ed1i thi\u1ebft b\u1ecb kh\u00ed n\u00e9n v\u00e0 thi\u1ebft b\u1ecb t\u1ef1 \u0111\u1ed9ng h\u00f3a trong c\u00f4ng nghi\u1ec7p","publisher":{"@id":"https:\/\/sipin.com.vn\/#\/schema\/person\/0ad398a980dc3fd696111c2c5c8fa897"},"potentialAction":[{"@type":"SearchAction","target":{"@type":"EntryPoint","urlTemplate":"https:\/\/sipin.com.vn\/?s={search_term_string}"},"query-input":"required name=search_term_string"}],"inLanguage":"vi"},{"@type":["Person","Organization"],"@id":"https:\/\/sipin.com.vn\/#\/schema\/person\/0ad398a980dc3fd696111c2c5c8fa897","name":"Nguy\u1ec5n V\u0103n Kh\u00e1nh","image":{"@type":"ImageObject","inLanguage":"vi","@id":"https:\/\/sipin.com.vn\/#\/schema\/person\/image\/","url":"https:\/\/sipin.com.vn\/wp-content\/uploads\/2024\/06\/logo-1024x1024.png","contentUrl":"https:\/\/sipin.com.vn\/wp-content\/uploads\/2024\/06\/logo-1024x1024.png","width":1024,"height":1024,"caption":"Nguy\u1ec5n V\u0103n Kh\u00e1nh"},"logo":{"@id":"https:\/\/sipin.com.vn\/#\/schema\/person\/image\/"},"sameAs":["https:\/\/sipin.com.vn"]}]}},"_links":{"self":[{"href":"https:\/\/sipin.com.vn\/index.php\/wp-json\/wp\/v2\/product\/845","targetHints":{"allow":["GET"]}}],"collection":[{"href":"https:\/\/sipin.com.vn\/index.php\/wp-json\/wp\/v2\/product"}],"about":[{"href":"https:\/\/sipin.com.vn\/index.php\/wp-json\/wp\/v2\/types\/product"}],"replies":[{"embeddable":true,"href":"https:\/\/sipin.com.vn\/index.php\/wp-json\/wp\/v2\/comments?post=845"}],"wp:featuredmedia":[{"embeddable":true,"href":"https:\/\/sipin.com.vn\/index.php\/wp-json\/wp\/v2\/media\/846"}],"wp:attachment":[{"href":"https:\/\/sipin.com.vn\/index.php\/wp-json\/wp\/v2\/media?parent=845"}],"wp:term":[{"taxonomy":"product_cat","embeddable":true,"href":"https:\/\/sipin.com.vn\/index.php\/wp-json\/wp\/v2\/product_cat?post=845"},{"taxonomy":"product_tag","embeddable":true,"href":"https:\/\/sipin.com.vn\/index.php\/wp-json\/wp\/v2\/product_tag?post=845"}],"curies":[{"name":"wp","href":"https:\/\/api.w.org\/{rel}","templated":true}]}}