{"id":843,"date":"2024-06-26T04:59:01","date_gmt":"2024-06-25T21:59:01","guid":{"rendered":"https:\/\/omanivietnam.com\/?post_type=product&#038;p=843"},"modified":"2024-08-29T23:08:05","modified_gmt":"2024-08-29T16:08:05","slug":"panasonic-fx-551-c2","status":"publish","type":"product","link":"https:\/\/sipin.com.vn\/index.php\/product\/panasonic-fx-551-c2\/","title":{"rendered":"PANASONIC FX-551-C2"},"content":{"rendered":"<p>PANASONIC FX-551-C2<\/p>\n<p class=\"title-product item_name\">C\u1ea3m bi\u1ebfn quang Panasonic FX-551-C2<\/p>\n<p>Nh\u1edd c\u00f3 \u201cm\u1ea1ch t\u00edch h\u1ee3p d\u00e0nh ri\u00eang cho \u1ee9ng d\u1ee5ng\u201d (ASIC) m\u1edbi, Panasonic c\u00f3 th\u1ec3 gi\u1ea3i quy\u1ebft c\u00e1c \u1ee9ng d\u1ee5ng b\u1eb1ng c\u1ea3m bi\u1ebfn s\u1ee3i quang m\u00e0 tr\u01b0\u1edbc \u0111\u00e2y kh\u00f4ng th\u1ec3 th\u1ef1c hi\u1ec7n \u0111\u01b0\u1ee3c. FX-500 kh\u00f4ng ch\u1ec9 c\u00f3 th\u1ec3 \u0111\u1ea1t \u0111\u01b0\u1ee3c th\u1eddi gian ph\u1ea3n h\u1ed3i l\u00e0 25\u00b5s trong khi cung c\u1ea5p kh\u1ea3 n\u0103ng ph\u00e1t hi\u1ec7n c\u1ef1c k\u1ef3 ch\u00ednh x\u00e1c, c\u00e1c ch\u1ee9c n\u0103ng logic t\u00edch h\u1ee3p c\u00f2n gi\u00fap b\u1ea1n ti\u1ebft ki\u1ec7m ti\u1ec1n v\u00ec b\u1ed9 \u0111i\u1ec1u khi\u1ec3n b\u00ean ngo\u00e0i kh\u00f4ng c\u00f2n c\u1ea7n thi\u1ebft cho c\u00e1c \u1ee9ng d\u1ee5ng th\u00f4ng th\u01b0\u1eddng v\u00e0 ch\u1ee9c n\u0103ng theo d\u00f5i ng\u01b0\u1ee1ng v\u00e0 t\u1ef1 ch\u1ea9n \u0111o\u00e1n gi\u00fap ti\u1ebft ki\u1ec7m th\u1eddi gian b\u1ea3o tr\u00ec. H\u01a1n n\u1eefa, \u0111\u1ed9 tin c\u1eady c\u1ee7a ph\u00e1t hi\u1ec7n \u0111\u00e3 t\u0103ng 75% so v\u1edbi c\u00e1c m\u00f4 h\u00ecnh tr\u01b0\u1edbc \u0111\u00f3.<\/p>\n<p>Kh\u00e1ch h\u00e0ng c\u00f3 th\u1ec3 l\u1ef1a ch\u1ecdn gi\u1eefa c\u00e1c lo\u1ea1i \u0111\u1ea7u ra k\u1ef9 thu\u1eadt s\u1ed1 c\u00f3 m\u1ed9t ho\u1eb7c hai \u0111\u1ea7u ra ho\u1eb7c lo\u1ea1i \u0111\u1ea7u ra t\u01b0\u01a1ng t\u1ef1.<\/p>\n<h2><strong>\u0110\u1eb7c tr\u01b0ng:<\/strong><\/h2>\n<ul>\n<li>M\u1ed9t m\u00e0n h\u00ecnh LCD 4 ch\u1eef s\u1ed1 m\u00e0u xanh l\u1ee5c, m\u1ed9t m\u00e0n h\u00ecnh LCD 4 ch\u1eef s\u1ed1 m\u00e0u \u0111\u1ecf<\/li>\n<li>Sao ch\u00e9p c\u00e0i \u0111\u1eb7t qua giao di\u1ec7n quang<\/li>\n<li>Gi\u1ea3m c\u00e1c bi\u1ebfn th\u1ec3 gi\u1eefa c\u00e1c b\u1ed9 khu\u1ebfch \u0111\u1ea1i<\/li>\n<li>\u0110\u1ea7u v\u00e0o cho c\u00e0i \u0111\u1eb7t b\u00ean ngo\u00e0i, t\u1ee9c l\u00e0 gi\u00e1 tr\u1ecb ng\u01b0\u1ee1ng (kh\u00f4ng kh\u1ea3 d\u1ee5ng cho FX-501)<\/li>\n<li>C\u00f3 th\u1ec3 l\u01b0u v\u00e0 t\u1ea3i t\u1ed1i \u0111a 8 c\u00e0i \u0111\u1eb7t (ng\u00e2n h\u00e0ng d\u1eef li\u1ec7u)<\/li>\n<li>C\u00e1c h\u00e0m t\u00ednh to\u00e1n logic<\/li>\n<li>C\u01b0\u1eddng \u0111\u1ed9 \u00e1nh s\u00e1ng v\u00e0 c\u00e0i \u0111\u1eb7t khu\u1ebfch \u0111\u1ea1i \u0111\u1ec3 ph\u00e1t hi\u1ec7n \u0111\u1ed1i t\u01b0\u1ee3ng trong su\u1ed1t\u00a0theo d\u00f5i ng\u01b0\u1ee1ng<\/li>\n<li>\u0110\u1ea7u ra t\u1ef1 ch\u1ea9n \u0111o\u00e1n<\/li>\n<li>Hi\u1ec3n th\u1ecb d\u1ec5 \u0111\u1ecdc \u1edf c\u00e1c g\u00f3c l\u00ean t\u1edbi 60\u00b0<\/li>\n<li>S\u1ee3i ch\u1ea5t l\u01b0\u1ee3ng cao (\u0111\u01b0\u1ee3c li\u1ec7t k\u00ea trong t\u00e0i li\u1ec7u qu\u1ea3ng c\u00e1o FX-500)<\/li>\n<\/ul>\n<h2><strong>\u1ee8ng d\u1ee5ng<\/strong><\/h2>\n<ul>\n<li>\u0110\u1ebfm s\u1ed1 ch\u00e2n IC<\/li>\n<li>Ki\u1ec3m tra u\u1ed1n<\/li>\n<li>C\u1ea3m bi\u1ebfn ch\u1ea5t n\u1ec1n th\u1ee7y tinh<\/li>\n<\/ul>\n<p>&nbsp;<\/p>\n<p><img decoding=\"async\" src=\"https:\/\/mediac.industry.panasonic.eu\/p\/styles\/500x\/public\/2022-12\/sensors_fiber_fx-500_applications-min.png?VersionId=o0Ig4pWA.hy7WgOAh9C6eXVNfqihAHXd&amp;itok=mebef6Le\" alt=\"Sensors Fiber FX-500 applications Panasonic Industry\" \/><\/p>\n<p>&nbsp;<\/p>\n<h3><strong>Th\u00f4ng s\u1ed1 k\u0129 thu\u1eadt b\u1ed9 khu\u1ebfch \u0111\u1ea1i s\u1ee3i quang Panasonic FX-551-C2<\/strong><\/h3>\n<div class=\"table-wrapper\">\n<table id=\"technical-data\" class=\"responsive-enabled table-more-rows table table-bordered mt-3\" data-striping=\"1\" data-once=\"tableresponsive\">\n<thead>\n<tr>\n<th>Item<\/th>\n<th>Product specifications<\/th>\n<\/tr>\n<\/thead>\n<tbody>\n<tr>\n<td>Sub category<\/td>\n<td>Amplifier<\/td>\n<\/tr>\n<tr>\n<td>Sensing range<\/td>\n<td>Depending on the optical fiber<\/td>\n<\/tr>\n<tr>\n<td>Output<\/td>\n<td>NPN<\/td>\n<\/tr>\n<tr>\n<td>Output operation<\/td>\n<td>Light-ON, dark-ON<\/td>\n<\/tr>\n<tr>\n<td>Connection method<\/td>\n<td>Cable<\/td>\n<\/tr>\n<tr>\n<td>Response time<\/td>\n<td>0,06 ms<\/td>\n<\/tr>\n<tr>\n<td>Emitting element<\/td>\n<td>LED red<\/td>\n<\/tr>\n<tr>\n<td>Power supply<\/td>\n<td>12 to 24 V DC<\/td>\n<\/tr>\n<tr>\n<td>Protection<\/td>\n<td>IP 40<\/td>\n<\/tr>\n<tr>\n<td>Temperature range<\/td>\n<td>-10 to +55 \u2103<\/td>\n<\/tr>\n<\/tbody>\n<\/table>\n<\/div>\n<h2 class=\"title-product item_name\">C\u1ea3m bi\u1ebfn quang Panasonic FX-551-C2<\/h2>\n<h3>1. C\u1ea3m bi\u1ebfn quang\u00a0Panasonic\u00a0FX-551-C2:<\/h3>\n<div>\n<div>S\u1ed1 b\u1ed9 ph\u1eadn FX-551-C2<\/div>\n<div>Tu\u00e2n th\u1ee7 ch\u1ec9 th\u1ecb \u0111\u00e1nh d\u1ea5u CE Ch\u1ec9 th\u1ecb EMC, Ch\u1ec9 th\u1ecb RoHS<\/div>\n<div>Cung c\u1ea5p hi\u00ea\u0323u \u0111i\u00ea\u0323n th\u1ebf 12 \u0111\u1ebfn 24 V DC +10 -15 % Ripple PP 10% tr\u1edf xu\u1ed1ng<\/div>\n<div>S\u1ef1 ti\u00eau th\u1ee5 n\u0103ng l\u01b0\u1ee3ng Ho\u1ea1t \u0111\u1ed9ng b\u00ecnh th\u01b0\u1eddng: 960 mW tr\u1edf xu\u1ed1ng (d\u00f2ng ti\u00eau th\u1ee5 40 mA tr\u1edf xu\u1ed1ng \u1edf \u0111i\u1ec7n \u00e1p ngu\u1ed3n 24 V)<\/div>\n<div>Ch\u1ebf \u0111\u1ed9 ECO: 680 mW tr\u1edf xu\u1ed1ng (d\u00f2ng ti\u00eau th\u1ee5 28 mA tr\u1edf xu\u1ed1ng \u1edf \u0111i\u1ec7n \u00e1p ngu\u1ed3n 24 V)<\/div>\n<div>\u0110\u1ea7u ra &lt;Lo\u1ea1i \u0111\u1ea7u ra NPN&gt;<\/div>\n<div>B\u00f3ng b\u00e1n d\u1eabn c\u1ef1c thu h\u1edf NPN<\/div>\n<div>\u30fb D\u00f2ng \u0111i\u1ec7n ch\u00ecm t\u1ed1i \u0111a: 100 mA<\/div>\n<div>\u30fb \u0110i\u1ec7n \u00e1p \u00e1p d\u1ee5ng: 30 V DC tr\u1edf xu\u1ed1ng (gi\u1eefa \u0111\u1ea7u ra v\u00e0 0 V)<\/div>\n<div>\u30fb \u0110i\u1ec7n \u00e1p d\u01b0: 2 V tr\u1edf xu\u1ed1ng (\u1edf d\u00f2ng \u0111i\u1ec7n ch\u00ecm t\u1ed1i \u0111a)<\/div>\n<div>\u0110\u1ea7u ra: Ho\u1ea1t \u0111\u1ed9ng \u0111\u1ea7u ra C\u00f3 th\u1ec3 chuy\u1ec3n \u0111\u1ed5i B\u1eacT s\u00e1ng ho\u1eb7c B\u1eacT t\u1ed1i b\u1eb1ng ch\u1ebf \u0111\u1ed9 L \/ D<\/div>\n<div>\u0110\u1ea7u ra: B\u1ea3o v\u1ec7 ng\u1eafn m\u1ea1ch K\u1ebft h\u1ee3p<\/div>\n<div>Th\u1eddi gian \u0111\u00e1p \u1ee9ng NHANH: 60\u03bcs tr\u1edf xu\u1ed1ng, STD: 250\u03bcs tr\u1edf xu\u1ed1ng, D\u00c0I: 2ms tr\u1edf xu\u1ed1ng, U-LG: 4ms tr\u1edf xu\u1ed1ng, HYPR: 24ms tr\u1edf xu\u1ed1ng, c\u00f3 th\u1ec3 l\u1ef1a ch\u1ecdn<\/div>\n<div>C\u00e0i \u0111\u1eb7t \u0111\u1ed9 nh\u1ea1y D\u1ea1y 2 \u0111i\u1ec3m \/ D\u1ea1y gi\u1edbi h\u1ea1n \/ D\u1ea1y ho\u00e0n to\u00e0n t\u1ef1 \u0111\u1ed9ng \/ \u0110i\u1ec1u ch\u1ec9nh b\u1eb1ng tay<\/div>\n<div>C\u00e0i \u0111\u1eb7t \u0111\u1ed9 nh\u1ea1y s\u00e1ng s\u1ef1 c\u1ed1 H\u1ee3p nh\u1ea5t, 4 b\u01b0\u1edbc<\/div>\n<div>Ph\u1ea1m vi hi\u1ec3n th\u1ecb c\u01b0\u1eddng \u0111\u1ed9 \u00e1nh s\u00e1ng s\u1ef1 c\u1ed1 NHANH \/ STD: 0 \u0111\u1ebfn 4.000, D\u00c0I: 0 \u0111\u1ebfn 8.000, U-LG \/ HYPR: 0 \u0111\u1ebfn 9.999<\/div>\n<div><\/div>\n<h3>2. C\u00e1c m\u00e3 h\u00e0ng t\u01b0\u01a1ng \u0111\u01b0\u01a1ng C\u1ea3m bi\u1ebfn quang FX-551-C2:<\/h3>\n<p>EX-11A<br \/>\nEX-11A-PN<br \/>\nFD-41<br \/>\nFD-41S<br \/>\nFD-42G<br \/>\nFD-43G<br \/>\nFD-61<br \/>\nFD-63<br \/>\nFD-AL11<br \/>\nFD-EG30<br \/>\nFD-F41<br \/>\nFD-G500<br \/>\nFD-V30<br \/>\nFD-V50<br \/>\nFT-A11<br \/>\nFT-R31<br \/>\nFT-R41W<br \/>\nFX-101<br \/>\nFX-101-CC2<\/p>\n<\/div>\n<p>Ca\u0309m bi\u00ea\u0301n quang PANASONIC FX-551-C2<\/p>\n<p>Hi\u1ec7n nay, ch\u00fang ta \u0111ang s\u1ed1ng trong m\u1ed9t th\u1ebf gi\u1edbi c\u1ee7a<em> c\u1ea3m bi\u1ebfn<\/em>.\u00a0B\u1ea1n c\u00f3 th\u1ec3 t\u00ecm th\u1ea5y c\u00e1c lo\u1ea1i c\u1ea3m bi\u1ebfn kh\u00e1c nhau trong nh\u00e0, v\u0103n ph\u00f2ng, \u00f4 t\u00f4 hay th\u1eadm ch\u00ed l\u00e0 \u0111\u00e8n ng\u1ee7. \u0110\u1ec3 l\u00e0m cho cu\u1ed9c s\u1ed1ng c\u1ee7a ch\u00fang ta d\u1ec5 d\u00e0ng h\u01a1n b\u1eb1ng c\u00e1ch ph\u00e1t hi\u1ec7n s\u1ef1 hi\u1ec7n di\u1ec7n c\u1ee7a v\u1eadt th\u1ec3, sensor c\u00f3 th\u1ec3 \u0111i\u1ec1u ch\u1ec9nh nhi\u1ec7t \u0111\u1ed9 ph\u00f2ng, ph\u00e1t hi\u1ec7n c\u00f3 kh\u00f3i ho\u1eb7c l\u1eeda, pha c\u00e0 ph\u00ea ngon, m\u1edf c\u1eeda nh\u00e0 \u0111\u1ec3 xe ngay khi xe \u0111\u01b0\u1ee3c d\u1eebng \u1edf g\u1ea7n c\u1eeda ra v\u00e0o v\u00e0 nhi\u1ec1u nhi\u1ec7m v\u1ee5 kh\u00e1c.T\u1ea5t c\u1ea3 nh\u1eefng vi\u1ec7c n\u00e0y v\u00e0 nhi\u1ec1u nhi\u1ec7m v\u1ee5 t\u1ef1 \u0111\u1ed9ng h\u00f3a kh\u00e1c \u0111\u1ec1u c\u00f3 th\u1ec3 \u0111\u01b0\u1ee3c th\u1ef1c hi\u1ec7n nh\u1edd\u00a0<em>Sensors<\/em>.<\/p>\n<p>C\u1ea3m bi\u1ebfn \u0111\u01b0\u1ee3c chia th\u00e0nh c\u00e1c lo\u1ea1i nh\u01b0 sau:<\/p>\n<ul>\n<li>C\u1ea3m bi\u1ebfn nhi\u1ec7t \u0111\u1ed9<\/li>\n<li>C\u1ea3m bi\u1ebfn ti\u1ec7m c\u1eadn<\/li>\n<li>C\u1ea3m bi\u1ebfn chuy\u1ec3n \u0111\u1ed9ng<\/li>\n<li>C\u1ea3m bi\u1ebfn h\u1ed3ng ngo\u1ea1i<\/li>\n<li>C\u1ea3m bi\u1ebfn \u00e1p su\u1ea5t<\/li>\n<li><em>C\u1ea3m bi\u1ebfn quang<\/em><\/li>\n<li>C\u1ea3m bi\u1ebfn s\u00f3ng si\u00eau \u00e2m<\/li>\n<li>C\u1ea3m bi\u1ebfn kh\u00f3i, kh\u00ed v\u00e0 r\u01b0\u1ee3u<\/li>\n<li>C\u1ea3m bi\u1ebfn ch\u1ea1m<\/li>\n<li>C\u1ea3m bi\u1ebfn m\u00e0u<\/li>\n<li>C\u1ea3m bi\u1ebfn \u0111\u1ed9 \u1ea9m<\/li>\n<li>C\u1ea3m bi\u1ebfn \u0111\u1ed9 nghi\u00eang<\/li>\n<li>C\u1ea3m bi\u1ebfn l\u01b0u l\u01b0\u1ee3ng v\u00e0 m\u1ee9c.<\/li>\n<\/ul>\n<p>Chu\u0301ng ta \u0111ang c\u00e2\u0300n mua ca\u0309m bi\u00ea\u0301n quang Panasonic\u00a0<em>FX-551-C2<\/em><em>.\u00a0<\/em>Nh\u01b0ng chu\u0301ng ta r\u00e2\u0301t co\u0301 nhi\u00ea\u0300u c\u00e2u ho\u0309i c\u1ea7n gi\u1ea3i \u0111\u00e1p: ca\u0309m bi\u00ea\u0301n quang \u0111i\u00ea\u0323n la\u0300 gi\u0300, co\u0301 \u0111u\u0301ng v\u01a1\u0301i model mi\u0300nh c\u00e2\u0300n ti\u0300m ch\u01b0a, model quy ca\u0301ch na\u0300y co\u0301 ki\u0301ch th\u01b0\u01a1\u0301c ra sao, co\u0301 ha\u0300ng s\u0103\u0303n t\u1ea1i kho kh\u00f4ng, h\u00ecnh th\u1ee9c giao ha\u0300ng nh\u01b0 th\u00ea\u0301 na\u0300o, s\u01b0\u0309 du\u0323ng co\u0301 \u0111\u00fang nhu c\u1ea7u c\u1ee7a m\u00ecnh kh\u00f4ng, s\u1ea3n ph\u1ea9m co\u0301 \u0111\u01b0\u1ee3c ba\u0309o ha\u0300nh kh\u00f4ng, th\u01b0\u01a1ng hi\u00ea\u0323u cu\u0309a n\u01b0\u01a1\u0301c na\u0300o, sa\u0309n xu\u00e2\u0301t ta\u0323i \u0111\u00e2u, hi\u0300nh a\u0309nh minh h\u1ecda co\u0301 gi\u00f4\u0301ng s\u1ea3n ph\u1ea9m th\u1eadt kh\u00f4ng, sa\u0309n ph\u00e2\u0309m na\u0300y c\u00f3 c\u00e1ch s\u01b0\u0309 du\u0323ng nh\u01b0 th\u00ea\u0301 na\u0300o?<\/p>\n<p><em>Ca\u0309m bi\u00ea\u0301n quang\u00a0la\u0300 gi\u0300?<\/em>\u00a0Ti\u00ea\u0301ng Anh go\u0323i la\u0300 Photoelectric sensor \u0111\u01b0\u01a1\u0323c s\u01b0\u0309 du\u0323ng v\u00f4 cu\u0300ng r\u00f4\u0323ng ra\u0303i trong h\u00e2\u0300u h\u00ea\u0301t trong ca\u0301c nha\u0300 ma\u0301y s\u1ea3n xu\u00e2\u0301t. S\u01b0\u0309 du\u0323ng ca\u0309m bi\u00ea\u0301n quang la\u0300 \u0111\u00ea\u0309 c\u00f3 th\u1ec3 pha\u0301t hi\u00ea\u0323n v\u00e2\u0323t th\u00ea\u0309 t\u01b0\u0300 xa, \u0111o l\u01b0\u01a1\u0300ng \u0111\u01b0\u1ee3c khoa\u0309ng ca\u0301ch v\u00e0 t\u00f4\u0301c \u0111\u00f4\u0323 di chuy\u00ea\u0309n cu\u0309a \u0111\u00f4\u0301i t\u01b0\u01a1\u0323ng,\u2026 Chi\u0301nh vi\u0300 v\u00e2\u0323y m\u00e0 b\u00e2\u0301t c\u01b0\u0301 m\u00f4\u0323t nha\u0300 ma\u0301y hay m\u00f4\u0323t d\u00e2y chuy\u00ea\u0300n sa\u0309n xu\u00e2\u0301t na\u0300o cu\u0303ng \u0111\u00ea\u0300u c\u00e2\u0300n s\u01b0\u0309 du\u0323ng \u0111\u00ea\u0301n\u00a0<em>ca\u0309m bi\u00ea\u0301n quang<\/em>. M\u1ed7i nh\u00e0 m\u00e1y thu\u1ed9c t\u1eebng ng\u00e0nh ngh\u1ec1 kh\u00e1c nhau s\u1ebd c\u00f3 nh\u1eefng m\u1ee5c \u0111\u00edch, nhu c\u1ea7u s\u1eed d\u1ee5ng ri\u00eang se\u0303 l\u1ef1a cho\u0323n sa\u0309n ph\u00e2\u0309m, model, th\u01b0\u01a1ng hi\u00ea\u0323u kha\u0301c nhau.\u00a0<em>Ca\u0309m bi\u00ea\u0301n quang \u0111i\u00ea\u0323n<\/em>\u00a0la\u0300 m\u00f4\u0323t trong s\u00f4\u0301 \u0111o\u0301. V\u00e2\u0323y\u00a0<em>ca\u0309m bi\u00ea\u0301n quang \u0111i\u00ea\u0323n<\/em>\u00a0la\u0300 gi\u0300, co\u0301 ta\u0301c du\u0323ng gi\u0300, s\u01b0\u0309 du\u0323ng nh\u01b0 th\u00ea\u0301 na\u0300o, co\u0301 bao nhi\u00eau loa\u0323i va\u0300 c\u00f3 bao nhi\u00eau th\u01b0\u01a1ng hi\u00ea\u0323u s\u1ea3n xu\u1ea5t nhe\u0301.<\/p>\n<p><em>Ca\u0309m bi\u00ea\u0301n quang \u0111i\u00ea\u0323n la\u0300 gi\u0300?<\/em>\u00a0L\u00e0 thi\u1ebft b\u1ecb ph\u00e1t ra ch\u00f9m tia s\u00e1ng d\u1ea1ng t\u1ea7n s\u1ed1 chi\u1ebfu v\u00e0o v\u1eadt th\u1ec3 c\u1ea7n ph\u00e1t hi\u1ec7n ho\u1eb7c g\u01b0\u01a1ng. Khi v\u1eadt th\u1ec3 \u0111i qua c\u1ea3m bi\u1ebfn s\u1ebd \u1ea3nh h\u01b0\u1edfng \u0111\u1ebfn t\u1ea7n s\u1ed1 c\u1ee7a b\u1ed9 thu s\u00e1ng. S\u1ef1 thay \u0111\u1ed5i n\u00e0y bi\u1ebfn \u0111\u1ed5i th\u00e0nh t\u00edn hi\u1ec7u \u0111i\u1ec7n nh\u1edd hi\u1ec7n t\u01b0\u1ee3ng ph\u00e1t x\u1ea1 \u0111i\u1ec7n t\u1eed \u1edf c\u1ef1c catot d\u01b0\u01a1ng (Cathode) khi c\u00f3 m\u1ed9t l\u01b0\u1ee3ng \u00e1nh s\u00e1ng chi\u1ebfu v\u00e0o.<\/p>\n<p><em>C\u1ea3m Bi\u1ebfn Quang FX-551-C2<\/em>\u00a0\u0111\u01b0\u1ee3c trang b\u1ecb ti\u00eau chu\u1ea9n v\u1edbi c\u00e1c m\u1ea1ch b\u1ea3o v\u1ec7 sau trong th\u00e2n m\u00e1y nh\u1ecf g\u1ecdn, c\u00e1c m\u1ea1ch b\u1ea3o v\u1ec7 n\u00e0y gi\u1ea3m thi\u1ec3u kh\u1ea3 n\u0103ng tr\u1ee5c tr\u1eb7c c\u1ea3m bi\u1ebfn do \u0111i d\u00e2y sai. Kho\u1ea3ng c\u00e1ch ph\u00e1t \/ nh\u1eadn ch\u00f9m tia r\u1ed9ng gi\u00fap gi\u1ea3m kh\u1ea3 n\u0103ng x\u1ea3y ra va ch\u1ea1m gi\u1eefa b\u1ed9 ph\u1eadn c\u1ea3m bi\u1ebfn v\u00e0 \u0111\u1ed1i t\u01b0\u1ee3ng c\u1ea3m bi\u1ebfn. B\u00ean c\u1ea1nh \u0111\u00f3, ng\u01b0\u1eddi d\u00f9ng c\u00f2n d\u1ec5 d\u00e0ng \u0111i\u1ec1u ch\u1ec9nh v\u1ecb tr\u00ed c\u1ee7a \u0111\u1ed1i t\u01b0\u1ee3ng c\u1ea3m bi\u1ebfn, ph\u1ea7n k\u1ebft n\u1ed1i c\u1ee7a c\u00e1p v\u00e0 m\u1ea1ch b\u00ean trong \u0111\u01b0\u1ee3c bao ph\u1ee7 b\u1edfi m\u1ed9t lo\u1ea1i nh\u1ef1a gi\u00fap ng\u0103n ng\u1eeba s\u1ef1 c\u1ed1 do rung \u0111\u1ed9ng v\u00e0 va \u0111\u1eadp.\u00a0<em>FX-551-C2<\/em>\u00a0cho hi\u1ec7u qu\u1ea3 tuy\u1ec7t v\u1eddi \u0111\u01b0\u1ee3c c\u00e1c c\u00f4ng ty l\u1edbn trong v\u00e0 ngo\u00e0i n\u01b0\u1edbc quan t\u00e2m s\u1eed d\u1ee5ng.\u00a0<em>C\u1ea3m Bi\u1ebfn Quang FX-551-C2<\/em>\u00a0c\u00f2n n\u1eb1m trong top 10 lo\u1ea1i c\u1ea3m bi\u1ebfn \u0111\u01b0\u1ee3c \u1ee9ng d\u1ee5ng ph\u1ed5 bi\u1ebfn trong c\u00e1c ng\u00e0nh c\u00f4ng nghi\u1ec7p.<\/p>\n<p>Top 10 lo\u1ea1i c\u1ea3m bi\u1ebfn \u0111\u01b0\u1ee3c \u1ee9ng d\u1ee5ng ph\u1ed5 bi\u1ebfn trong c\u00e1c ng\u00e0nh c\u00f4ng nghi\u1ec7p<\/p>\n<ul>\n<li><em>C\u1ea3m bi\u1ebfn (Sensor) Panasonic FX-551-C2<\/em><\/li>\n<li>C\u1ea3m bi\u1ebfn (Sensor) Panasonic CX-411<\/li>\n<li>C\u1ea3m bi\u1ebfn (Sensor)\u00a0Panasonic CX-421<\/li>\n<li>C\u1ea3m bi\u1ebfn (Sensor)\u00a0Panasonic CX-491<\/li>\n<li>Ca\u0309m bi\u00ea\u0301n (Sensor)\u00a0Panasonic PM-T65<\/li>\n<li>C\u1ea3m bi\u1ebfn (Sensor)\u00a0Panasonic PM-Y65<\/li>\n<li>C\u1ea3m bi\u1ebfn (Sensor)\u00a0Panasonic PM-L65<\/li>\n<li>C\u1ea3m bi\u1ebfn (Sensor)\u00a0Panasonic PM-L45<\/li>\n<li>C\u1ea3m bi\u1ebfn (Sensor)\u00a0Panasonic PM-T45<\/li>\n<li>C\u1ea3m bi\u1ebfn (Sensor)\u00a0Panasonic PM-K45<\/li>\n<\/ul>\n<div>\n<p>\u0110\u1ea1i l\u00fd Panasonic vietnam, Panasonic viet nam, Panasonic vietnam distributor, Ph\u00e2n ph\u1ed1i Panasonic t\u1ea1i vi\u1ec7t nam<\/p>\n<p>\u0110\u1ea1i l\u00fd Panasonic vietnam, Panasonic viet nam, Panasonic vietnam distributor, Ph\u00e2n ph\u1ed1i Panasonic t\u1ea1i vi\u1ec7t nam<\/p>\n<p>\u0110\u1ea1i l\u00fd Panasonic vietnam, Panasonic viet nam, Panasonic vietnam distributor, Ph\u00e2n ph\u1ed1i Panasonic t\u1ea1i vi\u1ec7t nam<\/p>\n<p>\u0110\u1ea1i l\u00fd Panasonic vietnam, Panasonic viet nam, Panasonic vietnam distributor, Ph\u00e2n ph\u1ed1i Panasonic t\u1ea1i vi\u1ec7t nam<\/p>\n<p>\u0110\u1ea1i l\u00fd Panasonic vietnam, Panasonic viet nam, Panasonic vietnam distributor, Ph\u00e2n ph\u1ed1i Panasonic t\u1ea1i vi\u1ec7t nam<\/p>\n<\/div>\n","protected":false},"excerpt":{"rendered":"<p>PANASONIC FX-551-C2 C\u1ea3m bi\u1ebfn quang Panasonic FX-551-C2 Nh\u1edd c\u00f3 \u201cm\u1ea1ch t\u00edch h\u1ee3p d\u00e0nh ri\u00eang cho \u1ee9ng d\u1ee5ng\u201d (ASIC) m\u1edbi, Panasonic c\u00f3 th\u1ec3 gi\u1ea3i quy\u1ebft c\u00e1c \u1ee9ng d\u1ee5ng b\u1eb1ng c\u1ea3m bi\u1ebfn s\u1ee3i quang m\u00e0 tr\u01b0\u1edbc \u0111\u00e2y kh\u00f4ng th\u1ec3 th\u1ef1c hi\u1ec7n \u0111\u01b0\u1ee3c. FX-500 kh\u00f4ng ch\u1ec9 c\u00f3 th\u1ec3 \u0111\u1ea1t \u0111\u01b0\u1ee3c th\u1eddi gian ph\u1ea3n&hellip; <\/p>\n","protected":false},"featured_media":844,"comment_status":"open","ping_status":"closed","template":"","meta":{"om_disable_all_campaigns":false,"_monsterinsights_skip_tracking":false,"_monsterinsights_sitenote_active":false,"_monsterinsights_sitenote_note":"","_monsterinsights_sitenote_category":0},"product_cat":[15],"product_tag":[88,86,87],"class_list":{"0":"post-843","1":"product","2":"type-product","3":"status-publish","4":"has-post-thumbnail","6":"product_cat-apex","7":"product_tag-cam-bien","8":"product_tag-dai-ly-panasonic-viet-nam","9":"product_tag-panasonic-viet-nam","11":"first","12":"instock","13":"shipping-taxable","14":"product-type-simple"},"aioseo_notices":[],"yoast_head":"<!-- This site is optimized with the Yoast SEO plugin v22.8 - https:\/\/yoast.com\/wordpress\/plugins\/seo\/ -->\n<title>PANASONIC FX-551-C2 - OMANI VI\u1ec6T NAM<\/title>\n<meta name=\"description\" content=\"Ca\u0309m bi\u00ea\u0301n quang PANASONIC FX-551-C2\" \/>\n<meta name=\"robots\" content=\"index, follow, max-snippet:-1, max-image-preview:large, max-video-preview:-1\" \/>\n<link rel=\"canonical\" href=\"https:\/\/sipin.com.vn\/index.php\/product\/panasonic-fx-551-c2\/\" \/>\n<meta property=\"og:locale\" content=\"vi_VN\" \/>\n<meta property=\"og:type\" content=\"article\" \/>\n<meta property=\"og:title\" content=\"PANASONIC FX-551-C2 - OMANI VI\u1ec6T NAM\" \/>\n<meta property=\"og:description\" content=\"Ca\u0309m bi\u00ea\u0301n quang PANASONIC FX-551-C2\" \/>\n<meta property=\"og:url\" content=\"https:\/\/sipin.com.vn\/index.php\/product\/panasonic-fx-551-c2\/\" \/>\n<meta property=\"og:site_name\" content=\"OMANI VI\u1ec6T NAM\" \/>\n<meta property=\"article:modified_time\" content=\"2024-08-29T16:08:05+00:00\" \/>\n<meta property=\"og:image\" content=\"https:\/\/sipin.com.vn\/wp-content\/uploads\/2024\/06\/FX-551-C2.png\" \/>\n\t<meta property=\"og:image:width\" content=\"619\" \/>\n\t<meta property=\"og:image:height\" content=\"501\" \/>\n\t<meta property=\"og:image:type\" content=\"image\/png\" \/>\n<meta name=\"twitter:card\" content=\"summary_large_image\" \/>\n<meta name=\"twitter:label1\" content=\"\u01af\u1edbc t\u00ednh th\u1eddi gian \u0111\u1ecdc\" \/>\n\t<meta name=\"twitter:data1\" content=\"9 ph\u00fat\" \/>\n<script type=\"application\/ld+json\" class=\"yoast-schema-graph\">{\"@context\":\"https:\/\/schema.org\",\"@graph\":[{\"@type\":\"WebPage\",\"@id\":\"https:\/\/sipin.com.vn\/index.php\/product\/panasonic-fx-551-c2\/\",\"url\":\"https:\/\/sipin.com.vn\/index.php\/product\/panasonic-fx-551-c2\/\",\"name\":\"PANASONIC FX-551-C2 - OMANI VI\u1ec6T NAM\",\"isPartOf\":{\"@id\":\"https:\/\/sipin.com.vn\/#website\"},\"primaryImageOfPage\":{\"@id\":\"https:\/\/sipin.com.vn\/index.php\/product\/panasonic-fx-551-c2\/#primaryimage\"},\"image\":{\"@id\":\"https:\/\/sipin.com.vn\/index.php\/product\/panasonic-fx-551-c2\/#primaryimage\"},\"thumbnailUrl\":\"https:\/\/sipin.com.vn\/wp-content\/uploads\/2024\/06\/FX-551-C2.png\",\"datePublished\":\"2024-06-25T21:59:01+00:00\",\"dateModified\":\"2024-08-29T16:08:05+00:00\",\"description\":\"Ca\u0309m bi\u00ea\u0301n quang PANASONIC FX-551-C2\",\"breadcrumb\":{\"@id\":\"https:\/\/sipin.com.vn\/index.php\/product\/panasonic-fx-551-c2\/#breadcrumb\"},\"inLanguage\":\"vi\",\"potentialAction\":[{\"@type\":\"ReadAction\",\"target\":[\"https:\/\/sipin.com.vn\/index.php\/product\/panasonic-fx-551-c2\/\"]}]},{\"@type\":\"ImageObject\",\"inLanguage\":\"vi\",\"@id\":\"https:\/\/sipin.com.vn\/index.php\/product\/panasonic-fx-551-c2\/#primaryimage\",\"url\":\"https:\/\/sipin.com.vn\/wp-content\/uploads\/2024\/06\/FX-551-C2.png\",\"contentUrl\":\"https:\/\/sipin.com.vn\/wp-content\/uploads\/2024\/06\/FX-551-C2.png\",\"width\":619,\"height\":501},{\"@type\":\"BreadcrumbList\",\"@id\":\"https:\/\/sipin.com.vn\/index.php\/product\/panasonic-fx-551-c2\/#breadcrumb\",\"itemListElement\":[{\"@type\":\"ListItem\",\"position\":1,\"name\":\"Home\",\"item\":\"https:\/\/sipin.com.vn\/\"},{\"@type\":\"ListItem\",\"position\":2,\"name\":\"S\u1ea2N PH\u1ea8M\",\"item\":\"https:\/\/sipin.com.vn\/index.php\/cua-hang\/\"},{\"@type\":\"ListItem\",\"position\":3,\"name\":\"PANASONIC FX-551-C2\"}]},{\"@type\":\"WebSite\",\"@id\":\"https:\/\/sipin.com.vn\/#website\",\"url\":\"https:\/\/sipin.com.vn\/\",\"name\":\"OMANI VI\u1ec6T NAM\",\"description\":\"Nh\u00e0 ph\u00e2n ph\u1ed1i thi\u1ebft b\u1ecb kh\u00ed n\u00e9n v\u00e0 thi\u1ebft b\u1ecb t\u1ef1 \u0111\u1ed9ng h\u00f3a trong c\u00f4ng nghi\u1ec7p\",\"publisher\":{\"@id\":\"https:\/\/sipin.com.vn\/#\/schema\/person\/0ad398a980dc3fd696111c2c5c8fa897\"},\"potentialAction\":[{\"@type\":\"SearchAction\",\"target\":{\"@type\":\"EntryPoint\",\"urlTemplate\":\"https:\/\/sipin.com.vn\/?s={search_term_string}\"},\"query-input\":\"required name=search_term_string\"}],\"inLanguage\":\"vi\"},{\"@type\":[\"Person\",\"Organization\"],\"@id\":\"https:\/\/sipin.com.vn\/#\/schema\/person\/0ad398a980dc3fd696111c2c5c8fa897\",\"name\":\"Nguy\u1ec5n V\u0103n Kh\u00e1nh\",\"image\":{\"@type\":\"ImageObject\",\"inLanguage\":\"vi\",\"@id\":\"https:\/\/sipin.com.vn\/#\/schema\/person\/image\/\",\"url\":\"https:\/\/sipin.com.vn\/wp-content\/uploads\/2024\/06\/logo-1024x1024.png\",\"contentUrl\":\"https:\/\/sipin.com.vn\/wp-content\/uploads\/2024\/06\/logo-1024x1024.png\",\"width\":1024,\"height\":1024,\"caption\":\"Nguy\u1ec5n V\u0103n Kh\u00e1nh\"},\"logo\":{\"@id\":\"https:\/\/sipin.com.vn\/#\/schema\/person\/image\/\"},\"sameAs\":[\"https:\/\/sipin.com.vn\"]}]}<\/script>\n<!-- \/ Yoast SEO plugin. -->","yoast_head_json":{"title":"PANASONIC FX-551-C2 - OMANI VI\u1ec6T NAM","description":"Ca\u0309m bi\u00ea\u0301n quang PANASONIC FX-551-C2","robots":{"index":"index","follow":"follow","max-snippet":"max-snippet:-1","max-image-preview":"max-image-preview:large","max-video-preview":"max-video-preview:-1"},"canonical":"https:\/\/sipin.com.vn\/index.php\/product\/panasonic-fx-551-c2\/","og_locale":"vi_VN","og_type":"article","og_title":"PANASONIC FX-551-C2 - OMANI VI\u1ec6T NAM","og_description":"Ca\u0309m bi\u00ea\u0301n quang PANASONIC FX-551-C2","og_url":"https:\/\/sipin.com.vn\/index.php\/product\/panasonic-fx-551-c2\/","og_site_name":"OMANI VI\u1ec6T NAM","article_modified_time":"2024-08-29T16:08:05+00:00","og_image":[{"width":619,"height":501,"url":"https:\/\/sipin.com.vn\/wp-content\/uploads\/2024\/06\/FX-551-C2.png","type":"image\/png"}],"twitter_card":"summary_large_image","twitter_misc":{"\u01af\u1edbc t\u00ednh th\u1eddi gian \u0111\u1ecdc":"9 ph\u00fat"},"schema":{"@context":"https:\/\/schema.org","@graph":[{"@type":"WebPage","@id":"https:\/\/sipin.com.vn\/index.php\/product\/panasonic-fx-551-c2\/","url":"https:\/\/sipin.com.vn\/index.php\/product\/panasonic-fx-551-c2\/","name":"PANASONIC FX-551-C2 - OMANI VI\u1ec6T NAM","isPartOf":{"@id":"https:\/\/sipin.com.vn\/#website"},"primaryImageOfPage":{"@id":"https:\/\/sipin.com.vn\/index.php\/product\/panasonic-fx-551-c2\/#primaryimage"},"image":{"@id":"https:\/\/sipin.com.vn\/index.php\/product\/panasonic-fx-551-c2\/#primaryimage"},"thumbnailUrl":"https:\/\/sipin.com.vn\/wp-content\/uploads\/2024\/06\/FX-551-C2.png","datePublished":"2024-06-25T21:59:01+00:00","dateModified":"2024-08-29T16:08:05+00:00","description":"Ca\u0309m bi\u00ea\u0301n quang PANASONIC FX-551-C2","breadcrumb":{"@id":"https:\/\/sipin.com.vn\/index.php\/product\/panasonic-fx-551-c2\/#breadcrumb"},"inLanguage":"vi","potentialAction":[{"@type":"ReadAction","target":["https:\/\/sipin.com.vn\/index.php\/product\/panasonic-fx-551-c2\/"]}]},{"@type":"ImageObject","inLanguage":"vi","@id":"https:\/\/sipin.com.vn\/index.php\/product\/panasonic-fx-551-c2\/#primaryimage","url":"https:\/\/sipin.com.vn\/wp-content\/uploads\/2024\/06\/FX-551-C2.png","contentUrl":"https:\/\/sipin.com.vn\/wp-content\/uploads\/2024\/06\/FX-551-C2.png","width":619,"height":501},{"@type":"BreadcrumbList","@id":"https:\/\/sipin.com.vn\/index.php\/product\/panasonic-fx-551-c2\/#breadcrumb","itemListElement":[{"@type":"ListItem","position":1,"name":"Home","item":"https:\/\/sipin.com.vn\/"},{"@type":"ListItem","position":2,"name":"S\u1ea2N PH\u1ea8M","item":"https:\/\/sipin.com.vn\/index.php\/cua-hang\/"},{"@type":"ListItem","position":3,"name":"PANASONIC FX-551-C2"}]},{"@type":"WebSite","@id":"https:\/\/sipin.com.vn\/#website","url":"https:\/\/sipin.com.vn\/","name":"OMANI VI\u1ec6T NAM","description":"Nh\u00e0 ph\u00e2n ph\u1ed1i thi\u1ebft b\u1ecb kh\u00ed n\u00e9n v\u00e0 thi\u1ebft b\u1ecb t\u1ef1 \u0111\u1ed9ng h\u00f3a trong c\u00f4ng nghi\u1ec7p","publisher":{"@id":"https:\/\/sipin.com.vn\/#\/schema\/person\/0ad398a980dc3fd696111c2c5c8fa897"},"potentialAction":[{"@type":"SearchAction","target":{"@type":"EntryPoint","urlTemplate":"https:\/\/sipin.com.vn\/?s={search_term_string}"},"query-input":"required name=search_term_string"}],"inLanguage":"vi"},{"@type":["Person","Organization"],"@id":"https:\/\/sipin.com.vn\/#\/schema\/person\/0ad398a980dc3fd696111c2c5c8fa897","name":"Nguy\u1ec5n V\u0103n Kh\u00e1nh","image":{"@type":"ImageObject","inLanguage":"vi","@id":"https:\/\/sipin.com.vn\/#\/schema\/person\/image\/","url":"https:\/\/sipin.com.vn\/wp-content\/uploads\/2024\/06\/logo-1024x1024.png","contentUrl":"https:\/\/sipin.com.vn\/wp-content\/uploads\/2024\/06\/logo-1024x1024.png","width":1024,"height":1024,"caption":"Nguy\u1ec5n V\u0103n Kh\u00e1nh"},"logo":{"@id":"https:\/\/sipin.com.vn\/#\/schema\/person\/image\/"},"sameAs":["https:\/\/sipin.com.vn"]}]}},"_links":{"self":[{"href":"https:\/\/sipin.com.vn\/index.php\/wp-json\/wp\/v2\/product\/843","targetHints":{"allow":["GET"]}}],"collection":[{"href":"https:\/\/sipin.com.vn\/index.php\/wp-json\/wp\/v2\/product"}],"about":[{"href":"https:\/\/sipin.com.vn\/index.php\/wp-json\/wp\/v2\/types\/product"}],"replies":[{"embeddable":true,"href":"https:\/\/sipin.com.vn\/index.php\/wp-json\/wp\/v2\/comments?post=843"}],"wp:featuredmedia":[{"embeddable":true,"href":"https:\/\/sipin.com.vn\/index.php\/wp-json\/wp\/v2\/media\/844"}],"wp:attachment":[{"href":"https:\/\/sipin.com.vn\/index.php\/wp-json\/wp\/v2\/media?parent=843"}],"wp:term":[{"taxonomy":"product_cat","embeddable":true,"href":"https:\/\/sipin.com.vn\/index.php\/wp-json\/wp\/v2\/product_cat?post=843"},{"taxonomy":"product_tag","embeddable":true,"href":"https:\/\/sipin.com.vn\/index.php\/wp-json\/wp\/v2\/product_tag?post=843"}],"curies":[{"name":"wp","href":"https:\/\/api.w.org\/{rel}","templated":true}]}}