{"id":841,"date":"2024-06-26T04:48:31","date_gmt":"2024-06-25T21:48:31","guid":{"rendered":"https:\/\/omanivietnam.com\/?post_type=product&#038;p=841"},"modified":"2024-10-15T06:10:16","modified_gmt":"2024-10-14T23:10:16","slug":"fine-suntronix-tns-2050","status":"publish","type":"product","link":"https:\/\/sipin.com.vn\/index.php\/product\/fine-suntronix-tns-2050\/","title":{"rendered":"FINE SUNTRONIX TNS-2050"},"content":{"rendered":"<p>FINE SUNTRONIX TNS-2050\/ORIENT TNS-2050<\/p>\n<p>FINE SUNTRONIX TNS-2030\/ORIENT TNS-2030<\/p>\n<p class=\"m-h1\">Noise Filter (TNS Series) (TNS-20350)<\/p>\n<table class=\"m-listTable\" summary=\"Price, Spec., etc.\">\n<tbody>\n<tr>\n<th>Circuit Configuration<\/th>\n<td>3 Phase<\/td>\n<th>Rated Current(A)<\/th>\n<td>30<\/td>\n<\/tr>\n<tr>\n<th>Mounting Method<\/th>\n<td>Screw Fixing<\/td>\n<th>Wiring Method<\/th>\n<td>Screw Fixing<\/td>\n<\/tr>\n<tr>\n<th>Representative Standard<\/th>\n<td>CE \/ UL \/ CUL<\/td>\n<th>Dimension vertical(mm)<\/th>\n<td>71<\/td>\n<\/tr>\n<tr>\n<th>Dimension width(mm)<\/th>\n<td>141<\/td>\n<th>Dimension depth(mm)<\/th>\n<td>42<\/td>\n<\/tr>\n<tr>\n<th>Rated Voltage<\/th>\n<td>250V Max<\/td>\n<th>Leakage current<\/th>\n<td>5.0mA Max<\/td>\n<\/tr>\n<tr>\n<th>Temperature Increase<\/th>\n<td>50\u2103<\/td>\n<th>Operating temperature range(\u2103)<\/th>\n<td>-25 ~ +85<\/td>\n<\/tr>\n<tr class=\"VN_table-row\">\n<th>DC Resistance<\/th>\n<td>10<\/td>\n<th>Frequency(Hz)<\/th>\n<td>50\/60<\/td>\n<\/tr>\n<tr class=\"VN_table-row\">\n<th>Voltage drop<\/th>\n<td>0.3V Mac<\/td>\n<th>Withstand Voltage<\/th>\n<td>2,500VAC(at cut off current 100mA\/1Min)<\/td>\n<\/tr>\n<tr class=\"VN_table-row\">\n<th>Insulation resistance<\/th>\n<td>100M\u03a9 Min(500VDC\/1Min)<\/td>\n<th>Vibration test conditions<\/th>\n<td>10~55Hz at 2G 3minutes period, 1hour each X,Y and Z<\/td>\n<\/tr>\n<tr class=\"VN_table-row\">\n<th>Storage Temperature range<\/th>\n<td>-40~85\u2103, 20%~95% RH(Non condensing)<\/td>\n<th>Weight(g)<\/th>\n<td>560<\/td>\n<\/tr>\n<\/tbody>\n<\/table>\n<p>&nbsp;<\/p>\n<p>&nbsp;<\/p>\n<h3 class=\"m-h3\"><span data-lang=\"ENG\">Basic Information<\/span><\/h3>\n<table class=\"m-listTable\" summary=\"Basic Information\">\n<colgroup>\n<col width=\"14.5%\" \/>\n<col width=\"18.8%\" \/>\n<col width=\"14.5%\" \/>\n<col width=\"18.8%\" \/>\n<col width=\"14.5%\" \/>\n<col width=\"18.8%\" \/><\/colgroup>\n<tbody>\n<tr>\n<th>Circuit Configuration<\/th>\n<td><a class=\"m-linkSEO\" href=\"https:\/\/vn.misumi-ec.com\/vona2\/el_control\/E2000000000\/E2010000000\/E2010010000\/?CategorySpec=00000049555%3a%3ab\" target=\"_blank\" rel=\"noopener\">3 Phase<\/a><\/td>\n<th>Wiring Method<\/th>\n<td><a class=\"m-linkSEO\" href=\"https:\/\/vn.misumi-ec.com\/vona2\/el_control\/E2000000000\/E2010000000\/E2010010000\/?CategorySpec=00000049558%3a%3aa\" target=\"_blank\" rel=\"noopener\">Screw Fixing<\/a><\/td>\n<th>Representative Standard<\/th>\n<td><a class=\"m-linkSEO\" href=\"https:\/\/vn.misumi-ec.com\/vona2\/el_control\/E2000000000\/E2010000000\/E2010010000\/?CategorySpec=00000049559%3a%3ab%20%2f%20c%20%2f%20d\" target=\"_blank\" rel=\"noopener\">CE \/ UL \/ CUL<\/a><\/td>\n<\/tr>\n<tr>\n<th>Rated Voltage<\/th>\n<td>250V Max<\/td>\n<th>Temperature Increase<\/th>\n<td>50\u2103<\/td>\n<th>Operating temperature range(\u2103)<\/th>\n<td>-25 ~ +85<\/td>\n<\/tr>\n<tr>\n<th>Frequency(Hz)<\/th>\n<td>50\/60<\/td>\n<th>Voltage drop<\/th>\n<td>0.3V Mac<\/td>\n<th>Withstand Voltage<\/th>\n<td>2,500VAC(at cut off current 100mA\/1Min)<\/td>\n<\/tr>\n<tr>\n<th>Insulation resistance<\/th>\n<td>100M\u03a9 Min(500VDC\/1Min)<\/td>\n<th>Vibration test conditions<\/th>\n<td>10~55Hz at 2G 3minutes period, 1hour each X,Y and Z<\/td>\n<th>Storage Temperature range<\/th>\n<td>-40~85\u2103, 20%~95% RH(Non condensing)<\/td>\n<\/tr>\n<\/tbody>\n<\/table>\n<p>&nbsp;<\/p>\n<p>\u0110\u1ea1i l\u00fd FINE SUNTRONIX vietnam, FINE SUNTRONIX viet nam, FINE SUNTRONIX vietnam distributor, Ph\u00e2n ph\u1ed1i FINE SUNTRONIX t\u1ea1i vi\u1ec7t nam<\/p>\n<p>\u0110\u1ea1i l\u00fd FINE SUNTRONIX vietnam, FINE SUNTRONIX viet nam, FINE SUNTRONIX vietnam distributor, Ph\u00e2n ph\u1ed1i FINE SUNTRONIX t\u1ea1i vi\u1ec7t nam<\/p>\n<p>\u0110\u1ea1i l\u00fd FINE SUNTRONIX vietnam, FINE SUNTRONIX viet nam, FINE SUNTRONIX vietnam distributor, Ph\u00e2n ph\u1ed1i FINE SUNTRONIX t\u1ea1i vi\u1ec7t nam<\/p>\n<p>\u0110\u1ea1i l\u00fd FINE SUNTRONIX vietnam, FINE SUNTRONIX viet nam, FINE SUNTRONIX vietnam distributor, Ph\u00e2n ph\u1ed1i FINE SUNTRONIX t\u1ea1i vi\u1ec7t nam<\/p>\n<p>\u0110\u1ea1i l\u00fd FINE SUNTRONIX vietnam, FINE SUNTRONIX viet nam, FINE SUNTRONIX vietnam distributor, Ph\u00e2n ph\u1ed1i FINE SUNTRONIX t\u1ea1i vi\u1ec7t nam<\/p>\n<p>&nbsp;<\/p>\n<p>\u0110\u1ea1i l\u00fd ORIENT vietnam, ORIENT viet nam, ORIENT vietnam distributor, Ph\u00e2n ph\u1ed1i ORIENT t\u1ea1i vi\u1ec7t nam<\/p>\n<p>\u0110\u1ea1i l\u00fd ORIENT vietnam, ORIENT viet nam, ORIENT vietnam distributor, Ph\u00e2n ph\u1ed1i ORIENT t\u1ea1i vi\u1ec7t nam<\/p>\n<p>\u0110\u1ea1i l\u00fd ORIENT vietnam, ORIENT viet nam, ORIENT vietnam distributor, Ph\u00e2n ph\u1ed1i ORIENT t\u1ea1i vi\u1ec7t nam<\/p>\n<p>\u0110\u1ea1i l\u00fd ORIENT vietnam, ORIENT viet nam, ORIENT vietnam distributor, Ph\u00e2n ph\u1ed1i ORIENT t\u1ea1i vi\u1ec7t nam<\/p>\n<p>\u0110\u1ea1i l\u00fd ORIENT vietnam, ORIENT viet nam, ORIENT vietnam distributor, Ph\u00e2n ph\u1ed1i ORIENT t\u1ea1i vi\u1ec7t nam<\/p>\n","protected":false},"excerpt":{"rendered":"<p>FINE SUNTRONIX TNS-2050\/ORIENT TNS-2050 FINE SUNTRONIX TNS-2030\/ORIENT TNS-2030 Noise Filter (TNS Series) (TNS-20350) Circuit Configuration 3 Phase Rated Current(A) 30 Mounting Method Screw Fixing Wiring Method Screw Fixing Representative Standard CE \/ UL \/ CUL Dimension vertical(mm) 71 Dimension width(mm) 141 Dimension depth(mm) 42 Rated Voltage 250V Max Leakage current&hellip; <\/p>\n","protected":false},"featured_media":842,"comment_status":"open","ping_status":"closed","template":"","meta":{"om_disable_all_campaigns":false,"_monsterinsights_skip_tracking":false,"_monsterinsights_sitenote_active":false,"_monsterinsights_sitenote_note":"","_monsterinsights_sitenote_category":0},"product_cat":[15],"product_tag":[221,218,220,217,219],"class_list":{"0":"post-841","1":"product","2":"type-product","3":"status-publish","4":"has-post-thumbnail","6":"product_cat-apex","7":"product_tag-bo-nguon","8":"product_tag-dai-ly-fine-suntronix-viet-nam","9":"product_tag-dai-ly-orient-viet-nam","10":"product_tag-fine-suntronix-viet-nam","11":"product_tag-orient-viet-nam","13":"first","14":"instock","15":"shipping-taxable","16":"product-type-simple"},"aioseo_notices":[],"yoast_head":"<!-- This site is optimized with the Yoast SEO plugin v22.8 - https:\/\/yoast.com\/wordpress\/plugins\/seo\/ -->\n<title>FINE SUNTRONIX TNS-2050 - OMANI VI\u1ec6T NAM<\/title>\n<meta name=\"description\" content=\"Noise Filter (TNS Series)\" \/>\n<meta name=\"robots\" content=\"index, follow, max-snippet:-1, max-image-preview:large, max-video-preview:-1\" \/>\n<link rel=\"canonical\" href=\"https:\/\/sipin.com.vn\/index.php\/product\/fine-suntronix-tns-2050\/\" \/>\n<meta property=\"og:locale\" content=\"vi_VN\" \/>\n<meta property=\"og:type\" content=\"article\" \/>\n<meta property=\"og:title\" content=\"FINE SUNTRONIX TNS-2050 - OMANI VI\u1ec6T NAM\" \/>\n<meta property=\"og:description\" content=\"Noise Filter (TNS Series)\" \/>\n<meta property=\"og:url\" content=\"https:\/\/sipin.com.vn\/index.php\/product\/fine-suntronix-tns-2050\/\" \/>\n<meta property=\"og:site_name\" content=\"OMANI VI\u1ec6T NAM\" \/>\n<meta property=\"article:modified_time\" content=\"2024-10-14T23:10:16+00:00\" \/>\n<meta property=\"og:image\" content=\"https:\/\/sipin.com.vn\/wp-content\/uploads\/2024\/06\/TNS-2050.png\" \/>\n\t<meta property=\"og:image:width\" content=\"576\" \/>\n\t<meta property=\"og:image:height\" content=\"341\" \/>\n\t<meta property=\"og:image:type\" content=\"image\/png\" \/>\n<meta name=\"twitter:card\" content=\"summary_large_image\" \/>\n<meta name=\"twitter:label1\" content=\"\u01af\u1edbc t\u00ednh th\u1eddi gian \u0111\u1ecdc\" \/>\n\t<meta name=\"twitter:data1\" content=\"3 ph\u00fat\" \/>\n<script type=\"application\/ld+json\" class=\"yoast-schema-graph\">{\"@context\":\"https:\/\/schema.org\",\"@graph\":[{\"@type\":\"WebPage\",\"@id\":\"https:\/\/sipin.com.vn\/index.php\/product\/fine-suntronix-tns-2050\/\",\"url\":\"https:\/\/sipin.com.vn\/index.php\/product\/fine-suntronix-tns-2050\/\",\"name\":\"FINE SUNTRONIX TNS-2050 - OMANI VI\u1ec6T NAM\",\"isPartOf\":{\"@id\":\"https:\/\/sipin.com.vn\/#website\"},\"primaryImageOfPage\":{\"@id\":\"https:\/\/sipin.com.vn\/index.php\/product\/fine-suntronix-tns-2050\/#primaryimage\"},\"image\":{\"@id\":\"https:\/\/sipin.com.vn\/index.php\/product\/fine-suntronix-tns-2050\/#primaryimage\"},\"thumbnailUrl\":\"https:\/\/sipin.com.vn\/wp-content\/uploads\/2024\/06\/TNS-2050.png\",\"datePublished\":\"2024-06-25T21:48:31+00:00\",\"dateModified\":\"2024-10-14T23:10:16+00:00\",\"description\":\"Noise Filter (TNS Series)\",\"breadcrumb\":{\"@id\":\"https:\/\/sipin.com.vn\/index.php\/product\/fine-suntronix-tns-2050\/#breadcrumb\"},\"inLanguage\":\"vi\",\"potentialAction\":[{\"@type\":\"ReadAction\",\"target\":[\"https:\/\/sipin.com.vn\/index.php\/product\/fine-suntronix-tns-2050\/\"]}]},{\"@type\":\"ImageObject\",\"inLanguage\":\"vi\",\"@id\":\"https:\/\/sipin.com.vn\/index.php\/product\/fine-suntronix-tns-2050\/#primaryimage\",\"url\":\"https:\/\/sipin.com.vn\/wp-content\/uploads\/2024\/06\/TNS-2050.png\",\"contentUrl\":\"https:\/\/sipin.com.vn\/wp-content\/uploads\/2024\/06\/TNS-2050.png\",\"width\":576,\"height\":341},{\"@type\":\"BreadcrumbList\",\"@id\":\"https:\/\/sipin.com.vn\/index.php\/product\/fine-suntronix-tns-2050\/#breadcrumb\",\"itemListElement\":[{\"@type\":\"ListItem\",\"position\":1,\"name\":\"Home\",\"item\":\"https:\/\/sipin.com.vn\/\"},{\"@type\":\"ListItem\",\"position\":2,\"name\":\"S\u1ea2N PH\u1ea8M\",\"item\":\"https:\/\/sipin.com.vn\/index.php\/cua-hang\/\"},{\"@type\":\"ListItem\",\"position\":3,\"name\":\"FINE SUNTRONIX TNS-2050\"}]},{\"@type\":\"WebSite\",\"@id\":\"https:\/\/sipin.com.vn\/#website\",\"url\":\"https:\/\/sipin.com.vn\/\",\"name\":\"OMANI VI\u1ec6T NAM\",\"description\":\"Nh\u00e0 ph\u00e2n ph\u1ed1i thi\u1ebft b\u1ecb kh\u00ed n\u00e9n v\u00e0 thi\u1ebft b\u1ecb t\u1ef1 \u0111\u1ed9ng h\u00f3a trong c\u00f4ng nghi\u1ec7p\",\"publisher\":{\"@id\":\"https:\/\/sipin.com.vn\/#\/schema\/person\/0ad398a980dc3fd696111c2c5c8fa897\"},\"potentialAction\":[{\"@type\":\"SearchAction\",\"target\":{\"@type\":\"EntryPoint\",\"urlTemplate\":\"https:\/\/sipin.com.vn\/?s={search_term_string}\"},\"query-input\":\"required name=search_term_string\"}],\"inLanguage\":\"vi\"},{\"@type\":[\"Person\",\"Organization\"],\"@id\":\"https:\/\/sipin.com.vn\/#\/schema\/person\/0ad398a980dc3fd696111c2c5c8fa897\",\"name\":\"Nguy\u1ec5n V\u0103n Kh\u00e1nh\",\"image\":{\"@type\":\"ImageObject\",\"inLanguage\":\"vi\",\"@id\":\"https:\/\/sipin.com.vn\/#\/schema\/person\/image\/\",\"url\":\"https:\/\/sipin.com.vn\/wp-content\/uploads\/2024\/06\/logo-1024x1024.png\",\"contentUrl\":\"https:\/\/sipin.com.vn\/wp-content\/uploads\/2024\/06\/logo-1024x1024.png\",\"width\":1024,\"height\":1024,\"caption\":\"Nguy\u1ec5n V\u0103n Kh\u00e1nh\"},\"logo\":{\"@id\":\"https:\/\/sipin.com.vn\/#\/schema\/person\/image\/\"},\"sameAs\":[\"https:\/\/sipin.com.vn\"]}]}<\/script>\n<!-- \/ Yoast SEO plugin. -->","yoast_head_json":{"title":"FINE SUNTRONIX TNS-2050 - OMANI VI\u1ec6T NAM","description":"Noise Filter (TNS Series)","robots":{"index":"index","follow":"follow","max-snippet":"max-snippet:-1","max-image-preview":"max-image-preview:large","max-video-preview":"max-video-preview:-1"},"canonical":"https:\/\/sipin.com.vn\/index.php\/product\/fine-suntronix-tns-2050\/","og_locale":"vi_VN","og_type":"article","og_title":"FINE SUNTRONIX TNS-2050 - OMANI VI\u1ec6T NAM","og_description":"Noise Filter (TNS Series)","og_url":"https:\/\/sipin.com.vn\/index.php\/product\/fine-suntronix-tns-2050\/","og_site_name":"OMANI VI\u1ec6T NAM","article_modified_time":"2024-10-14T23:10:16+00:00","og_image":[{"width":576,"height":341,"url":"https:\/\/sipin.com.vn\/wp-content\/uploads\/2024\/06\/TNS-2050.png","type":"image\/png"}],"twitter_card":"summary_large_image","twitter_misc":{"\u01af\u1edbc t\u00ednh th\u1eddi gian \u0111\u1ecdc":"3 ph\u00fat"},"schema":{"@context":"https:\/\/schema.org","@graph":[{"@type":"WebPage","@id":"https:\/\/sipin.com.vn\/index.php\/product\/fine-suntronix-tns-2050\/","url":"https:\/\/sipin.com.vn\/index.php\/product\/fine-suntronix-tns-2050\/","name":"FINE SUNTRONIX TNS-2050 - OMANI VI\u1ec6T NAM","isPartOf":{"@id":"https:\/\/sipin.com.vn\/#website"},"primaryImageOfPage":{"@id":"https:\/\/sipin.com.vn\/index.php\/product\/fine-suntronix-tns-2050\/#primaryimage"},"image":{"@id":"https:\/\/sipin.com.vn\/index.php\/product\/fine-suntronix-tns-2050\/#primaryimage"},"thumbnailUrl":"https:\/\/sipin.com.vn\/wp-content\/uploads\/2024\/06\/TNS-2050.png","datePublished":"2024-06-25T21:48:31+00:00","dateModified":"2024-10-14T23:10:16+00:00","description":"Noise Filter (TNS Series)","breadcrumb":{"@id":"https:\/\/sipin.com.vn\/index.php\/product\/fine-suntronix-tns-2050\/#breadcrumb"},"inLanguage":"vi","potentialAction":[{"@type":"ReadAction","target":["https:\/\/sipin.com.vn\/index.php\/product\/fine-suntronix-tns-2050\/"]}]},{"@type":"ImageObject","inLanguage":"vi","@id":"https:\/\/sipin.com.vn\/index.php\/product\/fine-suntronix-tns-2050\/#primaryimage","url":"https:\/\/sipin.com.vn\/wp-content\/uploads\/2024\/06\/TNS-2050.png","contentUrl":"https:\/\/sipin.com.vn\/wp-content\/uploads\/2024\/06\/TNS-2050.png","width":576,"height":341},{"@type":"BreadcrumbList","@id":"https:\/\/sipin.com.vn\/index.php\/product\/fine-suntronix-tns-2050\/#breadcrumb","itemListElement":[{"@type":"ListItem","position":1,"name":"Home","item":"https:\/\/sipin.com.vn\/"},{"@type":"ListItem","position":2,"name":"S\u1ea2N PH\u1ea8M","item":"https:\/\/sipin.com.vn\/index.php\/cua-hang\/"},{"@type":"ListItem","position":3,"name":"FINE SUNTRONIX TNS-2050"}]},{"@type":"WebSite","@id":"https:\/\/sipin.com.vn\/#website","url":"https:\/\/sipin.com.vn\/","name":"OMANI VI\u1ec6T NAM","description":"Nh\u00e0 ph\u00e2n ph\u1ed1i thi\u1ebft b\u1ecb kh\u00ed n\u00e9n v\u00e0 thi\u1ebft b\u1ecb t\u1ef1 \u0111\u1ed9ng h\u00f3a trong c\u00f4ng nghi\u1ec7p","publisher":{"@id":"https:\/\/sipin.com.vn\/#\/schema\/person\/0ad398a980dc3fd696111c2c5c8fa897"},"potentialAction":[{"@type":"SearchAction","target":{"@type":"EntryPoint","urlTemplate":"https:\/\/sipin.com.vn\/?s={search_term_string}"},"query-input":"required name=search_term_string"}],"inLanguage":"vi"},{"@type":["Person","Organization"],"@id":"https:\/\/sipin.com.vn\/#\/schema\/person\/0ad398a980dc3fd696111c2c5c8fa897","name":"Nguy\u1ec5n V\u0103n Kh\u00e1nh","image":{"@type":"ImageObject","inLanguage":"vi","@id":"https:\/\/sipin.com.vn\/#\/schema\/person\/image\/","url":"https:\/\/sipin.com.vn\/wp-content\/uploads\/2024\/06\/logo-1024x1024.png","contentUrl":"https:\/\/sipin.com.vn\/wp-content\/uploads\/2024\/06\/logo-1024x1024.png","width":1024,"height":1024,"caption":"Nguy\u1ec5n V\u0103n Kh\u00e1nh"},"logo":{"@id":"https:\/\/sipin.com.vn\/#\/schema\/person\/image\/"},"sameAs":["https:\/\/sipin.com.vn"]}]}},"_links":{"self":[{"href":"https:\/\/sipin.com.vn\/index.php\/wp-json\/wp\/v2\/product\/841","targetHints":{"allow":["GET"]}}],"collection":[{"href":"https:\/\/sipin.com.vn\/index.php\/wp-json\/wp\/v2\/product"}],"about":[{"href":"https:\/\/sipin.com.vn\/index.php\/wp-json\/wp\/v2\/types\/product"}],"replies":[{"embeddable":true,"href":"https:\/\/sipin.com.vn\/index.php\/wp-json\/wp\/v2\/comments?post=841"}],"wp:featuredmedia":[{"embeddable":true,"href":"https:\/\/sipin.com.vn\/index.php\/wp-json\/wp\/v2\/media\/842"}],"wp:attachment":[{"href":"https:\/\/sipin.com.vn\/index.php\/wp-json\/wp\/v2\/media?parent=841"}],"wp:term":[{"taxonomy":"product_cat","embeddable":true,"href":"https:\/\/sipin.com.vn\/index.php\/wp-json\/wp\/v2\/product_cat?post=841"},{"taxonomy":"product_tag","embeddable":true,"href":"https:\/\/sipin.com.vn\/index.php\/wp-json\/wp\/v2\/product_tag?post=841"}],"curies":[{"name":"wp","href":"https:\/\/api.w.org\/{rel}","templated":true}]}}