{"id":837,"date":"2024-06-25T05:28:13","date_gmt":"2024-06-24T22:28:13","guid":{"rendered":"https:\/\/omanivietnam.com\/?post_type=product&#038;p=837"},"modified":"2024-08-16T22:22:44","modified_gmt":"2024-08-16T15:22:44","slug":"keyence-vt3-v8","status":"publish","type":"product","link":"https:\/\/sipin.com.vn\/index.php\/product\/keyence-vt3-v8\/","title":{"rendered":"KEYENCE VT3-V8"},"content":{"rendered":"<p>KEYENCE VT3-V8<\/p>\n<p class=\"prd-utility-maxWidth-narrow\"><span class=\"prd-utility-heading-1 prd-utility-marginBottom-2 prd-utility-block\">B\u1ea3ng \u0111i\u1ec1u khi\u1ec3n ch\u1ea1m m\u00e0u VGA TFT 8 inch <\/span><span class=\"prd-utility-body-medium prd-utility-block\">VT3-V8<\/span><\/p>\n<p class=\"prd-utility-heading-3 prd-utility-marginBottom-7\">Th\u00f4ng s\u1ed1 k\u1ef9 thu\u1eadt<\/p>\n<div class=\"prd-specsTable prd-utility-focusRing\" style=\"padding: 0px;margin: 0px;color: #484b4c;font-family: myriad-pro, helvetica, Arial, meiryo, sans-serif;font-size: 17px;font-style: normal;font-weight: 400;letter-spacing: normal;text-align: left;text-indent: 0px;text-transform: none;background-color: #fafafa\" data-controller=\"horizontal-scroll-state scroll-to-coord\" data-action=\"resize@window-&gt;horizontal-scroll-state#setOverflowing scroll-&gt;horizontal-scroll-state#setScrolled\" data-horizontal-scroll-state-target=\"container\" data-horizontal-scroll-state-overflowing-class=\"is-overflowing\" data-horizontal-scroll-state-has-scrolled-class=\"is-hasScrolled\" data-scroll-to-coord-target=\"container\">\n<div class=\"prd-utility-body-small\">\n<div class=\"specTable-block\">\n<table class=\"specTable-stibo-3282397\">\n<tbody>\n<tr class=\"specTable-row\">\n<td class=\"specTable-clm-0\" colspan=\"4\">M\u1eabu<\/td>\n<td class=\"specTable-clm-4\">VT3-V8<\/td>\n<\/tr>\n<tr class=\"specTable-row\">\n<td class=\"specTable-clm-0\" rowspan=\"7\">\u0110\u1eb7c \u0111i\u1ec3m k\u1ef9 thu\u1eadt chung<\/td>\n<td class=\"specTable-clm-1\" colspan=\"3\">D\u00f2ng \u0111i\u1ec7n v\u1eadn h\u00e0nh<\/td>\n<td class=\"specTable-clm-4\">C\u1ef1c \u0111\u1ea1i 950mA<\/td>\n<\/tr>\n<tr class=\"specTable-row\">\n<td class=\"specTable-clm-1\" colspan=\"3\">Lo\u1ea1i qu\u00e1 \u00e1p<\/td>\n<td class=\"specTable-clm-4\">I<\/td>\n<\/tr>\n<tr class=\"specTable-row\">\n<td class=\"specTable-clm-1\" colspan=\"3\">M\u1ee9c \u0111\u1ed9 \u00f4 nhi\u1ec5m<\/td>\n<td class=\"specTable-clm-4\">2<\/td>\n<\/tr>\n<tr class=\"specTable-row\">\n<td class=\"specTable-clm-1\" colspan=\"3\">D\u00f2ng \u0111i\u1ec7n<\/td>\n<td class=\"specTable-clm-4\">24 VDC \u00b110%<\/td>\n<\/tr>\n<tr class=\"specTable-row\">\n<td class=\"specTable-clm-1\" colspan=\"3\">Nhi\u1ec7t \u0111\u1ed9 xung quanh khi v\u1eadn h\u00e0nh<\/td>\n<td class=\"specTable-clm-4\">0 \u0111\u1ebfn +50\u00b0C<\/td>\n<\/tr>\n<tr class=\"specTable-row\">\n<td class=\"specTable-clm-1\" colspan=\"3\">\u0110\u1ed9 cao<\/td>\n<td class=\"specTable-clm-4\">-10 \u0111\u1ebfn +60\u00b0C (kh\u00f4ng \u0111\u00f3ng b\u0103ng)<\/td>\n<\/tr>\n<tr class=\"specTable-row\">\n<td class=\"specTable-clm-1\" colspan=\"3\">Tr\u1ecdng l\u01b0\u1ee3ng<\/td>\n<td class=\"specTable-clm-4\">X\u1ea5p x\u1ec9 1150 g<\/td>\n<\/tr>\n<tr class=\"specTable-row\">\n<td class=\"specTable-clm-0\" rowspan=\"17\">\u0110\u1eb7c \u0111i\u1ec3m k\u1ef9 thu\u1eadt hi\u1ec7u su\u1ea5t<\/td>\n<td class=\"specTable-clm-1\" rowspan=\"5\">C\u00e1c \u0111\u1ecbnh m\u1ee9c<\/td>\n<td class=\"specTable-clm-2\" colspan=\"2\">Y\u1ebfu t\u1ed1 m\u00e0n h\u00ecnh hi\u1ec3n th\u1ecb<\/td>\n<td class=\"specTable-clm-4\">FTF M\u00e0u LCD<\/td>\n<\/tr>\n<tr class=\"specTable-row\">\n<td class=\"specTable-clm-2\" colspan=\"2\">M\u00e0u s\u1eafc m\u00e0n h\u00ecnh hi\u1ec3n th\u1ecb<\/td>\n<td class=\"specTable-clm-4\">32768 m\u00e0u<\/td>\n<\/tr>\n<tr class=\"specTable-row\">\n<td class=\"specTable-clm-2\" colspan=\"2\">S\u1ed1 l\u01b0\u1ee3ng dot<\/td>\n<td class=\"specTable-clm-4\">W 640 \u00d7 H 480 ch\u1ea5m<\/td>\n<\/tr>\n<tr class=\"specTable-row\">\n<td class=\"specTable-clm-2\" colspan=\"2\">V\u00f9ng hi\u1ec3n th\u1ecb ho\u1ea1t\u0111\u1ed9ng<\/td>\n<td class=\"specTable-clm-4\">W 170.9 \u00d7 H 128.2 mm<\/td>\n<\/tr>\n<tr class=\"specTable-row\">\n<td class=\"specTable-clm-2\" colspan=\"2\" rowspan=\"2\">Tu\u1ed5i th\u1ecd (nhi\u1ec7t \u0111\u1ed9 v\u00e0 \u0111\u1ed9 \u1ea9m th\u00f4ng th\u01b0\u1eddng)<\/td>\n<td class=\"specTable-clm-4\" rowspan=\"2\">X\u1ea5p x\u1ec9 50000 gi\u1edd<\/td>\n<\/tr>\n<tr class=\"specTable-row\">\n<td class=\"specTable-clm-1\">\u0110\u00e8n chi\u1ebfu s\u00e1ng ng\u01b0\u1ee3c<\/td>\n<\/tr>\n<tr class=\"specTable-row\">\n<td class=\"specTable-clm-1\" rowspan=\"4\">B\u1ed9 chuy\u1ec3n ch\u1ea1m<\/td>\n<td class=\"specTable-clm-2\" colspan=\"2\">S\u1ed1 l\u01b0\u1ee3ng b\u1ed9 chuy\u1ec3n<\/td>\n<td class=\"specTable-clm-4\">40\u00d730\/m\u00e0n h\u00ecnh<\/td>\n<\/tr>\n<tr class=\"specTable-row\">\n<td class=\"specTable-clm-2\" colspan=\"2\">L\u1ef1c v\u1eadn h\u00e0nh<\/td>\n<td class=\"specTable-clm-4\">C\u1ef1c \u0111\u1ea1i 0,98N<\/td>\n<\/tr>\n<tr class=\"specTable-row\">\n<td class=\"specTable-clm-2\" colspan=\"2\">Tu\u1ed5i th\u1ecd t\u1ed1i \u0111a<\/td>\n<td class=\"specTable-clm-4\">t\u1eeb 1.000.000 l\u1ea7n tr\u1edf l\u00ean<\/td>\n<\/tr>\n<tr class=\"specTable-row\">\n<td class=\"specTable-clm-2\" colspan=\"2\">T\u00edn hi\u1ec7u ng\u00f5 v\u00e0o hi\u1ec7u ch\u1ec9nh b\u00ean ngo\u00e0i<\/td>\n<td class=\"specTable-clm-4\">\u2015<\/td>\n<\/tr>\n<tr class=\"specTable-row\">\n<td class=\"specTable-clm-1\">B\u1ed9 nh\u1edb b\u00ean trong d\u1eef li\u1ec7u m\u00e0n h\u00ecnh<\/td>\n<td class=\"specTable-clm-2\" colspan=\"2\">Dung l\u01b0\u1ee3ng b\u1ed9 nh\u1edb<\/td>\n<td class=\"specTable-clm-4\">12 MB<\/td>\n<\/tr>\n<tr class=\"specTable-row\">\n<td class=\"specTable-clm-1\">Sao l\u01b0u d\u1eef li\u1ec7u<\/td>\n<td class=\"specTable-clm-2\" colspan=\"2\">D\u1eef li\u1ec7u ghi<\/td>\n<td class=\"specTable-clm-4\">SRAM D\u1ef1 ph\u00f2ng : Pin lithium<\/td>\n<\/tr>\n<tr class=\"specTable-row\">\n<td class=\"specTable-clm-1\" rowspan=\"4\">Ch\u1ee9c n\u0103ng giao ti\u1ebfp<\/td>\n<td class=\"specTable-clm-2\" colspan=\"2\">B\u1ed9 \u0111i\u1ec1u nhi\u1ec7t<\/td>\n<td class=\"specTable-clm-4\">c\u00f4ng ty c\u1ed5 ph\u1ea7n Yokogawa Electric, c\u00f4ng ty c\u1ed5 ph\u1ea7n Azbil, c\u00f4ng ty c\u1ed5 ph\u1ea7n OMRON, c\u00f4ng ty RKC INSTRUMENT, c\u00f4ng ty SHINKO TECHNOS, C\u00d4NG TY C\u1ed4 PH\u1ea6N CHINO<\/td>\n<\/tr>\n<tr class=\"specTable-row\">\n<td class=\"specTable-clm-2\" colspan=\"2\">B\u1ed9 \u0111\u1ea3o \u0111i\u1ec7n<\/td>\n<td class=\"specTable-clm-4\" rowspan=\"2\">c\u00f4ng ty c\u1ed5 ph\u1ea7n Mitsubishi Electric, c\u00f4ng ty c\u1ed5 ph\u1ea7n Fuji Electric FA Components &amp; Systems, c\u00f4ng ty c\u1ed5 ph\u1ea7n YASKAWA Electric, c\u00f4ng ty c\u1ed5 ph\u1ea7n OMRON<\/td>\n<\/tr>\n<tr class=\"specTable-row\">\n<td class=\"specTable-clm-2\" colspan=\"2\">B\u1ed9 khu\u1ebfch \u0111\u1ea1i Servo<\/td>\n<\/tr>\n<tr class=\"specTable-row\">\n<td class=\"specTable-clm-2\" colspan=\"2\">\u0110\u1ed9ng c\u01a1 b\u01b0\u1edbc<\/td>\n<td class=\"specTable-clm-4\">c\u00f4ng ty c\u1ed5 ph\u1ea7n ORIENTAL MOTOR<\/td>\n<\/tr>\n<tr class=\"specTable-row\">\n<td class=\"specTable-clm-1\">Ph\u00edm m\u0169i t\u00ean<\/td>\n<td class=\"specTable-clm-2\" colspan=\"2\">Tu\u1ed5i th\u1ecd t\u1ed1i \u0111a<\/td>\n<td class=\"specTable-clm-4\">\u2015<\/td>\n<\/tr>\n<tr class=\"specTable-row\">\n<td class=\"specTable-clm-0\" rowspan=\"25\">\u0110\u1eb7c \u0111i\u1ec3m k\u1ef9 thu\u1eadt I\/O<\/td>\n<td class=\"specTable-clm-1\" rowspan=\"3\">I\/F (C\u1ed4NG 2) n\u1ed1i ti\u1ebfp \u0111\u1ec3 k\u1ebft n\u1ed1i PLC\/thi\u1ebft b\u1ecb b\u00ean ngo\u00e0i<\/td>\n<td class=\"specTable-clm-2\" colspan=\"2\">Chi\u1ec1u d\u00e0i d\u1eef li\u1ec7u<\/td>\n<td class=\"specTable-clm-4\">7 or 8 bit<\/td>\n<\/tr>\n<tr class=\"specTable-row\">\n<td class=\"specTable-clm-2\" colspan=\"2\">Ch\u1eb5n l\u1ebb<\/td>\n<td class=\"specTable-clm-4\">Ch\u1eb5n\/L\u1ebb\/Kh\u00f4ng<\/td>\n<\/tr>\n<tr class=\"specTable-row\">\n<td class=\"specTable-clm-2\" colspan=\"2\">T\u1ed1c \u0111\u1ed9 truy\u1ec1n d\u1eabn<\/td>\n<td class=\"specTable-clm-4\">1,200, 2,400, 4,800, 9,600, 19,200, 38,400, 57,600, 115,200 bps<\/td>\n<\/tr>\n<tr class=\"specTable-row\">\n<td class=\"specTable-clm-1\" rowspan=\"4\">I\/F (C\u1ed4NG 3) n\u1ed1i ti\u1ebfp \u0111\u1ec3 k\u1ebft n\u1ed1i M\u00e3 v\u1ea1ch\/PLC\/thi\u1ebft b\u1ecb b\u00ean ngo\u00e0i<\/td>\n<td class=\"specTable-clm-2\" colspan=\"2\">Ti\u00eau chu\u1ea9n \u00e1p d\u1ee5ng<\/td>\n<td class=\"specTable-clm-4\">Ph\u00f9 h\u1ee3p v\u1edbi EIA RS-232C<\/td>\n<\/tr>\n<tr class=\"specTable-row\">\n<td class=\"specTable-clm-2\" colspan=\"2\">Chi\u1ec1u d\u00e0i d\u1eef li\u1ec7u<\/td>\n<td class=\"specTable-clm-4\">7 or 8 bit<\/td>\n<\/tr>\n<tr class=\"specTable-row\">\n<td class=\"specTable-clm-2\" colspan=\"2\">Ch\u1eb5n l\u1ebb<\/td>\n<td class=\"specTable-clm-4\">Ch\u1eb5n\/L\u1ebb\/Kh\u00f4ng<\/td>\n<\/tr>\n<tr class=\"specTable-row\">\n<td class=\"specTable-clm-2\" colspan=\"2\">T\u1ed1c \u0111\u1ed9 giao ti\u1ebfp<\/td>\n<td class=\"specTable-clm-4\">1,200, 2,400, 4,800, 9,600, 19,200, 38,400, 57,600, 115,200 bps<\/td>\n<\/tr>\n<tr class=\"specTable-row\">\n<td class=\"specTable-clm-1\" rowspan=\"18\">I\/F (C\u1ed4NG 4) n\u1ed1i ti\u1ebfp \u0111\u1ec3 k\u1ebft n\u1ed1i li\u00ean k\u1ebft Mega\/\u0111a li\u00ean k\u1ebft\/li\u00ean k\u1ebft KL\/thi\u1ebft b\u1ecb b\u00ean ngo\u00e0i<\/td>\n<td class=\"specTable-clm-2\">Khi k\u1ebft n\u1ed1i th\u00f4ng qua li\u00ean k\u1ebft Mega<\/td>\n<td class=\"specTable-clm-3\">Ti\u00eau chu\u1ea9n \u00e1p d\u1ee5ng<\/td>\n<td class=\"specTable-clm-4\">RS-485<\/td>\n<\/tr>\n<tr class=\"specTable-row\">\n<td class=\"specTable-clm-2\" colspan=\"2\">S\u1ed1 l\u01b0\u1ee3ng b\u1ed9 thi\u1ebft b\u1ecb t\u1ed1i \u0111a c\u00f3 th\u1ec3 k\u1ebft n\u1ed1i<\/td>\n<td class=\"specTable-clm-4\">15<\/td>\n<\/tr>\n<tr class=\"specTable-row\">\n<td class=\"specTable-clm-2\" colspan=\"2\">T\u1ed1c \u0111\u1ed9 baud 19200<\/td>\n<td class=\"specTable-clm-4\" rowspan=\"2\">C\u1ef1 ly m\u1edf r\u1ed9ng t\u1ed1i \u0111a 1000m<\/td>\n<\/tr>\n<tr class=\"specTable-row\">\n<td class=\"specTable-clm-2\" colspan=\"2\">T\u1ed1c \u0111\u1ed9 baud 115200<\/td>\n<\/tr>\n<tr class=\"specTable-row\">\n<td class=\"specTable-clm-2\" colspan=\"2\">T\u1ed1c \u0111\u1ed9 baud l\u00e0 0,5M<\/td>\n<td class=\"specTable-clm-4\">C\u1ef1 ly m\u1edf r\u1ed9ng t\u1ed1i \u0111a 500m<\/td>\n<\/tr>\n<tr class=\"specTable-row\">\n<td class=\"specTable-clm-2\" colspan=\"2\">T\u1ed1c \u0111\u1ed9 baud 1M<\/td>\n<td class=\"specTable-clm-4\">C\u1ef1 ly m\u1edf r\u1ed9ng t\u1ed1i \u0111a 200m<\/td>\n<\/tr>\n<tr class=\"specTable-row\">\n<td class=\"specTable-clm-2\" colspan=\"2\">T\u1ed1c \u0111\u1ed9 baud 2M<\/td>\n<td class=\"specTable-clm-4\">C\u1ef1 ly m\u1edf r\u1ed9ng t\u1ed1i \u0111a 100m<\/td>\n<\/tr>\n<tr class=\"specTable-row\">\n<td class=\"specTable-clm-2\" rowspan=\"4\">Khi k\u1ebft n\u1ed1i th\u00f4ng qua \u0111a li\u00ean k\u1ebft VT2<\/td>\n<td class=\"specTable-clm-3\">Ti\u00eau chu\u1ea9n \u00e1p d\u1ee5ng<\/td>\n<td class=\"specTable-clm-4\">RS-485<\/td>\n<\/tr>\n<tr class=\"specTable-row\">\n<td class=\"specTable-clm-3\">C\u1ef1 ly truy\u1ec1n d\u1eabn<\/td>\n<td class=\"specTable-clm-4\">C\u1ef1 ly m\u1edf r\u1ed9ng t\u1ed1i \u0111a C\u1ef1c \u0111\u1ea1i 500 m<\/td>\n<\/tr>\n<tr class=\"specTable-row\">\n<td class=\"specTable-clm-3\">T\u1ed1c \u0111\u1ed9 giao ti\u1ebfp<\/td>\n<td class=\"specTable-clm-4\">19200, 115200, 0.5M, 1M bit\/s<\/td>\n<\/tr>\n<tr class=\"specTable-row\">\n<td class=\"specTable-clm-3\">T\u1ed1c \u0111\u1ed9 baud C\u1ef1c \u0111\u1ea1i 115200<\/td>\n<td class=\"specTable-clm-4\">C\u1ef1 ly m\u1edf r\u1ed9ng t\u1ed1i \u0111a 500m<\/td>\n<\/tr>\n<tr class=\"specTable-row\">\n<td class=\"specTable-clm-2\" rowspan=\"2\">\u0097 Khi k\u1ebft n\u1ed1i th\u00f4ng qua \u0111a li\u00ean k\u1ebft VT2<\/td>\n<td class=\"specTable-clm-3\">T\u1ed1c \u0111\u1ed9 baud l\u00e0 0,5M<\/td>\n<td class=\"specTable-clm-4\">C\u1ef1 ly m\u1edf r\u1ed9ng t\u1ed1i \u0111a 100m<\/td>\n<\/tr>\n<tr class=\"specTable-row\">\n<td class=\"specTable-clm-3\">T\u1ed1c \u0111\u1ed9 baud 1M<\/td>\n<td class=\"specTable-clm-4\">C\u1ef1 ly m\u1edf r\u1ed9ng t\u1ed1i \u0111a 50m<\/td>\n<\/tr>\n<tr class=\"specTable-row\">\n<td class=\"specTable-clm-2\" rowspan=\"3\">Khi k\u1ebft n\u1ed1i th\u00f4ng qua \u0111a li\u00ean k\u1ebft<\/td>\n<td class=\"specTable-clm-3\">Ti\u00eau chu\u1ea9n \u00e1p d\u1ee5ng<\/td>\n<td class=\"specTable-clm-4\">RS-485<\/td>\n<\/tr>\n<tr class=\"specTable-row\">\n<td class=\"specTable-clm-3\">C\u1ef1 ly truy\u1ec1n d\u1eabn<\/td>\n<td class=\"specTable-clm-4\">C\u1ef1 ly m\u1edf r\u1ed9ng t\u1ed1i \u0111a C\u1ef1c \u0111\u1ea1i 500 m<\/td>\n<\/tr>\n<tr class=\"specTable-row\">\n<td class=\"specTable-clm-3\">T\u1ed1c \u0111\u1ed9 giao ti\u1ebfp<\/td>\n<td class=\"specTable-clm-4\">19200, 38400, 57600, 115200 bit\/s<\/td>\n<\/tr>\n<tr class=\"specTable-row\">\n<td class=\"specTable-clm-2\" rowspan=\"2\">Khi k\u1ebft n\u1ed1i th\u00f4ng qua li\u00ean k\u1ebft KL<\/td>\n<td class=\"specTable-clm-3\">\u0110\u1ecbnh d\u1ea1ng k\u1ebft n\u1ed1i<\/td>\n<td class=\"specTable-clm-4\">Ph\u00e2n nh\u00e1nh h\u00ecnh ch\u1eef T , k\u1ebft \u0111a \u0111i\u1ec3m<\/td>\n<\/tr>\n<tr class=\"specTable-row\">\n<td class=\"specTable-clm-3\">T\u1ed1c \u0111\u1ed9 giao ti\u1ebfp<\/td>\n<td class=\"specTable-clm-4\">5 Mbps, 2.5 Mbps, 625 kbps, 156 kbps<\/td>\n<\/tr>\n<\/tbody>\n<\/table>\n<\/div>\n<\/div>\n<\/div>\n<p>&nbsp;<\/p>\n<p>&nbsp;<\/p>\n<p>\u0110\u1ea1i l\u00fd Keyence vietnam, Keyence viet nam, Keyence vietnam distributor, Ph\u00e2n ph\u1ed1i Keyence t\u1ea1i vi\u1ec7t nam<\/p>\n<p>\u0110\u1ea1i l\u00fd Keyence vietnam, Keyence viet nam, Keyence vietnam distributor, Ph\u00e2n ph\u1ed1i Keyence t\u1ea1i vi\u1ec7t nam<\/p>\n<p>\u0110\u1ea1i l\u00fd Keyence vietnam, Keyence viet nam, Keyence vietnam distributor, Ph\u00e2n ph\u1ed1i Keyence t\u1ea1i vi\u1ec7t nam<\/p>\n<p>\u0110\u1ea1i l\u00fd Keyence vietnam, Keyence viet nam, Keyence vietnam distributor, Ph\u00e2n ph\u1ed1i Keyence t\u1ea1i vi\u1ec7t nam<\/p>\n<p>\u0110\u1ea1i l\u00fd Keyence vietnam, Keyence viet nam, Keyence vietnam distributor, Ph\u00e2n ph\u1ed1i Keyence t\u1ea1i vi\u1ec7t nam<\/p>\n<p>&nbsp;<\/p>\n","protected":false},"excerpt":{"rendered":"<p>KEYENCE VT3-V8 B\u1ea3ng \u0111i\u1ec1u khi\u1ec3n ch\u1ea1m m\u00e0u VGA TFT 8 inch VT3-V8 Th\u00f4ng s\u1ed1 k\u1ef9 thu\u1eadt M\u1eabu VT3-V8 \u0110\u1eb7c \u0111i\u1ec3m k\u1ef9 thu\u1eadt chung D\u00f2ng \u0111i\u1ec7n v\u1eadn h\u00e0nh C\u1ef1c \u0111\u1ea1i 950mA Lo\u1ea1i qu\u00e1 \u00e1p I M\u1ee9c \u0111\u1ed9 \u00f4 nhi\u1ec5m 2 D\u00f2ng \u0111i\u1ec7n 24 VDC \u00b110% Nhi\u1ec7t \u0111\u1ed9 xung quanh khi v\u1eadn&hellip; <\/p>\n","protected":false},"featured_media":838,"comment_status":"open","ping_status":"closed","template":"","meta":{"om_disable_all_campaigns":false,"_monsterinsights_skip_tracking":false,"_monsterinsights_sitenote_active":false,"_monsterinsights_sitenote_note":"","_monsterinsights_sitenote_category":0},"product_cat":[15],"product_tag":[114,113,212],"class_list":{"0":"post-837","1":"product","2":"type-product","3":"status-publish","4":"has-post-thumbnail","6":"product_cat-apex","7":"product_tag-dai-ly-keyence-viet-nam","8":"product_tag-keyence-viet-nam","9":"product_tag-man-hinh","11":"first","12":"instock","13":"shipping-taxable","14":"product-type-simple"},"aioseo_notices":[],"yoast_head":"<!-- This site is optimized with the Yoast SEO plugin v22.8 - https:\/\/yoast.com\/wordpress\/plugins\/seo\/ -->\n<title>KEYENCE VT3-V8 - OMANI VI\u1ec6T NAM<\/title>\n<meta name=\"description\" content=\"VT3-V8 | Keyence 8-inch VGA TFT Colour Touch Panel; B\u1ea3ng \u0111i\u1ec1u khi\u1ec3n ch\u1ea1m m\u00e0u VGA TFT 8 inch - VT3-V8\" \/>\n<meta name=\"robots\" content=\"index, follow, max-snippet:-1, max-image-preview:large, max-video-preview:-1\" \/>\n<link rel=\"canonical\" href=\"https:\/\/sipin.com.vn\/index.php\/product\/keyence-vt3-v8\/\" \/>\n<meta property=\"og:locale\" content=\"vi_VN\" \/>\n<meta property=\"og:type\" content=\"article\" \/>\n<meta property=\"og:title\" content=\"KEYENCE VT3-V8 - OMANI VI\u1ec6T NAM\" \/>\n<meta property=\"og:description\" content=\"VT3-V8 | Keyence 8-inch VGA TFT Colour Touch Panel; B\u1ea3ng \u0111i\u1ec1u khi\u1ec3n ch\u1ea1m m\u00e0u VGA TFT 8 inch - VT3-V8\" \/>\n<meta property=\"og:url\" content=\"https:\/\/sipin.com.vn\/index.php\/product\/keyence-vt3-v8\/\" \/>\n<meta property=\"og:site_name\" content=\"OMANI VI\u1ec6T NAM\" \/>\n<meta property=\"article:modified_time\" content=\"2024-08-16T15:22:44+00:00\" \/>\n<meta property=\"og:image\" content=\"https:\/\/sipin.com.vn\/wp-content\/uploads\/2024\/06\/VT3-V8.png\" \/>\n\t<meta property=\"og:image:width\" content=\"604\" \/>\n\t<meta property=\"og:image:height\" content=\"468\" \/>\n\t<meta property=\"og:image:type\" content=\"image\/png\" \/>\n<meta name=\"twitter:card\" content=\"summary_large_image\" \/>\n<meta name=\"twitter:label1\" content=\"\u01af\u1edbc t\u00ednh th\u1eddi gian \u0111\u1ecdc\" \/>\n\t<meta name=\"twitter:data1\" content=\"4 ph\u00fat\" \/>\n<script type=\"application\/ld+json\" class=\"yoast-schema-graph\">{\"@context\":\"https:\/\/schema.org\",\"@graph\":[{\"@type\":\"WebPage\",\"@id\":\"https:\/\/sipin.com.vn\/index.php\/product\/keyence-vt3-v8\/\",\"url\":\"https:\/\/sipin.com.vn\/index.php\/product\/keyence-vt3-v8\/\",\"name\":\"KEYENCE VT3-V8 - OMANI VI\u1ec6T NAM\",\"isPartOf\":{\"@id\":\"https:\/\/sipin.com.vn\/#website\"},\"primaryImageOfPage\":{\"@id\":\"https:\/\/sipin.com.vn\/index.php\/product\/keyence-vt3-v8\/#primaryimage\"},\"image\":{\"@id\":\"https:\/\/sipin.com.vn\/index.php\/product\/keyence-vt3-v8\/#primaryimage\"},\"thumbnailUrl\":\"https:\/\/sipin.com.vn\/wp-content\/uploads\/2024\/06\/VT3-V8.png\",\"datePublished\":\"2024-06-24T22:28:13+00:00\",\"dateModified\":\"2024-08-16T15:22:44+00:00\",\"description\":\"VT3-V8 | Keyence 8-inch VGA TFT Colour Touch Panel; B\u1ea3ng \u0111i\u1ec1u khi\u1ec3n ch\u1ea1m m\u00e0u VGA TFT 8 inch - VT3-V8\",\"breadcrumb\":{\"@id\":\"https:\/\/sipin.com.vn\/index.php\/product\/keyence-vt3-v8\/#breadcrumb\"},\"inLanguage\":\"vi\",\"potentialAction\":[{\"@type\":\"ReadAction\",\"target\":[\"https:\/\/sipin.com.vn\/index.php\/product\/keyence-vt3-v8\/\"]}]},{\"@type\":\"ImageObject\",\"inLanguage\":\"vi\",\"@id\":\"https:\/\/sipin.com.vn\/index.php\/product\/keyence-vt3-v8\/#primaryimage\",\"url\":\"https:\/\/sipin.com.vn\/wp-content\/uploads\/2024\/06\/VT3-V8.png\",\"contentUrl\":\"https:\/\/sipin.com.vn\/wp-content\/uploads\/2024\/06\/VT3-V8.png\",\"width\":604,\"height\":468},{\"@type\":\"BreadcrumbList\",\"@id\":\"https:\/\/sipin.com.vn\/index.php\/product\/keyence-vt3-v8\/#breadcrumb\",\"itemListElement\":[{\"@type\":\"ListItem\",\"position\":1,\"name\":\"Home\",\"item\":\"https:\/\/sipin.com.vn\/\"},{\"@type\":\"ListItem\",\"position\":2,\"name\":\"S\u1ea2N PH\u1ea8M\",\"item\":\"https:\/\/sipin.com.vn\/index.php\/cua-hang\/\"},{\"@type\":\"ListItem\",\"position\":3,\"name\":\"KEYENCE VT3-V8\"}]},{\"@type\":\"WebSite\",\"@id\":\"https:\/\/sipin.com.vn\/#website\",\"url\":\"https:\/\/sipin.com.vn\/\",\"name\":\"OMANI VI\u1ec6T NAM\",\"description\":\"Nh\u00e0 ph\u00e2n ph\u1ed1i thi\u1ebft b\u1ecb kh\u00ed n\u00e9n v\u00e0 thi\u1ebft b\u1ecb t\u1ef1 \u0111\u1ed9ng h\u00f3a trong c\u00f4ng nghi\u1ec7p\",\"publisher\":{\"@id\":\"https:\/\/sipin.com.vn\/#\/schema\/person\/0ad398a980dc3fd696111c2c5c8fa897\"},\"potentialAction\":[{\"@type\":\"SearchAction\",\"target\":{\"@type\":\"EntryPoint\",\"urlTemplate\":\"https:\/\/sipin.com.vn\/?s={search_term_string}\"},\"query-input\":\"required name=search_term_string\"}],\"inLanguage\":\"vi\"},{\"@type\":[\"Person\",\"Organization\"],\"@id\":\"https:\/\/sipin.com.vn\/#\/schema\/person\/0ad398a980dc3fd696111c2c5c8fa897\",\"name\":\"Nguy\u1ec5n V\u0103n Kh\u00e1nh\",\"image\":{\"@type\":\"ImageObject\",\"inLanguage\":\"vi\",\"@id\":\"https:\/\/sipin.com.vn\/#\/schema\/person\/image\/\",\"url\":\"https:\/\/sipin.com.vn\/wp-content\/uploads\/2024\/06\/logo-1024x1024.png\",\"contentUrl\":\"https:\/\/sipin.com.vn\/wp-content\/uploads\/2024\/06\/logo-1024x1024.png\",\"width\":1024,\"height\":1024,\"caption\":\"Nguy\u1ec5n V\u0103n Kh\u00e1nh\"},\"logo\":{\"@id\":\"https:\/\/sipin.com.vn\/#\/schema\/person\/image\/\"},\"sameAs\":[\"https:\/\/sipin.com.vn\"]}]}<\/script>\n<!-- \/ Yoast SEO plugin. -->","yoast_head_json":{"title":"KEYENCE VT3-V8 - OMANI VI\u1ec6T NAM","description":"VT3-V8 | Keyence 8-inch VGA TFT Colour Touch Panel; B\u1ea3ng \u0111i\u1ec1u khi\u1ec3n ch\u1ea1m m\u00e0u VGA TFT 8 inch - VT3-V8","robots":{"index":"index","follow":"follow","max-snippet":"max-snippet:-1","max-image-preview":"max-image-preview:large","max-video-preview":"max-video-preview:-1"},"canonical":"https:\/\/sipin.com.vn\/index.php\/product\/keyence-vt3-v8\/","og_locale":"vi_VN","og_type":"article","og_title":"KEYENCE VT3-V8 - OMANI VI\u1ec6T NAM","og_description":"VT3-V8 | Keyence 8-inch VGA TFT Colour Touch Panel; B\u1ea3ng \u0111i\u1ec1u khi\u1ec3n ch\u1ea1m m\u00e0u VGA TFT 8 inch - VT3-V8","og_url":"https:\/\/sipin.com.vn\/index.php\/product\/keyence-vt3-v8\/","og_site_name":"OMANI VI\u1ec6T NAM","article_modified_time":"2024-08-16T15:22:44+00:00","og_image":[{"width":604,"height":468,"url":"https:\/\/sipin.com.vn\/wp-content\/uploads\/2024\/06\/VT3-V8.png","type":"image\/png"}],"twitter_card":"summary_large_image","twitter_misc":{"\u01af\u1edbc t\u00ednh th\u1eddi gian \u0111\u1ecdc":"4 ph\u00fat"},"schema":{"@context":"https:\/\/schema.org","@graph":[{"@type":"WebPage","@id":"https:\/\/sipin.com.vn\/index.php\/product\/keyence-vt3-v8\/","url":"https:\/\/sipin.com.vn\/index.php\/product\/keyence-vt3-v8\/","name":"KEYENCE VT3-V8 - OMANI VI\u1ec6T NAM","isPartOf":{"@id":"https:\/\/sipin.com.vn\/#website"},"primaryImageOfPage":{"@id":"https:\/\/sipin.com.vn\/index.php\/product\/keyence-vt3-v8\/#primaryimage"},"image":{"@id":"https:\/\/sipin.com.vn\/index.php\/product\/keyence-vt3-v8\/#primaryimage"},"thumbnailUrl":"https:\/\/sipin.com.vn\/wp-content\/uploads\/2024\/06\/VT3-V8.png","datePublished":"2024-06-24T22:28:13+00:00","dateModified":"2024-08-16T15:22:44+00:00","description":"VT3-V8 | Keyence 8-inch VGA TFT Colour Touch Panel; B\u1ea3ng \u0111i\u1ec1u khi\u1ec3n ch\u1ea1m m\u00e0u VGA TFT 8 inch - VT3-V8","breadcrumb":{"@id":"https:\/\/sipin.com.vn\/index.php\/product\/keyence-vt3-v8\/#breadcrumb"},"inLanguage":"vi","potentialAction":[{"@type":"ReadAction","target":["https:\/\/sipin.com.vn\/index.php\/product\/keyence-vt3-v8\/"]}]},{"@type":"ImageObject","inLanguage":"vi","@id":"https:\/\/sipin.com.vn\/index.php\/product\/keyence-vt3-v8\/#primaryimage","url":"https:\/\/sipin.com.vn\/wp-content\/uploads\/2024\/06\/VT3-V8.png","contentUrl":"https:\/\/sipin.com.vn\/wp-content\/uploads\/2024\/06\/VT3-V8.png","width":604,"height":468},{"@type":"BreadcrumbList","@id":"https:\/\/sipin.com.vn\/index.php\/product\/keyence-vt3-v8\/#breadcrumb","itemListElement":[{"@type":"ListItem","position":1,"name":"Home","item":"https:\/\/sipin.com.vn\/"},{"@type":"ListItem","position":2,"name":"S\u1ea2N PH\u1ea8M","item":"https:\/\/sipin.com.vn\/index.php\/cua-hang\/"},{"@type":"ListItem","position":3,"name":"KEYENCE VT3-V8"}]},{"@type":"WebSite","@id":"https:\/\/sipin.com.vn\/#website","url":"https:\/\/sipin.com.vn\/","name":"OMANI VI\u1ec6T NAM","description":"Nh\u00e0 ph\u00e2n ph\u1ed1i thi\u1ebft b\u1ecb kh\u00ed n\u00e9n v\u00e0 thi\u1ebft b\u1ecb t\u1ef1 \u0111\u1ed9ng h\u00f3a trong c\u00f4ng nghi\u1ec7p","publisher":{"@id":"https:\/\/sipin.com.vn\/#\/schema\/person\/0ad398a980dc3fd696111c2c5c8fa897"},"potentialAction":[{"@type":"SearchAction","target":{"@type":"EntryPoint","urlTemplate":"https:\/\/sipin.com.vn\/?s={search_term_string}"},"query-input":"required name=search_term_string"}],"inLanguage":"vi"},{"@type":["Person","Organization"],"@id":"https:\/\/sipin.com.vn\/#\/schema\/person\/0ad398a980dc3fd696111c2c5c8fa897","name":"Nguy\u1ec5n V\u0103n Kh\u00e1nh","image":{"@type":"ImageObject","inLanguage":"vi","@id":"https:\/\/sipin.com.vn\/#\/schema\/person\/image\/","url":"https:\/\/sipin.com.vn\/wp-content\/uploads\/2024\/06\/logo-1024x1024.png","contentUrl":"https:\/\/sipin.com.vn\/wp-content\/uploads\/2024\/06\/logo-1024x1024.png","width":1024,"height":1024,"caption":"Nguy\u1ec5n V\u0103n Kh\u00e1nh"},"logo":{"@id":"https:\/\/sipin.com.vn\/#\/schema\/person\/image\/"},"sameAs":["https:\/\/sipin.com.vn"]}]}},"_links":{"self":[{"href":"https:\/\/sipin.com.vn\/index.php\/wp-json\/wp\/v2\/product\/837","targetHints":{"allow":["GET"]}}],"collection":[{"href":"https:\/\/sipin.com.vn\/index.php\/wp-json\/wp\/v2\/product"}],"about":[{"href":"https:\/\/sipin.com.vn\/index.php\/wp-json\/wp\/v2\/types\/product"}],"replies":[{"embeddable":true,"href":"https:\/\/sipin.com.vn\/index.php\/wp-json\/wp\/v2\/comments?post=837"}],"wp:featuredmedia":[{"embeddable":true,"href":"https:\/\/sipin.com.vn\/index.php\/wp-json\/wp\/v2\/media\/838"}],"wp:attachment":[{"href":"https:\/\/sipin.com.vn\/index.php\/wp-json\/wp\/v2\/media?parent=837"}],"wp:term":[{"taxonomy":"product_cat","embeddable":true,"href":"https:\/\/sipin.com.vn\/index.php\/wp-json\/wp\/v2\/product_cat?post=837"},{"taxonomy":"product_tag","embeddable":true,"href":"https:\/\/sipin.com.vn\/index.php\/wp-json\/wp\/v2\/product_tag?post=837"}],"curies":[{"name":"wp","href":"https:\/\/api.w.org\/{rel}","templated":true}]}}