{"id":802,"date":"2024-06-23T06:15:50","date_gmt":"2024-06-22T23:15:50","guid":{"rendered":"https:\/\/omanivietnam.com\/?post_type=product&#038;p=802"},"modified":"2024-08-16T22:25:19","modified_gmt":"2024-08-16T15:25:19","slug":"oriental-5ik90gu-swm","status":"publish","type":"product","link":"https:\/\/sipin.com.vn\/index.php\/product\/oriental-5ik90gu-swm\/","title":{"rendered":"ORIENTAL 5IK90GU-SWM"},"content":{"rendered":"<p>ORIENTAL 5IK90GU-SWM<\/p>\n<p>Item # 5IK90GU-SWM, Electromagnetic Brake Induction Motor<\/p>\n<h3 class=\"ui-accordion-header ui-helper-reset ui-corner-top ui-accordion-header-active ui-state-active\" data-id=\"#Specifications\">Specifications<\/h3>\n<div class=\"ui-accordion-content ui-helper-reset ui-widget-content ui-corner-bottom overflowvisible\">\n<table class=\"plp-item-table\">\n<tbody>\n<tr>\n<td class=\"plp-table-name left\" data-url=\"#\">\n<h2><strong>Return Policy<\/strong><\/h2>\n<\/td>\n<td class=\"plp-table-value\"><span class=\" plp-spec-value\"><span data-measure=\"general\">This product cannot be cancelled or returned once the order has been processed.<\/span><\/span><\/td>\n<\/tr>\n<tr>\n<td class=\"plp-table-name left plp-oddrow\" data-url=\"#\">\n<h2><strong>Product Line<\/strong><\/h2>\n<\/td>\n<td class=\"plp-table-value plp-oddrow\"><span class=\" plp-spec-value\"><span data-measure=\"general\">Oriental Motor\u00ae<\/span><\/span><\/td>\n<\/tr>\n<tr>\n<td class=\"plp-table-name left\" data-url=\"#\">\n<h2><strong>Motor Type<\/strong><\/h2>\n<\/td>\n<td class=\"plp-table-value\"><span class=\" plp-spec-value\"><span data-measure=\"general\">Electromagnetic Brake &#8211; Induction<\/span><\/span><\/td>\n<\/tr>\n<tr>\n<td class=\"plp-table-name left plp-oddrow\" data-url=\"#\">\n<h2><strong>Motor Frame Size<\/strong><\/h2>\n<div class=\"ui-state-default ui-corner-all ui-iconbutton \" data-title=\"length_help.jpg\" data-url=\"\/Asset\/length_help.jpg\"><\/div>\n<\/td>\n<td class=\"plp-table-value plp-oddrow\"><span class=\" plp-spec-value\"><span data-measure=\"general\">3.54 in. sq.<\/span><\/span><\/td>\n<\/tr>\n<tr>\n<td class=\"plp-table-name left\" data-url=\"#\">\n<h2><strong>Output Power<\/strong><\/h2>\n<\/td>\n<td class=\"plp-table-value\"><span class=\" plp-spec-value\"><span data-measure=\"general\">90 W (1\/8 HP)<\/span><\/span><\/td>\n<\/tr>\n<tr>\n<td class=\"plp-table-name left plp-oddrow\" data-url=\"#\">\n<h2><strong>Voltage (VAC)<\/strong><\/h2>\n<\/td>\n<td class=\"plp-table-value plp-oddrow\"><span class=\" plp-spec-value\"><span data-measure=\"general\">Three-Phase 200\/220\/230 VAC<\/span><\/span><\/td>\n<\/tr>\n<tr>\n<td class=\"plp-table-name left\" data-url=\"#\">\n<h2><strong>Frequency (Hz)<\/strong><\/h2>\n<\/td>\n<td class=\"plp-table-value\"><span class=\" plp-spec-value\"><span data-measure=\"general\">60<\/span><span data-measure=\"general\">50<\/span><\/span><\/td>\n<\/tr>\n<tr>\n<td class=\"plp-table-name left plp-oddrow\" data-url=\"#\">\n<h2><strong>Shaft\/Gear Type<\/strong><\/h2>\n<\/td>\n<td class=\"plp-table-value plp-oddrow\"><span class=\" plp-spec-value\"><span data-measure=\"general\">Pinion Shaft (Gearhead required &#8211; sold separately)<\/span><\/span><\/td>\n<\/tr>\n<tr>\n<td class=\"plp-table-name left\" data-url=\"#\">\n<h2><strong>Type<\/strong><\/h2>\n<\/td>\n<td class=\"plp-table-value\"><span class=\" plp-spec-value\"><span data-measure=\"general\">Lead Wire<\/span><\/span><\/td>\n<\/tr>\n<tr>\n<td class=\"plp-table-name left plp-oddrow\" data-url=\"#\">\n<h2><strong>Rated Torque (lb-in)<\/strong><\/h2>\n<div class=\"ui-state-default ui-corner-all ui-iconbutton \" data-title=\"torque_help.jpg\" data-url=\"\/Asset\/torque_help.jpg\"><\/div>\n<\/td>\n<td class=\"plp-table-value plp-oddrow\"><span class=\" plp-spec-value\"><span data-measure=\"general\">6 [200 VAC, 50 Hz]<\/span><span data-measure=\"general\">5 [60 Hz]<\/span><\/span><\/td>\n<\/tr>\n<tr>\n<td class=\"plp-table-name left\" data-url=\"#\">\n<h2><strong>Rated Speed (rpm)<\/strong><\/h2>\n<\/td>\n<td class=\"plp-table-value\"><span class=\" plp-spec-value\"><span data-measure=\"general\">1300 [200 VAC, 50 Hz]<\/span><span data-measure=\"general\">1550 [60 Hz]<\/span><\/span><\/td>\n<\/tr>\n<tr>\n<td class=\"plp-table-name left plp-oddrow\" data-url=\"#\">\n<h2><strong>RoHS Compliant<\/strong><\/h2>\n<div class=\"ui-state-default ui-corner-all ui-iconbutton\" style=\"border: 1px solid #c5c5c5;background: #d1d1d1;font-weight: normal;color: #000000;border-radius: 0px;width: 17px;float: left;margin: 5px\" title=\"&lt;ul&gt; &lt;li&gt;&lt;strong&gt;RoHS (EU member states) &lt;\/strong&gt;&lt;br&gt; RoHS, the European Union Directive 2002\/95\/EC, on the restriction of the use of certain hazardous substances in electrical and electronic equipment will apply to any equipment for use or import into an EU member state beginning July 2006. The restricted substances include; Lead (Pb), Mercury (Hg), Hexavalent Chromium Cr (VI), Polybrominated biphenyls \u2013 PBB, Polybrominated diphenyl ethers - PBDE and Cadmium (Cd). Electrical and electronic equipment must conform to &quot;a maximum concentration value of 0.1% by weight in homogeneous materials for lead, mercury, hexavalent chromium, polybrominated biphenals (PBB) and polybrominated diphenyl ethers (PBDE) and 0.01% by weight in homogeneous materials for cadmium&quot;.&lt;\/li&gt;&lt;\/ul&gt;\"><\/div>\n<\/td>\n<td class=\"plp-table-value plp-oddrow\"><span class=\" plp-spec-value\"><span data-measure=\"general\">No<\/span><\/span><\/td>\n<\/tr>\n<tr>\n<td class=\"plp-table-name left\" data-url=\"#\">\n<h2><strong>Safety Standards<\/strong><\/h2>\n<div class=\"ui-state-default ui-corner-all ui-iconbutton\" style=\"border: 1px solid #c5c5c5;background: #d1d1d1;font-weight: normal;color: #000000;border-radius: 0px;width: 17px;float: left;margin: 5px\" title=\"Global Safety Standards and Markings: &lt;a href=&quot;http:\/\/www.orientalmotor.com\/products\/pdfs\/2009-2010\/G\/usa_info_approved.pdf&quot; target=&quot;_blank&quot;&gt;Click Here for a List of Safety Standard Approved Products&lt;\/a&gt; &lt;ul&gt; &lt;li&gt;&lt;strong&gt;UL Standards (United States)&lt;\/strong&gt; &lt;br&gt; UL, or Underwriters Laboratories Inc. Standards are used for common items such as electronic equipment, motor-powered devices and electronic parts. The most important aspect to the UL standards for a manufacturer is that legal provisions in many American states require such products must have passed the relevant UL safety tests and be listed in the UL Directory before being offered for sale. &lt;br&gt; Also, UL has been accredited as a verification agency by the Standards Council of Canada (SCC) and is recognized by all Canadian provinces. Products that are recognized as conforming with Canadian safety standards can display the c-UL mark, and their sales and use is permitted in Canada.&lt;\/li&gt; &lt;li&gt;&lt;strong&gt;CSA Standards (Canada)&lt;\/strong&gt; &lt;br&gt; CSA stands for &quot;Canadian Standards Association&quot;. To protect human life and property from fire hazard and accidents, provincial laws in Canada forbid the sale and use of any electrical machinery, electrical parts, and so on, unless its safety has been confirmed by CSA. For this purpose, CSA has established standards detailing mandatory tests and requirements to ascertain component safety. &lt;br&gt; Also, the CSA has been accredited by the U.S. Occupational Safety and Health Administration (OSHA) as a national research and testing lab (NRTL). Products that are recognized as conforming with American safety standards may display the CSA mark with the NRTL added, and their sale and use is permitted in the U.S.&lt;\/li&gt; &lt;li&gt;&lt;strong&gt;EN Standards (EU member states)&lt;\/strong&gt; &lt;br&gt; The European Union continues to coordinate the industrial and safety standards of individual member states under the aegis of the Council of European Standardization (CEN) and the Council of European Electrical Standardization (CENELEC). The unified standards for all of Europe are called the Harmonized Standards. The numbers for Harmonized Standards all begin with an &quot;EN&quot;. EN standards apply to the design and manufacture of products exported to the EU area. (IEC and VDE standards apply when an EN standard has not yet been enacted.) &lt;br&gt; Certification is given by private inspection organization such as VDE, DEMKO, T\u00dcV Rheinland. Qualifying products may display the various safety marks.&lt;\/li&gt; &lt;li&gt;&lt;strong&gt;China Cumpulsory Certification Mark (CCC)&lt;\/strong&gt;&lt;br&gt;Chinese requirements for safety and quality certification are not new. Since 1989, China has had a safety licensing system, which included the CCIB Safety Mark, required for products in 47 product categories, and the CCEE &quot;Great Wall&quot; Mark, for electrical commodities in seven product categories. As the certification system grew through the 1990s, many companies exporting to China raised concerns about the dual certification systems, redundant testing, and differential treatment of domestic products and imported products.&lt;br&gt;The CCC Mark is administered by the Chinese government agency Certification and Accreditation Administration (CNCA). The China Quality Certification Center (CQC) is designated by CNCA to process CCC mark applications. &lt;\/li&gt; &lt;li&gt;&lt;strong&gt;CE Marking (EU member states)&lt;br&gt; &lt;\/strong&gt;To distribute equipment within the European Union, the CE marking is mandatory certifying that the equipment complies with EC Directives (safety).&lt;\/li&gt; &lt;li&gt;&lt;strong&gt;JET (Japan)&lt;\/strong&gt;&lt;br&gt; Japanese Safety Standards for Electrical Equipment Certified by Japan Electrical Safety &amp; Environment Technology Laboratories.&lt;\/li&gt; &lt;\/ul&gt;\"><\/div>\n<\/td>\n<td class=\"plp-table-value\"><span class=\" plp-spec-value\"><span data-measure=\"general\">UL<\/span><span data-measure=\"general\">CSA<\/span><span data-measure=\"general\">EN<\/span><span data-measure=\"general\">CE<\/span><\/span><\/td>\n<\/tr>\n<tr>\n<td class=\"plp-table-name left plp-oddrow\" data-url=\"#\">\n<h2><strong>CE Marking<\/strong><\/h2>\n<div class=\"ui-state-default ui-corner-all ui-iconbutton\" style=\"border: 1px solid #c5c5c5;background: #d1d1d1;font-weight: normal;color: #000000;border-radius: 0px;width: 17px;float: left;margin: 5px\" title=\"&lt;ul&gt; &lt;li&gt;&lt;strong&gt;Machinery Directives: 98\/37\/EC&lt;\/strong&gt;&lt;br&gt; Applicable to equipment with moving parts that could cause human injury. (Mandatory as of January 1, 1995). 89\/392\/EEC, 91\/368\/EEC, 93\/44\/EEC have been newly issued as 98\/37\/EC.&lt;\/li&gt; &lt;li&gt;&lt;strong&gt;EMC Directives: 89\/336\/EEC, 92\/31\/EEC&lt;\/strong&gt;&lt;br&gt; Applicable to equipment that could cause electromagnetic interference (EMI) and equipment that could be affected by electromagnetic interference (EMS). (Mandatory as of January 1, 1996).&lt;\/li&gt; &lt;li&gt;&lt;strong&gt;Low Voltage Directives: 73\/23\/EEC&lt;\/strong&gt;&lt;br&gt; Applicable to equipment used with 50-1000 VAC or 75-1500 VDC. (Mandatory as of January 1, 1997).&lt;\/li&gt; &lt;\/ul&gt;\"><\/div>\n<\/td>\n<td class=\"plp-table-value plp-oddrow\"><span class=\" plp-spec-value\"><span data-measure=\"general\">Low Voltage Directives<\/span><\/span><\/td>\n<\/tr>\n<tr>\n<td class=\"plp-table-name left\" data-url=\"#\">\n<h2><strong>Insulation Resistance<\/strong><\/h2>\n<\/td>\n<td class=\"plp-table-value\"><span class=\" plp-spec-value\"><span data-measure=\"general\">100 M\u03a9 or more when 500 VDC megger is applied between the windings and the frame after rated motor operation under normal ambient temperature and humidity.<\/span><\/span><\/td>\n<\/tr>\n<tr>\n<td class=\"plp-table-name left plp-oddrow\" data-url=\"#\">\n<h2><strong>Dielectric Strength<\/strong><\/h2>\n<\/td>\n<td class=\"plp-table-value plp-oddrow\"><span class=\" plp-spec-value\"><span data-measure=\"general\">Sufficient to withstand 1.5 kV at 50 Hz or 60 Hz applied between the windings and the frame for 1 minute after rated motor operation under normal ambient temperature and humidity.<\/span><\/span><\/td>\n<\/tr>\n<tr>\n<td class=\"plp-table-name left\" data-url=\"#\">\n<h2><strong>Temperature Rise<\/strong><\/h2>\n<\/td>\n<td class=\"plp-table-value\"><span class=\" plp-spec-value\"><span data-measure=\"general\">Temperature rise of windings are 144\u00baF (80\u00baC) or less measured by the resistance change method after rated motor operation with connection to gearhead.<\/span><\/span><\/td>\n<\/tr>\n<tr>\n<td class=\"plp-table-name left plp-oddrow\" data-url=\"#\">\n<h2><strong>Insulation Class<\/strong><\/h2>\n<\/td>\n<td class=\"plp-table-value plp-oddrow\"><span class=\" plp-spec-value\"><span data-measure=\"general\">Class B (266\u00baF [130\u00baC])<\/span><\/span><\/td>\n<\/tr>\n<tr>\n<td class=\"plp-table-name left\" data-url=\"#\">\n<h2><strong>Overheat Protection<\/strong><\/h2>\n<\/td>\n<td class=\"plp-table-value\"><span class=\" plp-spec-value\"><span data-measure=\"general\">Built-in thermal protector (Automatic return type). Operating temperature, open: 266\u00baF \u00b1 9\u00baF (130\u00baC \u00b1 5\u00baC) close: 179.6\u00baF \u00b1 27\u00baF (82\u00baC \u00b1 15\u00baC)<\/span><\/span><\/td>\n<\/tr>\n<tr>\n<td class=\"plp-table-name left plp-oddrow\" data-url=\"#\">\n<h2><strong>Ambient Temperature Range<\/strong><\/h2>\n<\/td>\n<td class=\"plp-table-value plp-oddrow\"><span class=\" plp-spec-value\"><span data-measure=\"general\">Three-phase 200 VAC: 14\u00baF ~ 122\u00baF (-10\u00baC ~ 50\u00baC) (nonfreezing)<\/span><span data-measure=\"general\">Other voltage: 14\u00baF ~ 104\u00baF (-10\u00baC ~ 40\u00baC) (nonfreezing)<\/span><\/span><\/td>\n<\/tr>\n<tr>\n<td class=\"plp-table-name left\" data-url=\"#\">\n<h2><strong>Ambient Humidity<\/strong><\/h2>\n<\/td>\n<td class=\"plp-table-value\"><span class=\" plp-spec-value\"><span data-measure=\"general\">85% maximum (noncondensing)<\/span><\/span><\/td>\n<\/tr>\n<tr>\n<td class=\"plp-table-name left plp-oddrow\" data-url=\"#\">\n<h2><strong>Degree of Protection<\/strong><\/h2>\n<div class=\"ui-state-default ui-corner-all ui-iconbutton ui-otherasset\" data-title=\"A34917.html\" data-url=\"\/Asset\/A34917.html\"><\/div>\n<\/td>\n<td class=\"plp-table-value plp-oddrow\"><span class=\" plp-spec-value\"><span data-measure=\"general\">IP40<\/span><\/span><\/td>\n<\/tr>\n<\/tbody>\n<\/table>\n<\/div>\n<p>\u0110\u1ea1i l\u00fd ORIENTAL vietnam, ORIENTAL viet nam, ORIENTAL vietnam distributor, Ph\u00e2n ph\u1ed1i ORIENTAL t\u1ea1i vi\u1ec7t nam<\/p>\n<p>\u0110\u1ea1i l\u00fd ORIENTAL vietnam, ORIENTAL viet nam, ORIENTAL vietnam distributor, Ph\u00e2n ph\u1ed1i ORIENTAL t\u1ea1i vi\u1ec7t nam<\/p>\n<p>\u0110\u1ea1i l\u00fd ORIENTAL vietnam, ORIENTAL viet nam, ORIENTAL vietnam distributor, Ph\u00e2n ph\u1ed1i ORIENTAL t\u1ea1i vi\u1ec7t nam<\/p>\n<p>\u0110\u1ea1i l\u00fd ORIENTAL vietnam, ORIENTAL viet nam, ORIENTAL vietnam distributor, Ph\u00e2n ph\u1ed1i ORIENTAL t\u1ea1i vi\u1ec7t nam<\/p>\n<p>\u0110\u1ea1i l\u00fd ORIENTAL vietnam, ORIENTAL viet nam, ORIENTAL vietnam distributor, Ph\u00e2n ph\u1ed1i ORIENTAL t\u1ea1i vi\u1ec7t nam<\/p>\n","protected":false},"excerpt":{"rendered":"<p>ORIENTAL 5IK90GU-SWM Item # 5IK90GU-SWM, Electromagnetic Brake Induction Motor Specifications Return Policy This product cannot be cancelled or returned once the order has been processed. Product Line Oriental Motor\u00ae Motor Type Electromagnetic Brake &#8211; Induction Motor Frame Size 3.54 in. sq. Output Power 90 W (1\/8 HP) Voltage (VAC) Three-Phase&hellip; <\/p>\n","protected":false},"featured_media":803,"comment_status":"open","ping_status":"closed","template":"","meta":{"om_disable_all_campaigns":false,"_monsterinsights_skip_tracking":false,"_monsterinsights_sitenote_active":false,"_monsterinsights_sitenote_note":"","_monsterinsights_sitenote_category":0},"product_cat":[15],"product_tag":[119,120,118],"class_list":{"0":"post-802","1":"product","2":"type-product","3":"status-publish","4":"has-post-thumbnail","6":"product_cat-apex","7":"product_tag-dai-ly-oriental-viet-nam","8":"product_tag-dong-co","9":"product_tag-oriental-viet-nam","11":"first","12":"instock","13":"shipping-taxable","14":"product-type-simple"},"aioseo_notices":[],"yoast_head":"<!-- This site is optimized with the Yoast SEO plugin v22.8 - https:\/\/yoast.com\/wordpress\/plugins\/seo\/ -->\n<title>ORIENTAL 5IK90GU-SWM - OMANI VI\u1ec6T NAM<\/title>\n<meta name=\"description\" content=\"Induction Motor, Non-compliant with RoHS, World K Series (5IK90GU-SWM)\" \/>\n<meta name=\"robots\" content=\"index, follow, max-snippet:-1, max-image-preview:large, max-video-preview:-1\" \/>\n<link rel=\"canonical\" href=\"https:\/\/sipin.com.vn\/index.php\/product\/oriental-5ik90gu-swm\/\" \/>\n<meta property=\"og:locale\" content=\"vi_VN\" \/>\n<meta property=\"og:type\" content=\"article\" \/>\n<meta property=\"og:title\" content=\"ORIENTAL 5IK90GU-SWM - OMANI VI\u1ec6T NAM\" \/>\n<meta property=\"og:description\" content=\"Induction Motor, Non-compliant with RoHS, World K Series (5IK90GU-SWM)\" \/>\n<meta property=\"og:url\" content=\"https:\/\/sipin.com.vn\/index.php\/product\/oriental-5ik90gu-swm\/\" \/>\n<meta property=\"og:site_name\" content=\"OMANI VI\u1ec6T NAM\" \/>\n<meta property=\"article:modified_time\" content=\"2024-08-16T15:25:19+00:00\" \/>\n<meta property=\"og:image\" content=\"https:\/\/sipin.com.vn\/wp-content\/uploads\/2024\/06\/5IK90GU-SWM.png\" \/>\n\t<meta property=\"og:image:width\" content=\"326\" \/>\n\t<meta property=\"og:image:height\" content=\"567\" \/>\n\t<meta property=\"og:image:type\" content=\"image\/png\" \/>\n<meta name=\"twitter:card\" content=\"summary_large_image\" \/>\n<meta name=\"twitter:label1\" content=\"\u01af\u1edbc t\u00ednh th\u1eddi gian \u0111\u1ecdc\" \/>\n\t<meta name=\"twitter:data1\" content=\"6 ph\u00fat\" \/>\n<script type=\"application\/ld+json\" class=\"yoast-schema-graph\">{\"@context\":\"https:\/\/schema.org\",\"@graph\":[{\"@type\":\"WebPage\",\"@id\":\"https:\/\/sipin.com.vn\/index.php\/product\/oriental-5ik90gu-swm\/\",\"url\":\"https:\/\/sipin.com.vn\/index.php\/product\/oriental-5ik90gu-swm\/\",\"name\":\"ORIENTAL 5IK90GU-SWM - OMANI VI\u1ec6T NAM\",\"isPartOf\":{\"@id\":\"https:\/\/sipin.com.vn\/#website\"},\"primaryImageOfPage\":{\"@id\":\"https:\/\/sipin.com.vn\/index.php\/product\/oriental-5ik90gu-swm\/#primaryimage\"},\"image\":{\"@id\":\"https:\/\/sipin.com.vn\/index.php\/product\/oriental-5ik90gu-swm\/#primaryimage\"},\"thumbnailUrl\":\"https:\/\/sipin.com.vn\/wp-content\/uploads\/2024\/06\/5IK90GU-SWM.png\",\"datePublished\":\"2024-06-22T23:15:50+00:00\",\"dateModified\":\"2024-08-16T15:25:19+00:00\",\"description\":\"Induction Motor, Non-compliant with RoHS, World K Series (5IK90GU-SWM)\",\"breadcrumb\":{\"@id\":\"https:\/\/sipin.com.vn\/index.php\/product\/oriental-5ik90gu-swm\/#breadcrumb\"},\"inLanguage\":\"vi\",\"potentialAction\":[{\"@type\":\"ReadAction\",\"target\":[\"https:\/\/sipin.com.vn\/index.php\/product\/oriental-5ik90gu-swm\/\"]}]},{\"@type\":\"ImageObject\",\"inLanguage\":\"vi\",\"@id\":\"https:\/\/sipin.com.vn\/index.php\/product\/oriental-5ik90gu-swm\/#primaryimage\",\"url\":\"https:\/\/sipin.com.vn\/wp-content\/uploads\/2024\/06\/5IK90GU-SWM.png\",\"contentUrl\":\"https:\/\/sipin.com.vn\/wp-content\/uploads\/2024\/06\/5IK90GU-SWM.png\",\"width\":326,\"height\":567},{\"@type\":\"BreadcrumbList\",\"@id\":\"https:\/\/sipin.com.vn\/index.php\/product\/oriental-5ik90gu-swm\/#breadcrumb\",\"itemListElement\":[{\"@type\":\"ListItem\",\"position\":1,\"name\":\"Home\",\"item\":\"https:\/\/sipin.com.vn\/\"},{\"@type\":\"ListItem\",\"position\":2,\"name\":\"S\u1ea2N PH\u1ea8M\",\"item\":\"https:\/\/sipin.com.vn\/index.php\/cua-hang\/\"},{\"@type\":\"ListItem\",\"position\":3,\"name\":\"ORIENTAL 5IK90GU-SWM\"}]},{\"@type\":\"WebSite\",\"@id\":\"https:\/\/sipin.com.vn\/#website\",\"url\":\"https:\/\/sipin.com.vn\/\",\"name\":\"OMANI VI\u1ec6T NAM\",\"description\":\"Nh\u00e0 ph\u00e2n ph\u1ed1i thi\u1ebft b\u1ecb kh\u00ed n\u00e9n v\u00e0 thi\u1ebft b\u1ecb t\u1ef1 \u0111\u1ed9ng h\u00f3a trong c\u00f4ng nghi\u1ec7p\",\"publisher\":{\"@id\":\"https:\/\/sipin.com.vn\/#\/schema\/person\/0ad398a980dc3fd696111c2c5c8fa897\"},\"potentialAction\":[{\"@type\":\"SearchAction\",\"target\":{\"@type\":\"EntryPoint\",\"urlTemplate\":\"https:\/\/sipin.com.vn\/?s={search_term_string}\"},\"query-input\":\"required name=search_term_string\"}],\"inLanguage\":\"vi\"},{\"@type\":[\"Person\",\"Organization\"],\"@id\":\"https:\/\/sipin.com.vn\/#\/schema\/person\/0ad398a980dc3fd696111c2c5c8fa897\",\"name\":\"Nguy\u1ec5n V\u0103n Kh\u00e1nh\",\"image\":{\"@type\":\"ImageObject\",\"inLanguage\":\"vi\",\"@id\":\"https:\/\/sipin.com.vn\/#\/schema\/person\/image\/\",\"url\":\"https:\/\/sipin.com.vn\/wp-content\/uploads\/2024\/06\/logo-1024x1024.png\",\"contentUrl\":\"https:\/\/sipin.com.vn\/wp-content\/uploads\/2024\/06\/logo-1024x1024.png\",\"width\":1024,\"height\":1024,\"caption\":\"Nguy\u1ec5n V\u0103n Kh\u00e1nh\"},\"logo\":{\"@id\":\"https:\/\/sipin.com.vn\/#\/schema\/person\/image\/\"},\"sameAs\":[\"https:\/\/sipin.com.vn\"]}]}<\/script>\n<!-- \/ Yoast SEO plugin. -->","yoast_head_json":{"title":"ORIENTAL 5IK90GU-SWM - OMANI VI\u1ec6T NAM","description":"Induction Motor, Non-compliant with RoHS, World K Series (5IK90GU-SWM)","robots":{"index":"index","follow":"follow","max-snippet":"max-snippet:-1","max-image-preview":"max-image-preview:large","max-video-preview":"max-video-preview:-1"},"canonical":"https:\/\/sipin.com.vn\/index.php\/product\/oriental-5ik90gu-swm\/","og_locale":"vi_VN","og_type":"article","og_title":"ORIENTAL 5IK90GU-SWM - OMANI VI\u1ec6T NAM","og_description":"Induction Motor, Non-compliant with RoHS, World K Series (5IK90GU-SWM)","og_url":"https:\/\/sipin.com.vn\/index.php\/product\/oriental-5ik90gu-swm\/","og_site_name":"OMANI VI\u1ec6T NAM","article_modified_time":"2024-08-16T15:25:19+00:00","og_image":[{"width":326,"height":567,"url":"https:\/\/sipin.com.vn\/wp-content\/uploads\/2024\/06\/5IK90GU-SWM.png","type":"image\/png"}],"twitter_card":"summary_large_image","twitter_misc":{"\u01af\u1edbc t\u00ednh th\u1eddi gian \u0111\u1ecdc":"6 ph\u00fat"},"schema":{"@context":"https:\/\/schema.org","@graph":[{"@type":"WebPage","@id":"https:\/\/sipin.com.vn\/index.php\/product\/oriental-5ik90gu-swm\/","url":"https:\/\/sipin.com.vn\/index.php\/product\/oriental-5ik90gu-swm\/","name":"ORIENTAL 5IK90GU-SWM - OMANI VI\u1ec6T NAM","isPartOf":{"@id":"https:\/\/sipin.com.vn\/#website"},"primaryImageOfPage":{"@id":"https:\/\/sipin.com.vn\/index.php\/product\/oriental-5ik90gu-swm\/#primaryimage"},"image":{"@id":"https:\/\/sipin.com.vn\/index.php\/product\/oriental-5ik90gu-swm\/#primaryimage"},"thumbnailUrl":"https:\/\/sipin.com.vn\/wp-content\/uploads\/2024\/06\/5IK90GU-SWM.png","datePublished":"2024-06-22T23:15:50+00:00","dateModified":"2024-08-16T15:25:19+00:00","description":"Induction Motor, Non-compliant with RoHS, World K Series (5IK90GU-SWM)","breadcrumb":{"@id":"https:\/\/sipin.com.vn\/index.php\/product\/oriental-5ik90gu-swm\/#breadcrumb"},"inLanguage":"vi","potentialAction":[{"@type":"ReadAction","target":["https:\/\/sipin.com.vn\/index.php\/product\/oriental-5ik90gu-swm\/"]}]},{"@type":"ImageObject","inLanguage":"vi","@id":"https:\/\/sipin.com.vn\/index.php\/product\/oriental-5ik90gu-swm\/#primaryimage","url":"https:\/\/sipin.com.vn\/wp-content\/uploads\/2024\/06\/5IK90GU-SWM.png","contentUrl":"https:\/\/sipin.com.vn\/wp-content\/uploads\/2024\/06\/5IK90GU-SWM.png","width":326,"height":567},{"@type":"BreadcrumbList","@id":"https:\/\/sipin.com.vn\/index.php\/product\/oriental-5ik90gu-swm\/#breadcrumb","itemListElement":[{"@type":"ListItem","position":1,"name":"Home","item":"https:\/\/sipin.com.vn\/"},{"@type":"ListItem","position":2,"name":"S\u1ea2N PH\u1ea8M","item":"https:\/\/sipin.com.vn\/index.php\/cua-hang\/"},{"@type":"ListItem","position":3,"name":"ORIENTAL 5IK90GU-SWM"}]},{"@type":"WebSite","@id":"https:\/\/sipin.com.vn\/#website","url":"https:\/\/sipin.com.vn\/","name":"OMANI VI\u1ec6T NAM","description":"Nh\u00e0 ph\u00e2n ph\u1ed1i thi\u1ebft b\u1ecb kh\u00ed n\u00e9n v\u00e0 thi\u1ebft b\u1ecb t\u1ef1 \u0111\u1ed9ng h\u00f3a trong c\u00f4ng nghi\u1ec7p","publisher":{"@id":"https:\/\/sipin.com.vn\/#\/schema\/person\/0ad398a980dc3fd696111c2c5c8fa897"},"potentialAction":[{"@type":"SearchAction","target":{"@type":"EntryPoint","urlTemplate":"https:\/\/sipin.com.vn\/?s={search_term_string}"},"query-input":"required name=search_term_string"}],"inLanguage":"vi"},{"@type":["Person","Organization"],"@id":"https:\/\/sipin.com.vn\/#\/schema\/person\/0ad398a980dc3fd696111c2c5c8fa897","name":"Nguy\u1ec5n V\u0103n Kh\u00e1nh","image":{"@type":"ImageObject","inLanguage":"vi","@id":"https:\/\/sipin.com.vn\/#\/schema\/person\/image\/","url":"https:\/\/sipin.com.vn\/wp-content\/uploads\/2024\/06\/logo-1024x1024.png","contentUrl":"https:\/\/sipin.com.vn\/wp-content\/uploads\/2024\/06\/logo-1024x1024.png","width":1024,"height":1024,"caption":"Nguy\u1ec5n V\u0103n Kh\u00e1nh"},"logo":{"@id":"https:\/\/sipin.com.vn\/#\/schema\/person\/image\/"},"sameAs":["https:\/\/sipin.com.vn"]}]}},"_links":{"self":[{"href":"https:\/\/sipin.com.vn\/index.php\/wp-json\/wp\/v2\/product\/802","targetHints":{"allow":["GET"]}}],"collection":[{"href":"https:\/\/sipin.com.vn\/index.php\/wp-json\/wp\/v2\/product"}],"about":[{"href":"https:\/\/sipin.com.vn\/index.php\/wp-json\/wp\/v2\/types\/product"}],"replies":[{"embeddable":true,"href":"https:\/\/sipin.com.vn\/index.php\/wp-json\/wp\/v2\/comments?post=802"}],"wp:featuredmedia":[{"embeddable":true,"href":"https:\/\/sipin.com.vn\/index.php\/wp-json\/wp\/v2\/media\/803"}],"wp:attachment":[{"href":"https:\/\/sipin.com.vn\/index.php\/wp-json\/wp\/v2\/media?parent=802"}],"wp:term":[{"taxonomy":"product_cat","embeddable":true,"href":"https:\/\/sipin.com.vn\/index.php\/wp-json\/wp\/v2\/product_cat?post=802"},{"taxonomy":"product_tag","embeddable":true,"href":"https:\/\/sipin.com.vn\/index.php\/wp-json\/wp\/v2\/product_tag?post=802"}],"curies":[{"name":"wp","href":"https:\/\/api.w.org\/{rel}","templated":true}]}}