{"id":800,"date":"2024-06-23T06:07:34","date_gmt":"2024-06-22T23:07:34","guid":{"rendered":"https:\/\/omanivietnam.com\/?post_type=product&#038;p=800"},"modified":"2025-01-13T21:50:20","modified_gmt":"2025-01-13T14:50:20","slug":"kromschroder-vmo125n05m20","status":"publish","type":"product","link":"https:\/\/sipin.com.vn\/index.php\/product\/kromschroder-vmo125n05m20\/","title":{"rendered":"KROMSCHRODER VMO125N05M20"},"content":{"rendered":"<p>KROMSCHRODER VMO125N05M20 P\/N 88014043<\/p>\n<h3><strong>Van \u0111i\u1ec7n t\u1eeb Kromschroder l\u00e0 g\u00ec<\/strong><\/h3>\n<p>Van \u0111i\u1ec7n t\u1eeb Kromschroder (solenoid valve) l\u00e0 m\u1ed9t lo\u1ea1i van \u0111i\u1ec1u khi\u1ec3n d\u00f2ng ch\u1ea3y do c\u00f4ng ty Kromschroder Germany s\u1ea3n xu\u1ea5t, thu\u1ed9c qu\u1ea3n l\u00fd c\u1ee7a t\u1eadp \u0111o\u00e0n Honeywell.<\/p>\n<p>C\u00e1c van n\u00e0y th\u01b0\u1eddng \u0111\u01b0\u1ee3c s\u1eed d\u1ee5ng trong c\u00e1c \u1ee9ng d\u1ee5ng \u0111i\u1ec1u khi\u1ec3n d\u00f2ng ch\u1ea3y kh\u00ed t\u1ef1 nhi\u00ean, d\u1ea7u ho\u1eb7c h\u01a1i n\u00f3ng, v\u00e0 ch\u00fang c\u00f3 kh\u1ea3 n\u0103ng \u0111\u00f3ng v\u00e0 m\u1edf d\u00f2ng ch\u1ea3y m\u1ed9t c\u00e1ch t\u1ef1 \u0111\u1ed9ng.<\/p>\n<h3><span id=\"Nguyen_ly_hoat_dong\" class=\"ez-toc-section\"><\/span><strong>Nguy\u00ean l\u00fd ho\u1ea1t \u0111\u1ed9ng<\/strong><\/h3>\n<p>Van \u0111i\u1ec7n t\u1eeb s\u1eed d\u1ee5ng solenoid \u0111i\u1ec7n t\u1eeb \u0111\u1ec3 t\u1ea1o l\u1ef1c t\u1eeb v\u00e0 \u0111i\u1ec1u khi\u1ec3n van \u0111i\u1ec1u khi\u1ec3n, t\u1eeb \u0111\u00f3 \u0111i\u1ec1u khi\u1ec3n d\u00f2ng ch\u1ea3y c\u1ee7a kh\u00ed, d\u1ea7u ho\u1eb7c h\u01a1i n\u00f3ng trong c\u00e1c \u1ee9ng d\u1ee5ng c\u00f4ng nghi\u1ec7p<\/p>\n<p>C\u00e1c van soilenoid Kromschroder th\u01b0\u1eddng c\u00f3 c\u1ea5u tr\u00fac g\u1ed3m m\u1ed9t solenoid \u0111i\u1ec7n t\u1eeb v\u00e0 m\u1ed9t van \u0111i\u1ec1u khi\u1ec3n, \u0111\u01b0\u1ee3c k\u1ebft h\u1ee3p v\u1edbi c\u00e1c b\u1ed9 \u0111i\u1ec1u khi\u1ec3n v\u00e0 c\u00f4ng t\u1eafc \u00e1p su\u1ea5t \u0111\u1ec3 \u0111\u00e1p \u1ee9ng c\u00e1c y\u00eau c\u1ea7u c\u1ee5 th\u1ec3 c\u1ee7a h\u1ec7 th\u1ed1ng. Solenoid \u0111i\u1ec7n t\u1eeb t\u1ea1o ra m\u1ed9t tr\u01b0\u1eddng t\u1eeb khi \u0111\u01b0\u1ee3c k\u00edch ho\u1ea1t b\u1eb1ng \u0111i\u1ec7n, l\u00e0m di chuy\u1ec3n van \u0111i\u1ec1u khi\u1ec3n \u0111\u1ec3 m\u1edf ho\u1eb7c \u0111\u00f3ng d\u00f2ng ch\u1ea3y. Qu\u00e1 tr\u00ecnh n\u00e0y \u0111\u01b0\u1ee3c \u0111i\u1ec1u khi\u1ec3n b\u1edfi c\u00e1c t\u00edn hi\u1ec7u \u0111i\u1ec7n t\u1eeb h\u1ecdc t\u1eeb b\u1ed9 \u0111i\u1ec1u khi\u1ec3n ho\u1eb7c c\u00e1c h\u1ec7 th\u1ed1ng t\u1ef1 \u0111\u1ed9ng.<\/p>\n<h3><span id=\"Van_Kromschroder_VG_va_VGP\" class=\"ez-toc-section\"><\/span><strong>Van Kromschroder VG v\u00e0 VGP<\/strong><\/h3>\n<p>Van \u0111i\u1ec7n t\u1eeb an to\u00e0n Kromschroder VG t\u1ef1 \u0111\u1ed9ng ng\u1eaft, \u0111\u00f3ng khi m\u1ea5t \u0111i\u1ec7n, s\u1eed d\u1ee5ng cho kh\u00ed gas v\u00e0 kh\u00f4ng kh\u00ed.<\/p>\n<ul>\n<li>DN: 6 \u0111\u1ebfn 65<\/li>\n<li>K\u1ebft n\u1ed1i: ph\u1ee5 ki\u1ec7n c\u00f4n k\u00e9p, ren ho\u1eb7c m\u1eb7t b\u00edch<\/li>\n<li>Pu: max. 100, 200, 360, 500, 1000 ho\u1eb7c 1800 mbar<\/li>\n<li>Lo\u1ea1i m\u1edf nhanh, \u0111\u00f3ng nhanh ho\u1eb7c m\u1edf ch\u1eadm v\u00e0 \u0111\u00f3ng nhanh<\/li>\n<li>\u0110i\u1ec7n \u00e1p ngu\u1ed3n: 24 VDC, 120 VAC ho\u1eb7c 220\/240 VAC<\/li>\n<li>K\u1ebft n\u1ed1i \u0111i\u1ec7n: \u0111\u1ea7u n\u1ed1i ti\u00eau chu\u1ea9n ho\u1eb7c \u0111\u1ea7u n\u1ed1i c\u00f3 gi\u1eafc c\u1eafm<\/li>\n<\/ul>\n<p>\u0110\u1eb7c \u0111i\u1ec3m c\u1ee7a van \u0111i\u1ec7n t\u1eeb kh\u00ed gas Kromschroder VGP<\/p>\n<ul>\n<li>DN: 10 \u0111\u1ebfn 25<\/li>\n<li>K\u1ebft n\u1ed1i: ren<\/li>\n<li>Pe: max. 150 ho\u1eb7c 200 mbar, m\u1edf nhanh, \u0111\u00f3ng nhanh<\/li>\n<li>\u0110i\u1ec7n \u00e1p ngu\u1ed3n: 120 VAC ho\u1eb7c 230 VAC<\/li>\n<li>K\u1ebft n\u1ed1i \u0111i\u1ec7n: B\u1ed9 \u0111i\u1ec1u h\u1ee3p ch\u1ec9nh l\u01b0u c\u00f3 \u1ed5 c\u1eafm ti\u00eau chu\u1ea9n ho\u1eb7c \u1ed5 c\u1eafm c\u00f3 m\u1ea1ch ch\u1ec9nh l\u01b0u t\u00edch h\u1ee3p<\/li>\n<\/ul>\n<h3><strong>Van Kromschroder VAS, VCS, VAN, VAD<\/strong><\/h3>\n<p>\u0110\u1eb7c \u0111i\u1ec3m c\u1ee7a van Kromschroder VAS v\u00e0 VCS<\/p>\n<p>L\u00e0 van an to\u00e0n ho\u1ea1t \u0111\u1ed9ng \u0111i\u1ec7n t\u1eeb \u0111\u1ec3 t\u1ef1 \u0111\u1ed9ng ng\u1eaft, \u0111\u00f3ng trong tr\u01b0\u1eddng h\u1ee3p m\u1ea5t \u0111i\u1ec7n, c\u00f3 \u0111\u00e8n \u0111i\u1ec1u khi\u1ec3n m\u00e0u xanh lam, c\u00f3 \u0111i\u1ec1u khi\u1ec3n l\u01b0u l\u01b0\u1ee3ng.<\/p>\n<ul>\n<li>K\u00edch th\u01b0\u1edbc: 1 \u0111\u1ebfn 9<\/li>\n<li>DN: 10 \u0111\u1ebfn 125<\/li>\n<li>K\u1ebft n\u1ed1i: ren ho\u1eb7c m\u1eb7t b\u00edch<\/li>\n<li>Lo\u1ea1i van: m\u1edf nhanh, \u0111\u00f3ng nhanh ho\u1eb7c \u0111\u00f3ng ch\u1eadm, \u0111\u00f3ng nhanh<\/li>\n<li>\u0110i\u1ec7n \u00e1p ngu\u1ed3n: 24 VDC, 120 VAC ho\u1eb7c 230 VAC<\/li>\n<li>K\u1ebft n\u1ed1i \u0111i\u1ec7n: k\u1eb9p<\/li>\n<\/ul>\n<p>C\u00f3 s\u1eb5n c\u00e1c phi\u00ean b\u1ea3n sau:<\/p>\n<ol>\n<li>Van c\u00f3 ch\u1ec9 b\u00e1o v\u1ecb tr\u00ed v\u00e0 ch\u1ec9 b\u00e1o tr\u1ef1c quan<\/li>\n<li>Van c\u00f3 van kh\u00ed r\u1ebd nh\u00e1nh ho\u1eb7c van \u0111i\u1ec1u khi\u1ec3n<\/li>\n<li>Van c\u00f3 c\u00f4ng t\u1eafc \u00e1p su\u1ea5t DG..\/VC<\/li>\n<\/ol>\n<p>\u0110\u1eb7c \u0111i\u1ec3m c\u1ee7a van \u0111i\u1ec7n t\u1eeb kh\u00ed gas Kromschroder VAN v\u00e0 VAD<\/p>\n<p>L\u00e0 van \u0111i\u1ec7n t\u1eeb v\u1edbi b\u1ed9 \u0111i\u1ec1u ch\u1ec9nh \u00e1p su\u1ea5t c\u1ea5p EN 88 c\u00f3 t\u00edch h\u1ee3p van an to\u00e0n c\u1ea5p AEN 161 \u0111\u1ec3 \u0111i\u1ec1u ch\u1ec9nh v\u00e0 ki\u1ec3m so\u00e1t \u00e1p su\u1ea5t kh\u00ed trong c\u00e1c \u0111\u01b0\u1eddng \u0111\u1ed1t.<\/p>\n<ul>\n<li>Pu max: 500 mbar<\/li>\n<li>C\u00f3 \u0111\u00e8n ch\u1ec9 b\u00e1o m\u00e0u xanh lam<\/li>\n<li>VAD, VAG: ti\u00eau chu\u1ea9n ANSI\/CSA v\u00e0 AGA<\/li>\n<li>VAD, VAG, VAH: ti\u00eau chu\u1ea9n FM<\/li>\n<li>VAD, VAG, VAV: ti\u00eau chu\u1ea9n UL<\/li>\n<li>VAD, VAG, VAV, VAH: SIL 3 v\u00e0 PLe.<\/li>\n<li>VAD: B\u1ed9 \u0111i\u1ec1u ch\u1ec9nh \u00e1p su\u1ea5t v\u1ea1n n\u0103ng<\/li>\n<li>VAG: B\u1ed9 \u0111i\u1ec1u ch\u1ec9nh t\u1ef7 l\u1ec7 kh\u00f4ng kh\u00ed\/kh\u00ed \u0111\u1ec3 duy tr\u00ec t\u1ef7 l\u1ec7 1:1 kh\u00f4ng \u0111\u1ed5i.<\/li>\n<li>VAH: b\u1ed9 \u0111i\u1ec1u ch\u1ec9nh l\u01b0u l\u01b0\u1ee3ng \u0111\u1ec3 duy tr\u00ec t\u1ef7 l\u1ec7 kh\u00f4ng kh\u00ed\/kh\u00ed kh\u00f4ng \u0111\u1ed5i \u0111\u1ec3 \u0111i\u1ec1u ch\u1ec9nh \u0111\u1ea7u \u0111\u1ed1t v\u00e0 v\u00f2i \u0111\u1ed1t v\u1edbi \u0111i\u1ec1u ch\u1ec9nh t\u1ed1i thi\u1ec3u.<\/li>\n<li>VAV: B\u1ed9 \u0111i\u1ec1u ch\u1ec9nh t\u1ef7 l\u1ec7 kh\u00f4ng kh\u00ed\/kh\u00ed c\u00f3 th\u1ec3 thay \u0111\u1ed5i \u0111\u1ec3 duy tr\u00ec t\u1ef7 l\u1ec7 \u00e1p su\u1ea5t kh\u00f4ng kh\u00ed\/kh\u00ed 3:1 kh\u00f4ng \u0111\u1ed5i.<\/li>\n<\/ul>\n<p>Van gas m\u1ed3i Kromschroder VCS1 VAS 110\/R\/LW k\u00e8m \u0111\u1ea7u n\u1ed1i \u0111i\u1ec7n \u2013 D00K0000 \u2013 VCS 110R05NL<br \/>\nVan VCS VAS125\/R\/NW k\u00e8m \u0111\u1ea7u n\u1ed1i D00K0000, VCS 125R05NL<br \/>\nVan kh\u00ed Kromschroder VAS 115\/R\/NW<\/p>\n<h3><span id=\"Van_Kromschroder_VR\" class=\"ez-toc-section\"><\/span><strong>Van Kromschroder VR<\/strong><\/h3>\n<p>Van kh\u00ed \u0111i\u1ec7n t\u1eeb Kromschroder VR \u0111i\u1ec1u khi\u1ec3n cao\/th\u1ea5p, l\u1eafp \u0111\u1eb7t kh\u00ed l\u1ea1nh trong l\u00f2 \u0111\u1ed1t c\u00f4ng nghi\u1ec7p.<\/p>\n<ul>\n<li>DN: 25 \u0111\u1ebfn 65<\/li>\n<li>K\u1ebft n\u1ed1i: ren ho\u1eb7c m\u1eb7t b\u00edch<\/li>\n<li>Pu: t\u1ed1i \u0111a. 150 mbar<\/li>\n<li>Lo\u1ea1i van: M\u1edf nhanh, \u0111\u00f3ng nhanh ho\u1eb7c m\u1edf ch\u1eadm, \u0111\u00f3ng ch\u1eadm<\/li>\n<li>\u0110i\u1ec7n \u00e1p ngu\u1ed3n: 24 VDC, 120 VAC ho\u1eb7c 220\/240 VAC<\/li>\n<li>K\u1ebft n\u1ed1i \u0111i\u1ec7n: \u0110\u1ea7u cu\u1ed1i ho\u1eb7c ph\u00edch c\u1eafm ti\u00eau chu\u1ea9n c\u00f3 \u1ed5 c\u1eafm<\/li>\n<\/ul>\n<p>\u0110\u1ea1i l\u00fd KROMSCHRODER vietnam, KROMSCHRODER viet nam, KROMSCHRODER vietnam distributor, Ph\u00e2n ph\u1ed1i KROMSCHRODER t\u1ea1i vi\u1ec7t nam<\/p>\n<p>\u0110\u1ea1i l\u00fd KROMSCHRODER vietnam, KROMSCHRODER viet nam, KROMSCHRODER vietnam distributor, Ph\u00e2n ph\u1ed1i KROMSCHRODER t\u1ea1i vi\u1ec7t nam<\/p>\n<p>\u0110\u1ea1i l\u00fd KROMSCHRODER vietnam, KROMSCHRODER viet nam, KROMSCHRODER vietnam distributor, Ph\u00e2n ph\u1ed1i KROMSCHRODER t\u1ea1i vi\u1ec7t nam<\/p>\n<p>\u0110\u1ea1i l\u00fd KROMSCHRODER vietnam, KROMSCHRODER viet nam, KROMSCHRODER vietnam distributor, Ph\u00e2n ph\u1ed1i KROMSCHRODER t\u1ea1i vi\u1ec7t nam<\/p>\n<p>\u0110\u1ea1i l\u00fd KROMSCHRODER vietnam, KROMSCHRODER viet nam, KROMSCHRODER vietnam distributor, Ph\u00e2n ph\u1ed1i KROMSCHRODER t\u1ea1i vi\u1ec7t nam<\/p>\n<p>\u0110\u1ea1i l\u00fd HONEYWELL vietnam, HONEYWELL viet nam, HONEYWELL vietnam distributor, Ph\u00e2n ph\u1ed1i HONEYWELL t\u1ea1i vi\u1ec7t nam<\/p>\n<p>\u0110\u1ea1i l\u00fd HONEYWELL vietnam, HONEYWELL viet nam, HONEYWELL vietnam distributor, Ph\u00e2n ph\u1ed1i HONEYWELL t\u1ea1i vi\u1ec7t nam<\/p>\n<p>\u0110\u1ea1i l\u00fd HONEYWELL vietnam, HONEYWELL viet nam, HONEYWELL vietnam distributor, Ph\u00e2n ph\u1ed1i HONEYWELL t\u1ea1i vi\u1ec7t nam<\/p>\n<p>\u0110\u1ea1i l\u00fd HONEYWELL vietnam, HONEYWELL viet nam, HONEYWELL vietnam distributor, Ph\u00e2n ph\u1ed1i HONEYWELL t\u1ea1i vi\u1ec7t nam<\/p>\n<p>\u0110\u1ea1i l\u00fd HONEYWELL vietnam, HONEYWELL viet nam, HONEYWELL vietnam distributor, Ph\u00e2n ph\u1ed1i HONEYWELL t\u1ea1i vi\u1ec7t nam<\/p>\n","protected":false},"excerpt":{"rendered":"<p>KROMSCHRODER VMO125N05M20 P\/N 88014043 Van \u0111i\u1ec7n t\u1eeb Kromschroder l\u00e0 g\u00ec Van \u0111i\u1ec7n t\u1eeb Kromschroder (solenoid valve) l\u00e0 m\u1ed9t lo\u1ea1i van \u0111i\u1ec1u khi\u1ec3n d\u00f2ng ch\u1ea3y do c\u00f4ng ty Kromschroder Germany s\u1ea3n xu\u1ea5t, thu\u1ed9c qu\u1ea3n l\u00fd c\u1ee7a t\u1eadp \u0111o\u00e0n Honeywell. C\u00e1c van n\u00e0y th\u01b0\u1eddng \u0111\u01b0\u1ee3c s\u1eed d\u1ee5ng trong c\u00e1c \u1ee9ng d\u1ee5ng \u0111i\u1ec1u&hellip; <\/p>\n","protected":false},"featured_media":801,"comment_status":"open","ping_status":"closed","template":"","meta":{"om_disable_all_campaigns":false,"_monsterinsights_skip_tracking":false,"_monsterinsights_sitenote_active":false,"_monsterinsights_sitenote_note":"","_monsterinsights_sitenote_category":0},"product_cat":[15],"product_tag":[196,194,195,193,198],"class_list":{"0":"post-800","1":"product","2":"type-product","3":"status-publish","4":"has-post-thumbnail","6":"product_cat-apex","7":"product_tag-dai-ly-honeywell-viet-nam","8":"product_tag-dai-ly-kromschroder-viet-nam","9":"product_tag-honeywell-viet-nam","10":"product_tag-kromschroder-viet-nam","11":"product_tag-van-dieu-ap","13":"first","14":"instock","15":"shipping-taxable","16":"product-type-simple"},"aioseo_notices":[],"yoast_head":"<!-- This site is optimized with the Yoast SEO plugin v22.8 - https:\/\/yoast.com\/wordpress\/plugins\/seo\/ -->\n<title>KROMSCHRODER VMO125N05M20 - OMANI VI\u1ec6T NAM<\/title>\n<meta name=\"description\" content=\"VMO125N05M20 Kromschroder orifices VMO series DN 25 (1&quot;)\" \/>\n<meta name=\"robots\" content=\"index, follow, max-snippet:-1, max-image-preview:large, max-video-preview:-1\" \/>\n<link rel=\"canonical\" href=\"https:\/\/sipin.com.vn\/index.php\/product\/kromschroder-vmo125n05m20\/\" \/>\n<meta property=\"og:locale\" content=\"vi_VN\" \/>\n<meta property=\"og:type\" content=\"article\" \/>\n<meta property=\"og:title\" content=\"KROMSCHRODER VMO125N05M20 - OMANI VI\u1ec6T NAM\" \/>\n<meta property=\"og:description\" content=\"VMO125N05M20 Kromschroder orifices VMO series DN 25 (1&quot;)\" \/>\n<meta property=\"og:url\" content=\"https:\/\/sipin.com.vn\/index.php\/product\/kromschroder-vmo125n05m20\/\" \/>\n<meta property=\"og:site_name\" content=\"OMANI VI\u1ec6T NAM\" \/>\n<meta property=\"article:modified_time\" content=\"2025-01-13T14:50:20+00:00\" \/>\n<meta property=\"og:image\" content=\"https:\/\/sipin.com.vn\/wp-content\/uploads\/2024\/06\/VMO125N05M20.png\" \/>\n\t<meta property=\"og:image:width\" content=\"748\" \/>\n\t<meta property=\"og:image:height\" content=\"469\" \/>\n\t<meta property=\"og:image:type\" content=\"image\/png\" \/>\n<meta name=\"twitter:card\" content=\"summary_large_image\" \/>\n<meta name=\"twitter:label1\" content=\"\u01af\u1edbc t\u00ednh th\u1eddi gian \u0111\u1ecdc\" \/>\n\t<meta name=\"twitter:data1\" content=\"6 ph\u00fat\" \/>\n<script type=\"application\/ld+json\" class=\"yoast-schema-graph\">{\"@context\":\"https:\/\/schema.org\",\"@graph\":[{\"@type\":\"WebPage\",\"@id\":\"https:\/\/sipin.com.vn\/index.php\/product\/kromschroder-vmo125n05m20\/\",\"url\":\"https:\/\/sipin.com.vn\/index.php\/product\/kromschroder-vmo125n05m20\/\",\"name\":\"KROMSCHRODER VMO125N05M20 - OMANI VI\u1ec6T NAM\",\"isPartOf\":{\"@id\":\"https:\/\/sipin.com.vn\/#website\"},\"primaryImageOfPage\":{\"@id\":\"https:\/\/sipin.com.vn\/index.php\/product\/kromschroder-vmo125n05m20\/#primaryimage\"},\"image\":{\"@id\":\"https:\/\/sipin.com.vn\/index.php\/product\/kromschroder-vmo125n05m20\/#primaryimage\"},\"thumbnailUrl\":\"https:\/\/sipin.com.vn\/wp-content\/uploads\/2024\/06\/VMO125N05M20.png\",\"datePublished\":\"2024-06-22T23:07:34+00:00\",\"dateModified\":\"2025-01-13T14:50:20+00:00\",\"description\":\"VMO125N05M20 Kromschroder orifices VMO series DN 25 (1\\\")\",\"breadcrumb\":{\"@id\":\"https:\/\/sipin.com.vn\/index.php\/product\/kromschroder-vmo125n05m20\/#breadcrumb\"},\"inLanguage\":\"vi\",\"potentialAction\":[{\"@type\":\"ReadAction\",\"target\":[\"https:\/\/sipin.com.vn\/index.php\/product\/kromschroder-vmo125n05m20\/\"]}]},{\"@type\":\"ImageObject\",\"inLanguage\":\"vi\",\"@id\":\"https:\/\/sipin.com.vn\/index.php\/product\/kromschroder-vmo125n05m20\/#primaryimage\",\"url\":\"https:\/\/sipin.com.vn\/wp-content\/uploads\/2024\/06\/VMO125N05M20.png\",\"contentUrl\":\"https:\/\/sipin.com.vn\/wp-content\/uploads\/2024\/06\/VMO125N05M20.png\",\"width\":748,\"height\":469},{\"@type\":\"BreadcrumbList\",\"@id\":\"https:\/\/sipin.com.vn\/index.php\/product\/kromschroder-vmo125n05m20\/#breadcrumb\",\"itemListElement\":[{\"@type\":\"ListItem\",\"position\":1,\"name\":\"Home\",\"item\":\"https:\/\/sipin.com.vn\/\"},{\"@type\":\"ListItem\",\"position\":2,\"name\":\"S\u1ea2N PH\u1ea8M\",\"item\":\"https:\/\/sipin.com.vn\/index.php\/cua-hang\/\"},{\"@type\":\"ListItem\",\"position\":3,\"name\":\"KROMSCHRODER VMO125N05M20\"}]},{\"@type\":\"WebSite\",\"@id\":\"https:\/\/sipin.com.vn\/#website\",\"url\":\"https:\/\/sipin.com.vn\/\",\"name\":\"OMANI VI\u1ec6T NAM\",\"description\":\"Nh\u00e0 ph\u00e2n ph\u1ed1i thi\u1ebft b\u1ecb kh\u00ed n\u00e9n v\u00e0 thi\u1ebft b\u1ecb t\u1ef1 \u0111\u1ed9ng h\u00f3a trong c\u00f4ng nghi\u1ec7p\",\"publisher\":{\"@id\":\"https:\/\/sipin.com.vn\/#\/schema\/person\/0ad398a980dc3fd696111c2c5c8fa897\"},\"potentialAction\":[{\"@type\":\"SearchAction\",\"target\":{\"@type\":\"EntryPoint\",\"urlTemplate\":\"https:\/\/sipin.com.vn\/?s={search_term_string}\"},\"query-input\":\"required name=search_term_string\"}],\"inLanguage\":\"vi\"},{\"@type\":[\"Person\",\"Organization\"],\"@id\":\"https:\/\/sipin.com.vn\/#\/schema\/person\/0ad398a980dc3fd696111c2c5c8fa897\",\"name\":\"Nguy\u1ec5n V\u0103n Kh\u00e1nh\",\"image\":{\"@type\":\"ImageObject\",\"inLanguage\":\"vi\",\"@id\":\"https:\/\/sipin.com.vn\/#\/schema\/person\/image\/\",\"url\":\"https:\/\/sipin.com.vn\/wp-content\/uploads\/2024\/06\/logo-1024x1024.png\",\"contentUrl\":\"https:\/\/sipin.com.vn\/wp-content\/uploads\/2024\/06\/logo-1024x1024.png\",\"width\":1024,\"height\":1024,\"caption\":\"Nguy\u1ec5n V\u0103n Kh\u00e1nh\"},\"logo\":{\"@id\":\"https:\/\/sipin.com.vn\/#\/schema\/person\/image\/\"},\"sameAs\":[\"https:\/\/sipin.com.vn\"]}]}<\/script>\n<!-- \/ Yoast SEO plugin. -->","yoast_head_json":{"title":"KROMSCHRODER VMO125N05M20 - OMANI VI\u1ec6T NAM","description":"VMO125N05M20 Kromschroder orifices VMO series DN 25 (1\")","robots":{"index":"index","follow":"follow","max-snippet":"max-snippet:-1","max-image-preview":"max-image-preview:large","max-video-preview":"max-video-preview:-1"},"canonical":"https:\/\/sipin.com.vn\/index.php\/product\/kromschroder-vmo125n05m20\/","og_locale":"vi_VN","og_type":"article","og_title":"KROMSCHRODER VMO125N05M20 - OMANI VI\u1ec6T NAM","og_description":"VMO125N05M20 Kromschroder orifices VMO series DN 25 (1\")","og_url":"https:\/\/sipin.com.vn\/index.php\/product\/kromschroder-vmo125n05m20\/","og_site_name":"OMANI VI\u1ec6T NAM","article_modified_time":"2025-01-13T14:50:20+00:00","og_image":[{"width":748,"height":469,"url":"https:\/\/sipin.com.vn\/wp-content\/uploads\/2024\/06\/VMO125N05M20.png","type":"image\/png"}],"twitter_card":"summary_large_image","twitter_misc":{"\u01af\u1edbc t\u00ednh th\u1eddi gian \u0111\u1ecdc":"6 ph\u00fat"},"schema":{"@context":"https:\/\/schema.org","@graph":[{"@type":"WebPage","@id":"https:\/\/sipin.com.vn\/index.php\/product\/kromschroder-vmo125n05m20\/","url":"https:\/\/sipin.com.vn\/index.php\/product\/kromschroder-vmo125n05m20\/","name":"KROMSCHRODER VMO125N05M20 - OMANI VI\u1ec6T NAM","isPartOf":{"@id":"https:\/\/sipin.com.vn\/#website"},"primaryImageOfPage":{"@id":"https:\/\/sipin.com.vn\/index.php\/product\/kromschroder-vmo125n05m20\/#primaryimage"},"image":{"@id":"https:\/\/sipin.com.vn\/index.php\/product\/kromschroder-vmo125n05m20\/#primaryimage"},"thumbnailUrl":"https:\/\/sipin.com.vn\/wp-content\/uploads\/2024\/06\/VMO125N05M20.png","datePublished":"2024-06-22T23:07:34+00:00","dateModified":"2025-01-13T14:50:20+00:00","description":"VMO125N05M20 Kromschroder orifices VMO series DN 25 (1\")","breadcrumb":{"@id":"https:\/\/sipin.com.vn\/index.php\/product\/kromschroder-vmo125n05m20\/#breadcrumb"},"inLanguage":"vi","potentialAction":[{"@type":"ReadAction","target":["https:\/\/sipin.com.vn\/index.php\/product\/kromschroder-vmo125n05m20\/"]}]},{"@type":"ImageObject","inLanguage":"vi","@id":"https:\/\/sipin.com.vn\/index.php\/product\/kromschroder-vmo125n05m20\/#primaryimage","url":"https:\/\/sipin.com.vn\/wp-content\/uploads\/2024\/06\/VMO125N05M20.png","contentUrl":"https:\/\/sipin.com.vn\/wp-content\/uploads\/2024\/06\/VMO125N05M20.png","width":748,"height":469},{"@type":"BreadcrumbList","@id":"https:\/\/sipin.com.vn\/index.php\/product\/kromschroder-vmo125n05m20\/#breadcrumb","itemListElement":[{"@type":"ListItem","position":1,"name":"Home","item":"https:\/\/sipin.com.vn\/"},{"@type":"ListItem","position":2,"name":"S\u1ea2N PH\u1ea8M","item":"https:\/\/sipin.com.vn\/index.php\/cua-hang\/"},{"@type":"ListItem","position":3,"name":"KROMSCHRODER VMO125N05M20"}]},{"@type":"WebSite","@id":"https:\/\/sipin.com.vn\/#website","url":"https:\/\/sipin.com.vn\/","name":"OMANI VI\u1ec6T NAM","description":"Nh\u00e0 ph\u00e2n ph\u1ed1i thi\u1ebft b\u1ecb kh\u00ed n\u00e9n v\u00e0 thi\u1ebft b\u1ecb t\u1ef1 \u0111\u1ed9ng h\u00f3a trong c\u00f4ng nghi\u1ec7p","publisher":{"@id":"https:\/\/sipin.com.vn\/#\/schema\/person\/0ad398a980dc3fd696111c2c5c8fa897"},"potentialAction":[{"@type":"SearchAction","target":{"@type":"EntryPoint","urlTemplate":"https:\/\/sipin.com.vn\/?s={search_term_string}"},"query-input":"required name=search_term_string"}],"inLanguage":"vi"},{"@type":["Person","Organization"],"@id":"https:\/\/sipin.com.vn\/#\/schema\/person\/0ad398a980dc3fd696111c2c5c8fa897","name":"Nguy\u1ec5n V\u0103n Kh\u00e1nh","image":{"@type":"ImageObject","inLanguage":"vi","@id":"https:\/\/sipin.com.vn\/#\/schema\/person\/image\/","url":"https:\/\/sipin.com.vn\/wp-content\/uploads\/2024\/06\/logo-1024x1024.png","contentUrl":"https:\/\/sipin.com.vn\/wp-content\/uploads\/2024\/06\/logo-1024x1024.png","width":1024,"height":1024,"caption":"Nguy\u1ec5n V\u0103n Kh\u00e1nh"},"logo":{"@id":"https:\/\/sipin.com.vn\/#\/schema\/person\/image\/"},"sameAs":["https:\/\/sipin.com.vn"]}]}},"_links":{"self":[{"href":"https:\/\/sipin.com.vn\/index.php\/wp-json\/wp\/v2\/product\/800","targetHints":{"allow":["GET"]}}],"collection":[{"href":"https:\/\/sipin.com.vn\/index.php\/wp-json\/wp\/v2\/product"}],"about":[{"href":"https:\/\/sipin.com.vn\/index.php\/wp-json\/wp\/v2\/types\/product"}],"replies":[{"embeddable":true,"href":"https:\/\/sipin.com.vn\/index.php\/wp-json\/wp\/v2\/comments?post=800"}],"wp:featuredmedia":[{"embeddable":true,"href":"https:\/\/sipin.com.vn\/index.php\/wp-json\/wp\/v2\/media\/801"}],"wp:attachment":[{"href":"https:\/\/sipin.com.vn\/index.php\/wp-json\/wp\/v2\/media?parent=800"}],"wp:term":[{"taxonomy":"product_cat","embeddable":true,"href":"https:\/\/sipin.com.vn\/index.php\/wp-json\/wp\/v2\/product_cat?post=800"},{"taxonomy":"product_tag","embeddable":true,"href":"https:\/\/sipin.com.vn\/index.php\/wp-json\/wp\/v2\/product_tag?post=800"}],"curies":[{"name":"wp","href":"https:\/\/api.w.org\/{rel}","templated":true}]}}