{"id":796,"date":"2024-06-22T16:57:33","date_gmt":"2024-06-22T09:57:33","guid":{"rendered":"https:\/\/omanivietnam.com\/?post_type=product&#038;p=796"},"modified":"2024-08-24T21:33:00","modified_gmt":"2024-08-24T14:33:00","slug":"ifm-e33701","status":"publish","type":"product","link":"https:\/\/sipin.com.vn\/index.php\/product\/ifm-e33701\/","title":{"rendered":"IFM E33701"},"content":{"rendered":"<p>IFM E33701<\/p>\n<p>T\u00ean s\u1ea3n ph\u1ea9m: Process adapter Tri-Clamp<\/p>\n<p>Danh m\u1ee5c: ADAPT IFM-CLAMP ISO2852 1-1.5\u2033<\/p>\n<p>Model: E33701<\/p>\n<p>Nh\u00e0 s\u1ea3n xu\u1ea5t: IFM<\/p>\n<p>Xu\u1ea5t x\u1ee9: DE<\/p>\n<ul>\n<li>For the installation of process sensors in containers and pipes<\/li>\n<li>Easy, quick and secure mounting<\/li>\n<li>Particularly suited for use in hygienic applications<\/li>\n<li>Stainless steel adapter for the requirements of the food and beverage industry<\/li>\n<li>High pressure rating<\/li>\n<\/ul>\n<div class=\"product-header product-header--desktop\">\n<p class=\"product-header__category\">Process adapter Tri-Clamp<\/p>\n<div class=\"product-header__wrapper\">\n<p class=\"product-header__article\">E33701<\/p>\n<p class=\"product-header__typekey\">ADAPT IFM-CLAMP ISO2852 1-1.5&#8243;<\/p>\n<\/div>\n<\/div>\n<div class=\"bulletpoint-list\">\n<ul class=\"bulletpoint-list__entries\">\n<li>For the installation of process sensors in containers and pipes<\/li>\n<li>Easy, quick and secure mounting<\/li>\n<li>Particularly suited for use in hygienic applications<\/li>\n<li>Stainless steel adapter for the requirements of the food and beverage industry<\/li>\n<li>High pressure rating<\/li>\n<\/ul>\n<div class=\"datasheet-section\">\n<div class=\"datasheet-section__headline heading-lined\">Application<\/div>\n<table class=\"datasheet-section__table datasheet-table\" aria-label=\"datasheet section table\">\n<tbody>\n<tr class=\"datasheet-table__row\">\n<th class=\"datasheet-table__label\">Pressure rating [bar]<\/th>\n<td class=\"datasheet-table__value\">16<\/td>\n<\/tr>\n<tr class=\"datasheet-table__row\">\n<th class=\"datasheet-table__label\">MAWP (for applications according to CRN) [bar]<\/th>\n<td class=\"datasheet-table__value\">16<\/td>\n<\/tr>\n<\/tbody>\n<\/table>\n<\/div>\n<div class=\"datasheet-section\">\n<div class=\"datasheet-section__headline heading-lined\">Tests \/ approvals<\/div>\n<table class=\"datasheet-section__table datasheet-table\" aria-label=\"datasheet section table\">\n<tbody>\n<tr class=\"datasheet-table__row\">\n<th class=\"datasheet-table__label\">Pressure Equipment Directive<\/th>\n<td class=\"datasheet-table__value\">A possible classification to PED depends on the application and has to be carried out by the user \/ operator.<\/td>\n<\/tr>\n<tr class=\"datasheet-table__row\">\n<th class=\"datasheet-table__label\">Safety instructions<\/th>\n<td class=\"datasheet-table__value\">The compatibility between medium and product material has to be checked in all applications.<\/td>\n<\/tr>\n<\/tbody>\n<\/table>\n<\/div>\n<div class=\"datasheet-section\">\n<div class=\"datasheet-section__headline heading-lined\">Mechanical data<\/div>\n<table class=\"datasheet-section__table datasheet-table\" aria-label=\"datasheet section table\">\n<tbody>\n<tr class=\"datasheet-table__row\">\n<th class=\"datasheet-table__label\">Weight [g]<\/th>\n<td class=\"datasheet-table__value\">101<\/td>\n<\/tr>\n<tr class=\"datasheet-table__row\">\n<th class=\"datasheet-table__label\">Materials (wetted parts)<\/th>\n<td class=\"datasheet-table__value\">stainless steel (316L\/1.4435) ; surface characteristics : Ra&lt;0,4 \/ Rz 4<\/td>\n<\/tr>\n<tr class=\"datasheet-table__row\">\n<th class=\"datasheet-table__label\">Sensor connection<\/th>\n<td class=\"datasheet-table__value\">G 1 internal thread Aseptoflex Vario<\/td>\n<\/tr>\n<tr class=\"datasheet-table__row\">\n<th class=\"datasheet-table__label\">Process connection<\/th>\n<td class=\"datasheet-table__value\">Clamp DN25&#8230;DN40 (1&#8230;1,5&#8243;) DIN 32676 (ISO 2852)<\/td>\n<\/tr>\n<tr class=\"datasheet-table__row\">\n<th class=\"datasheet-table__label\">Sealing<\/th>\n<td class=\"datasheet-table__value\">metal to metal<\/td>\n<\/tr>\n<tr class=\"datasheet-table__row\">\n<th class=\"datasheet-table__label\">Hygienic equipment class to DIN 11866<\/th>\n<td class=\"datasheet-table__value\">H4<\/td>\n<\/tr>\n<\/tbody>\n<\/table>\n<\/div>\n<div class=\"datasheet-section\">\n<div class=\"datasheet-section__headline heading-lined\">Remarks<\/div>\n<table class=\"datasheet-section__table datasheet-table\" aria-label=\"datasheet section table\">\n<tbody>\n<tr class=\"datasheet-table__row\">\n<th class=\"datasheet-table__label\">Pack quantity<\/th>\n<td class=\"datasheet-table__value\">1 pcs.<\/td>\n<\/tr>\n<\/tbody>\n<\/table>\n<\/div>\n<p>Directive A possible classification to PED depends on the application and has to be carried out by the user \/ operator. Safety instructions The compatibility between medium and product material has to be checked in all applications. Mechanical data Weight [g] 101 Materials stainless steel (1.4435 \/ 316L) Sensor connection G 1 external thread Aseptoflex Vario Process connection Clamp DN25\u2026DN40 (1\u20261,5\u2033) DIN 32676 (ISO 2852) Surface characteristics Ra\/Rz of the wetted parts 0.4 \/ 4 Sealing metal to metal Hygienic equipment class to DIN 11866 H4 Remarks Pack quantity 1 pcs.<\/p>\n<\/div>\n<p>&nbsp;<\/p>\n<p>\u0110\u1ea1i l\u00fd IFM vietnam, IFM viet nam, IFM vietnam distributor, Ph\u00e2n ph\u1ed1i IFM t\u1ea1i vi\u1ec7t nam<\/p>\n<p>\u0110\u1ea1i l\u00fd IFM vietnam, IFM viet nam, IFM vietnam distributor, Ph\u00e2n ph\u1ed1i IFM t\u1ea1i vi\u1ec7t nam<\/p>\n<p>\u0110\u1ea1i l\u00fd IFM vietnam, IFM viet nam, IFM vietnam distributor, Ph\u00e2n ph\u1ed1i IFM t\u1ea1i vi\u1ec7t nam<\/p>\n<p>\u0110\u1ea1i l\u00fd IFM vietnam, IFM viet nam, IFM vietnam distributor, Ph\u00e2n ph\u1ed1i IFM t\u1ea1i vi\u1ec7t nam<\/p>\n<p>\u0110\u1ea1i l\u00fd IFM vietnam, IFM viet nam, IFM vietnam distributor, Ph\u00e2n ph\u1ed1i IFM t\u1ea1i vi\u1ec7t nam<\/p>\n<div id=\"ifm-app-shopping-box\" data-gross-price=\"\" data-is-customer-protected-article=\"\" data-v-app=\"\"><\/div>\n","protected":false},"excerpt":{"rendered":"<p>IFM E33701 T\u00ean s\u1ea3n ph\u1ea9m: Process adapter Tri-Clamp Danh m\u1ee5c: ADAPT IFM-CLAMP ISO2852 1-1.5\u2033 Model: E33701 Nh\u00e0 s\u1ea3n xu\u1ea5t: IFM Xu\u1ea5t x\u1ee9: DE For the installation of process sensors in containers and pipes Easy, quick and secure mounting Particularly suited for use in hygienic applications Stainless steel adapter for the&hellip; <\/p>\n","protected":false},"featured_media":797,"comment_status":"open","ping_status":"closed","template":"","meta":{"om_disable_all_campaigns":false,"_monsterinsights_skip_tracking":false,"_monsterinsights_sitenote_active":false,"_monsterinsights_sitenote_note":"","_monsterinsights_sitenote_category":0},"product_cat":[15],"product_tag":[88,166,165],"class_list":{"0":"post-796","1":"product","2":"type-product","3":"status-publish","4":"has-post-thumbnail","6":"product_cat-apex","7":"product_tag-cam-bien","8":"product_tag-dai-ly-ifm-viet-nam","9":"product_tag-ifm-viet-nam","11":"first","12":"instock","13":"shipping-taxable","14":"product-type-simple"},"aioseo_notices":[],"yoast_head":"<!-- This site is optimized with the Yoast SEO plugin v22.8 - https:\/\/yoast.com\/wordpress\/plugins\/seo\/ -->\n<title>IFM E33701 - OMANI VI\u1ec6T NAM<\/title>\n<meta name=\"robots\" content=\"index, follow, max-snippet:-1, max-image-preview:large, max-video-preview:-1\" \/>\n<link rel=\"canonical\" href=\"https:\/\/sipin.com.vn\/index.php\/product\/ifm-e33701\/\" \/>\n<meta property=\"og:locale\" content=\"vi_VN\" \/>\n<meta property=\"og:type\" content=\"article\" \/>\n<meta property=\"og:title\" content=\"IFM E33701 - OMANI VI\u1ec6T NAM\" \/>\n<meta property=\"og:description\" content=\"IFM E33701 T\u00ean s\u1ea3n ph\u1ea9m: Process adapter Tri-Clamp Danh m\u1ee5c: ADAPT IFM-CLAMP ISO2852 1-1.5\u2033 Model: E33701 Nh\u00e0 s\u1ea3n xu\u1ea5t: IFM Xu\u1ea5t x\u1ee9: DE For the installation of process sensors in containers and pipes Easy, quick and secure mounting Particularly suited for use in hygienic applications Stainless steel adapter for the&hellip;\" \/>\n<meta property=\"og:url\" content=\"https:\/\/sipin.com.vn\/index.php\/product\/ifm-e33701\/\" \/>\n<meta property=\"og:site_name\" content=\"OMANI VI\u1ec6T NAM\" \/>\n<meta property=\"article:modified_time\" content=\"2024-08-24T14:33:00+00:00\" \/>\n<meta property=\"og:image\" content=\"https:\/\/sipin.com.vn\/wp-content\/uploads\/2024\/06\/E33701.png\" \/>\n\t<meta property=\"og:image:width\" content=\"437\" \/>\n\t<meta property=\"og:image:height\" content=\"354\" \/>\n\t<meta property=\"og:image:type\" content=\"image\/png\" \/>\n<meta name=\"twitter:card\" content=\"summary_large_image\" \/>\n<meta name=\"twitter:label1\" content=\"\u01af\u1edbc t\u00ednh th\u1eddi gian \u0111\u1ecdc\" \/>\n\t<meta name=\"twitter:data1\" content=\"3 ph\u00fat\" \/>\n<script type=\"application\/ld+json\" class=\"yoast-schema-graph\">{\"@context\":\"https:\/\/schema.org\",\"@graph\":[{\"@type\":\"WebPage\",\"@id\":\"https:\/\/sipin.com.vn\/index.php\/product\/ifm-e33701\/\",\"url\":\"https:\/\/sipin.com.vn\/index.php\/product\/ifm-e33701\/\",\"name\":\"IFM E33701 - OMANI VI\u1ec6T NAM\",\"isPartOf\":{\"@id\":\"https:\/\/sipin.com.vn\/#website\"},\"primaryImageOfPage\":{\"@id\":\"https:\/\/sipin.com.vn\/index.php\/product\/ifm-e33701\/#primaryimage\"},\"image\":{\"@id\":\"https:\/\/sipin.com.vn\/index.php\/product\/ifm-e33701\/#primaryimage\"},\"thumbnailUrl\":\"https:\/\/sipin.com.vn\/wp-content\/uploads\/2024\/06\/E33701.png\",\"datePublished\":\"2024-06-22T09:57:33+00:00\",\"dateModified\":\"2024-08-24T14:33:00+00:00\",\"breadcrumb\":{\"@id\":\"https:\/\/sipin.com.vn\/index.php\/product\/ifm-e33701\/#breadcrumb\"},\"inLanguage\":\"vi\",\"potentialAction\":[{\"@type\":\"ReadAction\",\"target\":[\"https:\/\/sipin.com.vn\/index.php\/product\/ifm-e33701\/\"]}]},{\"@type\":\"ImageObject\",\"inLanguage\":\"vi\",\"@id\":\"https:\/\/sipin.com.vn\/index.php\/product\/ifm-e33701\/#primaryimage\",\"url\":\"https:\/\/sipin.com.vn\/wp-content\/uploads\/2024\/06\/E33701.png\",\"contentUrl\":\"https:\/\/sipin.com.vn\/wp-content\/uploads\/2024\/06\/E33701.png\",\"width\":437,\"height\":354},{\"@type\":\"BreadcrumbList\",\"@id\":\"https:\/\/sipin.com.vn\/index.php\/product\/ifm-e33701\/#breadcrumb\",\"itemListElement\":[{\"@type\":\"ListItem\",\"position\":1,\"name\":\"Home\",\"item\":\"https:\/\/sipin.com.vn\/\"},{\"@type\":\"ListItem\",\"position\":2,\"name\":\"S\u1ea2N PH\u1ea8M\",\"item\":\"https:\/\/sipin.com.vn\/index.php\/cua-hang\/\"},{\"@type\":\"ListItem\",\"position\":3,\"name\":\"IFM E33701\"}]},{\"@type\":\"WebSite\",\"@id\":\"https:\/\/sipin.com.vn\/#website\",\"url\":\"https:\/\/sipin.com.vn\/\",\"name\":\"OMANI VI\u1ec6T NAM\",\"description\":\"Nh\u00e0 ph\u00e2n ph\u1ed1i thi\u1ebft b\u1ecb kh\u00ed n\u00e9n v\u00e0 thi\u1ebft b\u1ecb t\u1ef1 \u0111\u1ed9ng h\u00f3a trong c\u00f4ng nghi\u1ec7p\",\"publisher\":{\"@id\":\"https:\/\/sipin.com.vn\/#\/schema\/person\/0ad398a980dc3fd696111c2c5c8fa897\"},\"potentialAction\":[{\"@type\":\"SearchAction\",\"target\":{\"@type\":\"EntryPoint\",\"urlTemplate\":\"https:\/\/sipin.com.vn\/?s={search_term_string}\"},\"query-input\":\"required name=search_term_string\"}],\"inLanguage\":\"vi\"},{\"@type\":[\"Person\",\"Organization\"],\"@id\":\"https:\/\/sipin.com.vn\/#\/schema\/person\/0ad398a980dc3fd696111c2c5c8fa897\",\"name\":\"Nguy\u1ec5n V\u0103n Kh\u00e1nh\",\"image\":{\"@type\":\"ImageObject\",\"inLanguage\":\"vi\",\"@id\":\"https:\/\/sipin.com.vn\/#\/schema\/person\/image\/\",\"url\":\"https:\/\/sipin.com.vn\/wp-content\/uploads\/2024\/06\/logo-1024x1024.png\",\"contentUrl\":\"https:\/\/sipin.com.vn\/wp-content\/uploads\/2024\/06\/logo-1024x1024.png\",\"width\":1024,\"height\":1024,\"caption\":\"Nguy\u1ec5n V\u0103n Kh\u00e1nh\"},\"logo\":{\"@id\":\"https:\/\/sipin.com.vn\/#\/schema\/person\/image\/\"},\"sameAs\":[\"https:\/\/sipin.com.vn\"]}]}<\/script>\n<!-- \/ Yoast SEO plugin. -->","yoast_head_json":{"title":"IFM E33701 - OMANI VI\u1ec6T NAM","robots":{"index":"index","follow":"follow","max-snippet":"max-snippet:-1","max-image-preview":"max-image-preview:large","max-video-preview":"max-video-preview:-1"},"canonical":"https:\/\/sipin.com.vn\/index.php\/product\/ifm-e33701\/","og_locale":"vi_VN","og_type":"article","og_title":"IFM E33701 - OMANI VI\u1ec6T NAM","og_description":"IFM E33701 T\u00ean s\u1ea3n ph\u1ea9m: Process adapter Tri-Clamp Danh m\u1ee5c: ADAPT IFM-CLAMP ISO2852 1-1.5\u2033 Model: E33701 Nh\u00e0 s\u1ea3n xu\u1ea5t: IFM Xu\u1ea5t x\u1ee9: DE For the installation of process sensors in containers and pipes Easy, quick and secure mounting Particularly suited for use in hygienic applications Stainless steel adapter for the&hellip;","og_url":"https:\/\/sipin.com.vn\/index.php\/product\/ifm-e33701\/","og_site_name":"OMANI VI\u1ec6T NAM","article_modified_time":"2024-08-24T14:33:00+00:00","og_image":[{"width":437,"height":354,"url":"https:\/\/sipin.com.vn\/wp-content\/uploads\/2024\/06\/E33701.png","type":"image\/png"}],"twitter_card":"summary_large_image","twitter_misc":{"\u01af\u1edbc t\u00ednh th\u1eddi gian \u0111\u1ecdc":"3 ph\u00fat"},"schema":{"@context":"https:\/\/schema.org","@graph":[{"@type":"WebPage","@id":"https:\/\/sipin.com.vn\/index.php\/product\/ifm-e33701\/","url":"https:\/\/sipin.com.vn\/index.php\/product\/ifm-e33701\/","name":"IFM E33701 - OMANI VI\u1ec6T NAM","isPartOf":{"@id":"https:\/\/sipin.com.vn\/#website"},"primaryImageOfPage":{"@id":"https:\/\/sipin.com.vn\/index.php\/product\/ifm-e33701\/#primaryimage"},"image":{"@id":"https:\/\/sipin.com.vn\/index.php\/product\/ifm-e33701\/#primaryimage"},"thumbnailUrl":"https:\/\/sipin.com.vn\/wp-content\/uploads\/2024\/06\/E33701.png","datePublished":"2024-06-22T09:57:33+00:00","dateModified":"2024-08-24T14:33:00+00:00","breadcrumb":{"@id":"https:\/\/sipin.com.vn\/index.php\/product\/ifm-e33701\/#breadcrumb"},"inLanguage":"vi","potentialAction":[{"@type":"ReadAction","target":["https:\/\/sipin.com.vn\/index.php\/product\/ifm-e33701\/"]}]},{"@type":"ImageObject","inLanguage":"vi","@id":"https:\/\/sipin.com.vn\/index.php\/product\/ifm-e33701\/#primaryimage","url":"https:\/\/sipin.com.vn\/wp-content\/uploads\/2024\/06\/E33701.png","contentUrl":"https:\/\/sipin.com.vn\/wp-content\/uploads\/2024\/06\/E33701.png","width":437,"height":354},{"@type":"BreadcrumbList","@id":"https:\/\/sipin.com.vn\/index.php\/product\/ifm-e33701\/#breadcrumb","itemListElement":[{"@type":"ListItem","position":1,"name":"Home","item":"https:\/\/sipin.com.vn\/"},{"@type":"ListItem","position":2,"name":"S\u1ea2N PH\u1ea8M","item":"https:\/\/sipin.com.vn\/index.php\/cua-hang\/"},{"@type":"ListItem","position":3,"name":"IFM E33701"}]},{"@type":"WebSite","@id":"https:\/\/sipin.com.vn\/#website","url":"https:\/\/sipin.com.vn\/","name":"OMANI VI\u1ec6T NAM","description":"Nh\u00e0 ph\u00e2n ph\u1ed1i thi\u1ebft b\u1ecb kh\u00ed n\u00e9n v\u00e0 thi\u1ebft b\u1ecb t\u1ef1 \u0111\u1ed9ng h\u00f3a trong c\u00f4ng nghi\u1ec7p","publisher":{"@id":"https:\/\/sipin.com.vn\/#\/schema\/person\/0ad398a980dc3fd696111c2c5c8fa897"},"potentialAction":[{"@type":"SearchAction","target":{"@type":"EntryPoint","urlTemplate":"https:\/\/sipin.com.vn\/?s={search_term_string}"},"query-input":"required name=search_term_string"}],"inLanguage":"vi"},{"@type":["Person","Organization"],"@id":"https:\/\/sipin.com.vn\/#\/schema\/person\/0ad398a980dc3fd696111c2c5c8fa897","name":"Nguy\u1ec5n V\u0103n Kh\u00e1nh","image":{"@type":"ImageObject","inLanguage":"vi","@id":"https:\/\/sipin.com.vn\/#\/schema\/person\/image\/","url":"https:\/\/sipin.com.vn\/wp-content\/uploads\/2024\/06\/logo-1024x1024.png","contentUrl":"https:\/\/sipin.com.vn\/wp-content\/uploads\/2024\/06\/logo-1024x1024.png","width":1024,"height":1024,"caption":"Nguy\u1ec5n V\u0103n Kh\u00e1nh"},"logo":{"@id":"https:\/\/sipin.com.vn\/#\/schema\/person\/image\/"},"sameAs":["https:\/\/sipin.com.vn"]}]}},"_links":{"self":[{"href":"https:\/\/sipin.com.vn\/index.php\/wp-json\/wp\/v2\/product\/796","targetHints":{"allow":["GET"]}}],"collection":[{"href":"https:\/\/sipin.com.vn\/index.php\/wp-json\/wp\/v2\/product"}],"about":[{"href":"https:\/\/sipin.com.vn\/index.php\/wp-json\/wp\/v2\/types\/product"}],"replies":[{"embeddable":true,"href":"https:\/\/sipin.com.vn\/index.php\/wp-json\/wp\/v2\/comments?post=796"}],"wp:featuredmedia":[{"embeddable":true,"href":"https:\/\/sipin.com.vn\/index.php\/wp-json\/wp\/v2\/media\/797"}],"wp:attachment":[{"href":"https:\/\/sipin.com.vn\/index.php\/wp-json\/wp\/v2\/media?parent=796"}],"wp:term":[{"taxonomy":"product_cat","embeddable":true,"href":"https:\/\/sipin.com.vn\/index.php\/wp-json\/wp\/v2\/product_cat?post=796"},{"taxonomy":"product_tag","embeddable":true,"href":"https:\/\/sipin.com.vn\/index.php\/wp-json\/wp\/v2\/product_tag?post=796"}],"curies":[{"name":"wp","href":"https:\/\/api.w.org\/{rel}","templated":true}]}}