{"id":790,"date":"2024-06-22T16:06:54","date_gmt":"2024-06-22T09:06:54","guid":{"rendered":"https:\/\/omanivietnam.com\/?post_type=product&#038;p=790"},"modified":"2024-08-16T22:08:59","modified_gmt":"2024-08-16T15:08:59","slug":"takex-f70agk","status":"publish","type":"product","link":"https:\/\/sipin.com.vn\/index.php\/product\/takex-f70agk\/","title":{"rendered":"TAKEX F70AGK"},"content":{"rendered":"<p>TAKEX F70AGK<\/p>\n<div>\n<h1 class=\"content__heading content__heading--line\">F70AK SERIES<\/h1>\n<\/div>\n<div class=\"mb-3 mb-md-4\">\n<ul>\n<li>Digital display<\/li>\n<li>Auto sensitivity setting<\/li>\n<li>Manual sensitivity setting<\/li>\n<li>The &#8220;new&#8221; wire saving connection system compatible with major fiber amplifier models<\/li>\n<\/ul>\n<h3>CONVENIENT FEATURE<br \/>\nSINGLE POWER SUPPLY FEEDS UP TO 16 UNITS<\/h3>\n<p>Power can be supplied to all units in one group (up to 16 units) by simply feeding power supply to any single unit through the power\/output connector.<br \/>\nStand alone use is also available.<\/p>\n<p><img decoding=\"async\" src=\"https:\/\/takex.com\/storage\/content-images\/diagrams\/ProductSeriesDocument_Feature_F70K_01_en.jpg\" alt=\"Up to 16 units of &quot;mixed&quot; model combinations are allowed without a master\/slave distinction\" \/><\/p>\n<\/div>\n<p>&nbsp;<\/p>\n<p>&nbsp;<\/p>\n<p><img decoding=\"async\" src=\"https:\/\/takex.com\/storage\/content-images\/diagrams\/ProductSeriesDocument_Feature_F70K_02_en.jpg\" alt=\"Innovative mini connector employed\" \/><\/p>\n<p>&nbsp;<\/p>\n<div>\n<h2>C\u1ea3m bi\u1ebfn quang TAKEX F70AR, F70AG, F70AB, F70AW, F70ARPN, F70AGPN, F70ABPN, F70AWPN, F70AR-J, F70AG-J, F70AB-J, F70AW-J, F70ARPN-J, F70AGPN-J, F70ABPN-J, F70AWPN-J<\/h2>\n<table class=\"product_table\">\n<tbody>\n<tr>\n<th>Model<\/th>\n<th>Power supply<\/th>\n<th>Control output<\/th>\n<th>Operation mode<\/th>\n<th>Light source<\/th>\n<th>Response time (ms)<\/th>\n<th>Connection<\/th>\n<th>Use application<\/th>\n<th><\/th>\n<\/tr>\n<tr>\n<td>F70AR<\/td>\n<td>12 &#8211; 24VDC<\/td>\n<td>NPN<\/td>\n<td>Dark-ON<br \/>\nLight-ON<\/td>\n<td>Red LED<\/td>\n<td>0.600<br \/>\n0.700<\/td>\n<td>Attached cable<\/td>\n<td>semiconductor \/ LCD<br \/>\nprecision instruments \/ electronic components<\/td>\n<td><\/td>\n<\/tr>\n<tr>\n<td>F70AG<\/td>\n<td>12 &#8211; 24VDC<\/td>\n<td>NPN<\/td>\n<td>Dark-ON<br \/>\nLight-ON<\/td>\n<td>Green LED<\/td>\n<td>0.600<br \/>\n0.700<\/td>\n<td>Attached cable<\/td>\n<td>semiconductor \/ LCD<br \/>\nprecision instruments \/ electronic components<\/td>\n<td><\/td>\n<\/tr>\n<tr>\n<td>F70AB<\/td>\n<td>12 &#8211; 24VDC<\/td>\n<td>NPN<\/td>\n<td>Dark-ON<br \/>\nLight-ON<\/td>\n<td>Blue LED<\/td>\n<td>0.600<br \/>\n0.700<\/td>\n<td>Attached cable<\/td>\n<td>semiconductor \/ LCD<br \/>\nprecision instruments \/ electronic components<\/td>\n<td><\/td>\n<\/tr>\n<tr>\n<td>F70AW<\/td>\n<td>12 &#8211; 24VDC<\/td>\n<td>NPN<\/td>\n<td>Dark-ON<br \/>\nLight-ON<\/td>\n<td>White LED<\/td>\n<td>0.600<br \/>\n0.700<\/td>\n<td>Attached cable<\/td>\n<td>semiconductor \/ LCD<br \/>\nprecision instruments \/ electronic components<\/td>\n<td><\/td>\n<\/tr>\n<tr>\n<td>F70ARPN<\/td>\n<td>12 &#8211; 24VDC<\/td>\n<td>PNP<\/td>\n<td>Dark-ON<br \/>\nLight-ON<\/td>\n<td>Red LED<\/td>\n<td>0.600<br \/>\n0.700<\/td>\n<td>Attached cable<\/td>\n<td>semiconductor \/ LCD<br \/>\nprecision instruments \/ electronic components<\/td>\n<td><\/td>\n<\/tr>\n<tr>\n<td>F70AGPN<\/td>\n<td>12 &#8211; 24VDC<\/td>\n<td>PNP<\/td>\n<td>Dark-ON<br \/>\nLight-ON<\/td>\n<td>Green LED<\/td>\n<td>0.600<br \/>\n0.700<\/td>\n<td>Attached cable<\/td>\n<td>semiconductor \/ LCD<br \/>\nprecision instruments \/ electronic components<\/td>\n<td><\/td>\n<\/tr>\n<tr>\n<td>F70ABPN<\/td>\n<td>12 &#8211; 24VDC<\/td>\n<td>PNP<\/td>\n<td>Dark-ON<br \/>\nLight-ON<\/td>\n<td>Blue LED<\/td>\n<td>0.600<br \/>\n0.700<\/td>\n<td>Attached cable<\/td>\n<td>semiconductor \/ LCD<br \/>\nprecision instruments \/ electronic components<\/td>\n<td><\/td>\n<\/tr>\n<tr>\n<td>F70AWPN<\/td>\n<td>12 &#8211; 24VDC<\/td>\n<td>PNP<\/td>\n<td>Dark-ON<br \/>\nLight-ON<\/td>\n<td>White LED<\/td>\n<td>0.600<br \/>\n0.700<\/td>\n<td>Attached cable<\/td>\n<td>semiconductor \/ LCD<br \/>\nprecision instruments \/ electronic components<\/td>\n<td><\/td>\n<\/tr>\n<tr>\n<td>F70AR-J<\/td>\n<td>12 &#8211; 24VDC<\/td>\n<td>NPN<\/td>\n<td>Dark-ON<br \/>\nLight-ON<\/td>\n<td>Red LED<\/td>\n<td>0.600<br \/>\n0.700<\/td>\n<td>M8 connector<\/td>\n<td>semiconductor \/ LCD<br \/>\nprecision instruments \/ electronic components<\/td>\n<td><\/td>\n<\/tr>\n<tr>\n<td>F70AG-J<\/td>\n<td>12 &#8211; 24VDC<\/td>\n<td>NPN<\/td>\n<td>Dark-ON<br \/>\nLight-ON<\/td>\n<td>Green LED<\/td>\n<td>0.600<br \/>\n0.700<\/td>\n<td>M8 connector<\/td>\n<td>semiconductor \/ LCD<br \/>\nprecision instruments \/ electronic components<\/td>\n<td><\/td>\n<\/tr>\n<tr>\n<td>F70AB-J<\/td>\n<td>12 &#8211; 24VDC<\/td>\n<td>NPN<\/td>\n<td>Dark-ON<br \/>\nLight-ON<\/td>\n<td>Blue LED<\/td>\n<td>0.600<br \/>\n0.700<\/td>\n<td>M8 connector<\/td>\n<td>semiconductor \/ LCD<br \/>\nprecision instruments \/ electronic components<\/td>\n<td><\/td>\n<\/tr>\n<tr>\n<td>F70AW-J<\/td>\n<td>12 &#8211; 24VDC<\/td>\n<td>NPN<\/td>\n<td>Dark-ON<br \/>\nLight-ON<\/td>\n<td>White LED<\/td>\n<td>0.600<br \/>\n0.700<\/td>\n<td>M8 connector<\/td>\n<td>semiconductor \/ LCD<br \/>\nprecision instruments \/ electronic components<\/td>\n<td><\/td>\n<\/tr>\n<tr>\n<td>F70ARPN-J<\/td>\n<td>12 &#8211; 24VDC<\/td>\n<td>PNP<\/td>\n<td>Dark-ON<br \/>\nLight-ON<\/td>\n<td>Red LED<\/td>\n<td>0.600<br \/>\n0.700<\/td>\n<td>M8 connector<\/td>\n<td>semiconductor \/ LCD<br \/>\nprecision instruments \/ electronic components<\/td>\n<td><\/td>\n<\/tr>\n<tr>\n<td>F70AGPN-J<\/td>\n<td>12 &#8211; 24VDC<\/td>\n<td>PNP<\/td>\n<td>Dark-ON<br \/>\nLight-ON<\/td>\n<td>Green LED<\/td>\n<td>0.600<br \/>\n0.700<\/td>\n<td>M8 connector<\/td>\n<td>semiconductor \/ LCD<br \/>\nprecision instruments \/ electronic components<\/td>\n<td><\/td>\n<\/tr>\n<tr>\n<td>F70ABPN-J<\/td>\n<td>12 &#8211; 24VDC<\/td>\n<td>PNP<\/td>\n<td>Dark-ON<br \/>\nLight-ON<\/td>\n<td>Blue LED<\/td>\n<td>0.600<br \/>\n0.700<\/td>\n<td>M8 connector<\/td>\n<td>semiconductor \/ LCD<br \/>\nprecision instruments \/ electronic components<\/td>\n<td><\/td>\n<\/tr>\n<tr>\n<td>F70AWPN-J<\/td>\n<td>12 &#8211; 24VDC<\/td>\n<td>PNP<\/td>\n<td>Dark-ON<br \/>\nLight-ON<\/td>\n<td>White LED<\/td>\n<td>0.600<br \/>\n0.700<\/td>\n<td>M8 connector<\/td>\n<td>semiconductor \/ LCD<br \/>\nprecision instruments \/ electronic components<\/td>\n<\/tr>\n<\/tbody>\n<\/table>\n<\/div>\n<p>&nbsp;<\/p>\n<p>&nbsp;<\/p>\n<p>\u0110\u1ea1i l\u00fd TAKEX vietnam, TAKEX viet nam, TAKEX vietnam distributor, Ph\u00e2n ph\u1ed1i TAKEX t\u1ea1i vi\u1ec7t nam<\/p>\n<p>\u0110\u1ea1i l\u00fd TAKEX vietnam, TAKEX viet nam,TAKEX vietnam distributor, Ph\u00e2n ph\u1ed1i TAKEX t\u1ea1i vi\u1ec7t nam<\/p>\n<p>\u0110\u1ea1i l\u00fd TAKEX vietnam, TAKEX viet nam, TAKEX vietnam distributor, Ph\u00e2n ph\u1ed1i TAKEX t\u1ea1i vi\u1ec7t nam<\/p>\n<p>\u0110\u1ea1i l\u00fd TAKEX vietnam, TAKEX viet nam, TAKEX vietnam distributor, Ph\u00e2n ph\u1ed1i TAKEX t\u1ea1i vi\u1ec7t nam<\/p>\n<p>\u0110\u1ea1i l\u00fd TAKEX vietnam, TAKEX viet nam, TAKEX vietnam distributor, Ph\u00e2n ph\u1ed1i TAKEX t\u1ea1i vi\u1ec7t nam<\/p>\n","protected":false},"excerpt":{"rendered":"<p>TAKEX F70AGK F70AK SERIES Digital display Auto sensitivity setting Manual sensitivity setting The &#8220;new&#8221; wire saving connection system compatible with major fiber amplifier models CONVENIENT FEATURE SINGLE POWER SUPPLY FEEDS UP TO 16 UNITS Power can be supplied to all units in one group (up to 16 units) by simply&hellip; <\/p>\n","protected":false},"featured_media":791,"comment_status":"open","ping_status":"closed","template":"","meta":{"om_disable_all_campaigns":false,"_monsterinsights_skip_tracking":false,"_monsterinsights_sitenote_active":false,"_monsterinsights_sitenote_note":"","_monsterinsights_sitenote_category":0},"product_cat":[15],"product_tag":[88,192,191],"class_list":{"0":"post-790","1":"product","2":"type-product","3":"status-publish","4":"has-post-thumbnail","6":"product_cat-apex","7":"product_tag-cam-bien","8":"product_tag-dai-ly-takex-viet-nam","9":"product_tag-takex-viet-nam","11":"first","12":"instock","13":"shipping-taxable","14":"product-type-simple"},"aioseo_notices":[],"yoast_head":"<!-- This site is optimized with the Yoast SEO plugin v22.8 - https:\/\/yoast.com\/wordpress\/plugins\/seo\/ -->\n<title>TAKEX F70AGK - OMANI VI\u1ec6T NAM<\/title>\n<meta name=\"description\" content=\"C\u1ea3m bi\u1ebfn s\u1ee3i quang 0.600-0.700ms Takex \u2013 F70AGK\" \/>\n<meta name=\"robots\" content=\"index, follow, max-snippet:-1, max-image-preview:large, max-video-preview:-1\" \/>\n<link rel=\"canonical\" href=\"https:\/\/sipin.com.vn\/index.php\/product\/takex-f70agk\/\" \/>\n<meta property=\"og:locale\" content=\"vi_VN\" \/>\n<meta property=\"og:type\" content=\"article\" \/>\n<meta property=\"og:title\" content=\"TAKEX F70AGK - OMANI VI\u1ec6T NAM\" \/>\n<meta property=\"og:description\" content=\"C\u1ea3m bi\u1ebfn s\u1ee3i quang 0.600-0.700ms Takex \u2013 F70AGK\" \/>\n<meta property=\"og:url\" content=\"https:\/\/sipin.com.vn\/index.php\/product\/takex-f70agk\/\" \/>\n<meta property=\"og:site_name\" content=\"OMANI VI\u1ec6T NAM\" \/>\n<meta property=\"article:modified_time\" content=\"2024-08-16T15:08:59+00:00\" \/>\n<meta property=\"og:image\" content=\"https:\/\/sipin.com.vn\/wp-content\/uploads\/2024\/06\/F70AGK.png\" \/>\n\t<meta property=\"og:image:width\" content=\"631\" \/>\n\t<meta property=\"og:image:height\" content=\"480\" \/>\n\t<meta property=\"og:image:type\" content=\"image\/png\" \/>\n<meta name=\"twitter:card\" content=\"summary_large_image\" \/>\n<meta name=\"twitter:label1\" content=\"\u01af\u1edbc t\u00ednh th\u1eddi gian \u0111\u1ecdc\" \/>\n\t<meta name=\"twitter:data1\" content=\"4 ph\u00fat\" \/>\n<script type=\"application\/ld+json\" class=\"yoast-schema-graph\">{\"@context\":\"https:\/\/schema.org\",\"@graph\":[{\"@type\":\"WebPage\",\"@id\":\"https:\/\/sipin.com.vn\/index.php\/product\/takex-f70agk\/\",\"url\":\"https:\/\/sipin.com.vn\/index.php\/product\/takex-f70agk\/\",\"name\":\"TAKEX F70AGK - OMANI VI\u1ec6T NAM\",\"isPartOf\":{\"@id\":\"https:\/\/sipin.com.vn\/#website\"},\"primaryImageOfPage\":{\"@id\":\"https:\/\/sipin.com.vn\/index.php\/product\/takex-f70agk\/#primaryimage\"},\"image\":{\"@id\":\"https:\/\/sipin.com.vn\/index.php\/product\/takex-f70agk\/#primaryimage\"},\"thumbnailUrl\":\"https:\/\/sipin.com.vn\/wp-content\/uploads\/2024\/06\/F70AGK.png\",\"datePublished\":\"2024-06-22T09:06:54+00:00\",\"dateModified\":\"2024-08-16T15:08:59+00:00\",\"description\":\"C\u1ea3m bi\u1ebfn s\u1ee3i quang 0.600-0.700ms Takex \u2013 F70AGK\",\"breadcrumb\":{\"@id\":\"https:\/\/sipin.com.vn\/index.php\/product\/takex-f70agk\/#breadcrumb\"},\"inLanguage\":\"vi\",\"potentialAction\":[{\"@type\":\"ReadAction\",\"target\":[\"https:\/\/sipin.com.vn\/index.php\/product\/takex-f70agk\/\"]}]},{\"@type\":\"ImageObject\",\"inLanguage\":\"vi\",\"@id\":\"https:\/\/sipin.com.vn\/index.php\/product\/takex-f70agk\/#primaryimage\",\"url\":\"https:\/\/sipin.com.vn\/wp-content\/uploads\/2024\/06\/F70AGK.png\",\"contentUrl\":\"https:\/\/sipin.com.vn\/wp-content\/uploads\/2024\/06\/F70AGK.png\",\"width\":631,\"height\":480},{\"@type\":\"BreadcrumbList\",\"@id\":\"https:\/\/sipin.com.vn\/index.php\/product\/takex-f70agk\/#breadcrumb\",\"itemListElement\":[{\"@type\":\"ListItem\",\"position\":1,\"name\":\"Home\",\"item\":\"https:\/\/sipin.com.vn\/\"},{\"@type\":\"ListItem\",\"position\":2,\"name\":\"S\u1ea2N PH\u1ea8M\",\"item\":\"https:\/\/sipin.com.vn\/index.php\/cua-hang\/\"},{\"@type\":\"ListItem\",\"position\":3,\"name\":\"TAKEX F70AGK\"}]},{\"@type\":\"WebSite\",\"@id\":\"https:\/\/sipin.com.vn\/#website\",\"url\":\"https:\/\/sipin.com.vn\/\",\"name\":\"OMANI VI\u1ec6T NAM\",\"description\":\"Nh\u00e0 ph\u00e2n ph\u1ed1i thi\u1ebft b\u1ecb kh\u00ed n\u00e9n v\u00e0 thi\u1ebft b\u1ecb t\u1ef1 \u0111\u1ed9ng h\u00f3a trong c\u00f4ng nghi\u1ec7p\",\"publisher\":{\"@id\":\"https:\/\/sipin.com.vn\/#\/schema\/person\/0ad398a980dc3fd696111c2c5c8fa897\"},\"potentialAction\":[{\"@type\":\"SearchAction\",\"target\":{\"@type\":\"EntryPoint\",\"urlTemplate\":\"https:\/\/sipin.com.vn\/?s={search_term_string}\"},\"query-input\":\"required name=search_term_string\"}],\"inLanguage\":\"vi\"},{\"@type\":[\"Person\",\"Organization\"],\"@id\":\"https:\/\/sipin.com.vn\/#\/schema\/person\/0ad398a980dc3fd696111c2c5c8fa897\",\"name\":\"Nguy\u1ec5n V\u0103n Kh\u00e1nh\",\"image\":{\"@type\":\"ImageObject\",\"inLanguage\":\"vi\",\"@id\":\"https:\/\/sipin.com.vn\/#\/schema\/person\/image\/\",\"url\":\"https:\/\/sipin.com.vn\/wp-content\/uploads\/2024\/06\/logo-1024x1024.png\",\"contentUrl\":\"https:\/\/sipin.com.vn\/wp-content\/uploads\/2024\/06\/logo-1024x1024.png\",\"width\":1024,\"height\":1024,\"caption\":\"Nguy\u1ec5n V\u0103n Kh\u00e1nh\"},\"logo\":{\"@id\":\"https:\/\/sipin.com.vn\/#\/schema\/person\/image\/\"},\"sameAs\":[\"https:\/\/sipin.com.vn\"]}]}<\/script>\n<!-- \/ Yoast SEO plugin. -->","yoast_head_json":{"title":"TAKEX F70AGK - OMANI VI\u1ec6T NAM","description":"C\u1ea3m bi\u1ebfn s\u1ee3i quang 0.600-0.700ms Takex \u2013 F70AGK","robots":{"index":"index","follow":"follow","max-snippet":"max-snippet:-1","max-image-preview":"max-image-preview:large","max-video-preview":"max-video-preview:-1"},"canonical":"https:\/\/sipin.com.vn\/index.php\/product\/takex-f70agk\/","og_locale":"vi_VN","og_type":"article","og_title":"TAKEX F70AGK - OMANI VI\u1ec6T NAM","og_description":"C\u1ea3m bi\u1ebfn s\u1ee3i quang 0.600-0.700ms Takex \u2013 F70AGK","og_url":"https:\/\/sipin.com.vn\/index.php\/product\/takex-f70agk\/","og_site_name":"OMANI VI\u1ec6T NAM","article_modified_time":"2024-08-16T15:08:59+00:00","og_image":[{"width":631,"height":480,"url":"https:\/\/sipin.com.vn\/wp-content\/uploads\/2024\/06\/F70AGK.png","type":"image\/png"}],"twitter_card":"summary_large_image","twitter_misc":{"\u01af\u1edbc t\u00ednh th\u1eddi gian \u0111\u1ecdc":"4 ph\u00fat"},"schema":{"@context":"https:\/\/schema.org","@graph":[{"@type":"WebPage","@id":"https:\/\/sipin.com.vn\/index.php\/product\/takex-f70agk\/","url":"https:\/\/sipin.com.vn\/index.php\/product\/takex-f70agk\/","name":"TAKEX F70AGK - OMANI VI\u1ec6T NAM","isPartOf":{"@id":"https:\/\/sipin.com.vn\/#website"},"primaryImageOfPage":{"@id":"https:\/\/sipin.com.vn\/index.php\/product\/takex-f70agk\/#primaryimage"},"image":{"@id":"https:\/\/sipin.com.vn\/index.php\/product\/takex-f70agk\/#primaryimage"},"thumbnailUrl":"https:\/\/sipin.com.vn\/wp-content\/uploads\/2024\/06\/F70AGK.png","datePublished":"2024-06-22T09:06:54+00:00","dateModified":"2024-08-16T15:08:59+00:00","description":"C\u1ea3m bi\u1ebfn s\u1ee3i quang 0.600-0.700ms Takex \u2013 F70AGK","breadcrumb":{"@id":"https:\/\/sipin.com.vn\/index.php\/product\/takex-f70agk\/#breadcrumb"},"inLanguage":"vi","potentialAction":[{"@type":"ReadAction","target":["https:\/\/sipin.com.vn\/index.php\/product\/takex-f70agk\/"]}]},{"@type":"ImageObject","inLanguage":"vi","@id":"https:\/\/sipin.com.vn\/index.php\/product\/takex-f70agk\/#primaryimage","url":"https:\/\/sipin.com.vn\/wp-content\/uploads\/2024\/06\/F70AGK.png","contentUrl":"https:\/\/sipin.com.vn\/wp-content\/uploads\/2024\/06\/F70AGK.png","width":631,"height":480},{"@type":"BreadcrumbList","@id":"https:\/\/sipin.com.vn\/index.php\/product\/takex-f70agk\/#breadcrumb","itemListElement":[{"@type":"ListItem","position":1,"name":"Home","item":"https:\/\/sipin.com.vn\/"},{"@type":"ListItem","position":2,"name":"S\u1ea2N PH\u1ea8M","item":"https:\/\/sipin.com.vn\/index.php\/cua-hang\/"},{"@type":"ListItem","position":3,"name":"TAKEX F70AGK"}]},{"@type":"WebSite","@id":"https:\/\/sipin.com.vn\/#website","url":"https:\/\/sipin.com.vn\/","name":"OMANI VI\u1ec6T NAM","description":"Nh\u00e0 ph\u00e2n ph\u1ed1i thi\u1ebft b\u1ecb kh\u00ed n\u00e9n v\u00e0 thi\u1ebft b\u1ecb t\u1ef1 \u0111\u1ed9ng h\u00f3a trong c\u00f4ng nghi\u1ec7p","publisher":{"@id":"https:\/\/sipin.com.vn\/#\/schema\/person\/0ad398a980dc3fd696111c2c5c8fa897"},"potentialAction":[{"@type":"SearchAction","target":{"@type":"EntryPoint","urlTemplate":"https:\/\/sipin.com.vn\/?s={search_term_string}"},"query-input":"required name=search_term_string"}],"inLanguage":"vi"},{"@type":["Person","Organization"],"@id":"https:\/\/sipin.com.vn\/#\/schema\/person\/0ad398a980dc3fd696111c2c5c8fa897","name":"Nguy\u1ec5n V\u0103n Kh\u00e1nh","image":{"@type":"ImageObject","inLanguage":"vi","@id":"https:\/\/sipin.com.vn\/#\/schema\/person\/image\/","url":"https:\/\/sipin.com.vn\/wp-content\/uploads\/2024\/06\/logo-1024x1024.png","contentUrl":"https:\/\/sipin.com.vn\/wp-content\/uploads\/2024\/06\/logo-1024x1024.png","width":1024,"height":1024,"caption":"Nguy\u1ec5n V\u0103n Kh\u00e1nh"},"logo":{"@id":"https:\/\/sipin.com.vn\/#\/schema\/person\/image\/"},"sameAs":["https:\/\/sipin.com.vn"]}]}},"_links":{"self":[{"href":"https:\/\/sipin.com.vn\/index.php\/wp-json\/wp\/v2\/product\/790","targetHints":{"allow":["GET"]}}],"collection":[{"href":"https:\/\/sipin.com.vn\/index.php\/wp-json\/wp\/v2\/product"}],"about":[{"href":"https:\/\/sipin.com.vn\/index.php\/wp-json\/wp\/v2\/types\/product"}],"replies":[{"embeddable":true,"href":"https:\/\/sipin.com.vn\/index.php\/wp-json\/wp\/v2\/comments?post=790"}],"wp:featuredmedia":[{"embeddable":true,"href":"https:\/\/sipin.com.vn\/index.php\/wp-json\/wp\/v2\/media\/791"}],"wp:attachment":[{"href":"https:\/\/sipin.com.vn\/index.php\/wp-json\/wp\/v2\/media?parent=790"}],"wp:term":[{"taxonomy":"product_cat","embeddable":true,"href":"https:\/\/sipin.com.vn\/index.php\/wp-json\/wp\/v2\/product_cat?post=790"},{"taxonomy":"product_tag","embeddable":true,"href":"https:\/\/sipin.com.vn\/index.php\/wp-json\/wp\/v2\/product_tag?post=790"}],"curies":[{"name":"wp","href":"https:\/\/api.w.org\/{rel}","templated":true}]}}