{"id":785,"date":"2024-06-21T06:10:18","date_gmt":"2024-06-20T23:10:18","guid":{"rendered":"https:\/\/omanivietnam.com\/?post_type=product&#038;p=785"},"modified":"2024-08-29T09:11:08","modified_gmt":"2024-08-29T02:11:08","slug":"bussmann-170m4410-315a","status":"publish","type":"product","link":"https:\/\/sipin.com.vn\/index.php\/product\/bussmann-170m4410-315a\/","title":{"rendered":"BUSSMANN 170M4410 315A"},"content":{"rendered":"<p>BUSSMANN 170M4410 315A<\/p>\n<h1 class=\"module-product-detail-card__title\">170M4410<\/h1>\n<div class=\"module-product-detail-card__description b-body-copy\">Eaton Bussmann series high speed square body fuse, 700 V (UL), 690V (IEC), 315A, 200 kAIC, Top fuse status indicator, Class aR, Flush<\/div>\n<div><\/div>\n<div>\n<p>C\u1ea7u ch\u00ec c\u00f4ng nghi\u1ec7p Eaton Bussmann, th\u01b0\u01a1ng hi\u1ec7u c\u1ee7a M\u1ef9.<\/p>\n<p>Series 170M c\u00f3 d\u1ea1ng th\u00e2n vu\u00f4ng, v\u1edbi kh\u1ea3 n\u0103ng c\u1eaft nhanh c\u0169ng nh\u01b0 \u0111\u00e1p \u1ee9ng nhanh gi\u00fap b\u1ea3o v\u1ec7 an to\u00e0n h\u1ec7 th\u1ed1ng \u0111i\u1ec7n.<\/p>\n<p>M\u1ed9t s\u1ed1 d\u00f2ng c\u00f3 th\u1ec3 g\u1eafn th\u00eam ti\u1ebfp \u0111i\u1ec3m b\u00e1o hi\u1ec7u ho\u1eb7c ti\u1ebfp \u0111i\u1ec3m ph\u1ee5 t\u00f9y v\u00e0o m\u1ee5c \u0111\u00ednh s\u1eed d\u1ee5ng.<\/p>\n<\/div>\n<div><\/div>\n<p>Th\u00f4ng s\u1ed1 k\u1ef9 thu\u1eadt<\/p>\n<table>\n<tbody>\n<tr>\n<th>\u0110i\u1ec7n \u00e1p<\/th>\n<td>690V<\/td>\n<\/tr>\n<tr>\n<th>D\u00f2ng \u0111i\u1ec7n<\/th>\n<td>315A<\/td>\n<\/tr>\n<tr>\n<th>D\u00f2ng c\u1eaft<\/th>\n<td>200kA<\/td>\n<\/tr>\n<tr>\n<th>K\u00edch th\u01b0\u1edbc<\/th>\n<td>H\u00ecnh vu\u00f4ng 53x53mm, d\u00e0y 51mm, l\u1ed7 bulong M8<\/td>\n<\/tr>\n<\/tbody>\n<\/table>\n<p>&nbsp;<\/p>\n<table>\n<tbody>\n<tr>\n<th>M\u00e3 s\u1ea3n ph\u1ea9m<\/th>\n<td>170M4410<\/td>\n<\/tr>\n<tr>\n<td>Partno<\/td>\n<td>&#8211;<\/td>\n<\/tr>\n<tr>\n<td><strong>Series<\/strong><\/td>\n<td>170M<\/td>\n<\/tr>\n<tr>\n<td><strong>Ch\u1ee7ng lo\u1ea1i<\/strong><\/td>\n<td>High Speed Fuse<\/td>\n<\/tr>\n<tr>\n<td><strong>Ti\u00eau chu\u1ea9n<\/strong><\/td>\n<td>IEC<\/td>\n<\/tr>\n<tr>\n<td><strong>\u1ee8ng d\u1ee5ng<\/strong><\/td>\n<td>D\u00f9ng b\u1ea3o v\u1ec7 bi\u1ebfn t\u1ea7n, UPS&#8230;<\/td>\n<\/tr>\n<\/tbody>\n<\/table>\n<div id=\"0\" class=\"module-table\"><\/div>\n<div id=\"1\" class=\"module-table\">\n<div class=\"module-table__body\">\n<div class=\"module-table__row\">\n<div class=\"module-table__col b-body-copy-small\">\n<div class=\"module-table__value value-type-default\"><\/div>\n<\/div>\n<\/div>\n<\/div>\n<\/div>\n<p>&nbsp;<\/p>\n<p>C\u00e1c d\u00f2ng s\u1ea3n ph\u1ea9m kh\u00e1c<\/p>\n<p><em>170M4410<\/em>,\u00a0<em>315A<\/em>. 170M4411, 350A. 170M4412, 400A. 170M4413, 450A. 170M4414, 500A. 170M4415, 550A. 170M4416, 630A. 170M4417, 700A.<\/p>\n<p>&nbsp;<\/p>\n<p>\u0110\u1ea1i l\u00fd BUSSMANN vietnam, BUSSMANN viet nam, BUSSMANN vietnam distributor, Ph\u00e2n ph\u1ed1i BUSSMANN t\u1ea1i vi\u1ec7t nam<\/p>\n<p>\u0110\u1ea1i l\u00fd BUSSMANN vietnam, BUSSMANN viet nam, BUSSMANN vietnam distributor, Ph\u00e2n ph\u1ed1i BUSSMANN t\u1ea1i vi\u1ec7t nam<\/p>\n<p>\u0110\u1ea1i l\u00fd BUSSMANN vietnam, BUSSMANN viet nam, BUSSMANN vietnam distributor, Ph\u00e2n ph\u1ed1i BUSSMANN t\u1ea1i vi\u1ec7t nam<\/p>\n<p>\u0110\u1ea1i l\u00fd BUSSMANN vietnam, BUSSMANN viet nam, BUSSMANN vietnam distributor, Ph\u00e2n ph\u1ed1i BUSSMANN t\u1ea1i vi\u1ec7t nam<\/p>\n<p>\u0110\u1ea1i l\u00fd BUSSMANN vietnam, BUSSMANN viet nam, BUSSMANN vietnam distributor, Ph\u00e2n ph\u1ed1i BUSSMANN t\u1ea1i vi\u1ec7t nam<\/p>\n","protected":false},"excerpt":{"rendered":"<p>BUSSMANN 170M4410 315A 170M4410 Eaton Bussmann series high speed square body fuse, 700 V (UL), 690V (IEC), 315A, 200 kAIC, Top fuse status indicator, Class aR, Flush C\u1ea7u ch\u00ec c\u00f4ng nghi\u1ec7p Eaton Bussmann, th\u01b0\u01a1ng hi\u1ec7u c\u1ee7a M\u1ef9. Series 170M c\u00f3 d\u1ea1ng th\u00e2n vu\u00f4ng, v\u1edbi kh\u1ea3 n\u0103ng c\u1eaft nhanh c\u0169ng nh\u01b0&hellip; <\/p>\n","protected":false},"featured_media":786,"comment_status":"open","ping_status":"closed","template":"","meta":{"om_disable_all_campaigns":false,"_monsterinsights_skip_tracking":false,"_monsterinsights_sitenote_active":false,"_monsterinsights_sitenote_note":"","_monsterinsights_sitenote_category":0},"product_cat":[15],"product_tag":[188,190,189],"class_list":{"0":"post-785","1":"product","2":"type-product","3":"status-publish","4":"has-post-thumbnail","6":"product_cat-apex","7":"product_tag-bussmann-viet-nam","8":"product_tag-cau-chi","9":"product_tag-dai-ly-bussmann-viet-nam","11":"first","12":"instock","13":"shipping-taxable","14":"product-type-simple"},"aioseo_notices":[],"yoast_head":"<!-- This site is optimized with the Yoast SEO plugin v22.8 - https:\/\/yoast.com\/wordpress\/plugins\/seo\/ -->\n<title>BUSSMANN 170M4410 315A - OMANI VI\u1ec6T NAM<\/title>\n<meta name=\"description\" content=\"Eaton Bussmann series high speed square body fuse, 700 V (UL), 690V (IEC), 315A, 200 kAIC, Top fuse status indicator, Class aR, Flush\" \/>\n<meta name=\"robots\" content=\"index, follow, max-snippet:-1, max-image-preview:large, max-video-preview:-1\" \/>\n<link rel=\"canonical\" href=\"https:\/\/sipin.com.vn\/index.php\/product\/bussmann-170m4410-315a\/\" \/>\n<meta property=\"og:locale\" content=\"vi_VN\" \/>\n<meta property=\"og:type\" content=\"article\" \/>\n<meta property=\"og:title\" content=\"BUSSMANN 170M4410 315A - OMANI VI\u1ec6T NAM\" \/>\n<meta property=\"og:description\" content=\"Eaton Bussmann series high speed square body fuse, 700 V (UL), 690V (IEC), 315A, 200 kAIC, Top fuse status indicator, Class aR, Flush\" \/>\n<meta property=\"og:url\" content=\"https:\/\/sipin.com.vn\/index.php\/product\/bussmann-170m4410-315a\/\" \/>\n<meta property=\"og:site_name\" content=\"OMANI VI\u1ec6T NAM\" \/>\n<meta property=\"article:modified_time\" content=\"2024-08-29T02:11:08+00:00\" \/>\n<meta property=\"og:image\" content=\"https:\/\/sipin.com.vn\/wp-content\/uploads\/2024\/06\/170M4410-315A.png\" \/>\n\t<meta property=\"og:image:width\" content=\"570\" \/>\n\t<meta property=\"og:image:height\" content=\"488\" \/>\n\t<meta property=\"og:image:type\" content=\"image\/png\" \/>\n<meta name=\"twitter:card\" content=\"summary_large_image\" \/>\n<meta name=\"twitter:label1\" content=\"\u01af\u1edbc t\u00ednh th\u1eddi gian \u0111\u1ecdc\" \/>\n\t<meta name=\"twitter:data1\" content=\"2 ph\u00fat\" \/>\n<script type=\"application\/ld+json\" class=\"yoast-schema-graph\">{\"@context\":\"https:\/\/schema.org\",\"@graph\":[{\"@type\":\"WebPage\",\"@id\":\"https:\/\/sipin.com.vn\/index.php\/product\/bussmann-170m4410-315a\/\",\"url\":\"https:\/\/sipin.com.vn\/index.php\/product\/bussmann-170m4410-315a\/\",\"name\":\"BUSSMANN 170M4410 315A - OMANI VI\u1ec6T NAM\",\"isPartOf\":{\"@id\":\"https:\/\/sipin.com.vn\/#website\"},\"primaryImageOfPage\":{\"@id\":\"https:\/\/sipin.com.vn\/index.php\/product\/bussmann-170m4410-315a\/#primaryimage\"},\"image\":{\"@id\":\"https:\/\/sipin.com.vn\/index.php\/product\/bussmann-170m4410-315a\/#primaryimage\"},\"thumbnailUrl\":\"https:\/\/sipin.com.vn\/wp-content\/uploads\/2024\/06\/170M4410-315A.png\",\"datePublished\":\"2024-06-20T23:10:18+00:00\",\"dateModified\":\"2024-08-29T02:11:08+00:00\",\"description\":\"Eaton Bussmann series high speed square body fuse, 700 V (UL), 690V (IEC), 315A, 200 kAIC, Top fuse status indicator, Class aR, Flush\",\"breadcrumb\":{\"@id\":\"https:\/\/sipin.com.vn\/index.php\/product\/bussmann-170m4410-315a\/#breadcrumb\"},\"inLanguage\":\"vi\",\"potentialAction\":[{\"@type\":\"ReadAction\",\"target\":[\"https:\/\/sipin.com.vn\/index.php\/product\/bussmann-170m4410-315a\/\"]}]},{\"@type\":\"ImageObject\",\"inLanguage\":\"vi\",\"@id\":\"https:\/\/sipin.com.vn\/index.php\/product\/bussmann-170m4410-315a\/#primaryimage\",\"url\":\"https:\/\/sipin.com.vn\/wp-content\/uploads\/2024\/06\/170M4410-315A.png\",\"contentUrl\":\"https:\/\/sipin.com.vn\/wp-content\/uploads\/2024\/06\/170M4410-315A.png\",\"width\":570,\"height\":488},{\"@type\":\"BreadcrumbList\",\"@id\":\"https:\/\/sipin.com.vn\/index.php\/product\/bussmann-170m4410-315a\/#breadcrumb\",\"itemListElement\":[{\"@type\":\"ListItem\",\"position\":1,\"name\":\"Home\",\"item\":\"https:\/\/sipin.com.vn\/\"},{\"@type\":\"ListItem\",\"position\":2,\"name\":\"S\u1ea2N PH\u1ea8M\",\"item\":\"https:\/\/sipin.com.vn\/index.php\/cua-hang\/\"},{\"@type\":\"ListItem\",\"position\":3,\"name\":\"BUSSMANN 170M4410 315A\"}]},{\"@type\":\"WebSite\",\"@id\":\"https:\/\/sipin.com.vn\/#website\",\"url\":\"https:\/\/sipin.com.vn\/\",\"name\":\"OMANI VI\u1ec6T NAM\",\"description\":\"Nh\u00e0 ph\u00e2n ph\u1ed1i thi\u1ebft b\u1ecb kh\u00ed n\u00e9n v\u00e0 thi\u1ebft b\u1ecb t\u1ef1 \u0111\u1ed9ng h\u00f3a trong c\u00f4ng nghi\u1ec7p\",\"publisher\":{\"@id\":\"https:\/\/sipin.com.vn\/#\/schema\/person\/0ad398a980dc3fd696111c2c5c8fa897\"},\"potentialAction\":[{\"@type\":\"SearchAction\",\"target\":{\"@type\":\"EntryPoint\",\"urlTemplate\":\"https:\/\/sipin.com.vn\/?s={search_term_string}\"},\"query-input\":\"required name=search_term_string\"}],\"inLanguage\":\"vi\"},{\"@type\":[\"Person\",\"Organization\"],\"@id\":\"https:\/\/sipin.com.vn\/#\/schema\/person\/0ad398a980dc3fd696111c2c5c8fa897\",\"name\":\"Nguy\u1ec5n V\u0103n Kh\u00e1nh\",\"image\":{\"@type\":\"ImageObject\",\"inLanguage\":\"vi\",\"@id\":\"https:\/\/sipin.com.vn\/#\/schema\/person\/image\/\",\"url\":\"https:\/\/sipin.com.vn\/wp-content\/uploads\/2024\/06\/logo-1024x1024.png\",\"contentUrl\":\"https:\/\/sipin.com.vn\/wp-content\/uploads\/2024\/06\/logo-1024x1024.png\",\"width\":1024,\"height\":1024,\"caption\":\"Nguy\u1ec5n V\u0103n Kh\u00e1nh\"},\"logo\":{\"@id\":\"https:\/\/sipin.com.vn\/#\/schema\/person\/image\/\"},\"sameAs\":[\"https:\/\/sipin.com.vn\"]}]}<\/script>\n<!-- \/ Yoast SEO plugin. -->","yoast_head_json":{"title":"BUSSMANN 170M4410 315A - OMANI VI\u1ec6T NAM","description":"Eaton Bussmann series high speed square body fuse, 700 V (UL), 690V (IEC), 315A, 200 kAIC, Top fuse status indicator, Class aR, Flush","robots":{"index":"index","follow":"follow","max-snippet":"max-snippet:-1","max-image-preview":"max-image-preview:large","max-video-preview":"max-video-preview:-1"},"canonical":"https:\/\/sipin.com.vn\/index.php\/product\/bussmann-170m4410-315a\/","og_locale":"vi_VN","og_type":"article","og_title":"BUSSMANN 170M4410 315A - OMANI VI\u1ec6T NAM","og_description":"Eaton Bussmann series high speed square body fuse, 700 V (UL), 690V (IEC), 315A, 200 kAIC, Top fuse status indicator, Class aR, Flush","og_url":"https:\/\/sipin.com.vn\/index.php\/product\/bussmann-170m4410-315a\/","og_site_name":"OMANI VI\u1ec6T NAM","article_modified_time":"2024-08-29T02:11:08+00:00","og_image":[{"width":570,"height":488,"url":"https:\/\/sipin.com.vn\/wp-content\/uploads\/2024\/06\/170M4410-315A.png","type":"image\/png"}],"twitter_card":"summary_large_image","twitter_misc":{"\u01af\u1edbc t\u00ednh th\u1eddi gian \u0111\u1ecdc":"2 ph\u00fat"},"schema":{"@context":"https:\/\/schema.org","@graph":[{"@type":"WebPage","@id":"https:\/\/sipin.com.vn\/index.php\/product\/bussmann-170m4410-315a\/","url":"https:\/\/sipin.com.vn\/index.php\/product\/bussmann-170m4410-315a\/","name":"BUSSMANN 170M4410 315A - OMANI VI\u1ec6T NAM","isPartOf":{"@id":"https:\/\/sipin.com.vn\/#website"},"primaryImageOfPage":{"@id":"https:\/\/sipin.com.vn\/index.php\/product\/bussmann-170m4410-315a\/#primaryimage"},"image":{"@id":"https:\/\/sipin.com.vn\/index.php\/product\/bussmann-170m4410-315a\/#primaryimage"},"thumbnailUrl":"https:\/\/sipin.com.vn\/wp-content\/uploads\/2024\/06\/170M4410-315A.png","datePublished":"2024-06-20T23:10:18+00:00","dateModified":"2024-08-29T02:11:08+00:00","description":"Eaton Bussmann series high speed square body fuse, 700 V (UL), 690V (IEC), 315A, 200 kAIC, Top fuse status indicator, Class aR, Flush","breadcrumb":{"@id":"https:\/\/sipin.com.vn\/index.php\/product\/bussmann-170m4410-315a\/#breadcrumb"},"inLanguage":"vi","potentialAction":[{"@type":"ReadAction","target":["https:\/\/sipin.com.vn\/index.php\/product\/bussmann-170m4410-315a\/"]}]},{"@type":"ImageObject","inLanguage":"vi","@id":"https:\/\/sipin.com.vn\/index.php\/product\/bussmann-170m4410-315a\/#primaryimage","url":"https:\/\/sipin.com.vn\/wp-content\/uploads\/2024\/06\/170M4410-315A.png","contentUrl":"https:\/\/sipin.com.vn\/wp-content\/uploads\/2024\/06\/170M4410-315A.png","width":570,"height":488},{"@type":"BreadcrumbList","@id":"https:\/\/sipin.com.vn\/index.php\/product\/bussmann-170m4410-315a\/#breadcrumb","itemListElement":[{"@type":"ListItem","position":1,"name":"Home","item":"https:\/\/sipin.com.vn\/"},{"@type":"ListItem","position":2,"name":"S\u1ea2N PH\u1ea8M","item":"https:\/\/sipin.com.vn\/index.php\/cua-hang\/"},{"@type":"ListItem","position":3,"name":"BUSSMANN 170M4410 315A"}]},{"@type":"WebSite","@id":"https:\/\/sipin.com.vn\/#website","url":"https:\/\/sipin.com.vn\/","name":"OMANI VI\u1ec6T NAM","description":"Nh\u00e0 ph\u00e2n ph\u1ed1i thi\u1ebft b\u1ecb kh\u00ed n\u00e9n v\u00e0 thi\u1ebft b\u1ecb t\u1ef1 \u0111\u1ed9ng h\u00f3a trong c\u00f4ng nghi\u1ec7p","publisher":{"@id":"https:\/\/sipin.com.vn\/#\/schema\/person\/0ad398a980dc3fd696111c2c5c8fa897"},"potentialAction":[{"@type":"SearchAction","target":{"@type":"EntryPoint","urlTemplate":"https:\/\/sipin.com.vn\/?s={search_term_string}"},"query-input":"required name=search_term_string"}],"inLanguage":"vi"},{"@type":["Person","Organization"],"@id":"https:\/\/sipin.com.vn\/#\/schema\/person\/0ad398a980dc3fd696111c2c5c8fa897","name":"Nguy\u1ec5n V\u0103n Kh\u00e1nh","image":{"@type":"ImageObject","inLanguage":"vi","@id":"https:\/\/sipin.com.vn\/#\/schema\/person\/image\/","url":"https:\/\/sipin.com.vn\/wp-content\/uploads\/2024\/06\/logo-1024x1024.png","contentUrl":"https:\/\/sipin.com.vn\/wp-content\/uploads\/2024\/06\/logo-1024x1024.png","width":1024,"height":1024,"caption":"Nguy\u1ec5n V\u0103n Kh\u00e1nh"},"logo":{"@id":"https:\/\/sipin.com.vn\/#\/schema\/person\/image\/"},"sameAs":["https:\/\/sipin.com.vn"]}]}},"_links":{"self":[{"href":"https:\/\/sipin.com.vn\/index.php\/wp-json\/wp\/v2\/product\/785","targetHints":{"allow":["GET"]}}],"collection":[{"href":"https:\/\/sipin.com.vn\/index.php\/wp-json\/wp\/v2\/product"}],"about":[{"href":"https:\/\/sipin.com.vn\/index.php\/wp-json\/wp\/v2\/types\/product"}],"replies":[{"embeddable":true,"href":"https:\/\/sipin.com.vn\/index.php\/wp-json\/wp\/v2\/comments?post=785"}],"wp:featuredmedia":[{"embeddable":true,"href":"https:\/\/sipin.com.vn\/index.php\/wp-json\/wp\/v2\/media\/786"}],"wp:attachment":[{"href":"https:\/\/sipin.com.vn\/index.php\/wp-json\/wp\/v2\/media?parent=785"}],"wp:term":[{"taxonomy":"product_cat","embeddable":true,"href":"https:\/\/sipin.com.vn\/index.php\/wp-json\/wp\/v2\/product_cat?post=785"},{"taxonomy":"product_tag","embeddable":true,"href":"https:\/\/sipin.com.vn\/index.php\/wp-json\/wp\/v2\/product_tag?post=785"}],"curies":[{"name":"wp","href":"https:\/\/api.w.org\/{rel}","templated":true}]}}