{"id":776,"date":"2024-06-18T21:31:01","date_gmt":"2024-06-18T14:31:01","guid":{"rendered":"https:\/\/omanivietnam.com\/?post_type=product&#038;p=776"},"modified":"2024-08-10T21:39:30","modified_gmt":"2024-08-10T14:39:30","slug":"delta-ecma-l11830rs","status":"publish","type":"product","link":"https:\/\/sipin.com.vn\/index.php\/product\/delta-ecma-l11830rs\/","title":{"rendered":"DELTA ECMA-L11830RS"},"content":{"rendered":"<p>DELTA ECMA-L11830RS<\/p>\n<p class=\"product-title product_title entry-title\">Delta ECMA-L11830RS ECMA-A2 Servo Motor<\/p>\n<p>SPECIFICATIONS<\/p>\n<div class=\"bluespecs\">\n<table>\n<tbody>\n<tr>\n<td align=\"LEFT\"><strong>Model Name<\/strong><\/td>\n<td align=\"LEFT\"><span data-sheets-root=\"1\" data-sheets-value=\"{&quot;1&quot;:2,&quot;2&quot;:&quot;ECMA-L11830RS&quot;}\" data-sheets-userformat=\"{&quot;2&quot;:14851,&quot;3&quot;:{&quot;1&quot;:0},&quot;4&quot;:{&quot;1&quot;:2,&quot;2&quot;:16777215},&quot;12&quot;:0,&quot;14&quot;:{&quot;1&quot;:2,&quot;2&quot;:5592405},&quot;15&quot;:&quot;\\&quot;Open Sans\\&quot;, sans-serif&quot;,&quot;16&quot;:10}\">ECMA-L11830RS<\/span><\/td>\n<\/tr>\n<tr>\n<td align=\"LEFT\"><strong>Series<\/strong><\/td>\n<td align=\"LEFT\"><span data-sheets-root=\"1\" data-sheets-value=\"{&quot;1&quot;:2,&quot;2&quot;:&quot;ECMA-A2 Medium-High Inertia Series&quot;}\" data-sheets-userformat=\"{&quot;2&quot;:14851,&quot;3&quot;:{&quot;1&quot;:0},&quot;4&quot;:{&quot;1&quot;:2,&quot;2&quot;:16777215},&quot;12&quot;:0,&quot;14&quot;:{&quot;1&quot;:2,&quot;2&quot;:5592405},&quot;15&quot;:&quot;\\&quot;Open Sans\\&quot;, sans-serif&quot;,&quot;16&quot;:10}\">ECMA-A2 Medium-High Inertia Series<\/span><\/td>\n<\/tr>\n<tr>\n<td align=\"LEFT\"><strong>Output Power<\/strong><\/td>\n<td align=\"LEFT\"><span data-sheets-root=\"1\" data-sheets-value=\"{&quot;1&quot;:2,&quot;2&quot;:&quot;3 KW&quot;}\" data-sheets-userformat=\"{&quot;2&quot;:513,&quot;3&quot;:{&quot;1&quot;:0},&quot;12&quot;:0}\">3 KW<\/span><\/td>\n<\/tr>\n<tr>\n<td align=\"LEFT\"><strong>Torque<\/strong><\/td>\n<td align=\"LEFT\"><span data-sheets-root=\"1\" data-sheets-value=\"{&quot;1&quot;:2,&quot;2&quot;:&quot;19.10 N-m&quot;}\" data-sheets-userformat=\"{&quot;2&quot;:513,&quot;3&quot;:{&quot;1&quot;:0},&quot;12&quot;:0}\">19.10 N-m<\/span><\/td>\n<\/tr>\n<tr>\n<td align=\"LEFT\"><strong>Voltage<\/strong><\/td>\n<td align=\"LEFT\"><span data-sheets-root=\"1\" data-sheets-value=\"{&quot;1&quot;:2,&quot;2&quot;:&quot;400 VAC&quot;}\" data-sheets-userformat=\"{&quot;2&quot;:513,&quot;3&quot;:{&quot;1&quot;:0},&quot;12&quot;:0}\">400 VAC<\/span><\/td>\n<\/tr>\n<tr>\n<td align=\"LEFT\"><strong>Phase<\/strong><\/td>\n<td align=\"LEFT\"><span data-sheets-root=\"1\" data-sheets-value=\"{&quot;1&quot;:2,&quot;2&quot;:&quot;3 PH&quot;}\" data-sheets-userformat=\"{&quot;2&quot;:513,&quot;3&quot;:{&quot;1&quot;:0},&quot;12&quot;:0}\">3 PH<\/span><\/td>\n<\/tr>\n<tr>\n<td align=\"LEFT\"><strong>Continuous Output Current<\/strong><\/td>\n<td align=\"LEFT\"><span data-sheets-root=\"1\" data-sheets-value=\"{&quot;1&quot;:2,&quot;2&quot;:&quot;11.53 Arms&quot;}\" data-sheets-userformat=\"{&quot;2&quot;:513,&quot;3&quot;:{&quot;1&quot;:0},&quot;12&quot;:0}\">11.53 Arms<\/span><\/td>\n<\/tr>\n<tr>\n<td align=\"LEFT\"><strong>Instant Max Output Current<\/strong><\/td>\n<td align=\"LEFT\"><span data-sheets-root=\"1\" data-sheets-value=\"{&quot;1&quot;:2,&quot;2&quot;:&quot;34.6 Arms&quot;}\" data-sheets-userformat=\"{&quot;2&quot;:513,&quot;3&quot;:{&quot;1&quot;:0},&quot;12&quot;:0}\">34.6 Arms<\/span><\/td>\n<\/tr>\n<\/tbody>\n<\/table>\n<\/div>\n<div id=\"tab-description\" class=\"woocommerce-Tabs-panel woocommerce-Tabs-panel--description panel entry-content wc-tab\" role=\"tabpanel\" aria-labelledby=\"tab-title-description\">\n<h2>Description<\/h2>\n<h1><strong>Delta ECMA-L11830RS Servo Motor ECMAL11830RS 3.0kW 400V<\/strong><\/h1>\n<ul>\n<li>Extended Product Type: Motors<\/li>\n<li>Product ID:\u00a0<strong>ECMA-L11830RS<\/strong><\/li>\n<li>Delta Type Designation: Motors<\/li>\n<\/ul>\n<h2><strong>Description of Delta ECMA-L11830RS Servo Motor<\/strong><\/h2>\n<div class=\"row\">\n<div class=\"col-md-6 product-section with-border\">\n<div class=\"row\">\n<div class=\"col-md-6 product-section with-border\">\n<div class=\"row\">\n<ul>\n<li class=\"col-md-6 product-section with-border\">AC Servo Motor \u2013 Medium\/High inertia \u2013 Delta (ECMA Series) \u2013 Supply voltage (AC) 400V \u2013 Rated power 3000W \/ 3kW \u2013 Rated torque 19.1Nm \u2013 Rated rotational speed 1500rpm \u2013 Frame size 180mm \u2013 20-bit incremental encoder resolution \u2013 with Keyway (with screw hole) \u2013 with oil seal \u2013 IP65<\/li>\n<\/ul>\n<\/div>\n<\/div>\n<\/div>\n<\/div>\n<\/div>\n<h3><strong>Specifications of Delta ECMA-L11830RS Servo Motor<\/strong><\/h3>\n<ul>\n<li>Supply voltage: (AC) 400 V<\/li>\n<li>Rated current: 11.53 A<\/li>\n<li>Maximum current: 34.6 A<\/li>\n<li>Rated active power (kW): 3000W \/ 3 kW<\/li>\n<li>Power consumption: 20.4 W<\/li>\n<li>Resistance: 0.21 \u03a9<\/li>\n<li>Net weight: 18.5 kg<\/li>\n<li>Resolution: 20-bit incremental encoder<\/li>\n<\/ul>\n<\/div>\n<div id=\"tab-additional_information\" class=\"woocommerce-Tabs-panel woocommerce-Tabs-panel--additional_information panel entry-content wc-tab\" role=\"tabpanel\" aria-labelledby=\"tab-title-additional_information\">\n<h2>Additional information<\/h2>\n<table class=\"woocommerce-product-attributes shop_attributes\">\n<tbody>\n<tr class=\"woocommerce-product-attributes-item woocommerce-product-attributes-item--weight\">\n<th class=\"woocommerce-product-attributes-item__label\">WEIGHT<\/th>\n<td class=\"woocommerce-product-attributes-item__value\">10 lbs<\/td>\n<\/tr>\n<tr class=\"woocommerce-product-attributes-item woocommerce-product-attributes-item--dimensions\">\n<th class=\"woocommerce-product-attributes-item__label\">DIMENSIONS<\/th>\n<td class=\"woocommerce-product-attributes-item__value\">10 \u00d7 9 \u00d7 10 in<\/td>\n<\/tr>\n<\/tbody>\n<\/table>\n<\/div>\n<p>&nbsp;<\/p>\n<p>\u0110\u1ea1i l\u00fd DELTA vietnam, DELTA viet nam, DELTA vietnam distributor, Ph\u00e2n ph\u1ed1i DELTA t\u1ea1i vi\u1ec7t nam<\/p>\n<p>\u0110\u1ea1i l\u00fd DELTA vietnam, DELTA viet nam, DELTA vietnam distributor, Ph\u00e2n ph\u1ed1i DELTA t\u1ea1i vi\u1ec7t nam<\/p>\n<p>\u0110\u1ea1i l\u00fd DELTA vietnam, DELTA viet nam, DELTA vietnam distributor, Ph\u00e2n ph\u1ed1i DELTA t\u1ea1i vi\u1ec7t nam<\/p>\n<p>\u0110\u1ea1i l\u00fd DELTA vietnam, DELTA viet nam, DELTA vietnam distributor, Ph\u00e2n ph\u1ed1i DELTA t\u1ea1i vi\u1ec7t nam<\/p>\n<p>\u0110\u1ea1i l\u00fd DELTA vietnam, DELTA viet nam, DELTA vietnam distributor, Ph\u00e2n ph\u1ed1i DELTA t\u1ea1i vi\u1ec7t nam<\/p>\n","protected":false},"excerpt":{"rendered":"<p>DELTA ECMA-L11830RS<\/p>\n<div data-redactor=\"1\">\n<p>\u0110T:\u00a0<a title=\"Call\" href=\"tel:0937876353\">0937 876 353<\/a><br \/>\nFace. Zalo :\u00a0<a title=\"Call\" href=\"tel:0937876353\">0937 876 353<\/a><br \/>\n\u0110C: 28\/1\/16 \u0110\u01b0\u1eddng 16, P. Linh Chi\u1ec3u, TP. Th\u1ee7 \u0110\u1ee9c, TP. HCM<\/p>\n<\/div>\n<div data-redactor=\"1\">\n<p>Web :\u00a0<a href=\"https:\/\/omanivietnam.com\/\">https:\/\/omanivietnam.com<\/a><\/p>\n<\/div>\n","protected":false},"featured_media":777,"comment_status":"open","ping_status":"closed","template":"","meta":{"om_disable_all_campaigns":false,"_monsterinsights_skip_tracking":false,"_monsterinsights_sitenote_active":false,"_monsterinsights_sitenote_note":"","_monsterinsights_sitenote_category":0},"product_cat":[15],"product_tag":[184,183,120],"class_list":{"0":"post-776","1":"product","2":"type-product","3":"status-publish","4":"has-post-thumbnail","6":"product_cat-apex","7":"product_tag-dai-ly-delta-viet-nam","8":"product_tag-delta-viet-nam","9":"product_tag-dong-co","11":"first","12":"instock","13":"shipping-taxable","14":"product-type-simple"},"aioseo_notices":[],"yoast_head":"<!-- This site is optimized with the Yoast SEO plugin v22.8 - https:\/\/yoast.com\/wordpress\/plugins\/seo\/ -->\n<title>DELTA ECMA-L11830RS - OMANI VI\u1ec6T NAM<\/title>\n<meta name=\"description\" content=\"Delta ECMA-L11830RS ECMA-A2 Servo Motor\" \/>\n<meta name=\"robots\" content=\"index, follow, max-snippet:-1, max-image-preview:large, max-video-preview:-1\" \/>\n<link rel=\"canonical\" href=\"https:\/\/sipin.com.vn\/index.php\/product\/delta-ecma-l11830rs\/\" \/>\n<meta property=\"og:locale\" content=\"vi_VN\" \/>\n<meta property=\"og:type\" content=\"article\" \/>\n<meta property=\"og:title\" content=\"DELTA ECMA-L11830RS - OMANI VI\u1ec6T NAM\" \/>\n<meta property=\"og:description\" content=\"Delta ECMA-L11830RS ECMA-A2 Servo Motor\" \/>\n<meta property=\"og:url\" content=\"https:\/\/sipin.com.vn\/index.php\/product\/delta-ecma-l11830rs\/\" \/>\n<meta property=\"og:site_name\" content=\"OMANI VI\u1ec6T NAM\" \/>\n<meta property=\"article:modified_time\" content=\"2024-08-10T14:39:30+00:00\" \/>\n<meta property=\"og:image\" content=\"https:\/\/sipin.com.vn\/wp-content\/uploads\/2024\/06\/ECMA-L11830RS.png\" \/>\n\t<meta property=\"og:image:width\" content=\"751\" \/>\n\t<meta property=\"og:image:height\" content=\"827\" \/>\n\t<meta property=\"og:image:type\" content=\"image\/png\" \/>\n<meta name=\"twitter:card\" content=\"summary_large_image\" \/>\n<meta name=\"twitter:label1\" content=\"\u01af\u1edbc t\u00ednh th\u1eddi gian \u0111\u1ecdc\" \/>\n\t<meta name=\"twitter:data1\" content=\"2 ph\u00fat\" \/>\n<script type=\"application\/ld+json\" class=\"yoast-schema-graph\">{\"@context\":\"https:\/\/schema.org\",\"@graph\":[{\"@type\":\"WebPage\",\"@id\":\"https:\/\/sipin.com.vn\/index.php\/product\/delta-ecma-l11830rs\/\",\"url\":\"https:\/\/sipin.com.vn\/index.php\/product\/delta-ecma-l11830rs\/\",\"name\":\"DELTA ECMA-L11830RS - OMANI VI\u1ec6T NAM\",\"isPartOf\":{\"@id\":\"https:\/\/sipin.com.vn\/#website\"},\"primaryImageOfPage\":{\"@id\":\"https:\/\/sipin.com.vn\/index.php\/product\/delta-ecma-l11830rs\/#primaryimage\"},\"image\":{\"@id\":\"https:\/\/sipin.com.vn\/index.php\/product\/delta-ecma-l11830rs\/#primaryimage\"},\"thumbnailUrl\":\"https:\/\/sipin.com.vn\/wp-content\/uploads\/2024\/06\/ECMA-L11830RS.png\",\"datePublished\":\"2024-06-18T14:31:01+00:00\",\"dateModified\":\"2024-08-10T14:39:30+00:00\",\"description\":\"Delta ECMA-L11830RS ECMA-A2 Servo Motor\",\"breadcrumb\":{\"@id\":\"https:\/\/sipin.com.vn\/index.php\/product\/delta-ecma-l11830rs\/#breadcrumb\"},\"inLanguage\":\"vi\",\"potentialAction\":[{\"@type\":\"ReadAction\",\"target\":[\"https:\/\/sipin.com.vn\/index.php\/product\/delta-ecma-l11830rs\/\"]}]},{\"@type\":\"ImageObject\",\"inLanguage\":\"vi\",\"@id\":\"https:\/\/sipin.com.vn\/index.php\/product\/delta-ecma-l11830rs\/#primaryimage\",\"url\":\"https:\/\/sipin.com.vn\/wp-content\/uploads\/2024\/06\/ECMA-L11830RS.png\",\"contentUrl\":\"https:\/\/sipin.com.vn\/wp-content\/uploads\/2024\/06\/ECMA-L11830RS.png\",\"width\":751,\"height\":827},{\"@type\":\"BreadcrumbList\",\"@id\":\"https:\/\/sipin.com.vn\/index.php\/product\/delta-ecma-l11830rs\/#breadcrumb\",\"itemListElement\":[{\"@type\":\"ListItem\",\"position\":1,\"name\":\"Home\",\"item\":\"https:\/\/sipin.com.vn\/\"},{\"@type\":\"ListItem\",\"position\":2,\"name\":\"S\u1ea2N PH\u1ea8M\",\"item\":\"https:\/\/sipin.com.vn\/index.php\/cua-hang\/\"},{\"@type\":\"ListItem\",\"position\":3,\"name\":\"DELTA ECMA-L11830RS\"}]},{\"@type\":\"WebSite\",\"@id\":\"https:\/\/sipin.com.vn\/#website\",\"url\":\"https:\/\/sipin.com.vn\/\",\"name\":\"OMANI VI\u1ec6T NAM\",\"description\":\"Nh\u00e0 ph\u00e2n ph\u1ed1i thi\u1ebft b\u1ecb kh\u00ed n\u00e9n v\u00e0 thi\u1ebft b\u1ecb t\u1ef1 \u0111\u1ed9ng h\u00f3a trong c\u00f4ng nghi\u1ec7p\",\"publisher\":{\"@id\":\"https:\/\/sipin.com.vn\/#\/schema\/person\/0ad398a980dc3fd696111c2c5c8fa897\"},\"potentialAction\":[{\"@type\":\"SearchAction\",\"target\":{\"@type\":\"EntryPoint\",\"urlTemplate\":\"https:\/\/sipin.com.vn\/?s={search_term_string}\"},\"query-input\":\"required name=search_term_string\"}],\"inLanguage\":\"vi\"},{\"@type\":[\"Person\",\"Organization\"],\"@id\":\"https:\/\/sipin.com.vn\/#\/schema\/person\/0ad398a980dc3fd696111c2c5c8fa897\",\"name\":\"Nguy\u1ec5n V\u0103n Kh\u00e1nh\",\"image\":{\"@type\":\"ImageObject\",\"inLanguage\":\"vi\",\"@id\":\"https:\/\/sipin.com.vn\/#\/schema\/person\/image\/\",\"url\":\"https:\/\/sipin.com.vn\/wp-content\/uploads\/2024\/06\/logo-1024x1024.png\",\"contentUrl\":\"https:\/\/sipin.com.vn\/wp-content\/uploads\/2024\/06\/logo-1024x1024.png\",\"width\":1024,\"height\":1024,\"caption\":\"Nguy\u1ec5n V\u0103n Kh\u00e1nh\"},\"logo\":{\"@id\":\"https:\/\/sipin.com.vn\/#\/schema\/person\/image\/\"},\"sameAs\":[\"https:\/\/sipin.com.vn\"]}]}<\/script>\n<!-- \/ Yoast SEO plugin. -->","yoast_head_json":{"title":"DELTA ECMA-L11830RS - OMANI VI\u1ec6T NAM","description":"Delta ECMA-L11830RS ECMA-A2 Servo Motor","robots":{"index":"index","follow":"follow","max-snippet":"max-snippet:-1","max-image-preview":"max-image-preview:large","max-video-preview":"max-video-preview:-1"},"canonical":"https:\/\/sipin.com.vn\/index.php\/product\/delta-ecma-l11830rs\/","og_locale":"vi_VN","og_type":"article","og_title":"DELTA ECMA-L11830RS - OMANI VI\u1ec6T NAM","og_description":"Delta ECMA-L11830RS ECMA-A2 Servo Motor","og_url":"https:\/\/sipin.com.vn\/index.php\/product\/delta-ecma-l11830rs\/","og_site_name":"OMANI VI\u1ec6T NAM","article_modified_time":"2024-08-10T14:39:30+00:00","og_image":[{"width":751,"height":827,"url":"https:\/\/sipin.com.vn\/wp-content\/uploads\/2024\/06\/ECMA-L11830RS.png","type":"image\/png"}],"twitter_card":"summary_large_image","twitter_misc":{"\u01af\u1edbc t\u00ednh th\u1eddi gian \u0111\u1ecdc":"2 ph\u00fat"},"schema":{"@context":"https:\/\/schema.org","@graph":[{"@type":"WebPage","@id":"https:\/\/sipin.com.vn\/index.php\/product\/delta-ecma-l11830rs\/","url":"https:\/\/sipin.com.vn\/index.php\/product\/delta-ecma-l11830rs\/","name":"DELTA ECMA-L11830RS - OMANI VI\u1ec6T NAM","isPartOf":{"@id":"https:\/\/sipin.com.vn\/#website"},"primaryImageOfPage":{"@id":"https:\/\/sipin.com.vn\/index.php\/product\/delta-ecma-l11830rs\/#primaryimage"},"image":{"@id":"https:\/\/sipin.com.vn\/index.php\/product\/delta-ecma-l11830rs\/#primaryimage"},"thumbnailUrl":"https:\/\/sipin.com.vn\/wp-content\/uploads\/2024\/06\/ECMA-L11830RS.png","datePublished":"2024-06-18T14:31:01+00:00","dateModified":"2024-08-10T14:39:30+00:00","description":"Delta ECMA-L11830RS ECMA-A2 Servo Motor","breadcrumb":{"@id":"https:\/\/sipin.com.vn\/index.php\/product\/delta-ecma-l11830rs\/#breadcrumb"},"inLanguage":"vi","potentialAction":[{"@type":"ReadAction","target":["https:\/\/sipin.com.vn\/index.php\/product\/delta-ecma-l11830rs\/"]}]},{"@type":"ImageObject","inLanguage":"vi","@id":"https:\/\/sipin.com.vn\/index.php\/product\/delta-ecma-l11830rs\/#primaryimage","url":"https:\/\/sipin.com.vn\/wp-content\/uploads\/2024\/06\/ECMA-L11830RS.png","contentUrl":"https:\/\/sipin.com.vn\/wp-content\/uploads\/2024\/06\/ECMA-L11830RS.png","width":751,"height":827},{"@type":"BreadcrumbList","@id":"https:\/\/sipin.com.vn\/index.php\/product\/delta-ecma-l11830rs\/#breadcrumb","itemListElement":[{"@type":"ListItem","position":1,"name":"Home","item":"https:\/\/sipin.com.vn\/"},{"@type":"ListItem","position":2,"name":"S\u1ea2N PH\u1ea8M","item":"https:\/\/sipin.com.vn\/index.php\/cua-hang\/"},{"@type":"ListItem","position":3,"name":"DELTA ECMA-L11830RS"}]},{"@type":"WebSite","@id":"https:\/\/sipin.com.vn\/#website","url":"https:\/\/sipin.com.vn\/","name":"OMANI VI\u1ec6T NAM","description":"Nh\u00e0 ph\u00e2n ph\u1ed1i thi\u1ebft b\u1ecb kh\u00ed n\u00e9n v\u00e0 thi\u1ebft b\u1ecb t\u1ef1 \u0111\u1ed9ng h\u00f3a trong c\u00f4ng nghi\u1ec7p","publisher":{"@id":"https:\/\/sipin.com.vn\/#\/schema\/person\/0ad398a980dc3fd696111c2c5c8fa897"},"potentialAction":[{"@type":"SearchAction","target":{"@type":"EntryPoint","urlTemplate":"https:\/\/sipin.com.vn\/?s={search_term_string}"},"query-input":"required name=search_term_string"}],"inLanguage":"vi"},{"@type":["Person","Organization"],"@id":"https:\/\/sipin.com.vn\/#\/schema\/person\/0ad398a980dc3fd696111c2c5c8fa897","name":"Nguy\u1ec5n V\u0103n Kh\u00e1nh","image":{"@type":"ImageObject","inLanguage":"vi","@id":"https:\/\/sipin.com.vn\/#\/schema\/person\/image\/","url":"https:\/\/sipin.com.vn\/wp-content\/uploads\/2024\/06\/logo-1024x1024.png","contentUrl":"https:\/\/sipin.com.vn\/wp-content\/uploads\/2024\/06\/logo-1024x1024.png","width":1024,"height":1024,"caption":"Nguy\u1ec5n V\u0103n Kh\u00e1nh"},"logo":{"@id":"https:\/\/sipin.com.vn\/#\/schema\/person\/image\/"},"sameAs":["https:\/\/sipin.com.vn"]}]}},"_links":{"self":[{"href":"https:\/\/sipin.com.vn\/index.php\/wp-json\/wp\/v2\/product\/776","targetHints":{"allow":["GET"]}}],"collection":[{"href":"https:\/\/sipin.com.vn\/index.php\/wp-json\/wp\/v2\/product"}],"about":[{"href":"https:\/\/sipin.com.vn\/index.php\/wp-json\/wp\/v2\/types\/product"}],"replies":[{"embeddable":true,"href":"https:\/\/sipin.com.vn\/index.php\/wp-json\/wp\/v2\/comments?post=776"}],"wp:featuredmedia":[{"embeddable":true,"href":"https:\/\/sipin.com.vn\/index.php\/wp-json\/wp\/v2\/media\/777"}],"wp:attachment":[{"href":"https:\/\/sipin.com.vn\/index.php\/wp-json\/wp\/v2\/media?parent=776"}],"wp:term":[{"taxonomy":"product_cat","embeddable":true,"href":"https:\/\/sipin.com.vn\/index.php\/wp-json\/wp\/v2\/product_cat?post=776"},{"taxonomy":"product_tag","embeddable":true,"href":"https:\/\/sipin.com.vn\/index.php\/wp-json\/wp\/v2\/product_tag?post=776"}],"curies":[{"name":"wp","href":"https:\/\/api.w.org\/{rel}","templated":true}]}}