{"id":767,"date":"2024-06-16T22:47:53","date_gmt":"2024-06-16T15:47:53","guid":{"rendered":"https:\/\/omanivietnam.com\/?post_type=product&#038;p=767"},"modified":"2024-08-10T21:49:54","modified_gmt":"2024-08-10T14:49:54","slug":"danfossrt116","status":"publish","type":"product","link":"https:\/\/sipin.com.vn\/index.php\/product\/danfossrt116\/","title":{"rendered":"DANFOSS RT116"},"content":{"rendered":"<p>DANFOSS RT116 P\/N 017-520366<\/p>\n<p>C\u00f4ng t\u1eafc \u00e1p su\u1ea5t Danfoss RT116 l\u00e0 lo\u1ea1i \u00e1p su\u1ea5t \u0111\u01a1n, \u0111i\u1ec1u khi\u1ec3n v\u1edbi ph\u1ea1m vi DIFF c\u1ee7a n\u00f3 t\u1eeb\u00a0<strong>0.33 bar \u0111\u1ebfn 1.30 bar\u00a0<\/strong>v\u00e0<strong>\u00a0range l\u00e0 1.0 \u0111\u1ebfn 10.0 bar<\/strong>. \u0110a ph\u1ea7n trong c\u00f4ng nghi\u1ec7p r\u1ea5t \u01b0u chu\u1ed9ng n\u00f3 b\u1edfi \u0111\u1ed9 b\u1ec1n c\u0169ng nh\u01b0 t\u00ednh ch\u1ecbu th\u1eddi ti\u1ebft kh\u1eafc nghi\u1ec7t.<\/p>\n<p>Danfoss RT116 \u0111\u01b0\u1ee3c s\u1eed d\u1ee5ng trong c\u00f4ng nghi\u1ec7p v\u00e0 h\u00e0ng h\u1ea3i. Thu\u1ed9c d\u00f2ng r\u01a1 le nh\u01b0ng n\u00f3 v\u01b0\u1ee3t tr\u1ed9i h\u01a1n v\u1ec1 t\u00ednh ch\u00ednh x\u00e1c, an to\u00e0n v\u00e0 \u0111\u1ed9 b\u1ec1n.<\/p>\n<p>M\u1ecdi ph\u01b0\u01a1ng di\u1ec7n, thi\u1ebft b\u1ecb n\u00e0y \u0111\u1ec1u kh\u1eb3ng \u0111\u1ecbnh s\u1ef1 tuy\u1ec7t v\u1eddi. Ch\u00ednh v\u00ec th\u1ebf n\u00f3 c\u00f3 m\u1eb7t \u2013 t\u1ed3n t\u1ea1i \u2013 v\u00e0 c\u1ea3i ti\u1ebfn tr\u00ean th\u1ecb tr\u01b0\u1eddng c\u00f4ng nghi\u1ec7p h\u01a1n 60 n\u0103m qua.<\/p>\n<p>C\u00f4ng t\u1eafc \u00e1p su\u1ea5t Danfoss RT116, Range 1.00 \u2013 10.00 bar, Diff 0.33 \u2013 1.30 bar, G 3\/8, Auto, IP66<\/p>\n<ul>\n<li><b>Type:\u00a0 \u00a0 \u00a0 \u00a0 \u00a0 \u00a0 \u00a0 \u00a0 \u00a0 \u00a0 \u00a0 \u00a0 \u00a0 \u00a0 \u00a0 \u00a0 \u00a0 \u00a0 \u00a0 \u00a0 \u00a0 \u00a0 \u00a0 \u00a0 \u00a0 \u00a0<\/b>RT116<\/li>\n<li><b>M\u00e3 s\u1ea3n ph\u1ea9m:\u00a0 \u00a0 \u00a0 \u00a0 \u00a0 \u00a0 \u00a0 \u00a0 \u00a0 \u00a0 \u00a0 \u00a0 \u00a0 \u00a0 \u00a0 \u00a0 \u00a0 \u00a0\u00a0<\/b>017-520366<\/li>\n<li><b>Regulation range [bar] Pe:\u00a0 \u00a0 \u00a0 \u00a0 \u00a0 \u00a0 \u00a0 \u00a0<\/b>[1.00 bar] \u2013 [10.00 bar]<\/li>\n<li><b>Differential [bar]:\u00a0 \u00a0 \u00a0 \u00a0 \u00a0 \u00a0 \u00a0 \u00a0 \u00a0 \u00a0 \u00a0 \u00a0 \u00a0 \u00a0 \u00a0 \u00a0<\/b>0.33 \u2013 1.30<\/li>\n<li><b>Reset function:\u00a0 \u00a0 \u00a0 \u00a0 \u00a0 \u00a0 \u00a0 \u00a0 \u00a0 \u00a0 \u00a0 \u00a0 \u00a0 \u00a0 \u00a0 \u00a0 \u00a0\u00a0<\/b>Auto<\/li>\n<li><strong>Pressure connection type:\u00a0<\/strong>\u00a0 \u00a0 \u00a0 \u00a0 \u00a0 \u00a0 \u00a0 G<\/li>\n<li><strong>Pressure connection size:\u00a0 \u00a0<\/strong>\u00a0 \u00a0 \u00a0 \u00a0 \u00a0 \u00a0 \u00a03\/8<\/li>\n<li><b>Th\u01b0\u01a1ng hi\u1ec7u:\u00a0 \u00a0 \u00a0 \u00a0 \u00a0 \u00a0 \u00a0 \u00a0 \u00a0 \u00a0 \u00a0 \u00a0 \u00a0 \u00a0 \u00a0 \u00a0 \u00a0 \u00a0 \u00a0<\/b>Danfoss<\/li>\n<li><b>Xu\u1ea5t x\u1ee9:\u00a0 \u00a0 \u00a0 \u00a0 \u00a0 \u00a0 \u00a0 \u00a0 \u00a0 \u00a0 \u00a0 \u00a0 \u00a0 \u00a0 \u00a0 \u00a0 \u00a0 \u00a0 \u00a0 \u00a0 \u00a0 \u00a0 \u00a0\u00a0<\/b>Danfoss Poland<\/li>\n<\/ul>\n<div class=\"product-upper-subheading\">Pressure switch, RT116<\/div>\n<div class=\"product-code-wrapper mar-xs\">\n<h1 class=\"product-code-big\">017-520366<\/h1>\n<\/div>\n<div class=\"clearfix\"><\/div>\n<p class=\"product-description-text\">Regulation range [bar] Pe: 1.00 &#8211; 10.00, Differential [bar]: 0.33 &#8211; 1.30, Contact function: SPDT, Reset function: Auto, Pressure connection type: G, Pressure connection size: 3\/8, Pressure Male\/Female: Male, Enclosure rating IP: IP66, Max. Working Pressure [bar]: 22.0<\/p>\n<p>&nbsp;<\/p>\n<p>\u0110\u1ea1i l\u00fd DANFOSS vietnam, DANFOSS viet nam, DANFOSS vietnam distributor, Ph\u00e2n ph\u1ed1i DANFOSS t\u1ea1i vi\u1ec7t nam<\/p>\n<p>\u0110\u1ea1i l\u00fd DANFOSS vietnam, DANFOSS viet nam, DANFOSS vietnam distributor, Ph\u00e2n ph\u1ed1i DANFOSS t\u1ea1i vi\u1ec7t nam<\/p>\n<p>\u0110\u1ea1i l\u00fd DANFOSS vietnam, DANFOSS viet nam, DANFOSS vietnam distributor, Ph\u00e2n ph\u1ed1i DANFOSS t\u1ea1i vi\u1ec7t nam<\/p>\n<p>\u0110\u1ea1i l\u00fd DANFOSS vietnam, DANFOSS viet nam, DANFOSS vietnam distributor, Ph\u00e2n ph\u1ed1i DANFOSS t\u1ea1i vi\u1ec7t nam<\/p>\n<p>\u0110\u1ea1i l\u00fd DANFOSS vietnam, DANFOSS viet nam, DANFOSS vietnam distributor, Ph\u00e2n ph\u1ed1i DANFOSS t\u1ea1i vi\u1ec7t nam<\/p>\n<p>&nbsp;<\/p>\n","protected":false},"excerpt":{"rendered":"<p>DANFOSS RT116<\/p>\n<div data-redactor=\"1\">\n<p>\u0110T:\u00a0<a title=\"Call\" href=\"tel:0937876353\">0937 876 353<\/a><br \/>\nFace. Zalo :\u00a0<a title=\"Call\" href=\"tel:0937876353\">0937 876 353<\/a><br \/>\n\u0110C: 28\/1\/16 \u0110\u01b0\u1eddng 16, P. Linh Chi\u1ec3u, TP. Th\u1ee7 \u0110\u1ee9c, TP. HCM<\/p>\n<\/div>\n<div data-redactor=\"1\">\n<p>Web :\u00a0<a href=\"https:\/\/omanivietnam.com\/\">https:\/\/omanivietnam.com<\/a><\/p>\n<\/div>\n","protected":false},"featured_media":768,"comment_status":"open","ping_status":"closed","template":"","meta":{"om_disable_all_campaigns":false,"_monsterinsights_skip_tracking":false,"_monsterinsights_sitenote_active":false,"_monsterinsights_sitenote_note":"","_monsterinsights_sitenote_category":0},"product_cat":[15],"product_tag":[88,176,175],"class_list":{"0":"post-767","1":"product","2":"type-product","3":"status-publish","4":"has-post-thumbnail","6":"product_cat-apex","7":"product_tag-cam-bien","8":"product_tag-dai-ly-danfoss-viet-nam","9":"product_tag-danfoss-viet-nam","11":"first","12":"instock","13":"shipping-taxable","14":"product-type-simple"},"aioseo_notices":[],"yoast_head":"<!-- This site is optimized with the Yoast SEO plugin v22.8 - https:\/\/yoast.com\/wordpress\/plugins\/seo\/ -->\n<title>DANFOSS RT116 - OMANI VI\u1ec6T NAM<\/title>\n<meta name=\"description\" content=\"Pressure switch, RT116017-520366Regulation range [bar] Pe: 1.00 - 10.00, Differential [bar]: 0.33 - 1.30, Contact function: SPDT, Reset function: Auto, Pressure connection type: G, Pressure connection size: 3\/8, Pressure Male\/Female: Male, Enclosure rating IP: IP66, Max. Working Pressure [bar]: 22.0\" \/>\n<meta name=\"robots\" content=\"index, follow, max-snippet:-1, max-image-preview:large, max-video-preview:-1\" \/>\n<link rel=\"canonical\" href=\"https:\/\/sipin.com.vn\/index.php\/product\/danfossrt116\/\" \/>\n<meta property=\"og:locale\" content=\"vi_VN\" \/>\n<meta property=\"og:type\" content=\"article\" \/>\n<meta property=\"og:title\" content=\"DANFOSS RT116 - OMANI VI\u1ec6T NAM\" \/>\n<meta property=\"og:description\" content=\"Pressure switch, RT116017-520366Regulation range [bar] Pe: 1.00 - 10.00, Differential [bar]: 0.33 - 1.30, Contact function: SPDT, Reset function: Auto, Pressure connection type: G, Pressure connection size: 3\/8, Pressure Male\/Female: Male, Enclosure rating IP: IP66, Max. Working Pressure [bar]: 22.0\" \/>\n<meta property=\"og:url\" content=\"https:\/\/sipin.com.vn\/index.php\/product\/danfossrt116\/\" \/>\n<meta property=\"og:site_name\" content=\"OMANI VI\u1ec6T NAM\" \/>\n<meta property=\"article:modified_time\" content=\"2024-08-10T14:49:54+00:00\" \/>\n<meta property=\"og:image\" content=\"https:\/\/sipin.com.vn\/wp-content\/uploads\/2024\/06\/RT116.png\" \/>\n\t<meta property=\"og:image:width\" content=\"651\" \/>\n\t<meta property=\"og:image:height\" content=\"361\" \/>\n\t<meta property=\"og:image:type\" content=\"image\/png\" \/>\n<meta name=\"twitter:card\" content=\"summary_large_image\" \/>\n<meta name=\"twitter:label1\" content=\"\u01af\u1edbc t\u00ednh th\u1eddi gian \u0111\u1ecdc\" \/>\n\t<meta name=\"twitter:data1\" content=\"2 ph\u00fat\" \/>\n<script type=\"application\/ld+json\" class=\"yoast-schema-graph\">{\"@context\":\"https:\/\/schema.org\",\"@graph\":[{\"@type\":\"WebPage\",\"@id\":\"https:\/\/sipin.com.vn\/index.php\/product\/danfossrt116\/\",\"url\":\"https:\/\/sipin.com.vn\/index.php\/product\/danfossrt116\/\",\"name\":\"DANFOSS RT116 - OMANI VI\u1ec6T NAM\",\"isPartOf\":{\"@id\":\"https:\/\/sipin.com.vn\/#website\"},\"primaryImageOfPage\":{\"@id\":\"https:\/\/sipin.com.vn\/index.php\/product\/danfossrt116\/#primaryimage\"},\"image\":{\"@id\":\"https:\/\/sipin.com.vn\/index.php\/product\/danfossrt116\/#primaryimage\"},\"thumbnailUrl\":\"https:\/\/sipin.com.vn\/wp-content\/uploads\/2024\/06\/RT116.png\",\"datePublished\":\"2024-06-16T15:47:53+00:00\",\"dateModified\":\"2024-08-10T14:49:54+00:00\",\"description\":\"Pressure switch, RT116017-520366Regulation range [bar] Pe: 1.00 - 10.00, Differential [bar]: 0.33 - 1.30, Contact function: SPDT, Reset function: Auto, Pressure connection type: G, Pressure connection size: 3\/8, Pressure Male\/Female: Male, Enclosure rating IP: IP66, Max. Working Pressure [bar]: 22.0\",\"breadcrumb\":{\"@id\":\"https:\/\/sipin.com.vn\/index.php\/product\/danfossrt116\/#breadcrumb\"},\"inLanguage\":\"vi\",\"potentialAction\":[{\"@type\":\"ReadAction\",\"target\":[\"https:\/\/sipin.com.vn\/index.php\/product\/danfossrt116\/\"]}]},{\"@type\":\"ImageObject\",\"inLanguage\":\"vi\",\"@id\":\"https:\/\/sipin.com.vn\/index.php\/product\/danfossrt116\/#primaryimage\",\"url\":\"https:\/\/sipin.com.vn\/wp-content\/uploads\/2024\/06\/RT116.png\",\"contentUrl\":\"https:\/\/sipin.com.vn\/wp-content\/uploads\/2024\/06\/RT116.png\",\"width\":651,\"height\":361},{\"@type\":\"BreadcrumbList\",\"@id\":\"https:\/\/sipin.com.vn\/index.php\/product\/danfossrt116\/#breadcrumb\",\"itemListElement\":[{\"@type\":\"ListItem\",\"position\":1,\"name\":\"Home\",\"item\":\"https:\/\/sipin.com.vn\/\"},{\"@type\":\"ListItem\",\"position\":2,\"name\":\"S\u1ea2N PH\u1ea8M\",\"item\":\"https:\/\/sipin.com.vn\/index.php\/cua-hang\/\"},{\"@type\":\"ListItem\",\"position\":3,\"name\":\"DANFOSS RT116\"}]},{\"@type\":\"WebSite\",\"@id\":\"https:\/\/sipin.com.vn\/#website\",\"url\":\"https:\/\/sipin.com.vn\/\",\"name\":\"OMANI VI\u1ec6T NAM\",\"description\":\"Nh\u00e0 ph\u00e2n ph\u1ed1i thi\u1ebft b\u1ecb kh\u00ed n\u00e9n v\u00e0 thi\u1ebft b\u1ecb t\u1ef1 \u0111\u1ed9ng h\u00f3a trong c\u00f4ng nghi\u1ec7p\",\"publisher\":{\"@id\":\"https:\/\/sipin.com.vn\/#\/schema\/person\/0ad398a980dc3fd696111c2c5c8fa897\"},\"potentialAction\":[{\"@type\":\"SearchAction\",\"target\":{\"@type\":\"EntryPoint\",\"urlTemplate\":\"https:\/\/sipin.com.vn\/?s={search_term_string}\"},\"query-input\":\"required name=search_term_string\"}],\"inLanguage\":\"vi\"},{\"@type\":[\"Person\",\"Organization\"],\"@id\":\"https:\/\/sipin.com.vn\/#\/schema\/person\/0ad398a980dc3fd696111c2c5c8fa897\",\"name\":\"Nguy\u1ec5n V\u0103n Kh\u00e1nh\",\"image\":{\"@type\":\"ImageObject\",\"inLanguage\":\"vi\",\"@id\":\"https:\/\/sipin.com.vn\/#\/schema\/person\/image\/\",\"url\":\"https:\/\/sipin.com.vn\/wp-content\/uploads\/2024\/06\/logo-1024x1024.png\",\"contentUrl\":\"https:\/\/sipin.com.vn\/wp-content\/uploads\/2024\/06\/logo-1024x1024.png\",\"width\":1024,\"height\":1024,\"caption\":\"Nguy\u1ec5n V\u0103n Kh\u00e1nh\"},\"logo\":{\"@id\":\"https:\/\/sipin.com.vn\/#\/schema\/person\/image\/\"},\"sameAs\":[\"https:\/\/sipin.com.vn\"]}]}<\/script>\n<!-- \/ Yoast SEO plugin. -->","yoast_head_json":{"title":"DANFOSS RT116 - OMANI VI\u1ec6T NAM","description":"Pressure switch, RT116017-520366Regulation range [bar] Pe: 1.00 - 10.00, Differential [bar]: 0.33 - 1.30, Contact function: SPDT, Reset function: Auto, Pressure connection type: G, Pressure connection size: 3\/8, Pressure Male\/Female: Male, Enclosure rating IP: IP66, Max. Working Pressure [bar]: 22.0","robots":{"index":"index","follow":"follow","max-snippet":"max-snippet:-1","max-image-preview":"max-image-preview:large","max-video-preview":"max-video-preview:-1"},"canonical":"https:\/\/sipin.com.vn\/index.php\/product\/danfossrt116\/","og_locale":"vi_VN","og_type":"article","og_title":"DANFOSS RT116 - OMANI VI\u1ec6T NAM","og_description":"Pressure switch, RT116017-520366Regulation range [bar] Pe: 1.00 - 10.00, Differential [bar]: 0.33 - 1.30, Contact function: SPDT, Reset function: Auto, Pressure connection type: G, Pressure connection size: 3\/8, Pressure Male\/Female: Male, Enclosure rating IP: IP66, Max. Working Pressure [bar]: 22.0","og_url":"https:\/\/sipin.com.vn\/index.php\/product\/danfossrt116\/","og_site_name":"OMANI VI\u1ec6T NAM","article_modified_time":"2024-08-10T14:49:54+00:00","og_image":[{"width":651,"height":361,"url":"https:\/\/sipin.com.vn\/wp-content\/uploads\/2024\/06\/RT116.png","type":"image\/png"}],"twitter_card":"summary_large_image","twitter_misc":{"\u01af\u1edbc t\u00ednh th\u1eddi gian \u0111\u1ecdc":"2 ph\u00fat"},"schema":{"@context":"https:\/\/schema.org","@graph":[{"@type":"WebPage","@id":"https:\/\/sipin.com.vn\/index.php\/product\/danfossrt116\/","url":"https:\/\/sipin.com.vn\/index.php\/product\/danfossrt116\/","name":"DANFOSS RT116 - OMANI VI\u1ec6T NAM","isPartOf":{"@id":"https:\/\/sipin.com.vn\/#website"},"primaryImageOfPage":{"@id":"https:\/\/sipin.com.vn\/index.php\/product\/danfossrt116\/#primaryimage"},"image":{"@id":"https:\/\/sipin.com.vn\/index.php\/product\/danfossrt116\/#primaryimage"},"thumbnailUrl":"https:\/\/sipin.com.vn\/wp-content\/uploads\/2024\/06\/RT116.png","datePublished":"2024-06-16T15:47:53+00:00","dateModified":"2024-08-10T14:49:54+00:00","description":"Pressure switch, RT116017-520366Regulation range [bar] Pe: 1.00 - 10.00, Differential [bar]: 0.33 - 1.30, Contact function: SPDT, Reset function: Auto, Pressure connection type: G, Pressure connection size: 3\/8, Pressure Male\/Female: Male, Enclosure rating IP: IP66, Max. Working Pressure [bar]: 22.0","breadcrumb":{"@id":"https:\/\/sipin.com.vn\/index.php\/product\/danfossrt116\/#breadcrumb"},"inLanguage":"vi","potentialAction":[{"@type":"ReadAction","target":["https:\/\/sipin.com.vn\/index.php\/product\/danfossrt116\/"]}]},{"@type":"ImageObject","inLanguage":"vi","@id":"https:\/\/sipin.com.vn\/index.php\/product\/danfossrt116\/#primaryimage","url":"https:\/\/sipin.com.vn\/wp-content\/uploads\/2024\/06\/RT116.png","contentUrl":"https:\/\/sipin.com.vn\/wp-content\/uploads\/2024\/06\/RT116.png","width":651,"height":361},{"@type":"BreadcrumbList","@id":"https:\/\/sipin.com.vn\/index.php\/product\/danfossrt116\/#breadcrumb","itemListElement":[{"@type":"ListItem","position":1,"name":"Home","item":"https:\/\/sipin.com.vn\/"},{"@type":"ListItem","position":2,"name":"S\u1ea2N PH\u1ea8M","item":"https:\/\/sipin.com.vn\/index.php\/cua-hang\/"},{"@type":"ListItem","position":3,"name":"DANFOSS RT116"}]},{"@type":"WebSite","@id":"https:\/\/sipin.com.vn\/#website","url":"https:\/\/sipin.com.vn\/","name":"OMANI VI\u1ec6T NAM","description":"Nh\u00e0 ph\u00e2n ph\u1ed1i thi\u1ebft b\u1ecb kh\u00ed n\u00e9n v\u00e0 thi\u1ebft b\u1ecb t\u1ef1 \u0111\u1ed9ng h\u00f3a trong c\u00f4ng nghi\u1ec7p","publisher":{"@id":"https:\/\/sipin.com.vn\/#\/schema\/person\/0ad398a980dc3fd696111c2c5c8fa897"},"potentialAction":[{"@type":"SearchAction","target":{"@type":"EntryPoint","urlTemplate":"https:\/\/sipin.com.vn\/?s={search_term_string}"},"query-input":"required name=search_term_string"}],"inLanguage":"vi"},{"@type":["Person","Organization"],"@id":"https:\/\/sipin.com.vn\/#\/schema\/person\/0ad398a980dc3fd696111c2c5c8fa897","name":"Nguy\u1ec5n V\u0103n Kh\u00e1nh","image":{"@type":"ImageObject","inLanguage":"vi","@id":"https:\/\/sipin.com.vn\/#\/schema\/person\/image\/","url":"https:\/\/sipin.com.vn\/wp-content\/uploads\/2024\/06\/logo-1024x1024.png","contentUrl":"https:\/\/sipin.com.vn\/wp-content\/uploads\/2024\/06\/logo-1024x1024.png","width":1024,"height":1024,"caption":"Nguy\u1ec5n V\u0103n Kh\u00e1nh"},"logo":{"@id":"https:\/\/sipin.com.vn\/#\/schema\/person\/image\/"},"sameAs":["https:\/\/sipin.com.vn"]}]}},"_links":{"self":[{"href":"https:\/\/sipin.com.vn\/index.php\/wp-json\/wp\/v2\/product\/767","targetHints":{"allow":["GET"]}}],"collection":[{"href":"https:\/\/sipin.com.vn\/index.php\/wp-json\/wp\/v2\/product"}],"about":[{"href":"https:\/\/sipin.com.vn\/index.php\/wp-json\/wp\/v2\/types\/product"}],"replies":[{"embeddable":true,"href":"https:\/\/sipin.com.vn\/index.php\/wp-json\/wp\/v2\/comments?post=767"}],"wp:featuredmedia":[{"embeddable":true,"href":"https:\/\/sipin.com.vn\/index.php\/wp-json\/wp\/v2\/media\/768"}],"wp:attachment":[{"href":"https:\/\/sipin.com.vn\/index.php\/wp-json\/wp\/v2\/media?parent=767"}],"wp:term":[{"taxonomy":"product_cat","embeddable":true,"href":"https:\/\/sipin.com.vn\/index.php\/wp-json\/wp\/v2\/product_cat?post=767"},{"taxonomy":"product_tag","embeddable":true,"href":"https:\/\/sipin.com.vn\/index.php\/wp-json\/wp\/v2\/product_tag?post=767"}],"curies":[{"name":"wp","href":"https:\/\/api.w.org\/{rel}","templated":true}]}}