{"id":763,"date":"2024-06-16T22:23:50","date_gmt":"2024-06-16T15:23:50","guid":{"rendered":"https:\/\/omanivietnam.com\/?post_type=product&#038;p=763"},"modified":"2024-08-10T21:57:53","modified_gmt":"2024-08-10T14:57:53","slug":"metrol-cs067a-bl","status":"publish","type":"product","link":"https:\/\/sipin.com.vn\/index.php\/product\/metrol-cs067a-bl\/","title":{"rendered":"METROL CS067A-BL"},"content":{"rendered":"<p>METROL CS067A-BL<\/p>\n<p>METROL CS067A-C<\/p>\n<p class=\"m-h1\">CS-Touch Switch CS\/CSJ\/CSS\/CSK\/CSP (CS067A-BL)<\/p>\n<p class=\"m-h3\"><span data-lang=\"ENG\">Configured Specifications<\/span><\/p>\n<table class=\"m-listTable\" summary=\"Price, Spec., etc.\">\n<colgroup>\n<col width=\"20%\" \/>\n<col width=\"30%\" \/>\n<col width=\"20%\" \/>\n<col width=\"30%\" \/><\/colgroup>\n<tbody>\n<tr>\n<th>Type<\/th>\n<td>Pin stroke shape\/Spring Plungers Type<\/td>\n<th>Main Body Shape<\/th>\n<td>Bolt Type<\/td>\n<\/tr>\n<tr>\n<th>Tip shape<\/th>\n<td>[Flat] Flat Contact<\/td>\n<th>Environment<\/th>\n<td>Standard<\/td>\n<\/tr>\n<tr>\n<th>Body Material<\/th>\n<td>[Stainless Steel] SUS303<\/td>\n<th>Contact Material<\/th>\n<td>[Stainless Steel] SUS420<\/td>\n<\/tr>\n<tr>\n<th>Stroke(mm)<\/th>\n<td>2.8<\/td>\n<th>Contact Point Type<\/th>\n<td>Contact type NO<\/td>\n<\/tr>\n<tr>\n<th>Cylindrical Outer Diameter(mm)<\/th>\n<td>&#8211;<\/td>\n<th>Nominal of Thread (M)<\/th>\n<td>M6\u00d70.75<\/td>\n<\/tr>\n<tr>\n<th>Operating Temperature Range(\u00b0C)<\/th>\n<td>0\uff5e80<\/td>\n<th>Operating Point(mm)<\/th>\n<td>0.3<\/td>\n<\/tr>\n<tr class=\"VN_table-row\">\n<th>Repeatability<\/th>\n<td>0.005mm<\/td>\n<th>Contact Force(N)<\/th>\n<td>1<\/td>\n<\/tr>\n<tr class=\"VN_table-row\">\n<th>Contact point accuracy life(x 10K times)<\/th>\n<td>1000<\/td>\n<th>Tip diameter<\/th>\n<td>[~ \u00d84] \u00d84<\/td>\n<\/tr>\n<tr class=\"VN_table-row\">\n<th>Protection Structure<\/th>\n<td>IP65<\/td>\n<th>LED<\/th>\n<td>Provided<\/td>\n<\/tr>\n<tr class=\"VN_table-row\">\n<th>Cord direction<\/th>\n<td>Direct Advance<\/td>\n<th>Specification details<\/th>\n<td>For linear hit<\/td>\n<\/tr>\n<tr class=\"VN_table-row\">\n<th>RoHS<\/th>\n<td>10<\/td>\n<th>&#8211;<\/th>\n<td>&#8211;<\/td>\n<\/tr>\n<\/tbody>\n<\/table>\n<p>&nbsp;<\/p>\n<p>[Features]<br \/>\n\u00b7 Parallel use slim design with abundant variation<br \/>\n\u00b7 M5 to \/long stroke waterproof<\/p>\n<h1 class=\"m-h1\">CS-Touch Switch CS\/CSJ\/CSS\/CSK\/CSP (CS067A-C)<\/h1>\n<h3 class=\"m-h3\"><span data-lang=\"ENG\">Configured Specifications<\/span><\/h3>\n<table class=\"m-listTable\" summary=\"Price, Spec., etc.\">\n<colgroup>\n<col width=\"20%\" \/>\n<col width=\"30%\" \/>\n<col width=\"20%\" \/>\n<col width=\"30%\" \/><\/colgroup>\n<tbody>\n<tr>\n<th>Type<\/th>\n<td>Pin stroke shape\/Spring Plungers Type<\/td>\n<th>Main Body Shape<\/th>\n<td>Bolt Type<\/td>\n<\/tr>\n<tr>\n<th>Tip shape<\/th>\n<td>[Needle] Needle Contact<\/td>\n<th>Environment<\/th>\n<td>Standard<\/td>\n<\/tr>\n<tr>\n<th>Body Material<\/th>\n<td>[Stainless Steel] SUS303<\/td>\n<th>Contact Material<\/th>\n<td>[Stainless Steel] SUS420<\/td>\n<\/tr>\n<tr>\n<th>Stroke(mm)<\/th>\n<td>2.8<\/td>\n<th>Contact Point Type<\/th>\n<td>Contact type NO<\/td>\n<\/tr>\n<tr>\n<th>Cylindrical Outer Diameter(mm)<\/th>\n<td>&#8211;<\/td>\n<th>Nominal of Thread (M)<\/th>\n<td>M6\u00d70.75<\/td>\n<\/tr>\n<tr>\n<th>Operating Temperature Range(\u00b0C)<\/th>\n<td>0\uff5e80<\/td>\n<th>Operating Point(mm)<\/th>\n<td>0.3<\/td>\n<\/tr>\n<tr class=\"VN_table-row\">\n<th>Repeatability<\/th>\n<td>0.005mm<\/td>\n<th>Contact Force(N)<\/th>\n<td>1<\/td>\n<\/tr>\n<tr class=\"VN_table-row\">\n<th>Contact point accuracy life(x 10K times)<\/th>\n<td>1000<\/td>\n<th>Tip diameter<\/th>\n<td>[~ \u00d82] \u00d81.5<\/td>\n<\/tr>\n<tr class=\"VN_table-row\">\n<th>Protection Structure<\/th>\n<td>IP65<\/td>\n<th>LED<\/th>\n<td>No<\/td>\n<\/tr>\n<tr class=\"VN_table-row\">\n<th>Cord direction<\/th>\n<td>Direct Advance<\/td>\n<th>Specification details<\/th>\n<td>For linear hit<\/td>\n<\/tr>\n<tr class=\"VN_table-row\">\n<th>RoHS<\/th>\n<td>10<\/td>\n<th>&#8211;<\/th>\n<td>&#8211;<\/td>\n<\/tr>\n<\/tbody>\n<\/table>\n<h1>C\u1ea3m bi\u1ebfn v\u1ecb tr\u00ed Metrol CSJ055A, CSJS50A, CS065A, CSS60A, CSS60B, CS067A, CS067B, CSS80A, CS087A, CSK087A, CSK087B, CSP087A-A, CSP087B-A<\/h1>\n<p>&nbsp;<\/p>\n<p>\u0110\u1ea1i l\u00fd METROL vietnam, METROL viet nam, METROL vietnam distributor, Ph\u00e2n ph\u1ed1i METROL t\u1ea1i vi\u1ec7t nam<\/p>\n<p>\u0110\u1ea1i l\u00fd METROL vietnam, METROL viet nam, METROL vietnam distributor, Ph\u00e2n ph\u1ed1i METROL t\u1ea1i vi\u1ec7t nam<\/p>\n<p>\u0110\u1ea1i l\u00fd METROL vietnam, METROL viet nam, METROL vietnam distributor, Ph\u00e2n ph\u1ed1i METROL t\u1ea1i vi\u1ec7t nam<\/p>\n<p>\u0110\u1ea1i l\u00fd METROL vietnam, METROL viet nam, METROL vietnam distributor, Ph\u00e2n ph\u1ed1i METROL t\u1ea1i vi\u1ec7t nam<\/p>\n<p>\u0110\u1ea1i l\u00fd METROL vietnam, METROL viet nam, METROL vietnam distributor, Ph\u00e2n ph\u1ed1i METROL t\u1ea1i vi\u1ec7t nam<\/p>\n<p>&nbsp;<\/p>\n","protected":false},"excerpt":{"rendered":"<p>METROL CS067A-BL<\/p>\n<div data-redactor=\"1\">\n<p>\u0110T:\u00a0<a title=\"Call\" href=\"tel:0937876353\">0937 876 353<\/a><br \/>\nFace. Zalo :\u00a0<a title=\"Call\" href=\"tel:0937876353\">0937 876 353<\/a><br \/>\n\u0110C: 28\/1\/16 \u0110\u01b0\u1eddng 16, P. Linh Chi\u1ec3u, TP. Th\u1ee7 \u0110\u1ee9c, TP. HCM<\/p>\n<\/div>\n<div data-redactor=\"1\">\n<p>Web :\u00a0<a href=\"https:\/\/omanivietnam.com\/\">https:\/\/omanivietnam.com<\/a><\/p>\n<\/div>\n","protected":false},"featured_media":764,"comment_status":"open","ping_status":"closed","template":"","meta":{"om_disable_all_campaigns":false,"_monsterinsights_skip_tracking":false,"_monsterinsights_sitenote_active":false,"_monsterinsights_sitenote_note":"","_monsterinsights_sitenote_category":0},"product_cat":[15],"product_tag":[88,171,170],"class_list":{"0":"post-763","1":"product","2":"type-product","3":"status-publish","4":"has-post-thumbnail","6":"product_cat-apex","7":"product_tag-cam-bien","8":"product_tag-dai-ly-metrol-viet-nam","9":"product_tag-metrol-viet-nam","11":"first","12":"instock","13":"shipping-taxable","14":"product-type-simple"},"aioseo_notices":[],"yoast_head":"<!-- This site is optimized with the Yoast SEO plugin v22.8 - https:\/\/yoast.com\/wordpress\/plugins\/seo\/ -->\n<title>METROL CS067A-BL - OMANI VI\u1ec6T NAM<\/title>\n<meta name=\"description\" content=\"CS067A-BL | CS-Touch Switch CS\/CSJ\/CSS\/CSK\/CSP\" \/>\n<meta name=\"robots\" content=\"index, follow, max-snippet:-1, max-image-preview:large, max-video-preview:-1\" \/>\n<link rel=\"canonical\" href=\"https:\/\/sipin.com.vn\/index.php\/product\/metrol-cs067a-bl\/\" \/>\n<meta property=\"og:locale\" content=\"vi_VN\" \/>\n<meta property=\"og:type\" content=\"article\" \/>\n<meta property=\"og:title\" content=\"METROL CS067A-BL - OMANI VI\u1ec6T NAM\" \/>\n<meta property=\"og:description\" content=\"CS067A-BL | CS-Touch Switch CS\/CSJ\/CSS\/CSK\/CSP\" \/>\n<meta property=\"og:url\" content=\"https:\/\/sipin.com.vn\/index.php\/product\/metrol-cs067a-bl\/\" \/>\n<meta property=\"og:site_name\" content=\"OMANI VI\u1ec6T NAM\" \/>\n<meta property=\"article:modified_time\" content=\"2024-08-10T14:57:53+00:00\" \/>\n<meta property=\"og:image\" content=\"https:\/\/sipin.com.vn\/wp-content\/uploads\/2024\/06\/CS067A-BL.png\" \/>\n\t<meta property=\"og:image:width\" content=\"467\" \/>\n\t<meta property=\"og:image:height\" content=\"625\" \/>\n\t<meta property=\"og:image:type\" content=\"image\/png\" \/>\n<meta name=\"twitter:card\" content=\"summary_large_image\" \/>\n<meta name=\"twitter:label1\" content=\"\u01af\u1edbc t\u00ednh th\u1eddi gian \u0111\u1ecdc\" \/>\n\t<meta name=\"twitter:data1\" content=\"2 ph\u00fat\" \/>\n<script type=\"application\/ld+json\" class=\"yoast-schema-graph\">{\"@context\":\"https:\/\/schema.org\",\"@graph\":[{\"@type\":\"WebPage\",\"@id\":\"https:\/\/sipin.com.vn\/index.php\/product\/metrol-cs067a-bl\/\",\"url\":\"https:\/\/sipin.com.vn\/index.php\/product\/metrol-cs067a-bl\/\",\"name\":\"METROL CS067A-BL - OMANI VI\u1ec6T NAM\",\"isPartOf\":{\"@id\":\"https:\/\/sipin.com.vn\/#website\"},\"primaryImageOfPage\":{\"@id\":\"https:\/\/sipin.com.vn\/index.php\/product\/metrol-cs067a-bl\/#primaryimage\"},\"image\":{\"@id\":\"https:\/\/sipin.com.vn\/index.php\/product\/metrol-cs067a-bl\/#primaryimage\"},\"thumbnailUrl\":\"https:\/\/sipin.com.vn\/wp-content\/uploads\/2024\/06\/CS067A-BL.png\",\"datePublished\":\"2024-06-16T15:23:50+00:00\",\"dateModified\":\"2024-08-10T14:57:53+00:00\",\"description\":\"CS067A-BL | CS-Touch Switch CS\/CSJ\/CSS\/CSK\/CSP\",\"breadcrumb\":{\"@id\":\"https:\/\/sipin.com.vn\/index.php\/product\/metrol-cs067a-bl\/#breadcrumb\"},\"inLanguage\":\"vi\",\"potentialAction\":[{\"@type\":\"ReadAction\",\"target\":[\"https:\/\/sipin.com.vn\/index.php\/product\/metrol-cs067a-bl\/\"]}]},{\"@type\":\"ImageObject\",\"inLanguage\":\"vi\",\"@id\":\"https:\/\/sipin.com.vn\/index.php\/product\/metrol-cs067a-bl\/#primaryimage\",\"url\":\"https:\/\/sipin.com.vn\/wp-content\/uploads\/2024\/06\/CS067A-BL.png\",\"contentUrl\":\"https:\/\/sipin.com.vn\/wp-content\/uploads\/2024\/06\/CS067A-BL.png\",\"width\":467,\"height\":625},{\"@type\":\"BreadcrumbList\",\"@id\":\"https:\/\/sipin.com.vn\/index.php\/product\/metrol-cs067a-bl\/#breadcrumb\",\"itemListElement\":[{\"@type\":\"ListItem\",\"position\":1,\"name\":\"Home\",\"item\":\"https:\/\/sipin.com.vn\/\"},{\"@type\":\"ListItem\",\"position\":2,\"name\":\"S\u1ea2N PH\u1ea8M\",\"item\":\"https:\/\/sipin.com.vn\/index.php\/cua-hang\/\"},{\"@type\":\"ListItem\",\"position\":3,\"name\":\"METROL CS067A-BL\"}]},{\"@type\":\"WebSite\",\"@id\":\"https:\/\/sipin.com.vn\/#website\",\"url\":\"https:\/\/sipin.com.vn\/\",\"name\":\"OMANI VI\u1ec6T NAM\",\"description\":\"Nh\u00e0 ph\u00e2n ph\u1ed1i thi\u1ebft b\u1ecb kh\u00ed n\u00e9n v\u00e0 thi\u1ebft b\u1ecb t\u1ef1 \u0111\u1ed9ng h\u00f3a trong c\u00f4ng nghi\u1ec7p\",\"publisher\":{\"@id\":\"https:\/\/sipin.com.vn\/#\/schema\/person\/0ad398a980dc3fd696111c2c5c8fa897\"},\"potentialAction\":[{\"@type\":\"SearchAction\",\"target\":{\"@type\":\"EntryPoint\",\"urlTemplate\":\"https:\/\/sipin.com.vn\/?s={search_term_string}\"},\"query-input\":\"required name=search_term_string\"}],\"inLanguage\":\"vi\"},{\"@type\":[\"Person\",\"Organization\"],\"@id\":\"https:\/\/sipin.com.vn\/#\/schema\/person\/0ad398a980dc3fd696111c2c5c8fa897\",\"name\":\"Nguy\u1ec5n V\u0103n Kh\u00e1nh\",\"image\":{\"@type\":\"ImageObject\",\"inLanguage\":\"vi\",\"@id\":\"https:\/\/sipin.com.vn\/#\/schema\/person\/image\/\",\"url\":\"https:\/\/sipin.com.vn\/wp-content\/uploads\/2024\/06\/logo-1024x1024.png\",\"contentUrl\":\"https:\/\/sipin.com.vn\/wp-content\/uploads\/2024\/06\/logo-1024x1024.png\",\"width\":1024,\"height\":1024,\"caption\":\"Nguy\u1ec5n V\u0103n Kh\u00e1nh\"},\"logo\":{\"@id\":\"https:\/\/sipin.com.vn\/#\/schema\/person\/image\/\"},\"sameAs\":[\"https:\/\/sipin.com.vn\"]}]}<\/script>\n<!-- \/ Yoast SEO plugin. -->","yoast_head_json":{"title":"METROL CS067A-BL - OMANI VI\u1ec6T NAM","description":"CS067A-BL | CS-Touch Switch CS\/CSJ\/CSS\/CSK\/CSP","robots":{"index":"index","follow":"follow","max-snippet":"max-snippet:-1","max-image-preview":"max-image-preview:large","max-video-preview":"max-video-preview:-1"},"canonical":"https:\/\/sipin.com.vn\/index.php\/product\/metrol-cs067a-bl\/","og_locale":"vi_VN","og_type":"article","og_title":"METROL CS067A-BL - OMANI VI\u1ec6T NAM","og_description":"CS067A-BL | CS-Touch Switch CS\/CSJ\/CSS\/CSK\/CSP","og_url":"https:\/\/sipin.com.vn\/index.php\/product\/metrol-cs067a-bl\/","og_site_name":"OMANI VI\u1ec6T NAM","article_modified_time":"2024-08-10T14:57:53+00:00","og_image":[{"width":467,"height":625,"url":"https:\/\/sipin.com.vn\/wp-content\/uploads\/2024\/06\/CS067A-BL.png","type":"image\/png"}],"twitter_card":"summary_large_image","twitter_misc":{"\u01af\u1edbc t\u00ednh th\u1eddi gian \u0111\u1ecdc":"2 ph\u00fat"},"schema":{"@context":"https:\/\/schema.org","@graph":[{"@type":"WebPage","@id":"https:\/\/sipin.com.vn\/index.php\/product\/metrol-cs067a-bl\/","url":"https:\/\/sipin.com.vn\/index.php\/product\/metrol-cs067a-bl\/","name":"METROL CS067A-BL - OMANI VI\u1ec6T NAM","isPartOf":{"@id":"https:\/\/sipin.com.vn\/#website"},"primaryImageOfPage":{"@id":"https:\/\/sipin.com.vn\/index.php\/product\/metrol-cs067a-bl\/#primaryimage"},"image":{"@id":"https:\/\/sipin.com.vn\/index.php\/product\/metrol-cs067a-bl\/#primaryimage"},"thumbnailUrl":"https:\/\/sipin.com.vn\/wp-content\/uploads\/2024\/06\/CS067A-BL.png","datePublished":"2024-06-16T15:23:50+00:00","dateModified":"2024-08-10T14:57:53+00:00","description":"CS067A-BL | CS-Touch Switch CS\/CSJ\/CSS\/CSK\/CSP","breadcrumb":{"@id":"https:\/\/sipin.com.vn\/index.php\/product\/metrol-cs067a-bl\/#breadcrumb"},"inLanguage":"vi","potentialAction":[{"@type":"ReadAction","target":["https:\/\/sipin.com.vn\/index.php\/product\/metrol-cs067a-bl\/"]}]},{"@type":"ImageObject","inLanguage":"vi","@id":"https:\/\/sipin.com.vn\/index.php\/product\/metrol-cs067a-bl\/#primaryimage","url":"https:\/\/sipin.com.vn\/wp-content\/uploads\/2024\/06\/CS067A-BL.png","contentUrl":"https:\/\/sipin.com.vn\/wp-content\/uploads\/2024\/06\/CS067A-BL.png","width":467,"height":625},{"@type":"BreadcrumbList","@id":"https:\/\/sipin.com.vn\/index.php\/product\/metrol-cs067a-bl\/#breadcrumb","itemListElement":[{"@type":"ListItem","position":1,"name":"Home","item":"https:\/\/sipin.com.vn\/"},{"@type":"ListItem","position":2,"name":"S\u1ea2N PH\u1ea8M","item":"https:\/\/sipin.com.vn\/index.php\/cua-hang\/"},{"@type":"ListItem","position":3,"name":"METROL CS067A-BL"}]},{"@type":"WebSite","@id":"https:\/\/sipin.com.vn\/#website","url":"https:\/\/sipin.com.vn\/","name":"OMANI VI\u1ec6T NAM","description":"Nh\u00e0 ph\u00e2n ph\u1ed1i thi\u1ebft b\u1ecb kh\u00ed n\u00e9n v\u00e0 thi\u1ebft b\u1ecb t\u1ef1 \u0111\u1ed9ng h\u00f3a trong c\u00f4ng nghi\u1ec7p","publisher":{"@id":"https:\/\/sipin.com.vn\/#\/schema\/person\/0ad398a980dc3fd696111c2c5c8fa897"},"potentialAction":[{"@type":"SearchAction","target":{"@type":"EntryPoint","urlTemplate":"https:\/\/sipin.com.vn\/?s={search_term_string}"},"query-input":"required name=search_term_string"}],"inLanguage":"vi"},{"@type":["Person","Organization"],"@id":"https:\/\/sipin.com.vn\/#\/schema\/person\/0ad398a980dc3fd696111c2c5c8fa897","name":"Nguy\u1ec5n V\u0103n Kh\u00e1nh","image":{"@type":"ImageObject","inLanguage":"vi","@id":"https:\/\/sipin.com.vn\/#\/schema\/person\/image\/","url":"https:\/\/sipin.com.vn\/wp-content\/uploads\/2024\/06\/logo-1024x1024.png","contentUrl":"https:\/\/sipin.com.vn\/wp-content\/uploads\/2024\/06\/logo-1024x1024.png","width":1024,"height":1024,"caption":"Nguy\u1ec5n V\u0103n Kh\u00e1nh"},"logo":{"@id":"https:\/\/sipin.com.vn\/#\/schema\/person\/image\/"},"sameAs":["https:\/\/sipin.com.vn"]}]}},"_links":{"self":[{"href":"https:\/\/sipin.com.vn\/index.php\/wp-json\/wp\/v2\/product\/763","targetHints":{"allow":["GET"]}}],"collection":[{"href":"https:\/\/sipin.com.vn\/index.php\/wp-json\/wp\/v2\/product"}],"about":[{"href":"https:\/\/sipin.com.vn\/index.php\/wp-json\/wp\/v2\/types\/product"}],"replies":[{"embeddable":true,"href":"https:\/\/sipin.com.vn\/index.php\/wp-json\/wp\/v2\/comments?post=763"}],"wp:featuredmedia":[{"embeddable":true,"href":"https:\/\/sipin.com.vn\/index.php\/wp-json\/wp\/v2\/media\/764"}],"wp:attachment":[{"href":"https:\/\/sipin.com.vn\/index.php\/wp-json\/wp\/v2\/media?parent=763"}],"wp:term":[{"taxonomy":"product_cat","embeddable":true,"href":"https:\/\/sipin.com.vn\/index.php\/wp-json\/wp\/v2\/product_cat?post=763"},{"taxonomy":"product_tag","embeddable":true,"href":"https:\/\/sipin.com.vn\/index.php\/wp-json\/wp\/v2\/product_tag?post=763"}],"curies":[{"name":"wp","href":"https:\/\/api.w.org\/{rel}","templated":true}]}}