{"id":756,"date":"2024-06-15T21:19:52","date_gmt":"2024-06-15T14:19:52","guid":{"rendered":"https:\/\/omanivietnam.com\/?post_type=product&#038;p=756"},"modified":"2024-08-10T21:54:46","modified_gmt":"2024-08-10T14:54:46","slug":"panasonic-cx-411","status":"publish","type":"product","link":"https:\/\/sipin.com.vn\/index.php\/product\/panasonic-cx-411\/","title":{"rendered":"PANASONIC CX-411"},"content":{"rendered":"<p>PANASONIC CX-411<\/p>\n<p class=\"LC20lb MBeuO DKV0Md\">CX-411 ( CX-411D + CX-411E )<\/p>\n<p class=\"title-product item_name\">C\u1ea3m bi\u1ebfn quang Panasonic CX-411<\/p>\n<p>1. C\u1ea3m bi\u1ebfn quang CX-411:<\/p>\n<div>\n<div>Tu\u00e2n th\u1ee7 quy \u0111\u1ecbnh Ch\u1ec9 th\u1ecb EMC, Ch\u1ec9 th\u1ecb RoHS<\/div>\n<div>Ph\u1ea1m vi c\u1ea3m bi\u1ebfn 10 m 32,808 ft<\/div>\n<div>\u0110\u1ed1i t\u01b0\u1ee3ng c\u1ea3m bi\u1ebfn V\u1eadt th\u1ec3 m\u1edd \u0111\u1ee5c \u00d812 mm \u00d80.472 in tr\u1edf l\u00ean<\/div>\n<div>\u0110\u1ed9 l\u1eb7p l\u1ea1i (vu\u00f4ng g\u00f3c v\u1edbi tr\u1ee5c c\u1ea3m bi\u1ebfn) 0,5 mm 0,020 inch tr\u1edf xu\u1ed1ng<\/div>\n<div>Cung c\u1ea5p hi\u00ea\u0323u \u0111i\u00ea\u0323n th\u1ebf 12 \u0111\u1ebfn 24 V DC c\u1ed9ng ho\u1eb7c tr\u1eeb 10% Ripple PP 10% tr\u1edf xu\u1ed1ng<\/div>\n<div>M\u1ee9c ti\u00eau th\u1ee5 hi\u1ec7n t\u1ea1i M\u00e1y ph\u00e1t: 15 mA tr\u1edf xu\u1ed1ng<\/div>\n<div>M\u00e1y thu: 10 mA tr\u1edf xu\u1ed1ng<\/div>\n<div>\u0110\u1ea7u ra B\u00f3ng b\u00e1n d\u1eabn c\u1ef1c thu h\u1edf NPN<\/div>\n<div>\u2013 D\u00f2ng ch\u00ecm t\u1ed1i \u0111a: 100 mA<\/div>\n<div>\u2013 \u0110i\u1ec7n \u00e1p \u00e1p d\u1ee5ng: 30 V DC tr\u1edf xu\u1ed1ng (gi\u1eefa \u0111\u1ea7u ra v\u00e0 0 V)<\/div>\n<div>\u200b\u200b- \u0110i\u1ec7n \u00e1p d\u01b0: 2 V tr\u1edf xu\u1ed1ng (\u1edf d\u00f2ng ch\u00ecm 100 mA), 1 V tr\u1edf xu\u1ed1ng (\u1edf 16 mA ch\u00ecm hi\u1ec7n t\u1ea1i)<\/div>\n<div>\u0110\u1ea7u ra: Ho\u1ea1t \u0111\u1ed9ng \u0111\u1ea7u ra C\u00f3 th\u1ec3 chuy\u1ec3n \u0111\u1ed5i B\u1eacT s\u00e1ng ho\u1eb7c B\u1eacT t\u1ed1i<\/div>\n<div>\u0110\u1ea7u ra: B\u1ea3o v\u1ec7 ng\u1eafn m\u1ea1ch K\u1ebft h\u1ee3p<\/div>\n<div>Th\u1eddi gian \u0111\u00e1p \u1ee9ng 1 mili gi\u00e2y tr\u1edf xu\u1ed1ng<\/div>\n<div>Ch\u1ec9 b\u00e1o ho\u1ea1t \u0111\u1ed9ng \u0110\u00e8n LED m\u00e0u cam (s\u00e1ng l\u00ean khi \u0111\u1ea7u ra B\u1eacT)<\/div>\n<div>(\u0111\u01b0\u1ee3c t\u00edch h\u1ee3p tr\u00ean b\u1ed9 thu cho lo\u1ea1i ch\u00f9m tia)<\/div>\n<div>Ch\u1ec9 b\u00e1o \u0111\u1ed9 \u1ed5n \u0111\u1ecbnh \u0110\u00e8n LED m\u00e0u xanh l\u00e1 c\u00e2y (s\u00e1ng l\u00ean trong \u0111i\u1ec1u ki\u1ec7n nh\u1eadn \u00e1nh s\u00e1ng \u1ed5n \u0111\u1ecbnh ho\u1eb7c \u0111i\u1ec1u ki\u1ec7n b\u00f3ng t\u1ed1i \u1ed5n \u0111\u1ecbnh)<\/div>\n<div>(\u0111\u01b0\u1ee3c t\u00edch h\u1ee3p tr\u00ean b\u1ed9 thu cho lo\u1ea1i ch\u00f9m tia qua)<\/div>\n<div>Ch\u1ec9 s\u1ed1 s\u1ee9c m\u1ea1nh \u0110\u00e8n LED xanh l\u1ee5c (s\u00e1ng l\u00ean khi B\u1eacT ngu\u1ed3n)<\/div>\n<div>(\u0111\u01b0\u1ee3c t\u00edch h\u1ee3p tr\u00ean b\u1ed9 ph\u00e1t)<\/div>\n<div>B\u1ed9 \u0111i\u1ec1u ch\u1ec9nh \u0111\u1ed9 nh\u1ea1y B\u1ed9 \u0111i\u1ec1u ch\u1ec9nh bi\u1ebfn \u0111\u1ed5i li\u00ean t\u1ee5c (\u0111\u01b0\u1ee3c t\u00edch h\u1ee3p tr\u00ean b\u1ed9 thu cho lo\u1ea1i ch\u00f9m tia)<\/div>\n<\/div>\n<h3>2. C\u00e1c m\u00e3 h\u00e0ng t\u01b0\u01a1ng \u0111\u01b0\u01a1ng C\u1ea3m bi\u1ebfn quang\u00a0\u00a0CX-411:<\/h3>\n<div>CX-411<br \/>\nCX-411D<br \/>\nCX-413<br \/>\nCX-421<br \/>\nCX-421-P<br \/>\nCX-421-P-Z<br \/>\nCX-422<br \/>\nCX-424<br \/>\nCX-441<br \/>\nCX-441-P<br \/>\nCX-441-P-Z<br \/>\nCX-442<br \/>\nCX-442-P<br \/>\nCX-442-P-Z<br \/>\nCX-442-Z<br \/>\nCX-446A<\/div>\n<div><\/div>\n<h1 class=\"detail_h1\">CX-411 | Compact Photoelectric Sensor CX-400 Ver.2<\/h1>\n<h2 class=\"detail_h2\">Spec Detail<\/h2>\n<table class=\"spec_table\" cellspacing=\"1\" cellpadding=\"0\">\n<tbody>\n<tr>\n<th>Item<\/th>\n<th>Specifications<\/th>\n<\/tr>\n<tr>\n<td class=\"spec_table_td_01 spec_table_td_left\">Product Number<\/td>\n<td class=\"spec_table_td_01\">CX-411<\/td>\n<\/tr>\n<tr>\n<td class=\"spec_table_td_02 spec_table_td_left\">Part Number<\/td>\n<td class=\"spec_table_td_02\">CX-411<\/td>\n<\/tr>\n<tr>\n<td class=\"spec_table_td_01 spec_table_td_left\">Applicable regulations and certifications<\/td>\n<td class=\"spec_table_td_01\">CE Marking (EMC Directive, RoHS Directive), UKCA Marking (EMC Regulations, RoHS Regulations)<\/td>\n<\/tr>\n<tr>\n<td class=\"spec_table_td_02 spec_table_td_left\">Sensing range<\/td>\n<td class=\"spec_table_td_02\">10 m\u00a0<span class=\"inch\">32.808 ft<\/span><\/td>\n<\/tr>\n<tr>\n<td class=\"spec_table_td_01 spec_table_td_left\">Sensing object<\/td>\n<td class=\"spec_table_td_01\">\u00d812 mm\u00a0<span class=\"inch\">\u00d80.472 in<\/span>\u00a0or more opaque object<br \/>\n(Note) If slit masks (optional) are fitted, an object of \u00d80.5 mm \u00d8<span class=\"inch\">0.020 in<\/span>\u00a0(using round slit mask) can be detected.<\/td>\n<\/tr>\n<tr>\n<td class=\"spec_table_td_02 spec_table_td_left\">Hysteresis<\/td>\n<td class=\"spec_table_td_02\">&#8211;<\/td>\n<\/tr>\n<tr>\n<td class=\"spec_table_td_01 spec_table_td_left\">Repeatability(perpendicular to sensing axis)<\/td>\n<td class=\"spec_table_td_01\">0.5 mm\u00a0<span class=\"inch\">0.020 in<\/span>\u00a0or less<\/td>\n<\/tr>\n<tr>\n<td class=\"spec_table_td_02 spec_table_td_left\">Supply voltage<\/td>\n<td class=\"spec_table_td_02\">12 to 24 V DC plus or minus 10 % Ripple P-P 10 % or less<\/td>\n<\/tr>\n<tr>\n<td class=\"spec_table_td_01 spec_table_td_left\">Current consumption<\/td>\n<td class=\"spec_table_td_01\">Emitter: 15 mA or less<br \/>\nReceiver: 10 mA or less<\/td>\n<\/tr>\n<tr>\n<td class=\"spec_table_td_02 spec_table_td_left\">Output<\/td>\n<td class=\"spec_table_td_02\">NPN open-collector transistor<br \/>\n&#8211; Maximum sink current: 100 mA<br \/>\n&#8211; Applied voltage: 30 V DC or less (between output and 0 V)<br \/>\n&#8211; Residual voltage: 2 V or less (at 100 mA sink current), 1 V or less (at 16 mA sink current)<\/td>\n<\/tr>\n<tr>\n<td class=\"spec_table_td_01 spec_table_td_left\">Output:Output operation<\/td>\n<td class=\"spec_table_td_01\">Switchable either Light-ON or Dark-ON<\/td>\n<\/tr>\n<tr>\n<td class=\"spec_table_td_02 spec_table_td_left\">Output:Short-circuit protection<\/td>\n<td class=\"spec_table_td_02\">Incorporated<\/td>\n<\/tr>\n<tr>\n<td class=\"spec_table_td_01 spec_table_td_left\">Response time<\/td>\n<td class=\"spec_table_td_01\">1 ms or less<\/td>\n<\/tr>\n<tr>\n<td class=\"spec_table_td_02 spec_table_td_left\">Operation indicator<\/td>\n<td class=\"spec_table_td_02\">Orange LED(lights up when the output is ON)<br \/>\n(incorporated on the receiver for thru-beam type)<\/td>\n<\/tr>\n<tr>\n<td class=\"spec_table_td_01 spec_table_td_left\">Stability indicator<\/td>\n<td class=\"spec_table_td_01\">Green LED(lights up under stable light received condition or stable dark condition)<br \/>\n(incorporated on the receiver for thru-beam type)<\/td>\n<\/tr>\n<tr>\n<td class=\"spec_table_td_02 spec_table_td_left\">Power indicator<\/td>\n<td class=\"spec_table_td_02\">Green LED(lights up when the power is ON)<br \/>\n(incorporated on the emitter)<\/td>\n<\/tr>\n<tr>\n<td class=\"spec_table_td_01 spec_table_td_left\">Sensitivity adjuster<\/td>\n<td class=\"spec_table_td_01\">Continuously variable adjuster(incorporated on the receiver for thru-beam type)<\/td>\n<\/tr>\n<tr>\n<td class=\"spec_table_td_02 spec_table_td_left\">Automatic interference prevention function<\/td>\n<td class=\"spec_table_td_02\">Two units of sensors can be mounted close together with interference prevention filters. (Sensing range: 5 m\u00a0<span class=\"inch\">16.404 ft<\/span>)<\/td>\n<\/tr>\n<tr>\n<td class=\"spec_table_td_01 spec_table_td_left\">Protection<\/td>\n<td class=\"spec_table_td_01\">IP67 (IEC)<\/td>\n<\/tr>\n<tr>\n<td class=\"spec_table_td_02 spec_table_td_left\">Ambient temperature<\/td>\n<td class=\"spec_table_td_02\">&#8211; 25 to +55\u2103\u00a0<span class=\"inch\">-13 to +131\u2103 \u2109\u00a0<\/span>(No dew condensation or icing allowed ), Storage: -30 to +70\u2103\u00a0<span class=\"inch\">-22 to +158\u2103 \u2109<\/span><\/td>\n<\/tr>\n<tr>\n<td class=\"spec_table_td_01 spec_table_td_left\">Ambient humidity<\/td>\n<td class=\"spec_table_td_01\">35 to 85 % RH, Storage: 35 to 85 % RH<\/td>\n<\/tr>\n<tr>\n<td class=\"spec_table_td_02 spec_table_td_left\">Ambient illuminance<\/td>\n<td class=\"spec_table_td_02\">Incandescent light: 3,000 lx or less at the light-receiving face<\/td>\n<\/tr>\n<tr>\n<td class=\"spec_table_td_01 spec_table_td_left\">Voltage withstandability<\/td>\n<td class=\"spec_table_td_01\">1,000 V AC for one min. between all supply terminals connected together and enclosure<\/td>\n<\/tr>\n<tr>\n<td class=\"spec_table_td_02 spec_table_td_left\">Insulation resistance<\/td>\n<td class=\"spec_table_td_02\">20 MOhm , or more, with 250 V DC megger between all supply terminals connected together and enclosure<\/td>\n<\/tr>\n<tr>\n<td class=\"spec_table_td_01 spec_table_td_left\">Vibration resistance<\/td>\n<td class=\"spec_table_td_01\">10 to 500 Hz frequency, 1.5 mm\u00a0<span class=\"inch\">0.059 in<\/span>\u00a0amplitude (10 G max.) in X, Y and Z directions for two hours each<\/td>\n<\/tr>\n<tr>\n<td class=\"spec_table_td_02 spec_table_td_left\">Shock resistance<\/td>\n<td class=\"spec_table_td_02\">500 m\/s<sup>2<\/sup>acceleration (50 G approx.) in X, Y and Z directions three times each<\/td>\n<\/tr>\n<tr>\n<td class=\"spec_table_td_01 spec_table_td_left\">Emitting element (modulated)<\/td>\n<td class=\"spec_table_td_01\">Red LED<\/td>\n<\/tr>\n<tr>\n<td class=\"spec_table_td_02 spec_table_td_left\">Emitting element (modulated):Peak emission wavelength<\/td>\n<td class=\"spec_table_td_02\">680 nm\u00a0<span class=\"inch\">0.027 mil<\/span><\/td>\n<\/tr>\n<tr>\n<td class=\"spec_table_td_01 spec_table_td_left\">Material<\/td>\n<td class=\"spec_table_td_01\">Enclosure: PBT (polybutylene terephthalate)<br \/>\nLens: acrylic<br \/>\nIndicator cover: acrylic<\/td>\n<\/tr>\n<tr>\n<td class=\"spec_table_td_02 spec_table_td_left\">Cable<\/td>\n<td class=\"spec_table_td_02\">0.2 mm<sup>2<\/sup>3-core (emitter: 2-core) cabtyre cable, 2 m\u00a0<span class=\"inch\">6.562 ft<\/span>\u00a0long<\/td>\n<\/tr>\n<tr>\n<td class=\"spec_table_td_01 spec_table_td_left\">Cable extension<\/td>\n<td class=\"spec_table_td_01\">Extension up to total 100 m\u00a0<span class=\"inch\">328.084 ft<\/span>\u00a0is possible with 0.3 mm<sup>2<\/sup>, or more, cable (both emitter and receiver).<\/td>\n<\/tr>\n<tr>\n<td class=\"spec_table_td_02 spec_table_td_left\">Weight<\/td>\n<td class=\"spec_table_td_02\">Net weight: 95 g approx.<br \/>\nGross weight: 100 g approx.<\/td>\n<\/tr>\n<tr>\n<td class=\"spec_table_td_01 spec_table_td_left\">Accessory<\/td>\n<td class=\"spec_table_td_01\">&#8211;<\/td>\n<\/tr>\n<\/tbody>\n<\/table>\n<p>&nbsp;<\/p>\n<p>\u0110\u1ea1i l\u00fd Panasonic vietnam, Panasonic viet nam, Panasonic vietnam distributor, Ph\u00e2n ph\u1ed1i Panasonic t\u1ea1i vi\u1ec7t nam<\/p>\n<p>\u0110\u1ea1i l\u00fd Panasonic vietnam, Panasonic viet nam, Panasonic vietnam distributor, Ph\u00e2n ph\u1ed1i Panasonic t\u1ea1i vi\u1ec7t nam<\/p>\n<p>\u0110\u1ea1i l\u00fd Panasonic vietnam, Panasonic viet nam, Panasonic vietnam distributor, Ph\u00e2n ph\u1ed1i Panasonic t\u1ea1i vi\u1ec7t nam<\/p>\n<p>\u0110\u1ea1i l\u00fd Panasonic vietnam, Panasonic viet nam, Panasonic vietnam distributor, Ph\u00e2n ph\u1ed1i Panasonic t\u1ea1i vi\u1ec7t nam<\/p>\n<p>\u0110\u1ea1i l\u00fd Panasonic vietnam, Panasonic viet nam, Panasonic vietnam distributor, Ph\u00e2n ph\u1ed1i Panasonic t\u1ea1i vi\u1ec7t nam<\/p>\n","protected":false},"excerpt":{"rendered":"<p>PANASONIC CX-411<\/p>\n<div data-redactor=\"1\">\n<p>\u0110T:\u00a0<a title=\"Call\" href=\"tel:0937876353\">0937 876 353<\/a><br \/>\nFace. Zalo :\u00a0<a title=\"Call\" href=\"tel:0937876353\">0937 876 353<\/a><br \/>\n\u0110C: 28\/1\/16 \u0110\u01b0\u1eddng 16, P. Linh Chi\u1ec3u, TP. Th\u1ee7 \u0110\u1ee9c, TP. HCM<\/p>\n<\/div>\n<div data-redactor=\"1\">\n<p>Web :\u00a0<a href=\"https:\/\/omanivietnam.com\/\">https:\/\/omanivietnam.com<\/a><\/p>\n<\/div>\n","protected":false},"featured_media":757,"comment_status":"open","ping_status":"closed","template":"","meta":{"om_disable_all_campaigns":false,"_monsterinsights_skip_tracking":false,"_monsterinsights_sitenote_active":false,"_monsterinsights_sitenote_note":"","_monsterinsights_sitenote_category":0},"product_cat":[15],"product_tag":[88,86,87],"class_list":{"0":"post-756","1":"product","2":"type-product","3":"status-publish","4":"has-post-thumbnail","6":"product_cat-apex","7":"product_tag-cam-bien","8":"product_tag-dai-ly-panasonic-viet-nam","9":"product_tag-panasonic-viet-nam","11":"first","12":"instock","13":"shipping-taxable","14":"product-type-simple"},"aioseo_notices":[],"yoast_head":"<!-- This site is optimized with the Yoast SEO plugin v22.8 - https:\/\/yoast.com\/wordpress\/plugins\/seo\/ -->\n<title>PANASONIC CX-411 - OMANI VI\u1ec6T NAM<\/title>\n<meta name=\"description\" content=\"CX-411 | Compact Photoelectric Sensor CX-400 Ver.2 CX-411 Panasonic Industrial Automation Photoelectric Sensors Thru-beam Red LED 10m Cable length: 2m 12-24VDC NPN\" \/>\n<meta name=\"robots\" content=\"index, follow, max-snippet:-1, max-image-preview:large, max-video-preview:-1\" \/>\n<link rel=\"canonical\" href=\"https:\/\/sipin.com.vn\/index.php\/product\/panasonic-cx-411\/\" \/>\n<meta property=\"og:locale\" content=\"vi_VN\" \/>\n<meta property=\"og:type\" content=\"article\" \/>\n<meta property=\"og:title\" content=\"PANASONIC CX-411 - OMANI VI\u1ec6T NAM\" \/>\n<meta property=\"og:description\" content=\"CX-411 | Compact Photoelectric Sensor CX-400 Ver.2 CX-411 Panasonic Industrial Automation Photoelectric Sensors Thru-beam Red LED 10m Cable length: 2m 12-24VDC NPN\" \/>\n<meta property=\"og:url\" content=\"https:\/\/sipin.com.vn\/index.php\/product\/panasonic-cx-411\/\" \/>\n<meta property=\"og:site_name\" content=\"OMANI VI\u1ec6T NAM\" \/>\n<meta property=\"article:modified_time\" content=\"2024-08-10T14:54:46+00:00\" \/>\n<meta property=\"og:image\" content=\"https:\/\/sipin.com.vn\/wp-content\/uploads\/2024\/06\/CX-411.png\" \/>\n\t<meta property=\"og:image:width\" content=\"446\" \/>\n\t<meta property=\"og:image:height\" content=\"454\" \/>\n\t<meta property=\"og:image:type\" content=\"image\/png\" \/>\n<meta name=\"twitter:card\" content=\"summary_large_image\" \/>\n<meta name=\"twitter:label1\" content=\"\u01af\u1edbc t\u00ednh th\u1eddi gian \u0111\u1ecdc\" \/>\n\t<meta name=\"twitter:data1\" content=\"5 ph\u00fat\" \/>\n<script type=\"application\/ld+json\" class=\"yoast-schema-graph\">{\"@context\":\"https:\/\/schema.org\",\"@graph\":[{\"@type\":\"WebPage\",\"@id\":\"https:\/\/sipin.com.vn\/index.php\/product\/panasonic-cx-411\/\",\"url\":\"https:\/\/sipin.com.vn\/index.php\/product\/panasonic-cx-411\/\",\"name\":\"PANASONIC CX-411 - OMANI VI\u1ec6T NAM\",\"isPartOf\":{\"@id\":\"https:\/\/sipin.com.vn\/#website\"},\"primaryImageOfPage\":{\"@id\":\"https:\/\/sipin.com.vn\/index.php\/product\/panasonic-cx-411\/#primaryimage\"},\"image\":{\"@id\":\"https:\/\/sipin.com.vn\/index.php\/product\/panasonic-cx-411\/#primaryimage\"},\"thumbnailUrl\":\"https:\/\/sipin.com.vn\/wp-content\/uploads\/2024\/06\/CX-411.png\",\"datePublished\":\"2024-06-15T14:19:52+00:00\",\"dateModified\":\"2024-08-10T14:54:46+00:00\",\"description\":\"CX-411 | Compact Photoelectric Sensor CX-400 Ver.2 CX-411 Panasonic Industrial Automation Photoelectric Sensors Thru-beam Red LED 10m Cable length: 2m 12-24VDC NPN\",\"breadcrumb\":{\"@id\":\"https:\/\/sipin.com.vn\/index.php\/product\/panasonic-cx-411\/#breadcrumb\"},\"inLanguage\":\"vi\",\"potentialAction\":[{\"@type\":\"ReadAction\",\"target\":[\"https:\/\/sipin.com.vn\/index.php\/product\/panasonic-cx-411\/\"]}]},{\"@type\":\"ImageObject\",\"inLanguage\":\"vi\",\"@id\":\"https:\/\/sipin.com.vn\/index.php\/product\/panasonic-cx-411\/#primaryimage\",\"url\":\"https:\/\/sipin.com.vn\/wp-content\/uploads\/2024\/06\/CX-411.png\",\"contentUrl\":\"https:\/\/sipin.com.vn\/wp-content\/uploads\/2024\/06\/CX-411.png\",\"width\":446,\"height\":454},{\"@type\":\"BreadcrumbList\",\"@id\":\"https:\/\/sipin.com.vn\/index.php\/product\/panasonic-cx-411\/#breadcrumb\",\"itemListElement\":[{\"@type\":\"ListItem\",\"position\":1,\"name\":\"Home\",\"item\":\"https:\/\/sipin.com.vn\/\"},{\"@type\":\"ListItem\",\"position\":2,\"name\":\"S\u1ea2N PH\u1ea8M\",\"item\":\"https:\/\/sipin.com.vn\/index.php\/cua-hang\/\"},{\"@type\":\"ListItem\",\"position\":3,\"name\":\"PANASONIC CX-411\"}]},{\"@type\":\"WebSite\",\"@id\":\"https:\/\/sipin.com.vn\/#website\",\"url\":\"https:\/\/sipin.com.vn\/\",\"name\":\"OMANI VI\u1ec6T NAM\",\"description\":\"Nh\u00e0 ph\u00e2n ph\u1ed1i thi\u1ebft b\u1ecb kh\u00ed n\u00e9n v\u00e0 thi\u1ebft b\u1ecb t\u1ef1 \u0111\u1ed9ng h\u00f3a trong c\u00f4ng nghi\u1ec7p\",\"publisher\":{\"@id\":\"https:\/\/sipin.com.vn\/#\/schema\/person\/0ad398a980dc3fd696111c2c5c8fa897\"},\"potentialAction\":[{\"@type\":\"SearchAction\",\"target\":{\"@type\":\"EntryPoint\",\"urlTemplate\":\"https:\/\/sipin.com.vn\/?s={search_term_string}\"},\"query-input\":\"required name=search_term_string\"}],\"inLanguage\":\"vi\"},{\"@type\":[\"Person\",\"Organization\"],\"@id\":\"https:\/\/sipin.com.vn\/#\/schema\/person\/0ad398a980dc3fd696111c2c5c8fa897\",\"name\":\"Nguy\u1ec5n V\u0103n Kh\u00e1nh\",\"image\":{\"@type\":\"ImageObject\",\"inLanguage\":\"vi\",\"@id\":\"https:\/\/sipin.com.vn\/#\/schema\/person\/image\/\",\"url\":\"https:\/\/sipin.com.vn\/wp-content\/uploads\/2024\/06\/logo-1024x1024.png\",\"contentUrl\":\"https:\/\/sipin.com.vn\/wp-content\/uploads\/2024\/06\/logo-1024x1024.png\",\"width\":1024,\"height\":1024,\"caption\":\"Nguy\u1ec5n V\u0103n Kh\u00e1nh\"},\"logo\":{\"@id\":\"https:\/\/sipin.com.vn\/#\/schema\/person\/image\/\"},\"sameAs\":[\"https:\/\/sipin.com.vn\"]}]}<\/script>\n<!-- \/ Yoast SEO plugin. -->","yoast_head_json":{"title":"PANASONIC CX-411 - OMANI VI\u1ec6T NAM","description":"CX-411 | Compact Photoelectric Sensor CX-400 Ver.2 CX-411 Panasonic Industrial Automation Photoelectric Sensors Thru-beam Red LED 10m Cable length: 2m 12-24VDC NPN","robots":{"index":"index","follow":"follow","max-snippet":"max-snippet:-1","max-image-preview":"max-image-preview:large","max-video-preview":"max-video-preview:-1"},"canonical":"https:\/\/sipin.com.vn\/index.php\/product\/panasonic-cx-411\/","og_locale":"vi_VN","og_type":"article","og_title":"PANASONIC CX-411 - OMANI VI\u1ec6T NAM","og_description":"CX-411 | Compact Photoelectric Sensor CX-400 Ver.2 CX-411 Panasonic Industrial Automation Photoelectric Sensors Thru-beam Red LED 10m Cable length: 2m 12-24VDC NPN","og_url":"https:\/\/sipin.com.vn\/index.php\/product\/panasonic-cx-411\/","og_site_name":"OMANI VI\u1ec6T NAM","article_modified_time":"2024-08-10T14:54:46+00:00","og_image":[{"width":446,"height":454,"url":"https:\/\/sipin.com.vn\/wp-content\/uploads\/2024\/06\/CX-411.png","type":"image\/png"}],"twitter_card":"summary_large_image","twitter_misc":{"\u01af\u1edbc t\u00ednh th\u1eddi gian \u0111\u1ecdc":"5 ph\u00fat"},"schema":{"@context":"https:\/\/schema.org","@graph":[{"@type":"WebPage","@id":"https:\/\/sipin.com.vn\/index.php\/product\/panasonic-cx-411\/","url":"https:\/\/sipin.com.vn\/index.php\/product\/panasonic-cx-411\/","name":"PANASONIC CX-411 - OMANI VI\u1ec6T NAM","isPartOf":{"@id":"https:\/\/sipin.com.vn\/#website"},"primaryImageOfPage":{"@id":"https:\/\/sipin.com.vn\/index.php\/product\/panasonic-cx-411\/#primaryimage"},"image":{"@id":"https:\/\/sipin.com.vn\/index.php\/product\/panasonic-cx-411\/#primaryimage"},"thumbnailUrl":"https:\/\/sipin.com.vn\/wp-content\/uploads\/2024\/06\/CX-411.png","datePublished":"2024-06-15T14:19:52+00:00","dateModified":"2024-08-10T14:54:46+00:00","description":"CX-411 | Compact Photoelectric Sensor CX-400 Ver.2 CX-411 Panasonic Industrial Automation Photoelectric Sensors Thru-beam Red LED 10m Cable length: 2m 12-24VDC NPN","breadcrumb":{"@id":"https:\/\/sipin.com.vn\/index.php\/product\/panasonic-cx-411\/#breadcrumb"},"inLanguage":"vi","potentialAction":[{"@type":"ReadAction","target":["https:\/\/sipin.com.vn\/index.php\/product\/panasonic-cx-411\/"]}]},{"@type":"ImageObject","inLanguage":"vi","@id":"https:\/\/sipin.com.vn\/index.php\/product\/panasonic-cx-411\/#primaryimage","url":"https:\/\/sipin.com.vn\/wp-content\/uploads\/2024\/06\/CX-411.png","contentUrl":"https:\/\/sipin.com.vn\/wp-content\/uploads\/2024\/06\/CX-411.png","width":446,"height":454},{"@type":"BreadcrumbList","@id":"https:\/\/sipin.com.vn\/index.php\/product\/panasonic-cx-411\/#breadcrumb","itemListElement":[{"@type":"ListItem","position":1,"name":"Home","item":"https:\/\/sipin.com.vn\/"},{"@type":"ListItem","position":2,"name":"S\u1ea2N PH\u1ea8M","item":"https:\/\/sipin.com.vn\/index.php\/cua-hang\/"},{"@type":"ListItem","position":3,"name":"PANASONIC CX-411"}]},{"@type":"WebSite","@id":"https:\/\/sipin.com.vn\/#website","url":"https:\/\/sipin.com.vn\/","name":"OMANI VI\u1ec6T NAM","description":"Nh\u00e0 ph\u00e2n ph\u1ed1i thi\u1ebft b\u1ecb kh\u00ed n\u00e9n v\u00e0 thi\u1ebft b\u1ecb t\u1ef1 \u0111\u1ed9ng h\u00f3a trong c\u00f4ng nghi\u1ec7p","publisher":{"@id":"https:\/\/sipin.com.vn\/#\/schema\/person\/0ad398a980dc3fd696111c2c5c8fa897"},"potentialAction":[{"@type":"SearchAction","target":{"@type":"EntryPoint","urlTemplate":"https:\/\/sipin.com.vn\/?s={search_term_string}"},"query-input":"required name=search_term_string"}],"inLanguage":"vi"},{"@type":["Person","Organization"],"@id":"https:\/\/sipin.com.vn\/#\/schema\/person\/0ad398a980dc3fd696111c2c5c8fa897","name":"Nguy\u1ec5n V\u0103n Kh\u00e1nh","image":{"@type":"ImageObject","inLanguage":"vi","@id":"https:\/\/sipin.com.vn\/#\/schema\/person\/image\/","url":"https:\/\/sipin.com.vn\/wp-content\/uploads\/2024\/06\/logo-1024x1024.png","contentUrl":"https:\/\/sipin.com.vn\/wp-content\/uploads\/2024\/06\/logo-1024x1024.png","width":1024,"height":1024,"caption":"Nguy\u1ec5n V\u0103n Kh\u00e1nh"},"logo":{"@id":"https:\/\/sipin.com.vn\/#\/schema\/person\/image\/"},"sameAs":["https:\/\/sipin.com.vn"]}]}},"_links":{"self":[{"href":"https:\/\/sipin.com.vn\/index.php\/wp-json\/wp\/v2\/product\/756","targetHints":{"allow":["GET"]}}],"collection":[{"href":"https:\/\/sipin.com.vn\/index.php\/wp-json\/wp\/v2\/product"}],"about":[{"href":"https:\/\/sipin.com.vn\/index.php\/wp-json\/wp\/v2\/types\/product"}],"replies":[{"embeddable":true,"href":"https:\/\/sipin.com.vn\/index.php\/wp-json\/wp\/v2\/comments?post=756"}],"wp:featuredmedia":[{"embeddable":true,"href":"https:\/\/sipin.com.vn\/index.php\/wp-json\/wp\/v2\/media\/757"}],"wp:attachment":[{"href":"https:\/\/sipin.com.vn\/index.php\/wp-json\/wp\/v2\/media?parent=756"}],"wp:term":[{"taxonomy":"product_cat","embeddable":true,"href":"https:\/\/sipin.com.vn\/index.php\/wp-json\/wp\/v2\/product_cat?post=756"},{"taxonomy":"product_tag","embeddable":true,"href":"https:\/\/sipin.com.vn\/index.php\/wp-json\/wp\/v2\/product_tag?post=756"}],"curies":[{"name":"wp","href":"https:\/\/api.w.org\/{rel}","templated":true}]}}