{"id":4877,"date":"2026-05-12T21:28:23","date_gmt":"2026-05-12T14:28:23","guid":{"rendered":"https:\/\/sipin.com.vn\/?post_type=product&#038;p=4877"},"modified":"2026-05-12T21:28:46","modified_gmt":"2026-05-12T14:28:46","slug":"vega-vegabar-82-b82-amcssagwszxkimxx","status":"publish","type":"product","link":"https:\/\/sipin.com.vn\/index.php\/product\/vega-vegabar-82-b82-amcssagwszxkimxx\/","title":{"rendered":"VEGA VEGABAR 82 B82.AMCSSAGWSZXKIMXX"},"content":{"rendered":"<p>VEGA VEGABAR 82 B82.AMCSSAGWSZXKIMXX 2313723\/001<\/p>\n<p>VEGA VEGAVIB61 VB61.XXAGCTKMX<\/p>\n<p>VEGA VEGAVIB61 WE61.XXAGDTKMX<\/p>\n<div class=\"n6owBd awi2gc\" data-sfc-cp=\"\" data-sfc-root=\"c\" data-sfc-cb=\"\" data-hveid=\"CAIIAAgACAMQAA\" data-processed=\"true\" data-copy-service-computed-style=\"font-family: &quot;Google Sans&quot;, Arial, sans-serif; font-size: 16px; font-weight: 400; margin: 0px 0px 16px; text-decoration: none; border-bottom: 0px rgb(10, 10, 10);\"><span data-subtree=\"aimfl,mfl\" data-processed=\"true\" data-copy-service-computed-style=\"font-family: &quot;Google Sans&quot;, Arial, sans-serif; font-size: 16px; font-weight: 400; margin: 0px; text-decoration: none; border-bottom: 0px rgb(10, 10, 10);\">M\u00e3 s\u1ea3n ph\u1ea9m <\/span><strong class=\"Yjhzub\" data-sfc-root=\"c\" data-sfc-cb=\"\" data-processed=\"true\" data-copy-service-computed-style=\"font-family: &quot;Google Sans&quot;, Arial, sans-serif; font-size: 16px; font-weight: 600; margin: 0px; text-decoration: none; border-bottom: 0px rgb(10, 10, 10);\">B82.AMCSSAGWSZXKIMXX<!--TgQPHd|[]--><\/strong> t\u01b0\u01a1ng \u1ee9ng v\u1edbi c\u1ea3m bi\u1ebfn \u00e1p su\u1ea5t <strong class=\"Yjhzub\" data-sfc-root=\"c\" data-sfc-cb=\"\" data-processed=\"true\" data-copy-service-computed-style=\"font-family: &quot;Google Sans&quot;, Arial, sans-serif; font-size: 16px; font-weight: 600; margin: 0px; text-decoration: none; border-bottom: 0px rgb(10, 10, 10);\"><span data-sfc-root=\"c\" data-wiz-uids=\"M8C1jd_i\" data-sfc-cb=\"\" data-processed=\"true\" data-copy-service-computed-style=\"font-family: &quot;Google Sans&quot;, Arial, sans-serif; font-size: 16px; font-weight: 600; margin: 0px; text-decoration: none; border-bottom: 0px rgb(10, 10, 10);\">VEGABAR 82<!--TgQPHd|[]--><\/span><!--TgQPHd|[]--><\/strong> c\u1ee7a h\u00e3ng VEGA.\u00a0<!--TgQPHd|[]--><\/div>\n<div class=\"n6owBd awi2gc\" data-sfc-cp=\"\" data-sfc-root=\"c\" data-sfc-cb=\"\" data-hveid=\"CAIIAAgACAQQAA\" data-processed=\"true\" data-copy-service-computed-style=\"font-family: &quot;Google Sans&quot;, Arial, sans-serif; font-size: 16px; font-weight: 400; margin: 12px 0px 16px; text-decoration: none; border-bottom: 0px rgb(10, 10, 10);\">D\u1ef1a tr\u00ean c\u1ea5u h\u00ecnh trong m\u00e3, \u0111\u00e2y l\u00e0 th\u00f4ng tin k\u1ef9 thu\u1eadt c\u01a1 b\u1ea3n:<!--TgQPHd|[]--><\/div>\n<div class=\"\" data-bfc=\"\" data-ved=\"2ahUKEwi61fni-LOUAxV3tFYBHeF4C-cQi4wTegoIAggACAAIBRAA\" data-processed=\"true\" data-copy-service-computed-style=\"font-family: &quot;Google Sans&quot;, Arial, sans-serif; font-size: 16px; font-weight: 400; margin: 0px; text-decoration: none; border-bottom: 0px rgb(10, 10, 10);\">\n<ul class=\"KsbFXc U6u95\" data-sfc-root=\"c\" data-sfc-cb=\"\" data-processed=\"true\" data-copy-service-computed-style=\"font-family: &quot;Google Sans&quot;, Arial, sans-serif; font-size: 16px; font-weight: 400; margin: 12px 0px 16px; text-decoration: none; border-bottom: 0px rgb(10, 10, 10);\">\n<li class=\"Z1qcYe\" data-sfc-cp=\"\" data-sfc-root=\"c\" data-sfc-cb=\"\" data-hveid=\"CAIIAAgACAUQAQ\" data-processed=\"true\" data-copy-service-computed-style=\"font-family: &quot;Google Sans&quot;, Arial, sans-serif; font-size: 16px; font-weight: 400; margin: 0px 0px 12px; text-decoration: none; border-bottom: 0px rgb(10, 10, 10);\"><span class=\"T286Pc\" data-sfc-cp=\"\" data-sfc-root=\"c\" data-sfc-cb=\"\" data-processed=\"true\" data-copy-service-computed-style=\"font-family: &quot;Google Sans&quot;, Arial, sans-serif; font-size: 16px; font-weight: 400; margin: 0px; text-decoration: none; border-bottom: 0px rgb(10, 10, 10);\"><strong class=\"Yjhzub\" data-sfc-root=\"c\" data-sfc-cb=\"\" data-processed=\"true\" data-copy-service-computed-style=\"font-family: &quot;Google Sans&quot;, Arial, sans-serif; font-size: 16px; font-weight: 600; margin: 0px; text-decoration: none; border-bottom: 0px rgb(10, 10, 10);\">Thi\u1ebft b\u1ecb:<!--TgQPHd|[]--><\/strong> C\u1ea3m bi\u1ebfn \u00e1p su\u1ea5t VEGABAR 82.<!--TgQPHd|[]--><\/span><!--TgQPHd|[]--><\/li>\n<li class=\"Z1qcYe\" data-sfc-cp=\"\" data-sfc-root=\"c\" data-sfc-cb=\"\" data-hveid=\"CAIIAAgACAUQAg\" data-processed=\"true\" data-copy-service-computed-style=\"font-family: &quot;Google Sans&quot;, Arial, sans-serif; font-size: 16px; font-weight: 400; margin: 0px 0px 12px; text-decoration: none; border-bottom: 0px rgb(10, 10, 10);\"><span class=\"T286Pc\" data-sfc-cp=\"\" data-sfc-root=\"c\" data-sfc-cb=\"\" data-processed=\"true\" data-copy-service-computed-style=\"font-family: &quot;Google Sans&quot;, Arial, sans-serif; font-size: 16px; font-weight: 400; margin: 0px; text-decoration: none; border-bottom: 0px rgb(10, 10, 10);\"><strong class=\"Yjhzub\" data-sfc-root=\"c\" data-sfc-cb=\"\" data-processed=\"true\" data-copy-service-computed-style=\"font-family: &quot;Google Sans&quot;, Arial, sans-serif; font-size: 16px; font-weight: 600; margin: 0px; text-decoration: none; border-bottom: 0px rgb(10, 10, 10);\">\u1ee8ng d\u1ee5ng:<!--TgQPHd|[]--><\/strong> \u0110o \u00e1p su\u1ea5t tuy\u1ec7t \u0111\u1ed1i ho\u1eb7c t\u01b0\u01a1ng \u0111\u1ed1i (\u00e1p su\u1ea5t kh\u00ed n\u00e9n, ch\u1ea5t l\u1ecfng).<!--TgQPHd|[]--><\/span><!--TgQPHd|[]--><\/li>\n<li class=\"Z1qcYe\" data-sfc-cp=\"\" data-sfc-root=\"c\" data-sfc-cb=\"\" data-hveid=\"CAIIAAgACAUQAw\" data-processed=\"true\" data-copy-service-computed-style=\"font-family: &quot;Google Sans&quot;, Arial, sans-serif; font-size: 16px; font-weight: 400; margin: 0px 0px 12px; text-decoration: none; border-bottom: 0px rgb(10, 10, 10);\"><span class=\"T286Pc\" data-sfc-cp=\"\" data-sfc-root=\"c\" data-sfc-cb=\"\" data-processed=\"true\" data-copy-service-computed-style=\"font-family: &quot;Google Sans&quot;, Arial, sans-serif; font-size: 16px; font-weight: 400; margin: 0px; text-decoration: none; border-bottom: 0px rgb(10, 10, 10);\"><strong class=\"Yjhzub\" data-sfc-root=\"c\" data-sfc-cb=\"\" data-processed=\"true\" data-copy-service-computed-style=\"font-family: &quot;Google Sans&quot;, Arial, sans-serif; font-size: 16px; font-weight: 600; margin: 0px; text-decoration: none; border-bottom: 0px rgb(10, 10, 10);\">\u0110\u1eb7c \u0111i\u1ec3m:<!--TgQPHd|[]--><\/strong> Th\u01b0\u1eddng \u0111\u01b0\u1ee3c s\u1eed d\u1ee5ng trong c\u00e1c m\u00f4i tr\u01b0\u1eddng c\u00f4ng nghi\u1ec7p y\u00eau c\u1ea7u cao v\u1ec1 \u0111\u1ed9 ch\u00ednh x\u00e1c v\u00e0 \u0111\u1ed9 b\u1ec1n.<\/span><\/li>\n<\/ul>\n<h2 class=\"product-page__description__section-title\">Product Description<\/h2>\n<div class=\"row\">\n<div class=\"col-md-12 col-sm-12 col-xs-12 column\">\n<div class=\"ge-content ge-content-type-tinymce\" data-ge-content-type=\"tinymce\">\n<p><strong>Pressure transmitter, Ceramic measuring cell, 0 to +0.4 Bar<\/strong><\/p>\n<p>The VEGABAR 82 pressure transmitter can be used universally for the measurement of gases, vapours and liquids. Even materials such as sand can measured thanks to the abrasion-resistant ceramic cell. Designed for use in all industries.<\/p>\n<\/div>\n<\/div>\n<\/div>\n<p><strong>Pressure Transmitter Features<\/strong><\/p>\n<ul>\n<li>Measuring range 0 to +0.4 Bar (0 to +40 kPa)<\/li>\n<li>Process fitting Threads G1\u00bd<\/li>\n<li>Hygienic fittings<\/li>\n<li>Process temperature -40 to +150 \u00b0C (-40 to +302 \u00b0F)<\/li>\n<li>Ambient, storage and transport temperature -40 to +80 \u00b0C (-40 to +176 \u00b0F)<\/li>\n<li>Operating voltage 9.6 &#8211; 35 V DC<\/li>\n<li>Two wire 4 to 20 mA<\/li>\n<li>Compact \/ IP66\/IP67; NEMA 4X<\/li>\n<li>M20x1.5 \/ Cable gland PA black (5-9mm)<\/li>\n<\/ul>\n<\/div>\n<p>\u0110\u1ea1i l\u00fd VEGA vietnam, VEGA viet nam, VEGA vietnam distributor, Ph\u00e2n ph\u1ed1i VEGA t\u1ea1i vi\u1ec7t nam<\/p>\n<p>\u0110\u1ea1i l\u00fd VEGA vietnam, VEGA viet nam, VEGA vietnam distributor, Ph\u00e2n ph\u1ed1i VEGA t\u1ea1i vi\u1ec7t nam<\/p>\n<p>\u0110\u1ea1i l\u00fd VEGA vietnam, VEGA viet nam, VEGA vietnam distributor, Ph\u00e2n ph\u1ed1i VEGA t\u1ea1i vi\u1ec7t nam<\/p>\n","protected":false},"excerpt":{"rendered":"<p>VEGA VEGABAR 82 B82.AMCSSAGWSZXKIMXX 2313723\/001 VEGA VEGAVIB61 VB61.XXAGCTKMX VEGA VEGAVIB61 WE61.XXAGDTKMX M\u00e3 s\u1ea3n ph\u1ea9m B82.AMCSSAGWSZXKIMXX t\u01b0\u01a1ng \u1ee9ng v\u1edbi c\u1ea3m bi\u1ebfn \u00e1p su\u1ea5t VEGABAR 82 c\u1ee7a h\u00e3ng VEGA.\u00a0 D\u1ef1a tr\u00ean c\u1ea5u h\u00ecnh trong m\u00e3, \u0111\u00e2y l\u00e0 th\u00f4ng tin k\u1ef9 thu\u1eadt c\u01a1 b\u1ea3n: Thi\u1ebft b\u1ecb: C\u1ea3m bi\u1ebfn \u00e1p su\u1ea5t VEGABAR 82. \u1ee8ng&hellip; <\/p>\n","protected":false},"featured_media":4878,"comment_status":"open","ping_status":"closed","template":"","meta":{"om_disable_all_campaigns":false,"_monsterinsights_skip_tracking":false,"_monsterinsights_sitenote_active":false,"_monsterinsights_sitenote_note":"","_monsterinsights_sitenote_category":0},"product_cat":[876],"product_tag":[88,501,500],"class_list":{"0":"post-4877","1":"product","2":"type-product","3":"status-publish","4":"has-post-thumbnail","6":"product_cat-vega","7":"product_tag-cam-bien","8":"product_tag-dai-ly-vega-viet-nam","9":"product_tag-vega-viet-nam","11":"first","12":"instock","13":"shipping-taxable","14":"product-type-simple"},"aioseo_notices":[],"yoast_head":"<!-- This site is optimized with the Yoast SEO plugin v22.8 - https:\/\/yoast.com\/wordpress\/plugins\/seo\/ -->\n<title>VEGA VEGABAR 82 B82.AMCSSAGWSZXKIMXX - OMANI VI\u1ec6T NAM<\/title>\n<meta name=\"description\" content=\"VEGA VEGABAR 82 B82.AMCSSAGWSZXKIMXX Pressure Transmitter\" \/>\n<meta name=\"robots\" content=\"index, follow, max-snippet:-1, max-image-preview:large, max-video-preview:-1\" \/>\n<link rel=\"canonical\" href=\"https:\/\/sipin.com.vn\/index.php\/product\/vega-vegabar-82-b82-amcssagwszxkimxx\/\" \/>\n<meta property=\"og:locale\" content=\"vi_VN\" \/>\n<meta property=\"og:type\" content=\"article\" \/>\n<meta property=\"og:title\" content=\"VEGA VEGABAR 82 B82.AMCSSAGWSZXKIMXX - OMANI VI\u1ec6T NAM\" \/>\n<meta property=\"og:description\" content=\"VEGA VEGABAR 82 B82.AMCSSAGWSZXKIMXX Pressure Transmitter\" \/>\n<meta property=\"og:url\" content=\"https:\/\/sipin.com.vn\/index.php\/product\/vega-vegabar-82-b82-amcssagwszxkimxx\/\" \/>\n<meta property=\"og:site_name\" content=\"OMANI VI\u1ec6T NAM\" \/>\n<meta property=\"article:modified_time\" content=\"2026-05-12T14:28:46+00:00\" \/>\n<meta property=\"og:image\" content=\"https:\/\/sipin.com.vn\/wp-content\/uploads\/2026\/05\/B82.AMCSSAGWSZXKIMXX.png\" \/>\n\t<meta property=\"og:image:width\" content=\"1006\" \/>\n\t<meta property=\"og:image:height\" content=\"805\" \/>\n\t<meta property=\"og:image:type\" content=\"image\/png\" \/>\n<meta name=\"twitter:card\" content=\"summary_large_image\" \/>\n<meta name=\"twitter:label1\" content=\"\u01af\u1edbc t\u00ednh th\u1eddi gian \u0111\u1ecdc\" \/>\n\t<meta name=\"twitter:data1\" content=\"2 ph\u00fat\" \/>\n<script type=\"application\/ld+json\" class=\"yoast-schema-graph\">{\"@context\":\"https:\/\/schema.org\",\"@graph\":[{\"@type\":\"WebPage\",\"@id\":\"https:\/\/sipin.com.vn\/index.php\/product\/vega-vegabar-82-b82-amcssagwszxkimxx\/\",\"url\":\"https:\/\/sipin.com.vn\/index.php\/product\/vega-vegabar-82-b82-amcssagwszxkimxx\/\",\"name\":\"VEGA VEGABAR 82 B82.AMCSSAGWSZXKIMXX - OMANI VI\u1ec6T NAM\",\"isPartOf\":{\"@id\":\"https:\/\/sipin.com.vn\/#website\"},\"primaryImageOfPage\":{\"@id\":\"https:\/\/sipin.com.vn\/index.php\/product\/vega-vegabar-82-b82-amcssagwszxkimxx\/#primaryimage\"},\"image\":{\"@id\":\"https:\/\/sipin.com.vn\/index.php\/product\/vega-vegabar-82-b82-amcssagwszxkimxx\/#primaryimage\"},\"thumbnailUrl\":\"https:\/\/sipin.com.vn\/wp-content\/uploads\/2026\/05\/B82.AMCSSAGWSZXKIMXX.png\",\"datePublished\":\"2026-05-12T14:28:23+00:00\",\"dateModified\":\"2026-05-12T14:28:46+00:00\",\"description\":\"VEGA VEGABAR 82 B82.AMCSSAGWSZXKIMXX Pressure Transmitter\",\"breadcrumb\":{\"@id\":\"https:\/\/sipin.com.vn\/index.php\/product\/vega-vegabar-82-b82-amcssagwszxkimxx\/#breadcrumb\"},\"inLanguage\":\"vi\",\"potentialAction\":[{\"@type\":\"ReadAction\",\"target\":[\"https:\/\/sipin.com.vn\/index.php\/product\/vega-vegabar-82-b82-amcssagwszxkimxx\/\"]}]},{\"@type\":\"ImageObject\",\"inLanguage\":\"vi\",\"@id\":\"https:\/\/sipin.com.vn\/index.php\/product\/vega-vegabar-82-b82-amcssagwszxkimxx\/#primaryimage\",\"url\":\"https:\/\/sipin.com.vn\/wp-content\/uploads\/2026\/05\/B82.AMCSSAGWSZXKIMXX.png\",\"contentUrl\":\"https:\/\/sipin.com.vn\/wp-content\/uploads\/2026\/05\/B82.AMCSSAGWSZXKIMXX.png\",\"width\":1006,\"height\":805},{\"@type\":\"BreadcrumbList\",\"@id\":\"https:\/\/sipin.com.vn\/index.php\/product\/vega-vegabar-82-b82-amcssagwszxkimxx\/#breadcrumb\",\"itemListElement\":[{\"@type\":\"ListItem\",\"position\":1,\"name\":\"Home\",\"item\":\"https:\/\/sipin.com.vn\/\"},{\"@type\":\"ListItem\",\"position\":2,\"name\":\"S\u1ea2N PH\u1ea8M\",\"item\":\"https:\/\/sipin.com.vn\/index.php\/cua-hang\/\"},{\"@type\":\"ListItem\",\"position\":3,\"name\":\"VEGA VEGABAR 82 B82.AMCSSAGWSZXKIMXX\"}]},{\"@type\":\"WebSite\",\"@id\":\"https:\/\/sipin.com.vn\/#website\",\"url\":\"https:\/\/sipin.com.vn\/\",\"name\":\"OMANI VI\u1ec6T NAM\",\"description\":\"Nh\u00e0 ph\u00e2n ph\u1ed1i thi\u1ebft b\u1ecb kh\u00ed n\u00e9n v\u00e0 thi\u1ebft b\u1ecb t\u1ef1 \u0111\u1ed9ng h\u00f3a trong c\u00f4ng nghi\u1ec7p\",\"publisher\":{\"@id\":\"https:\/\/sipin.com.vn\/#\/schema\/person\/0ad398a980dc3fd696111c2c5c8fa897\"},\"potentialAction\":[{\"@type\":\"SearchAction\",\"target\":{\"@type\":\"EntryPoint\",\"urlTemplate\":\"https:\/\/sipin.com.vn\/?s={search_term_string}\"},\"query-input\":\"required name=search_term_string\"}],\"inLanguage\":\"vi\"},{\"@type\":[\"Person\",\"Organization\"],\"@id\":\"https:\/\/sipin.com.vn\/#\/schema\/person\/0ad398a980dc3fd696111c2c5c8fa897\",\"name\":\"Nguy\u1ec5n V\u0103n Kh\u00e1nh\",\"image\":{\"@type\":\"ImageObject\",\"inLanguage\":\"vi\",\"@id\":\"https:\/\/sipin.com.vn\/#\/schema\/person\/image\/\",\"url\":\"https:\/\/sipin.com.vn\/wp-content\/uploads\/2024\/06\/logo-1024x1024.png\",\"contentUrl\":\"https:\/\/sipin.com.vn\/wp-content\/uploads\/2024\/06\/logo-1024x1024.png\",\"width\":1024,\"height\":1024,\"caption\":\"Nguy\u1ec5n V\u0103n Kh\u00e1nh\"},\"logo\":{\"@id\":\"https:\/\/sipin.com.vn\/#\/schema\/person\/image\/\"},\"sameAs\":[\"https:\/\/sipin.com.vn\"]}]}<\/script>\n<!-- \/ Yoast SEO plugin. -->","yoast_head_json":{"title":"VEGA VEGABAR 82 B82.AMCSSAGWSZXKIMXX - OMANI VI\u1ec6T NAM","description":"VEGA VEGABAR 82 B82.AMCSSAGWSZXKIMXX Pressure Transmitter","robots":{"index":"index","follow":"follow","max-snippet":"max-snippet:-1","max-image-preview":"max-image-preview:large","max-video-preview":"max-video-preview:-1"},"canonical":"https:\/\/sipin.com.vn\/index.php\/product\/vega-vegabar-82-b82-amcssagwszxkimxx\/","og_locale":"vi_VN","og_type":"article","og_title":"VEGA VEGABAR 82 B82.AMCSSAGWSZXKIMXX - OMANI VI\u1ec6T NAM","og_description":"VEGA VEGABAR 82 B82.AMCSSAGWSZXKIMXX Pressure Transmitter","og_url":"https:\/\/sipin.com.vn\/index.php\/product\/vega-vegabar-82-b82-amcssagwszxkimxx\/","og_site_name":"OMANI VI\u1ec6T NAM","article_modified_time":"2026-05-12T14:28:46+00:00","og_image":[{"width":1006,"height":805,"url":"https:\/\/sipin.com.vn\/wp-content\/uploads\/2026\/05\/B82.AMCSSAGWSZXKIMXX.png","type":"image\/png"}],"twitter_card":"summary_large_image","twitter_misc":{"\u01af\u1edbc t\u00ednh th\u1eddi gian \u0111\u1ecdc":"2 ph\u00fat"},"schema":{"@context":"https:\/\/schema.org","@graph":[{"@type":"WebPage","@id":"https:\/\/sipin.com.vn\/index.php\/product\/vega-vegabar-82-b82-amcssagwszxkimxx\/","url":"https:\/\/sipin.com.vn\/index.php\/product\/vega-vegabar-82-b82-amcssagwszxkimxx\/","name":"VEGA VEGABAR 82 B82.AMCSSAGWSZXKIMXX - OMANI VI\u1ec6T NAM","isPartOf":{"@id":"https:\/\/sipin.com.vn\/#website"},"primaryImageOfPage":{"@id":"https:\/\/sipin.com.vn\/index.php\/product\/vega-vegabar-82-b82-amcssagwszxkimxx\/#primaryimage"},"image":{"@id":"https:\/\/sipin.com.vn\/index.php\/product\/vega-vegabar-82-b82-amcssagwszxkimxx\/#primaryimage"},"thumbnailUrl":"https:\/\/sipin.com.vn\/wp-content\/uploads\/2026\/05\/B82.AMCSSAGWSZXKIMXX.png","datePublished":"2026-05-12T14:28:23+00:00","dateModified":"2026-05-12T14:28:46+00:00","description":"VEGA VEGABAR 82 B82.AMCSSAGWSZXKIMXX Pressure Transmitter","breadcrumb":{"@id":"https:\/\/sipin.com.vn\/index.php\/product\/vega-vegabar-82-b82-amcssagwszxkimxx\/#breadcrumb"},"inLanguage":"vi","potentialAction":[{"@type":"ReadAction","target":["https:\/\/sipin.com.vn\/index.php\/product\/vega-vegabar-82-b82-amcssagwszxkimxx\/"]}]},{"@type":"ImageObject","inLanguage":"vi","@id":"https:\/\/sipin.com.vn\/index.php\/product\/vega-vegabar-82-b82-amcssagwszxkimxx\/#primaryimage","url":"https:\/\/sipin.com.vn\/wp-content\/uploads\/2026\/05\/B82.AMCSSAGWSZXKIMXX.png","contentUrl":"https:\/\/sipin.com.vn\/wp-content\/uploads\/2026\/05\/B82.AMCSSAGWSZXKIMXX.png","width":1006,"height":805},{"@type":"BreadcrumbList","@id":"https:\/\/sipin.com.vn\/index.php\/product\/vega-vegabar-82-b82-amcssagwszxkimxx\/#breadcrumb","itemListElement":[{"@type":"ListItem","position":1,"name":"Home","item":"https:\/\/sipin.com.vn\/"},{"@type":"ListItem","position":2,"name":"S\u1ea2N PH\u1ea8M","item":"https:\/\/sipin.com.vn\/index.php\/cua-hang\/"},{"@type":"ListItem","position":3,"name":"VEGA VEGABAR 82 B82.AMCSSAGWSZXKIMXX"}]},{"@type":"WebSite","@id":"https:\/\/sipin.com.vn\/#website","url":"https:\/\/sipin.com.vn\/","name":"OMANI VI\u1ec6T NAM","description":"Nh\u00e0 ph\u00e2n ph\u1ed1i thi\u1ebft b\u1ecb kh\u00ed n\u00e9n v\u00e0 thi\u1ebft b\u1ecb t\u1ef1 \u0111\u1ed9ng h\u00f3a trong c\u00f4ng nghi\u1ec7p","publisher":{"@id":"https:\/\/sipin.com.vn\/#\/schema\/person\/0ad398a980dc3fd696111c2c5c8fa897"},"potentialAction":[{"@type":"SearchAction","target":{"@type":"EntryPoint","urlTemplate":"https:\/\/sipin.com.vn\/?s={search_term_string}"},"query-input":"required name=search_term_string"}],"inLanguage":"vi"},{"@type":["Person","Organization"],"@id":"https:\/\/sipin.com.vn\/#\/schema\/person\/0ad398a980dc3fd696111c2c5c8fa897","name":"Nguy\u1ec5n V\u0103n Kh\u00e1nh","image":{"@type":"ImageObject","inLanguage":"vi","@id":"https:\/\/sipin.com.vn\/#\/schema\/person\/image\/","url":"https:\/\/sipin.com.vn\/wp-content\/uploads\/2024\/06\/logo-1024x1024.png","contentUrl":"https:\/\/sipin.com.vn\/wp-content\/uploads\/2024\/06\/logo-1024x1024.png","width":1024,"height":1024,"caption":"Nguy\u1ec5n V\u0103n Kh\u00e1nh"},"logo":{"@id":"https:\/\/sipin.com.vn\/#\/schema\/person\/image\/"},"sameAs":["https:\/\/sipin.com.vn"]}]}},"_links":{"self":[{"href":"https:\/\/sipin.com.vn\/index.php\/wp-json\/wp\/v2\/product\/4877","targetHints":{"allow":["GET"]}}],"collection":[{"href":"https:\/\/sipin.com.vn\/index.php\/wp-json\/wp\/v2\/product"}],"about":[{"href":"https:\/\/sipin.com.vn\/index.php\/wp-json\/wp\/v2\/types\/product"}],"replies":[{"embeddable":true,"href":"https:\/\/sipin.com.vn\/index.php\/wp-json\/wp\/v2\/comments?post=4877"}],"wp:featuredmedia":[{"embeddable":true,"href":"https:\/\/sipin.com.vn\/index.php\/wp-json\/wp\/v2\/media\/4878"}],"wp:attachment":[{"href":"https:\/\/sipin.com.vn\/index.php\/wp-json\/wp\/v2\/media?parent=4877"}],"wp:term":[{"taxonomy":"product_cat","embeddable":true,"href":"https:\/\/sipin.com.vn\/index.php\/wp-json\/wp\/v2\/product_cat?post=4877"},{"taxonomy":"product_tag","embeddable":true,"href":"https:\/\/sipin.com.vn\/index.php\/wp-json\/wp\/v2\/product_tag?post=4877"}],"curies":[{"name":"wp","href":"https:\/\/api.w.org\/{rel}","templated":true}]}}