{"id":4870,"date":"2026-05-09T22:07:20","date_gmt":"2026-05-09T15:07:20","guid":{"rendered":"https:\/\/sipin.com.vn\/?post_type=product&#038;p=4870"},"modified":"2026-05-09T22:07:20","modified_gmt":"2026-05-09T15:07:20","slug":"hakko-cur-01","status":"publish","type":"product","link":"https:\/\/sipin.com.vn\/index.php\/product\/hakko-cur-01\/","title":{"rendered":"HAKKO CUR-01"},"content":{"rendered":"<p>HAKKO CUR-01<\/p>\n<div class=\"n6owBd awi2gc\" data-sfc-cp=\"\" data-sfc-root=\"c\" data-sfc-cb=\"\" data-hveid=\"CAEQAA\" data-processed=\"true\"><span data-subtree=\"aimfl,mfl\" data-processed=\"true\">HAKKO CUR-01 l\u00e0\u00a0<\/span><mark class=\"HxTRcb\" data-sfc-root=\"c\" data-wiz-uids=\"wvxBgf_g\" data-sfc-cb=\"\" data-processed=\"true\">m\u00f4-\u0111un truy\u1ec1n th\u00f4ng T-Link (Communication Unit) \u0111\u01b0\u1ee3c thi\u1ebft k\u1ebf cho c\u00e1c d\u00f2ng m\u00e0n h\u00ecnh HMI Hakko Monitouch (nh\u01b0 V9 series, V8 series, v\u00e0 TS2060i) \u0111\u1ec3 k\u1ebft n\u1ed1i v\u1edbi PLC v\u00e0 b\u1ed9 \u0111i\u1ec1u khi\u1ec3n Fuji Electric<\/mark>. S\u1ea3n ph\u1ea9m n\u00e0y gi\u00fap n\u00e2ng cao kh\u1ea3 n\u0103ng \u0111i\u1ec1u khi\u1ec3n v\u00e0 hi\u1ec7u su\u1ea5t h\u1ec7 th\u1ed1ng, nh\u01b0ng hi\u1ec7n t\u1ea1i m\u1ed9t s\u1ed1 phi\u00ean b\u1ea3n \u0111\u00e3 ng\u1eebng s\u1ea3n xu\u1ea5t.<span class=\"uJ19be notranslate\" data-sfc-root=\"c\" data-wiz-uids=\"wvxBgf_i,wvxBgf_j\" data-sfc-cb=\"\" data-processed=\"true\"><span class=\"vKEkVd\" data-animation-atomic=\"\" data-wiz-attrbind=\"class=wvxBgf_h\/TKHnVd\" data-processed=\"true\"><span aria-hidden=\"true\" data-processed=\"true\">\u00a0<\/span><\/span><\/span><\/div>\n<div class=\"n6owBd awi2gc\" data-sfc-cp=\"\" data-sfc-root=\"c\" data-sfc-cb=\"\" data-hveid=\"CAIQAA\" data-processed=\"true\"><strong class=\"Yjhzub\" data-sfc-root=\"c\" data-sfc-cb=\"\" data-processed=\"true\">C\u00e1c \u0111\u1eb7c \u0111i\u1ec3m ch\u00ednh c\u1ee7a HAKKO CUR-01:<\/strong><\/div>\n<div class=\"\" data-bfc=\"\" data-ved=\"2ahUKEwiij4ymvKyUAxXEr1YBHbprL_UQi4wTegQIAxAA\" data-processed=\"true\">\n<ul class=\"KsbFXc U6u95\" data-sfc-root=\"c\" data-sfc-cb=\"\" data-processed=\"true\">\n<li class=\"Z1qcYe\" data-sfc-cp=\"\" data-sfc-root=\"c\" data-sfc-cb=\"\" data-hveid=\"CAMQAQ\" data-processed=\"true\"><span class=\"T286Pc\" data-sfc-cp=\"\" data-sfc-root=\"c\" data-sfc-cb=\"\" data-processed=\"true\"><strong class=\"Yjhzub\" data-sfc-root=\"c\" data-sfc-cb=\"\" data-processed=\"true\">Ch\u1ee9c n\u0103ng:<\/strong>\u00a0M\u00f4-\u0111un giao ti\u1ebfp T-Link.<\/span><\/li>\n<li class=\"Z1qcYe\" data-sfc-cp=\"\" data-sfc-root=\"c\" data-sfc-cb=\"\" data-hveid=\"CAMQAg\" data-processed=\"true\"><span class=\"T286Pc\" data-sfc-cp=\"\" data-sfc-root=\"c\" data-sfc-cb=\"\" data-processed=\"true\"><strong class=\"Yjhzub\" data-sfc-root=\"c\" data-sfc-cb=\"\" data-processed=\"true\">T\u01b0\u01a1ng th\u00edch:<\/strong>\u00a0D\u00f2ng MONITOUCH V9, V8, V10 v\u00e0 TS2060i.<\/span><\/li>\n<li class=\"Z1qcYe\" data-sfc-cp=\"\" data-sfc-root=\"c\" data-sfc-cb=\"\" data-hveid=\"CAMQAw\" data-processed=\"true\"><span class=\"T286Pc\" data-sfc-cp=\"\" data-sfc-root=\"c\" data-sfc-cb=\"\" data-processed=\"true\"><strong class=\"Yjhzub\" data-sfc-root=\"c\" data-sfc-cb=\"\" data-processed=\"true\">\u1ee8ng d\u1ee5ng:<\/strong>\u00a0K\u1ebft n\u1ed1i chuy\u00ean d\u1ee5ng v\u1edbi thi\u1ebft b\u1ecb Fuji Electric.<\/span><\/li>\n<li class=\"Z1qcYe\" data-sfc-cp=\"\" data-sfc-root=\"c\" data-sfc-cb=\"\" data-hveid=\"CAMQBQ\" data-processed=\"true\"><span class=\"T286Pc\" data-sfc-cp=\"\" data-sfc-root=\"c\" data-sfc-cb=\"\" data-processed=\"true\"><strong class=\"Yjhzub\" data-sfc-root=\"c\" data-sfc-cb=\"\" data-processed=\"true\">S\u1ea3n ph\u1ea9m li\u00ean quan:<\/strong>\u00a0D\u00f2ng CUR bao g\u1ed3m c\u00e1c m\u00f4-\u0111un kh\u00e1c nh\u01b0 CUR-02 (CC-Link), CUR-03 (Ethernet), CUR-04 (PROFIBUS-DP).<\/span><span class=\"uJ19be notranslate\" data-sfc-root=\"c\" data-wiz-uids=\"wvxBgf_1b,wvxBgf_1c\" data-sfc-cb=\"\" data-processed=\"true\"><span class=\"vKEkVd\" data-animation-atomic=\"\" data-wiz-attrbind=\"class=wvxBgf_1a\/TKHnVd\" data-processed=\"true\"><span aria-hidden=\"true\" data-processed=\"true\">\u00a0<\/span><\/span><\/span><\/li>\n<\/ul>\n<p><strong class=\"Yjhzub\" data-sfc-root=\"c\" data-sfc-cb=\"\" data-processed=\"true\">Th\u00f4ng tin b\u1ed5 sung:<\/strong><br data-sfc-root=\"c\" data-sfc-pl=\"|[]\" data-sfc-cb=\"\" data-processed=\"true\" \/>HAKKO Electronics thu\u1ed9c s\u1edf h\u1eefu c\u1ee7a Fuji Electric, chuy\u00ean s\u1ea3n xu\u1ea5t c\u00e1c gi\u1ea3i ph\u00e1p HMI ch\u1ea5t l\u01b0\u1ee3ng cao.<span class=\"uJ19be notranslate\" data-sfc-root=\"c\" data-wiz-uids=\"wvxBgf_1y,wvxBgf_1z\" data-sfc-cb=\"\" data-processed=\"true\"><span class=\"vKEkVd\" data-animation-atomic=\"\" data-wiz-attrbind=\"class=wvxBgf_1x\/TKHnVd\" data-processed=\"true\"><span aria-hidden=\"true\" data-processed=\"true\">\u00a0<\/span><\/span><\/span><\/p>\n<h2>Optional Accessories<\/h2>\n<h3>Extension Units<\/h3>\n<ul class=\"ls-def\">\n<li><strong>GUR-00 (Video input 4ch)<\/strong><br \/>\nDisplays images from video cameras on V9 directly.<\/li>\n<li><strong>GUR-01 (RGB input 1ch)<\/strong><br \/>\nDisplays RGB input on V9.<\/li>\n<li><strong>GUR-02 (RGB output 1ch)<\/strong><br \/>\nDisplays images of V9 on a monitor.<\/li>\n<li><strong>GUR-04 (Video input 1ch)<\/strong><br \/>\nDisplays images from a video camera directly.<\/li>\n<li><strong>GUR-10 (Video input 2ch + RGB input 1ch)<\/strong><br \/>\nDisplays images from video camera and RGB input on V9 simultaneously.<\/li>\n<li><strong>GUR-11 (RGB input 2ch)<\/strong><br \/>\nDisplays RGB images such as PC images through two channels on V9 simultaneously.<\/li>\n<li><strong>DUR-00 (Optional unit for the V907xiW\/V9060iTD)<\/strong><br \/>\nSupport D-sub 9-pin connectors<\/li>\n<\/ul>\n<h3>Communication Units<\/h3>\n<table class=\"table-style-1 opStripe opBdrFull wAuto\">\n<tbody>\n<tr>\n<th>CUR-00<\/th>\n<td>OPCN-1<\/td>\n<\/tr>\n<tr>\n<th>CUR-01<\/th>\n<td>T-Link<\/td>\n<\/tr>\n<tr>\n<th>CUR-02<\/th>\n<td>CC-Link<\/td>\n<\/tr>\n<tr>\n<th>CUR-03<\/th>\n<td>Ethernet<\/td>\n<\/tr>\n<tr>\n<th>CUR-04<\/th>\n<td>PROFIBUS-DP<\/td>\n<\/tr>\n<tr>\n<th>CUR-06<\/th>\n<td>SX BUS<\/td>\n<\/tr>\n<tr>\n<th>CUR-07<\/th>\n<td>DeviceNet<\/td>\n<\/tr>\n<tr>\n<th>CUR-08<\/th>\n<td>FL-net<\/td>\n<\/tr>\n<tr>\n<th>CUR-09<\/th>\n<td>EtherCAT<\/td>\n<\/tr>\n<\/tbody>\n<\/table>\n<p>\u0110\u1ea1i l\u00fd HAKKO vietnam, HAKKO viet nam, HAKKO vietnam distributor, Ph\u00e2n ph\u1ed1i HAKKO t\u1ea1i vi\u1ec7t nam<\/p>\n<p>\u0110\u1ea1i l\u00fd HAKKO vietnam, HAKKO viet nam, HAKKO vietnam distributor, Ph\u00e2n ph\u1ed1i HAKKO t\u1ea1i vi\u1ec7t nam<\/p>\n<p>\u0110\u1ea1i l\u00fd HAKKO vietnam, HAKKO viet nam, HAKKO vietnam distributor, Ph\u00e2n ph\u1ed1i HAKKO t\u1ea1i vi\u1ec7t nam<\/p>\n<\/div>\n","protected":false},"excerpt":{"rendered":"<p>HAKKO CUR-01 HAKKO CUR-01 l\u00e0\u00a0m\u00f4-\u0111un truy\u1ec1n th\u00f4ng T-Link (Communication Unit) \u0111\u01b0\u1ee3c thi\u1ebft k\u1ebf cho c\u00e1c d\u00f2ng m\u00e0n h\u00ecnh HMI Hakko Monitouch (nh\u01b0 V9 series, V8 series, v\u00e0 TS2060i) \u0111\u1ec3 k\u1ebft n\u1ed1i v\u1edbi PLC v\u00e0 b\u1ed9 \u0111i\u1ec1u khi\u1ec3n Fuji Electric. S\u1ea3n ph\u1ea9m n\u00e0y gi\u00fap n\u00e2ng cao kh\u1ea3 n\u0103ng \u0111i\u1ec1u khi\u1ec3n v\u00e0&hellip; <\/p>\n","protected":false},"featured_media":4871,"comment_status":"open","ping_status":"closed","template":"","meta":{"om_disable_all_campaigns":false,"_monsterinsights_skip_tracking":false,"_monsterinsights_sitenote_active":false,"_monsterinsights_sitenote_note":"","_monsterinsights_sitenote_category":0},"product_cat":[921],"product_tag":[923,922,159],"class_list":{"0":"post-4870","1":"product","2":"type-product","3":"status-publish","4":"has-post-thumbnail","6":"product_cat-hakko","7":"product_tag-dai-ly-hakko-viet-nam","8":"product_tag-hakko-viet-nam","9":"product_tag-mo-dun","11":"first","12":"instock","13":"shipping-taxable","14":"product-type-simple"},"aioseo_notices":[],"yoast_head":"<!-- This site is optimized with the Yoast SEO plugin v22.8 - https:\/\/yoast.com\/wordpress\/plugins\/seo\/ -->\n<title>HAKKO CUR-01 - OMANI VI\u1ec6T NAM<\/title>\n<meta name=\"description\" content=\"HAKKO CUR-01 Touch Screen Communication Module\" \/>\n<meta name=\"robots\" content=\"index, follow, max-snippet:-1, max-image-preview:large, max-video-preview:-1\" \/>\n<link rel=\"canonical\" href=\"https:\/\/sipin.com.vn\/index.php\/product\/hakko-cur-01\/\" \/>\n<meta property=\"og:locale\" content=\"vi_VN\" \/>\n<meta property=\"og:type\" content=\"article\" \/>\n<meta property=\"og:title\" content=\"HAKKO CUR-01 - OMANI VI\u1ec6T NAM\" \/>\n<meta property=\"og:description\" content=\"HAKKO CUR-01 Touch Screen Communication Module\" \/>\n<meta property=\"og:url\" content=\"https:\/\/sipin.com.vn\/index.php\/product\/hakko-cur-01\/\" \/>\n<meta property=\"og:site_name\" content=\"OMANI VI\u1ec6T NAM\" \/>\n<meta property=\"og:image\" content=\"https:\/\/sipin.com.vn\/wp-content\/uploads\/2026\/05\/CUR-01.png\" \/>\n\t<meta property=\"og:image:width\" content=\"568\" \/>\n\t<meta property=\"og:image:height\" content=\"440\" \/>\n\t<meta property=\"og:image:type\" content=\"image\/png\" \/>\n<meta name=\"twitter:card\" content=\"summary_large_image\" \/>\n<meta name=\"twitter:label1\" content=\"\u01af\u1edbc t\u00ednh th\u1eddi gian \u0111\u1ecdc\" \/>\n\t<meta name=\"twitter:data1\" content=\"2 ph\u00fat\" \/>\n<script type=\"application\/ld+json\" class=\"yoast-schema-graph\">{\"@context\":\"https:\/\/schema.org\",\"@graph\":[{\"@type\":\"WebPage\",\"@id\":\"https:\/\/sipin.com.vn\/index.php\/product\/hakko-cur-01\/\",\"url\":\"https:\/\/sipin.com.vn\/index.php\/product\/hakko-cur-01\/\",\"name\":\"HAKKO CUR-01 - OMANI VI\u1ec6T NAM\",\"isPartOf\":{\"@id\":\"https:\/\/sipin.com.vn\/#website\"},\"primaryImageOfPage\":{\"@id\":\"https:\/\/sipin.com.vn\/index.php\/product\/hakko-cur-01\/#primaryimage\"},\"image\":{\"@id\":\"https:\/\/sipin.com.vn\/index.php\/product\/hakko-cur-01\/#primaryimage\"},\"thumbnailUrl\":\"https:\/\/sipin.com.vn\/wp-content\/uploads\/2026\/05\/CUR-01.png\",\"datePublished\":\"2026-05-09T15:07:20+00:00\",\"dateModified\":\"2026-05-09T15:07:20+00:00\",\"description\":\"HAKKO CUR-01 Touch Screen Communication Module\",\"breadcrumb\":{\"@id\":\"https:\/\/sipin.com.vn\/index.php\/product\/hakko-cur-01\/#breadcrumb\"},\"inLanguage\":\"vi\",\"potentialAction\":[{\"@type\":\"ReadAction\",\"target\":[\"https:\/\/sipin.com.vn\/index.php\/product\/hakko-cur-01\/\"]}]},{\"@type\":\"ImageObject\",\"inLanguage\":\"vi\",\"@id\":\"https:\/\/sipin.com.vn\/index.php\/product\/hakko-cur-01\/#primaryimage\",\"url\":\"https:\/\/sipin.com.vn\/wp-content\/uploads\/2026\/05\/CUR-01.png\",\"contentUrl\":\"https:\/\/sipin.com.vn\/wp-content\/uploads\/2026\/05\/CUR-01.png\",\"width\":568,\"height\":440},{\"@type\":\"BreadcrumbList\",\"@id\":\"https:\/\/sipin.com.vn\/index.php\/product\/hakko-cur-01\/#breadcrumb\",\"itemListElement\":[{\"@type\":\"ListItem\",\"position\":1,\"name\":\"Home\",\"item\":\"https:\/\/sipin.com.vn\/\"},{\"@type\":\"ListItem\",\"position\":2,\"name\":\"S\u1ea2N PH\u1ea8M\",\"item\":\"https:\/\/sipin.com.vn\/index.php\/cua-hang\/\"},{\"@type\":\"ListItem\",\"position\":3,\"name\":\"HAKKO CUR-01\"}]},{\"@type\":\"WebSite\",\"@id\":\"https:\/\/sipin.com.vn\/#website\",\"url\":\"https:\/\/sipin.com.vn\/\",\"name\":\"OMANI VI\u1ec6T NAM\",\"description\":\"Nh\u00e0 ph\u00e2n ph\u1ed1i thi\u1ebft b\u1ecb kh\u00ed n\u00e9n v\u00e0 thi\u1ebft b\u1ecb t\u1ef1 \u0111\u1ed9ng h\u00f3a trong c\u00f4ng nghi\u1ec7p\",\"publisher\":{\"@id\":\"https:\/\/sipin.com.vn\/#\/schema\/person\/0ad398a980dc3fd696111c2c5c8fa897\"},\"potentialAction\":[{\"@type\":\"SearchAction\",\"target\":{\"@type\":\"EntryPoint\",\"urlTemplate\":\"https:\/\/sipin.com.vn\/?s={search_term_string}\"},\"query-input\":\"required name=search_term_string\"}],\"inLanguage\":\"vi\"},{\"@type\":[\"Person\",\"Organization\"],\"@id\":\"https:\/\/sipin.com.vn\/#\/schema\/person\/0ad398a980dc3fd696111c2c5c8fa897\",\"name\":\"Nguy\u1ec5n V\u0103n Kh\u00e1nh\",\"image\":{\"@type\":\"ImageObject\",\"inLanguage\":\"vi\",\"@id\":\"https:\/\/sipin.com.vn\/#\/schema\/person\/image\/\",\"url\":\"https:\/\/sipin.com.vn\/wp-content\/uploads\/2024\/06\/logo-1024x1024.png\",\"contentUrl\":\"https:\/\/sipin.com.vn\/wp-content\/uploads\/2024\/06\/logo-1024x1024.png\",\"width\":1024,\"height\":1024,\"caption\":\"Nguy\u1ec5n V\u0103n Kh\u00e1nh\"},\"logo\":{\"@id\":\"https:\/\/sipin.com.vn\/#\/schema\/person\/image\/\"},\"sameAs\":[\"https:\/\/sipin.com.vn\"]}]}<\/script>\n<!-- \/ Yoast SEO plugin. -->","yoast_head_json":{"title":"HAKKO CUR-01 - OMANI VI\u1ec6T NAM","description":"HAKKO CUR-01 Touch Screen Communication Module","robots":{"index":"index","follow":"follow","max-snippet":"max-snippet:-1","max-image-preview":"max-image-preview:large","max-video-preview":"max-video-preview:-1"},"canonical":"https:\/\/sipin.com.vn\/index.php\/product\/hakko-cur-01\/","og_locale":"vi_VN","og_type":"article","og_title":"HAKKO CUR-01 - OMANI VI\u1ec6T NAM","og_description":"HAKKO CUR-01 Touch Screen Communication Module","og_url":"https:\/\/sipin.com.vn\/index.php\/product\/hakko-cur-01\/","og_site_name":"OMANI VI\u1ec6T NAM","og_image":[{"width":568,"height":440,"url":"https:\/\/sipin.com.vn\/wp-content\/uploads\/2026\/05\/CUR-01.png","type":"image\/png"}],"twitter_card":"summary_large_image","twitter_misc":{"\u01af\u1edbc t\u00ednh th\u1eddi gian \u0111\u1ecdc":"2 ph\u00fat"},"schema":{"@context":"https:\/\/schema.org","@graph":[{"@type":"WebPage","@id":"https:\/\/sipin.com.vn\/index.php\/product\/hakko-cur-01\/","url":"https:\/\/sipin.com.vn\/index.php\/product\/hakko-cur-01\/","name":"HAKKO CUR-01 - OMANI VI\u1ec6T NAM","isPartOf":{"@id":"https:\/\/sipin.com.vn\/#website"},"primaryImageOfPage":{"@id":"https:\/\/sipin.com.vn\/index.php\/product\/hakko-cur-01\/#primaryimage"},"image":{"@id":"https:\/\/sipin.com.vn\/index.php\/product\/hakko-cur-01\/#primaryimage"},"thumbnailUrl":"https:\/\/sipin.com.vn\/wp-content\/uploads\/2026\/05\/CUR-01.png","datePublished":"2026-05-09T15:07:20+00:00","dateModified":"2026-05-09T15:07:20+00:00","description":"HAKKO CUR-01 Touch Screen Communication Module","breadcrumb":{"@id":"https:\/\/sipin.com.vn\/index.php\/product\/hakko-cur-01\/#breadcrumb"},"inLanguage":"vi","potentialAction":[{"@type":"ReadAction","target":["https:\/\/sipin.com.vn\/index.php\/product\/hakko-cur-01\/"]}]},{"@type":"ImageObject","inLanguage":"vi","@id":"https:\/\/sipin.com.vn\/index.php\/product\/hakko-cur-01\/#primaryimage","url":"https:\/\/sipin.com.vn\/wp-content\/uploads\/2026\/05\/CUR-01.png","contentUrl":"https:\/\/sipin.com.vn\/wp-content\/uploads\/2026\/05\/CUR-01.png","width":568,"height":440},{"@type":"BreadcrumbList","@id":"https:\/\/sipin.com.vn\/index.php\/product\/hakko-cur-01\/#breadcrumb","itemListElement":[{"@type":"ListItem","position":1,"name":"Home","item":"https:\/\/sipin.com.vn\/"},{"@type":"ListItem","position":2,"name":"S\u1ea2N PH\u1ea8M","item":"https:\/\/sipin.com.vn\/index.php\/cua-hang\/"},{"@type":"ListItem","position":3,"name":"HAKKO CUR-01"}]},{"@type":"WebSite","@id":"https:\/\/sipin.com.vn\/#website","url":"https:\/\/sipin.com.vn\/","name":"OMANI VI\u1ec6T NAM","description":"Nh\u00e0 ph\u00e2n ph\u1ed1i thi\u1ebft b\u1ecb kh\u00ed n\u00e9n v\u00e0 thi\u1ebft b\u1ecb t\u1ef1 \u0111\u1ed9ng h\u00f3a trong c\u00f4ng nghi\u1ec7p","publisher":{"@id":"https:\/\/sipin.com.vn\/#\/schema\/person\/0ad398a980dc3fd696111c2c5c8fa897"},"potentialAction":[{"@type":"SearchAction","target":{"@type":"EntryPoint","urlTemplate":"https:\/\/sipin.com.vn\/?s={search_term_string}"},"query-input":"required name=search_term_string"}],"inLanguage":"vi"},{"@type":["Person","Organization"],"@id":"https:\/\/sipin.com.vn\/#\/schema\/person\/0ad398a980dc3fd696111c2c5c8fa897","name":"Nguy\u1ec5n V\u0103n Kh\u00e1nh","image":{"@type":"ImageObject","inLanguage":"vi","@id":"https:\/\/sipin.com.vn\/#\/schema\/person\/image\/","url":"https:\/\/sipin.com.vn\/wp-content\/uploads\/2024\/06\/logo-1024x1024.png","contentUrl":"https:\/\/sipin.com.vn\/wp-content\/uploads\/2024\/06\/logo-1024x1024.png","width":1024,"height":1024,"caption":"Nguy\u1ec5n V\u0103n Kh\u00e1nh"},"logo":{"@id":"https:\/\/sipin.com.vn\/#\/schema\/person\/image\/"},"sameAs":["https:\/\/sipin.com.vn"]}]}},"_links":{"self":[{"href":"https:\/\/sipin.com.vn\/index.php\/wp-json\/wp\/v2\/product\/4870","targetHints":{"allow":["GET"]}}],"collection":[{"href":"https:\/\/sipin.com.vn\/index.php\/wp-json\/wp\/v2\/product"}],"about":[{"href":"https:\/\/sipin.com.vn\/index.php\/wp-json\/wp\/v2\/types\/product"}],"replies":[{"embeddable":true,"href":"https:\/\/sipin.com.vn\/index.php\/wp-json\/wp\/v2\/comments?post=4870"}],"wp:featuredmedia":[{"embeddable":true,"href":"https:\/\/sipin.com.vn\/index.php\/wp-json\/wp\/v2\/media\/4871"}],"wp:attachment":[{"href":"https:\/\/sipin.com.vn\/index.php\/wp-json\/wp\/v2\/media?parent=4870"}],"wp:term":[{"taxonomy":"product_cat","embeddable":true,"href":"https:\/\/sipin.com.vn\/index.php\/wp-json\/wp\/v2\/product_cat?post=4870"},{"taxonomy":"product_tag","embeddable":true,"href":"https:\/\/sipin.com.vn\/index.php\/wp-json\/wp\/v2\/product_tag?post=4870"}],"curies":[{"name":"wp","href":"https:\/\/api.w.org\/{rel}","templated":true}]}}