{"id":4851,"date":"2026-04-22T21:57:04","date_gmt":"2026-04-22T14:57:04","guid":{"rendered":"https:\/\/sipin.com.vn\/?post_type=product&#038;p=4851"},"modified":"2026-04-22T21:57:04","modified_gmt":"2026-04-22T14:57:04","slug":"ifm-igs237","status":"publish","type":"product","link":"https:\/\/sipin.com.vn\/index.php\/product\/ifm-igs237\/","title":{"rendered":"IFM IGS237"},"content":{"rendered":"<p>IFM IGS237<\/p>\n<table>\n<thead>\n<tr>\n<th>\u0110\u1eb7c t\u00ednh k\u1ef9 thu\u1eadt<\/th>\n<th>Gi\u00e1 tr\u1ecb th\u00f4ng s\u1ed1<\/th>\n<\/tr>\n<\/thead>\n<tbody>\n<tr>\n<td>M\u00e3 s\u1ea3n ph\u1ea9m<\/td>\n<td>IGS237<\/td>\n<\/tr>\n<tr>\n<td>Lo\u1ea1i c\u1ea3m bi\u1ebfn<\/td>\n<td>C\u1ea3m bi\u1ebfn ti\u1ec7m c\u1eadn t\u1eeb<\/td>\n<\/tr>\n<tr>\n<td>K\u00edch th\u01b0\u1edbc ren<\/td>\n<td>M18 x 1<\/td>\n<\/tr>\n<tr>\n<td>Chi\u1ec1u d\u00e0i t\u1ed5ng th\u1ec3<\/td>\n<td>45 Milim\u00e9t<\/td>\n<\/tr>\n<tr>\n<td>Kho\u1ea3ng c\u00e1ch ph\u00e1t hi\u1ec7n<\/td>\n<td>12 Milim\u00e9t<\/td>\n<\/tr>\n<tr>\n<td>Ki\u1ec3u l\u1eafp \u0111\u1eb7t<\/td>\n<td>Kh\u00f4ng l\u1eafp \u00e2m<\/td>\n<\/tr>\n<tr>\n<td>Thi\u1ebft k\u1ebf \u0111i\u1ec7n<\/td>\n<td>NPN<\/td>\n<\/tr>\n<tr>\n<td>Ch\u1ee9c n\u0103ng ng\u00f5 ra<\/td>\n<td>Th\u01b0\u1eddng m\u1edf<\/td>\n<\/tr>\n<tr>\n<td>\u0110i\u1ec7n \u00e1p ho\u1ea1t \u0111\u1ed9ng<\/td>\n<td>10 \u0111\u1ebfn 30 V\u00f4n \u0111i\u1ec7n m\u1ed9t chi\u1ec1u<\/td>\n<\/tr>\n<tr>\n<td>D\u00f2ng \u0111i\u1ec7n t\u1ea3i \u0111\u1ecbnh m\u1ee9c t\u1ed1i \u0111a<\/td>\n<td>100 Miliampe<\/td>\n<\/tr>\n<tr>\n<td>T\u1ea7n s\u1ed1 chuy\u1ec3n m\u1ea1ch m\u1ed9t chi\u1ec1u<\/td>\n<td>300 H\u00e9c<\/td>\n<\/tr>\n<tr>\n<td>Nhi\u1ec7t \u0111\u1ed9 m\u00f4i tr\u01b0\u1eddng ho\u1ea1t \u0111\u1ed9ng<\/td>\n<td>\u00c2m 40 \u0111\u1ebfn 85 \u0110\u1ed9 C<\/td>\n<\/tr>\n<tr>\n<td>Ki\u1ec3u k\u1ebft n\u1ed1i<\/td>\n<td>Gi\u1eafc c\u1eafm M12<\/td>\n<\/tr>\n<tr>\n<td>V\u1eadt li\u1ec7u l\u1edbp v\u1ecf b\u1ea3o v\u1ec7<\/td>\n<td>\u0110\u1ed3ng thau m\u1ea1 \u0111\u1ed3ng tr\u1eafng, Nh\u1ef1a Polybutylene Terephthalate<\/td>\n<\/tr>\n<tr>\n<td>C\u1ea5p \u0111\u1ed9 b\u1ea3o v\u1ec7<\/td>\n<td>IP 65, IP 66, IP 67, IP 68, IP 69K<\/td>\n<\/tr>\n<\/tbody>\n<\/table>\n<p>&nbsp;<\/p>\n<p>IGS237 IFM ch\u00ednh h\u00e3ng IGB3012-BPKG\/US-104 Nh\u00e0 nh\u1eadp kh\u1ea9u th\u01b0\u01a1ng m\u1ea1i c\u00e1c s\u1ea3n ph\u1ea9m IFM t\u1ea1i Vi\u1ec7t Nam<\/p>\n<p>SM8601 IFM ch\u00ednh h\u00e3ng SMN11GGXFRKG\/US-100<\/p>\n<p>SM8500 IFM ch\u00ednh h\u00e3ng SMK11GGXFRKG\/US-100<\/p>\n<p>SM8404 IFM ch\u00ednh h\u00e3ng SMK11GGX50KG\/US-100<\/p>\n<p>SM8400 IFM ch\u00ednh h\u00e3ng SMK11GGXFRKG\/US-100<\/p>\n<p>SM8100 IFM ch\u00ednh h\u00e3ng SMR11GGXFRKG\/US-100<\/p>\n<p>\u0110\u1ea1i l\u00fd IFM vietnam, IFM viet nam, IFM vietnam distributor, Ph\u00e2n ph\u1ed1i IFM t\u1ea1i vi\u1ec7t nam<\/p>\n<p>\u0110\u1ea1i l\u00fd IFM vietnam, IFM viet nam, IFM vietnam distributor, Ph\u00e2n ph\u1ed1i IFM t\u1ea1i vi\u1ec7t nam<\/p>\n<p>\u0110\u1ea1i l\u00fd IFM vietnam, IFM viet nam, IFM vietnam distributor, Ph\u00e2n ph\u1ed1i IFM t\u1ea1i vi\u1ec7t nam<\/p>\n","protected":false},"excerpt":{"rendered":"<p>IFM IGS237 \u0110\u1eb7c t\u00ednh k\u1ef9 thu\u1eadt Gi\u00e1 tr\u1ecb th\u00f4ng s\u1ed1 M\u00e3 s\u1ea3n ph\u1ea9m IGS237 Lo\u1ea1i c\u1ea3m bi\u1ebfn C\u1ea3m bi\u1ebfn ti\u1ec7m c\u1eadn t\u1eeb K\u00edch th\u01b0\u1edbc ren M18 x 1 Chi\u1ec1u d\u00e0i t\u1ed5ng th\u1ec3 45 Milim\u00e9t Kho\u1ea3ng c\u00e1ch ph\u00e1t hi\u1ec7n 12 Milim\u00e9t Ki\u1ec3u l\u1eafp \u0111\u1eb7t Kh\u00f4ng l\u1eafp \u00e2m Thi\u1ebft k\u1ebf \u0111i\u1ec7n NPN&hellip; <\/p>\n","protected":false},"featured_media":4852,"comment_status":"open","ping_status":"closed","template":"","meta":{"om_disable_all_campaigns":false,"_monsterinsights_skip_tracking":false,"_monsterinsights_sitenote_active":false,"_monsterinsights_sitenote_note":"","_monsterinsights_sitenote_category":0},"product_cat":[782],"product_tag":[88,166,165],"class_list":{"0":"post-4851","1":"product","2":"type-product","3":"status-publish","4":"has-post-thumbnail","6":"product_cat-ifm","7":"product_tag-cam-bien","8":"product_tag-dai-ly-ifm-viet-nam","9":"product_tag-ifm-viet-nam","11":"first","12":"instock","13":"shipping-taxable","14":"product-type-simple"},"aioseo_notices":[],"yoast_head":"<!-- This site is optimized with the Yoast SEO plugin v22.8 - https:\/\/yoast.com\/wordpress\/plugins\/seo\/ -->\n<title>IFM IGS237 - OMANI VI\u1ec6T NAM<\/title>\n<meta name=\"description\" content=\"IFM IGS237 Sensor\" \/>\n<meta name=\"robots\" content=\"index, follow, max-snippet:-1, max-image-preview:large, max-video-preview:-1\" \/>\n<link rel=\"canonical\" href=\"https:\/\/sipin.com.vn\/index.php\/product\/ifm-igs237\/\" \/>\n<meta property=\"og:locale\" content=\"vi_VN\" \/>\n<meta property=\"og:type\" content=\"article\" \/>\n<meta property=\"og:title\" content=\"IFM IGS237 - OMANI VI\u1ec6T NAM\" \/>\n<meta property=\"og:description\" content=\"IFM IGS237 Sensor\" \/>\n<meta property=\"og:url\" content=\"https:\/\/sipin.com.vn\/index.php\/product\/ifm-igs237\/\" \/>\n<meta property=\"og:site_name\" content=\"OMANI VI\u1ec6T NAM\" \/>\n<meta property=\"og:image\" content=\"https:\/\/sipin.com.vn\/wp-content\/uploads\/2026\/04\/IGS237.png\" \/>\n\t<meta property=\"og:image:width\" content=\"763\" \/>\n\t<meta property=\"og:image:height\" content=\"838\" \/>\n\t<meta property=\"og:image:type\" content=\"image\/png\" \/>\n<meta name=\"twitter:card\" content=\"summary_large_image\" \/>\n<meta name=\"twitter:label1\" content=\"\u01af\u1edbc t\u00ednh th\u1eddi gian \u0111\u1ecdc\" \/>\n\t<meta name=\"twitter:data1\" content=\"2 ph\u00fat\" \/>\n<script type=\"application\/ld+json\" class=\"yoast-schema-graph\">{\"@context\":\"https:\/\/schema.org\",\"@graph\":[{\"@type\":\"WebPage\",\"@id\":\"https:\/\/sipin.com.vn\/index.php\/product\/ifm-igs237\/\",\"url\":\"https:\/\/sipin.com.vn\/index.php\/product\/ifm-igs237\/\",\"name\":\"IFM IGS237 - OMANI VI\u1ec6T NAM\",\"isPartOf\":{\"@id\":\"https:\/\/sipin.com.vn\/#website\"},\"primaryImageOfPage\":{\"@id\":\"https:\/\/sipin.com.vn\/index.php\/product\/ifm-igs237\/#primaryimage\"},\"image\":{\"@id\":\"https:\/\/sipin.com.vn\/index.php\/product\/ifm-igs237\/#primaryimage\"},\"thumbnailUrl\":\"https:\/\/sipin.com.vn\/wp-content\/uploads\/2026\/04\/IGS237.png\",\"datePublished\":\"2026-04-22T14:57:04+00:00\",\"dateModified\":\"2026-04-22T14:57:04+00:00\",\"description\":\"IFM IGS237 Sensor\",\"breadcrumb\":{\"@id\":\"https:\/\/sipin.com.vn\/index.php\/product\/ifm-igs237\/#breadcrumb\"},\"inLanguage\":\"vi\",\"potentialAction\":[{\"@type\":\"ReadAction\",\"target\":[\"https:\/\/sipin.com.vn\/index.php\/product\/ifm-igs237\/\"]}]},{\"@type\":\"ImageObject\",\"inLanguage\":\"vi\",\"@id\":\"https:\/\/sipin.com.vn\/index.php\/product\/ifm-igs237\/#primaryimage\",\"url\":\"https:\/\/sipin.com.vn\/wp-content\/uploads\/2026\/04\/IGS237.png\",\"contentUrl\":\"https:\/\/sipin.com.vn\/wp-content\/uploads\/2026\/04\/IGS237.png\",\"width\":763,\"height\":838},{\"@type\":\"BreadcrumbList\",\"@id\":\"https:\/\/sipin.com.vn\/index.php\/product\/ifm-igs237\/#breadcrumb\",\"itemListElement\":[{\"@type\":\"ListItem\",\"position\":1,\"name\":\"Home\",\"item\":\"https:\/\/sipin.com.vn\/\"},{\"@type\":\"ListItem\",\"position\":2,\"name\":\"S\u1ea2N PH\u1ea8M\",\"item\":\"https:\/\/sipin.com.vn\/index.php\/cua-hang\/\"},{\"@type\":\"ListItem\",\"position\":3,\"name\":\"IFM IGS237\"}]},{\"@type\":\"WebSite\",\"@id\":\"https:\/\/sipin.com.vn\/#website\",\"url\":\"https:\/\/sipin.com.vn\/\",\"name\":\"OMANI VI\u1ec6T NAM\",\"description\":\"Nh\u00e0 ph\u00e2n ph\u1ed1i thi\u1ebft b\u1ecb kh\u00ed n\u00e9n v\u00e0 thi\u1ebft b\u1ecb t\u1ef1 \u0111\u1ed9ng h\u00f3a trong c\u00f4ng nghi\u1ec7p\",\"publisher\":{\"@id\":\"https:\/\/sipin.com.vn\/#\/schema\/person\/0ad398a980dc3fd696111c2c5c8fa897\"},\"potentialAction\":[{\"@type\":\"SearchAction\",\"target\":{\"@type\":\"EntryPoint\",\"urlTemplate\":\"https:\/\/sipin.com.vn\/?s={search_term_string}\"},\"query-input\":\"required name=search_term_string\"}],\"inLanguage\":\"vi\"},{\"@type\":[\"Person\",\"Organization\"],\"@id\":\"https:\/\/sipin.com.vn\/#\/schema\/person\/0ad398a980dc3fd696111c2c5c8fa897\",\"name\":\"Nguy\u1ec5n V\u0103n Kh\u00e1nh\",\"image\":{\"@type\":\"ImageObject\",\"inLanguage\":\"vi\",\"@id\":\"https:\/\/sipin.com.vn\/#\/schema\/person\/image\/\",\"url\":\"https:\/\/sipin.com.vn\/wp-content\/uploads\/2024\/06\/logo-1024x1024.png\",\"contentUrl\":\"https:\/\/sipin.com.vn\/wp-content\/uploads\/2024\/06\/logo-1024x1024.png\",\"width\":1024,\"height\":1024,\"caption\":\"Nguy\u1ec5n V\u0103n Kh\u00e1nh\"},\"logo\":{\"@id\":\"https:\/\/sipin.com.vn\/#\/schema\/person\/image\/\"},\"sameAs\":[\"https:\/\/sipin.com.vn\"]}]}<\/script>\n<!-- \/ Yoast SEO plugin. -->","yoast_head_json":{"title":"IFM IGS237 - OMANI VI\u1ec6T NAM","description":"IFM IGS237 Sensor","robots":{"index":"index","follow":"follow","max-snippet":"max-snippet:-1","max-image-preview":"max-image-preview:large","max-video-preview":"max-video-preview:-1"},"canonical":"https:\/\/sipin.com.vn\/index.php\/product\/ifm-igs237\/","og_locale":"vi_VN","og_type":"article","og_title":"IFM IGS237 - OMANI VI\u1ec6T NAM","og_description":"IFM IGS237 Sensor","og_url":"https:\/\/sipin.com.vn\/index.php\/product\/ifm-igs237\/","og_site_name":"OMANI VI\u1ec6T NAM","og_image":[{"width":763,"height":838,"url":"https:\/\/sipin.com.vn\/wp-content\/uploads\/2026\/04\/IGS237.png","type":"image\/png"}],"twitter_card":"summary_large_image","twitter_misc":{"\u01af\u1edbc t\u00ednh th\u1eddi gian \u0111\u1ecdc":"2 ph\u00fat"},"schema":{"@context":"https:\/\/schema.org","@graph":[{"@type":"WebPage","@id":"https:\/\/sipin.com.vn\/index.php\/product\/ifm-igs237\/","url":"https:\/\/sipin.com.vn\/index.php\/product\/ifm-igs237\/","name":"IFM IGS237 - OMANI VI\u1ec6T NAM","isPartOf":{"@id":"https:\/\/sipin.com.vn\/#website"},"primaryImageOfPage":{"@id":"https:\/\/sipin.com.vn\/index.php\/product\/ifm-igs237\/#primaryimage"},"image":{"@id":"https:\/\/sipin.com.vn\/index.php\/product\/ifm-igs237\/#primaryimage"},"thumbnailUrl":"https:\/\/sipin.com.vn\/wp-content\/uploads\/2026\/04\/IGS237.png","datePublished":"2026-04-22T14:57:04+00:00","dateModified":"2026-04-22T14:57:04+00:00","description":"IFM IGS237 Sensor","breadcrumb":{"@id":"https:\/\/sipin.com.vn\/index.php\/product\/ifm-igs237\/#breadcrumb"},"inLanguage":"vi","potentialAction":[{"@type":"ReadAction","target":["https:\/\/sipin.com.vn\/index.php\/product\/ifm-igs237\/"]}]},{"@type":"ImageObject","inLanguage":"vi","@id":"https:\/\/sipin.com.vn\/index.php\/product\/ifm-igs237\/#primaryimage","url":"https:\/\/sipin.com.vn\/wp-content\/uploads\/2026\/04\/IGS237.png","contentUrl":"https:\/\/sipin.com.vn\/wp-content\/uploads\/2026\/04\/IGS237.png","width":763,"height":838},{"@type":"BreadcrumbList","@id":"https:\/\/sipin.com.vn\/index.php\/product\/ifm-igs237\/#breadcrumb","itemListElement":[{"@type":"ListItem","position":1,"name":"Home","item":"https:\/\/sipin.com.vn\/"},{"@type":"ListItem","position":2,"name":"S\u1ea2N PH\u1ea8M","item":"https:\/\/sipin.com.vn\/index.php\/cua-hang\/"},{"@type":"ListItem","position":3,"name":"IFM IGS237"}]},{"@type":"WebSite","@id":"https:\/\/sipin.com.vn\/#website","url":"https:\/\/sipin.com.vn\/","name":"OMANI VI\u1ec6T NAM","description":"Nh\u00e0 ph\u00e2n ph\u1ed1i thi\u1ebft b\u1ecb kh\u00ed n\u00e9n v\u00e0 thi\u1ebft b\u1ecb t\u1ef1 \u0111\u1ed9ng h\u00f3a trong c\u00f4ng nghi\u1ec7p","publisher":{"@id":"https:\/\/sipin.com.vn\/#\/schema\/person\/0ad398a980dc3fd696111c2c5c8fa897"},"potentialAction":[{"@type":"SearchAction","target":{"@type":"EntryPoint","urlTemplate":"https:\/\/sipin.com.vn\/?s={search_term_string}"},"query-input":"required name=search_term_string"}],"inLanguage":"vi"},{"@type":["Person","Organization"],"@id":"https:\/\/sipin.com.vn\/#\/schema\/person\/0ad398a980dc3fd696111c2c5c8fa897","name":"Nguy\u1ec5n V\u0103n Kh\u00e1nh","image":{"@type":"ImageObject","inLanguage":"vi","@id":"https:\/\/sipin.com.vn\/#\/schema\/person\/image\/","url":"https:\/\/sipin.com.vn\/wp-content\/uploads\/2024\/06\/logo-1024x1024.png","contentUrl":"https:\/\/sipin.com.vn\/wp-content\/uploads\/2024\/06\/logo-1024x1024.png","width":1024,"height":1024,"caption":"Nguy\u1ec5n V\u0103n Kh\u00e1nh"},"logo":{"@id":"https:\/\/sipin.com.vn\/#\/schema\/person\/image\/"},"sameAs":["https:\/\/sipin.com.vn"]}]}},"_links":{"self":[{"href":"https:\/\/sipin.com.vn\/index.php\/wp-json\/wp\/v2\/product\/4851","targetHints":{"allow":["GET"]}}],"collection":[{"href":"https:\/\/sipin.com.vn\/index.php\/wp-json\/wp\/v2\/product"}],"about":[{"href":"https:\/\/sipin.com.vn\/index.php\/wp-json\/wp\/v2\/types\/product"}],"replies":[{"embeddable":true,"href":"https:\/\/sipin.com.vn\/index.php\/wp-json\/wp\/v2\/comments?post=4851"}],"wp:featuredmedia":[{"embeddable":true,"href":"https:\/\/sipin.com.vn\/index.php\/wp-json\/wp\/v2\/media\/4852"}],"wp:attachment":[{"href":"https:\/\/sipin.com.vn\/index.php\/wp-json\/wp\/v2\/media?parent=4851"}],"wp:term":[{"taxonomy":"product_cat","embeddable":true,"href":"https:\/\/sipin.com.vn\/index.php\/wp-json\/wp\/v2\/product_cat?post=4851"},{"taxonomy":"product_tag","embeddable":true,"href":"https:\/\/sipin.com.vn\/index.php\/wp-json\/wp\/v2\/product_tag?post=4851"}],"curies":[{"name":"wp","href":"https:\/\/api.w.org\/{rel}","templated":true}]}}