{"id":4843,"date":"2026-04-21T21:41:21","date_gmt":"2026-04-21T14:41:21","guid":{"rendered":"https:\/\/sipin.com.vn\/?post_type=product&#038;p=4843"},"modified":"2026-04-21T21:42:28","modified_gmt":"2026-04-21T14:42:28","slug":"ross-j3573a4735","status":"publish","type":"product","link":"https:\/\/sipin.com.vn\/index.php\/product\/ross-j3573a4735\/","title":{"rendered":"ROSS J3573A4735"},"content":{"rendered":"<p>ROSS J3573A4735<\/p>\n<p>24V\/110V\/220V<\/p>\n<p class=\"heading copy-color fz-25\">Double Valves with or w\/o Pressure Switches, Ports 1\/4 to 3\/4<\/p>\n<ul>\n<li>Designed to enable users to comply with current safety regulations<\/li>\n<li>Can be integrated with external monitoring systems to provide for lockout and inhibiting further machine operation until the controls system is reset<\/li>\n<li>Default to de-energized position upon fault condition<\/li>\n<\/ul>\n<table class=\"fz-14\">\n<tbody>\n<tr>\n<td>Port Size (In)<\/td>\n<td>1\/2&#8243;<\/td>\n<\/tr>\n<tr>\n<td>Port Size (Out)<\/td>\n<td>1\/2&#8243;<\/td>\n<\/tr>\n<tr>\n<td>Port Size (Exhaust)<\/td>\n<td>1&#8243;<\/td>\n<\/tr>\n<tr>\n<td>Port Thread<\/td>\n<td>NPT<\/td>\n<\/tr>\n<tr>\n<td>Cv (Exhaust)<\/td>\n<td>6.6<\/td>\n<\/tr>\n<tr>\n<td>Cv (In-Out)<\/td>\n<td>3.7<\/td>\n<\/tr>\n<tr>\n<td>Voltage<\/td>\n<td>24 VDC<\/td>\n<\/tr>\n<tr>\n<td>Mounting Type<\/td>\n<td>Base Mounted<\/td>\n<\/tr>\n<tr>\n<td>Inlet Side<\/td>\n<td>Left Side<\/td>\n<\/tr>\n<tr>\n<td>Status Indicator<\/td>\n<td>N\/A<\/td>\n<\/tr>\n<tr>\n<td>Monitor Type<\/td>\n<td>Externally Monitored<\/td>\n<\/tr>\n<tr>\n<td>Override<\/td>\n<td>Without Override<\/td>\n<\/tr>\n<tr>\n<td>Reset Type<\/td>\n<td>N\/A<\/td>\n<\/tr>\n<tr>\n<td>Input to Main Solenoid<\/td>\n<td>Independent<\/td>\n<\/tr>\n<tr>\n<td>Switches for External Monitoring<\/td>\n<td>N\/A<\/td>\n<\/tr>\n<tr>\n<td>Solenoid Connection<\/td>\n<td>DIN<\/td>\n<\/tr>\n<tr>\n<td>Status Indicator Connection<\/td>\n<td>N\/A<\/td>\n<\/tr>\n<\/tbody>\n<\/table>\n<p>&nbsp;<\/p>\n<p><span data-spm-anchor-id=\"a2o4n.pdp_revamp.product_detail.i4.9a217dc7qWI8Go\">M\u1ed9t s\u1ed1 model kh\u00e1c:<\/span><\/p>\n<p>D3573A8161 AC110V<\/p>\n<p>D3573A8161 DC24V<\/p>\n<p>D3573A6161 AC110V<\/p>\n<p>D3573A6161 DC24V<\/p>\n<p>D3573A6164 AC110V<\/p>\n<p>D3573A6164 DC24<\/p>\n<p>J3573A4735 AC110V<\/p>\n<p>J3573A4735 AC220V<\/p>\n<p><span data-spm-anchor-id=\"a2o4n.pdp_revamp.product_detail.i5.9a217dc7qWI8Go\">J3573A4735 DC24V<\/span><\/p>\n<p>J3573B4883 AC110V<\/p>\n<p>J3573B4883 AC220V<\/p>\n<p>J3573B4883 DC24V<\/p>\n<p>J3573B5259 AC110V<\/p>\n<p>J3573B5259 DC24V<\/p>\n<p>J3573D4015 AC110V<\/p>\n<p>\u0110\u1ea1i l\u00fd ROSS vietnam, ROSS viet nam, ROSS vietnam distributor, Ph\u00e2n ph\u1ed1i ROSSL t\u1ea1i vi\u1ec7t nam<\/p>\n<p>\u0110\u1ea1i l\u00fd ROSS vietnam, ROSS viet nam, ROSS vietnam distributor, Ph\u00e2n ph\u1ed1i ROSSL t\u1ea1i vi\u1ec7t nam<\/p>\n<p>\u0110\u1ea1i l\u00fd ROSS vietnam, ROSS viet nam, ROSS vietnam distributor, Ph\u00e2n ph\u1ed1i ROSSL t\u1ea1i vi\u1ec7t nam<\/p>\n","protected":false},"excerpt":{"rendered":"<p>ROSS J3573A4735 24V\/110V\/220V Double Valves with or w\/o Pressure Switches, Ports 1\/4 to 3\/4 Designed to enable users to comply with current safety regulations Can be integrated with external monitoring systems to provide for lockout and inhibiting further machine operation until the controls system is reset Default to de-energized position&hellip; <\/p>\n","protected":false},"featured_media":4844,"comment_status":"open","ping_status":"closed","template":"","meta":{"om_disable_all_campaigns":false,"_monsterinsights_skip_tracking":false,"_monsterinsights_sitenote_active":false,"_monsterinsights_sitenote_note":"","_monsterinsights_sitenote_category":0},"product_cat":[1008],"product_tag":[316,315,451],"class_list":{"0":"post-4843","1":"product","2":"type-product","3":"status-publish","4":"has-post-thumbnail","6":"product_cat-ross","7":"product_tag-dai-ly-ross-viet-nam","8":"product_tag-ross-viet-nam","9":"product_tag-van","11":"first","12":"instock","13":"shipping-taxable","14":"product-type-simple"},"aioseo_notices":[],"yoast_head":"<!-- This site is optimized with the Yoast SEO plugin v22.8 - https:\/\/yoast.com\/wordpress\/plugins\/seo\/ -->\n<title>ROSS J3573A4735 - OMANI VI\u1ec6T NAM<\/title>\n<meta name=\"description\" content=\"ROSS J3573A4735 Valve\" \/>\n<meta name=\"robots\" content=\"index, follow, max-snippet:-1, max-image-preview:large, max-video-preview:-1\" \/>\n<link rel=\"canonical\" href=\"https:\/\/sipin.com.vn\/index.php\/product\/ross-j3573a4735\/\" \/>\n<meta property=\"og:locale\" content=\"vi_VN\" \/>\n<meta property=\"og:type\" content=\"article\" \/>\n<meta property=\"og:title\" content=\"ROSS J3573A4735 - OMANI VI\u1ec6T NAM\" \/>\n<meta property=\"og:description\" content=\"ROSS J3573A4735 Valve\" \/>\n<meta property=\"og:url\" content=\"https:\/\/sipin.com.vn\/index.php\/product\/ross-j3573a4735\/\" \/>\n<meta property=\"og:site_name\" content=\"OMANI VI\u1ec6T NAM\" \/>\n<meta property=\"article:modified_time\" content=\"2026-04-21T14:42:28+00:00\" \/>\n<meta property=\"og:image\" content=\"https:\/\/sipin.com.vn\/wp-content\/uploads\/2026\/04\/J3573A4735.png\" \/>\n\t<meta property=\"og:image:width\" content=\"799\" \/>\n\t<meta property=\"og:image:height\" content=\"725\" \/>\n\t<meta property=\"og:image:type\" content=\"image\/png\" \/>\n<meta name=\"twitter:card\" content=\"summary_large_image\" \/>\n<meta name=\"twitter:label1\" content=\"\u01af\u1edbc t\u00ednh th\u1eddi gian \u0111\u1ecdc\" \/>\n\t<meta name=\"twitter:data1\" content=\"2 ph\u00fat\" \/>\n<script type=\"application\/ld+json\" class=\"yoast-schema-graph\">{\"@context\":\"https:\/\/schema.org\",\"@graph\":[{\"@type\":\"WebPage\",\"@id\":\"https:\/\/sipin.com.vn\/index.php\/product\/ross-j3573a4735\/\",\"url\":\"https:\/\/sipin.com.vn\/index.php\/product\/ross-j3573a4735\/\",\"name\":\"ROSS J3573A4735 - OMANI VI\u1ec6T NAM\",\"isPartOf\":{\"@id\":\"https:\/\/sipin.com.vn\/#website\"},\"primaryImageOfPage\":{\"@id\":\"https:\/\/sipin.com.vn\/index.php\/product\/ross-j3573a4735\/#primaryimage\"},\"image\":{\"@id\":\"https:\/\/sipin.com.vn\/index.php\/product\/ross-j3573a4735\/#primaryimage\"},\"thumbnailUrl\":\"https:\/\/sipin.com.vn\/wp-content\/uploads\/2026\/04\/J3573A4735.png\",\"datePublished\":\"2026-04-21T14:41:21+00:00\",\"dateModified\":\"2026-04-21T14:42:28+00:00\",\"description\":\"ROSS J3573A4735 Valve\",\"breadcrumb\":{\"@id\":\"https:\/\/sipin.com.vn\/index.php\/product\/ross-j3573a4735\/#breadcrumb\"},\"inLanguage\":\"vi\",\"potentialAction\":[{\"@type\":\"ReadAction\",\"target\":[\"https:\/\/sipin.com.vn\/index.php\/product\/ross-j3573a4735\/\"]}]},{\"@type\":\"ImageObject\",\"inLanguage\":\"vi\",\"@id\":\"https:\/\/sipin.com.vn\/index.php\/product\/ross-j3573a4735\/#primaryimage\",\"url\":\"https:\/\/sipin.com.vn\/wp-content\/uploads\/2026\/04\/J3573A4735.png\",\"contentUrl\":\"https:\/\/sipin.com.vn\/wp-content\/uploads\/2026\/04\/J3573A4735.png\",\"width\":799,\"height\":725},{\"@type\":\"BreadcrumbList\",\"@id\":\"https:\/\/sipin.com.vn\/index.php\/product\/ross-j3573a4735\/#breadcrumb\",\"itemListElement\":[{\"@type\":\"ListItem\",\"position\":1,\"name\":\"Home\",\"item\":\"https:\/\/sipin.com.vn\/\"},{\"@type\":\"ListItem\",\"position\":2,\"name\":\"S\u1ea2N PH\u1ea8M\",\"item\":\"https:\/\/sipin.com.vn\/index.php\/cua-hang\/\"},{\"@type\":\"ListItem\",\"position\":3,\"name\":\"ROSS J3573A4735\"}]},{\"@type\":\"WebSite\",\"@id\":\"https:\/\/sipin.com.vn\/#website\",\"url\":\"https:\/\/sipin.com.vn\/\",\"name\":\"OMANI VI\u1ec6T NAM\",\"description\":\"Nh\u00e0 ph\u00e2n ph\u1ed1i thi\u1ebft b\u1ecb kh\u00ed n\u00e9n v\u00e0 thi\u1ebft b\u1ecb t\u1ef1 \u0111\u1ed9ng h\u00f3a trong c\u00f4ng nghi\u1ec7p\",\"publisher\":{\"@id\":\"https:\/\/sipin.com.vn\/#\/schema\/person\/0ad398a980dc3fd696111c2c5c8fa897\"},\"potentialAction\":[{\"@type\":\"SearchAction\",\"target\":{\"@type\":\"EntryPoint\",\"urlTemplate\":\"https:\/\/sipin.com.vn\/?s={search_term_string}\"},\"query-input\":\"required name=search_term_string\"}],\"inLanguage\":\"vi\"},{\"@type\":[\"Person\",\"Organization\"],\"@id\":\"https:\/\/sipin.com.vn\/#\/schema\/person\/0ad398a980dc3fd696111c2c5c8fa897\",\"name\":\"Nguy\u1ec5n V\u0103n Kh\u00e1nh\",\"image\":{\"@type\":\"ImageObject\",\"inLanguage\":\"vi\",\"@id\":\"https:\/\/sipin.com.vn\/#\/schema\/person\/image\/\",\"url\":\"https:\/\/sipin.com.vn\/wp-content\/uploads\/2024\/06\/logo-1024x1024.png\",\"contentUrl\":\"https:\/\/sipin.com.vn\/wp-content\/uploads\/2024\/06\/logo-1024x1024.png\",\"width\":1024,\"height\":1024,\"caption\":\"Nguy\u1ec5n V\u0103n Kh\u00e1nh\"},\"logo\":{\"@id\":\"https:\/\/sipin.com.vn\/#\/schema\/person\/image\/\"},\"sameAs\":[\"https:\/\/sipin.com.vn\"]}]}<\/script>\n<!-- \/ Yoast SEO plugin. -->","yoast_head_json":{"title":"ROSS J3573A4735 - OMANI VI\u1ec6T NAM","description":"ROSS J3573A4735 Valve","robots":{"index":"index","follow":"follow","max-snippet":"max-snippet:-1","max-image-preview":"max-image-preview:large","max-video-preview":"max-video-preview:-1"},"canonical":"https:\/\/sipin.com.vn\/index.php\/product\/ross-j3573a4735\/","og_locale":"vi_VN","og_type":"article","og_title":"ROSS J3573A4735 - OMANI VI\u1ec6T NAM","og_description":"ROSS J3573A4735 Valve","og_url":"https:\/\/sipin.com.vn\/index.php\/product\/ross-j3573a4735\/","og_site_name":"OMANI VI\u1ec6T NAM","article_modified_time":"2026-04-21T14:42:28+00:00","og_image":[{"width":799,"height":725,"url":"https:\/\/sipin.com.vn\/wp-content\/uploads\/2026\/04\/J3573A4735.png","type":"image\/png"}],"twitter_card":"summary_large_image","twitter_misc":{"\u01af\u1edbc t\u00ednh th\u1eddi gian \u0111\u1ecdc":"2 ph\u00fat"},"schema":{"@context":"https:\/\/schema.org","@graph":[{"@type":"WebPage","@id":"https:\/\/sipin.com.vn\/index.php\/product\/ross-j3573a4735\/","url":"https:\/\/sipin.com.vn\/index.php\/product\/ross-j3573a4735\/","name":"ROSS J3573A4735 - OMANI VI\u1ec6T NAM","isPartOf":{"@id":"https:\/\/sipin.com.vn\/#website"},"primaryImageOfPage":{"@id":"https:\/\/sipin.com.vn\/index.php\/product\/ross-j3573a4735\/#primaryimage"},"image":{"@id":"https:\/\/sipin.com.vn\/index.php\/product\/ross-j3573a4735\/#primaryimage"},"thumbnailUrl":"https:\/\/sipin.com.vn\/wp-content\/uploads\/2026\/04\/J3573A4735.png","datePublished":"2026-04-21T14:41:21+00:00","dateModified":"2026-04-21T14:42:28+00:00","description":"ROSS J3573A4735 Valve","breadcrumb":{"@id":"https:\/\/sipin.com.vn\/index.php\/product\/ross-j3573a4735\/#breadcrumb"},"inLanguage":"vi","potentialAction":[{"@type":"ReadAction","target":["https:\/\/sipin.com.vn\/index.php\/product\/ross-j3573a4735\/"]}]},{"@type":"ImageObject","inLanguage":"vi","@id":"https:\/\/sipin.com.vn\/index.php\/product\/ross-j3573a4735\/#primaryimage","url":"https:\/\/sipin.com.vn\/wp-content\/uploads\/2026\/04\/J3573A4735.png","contentUrl":"https:\/\/sipin.com.vn\/wp-content\/uploads\/2026\/04\/J3573A4735.png","width":799,"height":725},{"@type":"BreadcrumbList","@id":"https:\/\/sipin.com.vn\/index.php\/product\/ross-j3573a4735\/#breadcrumb","itemListElement":[{"@type":"ListItem","position":1,"name":"Home","item":"https:\/\/sipin.com.vn\/"},{"@type":"ListItem","position":2,"name":"S\u1ea2N PH\u1ea8M","item":"https:\/\/sipin.com.vn\/index.php\/cua-hang\/"},{"@type":"ListItem","position":3,"name":"ROSS J3573A4735"}]},{"@type":"WebSite","@id":"https:\/\/sipin.com.vn\/#website","url":"https:\/\/sipin.com.vn\/","name":"OMANI VI\u1ec6T NAM","description":"Nh\u00e0 ph\u00e2n ph\u1ed1i thi\u1ebft b\u1ecb kh\u00ed n\u00e9n v\u00e0 thi\u1ebft b\u1ecb t\u1ef1 \u0111\u1ed9ng h\u00f3a trong c\u00f4ng nghi\u1ec7p","publisher":{"@id":"https:\/\/sipin.com.vn\/#\/schema\/person\/0ad398a980dc3fd696111c2c5c8fa897"},"potentialAction":[{"@type":"SearchAction","target":{"@type":"EntryPoint","urlTemplate":"https:\/\/sipin.com.vn\/?s={search_term_string}"},"query-input":"required name=search_term_string"}],"inLanguage":"vi"},{"@type":["Person","Organization"],"@id":"https:\/\/sipin.com.vn\/#\/schema\/person\/0ad398a980dc3fd696111c2c5c8fa897","name":"Nguy\u1ec5n V\u0103n Kh\u00e1nh","image":{"@type":"ImageObject","inLanguage":"vi","@id":"https:\/\/sipin.com.vn\/#\/schema\/person\/image\/","url":"https:\/\/sipin.com.vn\/wp-content\/uploads\/2024\/06\/logo-1024x1024.png","contentUrl":"https:\/\/sipin.com.vn\/wp-content\/uploads\/2024\/06\/logo-1024x1024.png","width":1024,"height":1024,"caption":"Nguy\u1ec5n V\u0103n Kh\u00e1nh"},"logo":{"@id":"https:\/\/sipin.com.vn\/#\/schema\/person\/image\/"},"sameAs":["https:\/\/sipin.com.vn"]}]}},"_links":{"self":[{"href":"https:\/\/sipin.com.vn\/index.php\/wp-json\/wp\/v2\/product\/4843","targetHints":{"allow":["GET"]}}],"collection":[{"href":"https:\/\/sipin.com.vn\/index.php\/wp-json\/wp\/v2\/product"}],"about":[{"href":"https:\/\/sipin.com.vn\/index.php\/wp-json\/wp\/v2\/types\/product"}],"replies":[{"embeddable":true,"href":"https:\/\/sipin.com.vn\/index.php\/wp-json\/wp\/v2\/comments?post=4843"}],"wp:featuredmedia":[{"embeddable":true,"href":"https:\/\/sipin.com.vn\/index.php\/wp-json\/wp\/v2\/media\/4844"}],"wp:attachment":[{"href":"https:\/\/sipin.com.vn\/index.php\/wp-json\/wp\/v2\/media?parent=4843"}],"wp:term":[{"taxonomy":"product_cat","embeddable":true,"href":"https:\/\/sipin.com.vn\/index.php\/wp-json\/wp\/v2\/product_cat?post=4843"},{"taxonomy":"product_tag","embeddable":true,"href":"https:\/\/sipin.com.vn\/index.php\/wp-json\/wp\/v2\/product_tag?post=4843"}],"curies":[{"name":"wp","href":"https:\/\/api.w.org\/{rel}","templated":true}]}}