{"id":4841,"date":"2026-04-19T17:38:04","date_gmt":"2026-04-19T10:38:04","guid":{"rendered":"https:\/\/sipin.com.vn\/?post_type=product&#038;p=4841"},"modified":"2026-04-19T17:38:22","modified_gmt":"2026-04-19T10:38:22","slug":"meanwell-tdr-960-24","status":"publish","type":"product","link":"https:\/\/sipin.com.vn\/index.php\/product\/meanwell-tdr-960-24\/","title":{"rendered":"MEANWELL TDR-960-24"},"content":{"rendered":"<p>MEANWELL TDR-960-24<\/p>\n<h1 class=\"title-page\">MEANWELL<\/h1>\n<div class=\"coll_des coll_des_top mb_20\">\n<div class=\"rte\">\n<p><strong>Meanwell\u00a0<\/strong>\u2013 th\u01b0\u01a1ng hi\u1ec7u h\u00e0ng \u0111\u1ea7u \u0111\u1ebfn t\u1eeb \u0110\u00e0i Loan, \u0111\u01b0\u1ee3c th\u00e0nh l\u1eadp t\u1eeb n\u0103m 1982, l\u00e0 m\u1ed9t trong s\u1ed1 \u00edt nh\u00e0 s\u1ea3n xu\u1ea5t tr\u00ean th\u1ebf gi\u1edbi chuy\u00ean cung c\u1ea5p ngu\u1ed3n \u0111i\u1ec7n ti\u00eau chu\u1ea9n. V\u1edbi h\u01a1n 40 n\u0103m kinh nghi\u1ec7m,\u00a0<strong>Meanwell<\/strong>\u00a0\u0111\u01b0\u1ee3c \u0111\u00e1nh gi\u00e1 l\u00e0 m\u1ed9t trong nh\u1eefng nh\u00e0 s\u1ea3n xu\u1ea5t ngu\u1ed3n \u0111i\u1ec7n uy t\u00edn v\u00e0 \u1ed5n \u0111\u1ecbnh nh\u1ea5t th\u1ebf gi\u1edbi, cung c\u1ea5p s\u1ea3n ph\u1ea9m \u0111\u1ea1t ti\u00eau chu\u1ea9n an to\u00e0n qu\u1ed1c t\u1ebf nh\u01b0 UL, CE, TUV, CCC, RoHS.<\/p>\n<p>T\u1ea1i Vi\u1ec7t Nam,\u00a0<strong>C\u00d4NG TY TNHH OMANI VI\u1ec6T NAM<\/strong>\u00a0l\u00e0 \u0111\u01a1n v\u1ecb nh\u1eadp kh\u1ea9u v\u00e0 ph\u00e2n ph\u1ed1i ngu\u1ed3n Meanwell ch\u00ednh h\u00e3ng, cung c\u1ea5p \u0111a d\u1ea1ng ngu\u1ed3n \u0111i\u1ec7n AC\/DC, b\u1ed9 \u0111i\u1ec1u khi\u1ec3n \u0111\u00e8n LED, b\u1ed9 s\u1ea1c pin AC\/DC, b\u1ed9 chuy\u1ec3n \u0111\u1ed5i DC\/DC v\u00e0 bi\u1ebfn t\u1ea7n DC\/AC. B\u00ean c\u1ea1nh \u0111\u00f3, c\u00f2n mang \u0111\u1ebfn gi\u1ea3i ph\u00e1p c\u1ea5p ngu\u1ed3n chuy\u00ean d\u1ee5ng cho t\u1ef1 \u0111\u1ed9ng h\u00f3a, chi\u1ebfu s\u00e1ng, y t\u1ebf, vi\u1ec5n th\u00f4ng v\u00e0 n\u0103ng l\u01b0\u1ee3ng t\u00e1i t\u1ea1o.<\/p>\n<\/div>\n<\/div>\n<table class=\"woocommerce-product-attributes shop_attributes\" aria-label=\"Chi ti\u1ebft s\u1ea3n ph\u1ea9m\">\n<tbody>\n<tr class=\"woocommerce-product-attributes-item woocommerce-product-attributes-item--attribute_pa_thuong-hieu\">\n<th class=\"woocommerce-product-attributes-item__label\" scope=\"row\">Th\u01b0\u01a1ng hi\u1ec7u<\/th>\n<td class=\"woocommerce-product-attributes-item__value\">Mean Well<\/td>\n<\/tr>\n<tr class=\"woocommerce-product-attributes-item woocommerce-product-attributes-item--attribute_pa_ma-san-pham\">\n<th class=\"woocommerce-product-attributes-item__label\" scope=\"row\">M\u00e3 s\u1ea3n ph\u1ea9m<\/th>\n<td class=\"woocommerce-product-attributes-item__value\">TDR-960-24<\/td>\n<\/tr>\n<tr class=\"woocommerce-product-attributes-item woocommerce-product-attributes-item--attribute_pa_series\">\n<th class=\"woocommerce-product-attributes-item__label\" scope=\"row\">Series<\/th>\n<td class=\"woocommerce-product-attributes-item__value\">TDR<\/td>\n<\/tr>\n<tr class=\"woocommerce-product-attributes-item woocommerce-product-attributes-item--attribute_pa_cong-nghe\">\n<th class=\"woocommerce-product-attributes-item__label\" scope=\"row\">C\u00f4ng ngh\u1ec7<\/th>\n<td class=\"woocommerce-product-attributes-item__value\">AC-DC<\/td>\n<\/tr>\n<tr class=\"woocommerce-product-attributes-item woocommerce-product-attributes-item--attribute_pa_loai-output\">\n<th class=\"woocommerce-product-attributes-item__label\" scope=\"row\">Lo\u1ea1i output<\/th>\n<td class=\"woocommerce-product-attributes-item__value\">CV<\/td>\n<\/tr>\n<tr class=\"woocommerce-product-attributes-item woocommerce-product-attributes-item--attribute_pa_cong-suat-dau-ra-w\">\n<th class=\"woocommerce-product-attributes-item__label\" scope=\"row\">C\u00f4ng su\u1ea5t \u0111\u1ea7u ra (W)<\/th>\n<td class=\"woocommerce-product-attributes-item__value\">960W<\/td>\n<\/tr>\n<tr class=\"woocommerce-product-attributes-item woocommerce-product-attributes-item--attribute_pa_dien-ap-dau-ra-v\">\n<th class=\"woocommerce-product-attributes-item__label\" scope=\"row\">\u0110i\u1ec7n \u00e1p \u0111\u1ea7u ra (V)<\/th>\n<td class=\"woocommerce-product-attributes-item__value\">24V<\/td>\n<\/tr>\n<tr class=\"woocommerce-product-attributes-item woocommerce-product-attributes-item--attribute_pa_dong-dien-dau-ra-a\">\n<th class=\"woocommerce-product-attributes-item__label\" scope=\"row\">D\u00f2ng \u0111i\u1ec7n \u0111\u1ea7u ra (A)<\/th>\n<td class=\"woocommerce-product-attributes-item__value\">40A<\/td>\n<\/tr>\n<tr class=\"woocommerce-product-attributes-item woocommerce-product-attributes-item--attribute_pa_dien-ap-dau-vao-v\">\n<th class=\"woocommerce-product-attributes-item__label\" scope=\"row\">\u0110i\u1ec7n \u00e1p \u0111\u1ea7u v\u00e0o (V)<\/th>\n<td class=\"woocommerce-product-attributes-item__value\">Three-Phase 340 ~ 550VAC (Dual phase operation possible ) or 480 ~ 780VDC<\/td>\n<\/tr>\n<tr class=\"woocommerce-product-attributes-item woocommerce-product-attributes-item--attribute_pa_dien-ap-dieu-chinh\">\n<th class=\"woocommerce-product-attributes-item__label\" scope=\"row\">\u0110i\u1ec7n \u00e1p \u0111i\u1ec1u ch\u1ec9nh<\/th>\n<td class=\"woocommerce-product-attributes-item__value\">24 ~ 28V<\/td>\n<\/tr>\n<tr class=\"woocommerce-product-attributes-item woocommerce-product-attributes-item--attribute_pa_nhiet-do-hoat-dong\">\n<th class=\"woocommerce-product-attributes-item__label\" scope=\"row\">Nhi\u1ec7t \u0111\u1ed9 ho\u1ea1t \u0111\u1ed9ng<\/th>\n<td class=\"woocommerce-product-attributes-item__value\">-30 ~ +70\u2103<\/td>\n<\/tr>\n<tr class=\"woocommerce-product-attributes-item woocommerce-product-attributes-item--attribute_pa_dimmer\">\n<th class=\"woocommerce-product-attributes-item__label\" scope=\"row\">Dimmer<\/th>\n<td class=\"woocommerce-product-attributes-item__value\">Kh\u00f4ng h\u1ed7 tr\u1ee3<\/td>\n<\/tr>\n<tr class=\"woocommerce-product-attributes-item woocommerce-product-attributes-item--attribute_pa_vo\">\n<th class=\"woocommerce-product-attributes-item__label\" scope=\"row\">V\u1ecf<\/th>\n<td class=\"woocommerce-product-attributes-item__value\">Kim Lo\u1ea1i<\/td>\n<\/tr>\n<tr class=\"woocommerce-product-attributes-item woocommerce-product-attributes-item--attribute_pa_kich-thuoc\">\n<th class=\"woocommerce-product-attributes-item__label\" scope=\"row\">K\u00edch th\u01b0\u1edbc<\/th>\n<td class=\"woocommerce-product-attributes-item__value\">110*125.2*150mm<\/td>\n<\/tr>\n<tr class=\"woocommerce-product-attributes-item woocommerce-product-attributes-item--attribute_pa_trong-luong\">\n<th class=\"woocommerce-product-attributes-item__label\" scope=\"row\">Tr\u1ecdng l\u01b0\u1ee3ng<\/th>\n<td class=\"woocommerce-product-attributes-item__value\">2.47Kg<\/td>\n<\/tr>\n<tr class=\"woocommerce-product-attributes-item woocommerce-product-attributes-item--attribute_pa_bao-hanh\">\n<th class=\"woocommerce-product-attributes-item__label\" scope=\"row\">B\u1ea3o h\u00e0nh<\/th>\n<td class=\"woocommerce-product-attributes-item__value\">1 n\u0103m<\/td>\n<\/tr>\n<\/tbody>\n<\/table>\n<p>B\u1ed8 NGU\u1ed2N MEANWELL TDR-960-24, TDR-960-48<\/p>\n<article class=\"article\">\u00a0<\/article>\n<p>\u0110\u1ea1i l\u00fd MEANWELL vietnam, MEANWELL viet nam, MEANWELL vietnam distributor, Ph\u00e2n ph\u1ed1i MEANWELL t\u1ea1i vi\u1ec7t nam<\/p>\n<p>\u0110\u1ea1i l\u00fd MEANWELL vietnam, MEANWELL viet nam, MEANWELL vietnam distributor, Ph\u00e2n ph\u1ed1i MEANWELL t\u1ea1i vi\u1ec7t nam<\/p>\n<p>\u0110\u1ea1i l\u00fd MEANWELL vietnam, MEANWELL viet nam, MEANWELL vietnam distributor, Ph\u00e2n ph\u1ed1i MEANWELL t\u1ea1i vi\u1ec7t nam<\/p>\n","protected":false},"excerpt":{"rendered":"<p>MEANWELL TDR-960-24 MEANWELL Meanwell\u00a0\u2013 th\u01b0\u01a1ng hi\u1ec7u h\u00e0ng \u0111\u1ea7u \u0111\u1ebfn t\u1eeb \u0110\u00e0i Loan, \u0111\u01b0\u1ee3c th\u00e0nh l\u1eadp t\u1eeb n\u0103m 1982, l\u00e0 m\u1ed9t trong s\u1ed1 \u00edt nh\u00e0 s\u1ea3n xu\u1ea5t tr\u00ean th\u1ebf gi\u1edbi chuy\u00ean cung c\u1ea5p ngu\u1ed3n \u0111i\u1ec7n ti\u00eau chu\u1ea9n. V\u1edbi h\u01a1n 40 n\u0103m kinh nghi\u1ec7m,\u00a0Meanwell\u00a0\u0111\u01b0\u1ee3c \u0111\u00e1nh gi\u00e1 l\u00e0 m\u1ed9t trong nh\u1eefng nh\u00e0 s\u1ea3n&hellip; <\/p>\n","protected":false},"featured_media":4842,"comment_status":"open","ping_status":"closed","template":"","meta":{"om_disable_all_campaigns":false,"_monsterinsights_skip_tracking":false,"_monsterinsights_sitenote_active":false,"_monsterinsights_sitenote_note":"","_monsterinsights_sitenote_category":0},"product_cat":[1005],"product_tag":[221,1007,1006],"class_list":{"0":"post-4841","1":"product","2":"type-product","3":"status-publish","4":"has-post-thumbnail","6":"product_cat-meanwell","7":"product_tag-bo-nguon","8":"product_tag-dai-ly-meanwell-viet-nam","9":"product_tag-meanwell-viet-nam","11":"first","12":"instock","13":"shipping-taxable","14":"product-type-simple"},"aioseo_notices":[],"yoast_head":"<!-- This site is optimized with the Yoast SEO plugin v22.8 - https:\/\/yoast.com\/wordpress\/plugins\/seo\/ -->\n<title>MEANWELL TDR-960-24 - OMANI VI\u1ec6T NAM<\/title>\n<meta name=\"description\" content=\"MEANWELL TDR-960-24 Power Supply\" \/>\n<meta name=\"robots\" content=\"index, follow, max-snippet:-1, max-image-preview:large, max-video-preview:-1\" \/>\n<link rel=\"canonical\" href=\"https:\/\/sipin.com.vn\/index.php\/product\/meanwell-tdr-960-24\/\" \/>\n<meta property=\"og:locale\" content=\"vi_VN\" \/>\n<meta property=\"og:type\" content=\"article\" \/>\n<meta property=\"og:title\" content=\"MEANWELL TDR-960-24 - OMANI VI\u1ec6T NAM\" \/>\n<meta property=\"og:description\" content=\"MEANWELL TDR-960-24 Power Supply\" \/>\n<meta property=\"og:url\" content=\"https:\/\/sipin.com.vn\/index.php\/product\/meanwell-tdr-960-24\/\" \/>\n<meta property=\"og:site_name\" content=\"OMANI VI\u1ec6T NAM\" \/>\n<meta property=\"article:modified_time\" content=\"2026-04-19T10:38:22+00:00\" \/>\n<meta property=\"og:image\" content=\"https:\/\/sipin.com.vn\/wp-content\/uploads\/2026\/04\/TDR-960-24.png\" \/>\n\t<meta property=\"og:image:width\" content=\"654\" \/>\n\t<meta property=\"og:image:height\" content=\"900\" \/>\n\t<meta property=\"og:image:type\" content=\"image\/png\" \/>\n<meta name=\"twitter:card\" content=\"summary_large_image\" \/>\n<meta name=\"twitter:label1\" content=\"\u01af\u1edbc t\u00ednh th\u1eddi gian \u0111\u1ecdc\" \/>\n\t<meta name=\"twitter:data1\" content=\"2 ph\u00fat\" \/>\n<script type=\"application\/ld+json\" class=\"yoast-schema-graph\">{\"@context\":\"https:\/\/schema.org\",\"@graph\":[{\"@type\":\"WebPage\",\"@id\":\"https:\/\/sipin.com.vn\/index.php\/product\/meanwell-tdr-960-24\/\",\"url\":\"https:\/\/sipin.com.vn\/index.php\/product\/meanwell-tdr-960-24\/\",\"name\":\"MEANWELL TDR-960-24 - OMANI VI\u1ec6T NAM\",\"isPartOf\":{\"@id\":\"https:\/\/sipin.com.vn\/#website\"},\"primaryImageOfPage\":{\"@id\":\"https:\/\/sipin.com.vn\/index.php\/product\/meanwell-tdr-960-24\/#primaryimage\"},\"image\":{\"@id\":\"https:\/\/sipin.com.vn\/index.php\/product\/meanwell-tdr-960-24\/#primaryimage\"},\"thumbnailUrl\":\"https:\/\/sipin.com.vn\/wp-content\/uploads\/2026\/04\/TDR-960-24.png\",\"datePublished\":\"2026-04-19T10:38:04+00:00\",\"dateModified\":\"2026-04-19T10:38:22+00:00\",\"description\":\"MEANWELL TDR-960-24 Power Supply\",\"breadcrumb\":{\"@id\":\"https:\/\/sipin.com.vn\/index.php\/product\/meanwell-tdr-960-24\/#breadcrumb\"},\"inLanguage\":\"vi\",\"potentialAction\":[{\"@type\":\"ReadAction\",\"target\":[\"https:\/\/sipin.com.vn\/index.php\/product\/meanwell-tdr-960-24\/\"]}]},{\"@type\":\"ImageObject\",\"inLanguage\":\"vi\",\"@id\":\"https:\/\/sipin.com.vn\/index.php\/product\/meanwell-tdr-960-24\/#primaryimage\",\"url\":\"https:\/\/sipin.com.vn\/wp-content\/uploads\/2026\/04\/TDR-960-24.png\",\"contentUrl\":\"https:\/\/sipin.com.vn\/wp-content\/uploads\/2026\/04\/TDR-960-24.png\",\"width\":654,\"height\":900},{\"@type\":\"BreadcrumbList\",\"@id\":\"https:\/\/sipin.com.vn\/index.php\/product\/meanwell-tdr-960-24\/#breadcrumb\",\"itemListElement\":[{\"@type\":\"ListItem\",\"position\":1,\"name\":\"Home\",\"item\":\"https:\/\/sipin.com.vn\/\"},{\"@type\":\"ListItem\",\"position\":2,\"name\":\"S\u1ea2N PH\u1ea8M\",\"item\":\"https:\/\/sipin.com.vn\/index.php\/cua-hang\/\"},{\"@type\":\"ListItem\",\"position\":3,\"name\":\"MEANWELL TDR-960-24\"}]},{\"@type\":\"WebSite\",\"@id\":\"https:\/\/sipin.com.vn\/#website\",\"url\":\"https:\/\/sipin.com.vn\/\",\"name\":\"OMANI VI\u1ec6T NAM\",\"description\":\"Nh\u00e0 ph\u00e2n ph\u1ed1i thi\u1ebft b\u1ecb kh\u00ed n\u00e9n v\u00e0 thi\u1ebft b\u1ecb t\u1ef1 \u0111\u1ed9ng h\u00f3a trong c\u00f4ng nghi\u1ec7p\",\"publisher\":{\"@id\":\"https:\/\/sipin.com.vn\/#\/schema\/person\/0ad398a980dc3fd696111c2c5c8fa897\"},\"potentialAction\":[{\"@type\":\"SearchAction\",\"target\":{\"@type\":\"EntryPoint\",\"urlTemplate\":\"https:\/\/sipin.com.vn\/?s={search_term_string}\"},\"query-input\":\"required name=search_term_string\"}],\"inLanguage\":\"vi\"},{\"@type\":[\"Person\",\"Organization\"],\"@id\":\"https:\/\/sipin.com.vn\/#\/schema\/person\/0ad398a980dc3fd696111c2c5c8fa897\",\"name\":\"Nguy\u1ec5n V\u0103n Kh\u00e1nh\",\"image\":{\"@type\":\"ImageObject\",\"inLanguage\":\"vi\",\"@id\":\"https:\/\/sipin.com.vn\/#\/schema\/person\/image\/\",\"url\":\"https:\/\/sipin.com.vn\/wp-content\/uploads\/2024\/06\/logo-1024x1024.png\",\"contentUrl\":\"https:\/\/sipin.com.vn\/wp-content\/uploads\/2024\/06\/logo-1024x1024.png\",\"width\":1024,\"height\":1024,\"caption\":\"Nguy\u1ec5n V\u0103n Kh\u00e1nh\"},\"logo\":{\"@id\":\"https:\/\/sipin.com.vn\/#\/schema\/person\/image\/\"},\"sameAs\":[\"https:\/\/sipin.com.vn\"]}]}<\/script>\n<!-- \/ Yoast SEO plugin. -->","yoast_head_json":{"title":"MEANWELL TDR-960-24 - OMANI VI\u1ec6T NAM","description":"MEANWELL TDR-960-24 Power Supply","robots":{"index":"index","follow":"follow","max-snippet":"max-snippet:-1","max-image-preview":"max-image-preview:large","max-video-preview":"max-video-preview:-1"},"canonical":"https:\/\/sipin.com.vn\/index.php\/product\/meanwell-tdr-960-24\/","og_locale":"vi_VN","og_type":"article","og_title":"MEANWELL TDR-960-24 - OMANI VI\u1ec6T NAM","og_description":"MEANWELL TDR-960-24 Power Supply","og_url":"https:\/\/sipin.com.vn\/index.php\/product\/meanwell-tdr-960-24\/","og_site_name":"OMANI VI\u1ec6T NAM","article_modified_time":"2026-04-19T10:38:22+00:00","og_image":[{"width":654,"height":900,"url":"https:\/\/sipin.com.vn\/wp-content\/uploads\/2026\/04\/TDR-960-24.png","type":"image\/png"}],"twitter_card":"summary_large_image","twitter_misc":{"\u01af\u1edbc t\u00ednh th\u1eddi gian \u0111\u1ecdc":"2 ph\u00fat"},"schema":{"@context":"https:\/\/schema.org","@graph":[{"@type":"WebPage","@id":"https:\/\/sipin.com.vn\/index.php\/product\/meanwell-tdr-960-24\/","url":"https:\/\/sipin.com.vn\/index.php\/product\/meanwell-tdr-960-24\/","name":"MEANWELL TDR-960-24 - OMANI VI\u1ec6T NAM","isPartOf":{"@id":"https:\/\/sipin.com.vn\/#website"},"primaryImageOfPage":{"@id":"https:\/\/sipin.com.vn\/index.php\/product\/meanwell-tdr-960-24\/#primaryimage"},"image":{"@id":"https:\/\/sipin.com.vn\/index.php\/product\/meanwell-tdr-960-24\/#primaryimage"},"thumbnailUrl":"https:\/\/sipin.com.vn\/wp-content\/uploads\/2026\/04\/TDR-960-24.png","datePublished":"2026-04-19T10:38:04+00:00","dateModified":"2026-04-19T10:38:22+00:00","description":"MEANWELL TDR-960-24 Power Supply","breadcrumb":{"@id":"https:\/\/sipin.com.vn\/index.php\/product\/meanwell-tdr-960-24\/#breadcrumb"},"inLanguage":"vi","potentialAction":[{"@type":"ReadAction","target":["https:\/\/sipin.com.vn\/index.php\/product\/meanwell-tdr-960-24\/"]}]},{"@type":"ImageObject","inLanguage":"vi","@id":"https:\/\/sipin.com.vn\/index.php\/product\/meanwell-tdr-960-24\/#primaryimage","url":"https:\/\/sipin.com.vn\/wp-content\/uploads\/2026\/04\/TDR-960-24.png","contentUrl":"https:\/\/sipin.com.vn\/wp-content\/uploads\/2026\/04\/TDR-960-24.png","width":654,"height":900},{"@type":"BreadcrumbList","@id":"https:\/\/sipin.com.vn\/index.php\/product\/meanwell-tdr-960-24\/#breadcrumb","itemListElement":[{"@type":"ListItem","position":1,"name":"Home","item":"https:\/\/sipin.com.vn\/"},{"@type":"ListItem","position":2,"name":"S\u1ea2N PH\u1ea8M","item":"https:\/\/sipin.com.vn\/index.php\/cua-hang\/"},{"@type":"ListItem","position":3,"name":"MEANWELL TDR-960-24"}]},{"@type":"WebSite","@id":"https:\/\/sipin.com.vn\/#website","url":"https:\/\/sipin.com.vn\/","name":"OMANI VI\u1ec6T NAM","description":"Nh\u00e0 ph\u00e2n ph\u1ed1i thi\u1ebft b\u1ecb kh\u00ed n\u00e9n v\u00e0 thi\u1ebft b\u1ecb t\u1ef1 \u0111\u1ed9ng h\u00f3a trong c\u00f4ng nghi\u1ec7p","publisher":{"@id":"https:\/\/sipin.com.vn\/#\/schema\/person\/0ad398a980dc3fd696111c2c5c8fa897"},"potentialAction":[{"@type":"SearchAction","target":{"@type":"EntryPoint","urlTemplate":"https:\/\/sipin.com.vn\/?s={search_term_string}"},"query-input":"required name=search_term_string"}],"inLanguage":"vi"},{"@type":["Person","Organization"],"@id":"https:\/\/sipin.com.vn\/#\/schema\/person\/0ad398a980dc3fd696111c2c5c8fa897","name":"Nguy\u1ec5n V\u0103n Kh\u00e1nh","image":{"@type":"ImageObject","inLanguage":"vi","@id":"https:\/\/sipin.com.vn\/#\/schema\/person\/image\/","url":"https:\/\/sipin.com.vn\/wp-content\/uploads\/2024\/06\/logo-1024x1024.png","contentUrl":"https:\/\/sipin.com.vn\/wp-content\/uploads\/2024\/06\/logo-1024x1024.png","width":1024,"height":1024,"caption":"Nguy\u1ec5n V\u0103n Kh\u00e1nh"},"logo":{"@id":"https:\/\/sipin.com.vn\/#\/schema\/person\/image\/"},"sameAs":["https:\/\/sipin.com.vn"]}]}},"_links":{"self":[{"href":"https:\/\/sipin.com.vn\/index.php\/wp-json\/wp\/v2\/product\/4841","targetHints":{"allow":["GET"]}}],"collection":[{"href":"https:\/\/sipin.com.vn\/index.php\/wp-json\/wp\/v2\/product"}],"about":[{"href":"https:\/\/sipin.com.vn\/index.php\/wp-json\/wp\/v2\/types\/product"}],"replies":[{"embeddable":true,"href":"https:\/\/sipin.com.vn\/index.php\/wp-json\/wp\/v2\/comments?post=4841"}],"wp:featuredmedia":[{"embeddable":true,"href":"https:\/\/sipin.com.vn\/index.php\/wp-json\/wp\/v2\/media\/4842"}],"wp:attachment":[{"href":"https:\/\/sipin.com.vn\/index.php\/wp-json\/wp\/v2\/media?parent=4841"}],"wp:term":[{"taxonomy":"product_cat","embeddable":true,"href":"https:\/\/sipin.com.vn\/index.php\/wp-json\/wp\/v2\/product_cat?post=4841"},{"taxonomy":"product_tag","embeddable":true,"href":"https:\/\/sipin.com.vn\/index.php\/wp-json\/wp\/v2\/product_tag?post=4841"}],"curies":[{"name":"wp","href":"https:\/\/api.w.org\/{rel}","templated":true}]}}