{"id":4837,"date":"2026-04-19T15:14:40","date_gmt":"2026-04-19T08:14:40","guid":{"rendered":"https:\/\/sipin.com.vn\/?post_type=product&#038;p=4837"},"modified":"2026-04-19T15:14:40","modified_gmt":"2026-04-19T08:14:40","slug":"mitsubishi-mds-b-spj2-75-2","status":"publish","type":"product","link":"https:\/\/sipin.com.vn\/index.php\/product\/mitsubishi-mds-b-spj2-75-2\/","title":{"rendered":"MITSUBISHI MDS-B-SPJ2-75"},"content":{"rendered":"<p>MITSUBISHI MDS-B-SPJ2-75<\/p>\n<p style=\"font-weight: 400;\">The characteristics of this servo drive type MDS-B-SPJ2-075 are:<br \/>\nRated input:<\/p>\n<p style=\"font-weight: 400;\">-3AC 200-230V 50\/60Hz 2.6A (power board)<br \/>\n-AC 200-230V 50-\/60Hz 0.3A (control board)<br \/>\nRated output:<br \/>\n0.75 kW &#8211; 3AC 2.6A<\/p>\n<p style=\"font-weight: 400;\">This MITSUBISHI ELECTRIC MDS-B-SPJ2-075 spindle drive unit is ready to replace your defective spindle drive and comes with a warranty.<b><strong><br \/>\n<\/strong><\/b><\/p>\n<p style=\"font-weight: 400;\">MDS-B-SVJ2, MDS-B-SPJ2 and MR-J2-CT Series have been approved as the products which have been installed in the electrical enclosure. The minimum enclosure size is based on 150 percent of each MDS-B-SVJ2, SPJ2 and MR-J2-CT Series combination. And also, design the enclosure so that the ambient temperature in the enclosure is 55\u00b0C (131\u00b0F) or less, refer to the specifications manual. (MDS-B-SVJ2: BNP-B3937, MDS-B-SPJ2: BNP-B2164, MR-J2-CT: BNP-B3944) &#8220;The user must include the use of a 100 cfm fan spaced 4 in. above the drive.<\/p>\n<h3>2. C\u00e1c m\u00e3 h\u00e0ng t\u01b0\u01a1ng \u0111\u01b0\u01a1ng Servo driver:<\/h3>\n<div>MDS-B-SPJ2-02<br \/>\nMDS-B-SPJ2-04<br \/>\nMDS-B-SPJ2-075<br \/>\nMDS-B-SPJ2-110<br \/>\nMDS-B-SPJ2-110<br \/>\nMDS-B-SPJ2-15<br \/>\nMDS-B-SPJ2-15<br \/>\nMDS-B-SPJ-22<br \/>\nMDS-B-SPJ2-22<br \/>\nMDS-B-SPJ2-37<br \/>\nMDS-B-SPJ2-55<br \/>\nMDS-B-SPJ2-75<br \/>\nMDS-B-SPJ2-76<br \/>\nMDS-B-SPJ2-77<br \/>\nMDS-B-SPJ2-78<\/div>\n<div><\/div>\n<div>MDS-B-SVJ2-01<br \/>\nMDS-B-SVJ2-03<br \/>\nMDS-B-SVJ2-04<br \/>\nMDS-B-SVJ2-06<br \/>\nMDS-B-SVJ2-07<br \/>\nMDS-B-SVJ2-10<br \/>\nMDS-B-SVJ2-20<br \/>\nMDS-B-SPJ2-02<br \/>\nMDS-B-SPJ2-04<br \/>\nMDS-B-SPJ2-075<br \/>\nMDS-B-SPJ2-15<br \/>\nMDS-B-SPJ2-22<br \/>\nMDS-B-SPJ2-37<br \/>\nMDS-B-SPJ2-55<br \/>\nMDS-B-SPJ2-75<br \/>\nMDS-B-SPJ2-110<\/div>\n<div><\/div>\n<div>\n<div>MDS-B- V1-20<\/div>\n<div>MDS-B-V1-35<\/div>\n<div>MDS-B-V14-10<\/div>\n<div>MDS-B-V14-45<\/div>\n<div>MDS-B-V1-45<\/div>\n<div>MDS-B-V14-70<\/div>\n<div>MDS-B-CVE-550<\/div>\n<div>MDS-B-SPA-550<\/div>\n<div>MDS-B-V1-70<\/div>\n<div>MDS-B-V2-0303<\/div>\n<div>MDS-B-V2-0503<\/div>\n<div>MDS-B-V2-1005<\/div>\n<div>MDS -B-V2-1010<\/div>\n<div>MDS-B-V2-2010<\/div>\n<div>MDS-B-V2-2020<\/div>\n<div>MDS-B-V2-3510<\/div>\n<div>MDS-B-V2-3520<\/div>\n<div>MDS-B-V2-3535<\/div>\n<div>MDS-B-V24-1010<\/div>\n<div>MDS-B-SPH -15<\/div>\n<div>MDS-B-SPH-150<\/div>\n<div>MDS-B-SPH-185<\/div>\n<div>MDS-B-SPH-220<\/div>\n<div>MDS-B-SPH-260<\/div>\n<div>MDS-B-SPH-300<\/div>\n<div>MDS-B-SPH-37<\/div>\n<div>MDS-B-SPH- 370<\/div>\n<div>MDS-B-SPH-55<\/div>\n<div>MDS-B-SPH-75<\/div>\n<div>MDS-B-SPJ2-075<\/div>\n<div>MDS-B-SPJ2-110<\/div>\n<div>MDS-B-SPJ2-15<\/div>\n<div>MDS-B-SPJ2-22<\/div>\n<div>MDS-B-SPJ2-37<\/div>\n<div>MDS-B-SPJ2-55<\/div>\n<div>MDS-B-SPJ2-75<\/div>\n<\/div>\n<div><\/div>\n<div><b>Ph\u1ea7n li\u00ean quan<\/b><br \/>\nMR-J2S-200A- B\u1ed9 khu\u1ebfch \u0111\u1ea1i Servo Mitsubishi Melservo MR-J2, 2000W, 200V (MRJ2S200A)<br \/>\nHC-SFS121- \u0110\u1ed9ng c\u01a1 Servo Mitsubishi Melservo HC, 1,2KW (HCSFS121)<br \/>\nHC-SFS121K- \u0110\u1ed9ng c\u01a1 Servo Mitsubishi Melservo HC v\u1edbi KEY, 1,2KW (HCSFS121K)<br \/>\nHC-SFS121BK &#8211; \u0110\u1ed9ng c\u01a1 Servo Mitsubishi Melservo HC c\u00f3 ph\u00edm PHANH, 1,2KW (HCSFS121BK)<br \/>\nHC-SFS201- Mitsubishi Melservo HC, \u0110\u1ed9ng c\u01a1 Servo, Ngu\u1ed3n \u0111i\u1ec7n DC (HCSFS201)<br \/>\nHC-SFS201B &#8211; \u0110\u1ed9ng c\u01a1 Servo Mitsubishi Melservo HC c\u00f3 phanh, DC, 2KW, 1000RPM (HCSFS201BK)<br \/>\nHC-SFS201K &#8211; \u0110\u1ed9ng c\u01a1 Servo Mitsubishi Melservo HC c\u00f3 ch\u00eca kh\u00f3a, DC, 2KW, 1000RPM (HCSFS201BK)<br \/>\nHC-SFS201BK- \u0110\u1ed9ng c\u01a1 Servo Mitsubishi Melservo HC c\u00f3 kh\u00f3a phanh, DC, 2KW, 1000RPM (HCSFS201BK)<br \/>\nHC-SFS152 &#8211; \u0110\u1ed9ng c\u01a1 Servo Mitsubishi Melservo HC, 1.5KW (HCSFS152)<br \/>\nHC-SFS152B- \u0110\u1ed9ng c\u01a1 Servo Mitsubishi Melservo HC c\u00f3 phanh, 1,5KW (HCSFS152B)<br \/>\nHC-SFS152K &#8211; \u0110\u1ed9ng c\u01a1 Servo Mitsubishi Melservo HC c\u00f3 ch\u00eca kh\u00f3a, 1,5KW (HCSFS152K)<br \/>\nHC-SFS152BK &#8211; \u0110\u1ed9ng c\u01a1 Servo Mitsubishi Melservo HC c\u00f3 kh\u00f3a phanh, 1,5KW (HCSFS152BK)<br \/>\nHC-SFS202- \u0110\u1ed9ng c\u01a1 Servo Mitsubishi Melservo HC, 2KW (HCSFS202)<br \/>\nHC-SFS153 &#8211; \u0110\u1ed9ng c\u01a1 Servo Mitsubishi Melservo HC, 1.5KW (HCSFS153)<br \/>\nHC-SFS203- \u0110\u1ed9ng c\u01a1 Servo Mitsubishi Melservo HC, 2KW (HCSFS203)<br \/>\nHC-RFS103 &#8211; \u0110\u1ed9ng c\u01a1 Servo Mitsubishi Melservo HC, 1KW (HCRFS103)<br \/>\nHC-RFS153 &#8211; \u0110\u1ed9ng c\u01a1 Servo Mitsubishi Melservo HC, 1.5KW (HCRFS153)<br \/>\nHC-UFS152 &#8211; \u0110\u1ed9ng c\u01a1 Servo Mitsubishi Melservo HC, 1.5KW (HCUFS152)<br \/>\nHC-LFS152 &#8211; \u0110\u1ed9ng c\u01a1 Servo Mitsubishi Melservo HC, 1.5KW, 2000RPM (HCLFS152)<\/div>\n<div><\/div>\n<div>\n<p>\u0110\u1ea1i l\u00fd MITSUBISHI vietnam, MITSUBISHI viet nam, MITSUBISHI vietnam distributor, Ph\u00e2n ph\u1ed1i MITSUBISHI t\u1ea1i vi\u1ec7t nam<\/p>\n<p>\u0110\u1ea1i l\u00fd MITSUBISHI vietnam, MITSUBISHI viet nam, MITSUBISHI vietnam distributor, Ph\u00e2n ph\u1ed1i MITSUBISHI t\u1ea1i vi\u1ec7t nam<\/p>\n<p>\u0110\u1ea1i l\u00fd MITSUBISHI vietnam, MITSUBISHI viet nam, MITSUBISHI vietnam distributor, Ph\u00e2n ph\u1ed1i MITSUBISHI t\u1ea1i vi\u1ec7t nam<\/p>\n<\/div>\n","protected":false},"excerpt":{"rendered":"<p>MITSUBISHI MDS-B-SPJ2-75 The characteristics of this servo drive type MDS-B-SPJ2-075 are: Rated input: -3AC 200-230V 50\/60Hz 2.6A (power board) -AC 200-230V 50-\/60Hz 0.3A (control board) Rated output: 0.75 kW &#8211; 3AC 2.6A This MITSUBISHI ELECTRIC MDS-B-SPJ2-075 spindle drive unit is ready to replace your defective spindle drive and comes with&hellip; <\/p>\n","protected":false},"featured_media":4838,"comment_status":"open","ping_status":"closed","template":"","meta":{"om_disable_all_campaigns":false,"_monsterinsights_skip_tracking":false,"_monsterinsights_sitenote_active":false,"_monsterinsights_sitenote_note":"","_monsterinsights_sitenote_category":0},"product_cat":[749],"product_tag":[167,158,157],"class_list":{"0":"post-4837","1":"product","2":"type-product","3":"status-publish","4":"has-post-thumbnail","6":"product_cat-mitsubishi","7":"product_tag-bo-dieu-khien","8":"product_tag-dai-ly-mitsubishi-viet-nam","9":"product_tag-mitsubishi-viet-nam","11":"first","12":"instock","13":"shipping-taxable","14":"product-type-simple"},"aioseo_notices":[],"yoast_head":"<!-- This site is optimized with the Yoast SEO plugin v22.8 - https:\/\/yoast.com\/wordpress\/plugins\/seo\/ -->\n<title>MITSUBISHI MDS-B-SPJ2-75 - OMANI VI\u1ec6T NAM<\/title>\n<meta name=\"description\" content=\"MITSUBISHI MDS-B-SPJ2-75 servo drive\" \/>\n<meta name=\"robots\" content=\"index, follow, max-snippet:-1, max-image-preview:large, max-video-preview:-1\" \/>\n<link rel=\"canonical\" href=\"https:\/\/sipin.com.vn\/index.php\/product\/mitsubishi-mds-b-spj2-75-2\/\" \/>\n<meta property=\"og:locale\" content=\"vi_VN\" \/>\n<meta property=\"og:type\" content=\"article\" \/>\n<meta property=\"og:title\" content=\"MITSUBISHI MDS-B-SPJ2-75 - OMANI VI\u1ec6T NAM\" \/>\n<meta property=\"og:description\" content=\"MITSUBISHI MDS-B-SPJ2-75 servo drive\" \/>\n<meta property=\"og:url\" content=\"https:\/\/sipin.com.vn\/index.php\/product\/mitsubishi-mds-b-spj2-75-2\/\" \/>\n<meta property=\"og:site_name\" content=\"OMANI VI\u1ec6T NAM\" \/>\n<meta property=\"og:image\" content=\"https:\/\/sipin.com.vn\/wp-content\/uploads\/2026\/04\/MDS-B-SPJ2-75.png\" \/>\n\t<meta property=\"og:image:width\" content=\"966\" \/>\n\t<meta property=\"og:image:height\" content=\"507\" \/>\n\t<meta property=\"og:image:type\" content=\"image\/png\" \/>\n<meta name=\"twitter:card\" content=\"summary_large_image\" \/>\n<meta name=\"twitter:label1\" content=\"\u01af\u1edbc t\u00ednh th\u1eddi gian \u0111\u1ecdc\" \/>\n\t<meta name=\"twitter:data1\" content=\"3 ph\u00fat\" \/>\n<script type=\"application\/ld+json\" class=\"yoast-schema-graph\">{\"@context\":\"https:\/\/schema.org\",\"@graph\":[{\"@type\":\"WebPage\",\"@id\":\"https:\/\/sipin.com.vn\/index.php\/product\/mitsubishi-mds-b-spj2-75-2\/\",\"url\":\"https:\/\/sipin.com.vn\/index.php\/product\/mitsubishi-mds-b-spj2-75-2\/\",\"name\":\"MITSUBISHI MDS-B-SPJ2-75 - OMANI VI\u1ec6T NAM\",\"isPartOf\":{\"@id\":\"https:\/\/sipin.com.vn\/#website\"},\"primaryImageOfPage\":{\"@id\":\"https:\/\/sipin.com.vn\/index.php\/product\/mitsubishi-mds-b-spj2-75-2\/#primaryimage\"},\"image\":{\"@id\":\"https:\/\/sipin.com.vn\/index.php\/product\/mitsubishi-mds-b-spj2-75-2\/#primaryimage\"},\"thumbnailUrl\":\"https:\/\/sipin.com.vn\/wp-content\/uploads\/2026\/04\/MDS-B-SPJ2-75.png\",\"datePublished\":\"2026-04-19T08:14:40+00:00\",\"dateModified\":\"2026-04-19T08:14:40+00:00\",\"description\":\"MITSUBISHI MDS-B-SPJ2-75 servo drive\",\"breadcrumb\":{\"@id\":\"https:\/\/sipin.com.vn\/index.php\/product\/mitsubishi-mds-b-spj2-75-2\/#breadcrumb\"},\"inLanguage\":\"vi\",\"potentialAction\":[{\"@type\":\"ReadAction\",\"target\":[\"https:\/\/sipin.com.vn\/index.php\/product\/mitsubishi-mds-b-spj2-75-2\/\"]}]},{\"@type\":\"ImageObject\",\"inLanguage\":\"vi\",\"@id\":\"https:\/\/sipin.com.vn\/index.php\/product\/mitsubishi-mds-b-spj2-75-2\/#primaryimage\",\"url\":\"https:\/\/sipin.com.vn\/wp-content\/uploads\/2026\/04\/MDS-B-SPJ2-75.png\",\"contentUrl\":\"https:\/\/sipin.com.vn\/wp-content\/uploads\/2026\/04\/MDS-B-SPJ2-75.png\",\"width\":966,\"height\":507},{\"@type\":\"BreadcrumbList\",\"@id\":\"https:\/\/sipin.com.vn\/index.php\/product\/mitsubishi-mds-b-spj2-75-2\/#breadcrumb\",\"itemListElement\":[{\"@type\":\"ListItem\",\"position\":1,\"name\":\"Home\",\"item\":\"https:\/\/sipin.com.vn\/\"},{\"@type\":\"ListItem\",\"position\":2,\"name\":\"S\u1ea2N PH\u1ea8M\",\"item\":\"https:\/\/sipin.com.vn\/index.php\/cua-hang\/\"},{\"@type\":\"ListItem\",\"position\":3,\"name\":\"MITSUBISHI MDS-B-SPJ2-75\"}]},{\"@type\":\"WebSite\",\"@id\":\"https:\/\/sipin.com.vn\/#website\",\"url\":\"https:\/\/sipin.com.vn\/\",\"name\":\"OMANI VI\u1ec6T NAM\",\"description\":\"Nh\u00e0 ph\u00e2n ph\u1ed1i thi\u1ebft b\u1ecb kh\u00ed n\u00e9n v\u00e0 thi\u1ebft b\u1ecb t\u1ef1 \u0111\u1ed9ng h\u00f3a trong c\u00f4ng nghi\u1ec7p\",\"publisher\":{\"@id\":\"https:\/\/sipin.com.vn\/#\/schema\/person\/0ad398a980dc3fd696111c2c5c8fa897\"},\"potentialAction\":[{\"@type\":\"SearchAction\",\"target\":{\"@type\":\"EntryPoint\",\"urlTemplate\":\"https:\/\/sipin.com.vn\/?s={search_term_string}\"},\"query-input\":\"required name=search_term_string\"}],\"inLanguage\":\"vi\"},{\"@type\":[\"Person\",\"Organization\"],\"@id\":\"https:\/\/sipin.com.vn\/#\/schema\/person\/0ad398a980dc3fd696111c2c5c8fa897\",\"name\":\"Nguy\u1ec5n V\u0103n Kh\u00e1nh\",\"image\":{\"@type\":\"ImageObject\",\"inLanguage\":\"vi\",\"@id\":\"https:\/\/sipin.com.vn\/#\/schema\/person\/image\/\",\"url\":\"https:\/\/sipin.com.vn\/wp-content\/uploads\/2024\/06\/logo-1024x1024.png\",\"contentUrl\":\"https:\/\/sipin.com.vn\/wp-content\/uploads\/2024\/06\/logo-1024x1024.png\",\"width\":1024,\"height\":1024,\"caption\":\"Nguy\u1ec5n V\u0103n Kh\u00e1nh\"},\"logo\":{\"@id\":\"https:\/\/sipin.com.vn\/#\/schema\/person\/image\/\"},\"sameAs\":[\"https:\/\/sipin.com.vn\"]}]}<\/script>\n<!-- \/ Yoast SEO plugin. -->","yoast_head_json":{"title":"MITSUBISHI MDS-B-SPJ2-75 - OMANI VI\u1ec6T NAM","description":"MITSUBISHI MDS-B-SPJ2-75 servo drive","robots":{"index":"index","follow":"follow","max-snippet":"max-snippet:-1","max-image-preview":"max-image-preview:large","max-video-preview":"max-video-preview:-1"},"canonical":"https:\/\/sipin.com.vn\/index.php\/product\/mitsubishi-mds-b-spj2-75-2\/","og_locale":"vi_VN","og_type":"article","og_title":"MITSUBISHI MDS-B-SPJ2-75 - OMANI VI\u1ec6T NAM","og_description":"MITSUBISHI MDS-B-SPJ2-75 servo drive","og_url":"https:\/\/sipin.com.vn\/index.php\/product\/mitsubishi-mds-b-spj2-75-2\/","og_site_name":"OMANI VI\u1ec6T NAM","og_image":[{"width":966,"height":507,"url":"https:\/\/sipin.com.vn\/wp-content\/uploads\/2026\/04\/MDS-B-SPJ2-75.png","type":"image\/png"}],"twitter_card":"summary_large_image","twitter_misc":{"\u01af\u1edbc t\u00ednh th\u1eddi gian \u0111\u1ecdc":"3 ph\u00fat"},"schema":{"@context":"https:\/\/schema.org","@graph":[{"@type":"WebPage","@id":"https:\/\/sipin.com.vn\/index.php\/product\/mitsubishi-mds-b-spj2-75-2\/","url":"https:\/\/sipin.com.vn\/index.php\/product\/mitsubishi-mds-b-spj2-75-2\/","name":"MITSUBISHI MDS-B-SPJ2-75 - OMANI VI\u1ec6T NAM","isPartOf":{"@id":"https:\/\/sipin.com.vn\/#website"},"primaryImageOfPage":{"@id":"https:\/\/sipin.com.vn\/index.php\/product\/mitsubishi-mds-b-spj2-75-2\/#primaryimage"},"image":{"@id":"https:\/\/sipin.com.vn\/index.php\/product\/mitsubishi-mds-b-spj2-75-2\/#primaryimage"},"thumbnailUrl":"https:\/\/sipin.com.vn\/wp-content\/uploads\/2026\/04\/MDS-B-SPJ2-75.png","datePublished":"2026-04-19T08:14:40+00:00","dateModified":"2026-04-19T08:14:40+00:00","description":"MITSUBISHI MDS-B-SPJ2-75 servo drive","breadcrumb":{"@id":"https:\/\/sipin.com.vn\/index.php\/product\/mitsubishi-mds-b-spj2-75-2\/#breadcrumb"},"inLanguage":"vi","potentialAction":[{"@type":"ReadAction","target":["https:\/\/sipin.com.vn\/index.php\/product\/mitsubishi-mds-b-spj2-75-2\/"]}]},{"@type":"ImageObject","inLanguage":"vi","@id":"https:\/\/sipin.com.vn\/index.php\/product\/mitsubishi-mds-b-spj2-75-2\/#primaryimage","url":"https:\/\/sipin.com.vn\/wp-content\/uploads\/2026\/04\/MDS-B-SPJ2-75.png","contentUrl":"https:\/\/sipin.com.vn\/wp-content\/uploads\/2026\/04\/MDS-B-SPJ2-75.png","width":966,"height":507},{"@type":"BreadcrumbList","@id":"https:\/\/sipin.com.vn\/index.php\/product\/mitsubishi-mds-b-spj2-75-2\/#breadcrumb","itemListElement":[{"@type":"ListItem","position":1,"name":"Home","item":"https:\/\/sipin.com.vn\/"},{"@type":"ListItem","position":2,"name":"S\u1ea2N PH\u1ea8M","item":"https:\/\/sipin.com.vn\/index.php\/cua-hang\/"},{"@type":"ListItem","position":3,"name":"MITSUBISHI MDS-B-SPJ2-75"}]},{"@type":"WebSite","@id":"https:\/\/sipin.com.vn\/#website","url":"https:\/\/sipin.com.vn\/","name":"OMANI VI\u1ec6T NAM","description":"Nh\u00e0 ph\u00e2n ph\u1ed1i thi\u1ebft b\u1ecb kh\u00ed n\u00e9n v\u00e0 thi\u1ebft b\u1ecb t\u1ef1 \u0111\u1ed9ng h\u00f3a trong c\u00f4ng nghi\u1ec7p","publisher":{"@id":"https:\/\/sipin.com.vn\/#\/schema\/person\/0ad398a980dc3fd696111c2c5c8fa897"},"potentialAction":[{"@type":"SearchAction","target":{"@type":"EntryPoint","urlTemplate":"https:\/\/sipin.com.vn\/?s={search_term_string}"},"query-input":"required name=search_term_string"}],"inLanguage":"vi"},{"@type":["Person","Organization"],"@id":"https:\/\/sipin.com.vn\/#\/schema\/person\/0ad398a980dc3fd696111c2c5c8fa897","name":"Nguy\u1ec5n V\u0103n Kh\u00e1nh","image":{"@type":"ImageObject","inLanguage":"vi","@id":"https:\/\/sipin.com.vn\/#\/schema\/person\/image\/","url":"https:\/\/sipin.com.vn\/wp-content\/uploads\/2024\/06\/logo-1024x1024.png","contentUrl":"https:\/\/sipin.com.vn\/wp-content\/uploads\/2024\/06\/logo-1024x1024.png","width":1024,"height":1024,"caption":"Nguy\u1ec5n V\u0103n Kh\u00e1nh"},"logo":{"@id":"https:\/\/sipin.com.vn\/#\/schema\/person\/image\/"},"sameAs":["https:\/\/sipin.com.vn"]}]}},"_links":{"self":[{"href":"https:\/\/sipin.com.vn\/index.php\/wp-json\/wp\/v2\/product\/4837","targetHints":{"allow":["GET"]}}],"collection":[{"href":"https:\/\/sipin.com.vn\/index.php\/wp-json\/wp\/v2\/product"}],"about":[{"href":"https:\/\/sipin.com.vn\/index.php\/wp-json\/wp\/v2\/types\/product"}],"replies":[{"embeddable":true,"href":"https:\/\/sipin.com.vn\/index.php\/wp-json\/wp\/v2\/comments?post=4837"}],"wp:featuredmedia":[{"embeddable":true,"href":"https:\/\/sipin.com.vn\/index.php\/wp-json\/wp\/v2\/media\/4838"}],"wp:attachment":[{"href":"https:\/\/sipin.com.vn\/index.php\/wp-json\/wp\/v2\/media?parent=4837"}],"wp:term":[{"taxonomy":"product_cat","embeddable":true,"href":"https:\/\/sipin.com.vn\/index.php\/wp-json\/wp\/v2\/product_cat?post=4837"},{"taxonomy":"product_tag","embeddable":true,"href":"https:\/\/sipin.com.vn\/index.php\/wp-json\/wp\/v2\/product_tag?post=4837"}],"curies":[{"name":"wp","href":"https:\/\/api.w.org\/{rel}","templated":true}]}}