{"id":4752,"date":"2026-02-07T22:34:44","date_gmt":"2026-02-07T15:34:44","guid":{"rendered":"https:\/\/sipin.com.vn\/?post_type=product&#038;p=4752"},"modified":"2026-02-07T22:34:45","modified_gmt":"2026-02-07T15:34:45","slug":"sensys-ptdh0020baha","status":"publish","type":"product","link":"https:\/\/sipin.com.vn\/index.php\/product\/sensys-ptdh0020baha\/","title":{"rendered":"SENSYS PTDH0020BAHA"},"content":{"rendered":"<p>SENSYS PTDH0020BAHA<\/p>\n<p>Pressure Transmitter, range 0 ~ 10 bars, 2 wire\/ 4~20mA, port: R(PT) 3\/8 Model: PTDH0010BAHA<\/p>\n<p>Pressure Transmitter, range 0 ~ 20 bars, 2 wire\/ 4~20mA, port: R(PT) 3\/8\u2033: PTDH0020BAHA<\/p>\n<p><span dir=\"auto\">PTDH0020BAHA c\u1ee7a H\u00e0n Qu\u1ed1c, m\u1ed9t thi\u1ebft b\u1ecb hi\u1ec7u su\u1ea5t cao \u0111\u01b0\u1ee3c thi\u1ebft k\u1ebf \u0111\u1eb7c bi\u1ec7t cho c\u00e1c \u1ee9ng d\u1ee5ng \u0111o l\u01b0\u1eddng ch\u00ednh x\u00e1c cao. Thi\u1ebft b\u1ecb s\u1eed d\u1ee5ng c\u00f4ng ngh\u1ec7 vi gia c\u00f4ng ti\u00ean ti\u1ebfn v\u00e0 c\u00e1c linh ki\u1ec7n \u0111i\u1ec7n t\u1eed ch\u00ednh x\u00e1c cao \u0111\u1ec3 \u0111\u1ea3m b\u1ea3o k\u1ebft qu\u1ea3 \u0111o \u1ed5n \u0111\u1ecbnh v\u00e0 \u0111\u00e1ng tin c\u1eady trong nhi\u1ec1u m\u00f4i tr\u01b0\u1eddng kh\u1eafc nghi\u1ec7t kh\u00e1c nhau.<\/span><\/p>\n<p><span dir=\"auto\">C\u1ed1t l\u00f5i c\u1ee7a c\u1ea3m bi\u1ebfn \u00e1p su\u1ea5t PTDH0020BAHA l\u00e0 m\u1ed9t m\u00e0ng silicon thu nh\u1ecf, bi\u1ebfn d\u1ea1ng nh\u1eb9 khi ch\u1ecbu \u00e1p su\u1ea5t. S\u1ef1 bi\u1ebfn d\u1ea1ng n\u00e0y \u0111\u01b0\u1ee3c c\u00e1c linh ki\u1ec7n \u0111i\u1ec7n t\u1eed b\u00ean trong c\u1ea3m nh\u1eadn v\u00e0 chuy\u1ec3n \u0111\u1ed5i th\u00e0nh t\u00edn hi\u1ec7u \u0111i\u1ec7n, sau \u0111\u00f3 \u0111\u01b0\u1ee3c xu\u1ea5t ra c\u00e1c thi\u1ebft b\u1ecb b\u00ean ngo\u00e0i th\u00f4ng qua bus d\u1eef li\u1ec7u. C\u1ea3m bi\u1ebfn n\u00e0y c\u00f3 ph\u1ea1m vi \u0111o r\u1ed9ng, c\u00f3 kh\u1ea3 n\u0103ng \u0111o \u00e1p su\u1ea5t tuy\u1ec7t \u0111\u1ed1i, \u00e1p su\u1ea5t t\u01b0\u01a1ng \u0111\u1ed1i v\u00e0 \u00e1p su\u1ea5t ch\u00eanh l\u1ec7ch, ph\u00f9 h\u1ee3p v\u1edbi nhi\u1ec1u l\u0129nh v\u1ef1c t\u1ef1 \u0111\u1ed9ng h\u00f3a c\u00f4ng nghi\u1ec7p, y t\u1ebf v\u00e0 b\u1ea3o v\u1ec7 m\u00f4i tr\u01b0\u1eddng.<\/span><\/p>\n<p><span dir=\"auto\">Ngo\u00e0i kh\u1ea3 n\u0103ng \u0111o l\u01b0\u1eddng ch\u00ednh x\u00e1c cao, PTDH0020BAHA do cung c\u1ea5p c\u00f2n c\u00f3 \u0111\u1ed9 tin c\u1eady v\u00e0 \u1ed5n \u0111\u1ecbnh tuy\u1ec7t v\u1eddi. Thi\u1ebft b\u1ecb c\u00f3 v\u1ecf b\u1eb1ng th\u00e9p kh\u00f4ng g\u1ec9, cung c\u1ea5p kh\u1ea3 n\u0103ng ch\u1ed1ng \u0103n m\u00f2n tuy\u1ec7t v\u1eddi v\u00e0 cho ph\u00e9p ho\u1ea1t \u0111\u1ed9ng \u1ed5n \u0111\u1ecbnh trong th\u1eddi gian d\u00e0i trong m\u00f4i tr\u01b0\u1eddng kh\u1eafc nghi\u1ec7t. H\u01a1n n\u1eefa, c\u1ea3m bi\u1ebfn c\u00f3 ch\u1ee9c n\u0103ng t\u1ef1 ch\u1ea9n \u0111o\u00e1n, c\u00f3 kh\u1ea3 n\u0103ng ph\u00e1t hi\u1ec7n tr\u1ea1ng th\u00e1i c\u1ee7a ch\u00ednh n\u00f3 v\u00e0 xu\u1ea5t ra th\u00f4ng tin l\u1ed7i t\u01b0\u01a1ng \u1ee9ng, cho ph\u00e9p ng\u01b0\u1eddi d\u00f9ng nhanh ch\u00f3ng x\u00e1c \u0111\u1ecbnh v\u00e0 gi\u1ea3i quy\u1ebft s\u1ef1 c\u1ed1.<\/span><\/p>\n<p><span dir=\"auto\">Khi s\u1eed d\u1ee5ng c\u1ea3m bi\u1ebfn \u00e1p su\u1ea5t PTDH0010BAHA, ng\u01b0\u1eddi d\u00f9ng c\u1ea7n ch\u00fa \u00fd \u0111\u1ebfn c\u00e1c \u0111i\u1ec3m sau: Th\u1ee9 nh\u1ea5t, \u0111\u1ea3m b\u1ea3o c\u1ea3m bi\u1ebfn \u0111\u01b0\u1ee3c k\u1ebft n\u1ed1i ch\u00ednh x\u00e1c v\u00e0 ch\u1eafc ch\u1eafn v\u1edbi c\u00e1c thi\u1ebft b\u1ecb b\u00ean ngo\u00e0i; th\u1ee9 hai, tr\u00e1nh rung \u0111\u1ed9ng v\u00e0 va \u0111\u1eadp m\u1ea1nh trong qu\u00e1 tr\u00ecnh s\u1eed d\u1ee5ng; v\u00e0 cu\u1ed1i c\u00f9ng, hi\u1ec7u chu\u1ea9n v\u00e0 b\u1ea3o tr\u00ec c\u1ea3m bi\u1ebfn th\u01b0\u1eddng xuy\u00ean \u0111\u1ec3 \u0111\u1ea3m b\u1ea3o \u0111\u1ed9 ch\u00ednh x\u00e1c v\u00e0 \u1ed5n \u0111\u1ecbnh c\u1ee7a ph\u00e9p \u0111o.<\/span><\/p>\n<p><span dir=\"auto\">T\u00f3m l\u1ea1i, c\u1ea3m bi\u1ebfn \u00e1p su\u1ea5t SENSYS PTDH0010BAHA\u00a0 l\u00e0 thi\u1ebft b\u1ecb \u0111o l\u01b0\u1eddng hi\u1ec7u su\u1ea5t cao, \u0111\u1ed9 ch\u00ednh x\u00e1c cao, ph\u00f9 h\u1ee3p v\u1edbi nhi\u1ec1u \u1ee9ng d\u1ee5ng y\u00eau c\u1ea7u \u0111o \u00e1p su\u1ea5t ch\u00ednh x\u00e1c cao. S\u1ef1 ra \u0111\u1eddi c\u1ee7a n\u00f3 mang l\u1ea1i s\u1ef1 h\u1ed7 tr\u1ee3 m\u1ea1nh m\u1ebd cho s\u1ef1 ph\u00e1t tri\u1ec3n c\u1ee7a c\u00e1c l\u0129nh v\u1ef1c t\u1ef1 \u0111\u1ed9ng h\u00f3a c\u00f4ng nghi\u1ec7p, y t\u1ebf v\u00e0 b\u1ea3o v\u1ec7 m\u00f4i tr\u01b0\u1eddng.<\/span><\/p>\n<h2>M\u1ed9t s\u1ed1 model th\u00f4ng d\u1ee5ng c\u1ee7a C\u1ea3m Bi\u1ebfn \u00c1p Su\u1ea5t SENSYS.<\/h2>\n<p>Model Sensys M5256-C3079E-007BG d\u00e3i \u0111o 0 \u2013 7 bar.<br \/>\nModel Sensys M5256-C3079E-010BG d\u00e3i \u0111o 0 \u2013 10 bar.<br \/>\nModel Sensys M5256-C3079E-3.5BG d\u00e3i \u0111o 0 \u2013 3.5 bar.<br \/>\nModel \u00a0Sensys M5256-C3079E-016BG d\u00e3i \u0111o 0 \u2013 16 bar.<br \/>\nModel Sensys M5256-C3079E-020BG d\u00e3i \u0111o 0 \u2013 20 bar.<br \/>\nModel Sensys M5256-C3079E-035BG d\u00e3i \u0111o 0 \u2013 35 bar.<br \/>\nModel Sensys M5256-C3079E-050BG d\u00e3i \u0111o 0 \u2013 50 bar.<br \/>\nModel Sensys M5256-C3079E-070BG d\u00e3i \u0111o 0 \u2013 70 bar.<br \/>\nModel Sensys M5256-C3079E-0100BG d\u00e3i \u0111o 0 \u2013 100 bar.<br \/>\nModel Sensys M5256-C3079E-0200BG d\u00e3i \u0111o 0 \u2013 200 bar.<br \/>\nModel Sensys M5256-C3079E-0250BG d\u00e3i \u0111o 0 \u2013 250 bar.<br \/>\nModel Sensys M5256-C3079E-0350BG d\u00e3i \u0111o 0 \u2013 350 bar.<br \/>\nModel Sensys M5256-C3079E-0500BG d\u00e3i \u0111o 0 \u2013 500 bar.<br \/>\nModel Sensys M5256-C3079E-0700BG d\u00e3i \u0111o 0 \u2013 700 bar.<br \/>\nModel Sensys\u00a0 M5256-C3079E-01KBBG\u00a0 d\u00e3i \u0111o 0 \u2013 1000 bar.<\/p>\n<div>\n<p>Pressure Transmitter, range 0 ~ 10 bars, 2 wire\/ 4~20mA, port: R(PT) 3\/8 Model: PTDH0010BAHA<\/p>\n<p>Pressure Transmitter, range 0 ~ 20 bars, 2 wire\/ 4~20mA, port: R(PT) 3\/8\u2033: PTDH0020BAHA<\/p>\n<p>C\u1ea3m bi\u1ebfn \u00e1p su\u1ea5t DPUH1000, 0-1000 Pa, 11 ~ 28VDC<\/p>\n<p>C\u1ea3m bi\u1ebfn \u00e1p su\u1ea5t SBHA0200MKG, SBH 0-200Mpa, 1\/4\u201dNPT\u201d<\/p>\n<p>C\u1ea3m bi\u1ebfn \u00e1p su\u1ea5t SSGHA0015BCAG, SSG, 0-15 bar, 4~20mA(2Wire), 1\/4\u201dPT\u201d<\/p>\n<p>C\u1ea3m bi\u1ebfn \u00e1p su\u1ea5t SBHA0200MKG, SBH 0-200Mpa, 1\/4\u201dNPT\u201d<\/p>\n<p>C\u1ea3m bi\u1ebfn \u00e1p su\u1ea5t SSGGC0015BEAG, SSG, 0-15 bar, 4~20mA(3Wire) + 1-Ch Relay, RS485, 1\/2\u201dPT<\/p>\n<p>C\u1ea3m bi\u1ebfn \u00e1p su\u1ea5t PTDK0400BDIA, PTD 0~400 bar, 0~10V (4Wire), G(PF)1\/4\u201d<\/p>\n<p>C\u1ea3m bi\u1ebfn \u00e1p su\u1ea5t PTCH0001BCIA, PTC 0~1bar 4-20mA (2wire) 1\/4\u201dPT +-0.5%,Din 43650-A connector<\/p>\n<p>M5256-C3079E-010BG(0~10 bar; 4-20 mA; 1\/4\u201dPT)<\/p>\n<p>&nbsp;<\/p>\n<\/div>\n<p>\u0110\u1ea1i l\u00fd SENSYS vietnam, SENSYS viet nam, SENSYS vietnam distributor, Ph\u00e2n ph\u1ed1i SENSYS t\u1ea1i vi\u1ec7t nam<\/p>\n<p>\u0110\u1ea1i l\u00fd SENSYS vietnam, SENSYS viet nam, SENSYS vietnam distributor, Ph\u00e2n ph\u1ed1i SENSYS t\u1ea1i vi\u1ec7t nam<\/p>\n<p>\u0110\u1ea1i l\u00fd SENSYS vietnam, SENSYS viet nam, SENSYS vietnam distributor, Ph\u00e2n ph\u1ed1i SENSYS t\u1ea1i vi\u1ec7t nam<\/p>\n","protected":false},"excerpt":{"rendered":"<p>SENSYS PTDH0020BAHA Pressure Transmitter, range 0 ~ 10 bars, 2 wire\/ 4~20mA, port: R(PT) 3\/8 Model: PTDH0010BAHA Pressure Transmitter, range 0 ~ 20 bars, 2 wire\/ 4~20mA, port: R(PT) 3\/8\u2033: PTDH0020BAHA PTDH0020BAHA c\u1ee7a H\u00e0n Qu\u1ed1c, m\u1ed9t thi\u1ebft b\u1ecb hi\u1ec7u su\u1ea5t cao \u0111\u01b0\u1ee3c thi\u1ebft k\u1ebf \u0111\u1eb7c bi\u1ec7t cho c\u00e1c \u1ee9ng d\u1ee5ng&hellip; <\/p>\n","protected":false},"featured_media":4753,"comment_status":"open","ping_status":"closed","template":"","meta":{"om_disable_all_campaigns":false,"_monsterinsights_skip_tracking":false,"_monsterinsights_sitenote_active":false,"_monsterinsights_sitenote_note":"","_monsterinsights_sitenote_category":0},"product_cat":[910],"product_tag":[913,912,911],"class_list":{"0":"post-4752","1":"product","2":"type-product","3":"status-publish","4":"has-post-thumbnail","6":"product_cat-sensys","7":"product_tag-cam-bien-ap-suat","8":"product_tag-dai-ly-sensys-viet-nam","9":"product_tag-sensys-viet-nam","11":"first","12":"instock","13":"shipping-taxable","14":"product-type-simple"},"aioseo_notices":[],"yoast_head":"<!-- This site is optimized with the Yoast SEO plugin v22.8 - https:\/\/yoast.com\/wordpress\/plugins\/seo\/ -->\n<title>SENSYS PTDH0020BAHA - OMANI VI\u1ec6T NAM<\/title>\n<meta name=\"description\" content=\"SENSYS PTDH0020BAHA Pressure Transmitter\" \/>\n<meta name=\"robots\" content=\"index, follow, max-snippet:-1, max-image-preview:large, max-video-preview:-1\" \/>\n<link rel=\"canonical\" href=\"https:\/\/sipin.com.vn\/index.php\/product\/sensys-ptdh0020baha\/\" \/>\n<meta property=\"og:locale\" content=\"vi_VN\" \/>\n<meta property=\"og:type\" content=\"article\" \/>\n<meta property=\"og:title\" content=\"SENSYS PTDH0020BAHA - OMANI VI\u1ec6T NAM\" \/>\n<meta property=\"og:description\" content=\"SENSYS PTDH0020BAHA Pressure Transmitter\" \/>\n<meta property=\"og:url\" content=\"https:\/\/sipin.com.vn\/index.php\/product\/sensys-ptdh0020baha\/\" \/>\n<meta property=\"og:site_name\" content=\"OMANI VI\u1ec6T NAM\" \/>\n<meta property=\"article:modified_time\" content=\"2026-02-07T15:34:45+00:00\" \/>\n<meta property=\"og:image\" content=\"https:\/\/sipin.com.vn\/wp-content\/uploads\/2026\/02\/PTDH0020BAHA.png\" \/>\n\t<meta property=\"og:image:width\" content=\"544\" \/>\n\t<meta property=\"og:image:height\" content=\"845\" \/>\n\t<meta property=\"og:image:type\" content=\"image\/png\" \/>\n<meta name=\"twitter:card\" content=\"summary_large_image\" \/>\n<meta name=\"twitter:label1\" content=\"\u01af\u1edbc t\u00ednh th\u1eddi gian \u0111\u1ecdc\" \/>\n\t<meta name=\"twitter:data1\" content=\"5 ph\u00fat\" \/>\n<script type=\"application\/ld+json\" class=\"yoast-schema-graph\">{\"@context\":\"https:\/\/schema.org\",\"@graph\":[{\"@type\":\"WebPage\",\"@id\":\"https:\/\/sipin.com.vn\/index.php\/product\/sensys-ptdh0020baha\/\",\"url\":\"https:\/\/sipin.com.vn\/index.php\/product\/sensys-ptdh0020baha\/\",\"name\":\"SENSYS PTDH0020BAHA - OMANI VI\u1ec6T NAM\",\"isPartOf\":{\"@id\":\"https:\/\/sipin.com.vn\/#website\"},\"primaryImageOfPage\":{\"@id\":\"https:\/\/sipin.com.vn\/index.php\/product\/sensys-ptdh0020baha\/#primaryimage\"},\"image\":{\"@id\":\"https:\/\/sipin.com.vn\/index.php\/product\/sensys-ptdh0020baha\/#primaryimage\"},\"thumbnailUrl\":\"https:\/\/sipin.com.vn\/wp-content\/uploads\/2026\/02\/PTDH0020BAHA.png\",\"datePublished\":\"2026-02-07T15:34:44+00:00\",\"dateModified\":\"2026-02-07T15:34:45+00:00\",\"description\":\"SENSYS PTDH0020BAHA Pressure Transmitter\",\"breadcrumb\":{\"@id\":\"https:\/\/sipin.com.vn\/index.php\/product\/sensys-ptdh0020baha\/#breadcrumb\"},\"inLanguage\":\"vi\",\"potentialAction\":[{\"@type\":\"ReadAction\",\"target\":[\"https:\/\/sipin.com.vn\/index.php\/product\/sensys-ptdh0020baha\/\"]}]},{\"@type\":\"ImageObject\",\"inLanguage\":\"vi\",\"@id\":\"https:\/\/sipin.com.vn\/index.php\/product\/sensys-ptdh0020baha\/#primaryimage\",\"url\":\"https:\/\/sipin.com.vn\/wp-content\/uploads\/2026\/02\/PTDH0020BAHA.png\",\"contentUrl\":\"https:\/\/sipin.com.vn\/wp-content\/uploads\/2026\/02\/PTDH0020BAHA.png\",\"width\":544,\"height\":845},{\"@type\":\"BreadcrumbList\",\"@id\":\"https:\/\/sipin.com.vn\/index.php\/product\/sensys-ptdh0020baha\/#breadcrumb\",\"itemListElement\":[{\"@type\":\"ListItem\",\"position\":1,\"name\":\"Home\",\"item\":\"https:\/\/sipin.com.vn\/\"},{\"@type\":\"ListItem\",\"position\":2,\"name\":\"S\u1ea2N PH\u1ea8M\",\"item\":\"https:\/\/sipin.com.vn\/index.php\/cua-hang\/\"},{\"@type\":\"ListItem\",\"position\":3,\"name\":\"SENSYS PTDH0020BAHA\"}]},{\"@type\":\"WebSite\",\"@id\":\"https:\/\/sipin.com.vn\/#website\",\"url\":\"https:\/\/sipin.com.vn\/\",\"name\":\"OMANI VI\u1ec6T NAM\",\"description\":\"Nh\u00e0 ph\u00e2n ph\u1ed1i thi\u1ebft b\u1ecb kh\u00ed n\u00e9n v\u00e0 thi\u1ebft b\u1ecb t\u1ef1 \u0111\u1ed9ng h\u00f3a trong c\u00f4ng nghi\u1ec7p\",\"publisher\":{\"@id\":\"https:\/\/sipin.com.vn\/#\/schema\/person\/0ad398a980dc3fd696111c2c5c8fa897\"},\"potentialAction\":[{\"@type\":\"SearchAction\",\"target\":{\"@type\":\"EntryPoint\",\"urlTemplate\":\"https:\/\/sipin.com.vn\/?s={search_term_string}\"},\"query-input\":\"required name=search_term_string\"}],\"inLanguage\":\"vi\"},{\"@type\":[\"Person\",\"Organization\"],\"@id\":\"https:\/\/sipin.com.vn\/#\/schema\/person\/0ad398a980dc3fd696111c2c5c8fa897\",\"name\":\"Nguy\u1ec5n V\u0103n Kh\u00e1nh\",\"image\":{\"@type\":\"ImageObject\",\"inLanguage\":\"vi\",\"@id\":\"https:\/\/sipin.com.vn\/#\/schema\/person\/image\/\",\"url\":\"https:\/\/sipin.com.vn\/wp-content\/uploads\/2024\/06\/logo-1024x1024.png\",\"contentUrl\":\"https:\/\/sipin.com.vn\/wp-content\/uploads\/2024\/06\/logo-1024x1024.png\",\"width\":1024,\"height\":1024,\"caption\":\"Nguy\u1ec5n V\u0103n Kh\u00e1nh\"},\"logo\":{\"@id\":\"https:\/\/sipin.com.vn\/#\/schema\/person\/image\/\"},\"sameAs\":[\"https:\/\/sipin.com.vn\"]}]}<\/script>\n<!-- \/ Yoast SEO plugin. -->","yoast_head_json":{"title":"SENSYS PTDH0020BAHA - OMANI VI\u1ec6T NAM","description":"SENSYS PTDH0020BAHA Pressure Transmitter","robots":{"index":"index","follow":"follow","max-snippet":"max-snippet:-1","max-image-preview":"max-image-preview:large","max-video-preview":"max-video-preview:-1"},"canonical":"https:\/\/sipin.com.vn\/index.php\/product\/sensys-ptdh0020baha\/","og_locale":"vi_VN","og_type":"article","og_title":"SENSYS PTDH0020BAHA - OMANI VI\u1ec6T NAM","og_description":"SENSYS PTDH0020BAHA Pressure Transmitter","og_url":"https:\/\/sipin.com.vn\/index.php\/product\/sensys-ptdh0020baha\/","og_site_name":"OMANI VI\u1ec6T NAM","article_modified_time":"2026-02-07T15:34:45+00:00","og_image":[{"width":544,"height":845,"url":"https:\/\/sipin.com.vn\/wp-content\/uploads\/2026\/02\/PTDH0020BAHA.png","type":"image\/png"}],"twitter_card":"summary_large_image","twitter_misc":{"\u01af\u1edbc t\u00ednh th\u1eddi gian \u0111\u1ecdc":"5 ph\u00fat"},"schema":{"@context":"https:\/\/schema.org","@graph":[{"@type":"WebPage","@id":"https:\/\/sipin.com.vn\/index.php\/product\/sensys-ptdh0020baha\/","url":"https:\/\/sipin.com.vn\/index.php\/product\/sensys-ptdh0020baha\/","name":"SENSYS PTDH0020BAHA - OMANI VI\u1ec6T NAM","isPartOf":{"@id":"https:\/\/sipin.com.vn\/#website"},"primaryImageOfPage":{"@id":"https:\/\/sipin.com.vn\/index.php\/product\/sensys-ptdh0020baha\/#primaryimage"},"image":{"@id":"https:\/\/sipin.com.vn\/index.php\/product\/sensys-ptdh0020baha\/#primaryimage"},"thumbnailUrl":"https:\/\/sipin.com.vn\/wp-content\/uploads\/2026\/02\/PTDH0020BAHA.png","datePublished":"2026-02-07T15:34:44+00:00","dateModified":"2026-02-07T15:34:45+00:00","description":"SENSYS PTDH0020BAHA Pressure Transmitter","breadcrumb":{"@id":"https:\/\/sipin.com.vn\/index.php\/product\/sensys-ptdh0020baha\/#breadcrumb"},"inLanguage":"vi","potentialAction":[{"@type":"ReadAction","target":["https:\/\/sipin.com.vn\/index.php\/product\/sensys-ptdh0020baha\/"]}]},{"@type":"ImageObject","inLanguage":"vi","@id":"https:\/\/sipin.com.vn\/index.php\/product\/sensys-ptdh0020baha\/#primaryimage","url":"https:\/\/sipin.com.vn\/wp-content\/uploads\/2026\/02\/PTDH0020BAHA.png","contentUrl":"https:\/\/sipin.com.vn\/wp-content\/uploads\/2026\/02\/PTDH0020BAHA.png","width":544,"height":845},{"@type":"BreadcrumbList","@id":"https:\/\/sipin.com.vn\/index.php\/product\/sensys-ptdh0020baha\/#breadcrumb","itemListElement":[{"@type":"ListItem","position":1,"name":"Home","item":"https:\/\/sipin.com.vn\/"},{"@type":"ListItem","position":2,"name":"S\u1ea2N PH\u1ea8M","item":"https:\/\/sipin.com.vn\/index.php\/cua-hang\/"},{"@type":"ListItem","position":3,"name":"SENSYS PTDH0020BAHA"}]},{"@type":"WebSite","@id":"https:\/\/sipin.com.vn\/#website","url":"https:\/\/sipin.com.vn\/","name":"OMANI VI\u1ec6T NAM","description":"Nh\u00e0 ph\u00e2n ph\u1ed1i thi\u1ebft b\u1ecb kh\u00ed n\u00e9n v\u00e0 thi\u1ebft b\u1ecb t\u1ef1 \u0111\u1ed9ng h\u00f3a trong c\u00f4ng nghi\u1ec7p","publisher":{"@id":"https:\/\/sipin.com.vn\/#\/schema\/person\/0ad398a980dc3fd696111c2c5c8fa897"},"potentialAction":[{"@type":"SearchAction","target":{"@type":"EntryPoint","urlTemplate":"https:\/\/sipin.com.vn\/?s={search_term_string}"},"query-input":"required name=search_term_string"}],"inLanguage":"vi"},{"@type":["Person","Organization"],"@id":"https:\/\/sipin.com.vn\/#\/schema\/person\/0ad398a980dc3fd696111c2c5c8fa897","name":"Nguy\u1ec5n V\u0103n Kh\u00e1nh","image":{"@type":"ImageObject","inLanguage":"vi","@id":"https:\/\/sipin.com.vn\/#\/schema\/person\/image\/","url":"https:\/\/sipin.com.vn\/wp-content\/uploads\/2024\/06\/logo-1024x1024.png","contentUrl":"https:\/\/sipin.com.vn\/wp-content\/uploads\/2024\/06\/logo-1024x1024.png","width":1024,"height":1024,"caption":"Nguy\u1ec5n V\u0103n Kh\u00e1nh"},"logo":{"@id":"https:\/\/sipin.com.vn\/#\/schema\/person\/image\/"},"sameAs":["https:\/\/sipin.com.vn"]}]}},"_links":{"self":[{"href":"https:\/\/sipin.com.vn\/index.php\/wp-json\/wp\/v2\/product\/4752","targetHints":{"allow":["GET"]}}],"collection":[{"href":"https:\/\/sipin.com.vn\/index.php\/wp-json\/wp\/v2\/product"}],"about":[{"href":"https:\/\/sipin.com.vn\/index.php\/wp-json\/wp\/v2\/types\/product"}],"replies":[{"embeddable":true,"href":"https:\/\/sipin.com.vn\/index.php\/wp-json\/wp\/v2\/comments?post=4752"}],"wp:featuredmedia":[{"embeddable":true,"href":"https:\/\/sipin.com.vn\/index.php\/wp-json\/wp\/v2\/media\/4753"}],"wp:attachment":[{"href":"https:\/\/sipin.com.vn\/index.php\/wp-json\/wp\/v2\/media?parent=4752"}],"wp:term":[{"taxonomy":"product_cat","embeddable":true,"href":"https:\/\/sipin.com.vn\/index.php\/wp-json\/wp\/v2\/product_cat?post=4752"},{"taxonomy":"product_tag","embeddable":true,"href":"https:\/\/sipin.com.vn\/index.php\/wp-json\/wp\/v2\/product_tag?post=4752"}],"curies":[{"name":"wp","href":"https:\/\/api.w.org\/{rel}","templated":true}]}}