{"id":4741,"date":"2026-02-02T22:45:39","date_gmt":"2026-02-02T15:45:39","guid":{"rendered":"https:\/\/sipin.com.vn\/?post_type=product&#038;p=4741"},"modified":"2026-02-02T22:45:39","modified_gmt":"2026-02-02T15:45:39","slug":"esa-uv-2-2","status":"publish","type":"product","link":"https:\/\/sipin.com.vn\/index.php\/product\/esa-uv-2-2\/","title":{"rendered":"ESA UV-2"},"content":{"rendered":"<p>ESA UV-2<\/p>\n<p>SHUTTER SHR DN20 220VAC G3\/4\u2033 ho\u1eb7c SHUTTER SHR DN20 220VAC G1\/2\u2033<\/p>\n<p>ESA SHUTTER SHR is a vision dimming device for ESA UV-2 flame detectors, in applications with permanent burner operation. The device is installed between the burner and the flame detector, so that it can interrupt the light radiation to the sensor when activated.<\/p>\n<p><strong>Van an to\u00e0n UV2 shutter SHR <\/strong>ESA SHUTTER SHR l\u00e0 van an to\u00e0n s\u1eed d\u1ee5ng c\u00f9ng v\u1edbi c\u1ea3m bi\u1ebfn ng\u1ecdn l\u1eeda UV-2 c\u1ee7a ESA, trong c\u00e1c \u1ee9ng d\u1ee5ng v\u1eadn h\u00e0nh l\u00f2 \u0111\u1ed1t c\u1ed1 \u0111\u1ecbnh (d\u00f9ng cho h\u1ec7 th\u00f4ng ho\u1ea1t \u0111\u1ed9ng 24\/24). Thi\u1ebft b\u1ecb n\u00e0y \u0111\u01b0\u1ee3c l\u1eafp \u0111\u1eb7t gi\u1eefa \u0111\u1ea7u \u0111\u1ed1t v\u00e0 \u0111\u1ea7u b\u00e1o ch\u00e1y, \u0111\u1ec3 ng\u1eaft b\u1ee9c x\u1ea1 \u00e1nh s\u00e1ng t\u1edbi c\u1ea3m bi\u1ebfn khi n\u00f3 \u0111\u01b0\u1ee3c k\u00edch ho\u1ea1t. Do \u0111\u00f3, ESA SHUTTER SHR cho ph\u00e9p vi\u1ec7c ki\u1ec3m tra \u0111\u1ecbnh k\u1ef3 c\u1ee7a c\u1ea3m bi\u1ebfn ng\u1ecdn l\u1eeda ESA UV-2. ESA SHUTTER SHR m\u00e0 kh\u00f4ng c\u1ea7n d\u1eebng h\u1ec7 th\u1ed1ng. Van UV2 Shutter SHR (c\u00f3 th\u00e2n nh\u00f4m \u0111\u1eb7c bi\u1ec7t th\u00edch h\u1ee3p cho c\u00e1c \u1ee9ng d\u1ee5ng c\u00f4ng nghi\u1ec7p, l\u00e0m vi\u1ec7c trong m\u00f4i tr\u01b0\u1eddng nhi\u1ec7t \u0111\u1ed9 cao.<\/p>\n<p><strong>Th\u00f4ng s\u1ed1 k\u1ef9 thu\u1eadt c\u01a1 b\u1ea3n c\u1ee7a van an to\u00e0n Esa Pyronics UV2 shutter SHR\u00a0 :<\/strong><\/p>\n<p>\u0110i\u1ec7n \u00e1p ngu\u1ed3n: 115 ho\u1eb7c 230Vac, +10\u00f7-15%<\/p>\n<p>T\u1ea7n s\u1ed1: 50\u00f760 Hz<\/p>\n<p>Lo\u1ea1i ngu\u1ed3n \u0111i\u1ec7n: pha-trung t\u00ednh, kh\u00f4ng ph\u00f9 h\u1ee3p v\u1edbi \u0111i\u1ec7n \u00e1p pha-pha.Lo\u1ea1i trung t\u00ednh ph\u00f9 h\u1ee3p cho c\u1ea3 h\u1ec7 th\u1ed1ng trung t\u00ednh n\u1ed1i \u0111\u1ea5t v\u00e0 kh\u00f4ng n\u1ed1i \u0111\u1ea5t.<\/p>\n<p>H\u1ec7 s\u1ed1 h\u1ea5p th\u1ee5: t\u1ed1i \u0111a 51 VA<\/p>\n<p>Nhi\u1ec7t \u0111\u1ed9 ho\u1ea1t \u0111\u1ed9ng : -20\u00f760\u00b0C<\/p>\n<p>Nhi\u1ec7t \u0111\u1ed9 b\u1ea3o qu\u1ea3n: -20\u00f780\u00b0C<\/p>\n<p>H\u1ec7 th\u1ed1ng d\u00e2y \u0111i\u1ec7n: \u0111\u1ea7u n\u1ed1i nhanh v\u1edbi b\u1ed9 ch\u1ec9nh l\u01b0u<\/p>\n<p>\u0110\u1ea7u v\u00e0o c\u00e1p n\u1ed1i \u0111i\u1ec7n: \u0111\u1ea7u v\u00e0o ren c\u00e1i M20x1.5<\/p>\n<p>Tr\u1ecdng l\u01b0\u1ee3ng :\u00a0 900g<\/p>\n<p>C\u1ea5p \u0111\u1ed9 b\u1ea3o v\u1ec7: IP65<\/p>\n<p>V\u1ecb tr\u00ed l\u1eafp \u0111\u1eb7t: b\u1ea5t k\u1ef3, nh\u01b0ng kh\u00f4ng \u0111\u1ea3o ng\u01b0\u1ee3c cu\u1ed9n coil<\/p>\n<p>H\u01b0\u1edbng cu\u1ed9n coil : 360\u00b0<\/p>\n<p>M\u00f4i tr\u01b0\u1eddng l\u00e0m vi\u1ec7c: Kh\u00f4ng ph\u00f9 h\u1ee3p v\u1edbi m\u00f4i tr\u01b0\u1eddng d\u1ec5 ch\u00e1y n\u1ed5, \u0103n m\u00f2n<\/p>\n<p>V\u1eadt li\u1ec7u th\u00e2n van: nh\u00f4m, \u0111\u1ed3ng thau, th\u00e9p<\/p>\n<p>C\u1ed1 \u0111\u1ecbnh th\u00e2n van : Male-female 3\/4\u201d \u2013 ren DN20<\/p>\n<p>KIT SHUTTER Ren k\u1ebft n\u1ed1i \u0111\u1ea7u \u0111\u1ed1t: Male 3\/4\u201d DN20 ho\u1eb7c 1\/2\u201d DN15<\/p>\n<p>&nbsp;<\/p>\n<p><b>C\u1ea3m bi\u1ebfn<\/b>\u00a0ESA Pyronics l\u00e0 m\u1ed9t \u0111\u1ea7u b\u00e1o ng\u1ecdn l\u1eeda UV-2 v\u1edbi H\u1ed7 tr\u1ee3 10673 3\/4\u2033 CHLG-2. \u0110\u1ea7u b\u00e1o ng\u1ecdn l\u1eeda n\u00e0y \u0111\u01b0\u1ee3c s\u1eed d\u1ee5ng k\u1ebft h\u1ee3p v\u1edbi Shutter SHR cho c\u00e1c \u1ee9ng d\u1ee5ng v\u1eadn h\u00e0nh \u0111\u1ea7u \u0111\u1ed1t li\u00ean t\u1ee5c. \u0110\u1ea7u b\u00e1o ng\u1ecdn l\u1eeda \u0111\u01b0\u1ee3c chia th\u00e0nh 4 ph\u1ea7n:<\/p>\n<ul>\n<li>Ph\u00edch c\u1eafm \u0111i\u1ec7n<\/li>\n<li>Housing (v\u1ecf b\u1ecdc)<\/li>\n<li>Ph\u1ea7n k\u1ebft n\u1ed1i nhi\u1ec7t (th\u1ee7y tinh th\u1ea1ch anh k\u00e8m mi\u1ebfng \u0111\u1ec7m)<\/li>\n<li>Ph\u1ea7n k\u1ebft n\u1ed1i l\u00e0m m\u00e1t<\/li>\n<\/ul>\n<p>\u0110\u1ea7u b\u00e1o ng\u1ecdn l\u1eeda c\u00f3 ph\u1ea7n ren 3\/4\u2033 \u0111\u1ec3 k\u1ebft n\u1ed1i v\u1edbi th\u00e2n nh\u00f4m \u0111\u00fac c\u1ee7a Shutter SHR. Trong ph\u1ea7n \u1ed1ng UV ch\u1ee9a \u0111\u1ea7y kh\u00ed s\u1ebd b\u1ecb tia UV l\u00e0m ion h\u00f3a, d\u00f9ng cho c\u00e1c h\u1ec7 th\u1ed1ng \u0111i\u1ec7n t\u1eed ESA kh\u00e1c. UV2 c\u00f3 th\u1ec3 \u0111\u01b0\u1ee3c s\u1eed d\u1ee5ng v\u1edbi t\u1ea5t c\u1ea3 c\u00e1c h\u1ec7 th\u1ed1ng \u0111i\u1ec7n t\u1eed m\u00e0 ESA s\u1ea3n xu\u1ea5t ho\u1eb7c v\u1edbi b\u1ea5t k\u1ef3 h\u1ec7 th\u1ed1ng n\u00e0o kh\u00e1c mi\u1ec5n l\u00e0 \u1ed1ng \u0111\u01b0\u1ee3c v\u1eadn h\u00e0nh trong gi\u1edbi h\u1ea1n c\u1ee7a n\u00f3.<\/p>\n<p><strong>Th\u00f4ng s\u1ed1 k\u1ef9 thu\u1eadt c\u01a1 b\u1ea3n c\u1ee7a van an to\u00e0n Esa Pyronics\u00a0<\/strong><strong>UV-2 SCANNER+CHLG 2 (3\/4\u2033BSP) (P\/N: 074903)<\/strong><\/p>\n<p>Nhi\u1ec7t \u0111\u1ed9 ho\u1ea1t \u0111\u1ed9ng:\u00a0 -20 \u0111\u1ebfn + 60C<\/p>\n<p>Cung c\u1ea5p \u0111i\u1ec7n \u00e1p: 280-400V<\/p>\n<p>\u0110\u00e1p \u1ee9ng quang ph\u1ed5: 185-260 nm<\/p>\n<p>K\u1ebft n\u1ed1i khe ng\u1eafm:\u00a0 3\/4\u2033<\/p>\n<p>X\u1ea3 \u0111i\u1ec7n \u00e1p kh\u1edfi \u0111\u1ed9ng (v\u1edbi b\u1ee9c x\u1ea1 UV) : 280V<\/p>\n<p>B\u1ea3o v\u1ec7 \u0111i\u1ec7n :\u00a0 IP54<\/p>\n<p>\u0110i\u1ec7n \u00e1p ho\u1ea1t \u0111\u1ed9ng (\u0111\u1ec1 xu\u1ea5t) : 325 +\/- 25V<\/p>\n<p>D\u00f2ng x\u1ea3 (\u0111\u1ec1 xu\u1ea5t) :100\u03bcA<\/p>\n<p>B\u1ea3o h\u00e0nh tr\u1ecdn \u0111\u1eddi v\u1edbi b\u1ed9 x\u1ea3 li\u00ean t\u1ee5c &gt;10.000 gi\u1edd.<\/p>\n<p>&nbsp;<\/p>\n<p>\u0110\u1ea1i l\u00fd ESA vietnam, ESA viet nam, ESA vietnam distributor, Ph\u00e2n ph\u1ed1i ESA t\u1ea1i vi\u1ec7t nam<\/p>\n<p>\u0110\u1ea1i l\u00fd ESA vietnam, ESA viet nam, ESA vietnam distributor, Ph\u00e2n ph\u1ed1i ESA t\u1ea1i vi\u1ec7t nam<\/p>\n<p>\u0110\u1ea1i l\u00fd ESA vietnam, ESA viet nam, ESA vietnam distributor, Ph\u00e2n ph\u1ed1i ESA t\u1ea1i vi\u1ec7t nam<\/p>\n","protected":false},"excerpt":{"rendered":"<p>ESA UV-2 SHUTTER SHR DN20 220VAC G3\/4\u2033 ho\u1eb7c SHUTTER SHR DN20 220VAC G1\/2\u2033 ESA SHUTTER SHR is a vision dimming device for ESA UV-2 flame detectors, in applications with permanent burner operation. The device is installed between the burner and the flame detector, so that it can interrupt the light&hellip; <\/p>\n","protected":false},"featured_media":4742,"comment_status":"open","ping_status":"closed","template":"","meta":{"om_disable_all_campaigns":false,"_monsterinsights_skip_tracking":false,"_monsterinsights_sitenote_active":false,"_monsterinsights_sitenote_note":"","_monsterinsights_sitenote_category":0},"product_cat":[977],"product_tag":[88,628,627],"class_list":{"0":"post-4741","1":"product","2":"type-product","3":"status-publish","4":"has-post-thumbnail","6":"product_cat-esa","7":"product_tag-cam-bien","8":"product_tag-dai-ly-esa-viet-nam","9":"product_tag-esa-viet-nam","11":"first","12":"instock","13":"shipping-taxable","14":"product-type-simple"},"aioseo_notices":[],"yoast_head":"<!-- This site is optimized with the Yoast SEO plugin v22.8 - https:\/\/yoast.com\/wordpress\/plugins\/seo\/ -->\n<title>ESA UV-2 - OMANI VI\u1ec6T NAM<\/title>\n<meta name=\"description\" content=\"ESA UV-2 UV High sensibility probes\" \/>\n<meta name=\"robots\" content=\"index, follow, max-snippet:-1, max-image-preview:large, max-video-preview:-1\" \/>\n<link rel=\"canonical\" href=\"https:\/\/sipin.com.vn\/index.php\/product\/esa-uv-2-2\/\" \/>\n<meta property=\"og:locale\" content=\"vi_VN\" \/>\n<meta property=\"og:type\" content=\"article\" \/>\n<meta property=\"og:title\" content=\"ESA UV-2 - OMANI VI\u1ec6T NAM\" \/>\n<meta property=\"og:description\" content=\"ESA UV-2 UV High sensibility probes\" \/>\n<meta property=\"og:url\" content=\"https:\/\/sipin.com.vn\/index.php\/product\/esa-uv-2-2\/\" \/>\n<meta property=\"og:site_name\" content=\"OMANI VI\u1ec6T NAM\" \/>\n<meta property=\"og:image\" content=\"https:\/\/sipin.com.vn\/wp-content\/uploads\/2026\/02\/UV-2.png\" \/>\n\t<meta property=\"og:image:width\" content=\"507\" \/>\n\t<meta property=\"og:image:height\" content=\"937\" \/>\n\t<meta property=\"og:image:type\" content=\"image\/png\" \/>\n<meta name=\"twitter:card\" content=\"summary_large_image\" \/>\n<meta name=\"twitter:label1\" content=\"\u01af\u1edbc t\u00ednh th\u1eddi gian \u0111\u1ecdc\" \/>\n\t<meta name=\"twitter:data1\" content=\"4 ph\u00fat\" \/>\n<script type=\"application\/ld+json\" class=\"yoast-schema-graph\">{\"@context\":\"https:\/\/schema.org\",\"@graph\":[{\"@type\":\"WebPage\",\"@id\":\"https:\/\/sipin.com.vn\/index.php\/product\/esa-uv-2-2\/\",\"url\":\"https:\/\/sipin.com.vn\/index.php\/product\/esa-uv-2-2\/\",\"name\":\"ESA UV-2 - OMANI VI\u1ec6T NAM\",\"isPartOf\":{\"@id\":\"https:\/\/sipin.com.vn\/#website\"},\"primaryImageOfPage\":{\"@id\":\"https:\/\/sipin.com.vn\/index.php\/product\/esa-uv-2-2\/#primaryimage\"},\"image\":{\"@id\":\"https:\/\/sipin.com.vn\/index.php\/product\/esa-uv-2-2\/#primaryimage\"},\"thumbnailUrl\":\"https:\/\/sipin.com.vn\/wp-content\/uploads\/2026\/02\/UV-2.png\",\"datePublished\":\"2026-02-02T15:45:39+00:00\",\"dateModified\":\"2026-02-02T15:45:39+00:00\",\"description\":\"ESA UV-2 UV High sensibility probes\",\"breadcrumb\":{\"@id\":\"https:\/\/sipin.com.vn\/index.php\/product\/esa-uv-2-2\/#breadcrumb\"},\"inLanguage\":\"vi\",\"potentialAction\":[{\"@type\":\"ReadAction\",\"target\":[\"https:\/\/sipin.com.vn\/index.php\/product\/esa-uv-2-2\/\"]}]},{\"@type\":\"ImageObject\",\"inLanguage\":\"vi\",\"@id\":\"https:\/\/sipin.com.vn\/index.php\/product\/esa-uv-2-2\/#primaryimage\",\"url\":\"https:\/\/sipin.com.vn\/wp-content\/uploads\/2026\/02\/UV-2.png\",\"contentUrl\":\"https:\/\/sipin.com.vn\/wp-content\/uploads\/2026\/02\/UV-2.png\",\"width\":507,\"height\":937},{\"@type\":\"BreadcrumbList\",\"@id\":\"https:\/\/sipin.com.vn\/index.php\/product\/esa-uv-2-2\/#breadcrumb\",\"itemListElement\":[{\"@type\":\"ListItem\",\"position\":1,\"name\":\"Home\",\"item\":\"https:\/\/sipin.com.vn\/\"},{\"@type\":\"ListItem\",\"position\":2,\"name\":\"S\u1ea2N PH\u1ea8M\",\"item\":\"https:\/\/sipin.com.vn\/index.php\/cua-hang\/\"},{\"@type\":\"ListItem\",\"position\":3,\"name\":\"ESA UV-2\"}]},{\"@type\":\"WebSite\",\"@id\":\"https:\/\/sipin.com.vn\/#website\",\"url\":\"https:\/\/sipin.com.vn\/\",\"name\":\"OMANI VI\u1ec6T NAM\",\"description\":\"Nh\u00e0 ph\u00e2n ph\u1ed1i thi\u1ebft b\u1ecb kh\u00ed n\u00e9n v\u00e0 thi\u1ebft b\u1ecb t\u1ef1 \u0111\u1ed9ng h\u00f3a trong c\u00f4ng nghi\u1ec7p\",\"publisher\":{\"@id\":\"https:\/\/sipin.com.vn\/#\/schema\/person\/0ad398a980dc3fd696111c2c5c8fa897\"},\"potentialAction\":[{\"@type\":\"SearchAction\",\"target\":{\"@type\":\"EntryPoint\",\"urlTemplate\":\"https:\/\/sipin.com.vn\/?s={search_term_string}\"},\"query-input\":\"required name=search_term_string\"}],\"inLanguage\":\"vi\"},{\"@type\":[\"Person\",\"Organization\"],\"@id\":\"https:\/\/sipin.com.vn\/#\/schema\/person\/0ad398a980dc3fd696111c2c5c8fa897\",\"name\":\"Nguy\u1ec5n V\u0103n Kh\u00e1nh\",\"image\":{\"@type\":\"ImageObject\",\"inLanguage\":\"vi\",\"@id\":\"https:\/\/sipin.com.vn\/#\/schema\/person\/image\/\",\"url\":\"https:\/\/sipin.com.vn\/wp-content\/uploads\/2024\/06\/logo-1024x1024.png\",\"contentUrl\":\"https:\/\/sipin.com.vn\/wp-content\/uploads\/2024\/06\/logo-1024x1024.png\",\"width\":1024,\"height\":1024,\"caption\":\"Nguy\u1ec5n V\u0103n Kh\u00e1nh\"},\"logo\":{\"@id\":\"https:\/\/sipin.com.vn\/#\/schema\/person\/image\/\"},\"sameAs\":[\"https:\/\/sipin.com.vn\"]}]}<\/script>\n<!-- \/ Yoast SEO plugin. -->","yoast_head_json":{"title":"ESA UV-2 - OMANI VI\u1ec6T NAM","description":"ESA UV-2 UV High sensibility probes","robots":{"index":"index","follow":"follow","max-snippet":"max-snippet:-1","max-image-preview":"max-image-preview:large","max-video-preview":"max-video-preview:-1"},"canonical":"https:\/\/sipin.com.vn\/index.php\/product\/esa-uv-2-2\/","og_locale":"vi_VN","og_type":"article","og_title":"ESA UV-2 - OMANI VI\u1ec6T NAM","og_description":"ESA UV-2 UV High sensibility probes","og_url":"https:\/\/sipin.com.vn\/index.php\/product\/esa-uv-2-2\/","og_site_name":"OMANI VI\u1ec6T NAM","og_image":[{"width":507,"height":937,"url":"https:\/\/sipin.com.vn\/wp-content\/uploads\/2026\/02\/UV-2.png","type":"image\/png"}],"twitter_card":"summary_large_image","twitter_misc":{"\u01af\u1edbc t\u00ednh th\u1eddi gian \u0111\u1ecdc":"4 ph\u00fat"},"schema":{"@context":"https:\/\/schema.org","@graph":[{"@type":"WebPage","@id":"https:\/\/sipin.com.vn\/index.php\/product\/esa-uv-2-2\/","url":"https:\/\/sipin.com.vn\/index.php\/product\/esa-uv-2-2\/","name":"ESA UV-2 - OMANI VI\u1ec6T NAM","isPartOf":{"@id":"https:\/\/sipin.com.vn\/#website"},"primaryImageOfPage":{"@id":"https:\/\/sipin.com.vn\/index.php\/product\/esa-uv-2-2\/#primaryimage"},"image":{"@id":"https:\/\/sipin.com.vn\/index.php\/product\/esa-uv-2-2\/#primaryimage"},"thumbnailUrl":"https:\/\/sipin.com.vn\/wp-content\/uploads\/2026\/02\/UV-2.png","datePublished":"2026-02-02T15:45:39+00:00","dateModified":"2026-02-02T15:45:39+00:00","description":"ESA UV-2 UV High sensibility probes","breadcrumb":{"@id":"https:\/\/sipin.com.vn\/index.php\/product\/esa-uv-2-2\/#breadcrumb"},"inLanguage":"vi","potentialAction":[{"@type":"ReadAction","target":["https:\/\/sipin.com.vn\/index.php\/product\/esa-uv-2-2\/"]}]},{"@type":"ImageObject","inLanguage":"vi","@id":"https:\/\/sipin.com.vn\/index.php\/product\/esa-uv-2-2\/#primaryimage","url":"https:\/\/sipin.com.vn\/wp-content\/uploads\/2026\/02\/UV-2.png","contentUrl":"https:\/\/sipin.com.vn\/wp-content\/uploads\/2026\/02\/UV-2.png","width":507,"height":937},{"@type":"BreadcrumbList","@id":"https:\/\/sipin.com.vn\/index.php\/product\/esa-uv-2-2\/#breadcrumb","itemListElement":[{"@type":"ListItem","position":1,"name":"Home","item":"https:\/\/sipin.com.vn\/"},{"@type":"ListItem","position":2,"name":"S\u1ea2N PH\u1ea8M","item":"https:\/\/sipin.com.vn\/index.php\/cua-hang\/"},{"@type":"ListItem","position":3,"name":"ESA UV-2"}]},{"@type":"WebSite","@id":"https:\/\/sipin.com.vn\/#website","url":"https:\/\/sipin.com.vn\/","name":"OMANI VI\u1ec6T NAM","description":"Nh\u00e0 ph\u00e2n ph\u1ed1i thi\u1ebft b\u1ecb kh\u00ed n\u00e9n v\u00e0 thi\u1ebft b\u1ecb t\u1ef1 \u0111\u1ed9ng h\u00f3a trong c\u00f4ng nghi\u1ec7p","publisher":{"@id":"https:\/\/sipin.com.vn\/#\/schema\/person\/0ad398a980dc3fd696111c2c5c8fa897"},"potentialAction":[{"@type":"SearchAction","target":{"@type":"EntryPoint","urlTemplate":"https:\/\/sipin.com.vn\/?s={search_term_string}"},"query-input":"required name=search_term_string"}],"inLanguage":"vi"},{"@type":["Person","Organization"],"@id":"https:\/\/sipin.com.vn\/#\/schema\/person\/0ad398a980dc3fd696111c2c5c8fa897","name":"Nguy\u1ec5n V\u0103n Kh\u00e1nh","image":{"@type":"ImageObject","inLanguage":"vi","@id":"https:\/\/sipin.com.vn\/#\/schema\/person\/image\/","url":"https:\/\/sipin.com.vn\/wp-content\/uploads\/2024\/06\/logo-1024x1024.png","contentUrl":"https:\/\/sipin.com.vn\/wp-content\/uploads\/2024\/06\/logo-1024x1024.png","width":1024,"height":1024,"caption":"Nguy\u1ec5n V\u0103n Kh\u00e1nh"},"logo":{"@id":"https:\/\/sipin.com.vn\/#\/schema\/person\/image\/"},"sameAs":["https:\/\/sipin.com.vn"]}]}},"_links":{"self":[{"href":"https:\/\/sipin.com.vn\/index.php\/wp-json\/wp\/v2\/product\/4741","targetHints":{"allow":["GET"]}}],"collection":[{"href":"https:\/\/sipin.com.vn\/index.php\/wp-json\/wp\/v2\/product"}],"about":[{"href":"https:\/\/sipin.com.vn\/index.php\/wp-json\/wp\/v2\/types\/product"}],"replies":[{"embeddable":true,"href":"https:\/\/sipin.com.vn\/index.php\/wp-json\/wp\/v2\/comments?post=4741"}],"wp:featuredmedia":[{"embeddable":true,"href":"https:\/\/sipin.com.vn\/index.php\/wp-json\/wp\/v2\/media\/4742"}],"wp:attachment":[{"href":"https:\/\/sipin.com.vn\/index.php\/wp-json\/wp\/v2\/media?parent=4741"}],"wp:term":[{"taxonomy":"product_cat","embeddable":true,"href":"https:\/\/sipin.com.vn\/index.php\/wp-json\/wp\/v2\/product_cat?post=4741"},{"taxonomy":"product_tag","embeddable":true,"href":"https:\/\/sipin.com.vn\/index.php\/wp-json\/wp\/v2\/product_tag?post=4741"}],"curies":[{"name":"wp","href":"https:\/\/api.w.org\/{rel}","templated":true}]}}