{"id":4658,"date":"2025-12-29T21:35:31","date_gmt":"2025-12-29T14:35:31","guid":{"rendered":"https:\/\/sipin.com.vn\/?post_type=product&#038;p=4658"},"modified":"2025-12-29T21:35:31","modified_gmt":"2025-12-29T14:35:31","slug":"ckd-ppe-v01-h6","status":"publish","type":"product","link":"https:\/\/sipin.com.vn\/index.php\/product\/ckd-ppe-v01-h6\/","title":{"rendered":"CKD PPE-V01-H6"},"content":{"rendered":"<p>CKD PPE-V01-H6<\/p>\n<p>CKD PPE-P01-H6<\/p>\n<p><strong>C\u00e1c t\u00ednh n\u0103ng c\u01a1 b\u1ea3n:<\/strong><\/p>\n<p>+ \u00c1p su\u1ea5t kh\u00f4ng kh\u00ed ph\u00e1t hi\u1ec7n b\u1eb1ng \u0111i\u1ec7n, hi\u1ec3n th\u1ecb v\u00e0 xu\u1ea5t ra.<br \/>\n+ D\u00f2ng c\u1ea3m bi\u1ebfn nh\u1ecf g\u1ecdn<br \/>\n+ \u1ee8ng d\u1ee5ng cho \u00e1p su\u1ea5t d\u01b0\u01a1ng \/ ch\u00e2n kh\u00f4ng x\u00e1c nh\u1eadn v\u00e0 li\u00ean \u0111\u1ed9ng<br \/>\n+ \u1ee8ng d\u1ee5ng cho nhi\u1ec1u ch\u1ee9c n\u0103ng cao h\u01a1n<br \/>\n+ \u1ee8ng d\u1ee5ng \u0111a d\u1ea1ng cho nhi\u1ec1u l\u0129nh v\u1ef1c<br \/>\n+ \u1ee8ng d\u1ee5ng trong m\u00f4i tr\u01b0\u1eddng ch\u00e2n kh\u00f4ng<br \/>\n+ D\u00f9ng cho b\u1ed3n ki\u1ec3m tra r\u00f2 r\u1ec9<br \/>\n+ Theo d\u00f5i qu\u00e1 tr\u00ecnh l\u00e0m \u0111\u1ea7y<br \/>\n+ L\u00e0m \u0111\u1ea7y b\u1eb1ng c\u00e1c x\u1eed l\u00fd ch\u00e2n kh\u00f4ng<br \/>\n+ Ki\u1ec3m tra ngu\u1ed3n \u00e1p \/ d\u00f2ng<br \/>\n+ X\u00e1c nh\u1eadn s\u1ef1 ti\u1ebfp x\u00fac<\/p>\n<p>\u00b7 Ch\u1ea5t b\u00e1n d\u1eabn \u0111\u01b0\u1ee3c s\u1eed d\u1ee5ng t\u1eeb ph\u00e1t hi\u1ec7n \u00e1p su\u1ea5t, cho ph\u00e9p \u0111\u1ed9 ch\u00ednh x\u00e1c v\u00e0 \u0111\u1ed9 tin c\u1eady cao.<br \/>\n\u00b7 Lo\u1ea1i hai d\u00e2y gi\u1ea3m th\u1eddi gian c\u1ea7n thi\u1ebft cho c\u00f4ng vi\u1ec7c n\u1ed1i d\u00e2y v\u00e0 c\u00f3 th\u1ec3 s\u1eed d\u1ee5ng lo\u1ea1i \u0111\u1ea7u v\u00e0o Plc (ngu\u1ed3n ho\u1eb7c ch\u00ecm).<br \/>\n\u00b7 Lo\u1ea1i \u00e1p su\u1ea5t cao (V01) c\u00f3 th\u1ec3 ch\u1ecbu \u0111\u01b0\u1ee3c \u00e1p su\u1ea5t cao t\u1edbi 0,6MPa, c\u0169ng nh\u01b0 s\u1ef1 c\u1ed1 ch\u00e2n kh\u00f4ng do \u00e1p su\u1ea5t t\u0103ng th\u00eam.<br \/>\n\u00b7 \u0110\u01b0\u1ee3c trang b\u1ecb k\u1ebft n\u1ed1i ng\u01b0\u1ee3c v\u00e0 m\u1ea1ch b\u1ea3o v\u1ec7 qu\u00e1 d\u00f2ng.<br \/>\n\u00b7 B\u1ea3o v\u1ec7 c\u00e1c m\u1ea1ch b\u00ean trong kh\u1ecfi vi\u1ec7c \u0111\u1ea5u d\u00e2y sai (k\u1ebft n\u1ed1i ng\u01b0\u1ee3c, ng\u1eafn m\u1ea1ch do qu\u00e1 t\u1ea3i).<br \/>\n\u00b7 C\u00e1c ki\u1ec3u k\u1ebft n\u1ed1i \u1ed1ng kh\u1ea3 d\u1ee5ng: R1\/8, ph\u00edch c\u1eafm \u00f86, k\u1ebft n\u1ed1i m\u1ed9t ch\u1ea1m \u00f86<\/p>\n<p class=\"font18 green01\">Pneumatic pressure sensors<\/p>\n<p class=\"font34\">Compact electronic pressure switch (pressure switch)<\/p>\n<p>Compact pressure switch of 15 mm wide. Usage is flexible due to compact shape that uses trimmer setting system, three types of piping connection (R1\/8, \u03c66 plug, \u03c66 push-in fitting), and dust-proof\/waterproof structure.<\/p>\n<p><u><strong>Model d\u00f2ng PPE series:<\/strong><\/u><\/p>\n<p>PPE-V01-6<br \/>\nPPE-P01-6<br \/>\nPPE-P10-6<br \/>\nPPE-V01-H6-B<br \/>\nPPE-P01-H6-B<br \/>\nPPE-P10-H6-B<br \/>\nPPE-V01-H6<br \/>\nPPE-P01-H6<br \/>\nPPE-P10-H6<br \/>\nPPE-V01A-6<br \/>\nPPE-P01A-6<br \/>\nPPE-P10A-6<br \/>\nPPE-V01A-H6-B<br \/>\nPPE-P01A-H6-B<br \/>\nPPE-P10A-H6-B<br \/>\nPPE-V01A-H6<br \/>\nPPE-P01A-H6<br \/>\nPPE-P10A-H6<\/p>\n<p><u><strong>Model d\u00f2ng PSW series:<\/strong><\/u><\/p>\n<p>PSW-P01<br \/>\nPSW-P10<br \/>\nPSW-V01<\/p>\n<p><u><strong>Model d\u00f2ng PPX series:<\/strong><\/u><\/p>\n<p>PPX-R01N-6M<br \/>\nPPX-R01P-6M<br \/>\nPPX-R01NH-6M<br \/>\nPPX-R01PH-6M<br \/>\nPPX-R10N-6M<br \/>\nPPX-R10P-6M<br \/>\nPPX-R10NH-6M<br \/>\nPPX-R10PH-6M<br \/>\nPPX-R01N-6M-P12<br \/>\nPPX-R01NH-6M-P12<br \/>\nPPX-R10N-6M-P12<br \/>\nPPX-R10NH-6M-P12<\/p>\n<p><u><strong>Model d\u00f2ng PPD3 series:<\/strong><\/u><\/p>\n<p>PPD3-R10N-6B<br \/>\nPPD3-R10N-6T<br \/>\nPPD3-R10N-6HD<br \/>\nPPD3-R10N-6HT<br \/>\nPPD3-R10P-6B<br \/>\nPPD3-R10P-6T<br \/>\nPPD3-R10P-6HD<br \/>\nPPD3-R10P-6HT<br \/>\nPPD3-R10NA-6B<br \/>\nPPD3-R10NA-6T<br \/>\nPPD3-R10NA-6HD<br \/>\nPPD3-R10NA-6HT<br \/>\nPPD3-R10PA-6B<br \/>\nPPD3-R10PA-6T<br \/>\nPPD3-R10PA-6HD<br \/>\nPPD3-R10PA-6HT<br \/>\nPPD3-R03N-6B<br \/>\nPPD3-R03N-6T<br \/>\nPPD3-R03N-6HD<br \/>\nPPD3-R03N-6HT<br \/>\nPPD3-R03P-6B<br \/>\nPPD3-R03P-6T<br \/>\nPPD3-R03P-6HD<br \/>\nPPD3-R03P-6HT<br \/>\nPPD3-R03NA-6B<br \/>\nPPD3-R03NA-6T<br \/>\nPPD3-R03NA-6HD<br \/>\nPPD3-R03NA-6HT<br \/>\nPPD3-R03PA-6B<br \/>\nPPD3-R03PA-6T<br \/>\nPPD3-R03PA-6HD<br \/>\nPPD3-R03PA-6HT<br \/>\nPPD3-R01N-6B<br \/>\nPPD3-R01N-6T<br \/>\nPPD3-R01N-6HD<br \/>\nPPD3-R01N-6HT<br \/>\nPPD3-R01P-6B<br \/>\nPPD3-R01P-6T<br \/>\nPPD3-R01P-6HD<br \/>\nPPD3-R01P-6HT<br \/>\nPPD3-R01NA-6B<br \/>\nPPD3-R01NA-6T<br \/>\nPPD3-R01NA-6HD<br \/>\nPPD3-R01NA-6HT<br \/>\nPPD3-R01PA-6B<br \/>\nPPD3-R01PA-6T<br \/>\nPPD3-R01PA-6HD<br \/>\nPPD3-R01PA-6HT<br \/>\nPPD3-S-R10N-6B<br \/>\nPPD3-S-R10N-6T<br \/>\nPPD3-S-R10N-6HD<br \/>\nPPD3-S-R10N-6HT<br \/>\nPPD3-S-R10P-6B<br \/>\nPPD3-S-R10P-6T<br \/>\nPPD3-S-R10P-6HD<br \/>\nPPD3-S-R10P-6HT<br \/>\nPPD3-S-R10NA-6B<br \/>\nPPD3-S-R10NA-6T<br \/>\nPPD3-S-R10NA-6HD<br \/>\nPPD3-S-R10NA-6HT<br \/>\nPPD3-S-R10PA-6B<br \/>\nPPD3-S-R10PA-6T<br \/>\nPPD3-S-R10PA-6HD<br \/>\nPPD3-S-R10PA-6HT<br \/>\nPPD3-S-R03N-6B<br \/>\nPPD3-S-R03N-6T<br \/>\nPPD3-S-R03N-6HD<br \/>\nPPD3-S-R03N-6HT<br \/>\nPPD3-S-R03P-6B<br \/>\nPPD3-S-R03P-6T<br \/>\nPPD3-S-R03P-6HD<br \/>\nPPD3-S-R03P-6HT<br \/>\nPPD3-S-R03NA-6B<br \/>\nPPD3-S-R03NA-6T<br \/>\nPPD3-S-R03NA-6HD<br \/>\nPPD3-S-R03NA-6HT<br \/>\nPPD3-S-R03PA-6B<br \/>\nPPD3-S-R03PA-6T<br \/>\nPPD3-S-R03PA-6HD<br \/>\nPPD3-S-R03PA-6HT<br \/>\nPPD3-S-R01N-6B<br \/>\nPPD3-S-R01N-6T<br \/>\nPPD3-S-R01N-6HD<br \/>\nPPD3-S-R01N-6HT<br \/>\nPPD3-S-R01P-6B<br \/>\nPPD3-S-R01P-6T<br \/>\nPPD3-S-R01P-6HD<br \/>\nPPD3-S-R01P-6HT<br \/>\nPPD3-S-R01NA-6B<br \/>\nPPD3-S-R01NA-6T<br \/>\nPPD3-S-R01NA-6HD<br \/>\nPPD3-S-R01NA-6HT<br \/>\nPPD3-S-R01PA-6B<br \/>\nPPD3-S-R01PA-6T<br \/>\nPPD3-S-R01PA-6HD<br \/>\nPPD3-S-R01PA-6HT<\/p>\n<p>\u0110\u1ea1i l\u00fd CKD vietnam, CKD viet nam, CKD vietnam distributor, Ph\u00e2n ph\u1ed1i CKD t\u1ea1i vi\u1ec7t nam<\/p>\n<p>\u0110\u1ea1i l\u00fd CKD vietnam, CKD viet nam, CKD vietnam distributor, Ph\u00e2n ph\u1ed1i CKD t\u1ea1i vi\u1ec7t nam<\/p>\n<p>\u0110\u1ea1i l\u00fd CKD vietnam, CKD viet nam, CKD vietnam distributor, Ph\u00e2n ph\u1ed1i CKD t\u1ea1i vi\u1ec7t nam<\/p>\n","protected":false},"excerpt":{"rendered":"<p>CKD PPE-V01-H6 CKD PPE-P01-H6 C\u00e1c t\u00ednh n\u0103ng c\u01a1 b\u1ea3n: + \u00c1p su\u1ea5t kh\u00f4ng kh\u00ed ph\u00e1t hi\u1ec7n b\u1eb1ng \u0111i\u1ec7n, hi\u1ec3n th\u1ecb v\u00e0 xu\u1ea5t ra. + D\u00f2ng c\u1ea3m bi\u1ebfn nh\u1ecf g\u1ecdn + \u1ee8ng d\u1ee5ng cho \u00e1p su\u1ea5t d\u01b0\u01a1ng \/ ch\u00e2n kh\u00f4ng x\u00e1c nh\u1eadn v\u00e0 li\u00ean \u0111\u1ed9ng + \u1ee8ng d\u1ee5ng cho nhi\u1ec1u ch\u1ee9c&hellip; <\/p>\n","protected":false},"featured_media":4659,"comment_status":"open","ping_status":"closed","template":"","meta":{"om_disable_all_campaigns":false,"_monsterinsights_skip_tracking":false,"_monsterinsights_sitenote_active":false,"_monsterinsights_sitenote_note":"","_monsterinsights_sitenote_category":0},"product_cat":[800],"product_tag":[913,100,101],"class_list":{"0":"post-4658","1":"product","2":"type-product","3":"status-publish","4":"has-post-thumbnail","6":"product_cat-ckd","7":"product_tag-cam-bien-ap-suat","8":"product_tag-ckd-viet-nam","9":"product_tag-dai-ly-ckd-viet-nam","11":"first","12":"instock","13":"shipping-taxable","14":"product-type-simple"},"aioseo_notices":[],"yoast_head":"<!-- This site is optimized with the Yoast SEO plugin v22.8 - https:\/\/yoast.com\/wordpress\/plugins\/seo\/ -->\n<title>CKD PPE-V01-H6 - OMANI VI\u1ec6T NAM<\/title>\n<meta name=\"description\" content=\"CKD PPE-V01-H6 Pneumatic Pressure Switch\" \/>\n<meta name=\"robots\" content=\"index, follow, max-snippet:-1, max-image-preview:large, max-video-preview:-1\" \/>\n<link rel=\"canonical\" href=\"https:\/\/sipin.com.vn\/index.php\/product\/ckd-ppe-v01-h6\/\" \/>\n<meta property=\"og:locale\" content=\"vi_VN\" \/>\n<meta property=\"og:type\" content=\"article\" \/>\n<meta property=\"og:title\" content=\"CKD PPE-V01-H6 - OMANI VI\u1ec6T NAM\" \/>\n<meta property=\"og:description\" content=\"CKD PPE-V01-H6 Pneumatic Pressure Switch\" \/>\n<meta property=\"og:url\" content=\"https:\/\/sipin.com.vn\/index.php\/product\/ckd-ppe-v01-h6\/\" \/>\n<meta property=\"og:site_name\" content=\"OMANI VI\u1ec6T NAM\" \/>\n<meta property=\"og:image\" content=\"https:\/\/sipin.com.vn\/wp-content\/uploads\/2025\/12\/PPE-V01-H6.png\" \/>\n\t<meta property=\"og:image:width\" content=\"501\" \/>\n\t<meta property=\"og:image:height\" content=\"499\" \/>\n\t<meta property=\"og:image:type\" content=\"image\/png\" \/>\n<meta name=\"twitter:card\" content=\"summary_large_image\" \/>\n<meta name=\"twitter:label1\" content=\"\u01af\u1edbc t\u00ednh th\u1eddi gian \u0111\u1ecdc\" \/>\n\t<meta name=\"twitter:data1\" content=\"3 ph\u00fat\" \/>\n<script type=\"application\/ld+json\" class=\"yoast-schema-graph\">{\"@context\":\"https:\/\/schema.org\",\"@graph\":[{\"@type\":\"WebPage\",\"@id\":\"https:\/\/sipin.com.vn\/index.php\/product\/ckd-ppe-v01-h6\/\",\"url\":\"https:\/\/sipin.com.vn\/index.php\/product\/ckd-ppe-v01-h6\/\",\"name\":\"CKD PPE-V01-H6 - OMANI VI\u1ec6T NAM\",\"isPartOf\":{\"@id\":\"https:\/\/sipin.com.vn\/#website\"},\"primaryImageOfPage\":{\"@id\":\"https:\/\/sipin.com.vn\/index.php\/product\/ckd-ppe-v01-h6\/#primaryimage\"},\"image\":{\"@id\":\"https:\/\/sipin.com.vn\/index.php\/product\/ckd-ppe-v01-h6\/#primaryimage\"},\"thumbnailUrl\":\"https:\/\/sipin.com.vn\/wp-content\/uploads\/2025\/12\/PPE-V01-H6.png\",\"datePublished\":\"2025-12-29T14:35:31+00:00\",\"dateModified\":\"2025-12-29T14:35:31+00:00\",\"description\":\"CKD PPE-V01-H6 Pneumatic Pressure Switch\",\"breadcrumb\":{\"@id\":\"https:\/\/sipin.com.vn\/index.php\/product\/ckd-ppe-v01-h6\/#breadcrumb\"},\"inLanguage\":\"vi\",\"potentialAction\":[{\"@type\":\"ReadAction\",\"target\":[\"https:\/\/sipin.com.vn\/index.php\/product\/ckd-ppe-v01-h6\/\"]}]},{\"@type\":\"ImageObject\",\"inLanguage\":\"vi\",\"@id\":\"https:\/\/sipin.com.vn\/index.php\/product\/ckd-ppe-v01-h6\/#primaryimage\",\"url\":\"https:\/\/sipin.com.vn\/wp-content\/uploads\/2025\/12\/PPE-V01-H6.png\",\"contentUrl\":\"https:\/\/sipin.com.vn\/wp-content\/uploads\/2025\/12\/PPE-V01-H6.png\",\"width\":501,\"height\":499},{\"@type\":\"BreadcrumbList\",\"@id\":\"https:\/\/sipin.com.vn\/index.php\/product\/ckd-ppe-v01-h6\/#breadcrumb\",\"itemListElement\":[{\"@type\":\"ListItem\",\"position\":1,\"name\":\"Home\",\"item\":\"https:\/\/sipin.com.vn\/\"},{\"@type\":\"ListItem\",\"position\":2,\"name\":\"S\u1ea2N PH\u1ea8M\",\"item\":\"https:\/\/sipin.com.vn\/index.php\/cua-hang\/\"},{\"@type\":\"ListItem\",\"position\":3,\"name\":\"CKD PPE-V01-H6\"}]},{\"@type\":\"WebSite\",\"@id\":\"https:\/\/sipin.com.vn\/#website\",\"url\":\"https:\/\/sipin.com.vn\/\",\"name\":\"OMANI VI\u1ec6T NAM\",\"description\":\"Nh\u00e0 ph\u00e2n ph\u1ed1i thi\u1ebft b\u1ecb kh\u00ed n\u00e9n v\u00e0 thi\u1ebft b\u1ecb t\u1ef1 \u0111\u1ed9ng h\u00f3a trong c\u00f4ng nghi\u1ec7p\",\"publisher\":{\"@id\":\"https:\/\/sipin.com.vn\/#\/schema\/person\/0ad398a980dc3fd696111c2c5c8fa897\"},\"potentialAction\":[{\"@type\":\"SearchAction\",\"target\":{\"@type\":\"EntryPoint\",\"urlTemplate\":\"https:\/\/sipin.com.vn\/?s={search_term_string}\"},\"query-input\":\"required name=search_term_string\"}],\"inLanguage\":\"vi\"},{\"@type\":[\"Person\",\"Organization\"],\"@id\":\"https:\/\/sipin.com.vn\/#\/schema\/person\/0ad398a980dc3fd696111c2c5c8fa897\",\"name\":\"Nguy\u1ec5n V\u0103n Kh\u00e1nh\",\"image\":{\"@type\":\"ImageObject\",\"inLanguage\":\"vi\",\"@id\":\"https:\/\/sipin.com.vn\/#\/schema\/person\/image\/\",\"url\":\"https:\/\/sipin.com.vn\/wp-content\/uploads\/2024\/06\/logo-1024x1024.png\",\"contentUrl\":\"https:\/\/sipin.com.vn\/wp-content\/uploads\/2024\/06\/logo-1024x1024.png\",\"width\":1024,\"height\":1024,\"caption\":\"Nguy\u1ec5n V\u0103n Kh\u00e1nh\"},\"logo\":{\"@id\":\"https:\/\/sipin.com.vn\/#\/schema\/person\/image\/\"},\"sameAs\":[\"https:\/\/sipin.com.vn\"]}]}<\/script>\n<!-- \/ Yoast SEO plugin. -->","yoast_head_json":{"title":"CKD PPE-V01-H6 - OMANI VI\u1ec6T NAM","description":"CKD PPE-V01-H6 Pneumatic Pressure Switch","robots":{"index":"index","follow":"follow","max-snippet":"max-snippet:-1","max-image-preview":"max-image-preview:large","max-video-preview":"max-video-preview:-1"},"canonical":"https:\/\/sipin.com.vn\/index.php\/product\/ckd-ppe-v01-h6\/","og_locale":"vi_VN","og_type":"article","og_title":"CKD PPE-V01-H6 - OMANI VI\u1ec6T NAM","og_description":"CKD PPE-V01-H6 Pneumatic Pressure Switch","og_url":"https:\/\/sipin.com.vn\/index.php\/product\/ckd-ppe-v01-h6\/","og_site_name":"OMANI VI\u1ec6T NAM","og_image":[{"width":501,"height":499,"url":"https:\/\/sipin.com.vn\/wp-content\/uploads\/2025\/12\/PPE-V01-H6.png","type":"image\/png"}],"twitter_card":"summary_large_image","twitter_misc":{"\u01af\u1edbc t\u00ednh th\u1eddi gian \u0111\u1ecdc":"3 ph\u00fat"},"schema":{"@context":"https:\/\/schema.org","@graph":[{"@type":"WebPage","@id":"https:\/\/sipin.com.vn\/index.php\/product\/ckd-ppe-v01-h6\/","url":"https:\/\/sipin.com.vn\/index.php\/product\/ckd-ppe-v01-h6\/","name":"CKD PPE-V01-H6 - OMANI VI\u1ec6T NAM","isPartOf":{"@id":"https:\/\/sipin.com.vn\/#website"},"primaryImageOfPage":{"@id":"https:\/\/sipin.com.vn\/index.php\/product\/ckd-ppe-v01-h6\/#primaryimage"},"image":{"@id":"https:\/\/sipin.com.vn\/index.php\/product\/ckd-ppe-v01-h6\/#primaryimage"},"thumbnailUrl":"https:\/\/sipin.com.vn\/wp-content\/uploads\/2025\/12\/PPE-V01-H6.png","datePublished":"2025-12-29T14:35:31+00:00","dateModified":"2025-12-29T14:35:31+00:00","description":"CKD PPE-V01-H6 Pneumatic Pressure Switch","breadcrumb":{"@id":"https:\/\/sipin.com.vn\/index.php\/product\/ckd-ppe-v01-h6\/#breadcrumb"},"inLanguage":"vi","potentialAction":[{"@type":"ReadAction","target":["https:\/\/sipin.com.vn\/index.php\/product\/ckd-ppe-v01-h6\/"]}]},{"@type":"ImageObject","inLanguage":"vi","@id":"https:\/\/sipin.com.vn\/index.php\/product\/ckd-ppe-v01-h6\/#primaryimage","url":"https:\/\/sipin.com.vn\/wp-content\/uploads\/2025\/12\/PPE-V01-H6.png","contentUrl":"https:\/\/sipin.com.vn\/wp-content\/uploads\/2025\/12\/PPE-V01-H6.png","width":501,"height":499},{"@type":"BreadcrumbList","@id":"https:\/\/sipin.com.vn\/index.php\/product\/ckd-ppe-v01-h6\/#breadcrumb","itemListElement":[{"@type":"ListItem","position":1,"name":"Home","item":"https:\/\/sipin.com.vn\/"},{"@type":"ListItem","position":2,"name":"S\u1ea2N PH\u1ea8M","item":"https:\/\/sipin.com.vn\/index.php\/cua-hang\/"},{"@type":"ListItem","position":3,"name":"CKD PPE-V01-H6"}]},{"@type":"WebSite","@id":"https:\/\/sipin.com.vn\/#website","url":"https:\/\/sipin.com.vn\/","name":"OMANI VI\u1ec6T NAM","description":"Nh\u00e0 ph\u00e2n ph\u1ed1i thi\u1ebft b\u1ecb kh\u00ed n\u00e9n v\u00e0 thi\u1ebft b\u1ecb t\u1ef1 \u0111\u1ed9ng h\u00f3a trong c\u00f4ng nghi\u1ec7p","publisher":{"@id":"https:\/\/sipin.com.vn\/#\/schema\/person\/0ad398a980dc3fd696111c2c5c8fa897"},"potentialAction":[{"@type":"SearchAction","target":{"@type":"EntryPoint","urlTemplate":"https:\/\/sipin.com.vn\/?s={search_term_string}"},"query-input":"required name=search_term_string"}],"inLanguage":"vi"},{"@type":["Person","Organization"],"@id":"https:\/\/sipin.com.vn\/#\/schema\/person\/0ad398a980dc3fd696111c2c5c8fa897","name":"Nguy\u1ec5n V\u0103n Kh\u00e1nh","image":{"@type":"ImageObject","inLanguage":"vi","@id":"https:\/\/sipin.com.vn\/#\/schema\/person\/image\/","url":"https:\/\/sipin.com.vn\/wp-content\/uploads\/2024\/06\/logo-1024x1024.png","contentUrl":"https:\/\/sipin.com.vn\/wp-content\/uploads\/2024\/06\/logo-1024x1024.png","width":1024,"height":1024,"caption":"Nguy\u1ec5n V\u0103n Kh\u00e1nh"},"logo":{"@id":"https:\/\/sipin.com.vn\/#\/schema\/person\/image\/"},"sameAs":["https:\/\/sipin.com.vn"]}]}},"_links":{"self":[{"href":"https:\/\/sipin.com.vn\/index.php\/wp-json\/wp\/v2\/product\/4658","targetHints":{"allow":["GET"]}}],"collection":[{"href":"https:\/\/sipin.com.vn\/index.php\/wp-json\/wp\/v2\/product"}],"about":[{"href":"https:\/\/sipin.com.vn\/index.php\/wp-json\/wp\/v2\/types\/product"}],"replies":[{"embeddable":true,"href":"https:\/\/sipin.com.vn\/index.php\/wp-json\/wp\/v2\/comments?post=4658"}],"wp:featuredmedia":[{"embeddable":true,"href":"https:\/\/sipin.com.vn\/index.php\/wp-json\/wp\/v2\/media\/4659"}],"wp:attachment":[{"href":"https:\/\/sipin.com.vn\/index.php\/wp-json\/wp\/v2\/media?parent=4658"}],"wp:term":[{"taxonomy":"product_cat","embeddable":true,"href":"https:\/\/sipin.com.vn\/index.php\/wp-json\/wp\/v2\/product_cat?post=4658"},{"taxonomy":"product_tag","embeddable":true,"href":"https:\/\/sipin.com.vn\/index.php\/wp-json\/wp\/v2\/product_tag?post=4658"}],"curies":[{"name":"wp","href":"https:\/\/api.w.org\/{rel}","templated":true}]}}