{"id":4503,"date":"2025-11-10T22:35:51","date_gmt":"2025-11-10T15:35:51","guid":{"rendered":"https:\/\/sipin.com.vn\/?post_type=product&#038;p=4503"},"modified":"2025-11-10T22:35:51","modified_gmt":"2025-11-10T15:35:51","slug":"metrol-p11ddb-duld","status":"publish","type":"product","link":"https:\/\/sipin.com.vn\/index.php\/product\/metrol-p11ddb-duld\/","title":{"rendered":"METROL P11DDB-DULD"},"content":{"rendered":"<p>METROL P11DDB-DULD<\/p>\n<p>P11EDB-DULD P11EMB-DU P11EDB-DU<\/p>\n<header class=\"switch-content__header sm:hidden\"><\/header>\n<div class=\"switch-content__detail\">\n<p>C\u00f4ng t\u1eafc \u0111\u1ecbnh v\u1ecb dao METROL P11DDB-DULD<\/p>\n<ul>\n<li>Kho\u1ea3ng ch\u1ea1y: 3mm<\/li>\n<li>\u0110\u01b0\u1eddng k\u00ednh ti\u1ebfp x\u00fac:\u00a0\u00d810<\/li>\n<li>L\u1ef1c c\u00f4ng t\u1eafc C\u00f4ng t\u1eafc \u0111\u1ecbnh v\u1ecb dao METROL P11DDB-DULD: 1.5N.<\/li>\n<li>Ng\u00f5 ra: NC. v\u1edbi \u0111i\u1ec7n th\u1ebf \u0111\u1ecbnh m\u1ee9c: 5VDC, 24VDC.<\/li>\n<li>Hi\u1ec3n th\u1ecb: LED<\/li>\n<li>Tu\u1ed5i th\u1ecd ti\u1ebfp \u0111i\u1ec3m: 3 tri\u1ec7u l\u1ea7n.<\/li>\n<li>C\u1ea5p b\u1ea3o v\u1ec7 ch\u1ed1ng th\u1ea5m: IP67<\/li>\n<\/ul>\n<\/div>\n<table>\n<tbody>\n<tr>\n<th>Standard product<\/th>\n<td>P11DDB-DULD<\/td>\n<\/tr>\n<tr>\n<th>Contact structure<\/th>\n<td>Dry contact<\/td>\n<\/tr>\n<tr>\n<th>Output mode<\/th>\n<td>B:NC<\/td>\n<\/tr>\n<tr>\n<th>IP code \/ protective structure<\/th>\n<td>IP67<\/td>\n<\/tr>\n<tr>\n<th>With \/ without LED<\/th>\n<td>with LED<\/td>\n<\/tr>\n<tr>\n<th>Repeatability<\/th>\n<td>0.5\u03bcm<\/td>\n<\/tr>\n<tr>\n<th>Movement differential (mm)<\/th>\n<td>0<\/td>\n<\/tr>\n<tr>\n<th>Overall length<\/th>\n<td>38mm<\/td>\n<\/tr>\n<tr>\n<th>Outer diameter<\/th>\n<td>dimension<\/td>\n<\/tr>\n<tr>\n<th>End shape<\/th>\n<td>Flat<\/td>\n<\/tr>\n<tr>\n<th>Shape of contacting part<\/th>\n<td>\u03c65 Flat carbide<\/td>\n<\/tr>\n<tr>\n<th>Stroke<\/th>\n<td>3mm<\/td>\n<\/tr>\n<tr>\n<th>How to use<\/th>\n<td>Straight<\/td>\n<\/tr>\n<tr>\n<th>Contact force<\/th>\n<td>1.5N<\/td>\n<\/tr>\n<tr>\n<th>Performance<\/th>\n<td>water-resistance\/dustproofing (IP67)<\/td>\n<\/tr>\n<tr>\n<th>Case material<\/th>\n<td>A2017<\/td>\n<\/tr>\n<tr>\n<th>Contact material<\/th>\n<td>Tungsten carbide<\/td>\n<\/tr>\n<tr>\n<th>Bearing, type<\/th>\n<td>Metal bearing<\/td>\n<\/tr>\n<tr>\n<th>Cable type<\/th>\n<td>Cabtyre cable<\/td>\n<\/tr>\n<tr>\n<th>Cable specifications<\/th>\n<td>Standard length 3m Oil resistant \u03c65 \/ 2 coresTensile strength 30N, Minimum bending R7<\/td>\n<\/tr>\n<tr>\n<th>Cable direction<\/th>\n<td>Straight<\/td>\n<\/tr>\n<tr>\n<th>AWG<\/th>\n<td>30<\/td>\n<\/tr>\n<tr>\n<th>Contact life time<\/th>\n<td>3 million<\/td>\n<\/tr>\n<tr>\n<th>Operating temperature range<\/th>\n<td>0\u00b0C-80\u00b0C (ice-free)<\/td>\n<\/tr>\n<tr>\n<th>Temperature drift<\/th>\n<td>No temperature drift due to self-generation.<\/td>\n<\/tr>\n<tr>\n<th>Oscillation<\/th>\n<td>10-55Hz total amplitude 1.5 for X,Y,Z each direction<\/td>\n<\/tr>\n<tr>\n<th>Impact<\/th>\n<td>300m\/s2 for X,Y,Z each direction<\/td>\n<\/tr>\n<tr>\n<th>Contact rating<\/th>\n<td>DC5V &#8211; DC24V Steady Current: 10 mA or less (Rush Current: 20 mA or less)<br \/>\nLimit the LED forward current below 10mA.<\/td>\n<\/tr>\n<\/tbody>\n<\/table>\n<p>&nbsp;<\/p>\n<p>\u0110\u1ea1i l\u00fd METROL vietnam, METROL viet nam, METROL vietnam distributor, Ph\u00e2n ph\u1ed1i METROL t\u1ea1i vi\u1ec7t nam<\/p>\n<p>\u0110\u1ea1i l\u00fd METROL vietnam, METROL viet nam, METROL vietnam distributor, Ph\u00e2n ph\u1ed1i METROL t\u1ea1i vi\u1ec7t nam<\/p>\n<p>\u0110\u1ea1i l\u00fd METROL vietnam, METROL viet nam, METROL vietnam distributor, Ph\u00e2n ph\u1ed1i METROL t\u1ea1i<\/p>\n","protected":false},"excerpt":{"rendered":"<p>METROL P11DDB-DULD P11EDB-DULD P11EMB-DU P11EDB-DU C\u00f4ng t\u1eafc \u0111\u1ecbnh v\u1ecb dao METROL P11DDB-DULD Kho\u1ea3ng ch\u1ea1y: 3mm \u0110\u01b0\u1eddng k\u00ednh ti\u1ebfp x\u00fac:\u00a0\u00d810 L\u1ef1c c\u00f4ng t\u1eafc C\u00f4ng t\u1eafc \u0111\u1ecbnh v\u1ecb dao METROL P11DDB-DULD: 1.5N. Ng\u00f5 ra: NC. v\u1edbi \u0111i\u1ec7n th\u1ebf \u0111\u1ecbnh m\u1ee9c: 5VDC, 24VDC. Hi\u1ec3n th\u1ecb: LED Tu\u1ed5i th\u1ecd ti\u1ebfp \u0111i\u1ec3m: 3 tri\u1ec7u l\u1ea7n.&hellip; <\/p>\n","protected":false},"featured_media":4504,"comment_status":"open","ping_status":"closed","template":"","meta":{"om_disable_all_campaigns":false,"_monsterinsights_skip_tracking":false,"_monsterinsights_sitenote_active":false,"_monsterinsights_sitenote_note":"","_monsterinsights_sitenote_category":0},"product_cat":[919],"product_tag":[180,171,170],"class_list":{"0":"post-4503","1":"product","2":"type-product","3":"status-publish","4":"has-post-thumbnail","6":"product_cat-metrol","7":"product_tag-cong-tac-hanh-trinh","8":"product_tag-dai-ly-metrol-viet-nam","9":"product_tag-metrol-viet-nam","11":"first","12":"instock","13":"shipping-taxable","14":"product-type-simple"},"aioseo_notices":[],"yoast_head":"<!-- This site is optimized with the Yoast SEO plugin v22.8 - https:\/\/yoast.com\/wordpress\/plugins\/seo\/ -->\n<title>METROL P11DDB-DULD - OMANI VI\u1ec6T NAM<\/title>\n<meta name=\"description\" content=\"METROL P11DDB-DULD Limit Switches\" \/>\n<meta name=\"robots\" content=\"index, follow, max-snippet:-1, max-image-preview:large, max-video-preview:-1\" \/>\n<link rel=\"canonical\" href=\"https:\/\/sipin.com.vn\/index.php\/product\/metrol-p11ddb-duld\/\" \/>\n<meta property=\"og:locale\" content=\"vi_VN\" \/>\n<meta property=\"og:type\" content=\"article\" \/>\n<meta property=\"og:title\" content=\"METROL P11DDB-DULD - OMANI VI\u1ec6T NAM\" \/>\n<meta property=\"og:description\" content=\"METROL P11DDB-DULD Limit Switches\" \/>\n<meta property=\"og:url\" content=\"https:\/\/sipin.com.vn\/index.php\/product\/metrol-p11ddb-duld\/\" \/>\n<meta property=\"og:site_name\" content=\"OMANI VI\u1ec6T NAM\" \/>\n<meta property=\"og:image\" content=\"https:\/\/sipin.com.vn\/wp-content\/uploads\/2025\/11\/P11DDB-DULD.png\" \/>\n\t<meta property=\"og:image:width\" content=\"819\" \/>\n\t<meta property=\"og:image:height\" content=\"453\" \/>\n\t<meta property=\"og:image:type\" content=\"image\/png\" \/>\n<meta name=\"twitter:card\" content=\"summary_large_image\" \/>\n<meta name=\"twitter:label1\" content=\"\u01af\u1edbc t\u00ednh th\u1eddi gian \u0111\u1ecdc\" \/>\n\t<meta name=\"twitter:data1\" content=\"2 ph\u00fat\" \/>\n<script type=\"application\/ld+json\" class=\"yoast-schema-graph\">{\"@context\":\"https:\/\/schema.org\",\"@graph\":[{\"@type\":\"WebPage\",\"@id\":\"https:\/\/sipin.com.vn\/index.php\/product\/metrol-p11ddb-duld\/\",\"url\":\"https:\/\/sipin.com.vn\/index.php\/product\/metrol-p11ddb-duld\/\",\"name\":\"METROL P11DDB-DULD - OMANI VI\u1ec6T NAM\",\"isPartOf\":{\"@id\":\"https:\/\/sipin.com.vn\/#website\"},\"primaryImageOfPage\":{\"@id\":\"https:\/\/sipin.com.vn\/index.php\/product\/metrol-p11ddb-duld\/#primaryimage\"},\"image\":{\"@id\":\"https:\/\/sipin.com.vn\/index.php\/product\/metrol-p11ddb-duld\/#primaryimage\"},\"thumbnailUrl\":\"https:\/\/sipin.com.vn\/wp-content\/uploads\/2025\/11\/P11DDB-DULD.png\",\"datePublished\":\"2025-11-10T15:35:51+00:00\",\"dateModified\":\"2025-11-10T15:35:51+00:00\",\"description\":\"METROL P11DDB-DULD Limit Switches\",\"breadcrumb\":{\"@id\":\"https:\/\/sipin.com.vn\/index.php\/product\/metrol-p11ddb-duld\/#breadcrumb\"},\"inLanguage\":\"vi\",\"potentialAction\":[{\"@type\":\"ReadAction\",\"target\":[\"https:\/\/sipin.com.vn\/index.php\/product\/metrol-p11ddb-duld\/\"]}]},{\"@type\":\"ImageObject\",\"inLanguage\":\"vi\",\"@id\":\"https:\/\/sipin.com.vn\/index.php\/product\/metrol-p11ddb-duld\/#primaryimage\",\"url\":\"https:\/\/sipin.com.vn\/wp-content\/uploads\/2025\/11\/P11DDB-DULD.png\",\"contentUrl\":\"https:\/\/sipin.com.vn\/wp-content\/uploads\/2025\/11\/P11DDB-DULD.png\",\"width\":819,\"height\":453},{\"@type\":\"BreadcrumbList\",\"@id\":\"https:\/\/sipin.com.vn\/index.php\/product\/metrol-p11ddb-duld\/#breadcrumb\",\"itemListElement\":[{\"@type\":\"ListItem\",\"position\":1,\"name\":\"Home\",\"item\":\"https:\/\/sipin.com.vn\/\"},{\"@type\":\"ListItem\",\"position\":2,\"name\":\"S\u1ea2N PH\u1ea8M\",\"item\":\"https:\/\/sipin.com.vn\/index.php\/cua-hang\/\"},{\"@type\":\"ListItem\",\"position\":3,\"name\":\"METROL P11DDB-DULD\"}]},{\"@type\":\"WebSite\",\"@id\":\"https:\/\/sipin.com.vn\/#website\",\"url\":\"https:\/\/sipin.com.vn\/\",\"name\":\"OMANI VI\u1ec6T NAM\",\"description\":\"Nh\u00e0 ph\u00e2n ph\u1ed1i thi\u1ebft b\u1ecb kh\u00ed n\u00e9n v\u00e0 thi\u1ebft b\u1ecb t\u1ef1 \u0111\u1ed9ng h\u00f3a trong c\u00f4ng nghi\u1ec7p\",\"publisher\":{\"@id\":\"https:\/\/sipin.com.vn\/#\/schema\/person\/0ad398a980dc3fd696111c2c5c8fa897\"},\"potentialAction\":[{\"@type\":\"SearchAction\",\"target\":{\"@type\":\"EntryPoint\",\"urlTemplate\":\"https:\/\/sipin.com.vn\/?s={search_term_string}\"},\"query-input\":\"required name=search_term_string\"}],\"inLanguage\":\"vi\"},{\"@type\":[\"Person\",\"Organization\"],\"@id\":\"https:\/\/sipin.com.vn\/#\/schema\/person\/0ad398a980dc3fd696111c2c5c8fa897\",\"name\":\"Nguy\u1ec5n V\u0103n Kh\u00e1nh\",\"image\":{\"@type\":\"ImageObject\",\"inLanguage\":\"vi\",\"@id\":\"https:\/\/sipin.com.vn\/#\/schema\/person\/image\/\",\"url\":\"https:\/\/sipin.com.vn\/wp-content\/uploads\/2024\/06\/logo-1024x1024.png\",\"contentUrl\":\"https:\/\/sipin.com.vn\/wp-content\/uploads\/2024\/06\/logo-1024x1024.png\",\"width\":1024,\"height\":1024,\"caption\":\"Nguy\u1ec5n V\u0103n Kh\u00e1nh\"},\"logo\":{\"@id\":\"https:\/\/sipin.com.vn\/#\/schema\/person\/image\/\"},\"sameAs\":[\"https:\/\/sipin.com.vn\"]}]}<\/script>\n<!-- \/ Yoast SEO plugin. -->","yoast_head_json":{"title":"METROL P11DDB-DULD - OMANI VI\u1ec6T NAM","description":"METROL P11DDB-DULD Limit Switches","robots":{"index":"index","follow":"follow","max-snippet":"max-snippet:-1","max-image-preview":"max-image-preview:large","max-video-preview":"max-video-preview:-1"},"canonical":"https:\/\/sipin.com.vn\/index.php\/product\/metrol-p11ddb-duld\/","og_locale":"vi_VN","og_type":"article","og_title":"METROL P11DDB-DULD - OMANI VI\u1ec6T NAM","og_description":"METROL P11DDB-DULD Limit Switches","og_url":"https:\/\/sipin.com.vn\/index.php\/product\/metrol-p11ddb-duld\/","og_site_name":"OMANI VI\u1ec6T NAM","og_image":[{"width":819,"height":453,"url":"https:\/\/sipin.com.vn\/wp-content\/uploads\/2025\/11\/P11DDB-DULD.png","type":"image\/png"}],"twitter_card":"summary_large_image","twitter_misc":{"\u01af\u1edbc t\u00ednh th\u1eddi gian \u0111\u1ecdc":"2 ph\u00fat"},"schema":{"@context":"https:\/\/schema.org","@graph":[{"@type":"WebPage","@id":"https:\/\/sipin.com.vn\/index.php\/product\/metrol-p11ddb-duld\/","url":"https:\/\/sipin.com.vn\/index.php\/product\/metrol-p11ddb-duld\/","name":"METROL P11DDB-DULD - OMANI VI\u1ec6T NAM","isPartOf":{"@id":"https:\/\/sipin.com.vn\/#website"},"primaryImageOfPage":{"@id":"https:\/\/sipin.com.vn\/index.php\/product\/metrol-p11ddb-duld\/#primaryimage"},"image":{"@id":"https:\/\/sipin.com.vn\/index.php\/product\/metrol-p11ddb-duld\/#primaryimage"},"thumbnailUrl":"https:\/\/sipin.com.vn\/wp-content\/uploads\/2025\/11\/P11DDB-DULD.png","datePublished":"2025-11-10T15:35:51+00:00","dateModified":"2025-11-10T15:35:51+00:00","description":"METROL P11DDB-DULD Limit Switches","breadcrumb":{"@id":"https:\/\/sipin.com.vn\/index.php\/product\/metrol-p11ddb-duld\/#breadcrumb"},"inLanguage":"vi","potentialAction":[{"@type":"ReadAction","target":["https:\/\/sipin.com.vn\/index.php\/product\/metrol-p11ddb-duld\/"]}]},{"@type":"ImageObject","inLanguage":"vi","@id":"https:\/\/sipin.com.vn\/index.php\/product\/metrol-p11ddb-duld\/#primaryimage","url":"https:\/\/sipin.com.vn\/wp-content\/uploads\/2025\/11\/P11DDB-DULD.png","contentUrl":"https:\/\/sipin.com.vn\/wp-content\/uploads\/2025\/11\/P11DDB-DULD.png","width":819,"height":453},{"@type":"BreadcrumbList","@id":"https:\/\/sipin.com.vn\/index.php\/product\/metrol-p11ddb-duld\/#breadcrumb","itemListElement":[{"@type":"ListItem","position":1,"name":"Home","item":"https:\/\/sipin.com.vn\/"},{"@type":"ListItem","position":2,"name":"S\u1ea2N PH\u1ea8M","item":"https:\/\/sipin.com.vn\/index.php\/cua-hang\/"},{"@type":"ListItem","position":3,"name":"METROL P11DDB-DULD"}]},{"@type":"WebSite","@id":"https:\/\/sipin.com.vn\/#website","url":"https:\/\/sipin.com.vn\/","name":"OMANI VI\u1ec6T NAM","description":"Nh\u00e0 ph\u00e2n ph\u1ed1i thi\u1ebft b\u1ecb kh\u00ed n\u00e9n v\u00e0 thi\u1ebft b\u1ecb t\u1ef1 \u0111\u1ed9ng h\u00f3a trong c\u00f4ng nghi\u1ec7p","publisher":{"@id":"https:\/\/sipin.com.vn\/#\/schema\/person\/0ad398a980dc3fd696111c2c5c8fa897"},"potentialAction":[{"@type":"SearchAction","target":{"@type":"EntryPoint","urlTemplate":"https:\/\/sipin.com.vn\/?s={search_term_string}"},"query-input":"required name=search_term_string"}],"inLanguage":"vi"},{"@type":["Person","Organization"],"@id":"https:\/\/sipin.com.vn\/#\/schema\/person\/0ad398a980dc3fd696111c2c5c8fa897","name":"Nguy\u1ec5n V\u0103n Kh\u00e1nh","image":{"@type":"ImageObject","inLanguage":"vi","@id":"https:\/\/sipin.com.vn\/#\/schema\/person\/image\/","url":"https:\/\/sipin.com.vn\/wp-content\/uploads\/2024\/06\/logo-1024x1024.png","contentUrl":"https:\/\/sipin.com.vn\/wp-content\/uploads\/2024\/06\/logo-1024x1024.png","width":1024,"height":1024,"caption":"Nguy\u1ec5n V\u0103n Kh\u00e1nh"},"logo":{"@id":"https:\/\/sipin.com.vn\/#\/schema\/person\/image\/"},"sameAs":["https:\/\/sipin.com.vn"]}]}},"_links":{"self":[{"href":"https:\/\/sipin.com.vn\/index.php\/wp-json\/wp\/v2\/product\/4503","targetHints":{"allow":["GET"]}}],"collection":[{"href":"https:\/\/sipin.com.vn\/index.php\/wp-json\/wp\/v2\/product"}],"about":[{"href":"https:\/\/sipin.com.vn\/index.php\/wp-json\/wp\/v2\/types\/product"}],"replies":[{"embeddable":true,"href":"https:\/\/sipin.com.vn\/index.php\/wp-json\/wp\/v2\/comments?post=4503"}],"wp:featuredmedia":[{"embeddable":true,"href":"https:\/\/sipin.com.vn\/index.php\/wp-json\/wp\/v2\/media\/4504"}],"wp:attachment":[{"href":"https:\/\/sipin.com.vn\/index.php\/wp-json\/wp\/v2\/media?parent=4503"}],"wp:term":[{"taxonomy":"product_cat","embeddable":true,"href":"https:\/\/sipin.com.vn\/index.php\/wp-json\/wp\/v2\/product_cat?post=4503"},{"taxonomy":"product_tag","embeddable":true,"href":"https:\/\/sipin.com.vn\/index.php\/wp-json\/wp\/v2\/product_tag?post=4503"}],"curies":[{"name":"wp","href":"https:\/\/api.w.org\/{rel}","templated":true}]}}