{"id":4472,"date":"2025-10-20T21:01:27","date_gmt":"2025-10-20T14:01:27","guid":{"rendered":"https:\/\/sipin.com.vn\/?post_type=product&#038;p=4472"},"modified":"2025-10-20T21:01:51","modified_gmt":"2025-10-20T14:01:51","slug":"kromschroder-ifd-258-5-1w","status":"publish","type":"product","link":"https:\/\/sipin.com.vn\/index.php\/product\/kromschroder-ifd-258-5-1w\/","title":{"rendered":"KROMSCHRODER IFD 258-5\/1W"},"content":{"rendered":"<p>KROMSCHRODER IFD 258-5\/1W<\/p>\n<p>KROMSCHRODER TGI 7.5-12\/100W =&gt; new TGI 8-12\/100WE<\/p>\n<h2><span id=\"Thocircng_s7889_k7929_thu7853t\"><strong>Th\u00f4ng s\u1ed1 k\u1ef9 thu\u1eadt<\/strong><\/span><\/h2>\n<p>&#8211; Lo\u1ea1i: IFD 258-5\/1W<br \/>\n&#8211; M\u00e3 s\u1ea3n ph\u1ea9m: 84621620<br \/>\n&#8211; Th\u1eddi gian an to\u00e0n khi kh\u1edfi \u0111\u1ed9ng: 5 gi\u00e2y<br \/>\n&#8211; Th\u1eddi gian an to\u00e0n trong qu\u00e1 tr\u00ecnh v\u1eadn h\u00e0nh: 1 gi\u00e2y<br \/>\n&#8211; \u0110i\u1ec7n \u00e1p \u0111\u1ea7u v\u00e0o: 230V AC 50\/60Hz<br \/>\n&#8211; C\u1ea3m bi\u1ebfn \u0111\u1ea7u v\u00e0o: Que l\u1eeda, que \u0111\u00e1nh l\u1eeda, c\u1ea3m bi\u1ebfn UV<br \/>\n&#8211; Th\u01b0\u01a1ng hi\u1ec7u: Kromschroder (\u0110\u1ee9c)<\/p>\n<h2><span id=\"Tiacutenh_n259ng\"><strong>T\u00ednh n\u0103ng<\/strong><\/span><\/h2>\n<p>&#8211; \u0110\u00e1nh l\u1eeda v\u00e0 \u0111i\u1ec1u khi\u1ec3n \u0111\u1ea7u \u0111\u1ed1t kh\u00f4ng gi\u1edbi h\u1ea1n theo EN 746-2.<br \/>\n&#8211; Ki\u1ec3m so\u00e1t ng\u1ecdn l\u1eeda v\u1edbi c\u1ea3m bi\u1ebfn UV ho\u1eb7c c\u1ea3m bi\u1ebfn ion h\u00f3a.<br \/>\n&#8211; T\u1ef1 ki\u1ec3m tra l\u1ed7i li\u00ean t\u1ee5c.<br \/>\n&#8211;\u00a0\u0110\u1ed1t ch\u00e1y v\u00e0 theo d\u00f5i c\u00e1c v\u00f2i \u0111\u1ed1t kh\u00ed, ph\u00f9 h\u1ee3p v\u1edbi t\u1ea7n su\u1ea5t \u0111\u1ea1p xe cao.<\/p>\n<h3>2. C\u00e1c m\u00e3 h\u00e0ng t\u01b0\u01a1ng \u0111\u01b0\u01a1ng B\u1ed9 \u0111i\u1ec1u khi\u1ec3n IFD 258-5\/1W:<\/h3>\n<div>\n<div class=\"x11i5rnm xat24cr x1mh8g0r x1vvkbs xtlvy1s x126k92a\">\n<div dir=\"auto\">IFD258-10\/1Q 84621450<br \/>\nIFD258-10\/1W 84621650<br \/>\nIFD258-10\/2Q 84621460<br \/>\nIFD258-10\/2W 84621660<br \/>\nIFD258-3\/1Q 84621410<br \/>\nIFD258-3\/1W 84621610<br \/>\nIFD258-3\/2Q 84621420<br \/>\nIFD258-3\/2W 8462162<br \/>\nIFD258-5\/1Q 84621430<br \/>\nIFD258-5\/1W 84621630<br \/>\nIFD258-5\/1W 84621630<br \/>\nIFD258-5\/2Q 84621440<br \/>\nIFD258-5\/2W 84621640<\/div>\n<\/div>\n<\/div>\n","protected":false},"excerpt":{"rendered":"<p>KROMSCHRODER IFD 258-5\/1W KROMSCHRODER TGI 7.5-12\/100W =&gt; new TGI 8-12\/100WE Th\u00f4ng s\u1ed1 k\u1ef9 thu\u1eadt &#8211; Lo\u1ea1i: IFD 258-5\/1W &#8211; M\u00e3 s\u1ea3n ph\u1ea9m: 84621620 &#8211; Th\u1eddi gian an to\u00e0n khi kh\u1edfi \u0111\u1ed9ng: 5 gi\u00e2y &#8211; Th\u1eddi gian an to\u00e0n trong qu\u00e1 tr\u00ecnh v\u1eadn h\u00e0nh: 1 gi\u00e2y &#8211; \u0110i\u1ec7n \u00e1p \u0111\u1ea7u v\u00e0o:&hellip; <\/p>\n","protected":false},"featured_media":4473,"comment_status":"open","ping_status":"closed","template":"","meta":{"om_disable_all_campaigns":false,"_monsterinsights_skip_tracking":false,"_monsterinsights_sitenote_active":false,"_monsterinsights_sitenote_note":"","_monsterinsights_sitenote_category":0},"product_cat":[815],"product_tag":[167,194,193],"class_list":{"0":"post-4472","1":"product","2":"type-product","3":"status-publish","4":"has-post-thumbnail","6":"product_cat-kromschroder","7":"product_tag-bo-dieu-khien","8":"product_tag-dai-ly-kromschroder-viet-nam","9":"product_tag-kromschroder-viet-nam","11":"first","12":"instock","13":"shipping-taxable","14":"product-type-simple"},"aioseo_notices":[],"yoast_head":"<!-- This site is optimized with the Yoast SEO plugin v22.8 - https:\/\/yoast.com\/wordpress\/plugins\/seo\/ -->\n<title>KROMSCHRODER IFD 258-5\/1W - OMANI VI\u1ec6T NAM<\/title>\n<meta name=\"description\" content=\"KROMSCHRODER IFD 258-5\/1W Burner control unit\" \/>\n<meta name=\"robots\" content=\"index, follow, max-snippet:-1, max-image-preview:large, max-video-preview:-1\" \/>\n<link rel=\"canonical\" href=\"https:\/\/sipin.com.vn\/index.php\/product\/kromschroder-ifd-258-5-1w\/\" \/>\n<meta property=\"og:locale\" content=\"vi_VN\" \/>\n<meta property=\"og:type\" content=\"article\" \/>\n<meta property=\"og:title\" content=\"KROMSCHRODER IFD 258-5\/1W - OMANI VI\u1ec6T NAM\" \/>\n<meta property=\"og:description\" content=\"KROMSCHRODER IFD 258-5\/1W Burner control unit\" \/>\n<meta property=\"og:url\" content=\"https:\/\/sipin.com.vn\/index.php\/product\/kromschroder-ifd-258-5-1w\/\" \/>\n<meta property=\"og:site_name\" content=\"OMANI VI\u1ec6T NAM\" \/>\n<meta property=\"article:modified_time\" content=\"2025-10-20T14:01:51+00:00\" \/>\n<meta property=\"og:image\" content=\"https:\/\/sipin.com.vn\/wp-content\/uploads\/2025\/10\/IFD-258-5-1W.png\" \/>\n\t<meta property=\"og:image:width\" content=\"672\" \/>\n\t<meta property=\"og:image:height\" content=\"865\" \/>\n\t<meta property=\"og:image:type\" content=\"image\/png\" \/>\n<meta name=\"twitter:card\" content=\"summary_large_image\" \/>\n<meta name=\"twitter:label1\" content=\"\u01af\u1edbc t\u00ednh th\u1eddi gian \u0111\u1ecdc\" \/>\n\t<meta name=\"twitter:data1\" content=\"2 ph\u00fat\" \/>\n<script type=\"application\/ld+json\" class=\"yoast-schema-graph\">{\"@context\":\"https:\/\/schema.org\",\"@graph\":[{\"@type\":\"WebPage\",\"@id\":\"https:\/\/sipin.com.vn\/index.php\/product\/kromschroder-ifd-258-5-1w\/\",\"url\":\"https:\/\/sipin.com.vn\/index.php\/product\/kromschroder-ifd-258-5-1w\/\",\"name\":\"KROMSCHRODER IFD 258-5\/1W - OMANI VI\u1ec6T NAM\",\"isPartOf\":{\"@id\":\"https:\/\/sipin.com.vn\/#website\"},\"primaryImageOfPage\":{\"@id\":\"https:\/\/sipin.com.vn\/index.php\/product\/kromschroder-ifd-258-5-1w\/#primaryimage\"},\"image\":{\"@id\":\"https:\/\/sipin.com.vn\/index.php\/product\/kromschroder-ifd-258-5-1w\/#primaryimage\"},\"thumbnailUrl\":\"https:\/\/sipin.com.vn\/wp-content\/uploads\/2025\/10\/IFD-258-5-1W.png\",\"datePublished\":\"2025-10-20T14:01:27+00:00\",\"dateModified\":\"2025-10-20T14:01:51+00:00\",\"description\":\"KROMSCHRODER IFD 258-5\/1W Burner control unit\",\"breadcrumb\":{\"@id\":\"https:\/\/sipin.com.vn\/index.php\/product\/kromschroder-ifd-258-5-1w\/#breadcrumb\"},\"inLanguage\":\"vi\",\"potentialAction\":[{\"@type\":\"ReadAction\",\"target\":[\"https:\/\/sipin.com.vn\/index.php\/product\/kromschroder-ifd-258-5-1w\/\"]}]},{\"@type\":\"ImageObject\",\"inLanguage\":\"vi\",\"@id\":\"https:\/\/sipin.com.vn\/index.php\/product\/kromschroder-ifd-258-5-1w\/#primaryimage\",\"url\":\"https:\/\/sipin.com.vn\/wp-content\/uploads\/2025\/10\/IFD-258-5-1W.png\",\"contentUrl\":\"https:\/\/sipin.com.vn\/wp-content\/uploads\/2025\/10\/IFD-258-5-1W.png\",\"width\":672,\"height\":865},{\"@type\":\"BreadcrumbList\",\"@id\":\"https:\/\/sipin.com.vn\/index.php\/product\/kromschroder-ifd-258-5-1w\/#breadcrumb\",\"itemListElement\":[{\"@type\":\"ListItem\",\"position\":1,\"name\":\"Home\",\"item\":\"https:\/\/sipin.com.vn\/\"},{\"@type\":\"ListItem\",\"position\":2,\"name\":\"S\u1ea2N PH\u1ea8M\",\"item\":\"https:\/\/sipin.com.vn\/index.php\/cua-hang\/\"},{\"@type\":\"ListItem\",\"position\":3,\"name\":\"KROMSCHRODER IFD 258-5\/1W\"}]},{\"@type\":\"WebSite\",\"@id\":\"https:\/\/sipin.com.vn\/#website\",\"url\":\"https:\/\/sipin.com.vn\/\",\"name\":\"OMANI VI\u1ec6T NAM\",\"description\":\"Nh\u00e0 ph\u00e2n ph\u1ed1i thi\u1ebft b\u1ecb kh\u00ed n\u00e9n v\u00e0 thi\u1ebft b\u1ecb t\u1ef1 \u0111\u1ed9ng h\u00f3a trong c\u00f4ng nghi\u1ec7p\",\"publisher\":{\"@id\":\"https:\/\/sipin.com.vn\/#\/schema\/person\/0ad398a980dc3fd696111c2c5c8fa897\"},\"potentialAction\":[{\"@type\":\"SearchAction\",\"target\":{\"@type\":\"EntryPoint\",\"urlTemplate\":\"https:\/\/sipin.com.vn\/?s={search_term_string}\"},\"query-input\":\"required name=search_term_string\"}],\"inLanguage\":\"vi\"},{\"@type\":[\"Person\",\"Organization\"],\"@id\":\"https:\/\/sipin.com.vn\/#\/schema\/person\/0ad398a980dc3fd696111c2c5c8fa897\",\"name\":\"Nguy\u1ec5n V\u0103n Kh\u00e1nh\",\"image\":{\"@type\":\"ImageObject\",\"inLanguage\":\"vi\",\"@id\":\"https:\/\/sipin.com.vn\/#\/schema\/person\/image\/\",\"url\":\"https:\/\/sipin.com.vn\/wp-content\/uploads\/2024\/06\/logo-1024x1024.png\",\"contentUrl\":\"https:\/\/sipin.com.vn\/wp-content\/uploads\/2024\/06\/logo-1024x1024.png\",\"width\":1024,\"height\":1024,\"caption\":\"Nguy\u1ec5n V\u0103n Kh\u00e1nh\"},\"logo\":{\"@id\":\"https:\/\/sipin.com.vn\/#\/schema\/person\/image\/\"},\"sameAs\":[\"https:\/\/sipin.com.vn\"]}]}<\/script>\n<!-- \/ Yoast SEO plugin. -->","yoast_head_json":{"title":"KROMSCHRODER IFD 258-5\/1W - OMANI VI\u1ec6T NAM","description":"KROMSCHRODER IFD 258-5\/1W Burner control unit","robots":{"index":"index","follow":"follow","max-snippet":"max-snippet:-1","max-image-preview":"max-image-preview:large","max-video-preview":"max-video-preview:-1"},"canonical":"https:\/\/sipin.com.vn\/index.php\/product\/kromschroder-ifd-258-5-1w\/","og_locale":"vi_VN","og_type":"article","og_title":"KROMSCHRODER IFD 258-5\/1W - OMANI VI\u1ec6T NAM","og_description":"KROMSCHRODER IFD 258-5\/1W Burner control unit","og_url":"https:\/\/sipin.com.vn\/index.php\/product\/kromschroder-ifd-258-5-1w\/","og_site_name":"OMANI VI\u1ec6T NAM","article_modified_time":"2025-10-20T14:01:51+00:00","og_image":[{"width":672,"height":865,"url":"https:\/\/sipin.com.vn\/wp-content\/uploads\/2025\/10\/IFD-258-5-1W.png","type":"image\/png"}],"twitter_card":"summary_large_image","twitter_misc":{"\u01af\u1edbc t\u00ednh th\u1eddi gian \u0111\u1ecdc":"2 ph\u00fat"},"schema":{"@context":"https:\/\/schema.org","@graph":[{"@type":"WebPage","@id":"https:\/\/sipin.com.vn\/index.php\/product\/kromschroder-ifd-258-5-1w\/","url":"https:\/\/sipin.com.vn\/index.php\/product\/kromschroder-ifd-258-5-1w\/","name":"KROMSCHRODER IFD 258-5\/1W - OMANI VI\u1ec6T NAM","isPartOf":{"@id":"https:\/\/sipin.com.vn\/#website"},"primaryImageOfPage":{"@id":"https:\/\/sipin.com.vn\/index.php\/product\/kromschroder-ifd-258-5-1w\/#primaryimage"},"image":{"@id":"https:\/\/sipin.com.vn\/index.php\/product\/kromschroder-ifd-258-5-1w\/#primaryimage"},"thumbnailUrl":"https:\/\/sipin.com.vn\/wp-content\/uploads\/2025\/10\/IFD-258-5-1W.png","datePublished":"2025-10-20T14:01:27+00:00","dateModified":"2025-10-20T14:01:51+00:00","description":"KROMSCHRODER IFD 258-5\/1W Burner control unit","breadcrumb":{"@id":"https:\/\/sipin.com.vn\/index.php\/product\/kromschroder-ifd-258-5-1w\/#breadcrumb"},"inLanguage":"vi","potentialAction":[{"@type":"ReadAction","target":["https:\/\/sipin.com.vn\/index.php\/product\/kromschroder-ifd-258-5-1w\/"]}]},{"@type":"ImageObject","inLanguage":"vi","@id":"https:\/\/sipin.com.vn\/index.php\/product\/kromschroder-ifd-258-5-1w\/#primaryimage","url":"https:\/\/sipin.com.vn\/wp-content\/uploads\/2025\/10\/IFD-258-5-1W.png","contentUrl":"https:\/\/sipin.com.vn\/wp-content\/uploads\/2025\/10\/IFD-258-5-1W.png","width":672,"height":865},{"@type":"BreadcrumbList","@id":"https:\/\/sipin.com.vn\/index.php\/product\/kromschroder-ifd-258-5-1w\/#breadcrumb","itemListElement":[{"@type":"ListItem","position":1,"name":"Home","item":"https:\/\/sipin.com.vn\/"},{"@type":"ListItem","position":2,"name":"S\u1ea2N PH\u1ea8M","item":"https:\/\/sipin.com.vn\/index.php\/cua-hang\/"},{"@type":"ListItem","position":3,"name":"KROMSCHRODER IFD 258-5\/1W"}]},{"@type":"WebSite","@id":"https:\/\/sipin.com.vn\/#website","url":"https:\/\/sipin.com.vn\/","name":"OMANI VI\u1ec6T NAM","description":"Nh\u00e0 ph\u00e2n ph\u1ed1i thi\u1ebft b\u1ecb kh\u00ed n\u00e9n v\u00e0 thi\u1ebft b\u1ecb t\u1ef1 \u0111\u1ed9ng h\u00f3a trong c\u00f4ng nghi\u1ec7p","publisher":{"@id":"https:\/\/sipin.com.vn\/#\/schema\/person\/0ad398a980dc3fd696111c2c5c8fa897"},"potentialAction":[{"@type":"SearchAction","target":{"@type":"EntryPoint","urlTemplate":"https:\/\/sipin.com.vn\/?s={search_term_string}"},"query-input":"required name=search_term_string"}],"inLanguage":"vi"},{"@type":["Person","Organization"],"@id":"https:\/\/sipin.com.vn\/#\/schema\/person\/0ad398a980dc3fd696111c2c5c8fa897","name":"Nguy\u1ec5n V\u0103n Kh\u00e1nh","image":{"@type":"ImageObject","inLanguage":"vi","@id":"https:\/\/sipin.com.vn\/#\/schema\/person\/image\/","url":"https:\/\/sipin.com.vn\/wp-content\/uploads\/2024\/06\/logo-1024x1024.png","contentUrl":"https:\/\/sipin.com.vn\/wp-content\/uploads\/2024\/06\/logo-1024x1024.png","width":1024,"height":1024,"caption":"Nguy\u1ec5n V\u0103n Kh\u00e1nh"},"logo":{"@id":"https:\/\/sipin.com.vn\/#\/schema\/person\/image\/"},"sameAs":["https:\/\/sipin.com.vn"]}]}},"_links":{"self":[{"href":"https:\/\/sipin.com.vn\/index.php\/wp-json\/wp\/v2\/product\/4472","targetHints":{"allow":["GET"]}}],"collection":[{"href":"https:\/\/sipin.com.vn\/index.php\/wp-json\/wp\/v2\/product"}],"about":[{"href":"https:\/\/sipin.com.vn\/index.php\/wp-json\/wp\/v2\/types\/product"}],"replies":[{"embeddable":true,"href":"https:\/\/sipin.com.vn\/index.php\/wp-json\/wp\/v2\/comments?post=4472"}],"wp:featuredmedia":[{"embeddable":true,"href":"https:\/\/sipin.com.vn\/index.php\/wp-json\/wp\/v2\/media\/4473"}],"wp:attachment":[{"href":"https:\/\/sipin.com.vn\/index.php\/wp-json\/wp\/v2\/media?parent=4472"}],"wp:term":[{"taxonomy":"product_cat","embeddable":true,"href":"https:\/\/sipin.com.vn\/index.php\/wp-json\/wp\/v2\/product_cat?post=4472"},{"taxonomy":"product_tag","embeddable":true,"href":"https:\/\/sipin.com.vn\/index.php\/wp-json\/wp\/v2\/product_tag?post=4472"}],"curies":[{"name":"wp","href":"https:\/\/api.w.org\/{rel}","templated":true}]}}