{"id":4466,"date":"2025-10-14T21:15:30","date_gmt":"2025-10-14T14:15:30","guid":{"rendered":"https:\/\/sipin.com.vn\/?post_type=product&#038;p=4466"},"modified":"2025-10-14T21:15:30","modified_gmt":"2025-10-14T14:15:30","slug":"omron-d4b-4116n","status":"publish","type":"product","link":"https:\/\/sipin.com.vn\/index.php\/product\/omron-d4b-4116n\/","title":{"rendered":"OMRON D4B-4116N"},"content":{"rendered":"<p>OMRON D4B-4116N<\/p>\n<h2>Th\u00f4ng s\u1ed1 k\u1ef9 thu\u1eadt D4B-4116N Omron<\/h2>\n<table id=\"specifications\" border=\"1\" cellspacing=\"0\" cellpadding=\"8\">\n<thead>\n<tr>\n<th>Th\u00f4ng s\u1ed1<\/th>\n<th>Gi\u00e1 tr\u1ecb<\/th>\n<\/tr>\n<\/thead>\n<tbody>\n<tr>\n<td>M\u00e3 s\u1ea3n ph\u1ea9m<\/td>\n<td>D4B-4116N<\/td>\n<\/tr>\n<tr>\n<td>T\u00ean s\u1ea3n ph\u1ea9m<\/td>\n<td>C\u00f4ng t\u1eafc\u00a0 D4B-4116N, D4B-_N OMRON<\/td>\n<\/tr>\n<tr>\n<td>V\u1ecf m\u00e1y<\/td>\n<td>Nh\u00f4m<\/td>\n<\/tr>\n<tr>\n<td>B\u1ed9 truy\u1ec1n \u0111\u1ed9ng<\/td>\n<td>C\u1ea7n g\u1ea1t con l\u0103n c\u00f3 th\u1ec3 \u0111i\u1ec1u ch\u1ec9nh<\/td>\n<\/tr>\n<tr>\n<td>Ph\u01b0\u01a1ng ph\u00e1p k\u1ebft n\u1ed1i<\/td>\n<td>Kh\u1ed1i \u0111\u1ea5u d\u00e2y<\/td>\n<\/tr>\n<tr>\n<td>K\u00edch th\u01b0\u1edbc \u1ed1ng d\u1eabn<\/td>\n<td>M20<\/td>\n<\/tr>\n<tr>\n<td>H\u01b0\u1edbng d\u1eabn c\u00e1p v\u00e0o<\/td>\n<td>\u0110\u00e1y<\/td>\n<\/tr>\n<tr>\n<td>S\u1ed1 ti\u1ebfp \u0111i\u1ec3m th\u01b0\u1eddng m\u1edf<\/td>\n<td>Vui l\u00f2ng cung c\u1ea5p v\u0103n b\u1ea3n \u201c1\u201d c\u1ea7n d\u1ecbch.<\/td>\n<\/tr>\n<tr>\n<td>S\u1ed1 ti\u1ebfp \u0111i\u1ec3m th\u01b0\u1eddng \u0111\u00f3ng<\/td>\n<td>Vui l\u00f2ng cung c\u1ea5p v\u0103n b\u1ea3n \u201c1\u201d c\u1ea7n d\u1ecbch.<\/td>\n<\/tr>\n<tr>\n<td>Ho\u1ea1t \u0111\u1ed9ng \u0111\u00f3ng c\u1eaft<\/td>\n<td>Chuy\u1ec3n \u0111\u1ed9ng b\u1eadt t\u1eaft nhanh<\/td>\n<\/tr>\n<\/tbody>\n<\/table>\n<h3>2. C\u00e1c m\u00e3 h\u00e0ng t\u01b0\u01a1ng \u0111\u01b0\u01a1ng C\u00f4ng t\u1eafc h\u00e0nh tr\u00ecnh\u00a0D4B-4116N:<\/h3>\n<div>\n<div>D3V-16-3C5<br \/>\nD4B-2115N<br \/>\nD4B-4111N<br \/>\nD4B-4116N<br \/>\nD4B-4171N<br \/>\nD4B-4A71N<br \/>\nD4B-6A15N-SHI2<br \/>\nD4C-1202<br \/>\nD4C-1420<br \/>\nD4MC-5000<br \/>\nD4MC-5020<br \/>\nD4MC-5020-N<br \/>\nD4N-1120<br \/>\nD4N-212G<br \/>\nD4N-2A20<br \/>\nD4NA-412G<br \/>\nDV4-8108SZ-N<\/div>\n<\/div>\n","protected":false},"excerpt":{"rendered":"<p>OMRON D4B-4116N Th\u00f4ng s\u1ed1 k\u1ef9 thu\u1eadt D4B-4116N Omron Th\u00f4ng s\u1ed1 Gi\u00e1 tr\u1ecb M\u00e3 s\u1ea3n ph\u1ea9m D4B-4116N T\u00ean s\u1ea3n ph\u1ea9m C\u00f4ng t\u1eafc\u00a0 D4B-4116N, D4B-_N OMRON V\u1ecf m\u00e1y Nh\u00f4m B\u1ed9 truy\u1ec1n \u0111\u1ed9ng C\u1ea7n g\u1ea1t con l\u0103n c\u00f3 th\u1ec3 \u0111i\u1ec1u ch\u1ec9nh Ph\u01b0\u01a1ng ph\u00e1p k\u1ebft n\u1ed1i Kh\u1ed1i \u0111\u1ea5u d\u00e2y K\u00edch th\u01b0\u1edbc \u1ed1ng d\u1eabn M20&hellip; <\/p>\n","protected":false},"featured_media":4467,"comment_status":"open","ping_status":"closed","template":"","meta":{"om_disable_all_campaigns":false,"_monsterinsights_skip_tracking":false,"_monsterinsights_sitenote_active":false,"_monsterinsights_sitenote_note":"","_monsterinsights_sitenote_category":0},"product_cat":[794],"product_tag":[180,105,104],"class_list":{"0":"post-4466","1":"product","2":"type-product","3":"status-publish","4":"has-post-thumbnail","6":"product_cat-omron","7":"product_tag-cong-tac-hanh-trinh","8":"product_tag-dai-ly-omron-viet-nam","9":"product_tag-omron-viet-nam","11":"first","12":"instock","13":"shipping-taxable","14":"product-type-simple"},"aioseo_notices":[],"yoast_head":"<!-- This site is optimized with the Yoast SEO plugin v22.8 - https:\/\/yoast.com\/wordpress\/plugins\/seo\/ -->\n<title>OMRON D4B-4116N - OMANI VI\u1ec6T NAM<\/title>\n<meta name=\"description\" content=\"OMRON D4B-4116N Limit Switch\" \/>\n<meta name=\"robots\" content=\"index, follow, max-snippet:-1, max-image-preview:large, max-video-preview:-1\" \/>\n<link rel=\"canonical\" href=\"https:\/\/sipin.com.vn\/index.php\/product\/omron-d4b-4116n\/\" \/>\n<meta property=\"og:locale\" content=\"vi_VN\" \/>\n<meta property=\"og:type\" content=\"article\" \/>\n<meta property=\"og:title\" content=\"OMRON D4B-4116N - OMANI VI\u1ec6T NAM\" \/>\n<meta property=\"og:description\" content=\"OMRON D4B-4116N Limit Switch\" \/>\n<meta property=\"og:url\" content=\"https:\/\/sipin.com.vn\/index.php\/product\/omron-d4b-4116n\/\" \/>\n<meta property=\"og:site_name\" content=\"OMANI VI\u1ec6T NAM\" \/>\n<meta property=\"og:image\" content=\"https:\/\/sipin.com.vn\/wp-content\/uploads\/2025\/10\/D4B-4116N.png\" \/>\n\t<meta property=\"og:image:width\" content=\"652\" \/>\n\t<meta property=\"og:image:height\" content=\"712\" \/>\n\t<meta property=\"og:image:type\" content=\"image\/png\" \/>\n<meta name=\"twitter:card\" content=\"summary_large_image\" \/>\n<meta name=\"twitter:label1\" content=\"\u01af\u1edbc t\u00ednh th\u1eddi gian \u0111\u1ecdc\" \/>\n\t<meta name=\"twitter:data1\" content=\"1 ph\u00fat\" \/>\n<script type=\"application\/ld+json\" class=\"yoast-schema-graph\">{\"@context\":\"https:\/\/schema.org\",\"@graph\":[{\"@type\":\"WebPage\",\"@id\":\"https:\/\/sipin.com.vn\/index.php\/product\/omron-d4b-4116n\/\",\"url\":\"https:\/\/sipin.com.vn\/index.php\/product\/omron-d4b-4116n\/\",\"name\":\"OMRON D4B-4116N - OMANI VI\u1ec6T NAM\",\"isPartOf\":{\"@id\":\"https:\/\/sipin.com.vn\/#website\"},\"primaryImageOfPage\":{\"@id\":\"https:\/\/sipin.com.vn\/index.php\/product\/omron-d4b-4116n\/#primaryimage\"},\"image\":{\"@id\":\"https:\/\/sipin.com.vn\/index.php\/product\/omron-d4b-4116n\/#primaryimage\"},\"thumbnailUrl\":\"https:\/\/sipin.com.vn\/wp-content\/uploads\/2025\/10\/D4B-4116N.png\",\"datePublished\":\"2025-10-14T14:15:30+00:00\",\"dateModified\":\"2025-10-14T14:15:30+00:00\",\"description\":\"OMRON D4B-4116N Limit Switch\",\"breadcrumb\":{\"@id\":\"https:\/\/sipin.com.vn\/index.php\/product\/omron-d4b-4116n\/#breadcrumb\"},\"inLanguage\":\"vi\",\"potentialAction\":[{\"@type\":\"ReadAction\",\"target\":[\"https:\/\/sipin.com.vn\/index.php\/product\/omron-d4b-4116n\/\"]}]},{\"@type\":\"ImageObject\",\"inLanguage\":\"vi\",\"@id\":\"https:\/\/sipin.com.vn\/index.php\/product\/omron-d4b-4116n\/#primaryimage\",\"url\":\"https:\/\/sipin.com.vn\/wp-content\/uploads\/2025\/10\/D4B-4116N.png\",\"contentUrl\":\"https:\/\/sipin.com.vn\/wp-content\/uploads\/2025\/10\/D4B-4116N.png\",\"width\":652,\"height\":712},{\"@type\":\"BreadcrumbList\",\"@id\":\"https:\/\/sipin.com.vn\/index.php\/product\/omron-d4b-4116n\/#breadcrumb\",\"itemListElement\":[{\"@type\":\"ListItem\",\"position\":1,\"name\":\"Home\",\"item\":\"https:\/\/sipin.com.vn\/\"},{\"@type\":\"ListItem\",\"position\":2,\"name\":\"S\u1ea2N PH\u1ea8M\",\"item\":\"https:\/\/sipin.com.vn\/index.php\/cua-hang\/\"},{\"@type\":\"ListItem\",\"position\":3,\"name\":\"OMRON D4B-4116N\"}]},{\"@type\":\"WebSite\",\"@id\":\"https:\/\/sipin.com.vn\/#website\",\"url\":\"https:\/\/sipin.com.vn\/\",\"name\":\"OMANI VI\u1ec6T NAM\",\"description\":\"Nh\u00e0 ph\u00e2n ph\u1ed1i thi\u1ebft b\u1ecb kh\u00ed n\u00e9n v\u00e0 thi\u1ebft b\u1ecb t\u1ef1 \u0111\u1ed9ng h\u00f3a trong c\u00f4ng nghi\u1ec7p\",\"publisher\":{\"@id\":\"https:\/\/sipin.com.vn\/#\/schema\/person\/0ad398a980dc3fd696111c2c5c8fa897\"},\"potentialAction\":[{\"@type\":\"SearchAction\",\"target\":{\"@type\":\"EntryPoint\",\"urlTemplate\":\"https:\/\/sipin.com.vn\/?s={search_term_string}\"},\"query-input\":\"required name=search_term_string\"}],\"inLanguage\":\"vi\"},{\"@type\":[\"Person\",\"Organization\"],\"@id\":\"https:\/\/sipin.com.vn\/#\/schema\/person\/0ad398a980dc3fd696111c2c5c8fa897\",\"name\":\"Nguy\u1ec5n V\u0103n Kh\u00e1nh\",\"image\":{\"@type\":\"ImageObject\",\"inLanguage\":\"vi\",\"@id\":\"https:\/\/sipin.com.vn\/#\/schema\/person\/image\/\",\"url\":\"https:\/\/sipin.com.vn\/wp-content\/uploads\/2024\/06\/logo-1024x1024.png\",\"contentUrl\":\"https:\/\/sipin.com.vn\/wp-content\/uploads\/2024\/06\/logo-1024x1024.png\",\"width\":1024,\"height\":1024,\"caption\":\"Nguy\u1ec5n V\u0103n Kh\u00e1nh\"},\"logo\":{\"@id\":\"https:\/\/sipin.com.vn\/#\/schema\/person\/image\/\"},\"sameAs\":[\"https:\/\/sipin.com.vn\"]}]}<\/script>\n<!-- \/ Yoast SEO plugin. -->","yoast_head_json":{"title":"OMRON D4B-4116N - OMANI VI\u1ec6T NAM","description":"OMRON D4B-4116N Limit Switch","robots":{"index":"index","follow":"follow","max-snippet":"max-snippet:-1","max-image-preview":"max-image-preview:large","max-video-preview":"max-video-preview:-1"},"canonical":"https:\/\/sipin.com.vn\/index.php\/product\/omron-d4b-4116n\/","og_locale":"vi_VN","og_type":"article","og_title":"OMRON D4B-4116N - OMANI VI\u1ec6T NAM","og_description":"OMRON D4B-4116N Limit Switch","og_url":"https:\/\/sipin.com.vn\/index.php\/product\/omron-d4b-4116n\/","og_site_name":"OMANI VI\u1ec6T NAM","og_image":[{"width":652,"height":712,"url":"https:\/\/sipin.com.vn\/wp-content\/uploads\/2025\/10\/D4B-4116N.png","type":"image\/png"}],"twitter_card":"summary_large_image","twitter_misc":{"\u01af\u1edbc t\u00ednh th\u1eddi gian \u0111\u1ecdc":"1 ph\u00fat"},"schema":{"@context":"https:\/\/schema.org","@graph":[{"@type":"WebPage","@id":"https:\/\/sipin.com.vn\/index.php\/product\/omron-d4b-4116n\/","url":"https:\/\/sipin.com.vn\/index.php\/product\/omron-d4b-4116n\/","name":"OMRON D4B-4116N - OMANI VI\u1ec6T NAM","isPartOf":{"@id":"https:\/\/sipin.com.vn\/#website"},"primaryImageOfPage":{"@id":"https:\/\/sipin.com.vn\/index.php\/product\/omron-d4b-4116n\/#primaryimage"},"image":{"@id":"https:\/\/sipin.com.vn\/index.php\/product\/omron-d4b-4116n\/#primaryimage"},"thumbnailUrl":"https:\/\/sipin.com.vn\/wp-content\/uploads\/2025\/10\/D4B-4116N.png","datePublished":"2025-10-14T14:15:30+00:00","dateModified":"2025-10-14T14:15:30+00:00","description":"OMRON D4B-4116N Limit Switch","breadcrumb":{"@id":"https:\/\/sipin.com.vn\/index.php\/product\/omron-d4b-4116n\/#breadcrumb"},"inLanguage":"vi","potentialAction":[{"@type":"ReadAction","target":["https:\/\/sipin.com.vn\/index.php\/product\/omron-d4b-4116n\/"]}]},{"@type":"ImageObject","inLanguage":"vi","@id":"https:\/\/sipin.com.vn\/index.php\/product\/omron-d4b-4116n\/#primaryimage","url":"https:\/\/sipin.com.vn\/wp-content\/uploads\/2025\/10\/D4B-4116N.png","contentUrl":"https:\/\/sipin.com.vn\/wp-content\/uploads\/2025\/10\/D4B-4116N.png","width":652,"height":712},{"@type":"BreadcrumbList","@id":"https:\/\/sipin.com.vn\/index.php\/product\/omron-d4b-4116n\/#breadcrumb","itemListElement":[{"@type":"ListItem","position":1,"name":"Home","item":"https:\/\/sipin.com.vn\/"},{"@type":"ListItem","position":2,"name":"S\u1ea2N PH\u1ea8M","item":"https:\/\/sipin.com.vn\/index.php\/cua-hang\/"},{"@type":"ListItem","position":3,"name":"OMRON D4B-4116N"}]},{"@type":"WebSite","@id":"https:\/\/sipin.com.vn\/#website","url":"https:\/\/sipin.com.vn\/","name":"OMANI VI\u1ec6T NAM","description":"Nh\u00e0 ph\u00e2n ph\u1ed1i thi\u1ebft b\u1ecb kh\u00ed n\u00e9n v\u00e0 thi\u1ebft b\u1ecb t\u1ef1 \u0111\u1ed9ng h\u00f3a trong c\u00f4ng nghi\u1ec7p","publisher":{"@id":"https:\/\/sipin.com.vn\/#\/schema\/person\/0ad398a980dc3fd696111c2c5c8fa897"},"potentialAction":[{"@type":"SearchAction","target":{"@type":"EntryPoint","urlTemplate":"https:\/\/sipin.com.vn\/?s={search_term_string}"},"query-input":"required name=search_term_string"}],"inLanguage":"vi"},{"@type":["Person","Organization"],"@id":"https:\/\/sipin.com.vn\/#\/schema\/person\/0ad398a980dc3fd696111c2c5c8fa897","name":"Nguy\u1ec5n V\u0103n Kh\u00e1nh","image":{"@type":"ImageObject","inLanguage":"vi","@id":"https:\/\/sipin.com.vn\/#\/schema\/person\/image\/","url":"https:\/\/sipin.com.vn\/wp-content\/uploads\/2024\/06\/logo-1024x1024.png","contentUrl":"https:\/\/sipin.com.vn\/wp-content\/uploads\/2024\/06\/logo-1024x1024.png","width":1024,"height":1024,"caption":"Nguy\u1ec5n V\u0103n Kh\u00e1nh"},"logo":{"@id":"https:\/\/sipin.com.vn\/#\/schema\/person\/image\/"},"sameAs":["https:\/\/sipin.com.vn"]}]}},"_links":{"self":[{"href":"https:\/\/sipin.com.vn\/index.php\/wp-json\/wp\/v2\/product\/4466","targetHints":{"allow":["GET"]}}],"collection":[{"href":"https:\/\/sipin.com.vn\/index.php\/wp-json\/wp\/v2\/product"}],"about":[{"href":"https:\/\/sipin.com.vn\/index.php\/wp-json\/wp\/v2\/types\/product"}],"replies":[{"embeddable":true,"href":"https:\/\/sipin.com.vn\/index.php\/wp-json\/wp\/v2\/comments?post=4466"}],"wp:featuredmedia":[{"embeddable":true,"href":"https:\/\/sipin.com.vn\/index.php\/wp-json\/wp\/v2\/media\/4467"}],"wp:attachment":[{"href":"https:\/\/sipin.com.vn\/index.php\/wp-json\/wp\/v2\/media?parent=4466"}],"wp:term":[{"taxonomy":"product_cat","embeddable":true,"href":"https:\/\/sipin.com.vn\/index.php\/wp-json\/wp\/v2\/product_cat?post=4466"},{"taxonomy":"product_tag","embeddable":true,"href":"https:\/\/sipin.com.vn\/index.php\/wp-json\/wp\/v2\/product_tag?post=4466"}],"curies":[{"name":"wp","href":"https:\/\/api.w.org\/{rel}","templated":true}]}}