{"id":4439,"date":"2025-10-04T10:03:38","date_gmt":"2025-10-04T03:03:38","guid":{"rendered":"https:\/\/sipin.com.vn\/?post_type=product&#038;p=4439"},"modified":"2025-10-04T10:03:39","modified_gmt":"2025-10-04T03:03:39","slug":"hbm-z6fc6-20kg","status":"publish","type":"product","link":"https:\/\/sipin.com.vn\/index.php\/product\/hbm-z6fc6-20kg\/","title":{"rendered":"HBM Z6FC6 20KG"},"content":{"rendered":"<p>HBM Z6FC6 20KG<\/p>\n<p>HBM Z6FC6 30KG<\/p>\n<p>HBM Z6FC6 50KG<\/p>\n<p>HBM Z6FC6 100KG<\/p>\n<p>HBM Z6FC6 200KG<\/p>\n<p>HBM Z6FC6 20KG<\/p>\n<p><strong><em>Z6FC6 20kg<\/em><\/strong>\u00a0la\u0300 loa\u0323i ca\u0309m bi\u00ea\u0301n do\u0300ng kinh t\u00ea\u0301, a\u0301p du\u0323ng trong ca\u0301c ngha\u0300nh c\u00f4ng nghi\u00ea\u0323p \u0111o l\u01b0\u1eddng.\u00a0<strong><em>Loadcell Z6FC6 20kg<\/em><\/strong>\u00a0c\u00f3 thi\u1ebft k\u1ebf hi\u1ec7n \u0111\u1ea1i, v\u1eadt li\u1ec7u ch\u1ea5t li\u1ec7u cao c\u1ea5p cho \u0111\u1ed9 b\u1ec1n cao.\u00a0<strong><em>Model Z6FC6 20kg<\/em><\/strong>\u00a0c\u00f3 th\u1ec3 ho\u1ea1t \u0111\u1ed9ng li\u00ean t\u1ee5c v\u00e0 \u1ed5n \u0111\u1ecbnh.\u00a0<strong><em>Loadcell Z6FC6 20kg<\/em><\/strong>\u00a0\u1ee9ng d\u1ee5ng trong c\u00e1c h\u1ec7 th\u1ed1ng \u0111o l\u01b0\u1eddng, c\u00e2n \u0111i\u1ec7n t\u1eed.<br \/>\nTh\u00f4ng s\u1ed1 k\u1ef9 thu\u1eadt:<br \/>\nModel:\u00a0<strong><em>Z6FC6 20kg<\/em><\/strong><br \/>\nT\u1ea3i tr\u1ecdng: 20 kg.<br \/>\nT\u00edn hi\u1ec7u ra: 2mV\/V<br \/>\nNhi\u1ec7t \u0111\u1ed9 ho\u1ea1t \u0111\u1ed9ng: -10 ~ 40<sup>o<\/sup>\u00a0C.<br \/>\nC\u1ea5p b\u1ea3o v\u1ec7: IP68.<\/p>\n<p>C\u1ea3m bi\u1ebfn HBM Z6FD1-5KG<br \/>\nC\u1ea3m bi\u1ebfn HBM Z6FC3-10KG<br \/>\nC\u1ea3m bi\u1ebfn HBM Z6FC3-20KG<br \/>\nC\u1ea3m bi\u1ebfn HBM Z6FC3-50KG<br \/>\nC\u1ea3m bi\u1ebfn HBM 1-Z6FC4\/20Kg-1<br \/>\nC\u1ea3m bi\u1ebfn HBM 1-Z6FC4\/50Kg-1<br \/>\nC\u1ea3m bi\u1ebfn HBM 1-Z6FC4\/100Kg-1<br \/>\nC\u1ea3m bi\u1ebfn HBM 1-Z6FC4\/200Kg-1<br \/>\nC\u1ea3m bi\u1ebfn HBM 1-Z6FC4\/500Kg-1<br \/>\nC\u1ea3m bi\u1ebfn HBM 1-Z6FC6\/20Kg-1<br \/>\nC\u1ea3m bi\u1ebfn HBM 1-Z6FC6\/30Kg-1<br \/>\nC\u1ea3m bi\u1ebfn HBM 1-Z6FC6\/50Kg-1<br \/>\nC\u1ea3m bi\u1ebfn HBM 1-Z6FC6\/100Kg-1<br \/>\nC\u1ea3m bi\u1ebfn HBM 1-Z6FC6\/200Kg-1<br \/>\nC\u1ea3m bi\u1ebfn HBM HLCB1C3-550kg<br \/>\nC\u1ea3m bi\u1ebfn HBM HLCB1C3-1.1T<br \/>\nC\u1ea3m bi\u1ebfn HBM HLCB1C3-1.76T<br \/>\nC\u1ea3m bi\u1ebfn HBM HLCB1C3-2.2T<br \/>\nC\u1ea3m bi\u1ebfn HBM HLCB1C3-4.4T<br \/>\nC\u1ea3m bi\u1ebfn HBM HLCB1C3-10T<br \/>\nC\u1ea3m bi\u1ebfn HBM HLCB1D1-220KG<br \/>\nC\u1ea3m bi\u1ebfn HBM HLCB1D1-550KG<br \/>\nC\u1ea3m bi\u1ebfn HBM HLCB1D1-1.1T<br \/>\nC\u1ea3m bi\u1ebfn HBM HLCB1D1-2.2T<br \/>\nC\u1ea3m bi\u1ebfn HBM 1-HLCB1C3\/550KG-1<br \/>\nC\u1ea3m bi\u1ebfn HBM HLCB1C3 550Kg<br \/>\nC\u1ea3m bi\u1ebfn HBM HLCB1C3\/220kg<br \/>\nC\u1ea3m bi\u1ebfn HBM HLCB1C3-220kg<br \/>\nC\u1ea3m bi\u1ebfn HBM HLCB1C3\/550kg<br \/>\nC\u1ea3m bi\u1ebfn HBM HLCB1C3\/1.1t<br \/>\nC\u1ea3m bi\u1ebfn HBM HLCB1C3\/1.76t<br \/>\nC\u1ea3m bi\u1ebfn HBM HLCB1C3\/2.2t<br \/>\nC\u1ea3m bi\u1ebfn HBM HLCB1C3\/4.4t<br \/>\nC\u1ea3m bi\u1ebfn HBM Z6FD1\/5kg<br \/>\nC\u1ea3m bi\u1ebfn HBM Z6FD1\/10kg<br \/>\nC\u1ea3m bi\u1ebfn HBM Z6FD1\/20kg<br \/>\nC\u1ea3m bi\u1ebfn HBM Z6FD1\/100kg<br \/>\nC\u1ea3m bi\u1ebfn HBM Z6FD1\/200kg<br \/>\nC\u1ea3m bi\u1ebfn HBM Z6FD1\/500kg<br \/>\nC\u1ea3m bi\u1ebfn HBM Z6FD1\/1t<br \/>\nC\u1ea3m bi\u1ebfn HBM Z6FC3\/10KG<br \/>\nC\u1ea3m bi\u1ebfn HBM Z6FC3\/20KG<br \/>\nC\u1ea3m bi\u1ebfn HBM Z6FC3\/30KG<br \/>\nC\u1ea3m bi\u1ebfn HBM Z6FC3\/50KG<br \/>\nC\u1ea3m bi\u1ebfn HBM Z6FC3\/100KG<br \/>\nC\u1ea3m bi\u1ebfn HBM Z6FC3\/200KG<br \/>\nC\u1ea3m bi\u1ebfn HBM Z6FC3\/1t<br \/>\nC\u1ea3m bi\u1ebfn HBM Z6FC4\/20kg<br \/>\nC\u1ea3m bi\u1ebfn HBM Z6FC4\/50kg<br \/>\nC\u1ea3m bi\u1ebfn HBM Z6FC4\/100kg<br \/>\nC\u1ea3m bi\u1ebfn HBM Z6FC4\/200kg<br \/>\nC\u1ea3m bi\u1ebfn HBM Z6FC3-100kg<br \/>\nC\u1ea3m bi\u1ebfn HBM PW22C3-20Kg<br \/>\nC\u1ea3m bi\u1ebfn HBM PW6DC3<br \/>\nC\u1ea3m bi\u1ebfn HBM K-PW4L\/3KGBEU1-1.3Kg<br \/>\nC\u1ea3m bi\u1ebfn HBM PW15BC3MR\/7.5kg<br \/>\nC\u1ea3m bi\u1ebfn HBM PW15BC3MR\/15kg<br \/>\nC\u1ea3m bi\u1ebfn HBM PW15BC3MR\/20kg<br \/>\nC\u1ea3m bi\u1ebfn HBM PW15BC3MR\/30kg<br \/>\nC\u1ea3m bi\u1ebfn HBM PW15BC3MR\/50kg<br \/>\nC\u1ea3m bi\u1ebfn HBM PW15BC3MR\/75kg<br \/>\nC\u1ea3m bi\u1ebfn HBM PW15BC3MR\/100kg<br \/>\nC\u1ea3m bi\u1ebfn HBM PW15BC3MR\/150kg<br \/>\nC\u1ea3m bi\u1ebfn HBM PW15BC3MR\/200kg<br \/>\nC\u1ea3m bi\u1ebfn HBM 1-SP4MC3MR\/15KG-1<br \/>\nC\u1ea3m bi\u1ebfn HBM Z6FA1-200kg<br \/>\nC\u1ea3m bi\u1ebfn HBM MP-10H-VP4X<br \/>\nC\u1ea3m bi\u1ebfn HBM SP4MC3MR-15Kg<br \/>\nC\u1ea3m bi\u1ebfn HBM 1-PW10AC3\/100KG-1<br \/>\nC\u1ea3m bi\u1ebfn HBM 1-PW10AC3\/150KG-1<br \/>\nC\u1ea3m bi\u1ebfn HBM 1-PW10AC3\/200KG-1<br \/>\nC\u1ea3m bi\u1ebfn HBM 1-PW10AC3\/250KG-1<br \/>\nC\u1ea3m bi\u1ebfn HBM 1-PW2DC3\/7.2KG-1<\/p>\n","protected":false},"excerpt":{"rendered":"<p>HBM Z6FC6 20KG HBM Z6FC6 30KG HBM Z6FC6 50KG HBM Z6FC6 100KG HBM Z6FC6 200KG HBM Z6FC6 20KG Z6FC6 20kg\u00a0la\u0300 loa\u0323i ca\u0309m bi\u00ea\u0301n do\u0300ng kinh t\u00ea\u0301, a\u0301p du\u0323ng trong ca\u0301c ngha\u0300nh c\u00f4ng nghi\u00ea\u0323p \u0111o l\u01b0\u1eddng.\u00a0Loadcell Z6FC6 20kg\u00a0c\u00f3 thi\u1ebft k\u1ebf hi\u1ec7n \u0111\u1ea1i, v\u1eadt li\u1ec7u ch\u1ea5t li\u1ec7u cao c\u1ea5p cho \u0111\u1ed9 b\u1ec1n&hellip; <\/p>\n","protected":false},"featured_media":4440,"comment_status":"open","ping_status":"closed","template":"","meta":{"om_disable_all_campaigns":false,"_monsterinsights_skip_tracking":false,"_monsterinsights_sitenote_active":false,"_monsterinsights_sitenote_note":"","_monsterinsights_sitenote_category":0},"product_cat":[722],"product_tag":[650,392,391],"class_list":{"0":"post-4439","1":"product","2":"type-product","3":"status-publish","4":"has-post-thumbnail","6":"product_cat-hbm","7":"product_tag-cam-bien-luc","8":"product_tag-dai-ly-hbm-viet-nam","9":"product_tag-hbm-viet-nam","11":"first","12":"instock","13":"shipping-taxable","14":"product-type-simple"},"aioseo_notices":[],"yoast_head":"<!-- This site is optimized with the Yoast SEO plugin v22.8 - https:\/\/yoast.com\/wordpress\/plugins\/seo\/ -->\n<title>HBM Z6FC6 20KG - OMANI VI\u1ec6T NAM<\/title>\n<meta name=\"description\" content=\"HBM Z6FC6 20KG Load cell\" \/>\n<meta name=\"robots\" content=\"index, follow, max-snippet:-1, max-image-preview:large, max-video-preview:-1\" \/>\n<link rel=\"canonical\" href=\"https:\/\/sipin.com.vn\/index.php\/product\/hbm-z6fc6-20kg\/\" \/>\n<meta property=\"og:locale\" content=\"vi_VN\" \/>\n<meta property=\"og:type\" content=\"article\" \/>\n<meta property=\"og:title\" content=\"HBM Z6FC6 20KG - OMANI VI\u1ec6T NAM\" \/>\n<meta property=\"og:description\" content=\"HBM Z6FC6 20KG Load cell\" \/>\n<meta property=\"og:url\" content=\"https:\/\/sipin.com.vn\/index.php\/product\/hbm-z6fc6-20kg\/\" \/>\n<meta property=\"og:site_name\" content=\"OMANI VI\u1ec6T NAM\" \/>\n<meta property=\"article:modified_time\" content=\"2025-10-04T03:03:39+00:00\" \/>\n<meta property=\"og:image\" content=\"https:\/\/sipin.com.vn\/wp-content\/uploads\/2025\/10\/Z6FC6-20KG.png\" \/>\n\t<meta property=\"og:image:width\" content=\"789\" \/>\n\t<meta property=\"og:image:height\" content=\"743\" \/>\n\t<meta property=\"og:image:type\" content=\"image\/png\" \/>\n<meta name=\"twitter:card\" content=\"summary_large_image\" \/>\n<meta name=\"twitter:label1\" content=\"\u01af\u1edbc t\u00ednh th\u1eddi gian \u0111\u1ecdc\" \/>\n\t<meta name=\"twitter:data1\" content=\"3 ph\u00fat\" \/>\n<script type=\"application\/ld+json\" class=\"yoast-schema-graph\">{\"@context\":\"https:\/\/schema.org\",\"@graph\":[{\"@type\":\"WebPage\",\"@id\":\"https:\/\/sipin.com.vn\/index.php\/product\/hbm-z6fc6-20kg\/\",\"url\":\"https:\/\/sipin.com.vn\/index.php\/product\/hbm-z6fc6-20kg\/\",\"name\":\"HBM Z6FC6 20KG - OMANI VI\u1ec6T NAM\",\"isPartOf\":{\"@id\":\"https:\/\/sipin.com.vn\/#website\"},\"primaryImageOfPage\":{\"@id\":\"https:\/\/sipin.com.vn\/index.php\/product\/hbm-z6fc6-20kg\/#primaryimage\"},\"image\":{\"@id\":\"https:\/\/sipin.com.vn\/index.php\/product\/hbm-z6fc6-20kg\/#primaryimage\"},\"thumbnailUrl\":\"https:\/\/sipin.com.vn\/wp-content\/uploads\/2025\/10\/Z6FC6-20KG.png\",\"datePublished\":\"2025-10-04T03:03:38+00:00\",\"dateModified\":\"2025-10-04T03:03:39+00:00\",\"description\":\"HBM Z6FC6 20KG Load cell\",\"breadcrumb\":{\"@id\":\"https:\/\/sipin.com.vn\/index.php\/product\/hbm-z6fc6-20kg\/#breadcrumb\"},\"inLanguage\":\"vi\",\"potentialAction\":[{\"@type\":\"ReadAction\",\"target\":[\"https:\/\/sipin.com.vn\/index.php\/product\/hbm-z6fc6-20kg\/\"]}]},{\"@type\":\"ImageObject\",\"inLanguage\":\"vi\",\"@id\":\"https:\/\/sipin.com.vn\/index.php\/product\/hbm-z6fc6-20kg\/#primaryimage\",\"url\":\"https:\/\/sipin.com.vn\/wp-content\/uploads\/2025\/10\/Z6FC6-20KG.png\",\"contentUrl\":\"https:\/\/sipin.com.vn\/wp-content\/uploads\/2025\/10\/Z6FC6-20KG.png\",\"width\":789,\"height\":743},{\"@type\":\"BreadcrumbList\",\"@id\":\"https:\/\/sipin.com.vn\/index.php\/product\/hbm-z6fc6-20kg\/#breadcrumb\",\"itemListElement\":[{\"@type\":\"ListItem\",\"position\":1,\"name\":\"Home\",\"item\":\"https:\/\/sipin.com.vn\/\"},{\"@type\":\"ListItem\",\"position\":2,\"name\":\"S\u1ea2N PH\u1ea8M\",\"item\":\"https:\/\/sipin.com.vn\/index.php\/cua-hang\/\"},{\"@type\":\"ListItem\",\"position\":3,\"name\":\"HBM Z6FC6 20KG\"}]},{\"@type\":\"WebSite\",\"@id\":\"https:\/\/sipin.com.vn\/#website\",\"url\":\"https:\/\/sipin.com.vn\/\",\"name\":\"OMANI VI\u1ec6T NAM\",\"description\":\"Nh\u00e0 ph\u00e2n ph\u1ed1i thi\u1ebft b\u1ecb kh\u00ed n\u00e9n v\u00e0 thi\u1ebft b\u1ecb t\u1ef1 \u0111\u1ed9ng h\u00f3a trong c\u00f4ng nghi\u1ec7p\",\"publisher\":{\"@id\":\"https:\/\/sipin.com.vn\/#\/schema\/person\/0ad398a980dc3fd696111c2c5c8fa897\"},\"potentialAction\":[{\"@type\":\"SearchAction\",\"target\":{\"@type\":\"EntryPoint\",\"urlTemplate\":\"https:\/\/sipin.com.vn\/?s={search_term_string}\"},\"query-input\":\"required name=search_term_string\"}],\"inLanguage\":\"vi\"},{\"@type\":[\"Person\",\"Organization\"],\"@id\":\"https:\/\/sipin.com.vn\/#\/schema\/person\/0ad398a980dc3fd696111c2c5c8fa897\",\"name\":\"Nguy\u1ec5n V\u0103n Kh\u00e1nh\",\"image\":{\"@type\":\"ImageObject\",\"inLanguage\":\"vi\",\"@id\":\"https:\/\/sipin.com.vn\/#\/schema\/person\/image\/\",\"url\":\"https:\/\/sipin.com.vn\/wp-content\/uploads\/2024\/06\/logo-1024x1024.png\",\"contentUrl\":\"https:\/\/sipin.com.vn\/wp-content\/uploads\/2024\/06\/logo-1024x1024.png\",\"width\":1024,\"height\":1024,\"caption\":\"Nguy\u1ec5n V\u0103n Kh\u00e1nh\"},\"logo\":{\"@id\":\"https:\/\/sipin.com.vn\/#\/schema\/person\/image\/\"},\"sameAs\":[\"https:\/\/sipin.com.vn\"]}]}<\/script>\n<!-- \/ Yoast SEO plugin. -->","yoast_head_json":{"title":"HBM Z6FC6 20KG - OMANI VI\u1ec6T NAM","description":"HBM Z6FC6 20KG Load cell","robots":{"index":"index","follow":"follow","max-snippet":"max-snippet:-1","max-image-preview":"max-image-preview:large","max-video-preview":"max-video-preview:-1"},"canonical":"https:\/\/sipin.com.vn\/index.php\/product\/hbm-z6fc6-20kg\/","og_locale":"vi_VN","og_type":"article","og_title":"HBM Z6FC6 20KG - OMANI VI\u1ec6T NAM","og_description":"HBM Z6FC6 20KG Load cell","og_url":"https:\/\/sipin.com.vn\/index.php\/product\/hbm-z6fc6-20kg\/","og_site_name":"OMANI VI\u1ec6T NAM","article_modified_time":"2025-10-04T03:03:39+00:00","og_image":[{"width":789,"height":743,"url":"https:\/\/sipin.com.vn\/wp-content\/uploads\/2025\/10\/Z6FC6-20KG.png","type":"image\/png"}],"twitter_card":"summary_large_image","twitter_misc":{"\u01af\u1edbc t\u00ednh th\u1eddi gian \u0111\u1ecdc":"3 ph\u00fat"},"schema":{"@context":"https:\/\/schema.org","@graph":[{"@type":"WebPage","@id":"https:\/\/sipin.com.vn\/index.php\/product\/hbm-z6fc6-20kg\/","url":"https:\/\/sipin.com.vn\/index.php\/product\/hbm-z6fc6-20kg\/","name":"HBM Z6FC6 20KG - OMANI VI\u1ec6T NAM","isPartOf":{"@id":"https:\/\/sipin.com.vn\/#website"},"primaryImageOfPage":{"@id":"https:\/\/sipin.com.vn\/index.php\/product\/hbm-z6fc6-20kg\/#primaryimage"},"image":{"@id":"https:\/\/sipin.com.vn\/index.php\/product\/hbm-z6fc6-20kg\/#primaryimage"},"thumbnailUrl":"https:\/\/sipin.com.vn\/wp-content\/uploads\/2025\/10\/Z6FC6-20KG.png","datePublished":"2025-10-04T03:03:38+00:00","dateModified":"2025-10-04T03:03:39+00:00","description":"HBM Z6FC6 20KG Load cell","breadcrumb":{"@id":"https:\/\/sipin.com.vn\/index.php\/product\/hbm-z6fc6-20kg\/#breadcrumb"},"inLanguage":"vi","potentialAction":[{"@type":"ReadAction","target":["https:\/\/sipin.com.vn\/index.php\/product\/hbm-z6fc6-20kg\/"]}]},{"@type":"ImageObject","inLanguage":"vi","@id":"https:\/\/sipin.com.vn\/index.php\/product\/hbm-z6fc6-20kg\/#primaryimage","url":"https:\/\/sipin.com.vn\/wp-content\/uploads\/2025\/10\/Z6FC6-20KG.png","contentUrl":"https:\/\/sipin.com.vn\/wp-content\/uploads\/2025\/10\/Z6FC6-20KG.png","width":789,"height":743},{"@type":"BreadcrumbList","@id":"https:\/\/sipin.com.vn\/index.php\/product\/hbm-z6fc6-20kg\/#breadcrumb","itemListElement":[{"@type":"ListItem","position":1,"name":"Home","item":"https:\/\/sipin.com.vn\/"},{"@type":"ListItem","position":2,"name":"S\u1ea2N PH\u1ea8M","item":"https:\/\/sipin.com.vn\/index.php\/cua-hang\/"},{"@type":"ListItem","position":3,"name":"HBM Z6FC6 20KG"}]},{"@type":"WebSite","@id":"https:\/\/sipin.com.vn\/#website","url":"https:\/\/sipin.com.vn\/","name":"OMANI VI\u1ec6T NAM","description":"Nh\u00e0 ph\u00e2n ph\u1ed1i thi\u1ebft b\u1ecb kh\u00ed n\u00e9n v\u00e0 thi\u1ebft b\u1ecb t\u1ef1 \u0111\u1ed9ng h\u00f3a trong c\u00f4ng nghi\u1ec7p","publisher":{"@id":"https:\/\/sipin.com.vn\/#\/schema\/person\/0ad398a980dc3fd696111c2c5c8fa897"},"potentialAction":[{"@type":"SearchAction","target":{"@type":"EntryPoint","urlTemplate":"https:\/\/sipin.com.vn\/?s={search_term_string}"},"query-input":"required name=search_term_string"}],"inLanguage":"vi"},{"@type":["Person","Organization"],"@id":"https:\/\/sipin.com.vn\/#\/schema\/person\/0ad398a980dc3fd696111c2c5c8fa897","name":"Nguy\u1ec5n V\u0103n Kh\u00e1nh","image":{"@type":"ImageObject","inLanguage":"vi","@id":"https:\/\/sipin.com.vn\/#\/schema\/person\/image\/","url":"https:\/\/sipin.com.vn\/wp-content\/uploads\/2024\/06\/logo-1024x1024.png","contentUrl":"https:\/\/sipin.com.vn\/wp-content\/uploads\/2024\/06\/logo-1024x1024.png","width":1024,"height":1024,"caption":"Nguy\u1ec5n V\u0103n Kh\u00e1nh"},"logo":{"@id":"https:\/\/sipin.com.vn\/#\/schema\/person\/image\/"},"sameAs":["https:\/\/sipin.com.vn"]}]}},"_links":{"self":[{"href":"https:\/\/sipin.com.vn\/index.php\/wp-json\/wp\/v2\/product\/4439","targetHints":{"allow":["GET"]}}],"collection":[{"href":"https:\/\/sipin.com.vn\/index.php\/wp-json\/wp\/v2\/product"}],"about":[{"href":"https:\/\/sipin.com.vn\/index.php\/wp-json\/wp\/v2\/types\/product"}],"replies":[{"embeddable":true,"href":"https:\/\/sipin.com.vn\/index.php\/wp-json\/wp\/v2\/comments?post=4439"}],"wp:featuredmedia":[{"embeddable":true,"href":"https:\/\/sipin.com.vn\/index.php\/wp-json\/wp\/v2\/media\/4440"}],"wp:attachment":[{"href":"https:\/\/sipin.com.vn\/index.php\/wp-json\/wp\/v2\/media?parent=4439"}],"wp:term":[{"taxonomy":"product_cat","embeddable":true,"href":"https:\/\/sipin.com.vn\/index.php\/wp-json\/wp\/v2\/product_cat?post=4439"},{"taxonomy":"product_tag","embeddable":true,"href":"https:\/\/sipin.com.vn\/index.php\/wp-json\/wp\/v2\/product_tag?post=4439"}],"curies":[{"name":"wp","href":"https:\/\/api.w.org\/{rel}","templated":true}]}}