{"id":4418,"date":"2025-09-24T21:01:26","date_gmt":"2025-09-24T14:01:26","guid":{"rendered":"https:\/\/sipin.com.vn\/?post_type=product&#038;p=4418"},"modified":"2025-09-24T21:01:26","modified_gmt":"2025-09-24T14:01:26","slug":"sick-yf2a6b-050ud3xleax","status":"publish","type":"product","link":"https:\/\/sipin.com.vn\/index.php\/product\/sick-yf2a6b-050ud3xleax\/","title":{"rendered":"SICK YF2A6B-050UD3XLEAX"},"content":{"rendered":"<p>SICK YF2A6B-050UD3XLEAX<\/p>\n<div class=\"product attribute mfg-item-number\"><\/div>\n<div class=\"product attribute item-description\">\n<div class=\"value\">\n<div id=\"product-details-information-tab-0\" class=\"product-details-information-tab-content-panel active\" role=\"tabpanel\" data-action=\"pushable\" data-id=\"product-details-information-0\" data-pusher=\"sc-pushable-xs\">\n<div id=\"product-details-information-tab-content-container-0\" class=\"product-details-information-tab-content-container\" data-type=\"information-content-text\">SICK (6054974) YF2A6B-050UD3XLEAX, Plug connectors and cables, Head A: Female connector, M12, 12-pin, straight, A-coded, Head B: Flying leads, 5 m, 12-wire, PUR<\/div>\n<\/div>\n<div id=\"product-details-information-tab-1\" class=\"product-details-information-tab-content-panel \" role=\"tabpanel\" data-action=\"pushable\" data-id=\"product-details-information-1\" data-pusher=\"sc-pushable-xs\">\n<div id=\"product-details-information-tab-content-container-1\" class=\"product-details-information-tab-content-container\" data-type=\"information-content-text\"><\/div>\n<\/div>\n<\/div>\n<\/div>\n<h2 class=\"product-section-title\">Specifications<\/h2>\n<div class=\"additional-attributes-wrapper table-wrapper\">\n<table id=\"product-attribute-specs-table\" class=\"data table additional-attributes\">\n<caption class=\"table-caption\">Specifications<\/caption>\n<tbody>\n<tr>\n<th class=\"col label\" scope=\"row\">Manufacturer Part Number<\/th>\n<td class=\"col data\" data-th=\"Manufacturer Part Number\">2131105<\/td>\n<\/tr>\n<tr>\n<th class=\"col label\" scope=\"row\">Manufacturer<\/th>\n<td class=\"col data\" data-th=\"Manufacturer\">Sick<\/td>\n<\/tr>\n<tr>\n<th class=\"col label\" scope=\"row\">Family Series<\/th>\n<td class=\"col data\" data-th=\"Family Series\">Sick Cordsets<\/td>\n<\/tr>\n<tr>\n<th class=\"col label\" scope=\"row\">Description<\/th>\n<td class=\"col data\" data-th=\"Description\">Plug connectors and cables, Sensor\/actuator cable, YF2A6B-050UD3XLEAX, Connection type head A: Female connector, M12, 12-pin, straight, A-coded, Connection type head B: Flying leads, Signal type: Sensor\/actuator cable, Cable: 5 m, 12-wire, PUR, halogen-<\/td>\n<\/tr>\n<tr>\n<th class=\"col label\" scope=\"row\">Cable Type<\/th>\n<td class=\"col data\" data-th=\"Cable Type\">PUR<\/td>\n<\/tr>\n<tr>\n<th class=\"col label\" scope=\"row\">Number of Pins<\/th>\n<td class=\"col data\" data-th=\"Number of Pins\">12<\/td>\n<\/tr>\n<tr>\n<th class=\"col label\" scope=\"row\">Length<\/th>\n<td class=\"col data\" data-th=\"Length\">5 m<\/td>\n<\/tr>\n<tr>\n<th class=\"col label\" scope=\"row\">Cable Shielding<\/th>\n<td class=\"col data\" data-th=\"Cable Shielding\">None<\/td>\n<\/tr>\n<tr>\n<th class=\"col label\" scope=\"row\">Number of Wires<\/th>\n<td class=\"col data\" data-th=\"Number of Wires\">2<\/td>\n<\/tr>\n<tr>\n<th class=\"col label\" scope=\"row\">Side 1 Gender<\/th>\n<td class=\"col data\" data-th=\"Side 1 Gender\">Female<\/td>\n<\/tr>\n<tr>\n<th class=\"col label\" scope=\"row\">Side 1 Angle<\/th>\n<td class=\"col data\" data-th=\"Side 1 Angle\">Straight<\/td>\n<\/tr>\n<tr>\n<th class=\"col label\" scope=\"row\">Side 2 Gender<\/th>\n<td class=\"col data\" data-th=\"Side 2 Gender\">Flying Leads<\/td>\n<\/tr>\n<tr>\n<th class=\"col label\" scope=\"row\">Net Weight<\/th>\n<td class=\"col data\" data-th=\"Net Weight\">0 lbs<\/td>\n<\/tr>\n<tr>\n<th class=\"col label\" scope=\"row\">Gross Weight<\/th>\n<td class=\"col data\" data-th=\"Gross Weight\">0 lbs<\/td>\n<\/tr>\n<\/tbody>\n<\/table>\n<\/div>\n","protected":false},"excerpt":{"rendered":"<p>SICK YF2A6B-050UD3XLEAX SICK (6054974) YF2A6B-050UD3XLEAX, Plug connectors and cables, Head A: Female connector, M12, 12-pin, straight, A-coded, Head B: Flying leads, 5 m, 12-wire, PUR Specifications Specifications Manufacturer Part Number 2131105 Manufacturer Sick Family Series Sick Cordsets Description Plug connectors and cables, Sensor\/actuator cable, YF2A6B-050UD3XLEAX, Connection type head A: Female&hellip; <\/p>\n","protected":false},"featured_media":4419,"comment_status":"open","ping_status":"closed","template":"","meta":{"om_disable_all_campaigns":false,"_monsterinsights_skip_tracking":false,"_monsterinsights_sitenote_active":false,"_monsterinsights_sitenote_note":"","_monsterinsights_sitenote_category":0},"product_cat":[740],"product_tag":[89,116,90],"class_list":{"0":"post-4418","1":"product","2":"type-product","3":"status-publish","4":"has-post-thumbnail","6":"product_cat-sick","7":"product_tag-dai-ly-sick-viet-nam","8":"product_tag-day-cap","9":"product_tag-sick-viet-nam","11":"first","12":"instock","13":"shipping-taxable","14":"product-type-simple"},"aioseo_notices":[],"yoast_head":"<!-- This site is optimized with the Yoast SEO plugin v22.8 - https:\/\/yoast.com\/wordpress\/plugins\/seo\/ -->\n<title>SICK YF2A6B-050UD3XLEAX - OMANI VI\u1ec6T NAM<\/title>\n<meta name=\"description\" content=\"SICK YF2A6B-050UD3XLEAX Plug connectors and cables\" \/>\n<meta name=\"robots\" content=\"index, follow, max-snippet:-1, max-image-preview:large, max-video-preview:-1\" \/>\n<link rel=\"canonical\" href=\"https:\/\/sipin.com.vn\/index.php\/product\/sick-yf2a6b-050ud3xleax\/\" \/>\n<meta property=\"og:locale\" content=\"vi_VN\" \/>\n<meta property=\"og:type\" content=\"article\" \/>\n<meta property=\"og:title\" content=\"SICK YF2A6B-050UD3XLEAX - OMANI VI\u1ec6T NAM\" \/>\n<meta property=\"og:description\" content=\"SICK YF2A6B-050UD3XLEAX Plug connectors and cables\" \/>\n<meta property=\"og:url\" content=\"https:\/\/sipin.com.vn\/index.php\/product\/sick-yf2a6b-050ud3xleax\/\" \/>\n<meta property=\"og:site_name\" content=\"OMANI VI\u1ec6T NAM\" \/>\n<meta property=\"og:image\" content=\"https:\/\/sipin.com.vn\/wp-content\/uploads\/2025\/09\/YF2A6B-050UD3XLEAX.png\" \/>\n\t<meta property=\"og:image:width\" content=\"622\" \/>\n\t<meta property=\"og:image:height\" content=\"542\" \/>\n\t<meta property=\"og:image:type\" content=\"image\/png\" \/>\n<meta name=\"twitter:card\" content=\"summary_large_image\" \/>\n<meta name=\"twitter:label1\" content=\"\u01af\u1edbc t\u00ednh th\u1eddi gian \u0111\u1ecdc\" \/>\n\t<meta name=\"twitter:data1\" content=\"1 ph\u00fat\" \/>\n<script type=\"application\/ld+json\" class=\"yoast-schema-graph\">{\"@context\":\"https:\/\/schema.org\",\"@graph\":[{\"@type\":\"WebPage\",\"@id\":\"https:\/\/sipin.com.vn\/index.php\/product\/sick-yf2a6b-050ud3xleax\/\",\"url\":\"https:\/\/sipin.com.vn\/index.php\/product\/sick-yf2a6b-050ud3xleax\/\",\"name\":\"SICK YF2A6B-050UD3XLEAX - OMANI VI\u1ec6T NAM\",\"isPartOf\":{\"@id\":\"https:\/\/sipin.com.vn\/#website\"},\"primaryImageOfPage\":{\"@id\":\"https:\/\/sipin.com.vn\/index.php\/product\/sick-yf2a6b-050ud3xleax\/#primaryimage\"},\"image\":{\"@id\":\"https:\/\/sipin.com.vn\/index.php\/product\/sick-yf2a6b-050ud3xleax\/#primaryimage\"},\"thumbnailUrl\":\"https:\/\/sipin.com.vn\/wp-content\/uploads\/2025\/09\/YF2A6B-050UD3XLEAX.png\",\"datePublished\":\"2025-09-24T14:01:26+00:00\",\"dateModified\":\"2025-09-24T14:01:26+00:00\",\"description\":\"SICK YF2A6B-050UD3XLEAX Plug connectors and cables\",\"breadcrumb\":{\"@id\":\"https:\/\/sipin.com.vn\/index.php\/product\/sick-yf2a6b-050ud3xleax\/#breadcrumb\"},\"inLanguage\":\"vi\",\"potentialAction\":[{\"@type\":\"ReadAction\",\"target\":[\"https:\/\/sipin.com.vn\/index.php\/product\/sick-yf2a6b-050ud3xleax\/\"]}]},{\"@type\":\"ImageObject\",\"inLanguage\":\"vi\",\"@id\":\"https:\/\/sipin.com.vn\/index.php\/product\/sick-yf2a6b-050ud3xleax\/#primaryimage\",\"url\":\"https:\/\/sipin.com.vn\/wp-content\/uploads\/2025\/09\/YF2A6B-050UD3XLEAX.png\",\"contentUrl\":\"https:\/\/sipin.com.vn\/wp-content\/uploads\/2025\/09\/YF2A6B-050UD3XLEAX.png\",\"width\":622,\"height\":542},{\"@type\":\"BreadcrumbList\",\"@id\":\"https:\/\/sipin.com.vn\/index.php\/product\/sick-yf2a6b-050ud3xleax\/#breadcrumb\",\"itemListElement\":[{\"@type\":\"ListItem\",\"position\":1,\"name\":\"Home\",\"item\":\"https:\/\/sipin.com.vn\/\"},{\"@type\":\"ListItem\",\"position\":2,\"name\":\"S\u1ea2N PH\u1ea8M\",\"item\":\"https:\/\/sipin.com.vn\/index.php\/cua-hang\/\"},{\"@type\":\"ListItem\",\"position\":3,\"name\":\"SICK YF2A6B-050UD3XLEAX\"}]},{\"@type\":\"WebSite\",\"@id\":\"https:\/\/sipin.com.vn\/#website\",\"url\":\"https:\/\/sipin.com.vn\/\",\"name\":\"OMANI VI\u1ec6T NAM\",\"description\":\"Nh\u00e0 ph\u00e2n ph\u1ed1i thi\u1ebft b\u1ecb kh\u00ed n\u00e9n v\u00e0 thi\u1ebft b\u1ecb t\u1ef1 \u0111\u1ed9ng h\u00f3a trong c\u00f4ng nghi\u1ec7p\",\"publisher\":{\"@id\":\"https:\/\/sipin.com.vn\/#\/schema\/person\/0ad398a980dc3fd696111c2c5c8fa897\"},\"potentialAction\":[{\"@type\":\"SearchAction\",\"target\":{\"@type\":\"EntryPoint\",\"urlTemplate\":\"https:\/\/sipin.com.vn\/?s={search_term_string}\"},\"query-input\":\"required name=search_term_string\"}],\"inLanguage\":\"vi\"},{\"@type\":[\"Person\",\"Organization\"],\"@id\":\"https:\/\/sipin.com.vn\/#\/schema\/person\/0ad398a980dc3fd696111c2c5c8fa897\",\"name\":\"Nguy\u1ec5n V\u0103n Kh\u00e1nh\",\"image\":{\"@type\":\"ImageObject\",\"inLanguage\":\"vi\",\"@id\":\"https:\/\/sipin.com.vn\/#\/schema\/person\/image\/\",\"url\":\"https:\/\/sipin.com.vn\/wp-content\/uploads\/2024\/06\/logo-1024x1024.png\",\"contentUrl\":\"https:\/\/sipin.com.vn\/wp-content\/uploads\/2024\/06\/logo-1024x1024.png\",\"width\":1024,\"height\":1024,\"caption\":\"Nguy\u1ec5n V\u0103n Kh\u00e1nh\"},\"logo\":{\"@id\":\"https:\/\/sipin.com.vn\/#\/schema\/person\/image\/\"},\"sameAs\":[\"https:\/\/sipin.com.vn\"]}]}<\/script>\n<!-- \/ Yoast SEO plugin. -->","yoast_head_json":{"title":"SICK YF2A6B-050UD3XLEAX - OMANI VI\u1ec6T NAM","description":"SICK YF2A6B-050UD3XLEAX Plug connectors and cables","robots":{"index":"index","follow":"follow","max-snippet":"max-snippet:-1","max-image-preview":"max-image-preview:large","max-video-preview":"max-video-preview:-1"},"canonical":"https:\/\/sipin.com.vn\/index.php\/product\/sick-yf2a6b-050ud3xleax\/","og_locale":"vi_VN","og_type":"article","og_title":"SICK YF2A6B-050UD3XLEAX - OMANI VI\u1ec6T NAM","og_description":"SICK YF2A6B-050UD3XLEAX Plug connectors and cables","og_url":"https:\/\/sipin.com.vn\/index.php\/product\/sick-yf2a6b-050ud3xleax\/","og_site_name":"OMANI VI\u1ec6T NAM","og_image":[{"width":622,"height":542,"url":"https:\/\/sipin.com.vn\/wp-content\/uploads\/2025\/09\/YF2A6B-050UD3XLEAX.png","type":"image\/png"}],"twitter_card":"summary_large_image","twitter_misc":{"\u01af\u1edbc t\u00ednh th\u1eddi gian \u0111\u1ecdc":"1 ph\u00fat"},"schema":{"@context":"https:\/\/schema.org","@graph":[{"@type":"WebPage","@id":"https:\/\/sipin.com.vn\/index.php\/product\/sick-yf2a6b-050ud3xleax\/","url":"https:\/\/sipin.com.vn\/index.php\/product\/sick-yf2a6b-050ud3xleax\/","name":"SICK YF2A6B-050UD3XLEAX - OMANI VI\u1ec6T NAM","isPartOf":{"@id":"https:\/\/sipin.com.vn\/#website"},"primaryImageOfPage":{"@id":"https:\/\/sipin.com.vn\/index.php\/product\/sick-yf2a6b-050ud3xleax\/#primaryimage"},"image":{"@id":"https:\/\/sipin.com.vn\/index.php\/product\/sick-yf2a6b-050ud3xleax\/#primaryimage"},"thumbnailUrl":"https:\/\/sipin.com.vn\/wp-content\/uploads\/2025\/09\/YF2A6B-050UD3XLEAX.png","datePublished":"2025-09-24T14:01:26+00:00","dateModified":"2025-09-24T14:01:26+00:00","description":"SICK YF2A6B-050UD3XLEAX Plug connectors and cables","breadcrumb":{"@id":"https:\/\/sipin.com.vn\/index.php\/product\/sick-yf2a6b-050ud3xleax\/#breadcrumb"},"inLanguage":"vi","potentialAction":[{"@type":"ReadAction","target":["https:\/\/sipin.com.vn\/index.php\/product\/sick-yf2a6b-050ud3xleax\/"]}]},{"@type":"ImageObject","inLanguage":"vi","@id":"https:\/\/sipin.com.vn\/index.php\/product\/sick-yf2a6b-050ud3xleax\/#primaryimage","url":"https:\/\/sipin.com.vn\/wp-content\/uploads\/2025\/09\/YF2A6B-050UD3XLEAX.png","contentUrl":"https:\/\/sipin.com.vn\/wp-content\/uploads\/2025\/09\/YF2A6B-050UD3XLEAX.png","width":622,"height":542},{"@type":"BreadcrumbList","@id":"https:\/\/sipin.com.vn\/index.php\/product\/sick-yf2a6b-050ud3xleax\/#breadcrumb","itemListElement":[{"@type":"ListItem","position":1,"name":"Home","item":"https:\/\/sipin.com.vn\/"},{"@type":"ListItem","position":2,"name":"S\u1ea2N PH\u1ea8M","item":"https:\/\/sipin.com.vn\/index.php\/cua-hang\/"},{"@type":"ListItem","position":3,"name":"SICK YF2A6B-050UD3XLEAX"}]},{"@type":"WebSite","@id":"https:\/\/sipin.com.vn\/#website","url":"https:\/\/sipin.com.vn\/","name":"OMANI VI\u1ec6T NAM","description":"Nh\u00e0 ph\u00e2n ph\u1ed1i thi\u1ebft b\u1ecb kh\u00ed n\u00e9n v\u00e0 thi\u1ebft b\u1ecb t\u1ef1 \u0111\u1ed9ng h\u00f3a trong c\u00f4ng nghi\u1ec7p","publisher":{"@id":"https:\/\/sipin.com.vn\/#\/schema\/person\/0ad398a980dc3fd696111c2c5c8fa897"},"potentialAction":[{"@type":"SearchAction","target":{"@type":"EntryPoint","urlTemplate":"https:\/\/sipin.com.vn\/?s={search_term_string}"},"query-input":"required name=search_term_string"}],"inLanguage":"vi"},{"@type":["Person","Organization"],"@id":"https:\/\/sipin.com.vn\/#\/schema\/person\/0ad398a980dc3fd696111c2c5c8fa897","name":"Nguy\u1ec5n V\u0103n Kh\u00e1nh","image":{"@type":"ImageObject","inLanguage":"vi","@id":"https:\/\/sipin.com.vn\/#\/schema\/person\/image\/","url":"https:\/\/sipin.com.vn\/wp-content\/uploads\/2024\/06\/logo-1024x1024.png","contentUrl":"https:\/\/sipin.com.vn\/wp-content\/uploads\/2024\/06\/logo-1024x1024.png","width":1024,"height":1024,"caption":"Nguy\u1ec5n V\u0103n Kh\u00e1nh"},"logo":{"@id":"https:\/\/sipin.com.vn\/#\/schema\/person\/image\/"},"sameAs":["https:\/\/sipin.com.vn"]}]}},"_links":{"self":[{"href":"https:\/\/sipin.com.vn\/index.php\/wp-json\/wp\/v2\/product\/4418","targetHints":{"allow":["GET"]}}],"collection":[{"href":"https:\/\/sipin.com.vn\/index.php\/wp-json\/wp\/v2\/product"}],"about":[{"href":"https:\/\/sipin.com.vn\/index.php\/wp-json\/wp\/v2\/types\/product"}],"replies":[{"embeddable":true,"href":"https:\/\/sipin.com.vn\/index.php\/wp-json\/wp\/v2\/comments?post=4418"}],"wp:featuredmedia":[{"embeddable":true,"href":"https:\/\/sipin.com.vn\/index.php\/wp-json\/wp\/v2\/media\/4419"}],"wp:attachment":[{"href":"https:\/\/sipin.com.vn\/index.php\/wp-json\/wp\/v2\/media?parent=4418"}],"wp:term":[{"taxonomy":"product_cat","embeddable":true,"href":"https:\/\/sipin.com.vn\/index.php\/wp-json\/wp\/v2\/product_cat?post=4418"},{"taxonomy":"product_tag","embeddable":true,"href":"https:\/\/sipin.com.vn\/index.php\/wp-json\/wp\/v2\/product_tag?post=4418"}],"curies":[{"name":"wp","href":"https:\/\/api.w.org\/{rel}","templated":true}]}}