{"id":4395,"date":"2025-09-14T20:29:25","date_gmt":"2025-09-14T13:29:25","guid":{"rendered":"https:\/\/sipin.com.vn\/?post_type=product&#038;p=4395"},"modified":"2025-09-14T20:29:25","modified_gmt":"2025-09-14T13:29:25","slug":"mitsubishi-gt2708-vtbd","status":"publish","type":"product","link":"https:\/\/sipin.com.vn\/index.php\/product\/mitsubishi-gt2708-vtbd\/","title":{"rendered":"MITSUBISHI GT2708-VTBD"},"content":{"rendered":"<p>MITSUBISHI GT2708-VTBD<\/p>\n<p class=\"product_title entry-title\">HMI Mitsubishi GT2708-VTBD-040 8.4 inch 24VDC<\/p>\n<p>\u2013 K\u00edch th\u01b0\u1edbc: 8.4\u201d(640\u00d7480)<br \/>\n\u2013 B\u1ed9 nh\u1edb: ROM 57MB, RAM 128MB.<br \/>\n\u2013 Lo\u1ea1i m\u00e0n h\u00ecnh: c\u1ea3m \u1ee9ng TFT LCD, h\u1ed7 tr\u1ee3 65536 m\u00e0u.<br \/>\n\u2013 C\u1ed5ng giao ti\u1ebfp: RS232, RS485, RS422, USB, Ethernet.<br \/>\n\u2013 H\u1ed7 tr\u1ee3 giao th\u1ee9c truy\u1ec1n th\u00f4ng CC-Link IE Control, CC-Link IE Field, CC-Link, bus, MELSECNET\/H.<br \/>\n\u2013 H\u1ed7 tr\u1ee3 cho ph\u00e9p l\u1eafp module wireless LAN.<br \/>\n\u2013 Ti\u00eau chu\u1ea9n b\u1ea3o v\u1ec7(m\u1eb7t tr\u01b0\u1edbc): IP67 (ch\u1ed1ng b\u1ee5i ch\u1ed1ng n\u01b0\u1edbc)<\/p>\n<p>&nbsp;<\/p>\n<p>M\u00e0n h\u00ecnh HMI Mitsubishi GT2708-VTBD l\u00e0 m\u1ed9t thi\u1ebft b\u1ecb ti\u00ean ti\u1ebfn thu\u1ed9c d\u00f2ng s\u1ea3n ph\u1ea9m GOT2000, n\u1ed5i b\u1eadt v\u1edbi m\u00e0n h\u00ecnh TFT 8,4 inch cho kh\u1ea3 n\u0103ng hi\u1ec3n th\u1ecb s\u1eafc n\u00e9t v\u1edbi 65.536 m\u00e0u s\u1eafc. Thi\u1ebft b\u1ecb n\u00e0y ho\u1ea1t \u0111\u1ed9ng d\u01b0\u1edbi ngu\u1ed3n \u0111i\u1ec7n m\u1ed9t chi\u1ec1u 24V, \u0111\u1ea3m b\u1ea3o hi\u1ec7u su\u1ea5t \u1ed5n \u0111\u1ecbnh v\u00e0 \u0111\u1ed9 tin c\u1eady cao. Kh\u00f4ng ch\u1ec9 s\u1edf h\u1eefu \u0111\u1ed9 ph\u00e2n gi\u1ea3i 640&#215;480 pixels, m\u00e0 GT2708-VTBD c\u00f2n \u0111i k\u00e8m v\u1edbi b\u1ed9 nh\u1edb n\u1ed9i b\u1ed9 l\u00ean t\u1edbi 128MB v\u00e0 kh\u1ea3 n\u0103ng m\u1edf r\u1ed9ng th\u00f4ng qua khe c\u1eafm th\u1ebb SD, h\u1ed7 tr\u1ee3 t\u1ed1i \u0111a cho nhi\u1ec1u \u1ee9ng d\u1ee5ng c\u00f4ng nghi\u1ec7p.<br \/>\nV\u1edbi nhi\u1ec1u giao di\u1ec7n k\u1ebft n\u1ed1i nh\u01b0 RS-232, RS-422\/485 v\u00e0 USB, c\u0169ng nh\u01b0 kh\u1ea3 n\u0103ng k\u1ebft n\u1ed1i Ethernet, m\u00e0n h\u00ecnh n\u00e0y d\u1ec5 d\u00e0ng t\u00edch h\u1ee3p v\u00e0o h\u1ec7 th\u1ed1ng t\u1ef1 \u0111\u1ed9ng h\u00f3a. GT2708-VTBD c\u00f2n \u0111\u1ea1t ti\u00eau chu\u1ea9n b\u1ea3o v\u1ec7 IP67F, cho ph\u00e9p thi\u1ebft b\u1ecb ho\u1ea1t \u0111\u1ed9ng hi\u1ec7u qu\u1ea3 trong m\u00f4i tr\u01b0\u1eddng kh\u1eafc nghi\u1ec7t, \u0111\u1ea3m b\u1ea3o r\u1eb1ng n\u00f3 kh\u00f4ng ch\u1ec9 b\u1ec1n b\u1ec9 m\u00e0 c\u00f2n linh ho\u1ea1t trong \u1ee9ng d\u1ee5ng.<\/p>\n<h2 id=\"contentvi-0\">\u1ee8ng d\u1ee5ng s\u1ea3n ph\u1ea9m GT2708-VTBD<\/h2>\n<ul>\n<li>Thi\u1ebft k\u1ebf giao di\u1ec7n ng\u01b0\u1eddi d\u00f9ng cho c\u00e1c m\u00e1y m\u00f3c c\u00f4ng nghi\u1ec7p, gi\u00fap t\u0103ng c\u01b0\u1eddng tr\u1ea3i nghi\u1ec7m v\u1eadn h\u00e0nh.<\/li>\n<li>Gi\u00e1m s\u00e1t v\u00e0 \u0111i\u1ec1u khi\u1ec3n quy tr\u00ecnh s\u1ea3n xu\u1ea5t trong th\u1eddi gian th\u1ef1c th\u00f4ng qua c\u00e1c giao th\u1ee9c truy\u1ec1n th\u00f4ng nh\u01b0 MODBUS, PROFIBUS v\u00e0 ETHERNET.<\/li>\n<li>Thu th\u1eadp v\u00e0 qu\u1ea3n l\u00fd d\u1eef li\u1ec7u t\u1eeb c\u00e1c thi\u1ebft b\u1ecb ngo\u1ea1i vi qua c\u00e1c c\u1ed5ng k\u1ebft n\u1ed1i RS-232, RS-422\/485 v\u00e0 USB.<\/li>\n<li>S\u1eed d\u1ee5ng trong c\u00e1c h\u1ec7 th\u1ed1ng t\u1ef1 \u0111\u1ed9ng h\u00f3a nh\u00e0 m\u00e1y, nh\u1edd v\u00e0o t\u00ednh n\u0103ng m\u1edf r\u1ed9ng v\u1edbi khe c\u1eafm th\u1ebb SD v\u00e0 h\u1ed7 tr\u1ee3 th\u1ebb l\u1ef1a ch\u1ecdn t\u00f9y ch\u1ecdn.<\/li>\n<li>\u0110\u01b0\u1ee3c s\u1eed d\u1ee5ng trong m\u00f4i tr\u01b0\u1eddng kh\u1eafc nghi\u1ec7t, nh\u1edd v\u00e0o ti\u00eau chu\u1ea9n b\u1ea3o v\u1ec7 IP67F.<\/li>\n<\/ul>\n<h2 id=\"contentvi-1\">B\u1ea3ng th\u00f4ng s\u1ed1 k\u1ef9 thu\u1eadt HMI GT2708-VTBD<\/h2>\n<table>\n<tbody>\n<tr>\n<th>Th\u00f4ng s\u1ed1<\/th>\n<th>Chi ti\u1ebft<\/th>\n<\/tr>\n<tr>\n<th>Series<\/th>\n<td>GOT2000 SERIES<\/td>\n<\/tr>\n<tr>\n<th>Lo\u1ea1i s\u1ea3n ph\u1ea9m<\/th>\n<td>GT27 MODEL<\/td>\n<\/tr>\n<tr>\n<th>Ngu\u1ed3n c\u1ea5p (V)<\/th>\n<td>24<\/td>\n<\/tr>\n<tr>\n<th>Lo\u1ea1i d\u00f2ng \u0111i\u1ec7n<\/th>\n<td>DC<\/td>\n<\/tr>\n<tr>\n<th>M\u00e0n h\u00ecnh hi\u1ec3n th\u1ecb<\/th>\n<td>TFT<\/td>\n<\/tr>\n<tr>\n<th>M\u00e0u s\u1eafc m\u00e0n h\u00ecnh<\/th>\n<td>65536<\/td>\n<\/tr>\n<tr>\n<th>K\u00edch th\u01b0\u1edbc m\u00e0n h\u00ecnh (inch)<\/th>\n<td>8,4<\/td>\n<\/tr>\n<tr>\n<th>\u0110\u1ed9 ph\u00e2n gi\u1ea3i (pixel)<\/th>\n<td>640X480<\/td>\n<\/tr>\n<tr>\n<th>Dung l\u01b0\u1ee3ng b\u1ed9 nh\u1edb trong (MB)<\/th>\n<td>128<\/td>\n<\/tr>\n<tr>\n<th>Khe c\u1eafm th\u1ebb nh\u1edb<\/th>\n<td>SD<\/td>\n<\/tr>\n<tr>\n<th>C\u1ed5ng USB<\/th>\n<td>3<\/td>\n<\/tr>\n<tr>\n<th>C\u1ed5ng Ethernet<\/th>\n<td>1<\/td>\n<\/tr>\n<tr>\n<th>Giao ti\u1ebfp RS-232<\/th>\n<td>1<\/td>\n<\/tr>\n<tr>\n<th>Giao ti\u1ebfp RS-422\/485<\/th>\n<td>1<\/td>\n<\/tr>\n<tr>\n<th>C\u00e1c t\u00f9y ch\u1ecdn m\u1ea1ng<\/th>\n<td>MODBUS<br \/>\nPROFIBUS<br \/>\nMELSECNET<br \/>\nETHERNET<br \/>\nCCLINK<\/td>\n<\/tr>\n<tr>\n<th>Slot for Optional Cards<\/th>\n<td>YES<\/td>\n<\/tr>\n<tr>\n<th>C\u1ea5p \u0111\u1ed9 b\u1ea3o v\u1ec7<\/th>\n<td>IP67F<\/td>\n<\/tr>\n<\/tbody>\n<\/table>\n<h2 id=\"contentvi-2\">B\u1ea3ng k\u00edch th\u01b0\u1edbc HMI GT2708-VTBD<\/h2>\n<table>\n<tbody>\n<tr>\n<th>Th\u00f4ng s\u1ed1<\/th>\n<th>Chi ti\u1ebft<\/th>\n<\/tr>\n<tr>\n<th>Chi\u1ec1u r\u1ed9ng (mm)<\/th>\n<td>241<\/td>\n<\/tr>\n<tr>\n<th>Chi\u1ec1u d\u00e0i (mm)<\/th>\n<td>194<\/td>\n<\/tr>\n<tr>\n<th>Chi\u1ec1u cao (mm)<\/th>\n<td>52<\/td>\n<\/tr>\n<tr>\n<th>C\u00e2n n\u1eb7ng (kg)<\/th>\n<td>1,5<\/td>\n<\/tr>\n<\/tbody>\n<\/table>\n","protected":false},"excerpt":{"rendered":"<p>MITSUBISHI GT2708-VTBD HMI Mitsubishi GT2708-VTBD-040 8.4 inch 24VDC \u2013 K\u00edch th\u01b0\u1edbc: 8.4\u201d(640\u00d7480) \u2013 B\u1ed9 nh\u1edb: ROM 57MB, RAM 128MB. \u2013 Lo\u1ea1i m\u00e0n h\u00ecnh: c\u1ea3m \u1ee9ng TFT LCD, h\u1ed7 tr\u1ee3 65536 m\u00e0u. \u2013 C\u1ed5ng giao ti\u1ebfp: RS232, RS485, RS422, USB, Ethernet. \u2013 H\u1ed7 tr\u1ee3 giao th\u1ee9c truy\u1ec1n th\u00f4ng CC-Link IE Control,&hellip; <\/p>\n","protected":false},"featured_media":4396,"comment_status":"open","ping_status":"closed","template":"","meta":{"om_disable_all_campaigns":false,"_monsterinsights_skip_tracking":false,"_monsterinsights_sitenote_active":false,"_monsterinsights_sitenote_note":"","_monsterinsights_sitenote_category":0},"product_cat":[749],"product_tag":[158,212,157],"class_list":{"0":"post-4395","1":"product","2":"type-product","3":"status-publish","4":"has-post-thumbnail","6":"product_cat-mitsubishi","7":"product_tag-dai-ly-mitsubishi-viet-nam","8":"product_tag-man-hinh","9":"product_tag-mitsubishi-viet-nam","11":"first","12":"instock","13":"shipping-taxable","14":"product-type-simple"},"aioseo_notices":[],"yoast_head":"<!-- This site is optimized with the Yoast SEO plugin v22.8 - https:\/\/yoast.com\/wordpress\/plugins\/seo\/ -->\n<title>MITSUBISHI GT2708-VTBD - OMANI VI\u1ec6T NAM<\/title>\n<meta name=\"description\" content=\"MITSUBISHI GT2708-VTBD Human Machine Interfaces\" \/>\n<meta name=\"robots\" content=\"index, follow, max-snippet:-1, max-image-preview:large, max-video-preview:-1\" \/>\n<link rel=\"canonical\" href=\"https:\/\/sipin.com.vn\/index.php\/product\/mitsubishi-gt2708-vtbd\/\" \/>\n<meta property=\"og:locale\" content=\"vi_VN\" \/>\n<meta property=\"og:type\" content=\"article\" \/>\n<meta property=\"og:title\" content=\"MITSUBISHI GT2708-VTBD - OMANI VI\u1ec6T NAM\" \/>\n<meta property=\"og:description\" content=\"MITSUBISHI GT2708-VTBD Human Machine Interfaces\" \/>\n<meta property=\"og:url\" content=\"https:\/\/sipin.com.vn\/index.php\/product\/mitsubishi-gt2708-vtbd\/\" \/>\n<meta property=\"og:site_name\" content=\"OMANI VI\u1ec6T NAM\" \/>\n<meta property=\"og:image\" content=\"https:\/\/sipin.com.vn\/wp-content\/uploads\/2025\/09\/GT2708-VTBD.png\" \/>\n\t<meta property=\"og:image:width\" content=\"796\" \/>\n\t<meta property=\"og:image:height\" content=\"743\" \/>\n\t<meta property=\"og:image:type\" content=\"image\/png\" \/>\n<meta name=\"twitter:card\" content=\"summary_large_image\" \/>\n<meta name=\"twitter:label1\" content=\"\u01af\u1edbc t\u00ednh th\u1eddi gian \u0111\u1ecdc\" \/>\n\t<meta name=\"twitter:data1\" content=\"3 ph\u00fat\" \/>\n<script type=\"application\/ld+json\" class=\"yoast-schema-graph\">{\"@context\":\"https:\/\/schema.org\",\"@graph\":[{\"@type\":\"WebPage\",\"@id\":\"https:\/\/sipin.com.vn\/index.php\/product\/mitsubishi-gt2708-vtbd\/\",\"url\":\"https:\/\/sipin.com.vn\/index.php\/product\/mitsubishi-gt2708-vtbd\/\",\"name\":\"MITSUBISHI GT2708-VTBD - OMANI VI\u1ec6T NAM\",\"isPartOf\":{\"@id\":\"https:\/\/sipin.com.vn\/#website\"},\"primaryImageOfPage\":{\"@id\":\"https:\/\/sipin.com.vn\/index.php\/product\/mitsubishi-gt2708-vtbd\/#primaryimage\"},\"image\":{\"@id\":\"https:\/\/sipin.com.vn\/index.php\/product\/mitsubishi-gt2708-vtbd\/#primaryimage\"},\"thumbnailUrl\":\"https:\/\/sipin.com.vn\/wp-content\/uploads\/2025\/09\/GT2708-VTBD.png\",\"datePublished\":\"2025-09-14T13:29:25+00:00\",\"dateModified\":\"2025-09-14T13:29:25+00:00\",\"description\":\"MITSUBISHI GT2708-VTBD Human Machine Interfaces\",\"breadcrumb\":{\"@id\":\"https:\/\/sipin.com.vn\/index.php\/product\/mitsubishi-gt2708-vtbd\/#breadcrumb\"},\"inLanguage\":\"vi\",\"potentialAction\":[{\"@type\":\"ReadAction\",\"target\":[\"https:\/\/sipin.com.vn\/index.php\/product\/mitsubishi-gt2708-vtbd\/\"]}]},{\"@type\":\"ImageObject\",\"inLanguage\":\"vi\",\"@id\":\"https:\/\/sipin.com.vn\/index.php\/product\/mitsubishi-gt2708-vtbd\/#primaryimage\",\"url\":\"https:\/\/sipin.com.vn\/wp-content\/uploads\/2025\/09\/GT2708-VTBD.png\",\"contentUrl\":\"https:\/\/sipin.com.vn\/wp-content\/uploads\/2025\/09\/GT2708-VTBD.png\",\"width\":796,\"height\":743},{\"@type\":\"BreadcrumbList\",\"@id\":\"https:\/\/sipin.com.vn\/index.php\/product\/mitsubishi-gt2708-vtbd\/#breadcrumb\",\"itemListElement\":[{\"@type\":\"ListItem\",\"position\":1,\"name\":\"Home\",\"item\":\"https:\/\/sipin.com.vn\/\"},{\"@type\":\"ListItem\",\"position\":2,\"name\":\"S\u1ea2N PH\u1ea8M\",\"item\":\"https:\/\/sipin.com.vn\/index.php\/cua-hang\/\"},{\"@type\":\"ListItem\",\"position\":3,\"name\":\"MITSUBISHI GT2708-VTBD\"}]},{\"@type\":\"WebSite\",\"@id\":\"https:\/\/sipin.com.vn\/#website\",\"url\":\"https:\/\/sipin.com.vn\/\",\"name\":\"OMANI VI\u1ec6T NAM\",\"description\":\"Nh\u00e0 ph\u00e2n ph\u1ed1i thi\u1ebft b\u1ecb kh\u00ed n\u00e9n v\u00e0 thi\u1ebft b\u1ecb t\u1ef1 \u0111\u1ed9ng h\u00f3a trong c\u00f4ng nghi\u1ec7p\",\"publisher\":{\"@id\":\"https:\/\/sipin.com.vn\/#\/schema\/person\/0ad398a980dc3fd696111c2c5c8fa897\"},\"potentialAction\":[{\"@type\":\"SearchAction\",\"target\":{\"@type\":\"EntryPoint\",\"urlTemplate\":\"https:\/\/sipin.com.vn\/?s={search_term_string}\"},\"query-input\":\"required name=search_term_string\"}],\"inLanguage\":\"vi\"},{\"@type\":[\"Person\",\"Organization\"],\"@id\":\"https:\/\/sipin.com.vn\/#\/schema\/person\/0ad398a980dc3fd696111c2c5c8fa897\",\"name\":\"Nguy\u1ec5n V\u0103n Kh\u00e1nh\",\"image\":{\"@type\":\"ImageObject\",\"inLanguage\":\"vi\",\"@id\":\"https:\/\/sipin.com.vn\/#\/schema\/person\/image\/\",\"url\":\"https:\/\/sipin.com.vn\/wp-content\/uploads\/2024\/06\/logo-1024x1024.png\",\"contentUrl\":\"https:\/\/sipin.com.vn\/wp-content\/uploads\/2024\/06\/logo-1024x1024.png\",\"width\":1024,\"height\":1024,\"caption\":\"Nguy\u1ec5n V\u0103n Kh\u00e1nh\"},\"logo\":{\"@id\":\"https:\/\/sipin.com.vn\/#\/schema\/person\/image\/\"},\"sameAs\":[\"https:\/\/sipin.com.vn\"]}]}<\/script>\n<!-- \/ Yoast SEO plugin. -->","yoast_head_json":{"title":"MITSUBISHI GT2708-VTBD - OMANI VI\u1ec6T NAM","description":"MITSUBISHI GT2708-VTBD Human Machine Interfaces","robots":{"index":"index","follow":"follow","max-snippet":"max-snippet:-1","max-image-preview":"max-image-preview:large","max-video-preview":"max-video-preview:-1"},"canonical":"https:\/\/sipin.com.vn\/index.php\/product\/mitsubishi-gt2708-vtbd\/","og_locale":"vi_VN","og_type":"article","og_title":"MITSUBISHI GT2708-VTBD - OMANI VI\u1ec6T NAM","og_description":"MITSUBISHI GT2708-VTBD Human Machine Interfaces","og_url":"https:\/\/sipin.com.vn\/index.php\/product\/mitsubishi-gt2708-vtbd\/","og_site_name":"OMANI VI\u1ec6T NAM","og_image":[{"width":796,"height":743,"url":"https:\/\/sipin.com.vn\/wp-content\/uploads\/2025\/09\/GT2708-VTBD.png","type":"image\/png"}],"twitter_card":"summary_large_image","twitter_misc":{"\u01af\u1edbc t\u00ednh th\u1eddi gian \u0111\u1ecdc":"3 ph\u00fat"},"schema":{"@context":"https:\/\/schema.org","@graph":[{"@type":"WebPage","@id":"https:\/\/sipin.com.vn\/index.php\/product\/mitsubishi-gt2708-vtbd\/","url":"https:\/\/sipin.com.vn\/index.php\/product\/mitsubishi-gt2708-vtbd\/","name":"MITSUBISHI GT2708-VTBD - OMANI VI\u1ec6T NAM","isPartOf":{"@id":"https:\/\/sipin.com.vn\/#website"},"primaryImageOfPage":{"@id":"https:\/\/sipin.com.vn\/index.php\/product\/mitsubishi-gt2708-vtbd\/#primaryimage"},"image":{"@id":"https:\/\/sipin.com.vn\/index.php\/product\/mitsubishi-gt2708-vtbd\/#primaryimage"},"thumbnailUrl":"https:\/\/sipin.com.vn\/wp-content\/uploads\/2025\/09\/GT2708-VTBD.png","datePublished":"2025-09-14T13:29:25+00:00","dateModified":"2025-09-14T13:29:25+00:00","description":"MITSUBISHI GT2708-VTBD Human Machine Interfaces","breadcrumb":{"@id":"https:\/\/sipin.com.vn\/index.php\/product\/mitsubishi-gt2708-vtbd\/#breadcrumb"},"inLanguage":"vi","potentialAction":[{"@type":"ReadAction","target":["https:\/\/sipin.com.vn\/index.php\/product\/mitsubishi-gt2708-vtbd\/"]}]},{"@type":"ImageObject","inLanguage":"vi","@id":"https:\/\/sipin.com.vn\/index.php\/product\/mitsubishi-gt2708-vtbd\/#primaryimage","url":"https:\/\/sipin.com.vn\/wp-content\/uploads\/2025\/09\/GT2708-VTBD.png","contentUrl":"https:\/\/sipin.com.vn\/wp-content\/uploads\/2025\/09\/GT2708-VTBD.png","width":796,"height":743},{"@type":"BreadcrumbList","@id":"https:\/\/sipin.com.vn\/index.php\/product\/mitsubishi-gt2708-vtbd\/#breadcrumb","itemListElement":[{"@type":"ListItem","position":1,"name":"Home","item":"https:\/\/sipin.com.vn\/"},{"@type":"ListItem","position":2,"name":"S\u1ea2N PH\u1ea8M","item":"https:\/\/sipin.com.vn\/index.php\/cua-hang\/"},{"@type":"ListItem","position":3,"name":"MITSUBISHI GT2708-VTBD"}]},{"@type":"WebSite","@id":"https:\/\/sipin.com.vn\/#website","url":"https:\/\/sipin.com.vn\/","name":"OMANI VI\u1ec6T NAM","description":"Nh\u00e0 ph\u00e2n ph\u1ed1i thi\u1ebft b\u1ecb kh\u00ed n\u00e9n v\u00e0 thi\u1ebft b\u1ecb t\u1ef1 \u0111\u1ed9ng h\u00f3a trong c\u00f4ng nghi\u1ec7p","publisher":{"@id":"https:\/\/sipin.com.vn\/#\/schema\/person\/0ad398a980dc3fd696111c2c5c8fa897"},"potentialAction":[{"@type":"SearchAction","target":{"@type":"EntryPoint","urlTemplate":"https:\/\/sipin.com.vn\/?s={search_term_string}"},"query-input":"required name=search_term_string"}],"inLanguage":"vi"},{"@type":["Person","Organization"],"@id":"https:\/\/sipin.com.vn\/#\/schema\/person\/0ad398a980dc3fd696111c2c5c8fa897","name":"Nguy\u1ec5n V\u0103n Kh\u00e1nh","image":{"@type":"ImageObject","inLanguage":"vi","@id":"https:\/\/sipin.com.vn\/#\/schema\/person\/image\/","url":"https:\/\/sipin.com.vn\/wp-content\/uploads\/2024\/06\/logo-1024x1024.png","contentUrl":"https:\/\/sipin.com.vn\/wp-content\/uploads\/2024\/06\/logo-1024x1024.png","width":1024,"height":1024,"caption":"Nguy\u1ec5n V\u0103n Kh\u00e1nh"},"logo":{"@id":"https:\/\/sipin.com.vn\/#\/schema\/person\/image\/"},"sameAs":["https:\/\/sipin.com.vn"]}]}},"_links":{"self":[{"href":"https:\/\/sipin.com.vn\/index.php\/wp-json\/wp\/v2\/product\/4395","targetHints":{"allow":["GET"]}}],"collection":[{"href":"https:\/\/sipin.com.vn\/index.php\/wp-json\/wp\/v2\/product"}],"about":[{"href":"https:\/\/sipin.com.vn\/index.php\/wp-json\/wp\/v2\/types\/product"}],"replies":[{"embeddable":true,"href":"https:\/\/sipin.com.vn\/index.php\/wp-json\/wp\/v2\/comments?post=4395"}],"wp:featuredmedia":[{"embeddable":true,"href":"https:\/\/sipin.com.vn\/index.php\/wp-json\/wp\/v2\/media\/4396"}],"wp:attachment":[{"href":"https:\/\/sipin.com.vn\/index.php\/wp-json\/wp\/v2\/media?parent=4395"}],"wp:term":[{"taxonomy":"product_cat","embeddable":true,"href":"https:\/\/sipin.com.vn\/index.php\/wp-json\/wp\/v2\/product_cat?post=4395"},{"taxonomy":"product_tag","embeddable":true,"href":"https:\/\/sipin.com.vn\/index.php\/wp-json\/wp\/v2\/product_tag?post=4395"}],"curies":[{"name":"wp","href":"https:\/\/api.w.org\/{rel}","templated":true}]}}