{"id":4320,"date":"2025-08-21T20:58:06","date_gmt":"2025-08-21T13:58:06","guid":{"rendered":"https:\/\/sipin.com.vn\/?post_type=product&#038;p=4320"},"modified":"2025-08-21T20:58:06","modified_gmt":"2025-08-21T13:58:06","slug":"smc-itv2030-322bl4","status":"publish","type":"product","link":"https:\/\/sipin.com.vn\/index.php\/product\/smc-itv2030-322bl4\/","title":{"rendered":"SMC ITV2030-322BL4"},"content":{"rendered":"<p>SMC ITV2030-322BL4<\/p>\n<h2>Van \u0111i\u1ec1u \u00e1p\u00a0 SMC ITV2030-313BL; SMC ITV2030-322BL4<\/h2>\n<h3><strong>1.Th\u00f4ng tin s\u1ea3n ph\u1ea9m SMC ITV1030-212BL; SMC ITV2030-322BL4<\/strong><\/h3>\n<p>Series ITV b\u1ed9 \u0111i\u1ec1u \u00e1p su\u1ea5t v\u00e0 ch\u00e2n kh\u00f4ng li\u00ean t\u1ee5c theo t\u1ef7 l\u1ec7 \u0111i\u1ec7n \u00e1p. Thi\u1ebft k\u1ec7 tr\u1ecdng l\u01b0\u1ee3ng nh\u1eb9 v\u00e0 m\u00e0n h\u00ecnh Led d\u1ec5 d\u00e0ng \u0111\u1ec3 \u0111\u1ecdc. Kh\u00ed output \u0111\u01b0\u1ee3c gi\u00e1m s\u00e1t d\u1ea1ng analog ho\u1eb7c on\/off. ITV series c\u00f3 m\u1ee9c \u0111\u1ed9 b\u1ea3o v\u1ec1 IP 65.<\/p>\n<ul>\n<li>\n<ul>\n<li>Ki\u1ec3m so\u00e1t \u00e1p su\u1ea5t kh\u00f4ng kh\u00ed theo t\u1ef7 l\u1ec7 t\u00edn hi\u1ec7u \u0111i\u1ec7n.<\/li>\n<li>C\u00f3 s\u1eb5n \u1edf c\u00e1c \u0111\u01a1n v\u1ecb MPa, kgf\/cm2, bar, PSI v\u00e0 kPa.<\/li>\n<li>Ph\u1ea1m vi \u00e1p su\u1ea5t t\u1eeb 0,005 \u0111\u1ebfn 0,9MPa.<\/li>\n<li>K\u00edch th\u01b0\u1edbc c\u1ed5ng c\u00f3 s\u1eb5n 1\/4 v\u00e0 3\/8.<\/li>\n<\/ul>\n<\/li>\n<\/ul>\n<h3><strong>2.C\u00e1c Model t\u01b0\u01a1ng t\u1ef1 SMC ITV1030-212BL; SMC ITV2030-322BL4<\/strong><\/h3>\n<p>ITV1030-212BL<\/p>\n<p>ITV2030-012CL<\/p>\n<p>ITV2030-012CS<\/p>\n<p>ITV2030-012N<\/p>\n<p>ITV2030-012N5-DIQ00242<\/p>\n<p>ITV2030-01F2BN3-Q<\/p>\n<p>ITV2030-312BL2<\/p>\n<p>ITV2030-312L<\/p>\n<p>ITV2030-312L3<\/p>\n<p>ITV2030-312L5<\/p>\n<p>ITV2030-313CL<\/p>\n<p>ITV2030-313BL<\/p>\n<p>ITV2030-322BL4<\/p>\n<p>&nbsp;<\/p>\n<p>ITV2030-012CL<\/p>\n<p>ITV2030-012CS<\/p>\n<p>ITV2030-012N<\/p>\n<p>ITV2030-012N5-DIQ00242<\/p>\n<p>ITV2030-01F2BN3-Q<\/p>\n<p>ITV2030-312BL2<\/p>\n<p>ITV2030-312L<\/p>\n<p>ITV2030-312L3<\/p>\n<p>ITV2030-312L5<\/p>\n<p>ITV2030-313CL<\/p>\n<p>ITV2030-322BL4<\/p>\n","protected":false},"excerpt":{"rendered":"<p>SMC ITV2030-322BL4 Van \u0111i\u1ec1u \u00e1p\u00a0 SMC ITV2030-313BL; SMC ITV2030-322BL4 1.Th\u00f4ng tin s\u1ea3n ph\u1ea9m SMC ITV1030-212BL; SMC ITV2030-322BL4 Series ITV b\u1ed9 \u0111i\u1ec1u \u00e1p su\u1ea5t v\u00e0 ch\u00e2n kh\u00f4ng li\u00ean t\u1ee5c theo t\u1ef7 l\u1ec7 \u0111i\u1ec7n \u00e1p. Thi\u1ebft k\u1ec7 tr\u1ecdng l\u01b0\u1ee3ng nh\u1eb9 v\u00e0 m\u00e0n h\u00ecnh Led d\u1ec5 d\u00e0ng \u0111\u1ec3 \u0111\u1ecdc. Kh\u00ed output \u0111\u01b0\u1ee3c gi\u00e1m&hellip; <\/p>\n","protected":false},"featured_media":4321,"comment_status":"open","ping_status":"closed","template":"","meta":{"om_disable_all_campaigns":false,"_monsterinsights_skip_tracking":false,"_monsterinsights_sitenote_active":false,"_monsterinsights_sitenote_note":"","_monsterinsights_sitenote_category":0},"product_cat":[733],"product_tag":[93,92,198],"class_list":{"0":"post-4320","1":"product","2":"type-product","3":"status-publish","4":"has-post-thumbnail","6":"product_cat-smc","7":"product_tag-dai-ly-smc-viet-nam","8":"product_tag-smc-viet-nam","9":"product_tag-van-dieu-ap","11":"first","12":"instock","13":"shipping-taxable","14":"product-type-simple"},"aioseo_notices":[],"yoast_head":"<!-- This site is optimized with the Yoast SEO plugin v22.8 - https:\/\/yoast.com\/wordpress\/plugins\/seo\/ -->\n<title>SMC ITV2030-322BL4 - OMANI VI\u1ec6T NAM<\/title>\n<meta name=\"description\" content=\"SMC ITV2030-322BL4 Electro-Pneumatic Regulator\" \/>\n<meta name=\"robots\" content=\"index, follow, max-snippet:-1, max-image-preview:large, max-video-preview:-1\" \/>\n<link rel=\"canonical\" href=\"https:\/\/sipin.com.vn\/index.php\/product\/smc-itv2030-322bl4\/\" \/>\n<meta property=\"og:locale\" content=\"vi_VN\" \/>\n<meta property=\"og:type\" content=\"article\" \/>\n<meta property=\"og:title\" content=\"SMC ITV2030-322BL4 - OMANI VI\u1ec6T NAM\" \/>\n<meta property=\"og:description\" content=\"SMC ITV2030-322BL4 Electro-Pneumatic Regulator\" \/>\n<meta property=\"og:url\" content=\"https:\/\/sipin.com.vn\/index.php\/product\/smc-itv2030-322bl4\/\" \/>\n<meta property=\"og:site_name\" content=\"OMANI VI\u1ec6T NAM\" \/>\n<meta property=\"og:image\" content=\"https:\/\/sipin.com.vn\/wp-content\/uploads\/2025\/08\/ITV2030-322BL4.png\" \/>\n\t<meta property=\"og:image:width\" content=\"646\" \/>\n\t<meta property=\"og:image:height\" content=\"879\" \/>\n\t<meta property=\"og:image:type\" content=\"image\/png\" \/>\n<meta name=\"twitter:card\" content=\"summary_large_image\" \/>\n<meta name=\"twitter:label1\" content=\"\u01af\u1edbc t\u00ednh th\u1eddi gian \u0111\u1ecdc\" \/>\n\t<meta name=\"twitter:data1\" content=\"1 ph\u00fat\" \/>\n<script type=\"application\/ld+json\" class=\"yoast-schema-graph\">{\"@context\":\"https:\/\/schema.org\",\"@graph\":[{\"@type\":\"WebPage\",\"@id\":\"https:\/\/sipin.com.vn\/index.php\/product\/smc-itv2030-322bl4\/\",\"url\":\"https:\/\/sipin.com.vn\/index.php\/product\/smc-itv2030-322bl4\/\",\"name\":\"SMC ITV2030-322BL4 - OMANI VI\u1ec6T NAM\",\"isPartOf\":{\"@id\":\"https:\/\/sipin.com.vn\/#website\"},\"primaryImageOfPage\":{\"@id\":\"https:\/\/sipin.com.vn\/index.php\/product\/smc-itv2030-322bl4\/#primaryimage\"},\"image\":{\"@id\":\"https:\/\/sipin.com.vn\/index.php\/product\/smc-itv2030-322bl4\/#primaryimage\"},\"thumbnailUrl\":\"https:\/\/sipin.com.vn\/wp-content\/uploads\/2025\/08\/ITV2030-322BL4.png\",\"datePublished\":\"2025-08-21T13:58:06+00:00\",\"dateModified\":\"2025-08-21T13:58:06+00:00\",\"description\":\"SMC ITV2030-322BL4 Electro-Pneumatic Regulator\",\"breadcrumb\":{\"@id\":\"https:\/\/sipin.com.vn\/index.php\/product\/smc-itv2030-322bl4\/#breadcrumb\"},\"inLanguage\":\"vi\",\"potentialAction\":[{\"@type\":\"ReadAction\",\"target\":[\"https:\/\/sipin.com.vn\/index.php\/product\/smc-itv2030-322bl4\/\"]}]},{\"@type\":\"ImageObject\",\"inLanguage\":\"vi\",\"@id\":\"https:\/\/sipin.com.vn\/index.php\/product\/smc-itv2030-322bl4\/#primaryimage\",\"url\":\"https:\/\/sipin.com.vn\/wp-content\/uploads\/2025\/08\/ITV2030-322BL4.png\",\"contentUrl\":\"https:\/\/sipin.com.vn\/wp-content\/uploads\/2025\/08\/ITV2030-322BL4.png\",\"width\":646,\"height\":879},{\"@type\":\"BreadcrumbList\",\"@id\":\"https:\/\/sipin.com.vn\/index.php\/product\/smc-itv2030-322bl4\/#breadcrumb\",\"itemListElement\":[{\"@type\":\"ListItem\",\"position\":1,\"name\":\"Home\",\"item\":\"https:\/\/sipin.com.vn\/\"},{\"@type\":\"ListItem\",\"position\":2,\"name\":\"S\u1ea2N PH\u1ea8M\",\"item\":\"https:\/\/sipin.com.vn\/index.php\/cua-hang\/\"},{\"@type\":\"ListItem\",\"position\":3,\"name\":\"SMC ITV2030-322BL4\"}]},{\"@type\":\"WebSite\",\"@id\":\"https:\/\/sipin.com.vn\/#website\",\"url\":\"https:\/\/sipin.com.vn\/\",\"name\":\"OMANI VI\u1ec6T NAM\",\"description\":\"Nh\u00e0 ph\u00e2n ph\u1ed1i thi\u1ebft b\u1ecb kh\u00ed n\u00e9n v\u00e0 thi\u1ebft b\u1ecb t\u1ef1 \u0111\u1ed9ng h\u00f3a trong c\u00f4ng nghi\u1ec7p\",\"publisher\":{\"@id\":\"https:\/\/sipin.com.vn\/#\/schema\/person\/0ad398a980dc3fd696111c2c5c8fa897\"},\"potentialAction\":[{\"@type\":\"SearchAction\",\"target\":{\"@type\":\"EntryPoint\",\"urlTemplate\":\"https:\/\/sipin.com.vn\/?s={search_term_string}\"},\"query-input\":\"required name=search_term_string\"}],\"inLanguage\":\"vi\"},{\"@type\":[\"Person\",\"Organization\"],\"@id\":\"https:\/\/sipin.com.vn\/#\/schema\/person\/0ad398a980dc3fd696111c2c5c8fa897\",\"name\":\"Nguy\u1ec5n V\u0103n Kh\u00e1nh\",\"image\":{\"@type\":\"ImageObject\",\"inLanguage\":\"vi\",\"@id\":\"https:\/\/sipin.com.vn\/#\/schema\/person\/image\/\",\"url\":\"https:\/\/sipin.com.vn\/wp-content\/uploads\/2024\/06\/logo-1024x1024.png\",\"contentUrl\":\"https:\/\/sipin.com.vn\/wp-content\/uploads\/2024\/06\/logo-1024x1024.png\",\"width\":1024,\"height\":1024,\"caption\":\"Nguy\u1ec5n V\u0103n Kh\u00e1nh\"},\"logo\":{\"@id\":\"https:\/\/sipin.com.vn\/#\/schema\/person\/image\/\"},\"sameAs\":[\"https:\/\/sipin.com.vn\"]}]}<\/script>\n<!-- \/ Yoast SEO plugin. -->","yoast_head_json":{"title":"SMC ITV2030-322BL4 - OMANI VI\u1ec6T NAM","description":"SMC ITV2030-322BL4 Electro-Pneumatic Regulator","robots":{"index":"index","follow":"follow","max-snippet":"max-snippet:-1","max-image-preview":"max-image-preview:large","max-video-preview":"max-video-preview:-1"},"canonical":"https:\/\/sipin.com.vn\/index.php\/product\/smc-itv2030-322bl4\/","og_locale":"vi_VN","og_type":"article","og_title":"SMC ITV2030-322BL4 - OMANI VI\u1ec6T NAM","og_description":"SMC ITV2030-322BL4 Electro-Pneumatic Regulator","og_url":"https:\/\/sipin.com.vn\/index.php\/product\/smc-itv2030-322bl4\/","og_site_name":"OMANI VI\u1ec6T NAM","og_image":[{"width":646,"height":879,"url":"https:\/\/sipin.com.vn\/wp-content\/uploads\/2025\/08\/ITV2030-322BL4.png","type":"image\/png"}],"twitter_card":"summary_large_image","twitter_misc":{"\u01af\u1edbc t\u00ednh th\u1eddi gian \u0111\u1ecdc":"1 ph\u00fat"},"schema":{"@context":"https:\/\/schema.org","@graph":[{"@type":"WebPage","@id":"https:\/\/sipin.com.vn\/index.php\/product\/smc-itv2030-322bl4\/","url":"https:\/\/sipin.com.vn\/index.php\/product\/smc-itv2030-322bl4\/","name":"SMC ITV2030-322BL4 - OMANI VI\u1ec6T NAM","isPartOf":{"@id":"https:\/\/sipin.com.vn\/#website"},"primaryImageOfPage":{"@id":"https:\/\/sipin.com.vn\/index.php\/product\/smc-itv2030-322bl4\/#primaryimage"},"image":{"@id":"https:\/\/sipin.com.vn\/index.php\/product\/smc-itv2030-322bl4\/#primaryimage"},"thumbnailUrl":"https:\/\/sipin.com.vn\/wp-content\/uploads\/2025\/08\/ITV2030-322BL4.png","datePublished":"2025-08-21T13:58:06+00:00","dateModified":"2025-08-21T13:58:06+00:00","description":"SMC ITV2030-322BL4 Electro-Pneumatic Regulator","breadcrumb":{"@id":"https:\/\/sipin.com.vn\/index.php\/product\/smc-itv2030-322bl4\/#breadcrumb"},"inLanguage":"vi","potentialAction":[{"@type":"ReadAction","target":["https:\/\/sipin.com.vn\/index.php\/product\/smc-itv2030-322bl4\/"]}]},{"@type":"ImageObject","inLanguage":"vi","@id":"https:\/\/sipin.com.vn\/index.php\/product\/smc-itv2030-322bl4\/#primaryimage","url":"https:\/\/sipin.com.vn\/wp-content\/uploads\/2025\/08\/ITV2030-322BL4.png","contentUrl":"https:\/\/sipin.com.vn\/wp-content\/uploads\/2025\/08\/ITV2030-322BL4.png","width":646,"height":879},{"@type":"BreadcrumbList","@id":"https:\/\/sipin.com.vn\/index.php\/product\/smc-itv2030-322bl4\/#breadcrumb","itemListElement":[{"@type":"ListItem","position":1,"name":"Home","item":"https:\/\/sipin.com.vn\/"},{"@type":"ListItem","position":2,"name":"S\u1ea2N PH\u1ea8M","item":"https:\/\/sipin.com.vn\/index.php\/cua-hang\/"},{"@type":"ListItem","position":3,"name":"SMC ITV2030-322BL4"}]},{"@type":"WebSite","@id":"https:\/\/sipin.com.vn\/#website","url":"https:\/\/sipin.com.vn\/","name":"OMANI VI\u1ec6T NAM","description":"Nh\u00e0 ph\u00e2n ph\u1ed1i thi\u1ebft b\u1ecb kh\u00ed n\u00e9n v\u00e0 thi\u1ebft b\u1ecb t\u1ef1 \u0111\u1ed9ng h\u00f3a trong c\u00f4ng nghi\u1ec7p","publisher":{"@id":"https:\/\/sipin.com.vn\/#\/schema\/person\/0ad398a980dc3fd696111c2c5c8fa897"},"potentialAction":[{"@type":"SearchAction","target":{"@type":"EntryPoint","urlTemplate":"https:\/\/sipin.com.vn\/?s={search_term_string}"},"query-input":"required name=search_term_string"}],"inLanguage":"vi"},{"@type":["Person","Organization"],"@id":"https:\/\/sipin.com.vn\/#\/schema\/person\/0ad398a980dc3fd696111c2c5c8fa897","name":"Nguy\u1ec5n V\u0103n Kh\u00e1nh","image":{"@type":"ImageObject","inLanguage":"vi","@id":"https:\/\/sipin.com.vn\/#\/schema\/person\/image\/","url":"https:\/\/sipin.com.vn\/wp-content\/uploads\/2024\/06\/logo-1024x1024.png","contentUrl":"https:\/\/sipin.com.vn\/wp-content\/uploads\/2024\/06\/logo-1024x1024.png","width":1024,"height":1024,"caption":"Nguy\u1ec5n V\u0103n Kh\u00e1nh"},"logo":{"@id":"https:\/\/sipin.com.vn\/#\/schema\/person\/image\/"},"sameAs":["https:\/\/sipin.com.vn"]}]}},"_links":{"self":[{"href":"https:\/\/sipin.com.vn\/index.php\/wp-json\/wp\/v2\/product\/4320","targetHints":{"allow":["GET"]}}],"collection":[{"href":"https:\/\/sipin.com.vn\/index.php\/wp-json\/wp\/v2\/product"}],"about":[{"href":"https:\/\/sipin.com.vn\/index.php\/wp-json\/wp\/v2\/types\/product"}],"replies":[{"embeddable":true,"href":"https:\/\/sipin.com.vn\/index.php\/wp-json\/wp\/v2\/comments?post=4320"}],"wp:featuredmedia":[{"embeddable":true,"href":"https:\/\/sipin.com.vn\/index.php\/wp-json\/wp\/v2\/media\/4321"}],"wp:attachment":[{"href":"https:\/\/sipin.com.vn\/index.php\/wp-json\/wp\/v2\/media?parent=4320"}],"wp:term":[{"taxonomy":"product_cat","embeddable":true,"href":"https:\/\/sipin.com.vn\/index.php\/wp-json\/wp\/v2\/product_cat?post=4320"},{"taxonomy":"product_tag","embeddable":true,"href":"https:\/\/sipin.com.vn\/index.php\/wp-json\/wp\/v2\/product_tag?post=4320"}],"curies":[{"name":"wp","href":"https:\/\/api.w.org\/{rel}","templated":true}]}}