{"id":4305,"date":"2025-08-18T21:56:44","date_gmt":"2025-08-18T14:56:44","guid":{"rendered":"https:\/\/sipin.com.vn\/?post_type=product&#038;p=4305"},"modified":"2025-08-18T21:56:44","modified_gmt":"2025-08-18T14:56:44","slug":"nordson-306957","status":"publish","type":"product","link":"https:\/\/sipin.com.vn\/index.php\/product\/nordson-306957\/","title":{"rendered":"NORDSON 306957"},"content":{"rendered":"<p>NORDSON 306957<\/p>\n<p>NORDSON 1052936<\/p>\n<p>NORDSON 1053894<\/p>\n<p>NORDSON 1052925<\/p>\n<div class=\"card__header\">\n<div class=\"page-header page-header--card \">\n<div class=\"page-header__title-wrapper\">\n<h2 class=\"page-header__title\">Nordson<sup>\u00ae<\/sup>\u00a0306957 Applicator<\/h2>\n<\/div>\n<\/div>\n<\/div>\n<div class=\"card__section card__section--no-border\">\n<div class=\"grid\">\n<div class=\"grid__cell rte 1\/1\">\n<p>Nordson 306957 is an AD-41 hand-held applicator designed for bottom-feed configurations. It operates at 240V with a 100W heater, providing reliable adhesive dispensing in industrial applications. The applicator supports precise adhesive flow control, catering to various patterns based on accessory compatibility.<\/p>\n<p>Nordson 306957 is compatible with AD-41-style hoses and includes options for extrusion, swirl, or wide-pattern spray adapters. It is suited for applications requiring consistent and controlled adhesive dispensing.<\/p>\n<h3 class=\"heading h2\">Nordson 306957 Details<\/h3>\n<div class=\"alternatives-page__comparison\">\n<div class=\"product-comparison product-comparison--reference product-comparison--type-bulk-hot-melt-gun product-comparison--no-image\">\n<div class=\"table-wrapper\">\n<table class=\"product-comparison__table table\">\n<thead>\n<tr>\n<td><\/td>\n<th>\n<div class=\"product-comparison__header-item\"><strong class=\"product-comparison__header-title\">Nordson\u00ae 306957 Applicator<\/strong><\/div>\n<\/th>\n<th>KEYSTONE KHGN701 | HANDGUN, 240V BM AD41 STYLE<\/th>\n<\/tr>\n<\/thead>\n<tbody>\n<tr class=\"product-comparison__row product-comparison__row--odd product-comparison__row--price\">\n<th><\/th>\n<td><\/td>\n<td><\/td>\n<\/tr>\n<tr class=\"product-comparison__row product-comparison__row--even product-comparison__row--type\">\n<th>Type<\/th>\n<td>Hot Melt Applicator<\/td>\n<td>Hot Melt Applicator<\/td>\n<\/tr>\n<tr class=\"product-comparison__row product-comparison__row--odd product-comparison__row--brand\">\n<th>Brand<\/th>\n<td>Nordson<\/td>\n<td>KEYSTONE<\/td>\n<\/tr>\n<tr class=\"product-comparison__row product-comparison__row--even product-comparison__row--1\">\n<th>Applicator Type<\/th>\n<td>Hand Held<\/td>\n<td>Hand Held<\/td>\n<\/tr>\n<tr class=\"product-comparison__row product-comparison__row--odd product-comparison__row--2\">\n<th>Power<\/th>\n<td>240V, 100W<\/td>\n<td>240V<\/td>\n<\/tr>\n<tr class=\"product-comparison__row product-comparison__row--even product-comparison__row--3\">\n<th>Manufactured<\/th>\n<td>&#8211;<\/td>\n<td>Made in USA<\/td>\n<\/tr>\n<\/tbody>\n<\/table>\n<\/div>\n<\/div>\n<\/div>\n<\/div>\n<\/div>\n<\/div>\n","protected":false},"excerpt":{"rendered":"<p>NORDSON 306957 NORDSON 1052936 NORDSON 1053894 NORDSON 1052925 Nordson\u00ae\u00a0306957 Applicator Nordson 306957 is an AD-41 hand-held applicator designed for bottom-feed configurations. It operates at 240V with a 100W heater, providing reliable adhesive dispensing in industrial applications. The applicator supports precise adhesive flow control, catering to various patterns based on accessory&hellip; <\/p>\n","protected":false},"featured_media":4306,"comment_status":"open","ping_status":"closed","template":"","meta":{"om_disable_all_campaigns":false,"_monsterinsights_skip_tracking":false,"_monsterinsights_sitenote_active":false,"_monsterinsights_sitenote_note":"","_monsterinsights_sitenote_category":0},"product_cat":[726],"product_tag":[280,279,538],"class_list":{"0":"post-4305","1":"product","2":"type-product","3":"status-publish","4":"has-post-thumbnail","6":"product_cat-nordson","7":"product_tag-dai-ly-nordson-viet-nam","8":"product_tag-nordson-viet-nam","9":"product_tag-thiet-bi-phun-khi","11":"first","12":"instock","13":"shipping-taxable","14":"product-type-simple"},"aioseo_notices":[],"yoast_head":"<!-- This site is optimized with the Yoast SEO plugin v22.8 - https:\/\/yoast.com\/wordpress\/plugins\/seo\/ -->\n<title>NORDSON 306957 - OMANI VI\u1ec6T NAM<\/title>\n<meta name=\"description\" content=\"NORDSON 306957 Hand gun\" \/>\n<meta name=\"robots\" content=\"index, follow, max-snippet:-1, max-image-preview:large, max-video-preview:-1\" \/>\n<link rel=\"canonical\" href=\"https:\/\/sipin.com.vn\/index.php\/product\/nordson-306957\/\" \/>\n<meta property=\"og:locale\" content=\"vi_VN\" \/>\n<meta property=\"og:type\" content=\"article\" \/>\n<meta property=\"og:title\" content=\"NORDSON 306957 - OMANI VI\u1ec6T NAM\" \/>\n<meta property=\"og:description\" content=\"NORDSON 306957 Hand gun\" \/>\n<meta property=\"og:url\" content=\"https:\/\/sipin.com.vn\/index.php\/product\/nordson-306957\/\" \/>\n<meta property=\"og:site_name\" content=\"OMANI VI\u1ec6T NAM\" \/>\n<meta property=\"og:image\" content=\"https:\/\/sipin.com.vn\/wp-content\/uploads\/2025\/08\/306957.png\" \/>\n\t<meta property=\"og:image:width\" content=\"1219\" \/>\n\t<meta property=\"og:image:height\" content=\"832\" \/>\n\t<meta property=\"og:image:type\" content=\"image\/png\" \/>\n<meta name=\"twitter:card\" content=\"summary_large_image\" \/>\n<meta name=\"twitter:label1\" content=\"\u01af\u1edbc t\u00ednh th\u1eddi gian \u0111\u1ecdc\" \/>\n\t<meta name=\"twitter:data1\" content=\"1 ph\u00fat\" \/>\n<script type=\"application\/ld+json\" class=\"yoast-schema-graph\">{\"@context\":\"https:\/\/schema.org\",\"@graph\":[{\"@type\":\"WebPage\",\"@id\":\"https:\/\/sipin.com.vn\/index.php\/product\/nordson-306957\/\",\"url\":\"https:\/\/sipin.com.vn\/index.php\/product\/nordson-306957\/\",\"name\":\"NORDSON 306957 - OMANI VI\u1ec6T NAM\",\"isPartOf\":{\"@id\":\"https:\/\/sipin.com.vn\/#website\"},\"primaryImageOfPage\":{\"@id\":\"https:\/\/sipin.com.vn\/index.php\/product\/nordson-306957\/#primaryimage\"},\"image\":{\"@id\":\"https:\/\/sipin.com.vn\/index.php\/product\/nordson-306957\/#primaryimage\"},\"thumbnailUrl\":\"https:\/\/sipin.com.vn\/wp-content\/uploads\/2025\/08\/306957.png\",\"datePublished\":\"2025-08-18T14:56:44+00:00\",\"dateModified\":\"2025-08-18T14:56:44+00:00\",\"description\":\"NORDSON 306957 Hand gun\",\"breadcrumb\":{\"@id\":\"https:\/\/sipin.com.vn\/index.php\/product\/nordson-306957\/#breadcrumb\"},\"inLanguage\":\"vi\",\"potentialAction\":[{\"@type\":\"ReadAction\",\"target\":[\"https:\/\/sipin.com.vn\/index.php\/product\/nordson-306957\/\"]}]},{\"@type\":\"ImageObject\",\"inLanguage\":\"vi\",\"@id\":\"https:\/\/sipin.com.vn\/index.php\/product\/nordson-306957\/#primaryimage\",\"url\":\"https:\/\/sipin.com.vn\/wp-content\/uploads\/2025\/08\/306957.png\",\"contentUrl\":\"https:\/\/sipin.com.vn\/wp-content\/uploads\/2025\/08\/306957.png\",\"width\":1219,\"height\":832},{\"@type\":\"BreadcrumbList\",\"@id\":\"https:\/\/sipin.com.vn\/index.php\/product\/nordson-306957\/#breadcrumb\",\"itemListElement\":[{\"@type\":\"ListItem\",\"position\":1,\"name\":\"Home\",\"item\":\"https:\/\/sipin.com.vn\/\"},{\"@type\":\"ListItem\",\"position\":2,\"name\":\"S\u1ea2N PH\u1ea8M\",\"item\":\"https:\/\/sipin.com.vn\/index.php\/cua-hang\/\"},{\"@type\":\"ListItem\",\"position\":3,\"name\":\"NORDSON 306957\"}]},{\"@type\":\"WebSite\",\"@id\":\"https:\/\/sipin.com.vn\/#website\",\"url\":\"https:\/\/sipin.com.vn\/\",\"name\":\"OMANI VI\u1ec6T NAM\",\"description\":\"Nh\u00e0 ph\u00e2n ph\u1ed1i thi\u1ebft b\u1ecb kh\u00ed n\u00e9n v\u00e0 thi\u1ebft b\u1ecb t\u1ef1 \u0111\u1ed9ng h\u00f3a trong c\u00f4ng nghi\u1ec7p\",\"publisher\":{\"@id\":\"https:\/\/sipin.com.vn\/#\/schema\/person\/0ad398a980dc3fd696111c2c5c8fa897\"},\"potentialAction\":[{\"@type\":\"SearchAction\",\"target\":{\"@type\":\"EntryPoint\",\"urlTemplate\":\"https:\/\/sipin.com.vn\/?s={search_term_string}\"},\"query-input\":\"required name=search_term_string\"}],\"inLanguage\":\"vi\"},{\"@type\":[\"Person\",\"Organization\"],\"@id\":\"https:\/\/sipin.com.vn\/#\/schema\/person\/0ad398a980dc3fd696111c2c5c8fa897\",\"name\":\"Nguy\u1ec5n V\u0103n Kh\u00e1nh\",\"image\":{\"@type\":\"ImageObject\",\"inLanguage\":\"vi\",\"@id\":\"https:\/\/sipin.com.vn\/#\/schema\/person\/image\/\",\"url\":\"https:\/\/sipin.com.vn\/wp-content\/uploads\/2024\/06\/logo-1024x1024.png\",\"contentUrl\":\"https:\/\/sipin.com.vn\/wp-content\/uploads\/2024\/06\/logo-1024x1024.png\",\"width\":1024,\"height\":1024,\"caption\":\"Nguy\u1ec5n V\u0103n Kh\u00e1nh\"},\"logo\":{\"@id\":\"https:\/\/sipin.com.vn\/#\/schema\/person\/image\/\"},\"sameAs\":[\"https:\/\/sipin.com.vn\"]}]}<\/script>\n<!-- \/ Yoast SEO plugin. -->","yoast_head_json":{"title":"NORDSON 306957 - OMANI VI\u1ec6T NAM","description":"NORDSON 306957 Hand gun","robots":{"index":"index","follow":"follow","max-snippet":"max-snippet:-1","max-image-preview":"max-image-preview:large","max-video-preview":"max-video-preview:-1"},"canonical":"https:\/\/sipin.com.vn\/index.php\/product\/nordson-306957\/","og_locale":"vi_VN","og_type":"article","og_title":"NORDSON 306957 - OMANI VI\u1ec6T NAM","og_description":"NORDSON 306957 Hand gun","og_url":"https:\/\/sipin.com.vn\/index.php\/product\/nordson-306957\/","og_site_name":"OMANI VI\u1ec6T NAM","og_image":[{"width":1219,"height":832,"url":"https:\/\/sipin.com.vn\/wp-content\/uploads\/2025\/08\/306957.png","type":"image\/png"}],"twitter_card":"summary_large_image","twitter_misc":{"\u01af\u1edbc t\u00ednh th\u1eddi gian \u0111\u1ecdc":"1 ph\u00fat"},"schema":{"@context":"https:\/\/schema.org","@graph":[{"@type":"WebPage","@id":"https:\/\/sipin.com.vn\/index.php\/product\/nordson-306957\/","url":"https:\/\/sipin.com.vn\/index.php\/product\/nordson-306957\/","name":"NORDSON 306957 - OMANI VI\u1ec6T NAM","isPartOf":{"@id":"https:\/\/sipin.com.vn\/#website"},"primaryImageOfPage":{"@id":"https:\/\/sipin.com.vn\/index.php\/product\/nordson-306957\/#primaryimage"},"image":{"@id":"https:\/\/sipin.com.vn\/index.php\/product\/nordson-306957\/#primaryimage"},"thumbnailUrl":"https:\/\/sipin.com.vn\/wp-content\/uploads\/2025\/08\/306957.png","datePublished":"2025-08-18T14:56:44+00:00","dateModified":"2025-08-18T14:56:44+00:00","description":"NORDSON 306957 Hand gun","breadcrumb":{"@id":"https:\/\/sipin.com.vn\/index.php\/product\/nordson-306957\/#breadcrumb"},"inLanguage":"vi","potentialAction":[{"@type":"ReadAction","target":["https:\/\/sipin.com.vn\/index.php\/product\/nordson-306957\/"]}]},{"@type":"ImageObject","inLanguage":"vi","@id":"https:\/\/sipin.com.vn\/index.php\/product\/nordson-306957\/#primaryimage","url":"https:\/\/sipin.com.vn\/wp-content\/uploads\/2025\/08\/306957.png","contentUrl":"https:\/\/sipin.com.vn\/wp-content\/uploads\/2025\/08\/306957.png","width":1219,"height":832},{"@type":"BreadcrumbList","@id":"https:\/\/sipin.com.vn\/index.php\/product\/nordson-306957\/#breadcrumb","itemListElement":[{"@type":"ListItem","position":1,"name":"Home","item":"https:\/\/sipin.com.vn\/"},{"@type":"ListItem","position":2,"name":"S\u1ea2N PH\u1ea8M","item":"https:\/\/sipin.com.vn\/index.php\/cua-hang\/"},{"@type":"ListItem","position":3,"name":"NORDSON 306957"}]},{"@type":"WebSite","@id":"https:\/\/sipin.com.vn\/#website","url":"https:\/\/sipin.com.vn\/","name":"OMANI VI\u1ec6T NAM","description":"Nh\u00e0 ph\u00e2n ph\u1ed1i thi\u1ebft b\u1ecb kh\u00ed n\u00e9n v\u00e0 thi\u1ebft b\u1ecb t\u1ef1 \u0111\u1ed9ng h\u00f3a trong c\u00f4ng nghi\u1ec7p","publisher":{"@id":"https:\/\/sipin.com.vn\/#\/schema\/person\/0ad398a980dc3fd696111c2c5c8fa897"},"potentialAction":[{"@type":"SearchAction","target":{"@type":"EntryPoint","urlTemplate":"https:\/\/sipin.com.vn\/?s={search_term_string}"},"query-input":"required name=search_term_string"}],"inLanguage":"vi"},{"@type":["Person","Organization"],"@id":"https:\/\/sipin.com.vn\/#\/schema\/person\/0ad398a980dc3fd696111c2c5c8fa897","name":"Nguy\u1ec5n V\u0103n Kh\u00e1nh","image":{"@type":"ImageObject","inLanguage":"vi","@id":"https:\/\/sipin.com.vn\/#\/schema\/person\/image\/","url":"https:\/\/sipin.com.vn\/wp-content\/uploads\/2024\/06\/logo-1024x1024.png","contentUrl":"https:\/\/sipin.com.vn\/wp-content\/uploads\/2024\/06\/logo-1024x1024.png","width":1024,"height":1024,"caption":"Nguy\u1ec5n V\u0103n Kh\u00e1nh"},"logo":{"@id":"https:\/\/sipin.com.vn\/#\/schema\/person\/image\/"},"sameAs":["https:\/\/sipin.com.vn"]}]}},"_links":{"self":[{"href":"https:\/\/sipin.com.vn\/index.php\/wp-json\/wp\/v2\/product\/4305","targetHints":{"allow":["GET"]}}],"collection":[{"href":"https:\/\/sipin.com.vn\/index.php\/wp-json\/wp\/v2\/product"}],"about":[{"href":"https:\/\/sipin.com.vn\/index.php\/wp-json\/wp\/v2\/types\/product"}],"replies":[{"embeddable":true,"href":"https:\/\/sipin.com.vn\/index.php\/wp-json\/wp\/v2\/comments?post=4305"}],"wp:featuredmedia":[{"embeddable":true,"href":"https:\/\/sipin.com.vn\/index.php\/wp-json\/wp\/v2\/media\/4306"}],"wp:attachment":[{"href":"https:\/\/sipin.com.vn\/index.php\/wp-json\/wp\/v2\/media?parent=4305"}],"wp:term":[{"taxonomy":"product_cat","embeddable":true,"href":"https:\/\/sipin.com.vn\/index.php\/wp-json\/wp\/v2\/product_cat?post=4305"},{"taxonomy":"product_tag","embeddable":true,"href":"https:\/\/sipin.com.vn\/index.php\/wp-json\/wp\/v2\/product_tag?post=4305"}],"curies":[{"name":"wp","href":"https:\/\/api.w.org\/{rel}","templated":true}]}}