{"id":4288,"date":"2025-08-14T21:28:33","date_gmt":"2025-08-14T14:28:33","guid":{"rendered":"https:\/\/sipin.com.vn\/?post_type=product&#038;p=4288"},"modified":"2025-08-14T21:28:33","modified_gmt":"2025-08-14T14:28:33","slug":"ckd-vna-50-l-ac100v","status":"publish","type":"product","link":"https:\/\/sipin.com.vn\/index.php\/product\/ckd-vna-50-l-ac100v\/","title":{"rendered":"CKD VNA-50-L AC100V"},"content":{"rendered":"<p>CKD VNA-50-L AC100V<\/p>\n<h1>Van ng\u1eaft gas (m\u1edf nhanh) CKD VNA Series<\/h1>\n<p>\u3010M\u1edaI\u3011Th\u00eam t\u00f9y ch\u1ecdn t\u01b0\u01a1ng th\u00edch v\u1edbi kh\u00ed hydro v\u00e0o ch\u1ea5t l\u00e0m vi\u1ec7c \u0111\u1ec3 \u0111\u1ea3m b\u1ea3o s\u1eed d\u1ee5ng v\u1edbi kh\u00ed hydro.<\/p>\n<p>\u0110\u1ec3 nh\u1eadn di\u1ec7n \u0111\u01b0\u1eddng d\u1eabn kh\u00ed hydro, m\u00e0u chuy\u00ean d\u1ee5ng (\u0111\u1ecf) \u0111\u01b0\u1ee3c s\u1eed d\u1ee5ng tr\u00ean n\u1eafp ch\u1ee5p v\u00e0 g\u1eafn bi\u1ec3n t\u00ean &#8220;Hydrogen.&#8221;<br \/>\nVan ng\u1eaft gas m\u1edf nhanh, h\u1ed7 tr\u1ee3 \u00e1p su\u1ea5t trung b\u00ecnh.<br \/>\nC\u00f3 s\u1eb5n cho c\u00e1c k\u00edch th\u01b0\u1edbc l\u1ed7 t\u1eeb Rp1\/2 \u0111\u1ebfn 2 1\/2.<\/p>\n<p>Ng\u00e0nh c\u00f4ng nghi\u1ec7p \u1ee9ng d\u1ee5ng<\/p>\n<ul>\n<li>L\u00f2 c\u00f4ng nghi\u1ec7p<\/li>\n<li>L\u00f2 h\u01a1i<\/li>\n<li>M\u00e1y l\u00e0m m\u00e1t\/s\u01b0\u1edfi n\u01b0\u1edbc<\/li>\n<li>Thi\u1ebft b\u1ecb metan h\u00f3a<\/li>\n<li>Thi\u1ebft b\u1ecb chi\u1ebft xu\u1ea5t hydro<\/li>\n<\/ul>\n<p>M\u1ed9t s\u1ed1 Model t\u00f9y ch\u1ecdn:<\/p>\n<ul>\n<li>VNA-32-AC100V<\/li>\n<li>VNA-20-L-AC100V<\/li>\n<\/ul>\n<p>[Bi\u1ebfn th\u1ec3]<br \/>\nC\u00f3 s\u1eb5n cho c\u00e1c k\u00edch th\u01b0\u1edbc c\u1ed5ng t\u1eeb Rp1\/2 \u0111\u1ebfn Rp2 1\/2.<\/p>\n<p>[An to\u00e0n]<br \/>\nS\u1ea3n ph\u1ea9m \u0111\u01b0\u1ee3c ch\u1ee9ng nh\u1eadn lo\u1ea1i b\u1edfi Hi\u1ec7p h\u1ed9i Ki\u1ec3m \u0111\u1ecbnh Thi\u1ebft b\u1ecb Gas Nh\u1eadt B\u1ea3n (JIA).<br \/>\nS\u1ea3n ph\u1ea9m \u00e1p d\u1ee5ng: VNA-32-AC100V \/ 200V, VNA-40-AC100V \/ 200V, VNA-50-AC100V \/ 200V<\/p>\n<p>[T\u00f9y ch\u1ecdn t\u01b0\u01a1ng th\u00edch v\u1edbi kh\u00ed hydro]<br \/>\n\u0110\u1ea3m b\u1ea3o s\u1eed d\u1ee5ng an to\u00e0n v\u1edbi kh\u00ed hydro.<br \/>\nG\u00f3p ph\u1ea7n gi\u1ea3m ph\u00e1t th\u1ea3i CO2 b\u1eb1ng c\u00e1ch s\u1eed d\u1ee5ng hydro l\u00e0m kh\u00ed nhi\u00ean li\u1ec7u trong h\u1ec7 th\u1ed1ng.<\/p>\n<p>Van ng\u1eaft gas (m\u1edf nhanh) CKD VNA Series l\u00e0 lo\u1ea1i van \u0111i\u1ec7n t\u1eeb chuy\u00ean d\u1ee5ng, \u0111\u01b0\u1ee3c thi\u1ebft k\u1ebf \u0111\u1ec3 ng\u1eaft d\u00f2ng kh\u00ed m\u1ed9t c\u00e1ch nhanh ch\u00f3ng v\u00e0 ch\u00ednh x\u00e1c trong c\u00e1c \u1ee9ng d\u1ee5ng c\u00f4ng nghi\u1ec7p. D\u01b0\u1edbi \u0111\u00e2y l\u00e0 c\u00e1c th\u00f4ng s\u1ed1 k\u1ef9 thu\u1eadt c\u01a1 b\u1ea3n c\u1ee7a d\u00f2ng van CKD VNA Series:<\/p>\n<h3 id=\"\">Th\u00f4ng s\u1ed1 k\u1ef9 thu\u1eadt ch\u00ednh<\/h3>\n<ul>\n<li>Model: CKD VNA Series (bao g\u1ed3m c\u00e1c model: VNA-32, VNA-40, VNA-50, &#8230;).<\/li>\n<li>\u0110i\u1ec7n \u00e1p ho\u1ea1t \u0111\u1ed9ng: 100V AC ho\u1eb7c 200V AC (t\u00f9y ch\u1ecdn theo model).<\/li>\n<li>K\u00edch th\u01b0\u1edbc c\u1ed5ng: \u0110a d\u1ea1ng t\u1eeb Rp1\/2 \u0111\u1ebfn Rp2 1\/2, ph\u00f9 h\u1ee3p cho nhi\u1ec1u lo\u1ea1i \u0111\u01b0\u1eddng \u1ed1ng kh\u00e1c nhau.<\/li>\n<li>\u00c1p su\u1ea5t l\u00e0m vi\u1ec7c t\u1ed1i \u0111a: T\u1eeb 0.1 \u0111\u1ebfn 1.0 MPa (c\u1ea7n ki\u1ec3m tra th\u00f4ng tin chi ti\u1ebft t\u1eeb t\u00e0i li\u1ec7u s\u1ea3n ph\u1ea9m ho\u1eb7c nh\u00e0 cung c\u1ea5p).<\/li>\n<li>Nhi\u1ec7t \u0111\u1ed9 ho\u1ea1t \u0111\u1ed9ng: Kho\u1ea3ng 5\u00b0C \u0111\u1ebfn 60\u00b0C.<\/li>\n<li>Ch\u1ea5t li\u1ec7u th\u00e2n van: H\u1ee3p kim nh\u00f4m ho\u1eb7c th\u00e9p kh\u00f4ng g\u1ec9, th\u00edch h\u1ee3p v\u1edbi m\u00f4i tr\u01b0\u1eddng c\u00f4ng nghi\u1ec7p kh\u1eafc nghi\u1ec7t.<\/li>\n<li>\u1ee8ng d\u1ee5ng ch\u1ea5t l\u00e0m vi\u1ec7c: Kh\u00ed \u0111\u1ed1t (gas), kh\u00ed hydro (v\u1edbi t\u00f9y ch\u1ecdn t\u01b0\u01a1ng th\u00edch kh\u00ed hydro).<\/li>\n<\/ul>\n<h3 id=\"\">T\u00ednh n\u0103ng \u0111\u1eb7c bi\u1ec7t<\/h3>\n<ul>\n<li>T\u01b0\u01a1ng th\u00edch kh\u00ed hydro: \u0110\u1ea3m b\u1ea3o an to\u00e0n khi s\u1eed d\u1ee5ng v\u1edbi kh\u00ed hydro, gi\u00fap gi\u1ea3m ph\u00e1t th\u1ea3i CO\u2082 trong h\u1ec7 th\u1ed1ng b\u1eb1ng c\u00e1ch d\u00f9ng hydro l\u00e0m kh\u00ed nhi\u00ean li\u1ec7u.<\/li>\n<li>Ti\u00eau chu\u1ea9n an to\u00e0n: S\u1ea3n ph\u1ea9m \u0111\u01b0\u1ee3c ch\u1ee9ng nh\u1eadn b\u1edfi Hi\u1ec7p h\u1ed9i Ki\u1ec3m \u0111\u1ecbnh Thi\u1ebft b\u1ecb Gas Nh\u1eadt B\u1ea3n (JIA).<\/li>\n<li>Ch\u1ee9c n\u0103ng m\u1edf nhanh: Cho ph\u00e9p \u0111\u00f3ng m\u1edf nhanh ch\u00f3ng, th\u00edch h\u1ee3p cho c\u00e1c \u1ee9ng d\u1ee5ng y\u00eau c\u1ea7u th\u1eddi gian ph\u1ea3n h\u1ed3i nhanh.<\/li>\n<\/ul>\n<h3 id=\"\">\u1ee8ng d\u1ee5ng<\/h3>\n<p>D\u00f2ng CKD VNA Series ph\u00f9 h\u1ee3p cho c\u00e1c h\u1ec7 th\u1ed1ng:<\/p>\n<ul>\n<li>L\u00f2 c\u00f4ng nghi\u1ec7p<\/li>\n<li>L\u00f2 h\u01a1i<\/li>\n<li>Thi\u1ebft b\u1ecb l\u00e0m m\u00e1t\/s\u01b0\u1edfi n\u01b0\u1edbc<\/li>\n<li>Thi\u1ebft b\u1ecb metan h\u00f3a<\/li>\n<li>Thi\u1ebft b\u1ecb chi\u1ebft xu\u1ea5t hydro<\/li>\n<\/ul>\n","protected":false},"excerpt":{"rendered":"<p>CKD VNA-50-L AC100V Van ng\u1eaft gas (m\u1edf nhanh) CKD VNA Series \u3010M\u1edaI\u3011Th\u00eam t\u00f9y ch\u1ecdn t\u01b0\u01a1ng th\u00edch v\u1edbi kh\u00ed hydro v\u00e0o ch\u1ea5t l\u00e0m vi\u1ec7c \u0111\u1ec3 \u0111\u1ea3m b\u1ea3o s\u1eed d\u1ee5ng v\u1edbi kh\u00ed hydro. \u0110\u1ec3 nh\u1eadn di\u1ec7n \u0111\u01b0\u1eddng d\u1eabn kh\u00ed hydro, m\u00e0u chuy\u00ean d\u1ee5ng (\u0111\u1ecf) \u0111\u01b0\u1ee3c s\u1eed d\u1ee5ng tr\u00ean n\u1eafp ch\u1ee5p v\u00e0 g\u1eafn&hellip; <\/p>\n","protected":false},"featured_media":4289,"comment_status":"open","ping_status":"closed","template":"","meta":{"om_disable_all_campaigns":false,"_monsterinsights_skip_tracking":false,"_monsterinsights_sitenote_active":false,"_monsterinsights_sitenote_note":"","_monsterinsights_sitenote_category":0},"product_cat":[800],"product_tag":[100,101,690],"class_list":{"0":"post-4288","1":"product","2":"type-product","3":"status-publish","4":"has-post-thumbnail","6":"product_cat-ckd","7":"product_tag-ckd-viet-nam","8":"product_tag-dai-ly-ckd-viet-nam","9":"product_tag-van-dien-tu","11":"first","12":"instock","13":"shipping-taxable","14":"product-type-simple"},"aioseo_notices":[],"yoast_head":"<!-- This site is optimized with the Yoast SEO plugin v22.8 - https:\/\/yoast.com\/wordpress\/plugins\/seo\/ -->\n<title>CKD VNA-50-L AC100V - OMANI VI\u1ec6T NAM<\/title>\n<meta name=\"description\" content=\"CKD VNA-50-L AC100V Solenoid Valve\" \/>\n<meta name=\"robots\" content=\"index, follow, max-snippet:-1, max-image-preview:large, max-video-preview:-1\" \/>\n<link rel=\"canonical\" href=\"https:\/\/sipin.com.vn\/index.php\/product\/ckd-vna-50-l-ac100v\/\" \/>\n<meta property=\"og:locale\" content=\"vi_VN\" \/>\n<meta property=\"og:type\" content=\"article\" \/>\n<meta property=\"og:title\" content=\"CKD VNA-50-L AC100V - OMANI VI\u1ec6T NAM\" \/>\n<meta property=\"og:description\" content=\"CKD VNA-50-L AC100V Solenoid Valve\" \/>\n<meta property=\"og:url\" content=\"https:\/\/sipin.com.vn\/index.php\/product\/ckd-vna-50-l-ac100v\/\" \/>\n<meta property=\"og:site_name\" content=\"OMANI VI\u1ec6T NAM\" \/>\n<meta property=\"og:image\" content=\"https:\/\/sipin.com.vn\/wp-content\/uploads\/2025\/08\/VNA-50-L-AC100V.png\" \/>\n\t<meta property=\"og:image:width\" content=\"668\" \/>\n\t<meta property=\"og:image:height\" content=\"458\" \/>\n\t<meta property=\"og:image:type\" content=\"image\/png\" \/>\n<meta name=\"twitter:card\" content=\"summary_large_image\" \/>\n<meta name=\"twitter:label1\" content=\"\u01af\u1edbc t\u00ednh th\u1eddi gian \u0111\u1ecdc\" \/>\n\t<meta name=\"twitter:data1\" content=\"3 ph\u00fat\" \/>\n<script type=\"application\/ld+json\" class=\"yoast-schema-graph\">{\"@context\":\"https:\/\/schema.org\",\"@graph\":[{\"@type\":\"WebPage\",\"@id\":\"https:\/\/sipin.com.vn\/index.php\/product\/ckd-vna-50-l-ac100v\/\",\"url\":\"https:\/\/sipin.com.vn\/index.php\/product\/ckd-vna-50-l-ac100v\/\",\"name\":\"CKD VNA-50-L AC100V - OMANI VI\u1ec6T NAM\",\"isPartOf\":{\"@id\":\"https:\/\/sipin.com.vn\/#website\"},\"primaryImageOfPage\":{\"@id\":\"https:\/\/sipin.com.vn\/index.php\/product\/ckd-vna-50-l-ac100v\/#primaryimage\"},\"image\":{\"@id\":\"https:\/\/sipin.com.vn\/index.php\/product\/ckd-vna-50-l-ac100v\/#primaryimage\"},\"thumbnailUrl\":\"https:\/\/sipin.com.vn\/wp-content\/uploads\/2025\/08\/VNA-50-L-AC100V.png\",\"datePublished\":\"2025-08-14T14:28:33+00:00\",\"dateModified\":\"2025-08-14T14:28:33+00:00\",\"description\":\"CKD VNA-50-L AC100V Solenoid Valve\",\"breadcrumb\":{\"@id\":\"https:\/\/sipin.com.vn\/index.php\/product\/ckd-vna-50-l-ac100v\/#breadcrumb\"},\"inLanguage\":\"vi\",\"potentialAction\":[{\"@type\":\"ReadAction\",\"target\":[\"https:\/\/sipin.com.vn\/index.php\/product\/ckd-vna-50-l-ac100v\/\"]}]},{\"@type\":\"ImageObject\",\"inLanguage\":\"vi\",\"@id\":\"https:\/\/sipin.com.vn\/index.php\/product\/ckd-vna-50-l-ac100v\/#primaryimage\",\"url\":\"https:\/\/sipin.com.vn\/wp-content\/uploads\/2025\/08\/VNA-50-L-AC100V.png\",\"contentUrl\":\"https:\/\/sipin.com.vn\/wp-content\/uploads\/2025\/08\/VNA-50-L-AC100V.png\",\"width\":668,\"height\":458},{\"@type\":\"BreadcrumbList\",\"@id\":\"https:\/\/sipin.com.vn\/index.php\/product\/ckd-vna-50-l-ac100v\/#breadcrumb\",\"itemListElement\":[{\"@type\":\"ListItem\",\"position\":1,\"name\":\"Home\",\"item\":\"https:\/\/sipin.com.vn\/\"},{\"@type\":\"ListItem\",\"position\":2,\"name\":\"S\u1ea2N PH\u1ea8M\",\"item\":\"https:\/\/sipin.com.vn\/index.php\/cua-hang\/\"},{\"@type\":\"ListItem\",\"position\":3,\"name\":\"CKD VNA-50-L AC100V\"}]},{\"@type\":\"WebSite\",\"@id\":\"https:\/\/sipin.com.vn\/#website\",\"url\":\"https:\/\/sipin.com.vn\/\",\"name\":\"OMANI VI\u1ec6T NAM\",\"description\":\"Nh\u00e0 ph\u00e2n ph\u1ed1i thi\u1ebft b\u1ecb kh\u00ed n\u00e9n v\u00e0 thi\u1ebft b\u1ecb t\u1ef1 \u0111\u1ed9ng h\u00f3a trong c\u00f4ng nghi\u1ec7p\",\"publisher\":{\"@id\":\"https:\/\/sipin.com.vn\/#\/schema\/person\/0ad398a980dc3fd696111c2c5c8fa897\"},\"potentialAction\":[{\"@type\":\"SearchAction\",\"target\":{\"@type\":\"EntryPoint\",\"urlTemplate\":\"https:\/\/sipin.com.vn\/?s={search_term_string}\"},\"query-input\":\"required name=search_term_string\"}],\"inLanguage\":\"vi\"},{\"@type\":[\"Person\",\"Organization\"],\"@id\":\"https:\/\/sipin.com.vn\/#\/schema\/person\/0ad398a980dc3fd696111c2c5c8fa897\",\"name\":\"Nguy\u1ec5n V\u0103n Kh\u00e1nh\",\"image\":{\"@type\":\"ImageObject\",\"inLanguage\":\"vi\",\"@id\":\"https:\/\/sipin.com.vn\/#\/schema\/person\/image\/\",\"url\":\"https:\/\/sipin.com.vn\/wp-content\/uploads\/2024\/06\/logo-1024x1024.png\",\"contentUrl\":\"https:\/\/sipin.com.vn\/wp-content\/uploads\/2024\/06\/logo-1024x1024.png\",\"width\":1024,\"height\":1024,\"caption\":\"Nguy\u1ec5n V\u0103n Kh\u00e1nh\"},\"logo\":{\"@id\":\"https:\/\/sipin.com.vn\/#\/schema\/person\/image\/\"},\"sameAs\":[\"https:\/\/sipin.com.vn\"]}]}<\/script>\n<!-- \/ Yoast SEO plugin. -->","yoast_head_json":{"title":"CKD VNA-50-L AC100V - OMANI VI\u1ec6T NAM","description":"CKD VNA-50-L AC100V Solenoid Valve","robots":{"index":"index","follow":"follow","max-snippet":"max-snippet:-1","max-image-preview":"max-image-preview:large","max-video-preview":"max-video-preview:-1"},"canonical":"https:\/\/sipin.com.vn\/index.php\/product\/ckd-vna-50-l-ac100v\/","og_locale":"vi_VN","og_type":"article","og_title":"CKD VNA-50-L AC100V - OMANI VI\u1ec6T NAM","og_description":"CKD VNA-50-L AC100V Solenoid Valve","og_url":"https:\/\/sipin.com.vn\/index.php\/product\/ckd-vna-50-l-ac100v\/","og_site_name":"OMANI VI\u1ec6T NAM","og_image":[{"width":668,"height":458,"url":"https:\/\/sipin.com.vn\/wp-content\/uploads\/2025\/08\/VNA-50-L-AC100V.png","type":"image\/png"}],"twitter_card":"summary_large_image","twitter_misc":{"\u01af\u1edbc t\u00ednh th\u1eddi gian \u0111\u1ecdc":"3 ph\u00fat"},"schema":{"@context":"https:\/\/schema.org","@graph":[{"@type":"WebPage","@id":"https:\/\/sipin.com.vn\/index.php\/product\/ckd-vna-50-l-ac100v\/","url":"https:\/\/sipin.com.vn\/index.php\/product\/ckd-vna-50-l-ac100v\/","name":"CKD VNA-50-L AC100V - OMANI VI\u1ec6T NAM","isPartOf":{"@id":"https:\/\/sipin.com.vn\/#website"},"primaryImageOfPage":{"@id":"https:\/\/sipin.com.vn\/index.php\/product\/ckd-vna-50-l-ac100v\/#primaryimage"},"image":{"@id":"https:\/\/sipin.com.vn\/index.php\/product\/ckd-vna-50-l-ac100v\/#primaryimage"},"thumbnailUrl":"https:\/\/sipin.com.vn\/wp-content\/uploads\/2025\/08\/VNA-50-L-AC100V.png","datePublished":"2025-08-14T14:28:33+00:00","dateModified":"2025-08-14T14:28:33+00:00","description":"CKD VNA-50-L AC100V Solenoid Valve","breadcrumb":{"@id":"https:\/\/sipin.com.vn\/index.php\/product\/ckd-vna-50-l-ac100v\/#breadcrumb"},"inLanguage":"vi","potentialAction":[{"@type":"ReadAction","target":["https:\/\/sipin.com.vn\/index.php\/product\/ckd-vna-50-l-ac100v\/"]}]},{"@type":"ImageObject","inLanguage":"vi","@id":"https:\/\/sipin.com.vn\/index.php\/product\/ckd-vna-50-l-ac100v\/#primaryimage","url":"https:\/\/sipin.com.vn\/wp-content\/uploads\/2025\/08\/VNA-50-L-AC100V.png","contentUrl":"https:\/\/sipin.com.vn\/wp-content\/uploads\/2025\/08\/VNA-50-L-AC100V.png","width":668,"height":458},{"@type":"BreadcrumbList","@id":"https:\/\/sipin.com.vn\/index.php\/product\/ckd-vna-50-l-ac100v\/#breadcrumb","itemListElement":[{"@type":"ListItem","position":1,"name":"Home","item":"https:\/\/sipin.com.vn\/"},{"@type":"ListItem","position":2,"name":"S\u1ea2N PH\u1ea8M","item":"https:\/\/sipin.com.vn\/index.php\/cua-hang\/"},{"@type":"ListItem","position":3,"name":"CKD VNA-50-L AC100V"}]},{"@type":"WebSite","@id":"https:\/\/sipin.com.vn\/#website","url":"https:\/\/sipin.com.vn\/","name":"OMANI VI\u1ec6T NAM","description":"Nh\u00e0 ph\u00e2n ph\u1ed1i thi\u1ebft b\u1ecb kh\u00ed n\u00e9n v\u00e0 thi\u1ebft b\u1ecb t\u1ef1 \u0111\u1ed9ng h\u00f3a trong c\u00f4ng nghi\u1ec7p","publisher":{"@id":"https:\/\/sipin.com.vn\/#\/schema\/person\/0ad398a980dc3fd696111c2c5c8fa897"},"potentialAction":[{"@type":"SearchAction","target":{"@type":"EntryPoint","urlTemplate":"https:\/\/sipin.com.vn\/?s={search_term_string}"},"query-input":"required name=search_term_string"}],"inLanguage":"vi"},{"@type":["Person","Organization"],"@id":"https:\/\/sipin.com.vn\/#\/schema\/person\/0ad398a980dc3fd696111c2c5c8fa897","name":"Nguy\u1ec5n V\u0103n Kh\u00e1nh","image":{"@type":"ImageObject","inLanguage":"vi","@id":"https:\/\/sipin.com.vn\/#\/schema\/person\/image\/","url":"https:\/\/sipin.com.vn\/wp-content\/uploads\/2024\/06\/logo-1024x1024.png","contentUrl":"https:\/\/sipin.com.vn\/wp-content\/uploads\/2024\/06\/logo-1024x1024.png","width":1024,"height":1024,"caption":"Nguy\u1ec5n V\u0103n Kh\u00e1nh"},"logo":{"@id":"https:\/\/sipin.com.vn\/#\/schema\/person\/image\/"},"sameAs":["https:\/\/sipin.com.vn"]}]}},"_links":{"self":[{"href":"https:\/\/sipin.com.vn\/index.php\/wp-json\/wp\/v2\/product\/4288","targetHints":{"allow":["GET"]}}],"collection":[{"href":"https:\/\/sipin.com.vn\/index.php\/wp-json\/wp\/v2\/product"}],"about":[{"href":"https:\/\/sipin.com.vn\/index.php\/wp-json\/wp\/v2\/types\/product"}],"replies":[{"embeddable":true,"href":"https:\/\/sipin.com.vn\/index.php\/wp-json\/wp\/v2\/comments?post=4288"}],"wp:featuredmedia":[{"embeddable":true,"href":"https:\/\/sipin.com.vn\/index.php\/wp-json\/wp\/v2\/media\/4289"}],"wp:attachment":[{"href":"https:\/\/sipin.com.vn\/index.php\/wp-json\/wp\/v2\/media?parent=4288"}],"wp:term":[{"taxonomy":"product_cat","embeddable":true,"href":"https:\/\/sipin.com.vn\/index.php\/wp-json\/wp\/v2\/product_cat?post=4288"},{"taxonomy":"product_tag","embeddable":true,"href":"https:\/\/sipin.com.vn\/index.php\/wp-json\/wp\/v2\/product_tag?post=4288"}],"curies":[{"name":"wp","href":"https:\/\/api.w.org\/{rel}","templated":true}]}}