{"id":4273,"date":"2025-08-11T20:50:05","date_gmt":"2025-08-11T13:50:05","guid":{"rendered":"https:\/\/sipin.com.vn\/?post_type=product&#038;p=4273"},"modified":"2025-08-11T20:50:05","modified_gmt":"2025-08-11T13:50:05","slug":"ckd-sca2-00-63b-75","status":"publish","type":"product","link":"https:\/\/sipin.com.vn\/index.php\/product\/ckd-sca2-00-63b-75\/","title":{"rendered":"CKD SCA2-00-63B-75"},"content":{"rendered":"<p>CKD SCA2-00-63B-75<\/p>\n<p>CKD SCA2-00-40B-800<\/p>\n<p>Cylinder Double Acting \/Single Rod with Switch (SCA2 Series)<\/p>\n<h3 class=\"SpecTable_specTitle__VZNox\">Basic Specifications<\/h3>\n<ul class=\"SpecTable_tableWrapper__TkrZl\">\n<li class=\"SpecTable_specItem__7O_PY\">\n<dl class=\"SpecTable_specTable__XNeik\">\n<dt class=\"SpecTable_specLabel__hvUFG\">Cylinder Operation Method Double Acting<\/dt>\n<\/dl>\n<\/li>\n<li class=\"SpecTable_specItem__7O_PY\">\n<dl class=\"SpecTable_specTable__XNeik\">\n<dt class=\"SpecTable_specLabel__hvUFG\">Rod Operation Method Single Rods<\/dt>\n<\/dl>\n<\/li>\n<li class=\"SpecTable_specItem__7O_PY\">\n<dl class=\"SpecTable_specTable__XNeik\">\n<dt class=\"SpecTable_specLabel__hvUFG\">Main Body Shape <span style=\"font-weight: 400;\">Standard<\/span><\/dt>\n<\/dl>\n<\/li>\n<li class=\"SpecTable_specItem__7O_PY\">\n<dl class=\"SpecTable_specTable__XNeik\">\n<dt class=\"SpecTable_specLabel__hvUFG\">Operating Temperature (\u00b0C) <span style=\"font-weight: 400;\">-10::60<\/span><\/dt>\n<\/dl>\n<\/li>\n<li class=\"SpecTable_specItem__7O_PY\">\n<dl class=\"SpecTable_specTable__XNeik\">\n<dt class=\"SpecTable_specLabel__hvUFG\">Operating Pressure (MPa) <span style=\"font-weight: 400;\">0.05MPa::1.0MPa<\/span><\/dt>\n<\/dl>\n<\/li>\n<li class=\"SpecTable_specItem__7O_PY\">\n<dl class=\"SpecTable_specTable__XNeik\">\n<dt class=\"SpecTable_specLabel__hvUFG\">Stroke tolerance (mm) <span style=\"font-weight: 400;\">+1.0~0<\/span><\/dt>\n<\/dl>\n<\/li>\n<li class=\"SpecTable_specItem__7O_PY\">\n<dl class=\"SpecTable_specTable__XNeik\">\n<dt class=\"SpecTable_specLabel__hvUFG\">Cushion <span style=\"font-weight: 400;\">Air cushion (both sides)<\/span><\/dt>\n<\/dl>\n<\/li>\n<li class=\"SpecTable_specItem__7O_PY\">\n<dl class=\"SpecTable_specTable__XNeik\">\n<dt class=\"SpecTable_specLabel__hvUFG\">Refueling <span style=\"font-weight: 400;\">Not required (use Turbine oil type 1 ISO VG32 when refueling)<\/span><\/dt>\n<\/dl>\n<\/li>\n<li class=\"SpecTable_specItem__7O_PY\">\n<dl class=\"SpecTable_specTable__XNeik\">\n<dt class=\"SpecTable_specLabel__hvUFG\">Operating fluid <span style=\"font-weight: 400;\">Compressed Air<\/span><\/dt>\n<\/dl>\n<\/li>\n<li class=\"SpecTable_specItem__7O_PY\">\n<dl class=\"SpecTable_specTable__XNeik\">\n<dt class=\"SpecTable_specLabel__hvUFG\">Proof pressure (Mpa) <span style=\"font-weight: 400;\">1.6<\/span><\/dt>\n<\/dl>\n<\/li>\n<li class=\"SpecTable_specItem__7O_PY\">\n<dl class=\"SpecTable_specTable__XNeik\">\n<dt class=\"SpecTable_specLabel__hvUFG\">Operating piston speed (mm\/s) <span style=\"font-weight: 400;\">50~1000<\/span><\/dt>\n<\/dl>\n<\/li>\n<li class=\"SpecTable_specItem__7O_PY\">\n<dl class=\"SpecTable_specTable__XNeik\">\n<dt class=\"SpecTable_specLabel__hvUFG\">Minimum Stroke (mm) <span style=\"font-weight: 400;\">1<\/span><\/dt>\n<\/dl>\n<\/li>\n<li class=\"SpecTable_specItem__7O_PY\">\n<dl class=\"SpecTable_specTable__XNeik\">\n<dt class=\"SpecTable_specLabel__hvUFG\">Classification <span style=\"font-weight: 400;\">No switch<\/span><\/dt>\n<\/dl>\n<\/li>\n<li class=\"SpecTable_specItem__7O_PY\">\n<dl class=\"SpecTable_specTable__XNeik\">\n<dt class=\"SpecTable_specLabel__hvUFG\">Option <span style=\"font-weight: 400;\">Cushion Needle Location R (Standard)<\/span><\/dt>\n<dt><\/dt>\n<\/dl>\n<\/li>\n<\/ul>\n<p>Xi lanh kh\u00ed CKD: SCA2-FA-50B-60-T0H-H<\/p>\n<p>Xi lanh kh\u00ed CKD: SCA2-FA-63B-50-RO-R\/Z<\/p>\n<p>Xi lanh kh\u00ed CKD: SCA2-FA-63B-600\/Z<\/p>\n<p>Xi lanh kh\u00ed CKD: SCA2-FA-63B-620-TOH5-D-Y\/Z<\/p>\n<p>Xi lanh kh\u00ed CKD: SCA2-FA-63B-650-R03-R\/Z<\/p>\n<p>Xi lanh kh\u00ed CKD: SCA2-FA-63B-650\/Z<\/p>\n<p>Xi lanh kh\u00ed CKD: SCA2-FA-63B-R03-R\/Z<\/p>\n<p>Xi lanh kh\u00ed CKD: SCA2-FA-80B-600-R03-R\/Z<\/p>\n<p>Xi lanh kh\u00ed CKD: SCA2-FA-80B-600\/Z<\/p>\n<p>Xi lanh kh\u00ed CKD: SCA2-FA-80B-650-R03-R\/Z<\/p>\n<p>Xi lanh kh\u00ed CKD: SCA2-FA-80B-650\/Z<\/p>\n<p>Xi lanh kh\u00ed CKD: SCA2-FB-40B-100<\/p>\n<p>Xi lanh kh\u00ed CKD: SCA2-FB-40B-100\/Z<\/p>\n<p>Xi lanh kh\u00ed CKD: SCA2-FB-63B-195-T0H5-D<\/p>\n<p>Xi lanh kh\u00ed CKD: SCA2-FB-63B-50<\/p>\n<p>Xi lanh kh\u00ed CKD: SCA2-FB-63B-600RO-D-Y<\/p>\n<p>Xi lanh kh\u00ed CKD: SCA2-FB-80B-50-R0-R\/Z<\/p>\n<p>Xi lanh kh\u00ed CKD: SCA2-H-100K<\/p>\n<p>Xi lanh kh\u00ed CKD: SCA2-H-80K<\/p>\n<p>Xi lanh kh\u00ed CKD: SCA2-LB-40B-100<\/p>\n<p>Xi lanh kh\u00ed CKD: SCA2-LB-50B-130<\/p>\n<p>Xi lanh kh\u00ed CKD: SCA2-LB40B40<\/p>\n<p>Xi lanh kh\u00ed CKD: SCA2-Q2-00-50B-75-H-SI<\/p>\n<p>Xi lanh kh\u00ed CKD: SCA2-Q2-TC-50B-200-H-ROB-D<\/p>\n<p>Xi lanh kh\u00ed CKD: SCA2-T-00-50B-150<\/p>\n<p>Xi lanh kh\u00ed CKD: SCA2-T-00-63B-60<\/p>\n<p>Xi lanh kh\u00ed CKD: SCA2-T-CA-63B-400\/Z<\/p>\n<p>Xi lanh kh\u00ed CKD: SCA2-T-OO-63B-1450<\/p>\n<p>Xi lanh kh\u00ed CKD: SCA2-T-TA-80B-100-Y<\/p>\n<p>Xi lanh kh\u00ed CKD: SCA2-T1-TC-100B-150<\/p>\n<p>Xi lanh kh\u00ed CKD: SCA2-TA-80B-300-Y<\/p>\n<p>Xi lanh kh\u00ed CKD: SCA2-TB-100B-25<\/p>\n<p>Xi lanh kh\u00ed CKD: SCA2-TC-40B-200\/Z<\/p>\n<p>Xi lanh kh\u00ed CKD: SCA2-TC-63B-150\/Z<\/p>\n<p>Xi lanh kh\u00ed CKD: SCA2-TC-80B-150<\/p>\n<p>Xi lanh kh\u00ed CKD: SCA2-TC-80B-200-TY<\/p>\n<p>Xi lanh CKD :SCA2-00-63B-200\/Z<\/p>\n<p>Xi lanh CKD :SCA2-00-63B-75\/Z<\/p>\n<p>Xi lanh CKD :SCA2-FA-63B-100\/Z<\/p>\n<p>Xi lanh CKD :SCA2-FA-40B-150\/Z<\/p>\n<p>Xi lanh CKD :SCA2-FA-40B-200\/Z<\/p>\n<p>Xi lanh CKD :SCA2-FA-40B-250\/Z<\/p>\n<p>Xi lanh CKD :SCA2-FA-40B-300\/Z<\/p>\n<p>Xi lanh CKD :SCA2-FA-40B-350\/Z<\/p>\n<p>Xi lanh CKD :SCA2-FA-40B-400\/Z<\/p>\n<p>Xi lanh CKD :SCA2-FB-40B-450\/Z<\/p>\n<p>Xi lanh CKD :SCA2-FB-40B-500\/Z<\/p>\n<p>Xi lanh CKD :SCA2-FB-40B-550\/Z<\/p>\n<p>Xi lanh CKD :SCA2-FB-40B-600\/Z<\/p>\n<p>Xi lanh CKD :SCA2-TC-40B-750\/Z<\/p>\n<p>Xi lanh CKD :SCA2-TC-40B-700\/Z<\/p>\n<p>Xi lanh CKD :SCA2-TC-40B-800\/Z<\/p>\n<p>Xi lanh CKD :SCA2-TC-40B-900\/Z<\/p>\n<p>Xi lanh CKD :SCA2-TC-40B-1000\/Z<\/p>\n<p>Xi lanh CKD :SCA2-FA-50B-150\/Z<\/p>\n<p>Xi lanh CKD :SCA2-FA-50B-200\/Z<\/p>\n<p>Xi lanh CKD :SCA2-FA-50B-250\/Z<\/p>\n<p>Xi lanh CKD :SCA2-FA-50B-300\/Z<\/p>\n<p>Xi lanh CKD :SCA2-FA-50B-350\/Z<\/p>\n<p>Xi lanh CKD :SCA2-FA-50B-400\/Z<\/p>\n<p>Xi lanh CKD :SCA2-FB-50B-450\/Z<\/p>\n<p>Xi lanh CKD :SCA2-FB-50B-500\/Z<\/p>\n<p>Xi lanh CKD :SCA2-FB-50B-550\/Z<\/p>\n<p>Xi lanh CKD :SCA2-FB-50B-600\/Z<\/p>\n<p>Xi lanh CKD :SCA2-TC-50B-750\/Z<\/p>\n<p>Xi lanh CKD :SCA2-TC-50B-700\/Z<\/p>\n<p>Xi lanh CKD :SCA2-TC-50B-800\/Z<\/p>\n<p>Xi lanh CKD :SCA2-TC-50B-900\/Z<\/p>\n<p>Xi lanh CKD :SCA2-TC-50B-1000\/Z<\/p>\n","protected":false},"excerpt":{"rendered":"<p>CKD SCA2-00-63B-75 CKD SCA2-00-40B-800 Cylinder Double Acting \/Single Rod with Switch (SCA2 Series) Basic Specifications Cylinder Operation Method Double Acting Rod Operation Method Single Rods Main Body Shape Standard Operating Temperature (\u00b0C) -10::60 Operating Pressure (MPa) 0.05MPa::1.0MPa Stroke tolerance (mm) +1.0~0 Cushion Air cushion (both sides) Refueling Not required (use&hellip; <\/p>\n","protected":false},"featured_media":4274,"comment_status":"open","ping_status":"closed","template":"","meta":{"om_disable_all_campaigns":false,"_monsterinsights_skip_tracking":false,"_monsterinsights_sitenote_active":false,"_monsterinsights_sitenote_note":"","_monsterinsights_sitenote_category":0},"product_cat":[800],"product_tag":[100,101,98],"class_list":{"0":"post-4273","1":"product","2":"type-product","3":"status-publish","4":"has-post-thumbnail","6":"product_cat-ckd","7":"product_tag-ckd-viet-nam","8":"product_tag-dai-ly-ckd-viet-nam","9":"product_tag-xy-lanh-khi","11":"first","12":"instock","13":"shipping-taxable","14":"product-type-simple"},"aioseo_notices":[],"yoast_head":"<!-- This site is optimized with the Yoast SEO plugin v22.8 - https:\/\/yoast.com\/wordpress\/plugins\/seo\/ -->\n<title>CKD SCA2-00-63B-75 - OMANI VI\u1ec6T NAM<\/title>\n<meta name=\"description\" content=\"CKD SCA2-00-63B-75 Cylinder\" \/>\n<meta name=\"robots\" content=\"index, follow, max-snippet:-1, max-image-preview:large, max-video-preview:-1\" \/>\n<link rel=\"canonical\" href=\"https:\/\/sipin.com.vn\/index.php\/product\/ckd-sca2-00-63b-75\/\" \/>\n<meta property=\"og:locale\" content=\"vi_VN\" \/>\n<meta property=\"og:type\" content=\"article\" \/>\n<meta property=\"og:title\" content=\"CKD SCA2-00-63B-75 - OMANI VI\u1ec6T NAM\" \/>\n<meta property=\"og:description\" content=\"CKD SCA2-00-63B-75 Cylinder\" \/>\n<meta property=\"og:url\" content=\"https:\/\/sipin.com.vn\/index.php\/product\/ckd-sca2-00-63b-75\/\" \/>\n<meta property=\"og:site_name\" content=\"OMANI VI\u1ec6T NAM\" \/>\n<meta property=\"og:image\" content=\"https:\/\/sipin.com.vn\/wp-content\/uploads\/2025\/08\/SCA2-00-63B-75-1.png\" \/>\n\t<meta property=\"og:image:width\" content=\"755\" \/>\n\t<meta property=\"og:image:height\" content=\"494\" \/>\n\t<meta property=\"og:image:type\" content=\"image\/png\" \/>\n<meta name=\"twitter:card\" content=\"summary_large_image\" \/>\n<meta name=\"twitter:label1\" content=\"\u01af\u1edbc t\u00ednh th\u1eddi gian \u0111\u1ecdc\" \/>\n\t<meta name=\"twitter:data1\" content=\"3 ph\u00fat\" \/>\n<script type=\"application\/ld+json\" class=\"yoast-schema-graph\">{\"@context\":\"https:\/\/schema.org\",\"@graph\":[{\"@type\":\"WebPage\",\"@id\":\"https:\/\/sipin.com.vn\/index.php\/product\/ckd-sca2-00-63b-75\/\",\"url\":\"https:\/\/sipin.com.vn\/index.php\/product\/ckd-sca2-00-63b-75\/\",\"name\":\"CKD SCA2-00-63B-75 - OMANI VI\u1ec6T NAM\",\"isPartOf\":{\"@id\":\"https:\/\/sipin.com.vn\/#website\"},\"primaryImageOfPage\":{\"@id\":\"https:\/\/sipin.com.vn\/index.php\/product\/ckd-sca2-00-63b-75\/#primaryimage\"},\"image\":{\"@id\":\"https:\/\/sipin.com.vn\/index.php\/product\/ckd-sca2-00-63b-75\/#primaryimage\"},\"thumbnailUrl\":\"https:\/\/sipin.com.vn\/wp-content\/uploads\/2025\/08\/SCA2-00-63B-75-1.png\",\"datePublished\":\"2025-08-11T13:50:05+00:00\",\"dateModified\":\"2025-08-11T13:50:05+00:00\",\"description\":\"CKD SCA2-00-63B-75 Cylinder\",\"breadcrumb\":{\"@id\":\"https:\/\/sipin.com.vn\/index.php\/product\/ckd-sca2-00-63b-75\/#breadcrumb\"},\"inLanguage\":\"vi\",\"potentialAction\":[{\"@type\":\"ReadAction\",\"target\":[\"https:\/\/sipin.com.vn\/index.php\/product\/ckd-sca2-00-63b-75\/\"]}]},{\"@type\":\"ImageObject\",\"inLanguage\":\"vi\",\"@id\":\"https:\/\/sipin.com.vn\/index.php\/product\/ckd-sca2-00-63b-75\/#primaryimage\",\"url\":\"https:\/\/sipin.com.vn\/wp-content\/uploads\/2025\/08\/SCA2-00-63B-75-1.png\",\"contentUrl\":\"https:\/\/sipin.com.vn\/wp-content\/uploads\/2025\/08\/SCA2-00-63B-75-1.png\",\"width\":755,\"height\":494},{\"@type\":\"BreadcrumbList\",\"@id\":\"https:\/\/sipin.com.vn\/index.php\/product\/ckd-sca2-00-63b-75\/#breadcrumb\",\"itemListElement\":[{\"@type\":\"ListItem\",\"position\":1,\"name\":\"Home\",\"item\":\"https:\/\/sipin.com.vn\/\"},{\"@type\":\"ListItem\",\"position\":2,\"name\":\"S\u1ea2N PH\u1ea8M\",\"item\":\"https:\/\/sipin.com.vn\/index.php\/cua-hang\/\"},{\"@type\":\"ListItem\",\"position\":3,\"name\":\"CKD SCA2-00-63B-75\"}]},{\"@type\":\"WebSite\",\"@id\":\"https:\/\/sipin.com.vn\/#website\",\"url\":\"https:\/\/sipin.com.vn\/\",\"name\":\"OMANI VI\u1ec6T NAM\",\"description\":\"Nh\u00e0 ph\u00e2n ph\u1ed1i thi\u1ebft b\u1ecb kh\u00ed n\u00e9n v\u00e0 thi\u1ebft b\u1ecb t\u1ef1 \u0111\u1ed9ng h\u00f3a trong c\u00f4ng nghi\u1ec7p\",\"publisher\":{\"@id\":\"https:\/\/sipin.com.vn\/#\/schema\/person\/0ad398a980dc3fd696111c2c5c8fa897\"},\"potentialAction\":[{\"@type\":\"SearchAction\",\"target\":{\"@type\":\"EntryPoint\",\"urlTemplate\":\"https:\/\/sipin.com.vn\/?s={search_term_string}\"},\"query-input\":\"required name=search_term_string\"}],\"inLanguage\":\"vi\"},{\"@type\":[\"Person\",\"Organization\"],\"@id\":\"https:\/\/sipin.com.vn\/#\/schema\/person\/0ad398a980dc3fd696111c2c5c8fa897\",\"name\":\"Nguy\u1ec5n V\u0103n Kh\u00e1nh\",\"image\":{\"@type\":\"ImageObject\",\"inLanguage\":\"vi\",\"@id\":\"https:\/\/sipin.com.vn\/#\/schema\/person\/image\/\",\"url\":\"https:\/\/sipin.com.vn\/wp-content\/uploads\/2024\/06\/logo-1024x1024.png\",\"contentUrl\":\"https:\/\/sipin.com.vn\/wp-content\/uploads\/2024\/06\/logo-1024x1024.png\",\"width\":1024,\"height\":1024,\"caption\":\"Nguy\u1ec5n V\u0103n Kh\u00e1nh\"},\"logo\":{\"@id\":\"https:\/\/sipin.com.vn\/#\/schema\/person\/image\/\"},\"sameAs\":[\"https:\/\/sipin.com.vn\"]}]}<\/script>\n<!-- \/ Yoast SEO plugin. -->","yoast_head_json":{"title":"CKD SCA2-00-63B-75 - OMANI VI\u1ec6T NAM","description":"CKD SCA2-00-63B-75 Cylinder","robots":{"index":"index","follow":"follow","max-snippet":"max-snippet:-1","max-image-preview":"max-image-preview:large","max-video-preview":"max-video-preview:-1"},"canonical":"https:\/\/sipin.com.vn\/index.php\/product\/ckd-sca2-00-63b-75\/","og_locale":"vi_VN","og_type":"article","og_title":"CKD SCA2-00-63B-75 - OMANI VI\u1ec6T NAM","og_description":"CKD SCA2-00-63B-75 Cylinder","og_url":"https:\/\/sipin.com.vn\/index.php\/product\/ckd-sca2-00-63b-75\/","og_site_name":"OMANI VI\u1ec6T NAM","og_image":[{"width":755,"height":494,"url":"https:\/\/sipin.com.vn\/wp-content\/uploads\/2025\/08\/SCA2-00-63B-75-1.png","type":"image\/png"}],"twitter_card":"summary_large_image","twitter_misc":{"\u01af\u1edbc t\u00ednh th\u1eddi gian \u0111\u1ecdc":"3 ph\u00fat"},"schema":{"@context":"https:\/\/schema.org","@graph":[{"@type":"WebPage","@id":"https:\/\/sipin.com.vn\/index.php\/product\/ckd-sca2-00-63b-75\/","url":"https:\/\/sipin.com.vn\/index.php\/product\/ckd-sca2-00-63b-75\/","name":"CKD SCA2-00-63B-75 - OMANI VI\u1ec6T NAM","isPartOf":{"@id":"https:\/\/sipin.com.vn\/#website"},"primaryImageOfPage":{"@id":"https:\/\/sipin.com.vn\/index.php\/product\/ckd-sca2-00-63b-75\/#primaryimage"},"image":{"@id":"https:\/\/sipin.com.vn\/index.php\/product\/ckd-sca2-00-63b-75\/#primaryimage"},"thumbnailUrl":"https:\/\/sipin.com.vn\/wp-content\/uploads\/2025\/08\/SCA2-00-63B-75-1.png","datePublished":"2025-08-11T13:50:05+00:00","dateModified":"2025-08-11T13:50:05+00:00","description":"CKD SCA2-00-63B-75 Cylinder","breadcrumb":{"@id":"https:\/\/sipin.com.vn\/index.php\/product\/ckd-sca2-00-63b-75\/#breadcrumb"},"inLanguage":"vi","potentialAction":[{"@type":"ReadAction","target":["https:\/\/sipin.com.vn\/index.php\/product\/ckd-sca2-00-63b-75\/"]}]},{"@type":"ImageObject","inLanguage":"vi","@id":"https:\/\/sipin.com.vn\/index.php\/product\/ckd-sca2-00-63b-75\/#primaryimage","url":"https:\/\/sipin.com.vn\/wp-content\/uploads\/2025\/08\/SCA2-00-63B-75-1.png","contentUrl":"https:\/\/sipin.com.vn\/wp-content\/uploads\/2025\/08\/SCA2-00-63B-75-1.png","width":755,"height":494},{"@type":"BreadcrumbList","@id":"https:\/\/sipin.com.vn\/index.php\/product\/ckd-sca2-00-63b-75\/#breadcrumb","itemListElement":[{"@type":"ListItem","position":1,"name":"Home","item":"https:\/\/sipin.com.vn\/"},{"@type":"ListItem","position":2,"name":"S\u1ea2N PH\u1ea8M","item":"https:\/\/sipin.com.vn\/index.php\/cua-hang\/"},{"@type":"ListItem","position":3,"name":"CKD SCA2-00-63B-75"}]},{"@type":"WebSite","@id":"https:\/\/sipin.com.vn\/#website","url":"https:\/\/sipin.com.vn\/","name":"OMANI VI\u1ec6T NAM","description":"Nh\u00e0 ph\u00e2n ph\u1ed1i thi\u1ebft b\u1ecb kh\u00ed n\u00e9n v\u00e0 thi\u1ebft b\u1ecb t\u1ef1 \u0111\u1ed9ng h\u00f3a trong c\u00f4ng nghi\u1ec7p","publisher":{"@id":"https:\/\/sipin.com.vn\/#\/schema\/person\/0ad398a980dc3fd696111c2c5c8fa897"},"potentialAction":[{"@type":"SearchAction","target":{"@type":"EntryPoint","urlTemplate":"https:\/\/sipin.com.vn\/?s={search_term_string}"},"query-input":"required name=search_term_string"}],"inLanguage":"vi"},{"@type":["Person","Organization"],"@id":"https:\/\/sipin.com.vn\/#\/schema\/person\/0ad398a980dc3fd696111c2c5c8fa897","name":"Nguy\u1ec5n V\u0103n Kh\u00e1nh","image":{"@type":"ImageObject","inLanguage":"vi","@id":"https:\/\/sipin.com.vn\/#\/schema\/person\/image\/","url":"https:\/\/sipin.com.vn\/wp-content\/uploads\/2024\/06\/logo-1024x1024.png","contentUrl":"https:\/\/sipin.com.vn\/wp-content\/uploads\/2024\/06\/logo-1024x1024.png","width":1024,"height":1024,"caption":"Nguy\u1ec5n V\u0103n Kh\u00e1nh"},"logo":{"@id":"https:\/\/sipin.com.vn\/#\/schema\/person\/image\/"},"sameAs":["https:\/\/sipin.com.vn"]}]}},"_links":{"self":[{"href":"https:\/\/sipin.com.vn\/index.php\/wp-json\/wp\/v2\/product\/4273","targetHints":{"allow":["GET"]}}],"collection":[{"href":"https:\/\/sipin.com.vn\/index.php\/wp-json\/wp\/v2\/product"}],"about":[{"href":"https:\/\/sipin.com.vn\/index.php\/wp-json\/wp\/v2\/types\/product"}],"replies":[{"embeddable":true,"href":"https:\/\/sipin.com.vn\/index.php\/wp-json\/wp\/v2\/comments?post=4273"}],"wp:featuredmedia":[{"embeddable":true,"href":"https:\/\/sipin.com.vn\/index.php\/wp-json\/wp\/v2\/media\/4274"}],"wp:attachment":[{"href":"https:\/\/sipin.com.vn\/index.php\/wp-json\/wp\/v2\/media?parent=4273"}],"wp:term":[{"taxonomy":"product_cat","embeddable":true,"href":"https:\/\/sipin.com.vn\/index.php\/wp-json\/wp\/v2\/product_cat?post=4273"},{"taxonomy":"product_tag","embeddable":true,"href":"https:\/\/sipin.com.vn\/index.php\/wp-json\/wp\/v2\/product_tag?post=4273"}],"curies":[{"name":"wp","href":"https:\/\/api.w.org\/{rel}","templated":true}]}}